{"id":62365,"date":"2025-04-14T08:57:14","date_gmt":"2025-04-14T05:57:14","guid":{"rendered":"https:\/\/reginett.ee\/?post_type=product&#038;p=62365"},"modified":"2025-07-02T09:02:59","modified_gmt":"2025-07-02T06:02:59","slug":"raider-husqvarna-216tc-awd-limited-edition","status":"publish","type":"product","link":"https:\/\/reginett.ee\/ru\/toode\/raider-husqvarna-216tc-awd-limited-edition\/","title":{"rendered":"Raider Husqvarna 216TC AWD Limited Edition"},"content":{"rendered":"<p><strong>Raider Husqvarna 216TC AWD<\/strong> Limited Edition on nelikveoline raider, mis on loodud selleks, et tulla h\u00f5lpsasti toime suurte ja keeruliste muruplatsidega.<\/p>\n<p><strong>103 cm CombiClip\u00ae l\u00f5ikeorgan kuulub komplekti!<\/strong><\/p>\n<p><strong>Husqvarna raider R\u202f216TC AWD Limited Edition<\/strong> t\u00e4histab 20 aastast raideri kontseptsiooni turul, pakkudesa mugavust suurendavaid funktsioone ning stiilset mustade velgedega disaini. Nelikvedu kohandab automaatselt veoj\u00f5udu vastavalt erinevatele pinnaseoludele, n\u00e4iteks libedatele v\u00f5i kallakutega aladel, samas kui liigendraam v\u00f5imaldab j\u00e4rskeid p\u00f6\u00f6rdeid. Varustatud kahesilindrilise mootori ja 103 cm laiusega l\u00f5ikekorpusega, mis pakub kahte niidufunktsiooni &#8212; BioClip\u00ae muru v\u00e4etamiseks ja taha v\u00e4ljaviskega niitmine k\u00f5rgema ja tihedama muru l\u00f5ikamiseks.<\/p>\n<p>Lai valik Husqvarna lisaseadmeid, nagu hari, lumesahk jne., teevad sellest raiderist ideaalse valiku mitmek\u00fclgseks, aastaringseks t\u00f6\u00f6ks.<\/p>\n<h3 class=\"feature-name hui-spacing--sm-mt-4-times-6 WLwtnNxco1C4cPugKSaO0g==\">Maapinda kopeeriv tagasild<\/h3>\n<p class=\"hui-spacing--sm-mt-4-times-4 K2PbruRyOKhyQZiENIYSog==\">Husqvarna 216TC AWD Limited Edition raideril on maapinda kopeeriv tagasild tagab parimad s\u00f5iduomadused ka ebatasasel pinnal.<\/p>\n<h3 class=\"feature-name hui-spacing--sm-mt-4-times-6 WLwtnNxco1C4cPugKSaO0g==\">Reguleeritav rool<\/h3>\n<p class=\"hui-spacing--sm-mt-4-times-4 K2PbruRyOKhyQZiENIYSog==\">Suurep\u00e4rase ergonoomika ja mugavuse tagamiseks saab rooli k\u00f5rgust reguleerida teleskoop-roolisambaga.<\/p>\n<h3 class=\"feature-name hui-spacing--sm-mt-4-times-6 WLwtnNxco1C4cPugKSaO0g==\">Tunnilugeja<\/h3>\n<p class=\"hui-spacing--sm-mt-4-times-4 K2PbruRyOKhyQZiENIYSog==\">Tunniarvesti t\u00f6\u00f6aja ning teenindus- ja hooldusintervallide lihtsaks kontrollimiseks.<\/p>\n<h3 class=\"feature-name hui-spacing--sm-mt-4-times-6 WLwtnNxco1C4cPugKSaO0g==\">Pedaaliga juhitav h\u00fcdrostaatiline j\u00f5u\u00fclekanne<\/h3>\n<p class=\"hui-spacing--sm-mt-4-times-4 K2PbruRyOKhyQZiENIYSog==\">Pedaaliga juhitav h\u00fcdrostaatiline j\u00f5u\u00fclekanne \u2013 s\u00f5idusuunda ja -kiirust reguleeritakse pedaalidega, t\u00e4nu millele on m\u00f5lemad k\u00e4ed vabad rooli keeramiseks.<\/p>\n<h3 class=\"feature-name hui-spacing--sm-mt-4-times-6 WLwtnNxco1C4cPugKSaO0g==\">Combi l\u00f5ikekorpus<\/h3>\n<p class=\"hui-spacing--sm-mt-4-times-4 K2PbruRyOKhyQZiENIYSog==\">Combi-l\u00f5ikekorpus v\u00f5imaldab vastavalt tingimustele valida kahe l\u00f5ikes\u00fcsteemi vahel. Vastavalt vajadusele saate valida BioClip\u00ae muru v\u00e4etamiseks v\u00f5i tagantv\u00e4ljaviske kohtadesse, kus rohi on k\u00f5rgem ja tugevam.<\/p>\n<h3 class=\"feature-name hui-spacing--sm-mt-4-times-6 WLwtnNxco1C4cPugKSaO0g==\">Keskliigendiga roolimehhanism<\/h3>\n<p class=\"hui-spacing--sm-mt-4-times-4 K2PbruRyOKhyQZiENIYSog==\">Liigendiga roolis\u00fcsteem tagab Husqvarna 216TC AWD Limited Edition raideri hea man\u00f6\u00f6vedusv\u00f5ime ja h\u00f5lbustab takistuste (nt puude ning p\u00f5\u00f5saste) v\u00e4ltimist. Kuna tagumine rattapaar v\u00f5ib masina all k\u00f5ikuda, muutub p\u00f6\u00f6rderaadius t\u00e4ieliku lukustuse korral minimaalseks.<\/p>\n","protected":false},"excerpt":{"rendered":"<p><strong>Raider Husqvarna 216TC AWD<\/strong> Limited Edition on nelikveoline raider, mis on loodud selleks, et tulla h\u00f5lpsasti toime suurte ja keeruliste muruplatsidega.<\/p>\n<p><strong>103 cm CombiClip\u00ae l\u00f5ikeorgan kuulub komplekti!<\/strong><\/p>\n","protected":false},"featured_media":62366,"comment_status":"open","ping_status":"closed","template":"","meta":{"_acf_changed":false,"_et_pb_use_builder":"","_et_pb_old_content":"","_et_gb_content_width":"","inline_featured_image":false},"pwb-brand":[147],"product_brand":[],"product_cat":[56],"product_tag":[711],"class_list":{"0":"post-62365","1":"product","2":"type-product","3":"status-publish","4":"has-post-thumbnail","6":"pwb-brand-husqvarna","7":"product_cat-raiderid","8":"product_tag-husqvarna-r-216tc-awd-limited-edition","9":"product_shipping_class-rasked-asjad","11":"first","12":"instock","13":"shipping-taxable","14":"purchasable","15":"product-type-simple"},"acf":[],"yoast_head":"<!-- This site is optimized with the Yoast SEO plugin v26.6 - https:\/\/yoast.com\/wordpress\/plugins\/seo\/ -->\n<title>Raider Husqvarna 216TC AWD Limited Edition<\/title>\n<meta name=\"description\" content=\"Raider Husqvarna 216TC AWD Limited Edition on nelikveoline raider, mis on loodud selleks, et tulla h\u00f5lpsasti toime suurte ja keeruliste muruplatsidega.\" \/>\n<meta name=\"robots\" content=\"index, follow, max-snippet:-1, max-image-preview:large, max-video-preview:-1\" \/>\n<link rel=\"canonical\" href=\"https:\/\/reginett.ee\/toode\/raider-husqvarna-216tc-awd-limited-edition\/\" \/>\n<meta property=\"og:locale\" content=\"ru_RU\" \/>\n<meta property=\"og:type\" content=\"article\" \/>\n<meta property=\"og:title\" content=\"Raider Husqvarna 216TC AWD Limited Edition\" \/>\n<meta property=\"og:description\" content=\"Raider Husqvarna 216TC AWD Limited Edition on nelikveoline raider, mis on loodud selleks, et tulla h\u00f5lpsasti toime suurte ja keeruliste muruplatsidega.\" \/>\n<meta property=\"og:url\" content=\"https:\/\/reginett.ee\/toode\/raider-husqvarna-216tc-awd-limited-edition\/\" \/>\n<meta property=\"og:site_name\" content=\"Reginett\" \/>\n<meta property=\"article:modified_time\" content=\"2025-07-02T06:02:59+00:00\" \/>\n<meta property=\"og:image\" content=\"https:\/\/reginett.ee\/wp-content\/uploads\/2025\/04\/CE-019895-1.webp\" \/>\n\t<meta property=\"og:image:width\" content=\"562\" \/>\n\t<meta property=\"og:image:height\" content=\"372\" \/>\n\t<meta property=\"og:image:type\" content=\"image\/webp\" \/>\n<meta name=\"twitter:card\" content=\"summary_large_image\" \/>\n<meta name=\"twitter:label1\" content=\"\u041f\u0440\u0438\u043c\u0435\u0440\u043d\u043e\u0435 \u0432\u0440\u0435\u043c\u044f \u0434\u043b\u044f \u0447\u0442\u0435\u043d\u0438\u044f\" \/>\n\t<meta name=\"twitter:data1\" content=\"2 \u043c\u0438\u043d\u0443\u0442\u044b\" \/>\n<script type=\"application\/ld+json\" class=\"yoast-schema-graph\">{\"@context\":\"https:\/\/schema.org\",\"@graph\":[{\"@type\":\"WebPage\",\"@id\":\"https:\/\/reginett.ee\/toode\/raider-husqvarna-216tc-awd-limited-edition\/\",\"url\":\"https:\/\/reginett.ee\/toode\/raider-husqvarna-216tc-awd-limited-edition\/\",\"name\":\"Raider Husqvarna 216TC AWD Limited Edition\",\"isPartOf\":{\"@id\":\"https:\/\/reginett.ee\/#website\"},\"primaryImageOfPage\":{\"@id\":\"https:\/\/reginett.ee\/toode\/raider-husqvarna-216tc-awd-limited-edition\/#primaryimage\"},\"image\":{\"@id\":\"https:\/\/reginett.ee\/toode\/raider-husqvarna-216tc-awd-limited-edition\/#primaryimage\"},\"thumbnailUrl\":\"https:\/\/reginett.ee\/wp-content\/uploads\/2025\/04\/CE-019895-1.webp\",\"datePublished\":\"2025-04-14T05:57:14+00:00\",\"dateModified\":\"2025-07-02T06:02:59+00:00\",\"description\":\"Raider Husqvarna 216TC AWD Limited Edition on nelikveoline raider, mis on loodud selleks, et tulla h\u00f5lpsasti toime suurte ja keeruliste muruplatsidega.\",\"breadcrumb\":{\"@id\":\"https:\/\/reginett.ee\/toode\/raider-husqvarna-216tc-awd-limited-edition\/#breadcrumb\"},\"inLanguage\":\"ru-RU\",\"potentialAction\":[{\"@type\":\"ReadAction\",\"target\":[\"https:\/\/reginett.ee\/toode\/raider-husqvarna-216tc-awd-limited-edition\/\"]}]},{\"@type\":\"ImageObject\",\"inLanguage\":\"ru-RU\",\"@id\":\"https:\/\/reginett.ee\/toode\/raider-husqvarna-216tc-awd-limited-edition\/#primaryimage\",\"url\":\"https:\/\/reginett.ee\/wp-content\/uploads\/2025\/04\/CE-019895-1.webp\",\"contentUrl\":\"https:\/\/reginett.ee\/wp-content\/uploads\/2025\/04\/CE-019895-1.webp\",\"width\":562,\"height\":372,\"caption\":\"Husqvarna R\u202f216TC AWD Limited Edition\"},{\"@type\":\"BreadcrumbList\",\"@id\":\"https:\/\/reginett.ee\/toode\/raider-husqvarna-216tc-awd-limited-edition\/#breadcrumb\",\"itemListElement\":[{\"@type\":\"ListItem\",\"position\":1,\"name\":\"Home\",\"item\":\"https:\/\/reginett.ee\/ru\/\"},{\"@type\":\"ListItem\",\"position\":2,\"name\":\"Tooted\",\"item\":\"https:\/\/reginett.ee\/tooted\/\"},{\"@type\":\"ListItem\",\"position\":3,\"name\":\"Raider Husqvarna 216TC AWD Limited Edition\"}]},{\"@type\":\"WebSite\",\"@id\":\"https:\/\/reginett.ee\/#website\",\"url\":\"https:\/\/reginett.ee\/\",\"name\":\"Reginett\",\"description\":\"Parimad robotniidukid\",\"potentialAction\":[{\"@type\":\"SearchAction\",\"target\":{\"@type\":\"EntryPoint\",\"urlTemplate\":\"https:\/\/reginett.ee\/?s={search_term_string}\"},\"query-input\":{\"@type\":\"PropertyValueSpecification\",\"valueRequired\":true,\"valueName\":\"search_term_string\"}}],\"inLanguage\":\"ru-RU\"}]}<\/script>\n<!-- \/ Yoast SEO plugin. -->","yoast_head_json":{"title":"Raider Husqvarna 216TC AWD Limited Edition","description":"Raider Husqvarna 216TC AWD Limited Edition on nelikveoline raider, mis on loodud selleks, et tulla h\u00f5lpsasti toime suurte ja keeruliste muruplatsidega.","robots":{"index":"index","follow":"follow","max-snippet":"max-snippet:-1","max-image-preview":"max-image-preview:large","max-video-preview":"max-video-preview:-1"},"canonical":"https:\/\/reginett.ee\/toode\/raider-husqvarna-216tc-awd-limited-edition\/","og_locale":"ru_RU","og_type":"article","og_title":"Raider Husqvarna 216TC AWD Limited Edition","og_description":"Raider Husqvarna 216TC AWD Limited Edition on nelikveoline raider, mis on loodud selleks, et tulla h\u00f5lpsasti toime suurte ja keeruliste muruplatsidega.","og_url":"https:\/\/reginett.ee\/toode\/raider-husqvarna-216tc-awd-limited-edition\/","og_site_name":"Reginett","article_modified_time":"2025-07-02T06:02:59+00:00","og_image":[{"width":562,"height":372,"url":"https:\/\/reginett.ee\/wp-content\/uploads\/2025\/04\/CE-019895-1.webp","type":"image\/webp"}],"twitter_card":"summary_large_image","twitter_misc":{"\u041f\u0440\u0438\u043c\u0435\u0440\u043d\u043e\u0435 \u0432\u0440\u0435\u043c\u044f \u0434\u043b\u044f \u0447\u0442\u0435\u043d\u0438\u044f":"2 \u043c\u0438\u043d\u0443\u0442\u044b"},"schema":{"@context":"https:\/\/schema.org","@graph":[{"@type":"WebPage","@id":"https:\/\/reginett.ee\/toode\/raider-husqvarna-216tc-awd-limited-edition\/","url":"https:\/\/reginett.ee\/toode\/raider-husqvarna-216tc-awd-limited-edition\/","name":"Raider Husqvarna 216TC AWD Limited Edition","isPartOf":{"@id":"https:\/\/reginett.ee\/#website"},"primaryImageOfPage":{"@id":"https:\/\/reginett.ee\/toode\/raider-husqvarna-216tc-awd-limited-edition\/#primaryimage"},"image":{"@id":"https:\/\/reginett.ee\/toode\/raider-husqvarna-216tc-awd-limited-edition\/#primaryimage"},"thumbnailUrl":"https:\/\/reginett.ee\/wp-content\/uploads\/2025\/04\/CE-019895-1.webp","datePublished":"2025-04-14T05:57:14+00:00","dateModified":"2025-07-02T06:02:59+00:00","description":"Raider Husqvarna 216TC AWD Limited Edition on nelikveoline raider, mis on loodud selleks, et tulla h\u00f5lpsasti toime suurte ja keeruliste muruplatsidega.","breadcrumb":{"@id":"https:\/\/reginett.ee\/toode\/raider-husqvarna-216tc-awd-limited-edition\/#breadcrumb"},"inLanguage":"ru-RU","potentialAction":[{"@type":"ReadAction","target":["https:\/\/reginett.ee\/toode\/raider-husqvarna-216tc-awd-limited-edition\/"]}]},{"@type":"ImageObject","inLanguage":"ru-RU","@id":"https:\/\/reginett.ee\/toode\/raider-husqvarna-216tc-awd-limited-edition\/#primaryimage","url":"https:\/\/reginett.ee\/wp-content\/uploads\/2025\/04\/CE-019895-1.webp","contentUrl":"https:\/\/reginett.ee\/wp-content\/uploads\/2025\/04\/CE-019895-1.webp","width":562,"height":372,"caption":"Husqvarna R\u202f216TC AWD Limited Edition"},{"@type":"BreadcrumbList","@id":"https:\/\/reginett.ee\/toode\/raider-husqvarna-216tc-awd-limited-edition\/#breadcrumb","itemListElement":[{"@type":"ListItem","position":1,"name":"Home","item":"https:\/\/reginett.ee\/ru\/"},{"@type":"ListItem","position":2,"name":"Tooted","item":"https:\/\/reginett.ee\/tooted\/"},{"@type":"ListItem","position":3,"name":"Raider Husqvarna 216TC AWD Limited Edition"}]},{"@type":"WebSite","@id":"https:\/\/reginett.ee\/#website","url":"https:\/\/reginett.ee\/","name":"Reginett","description":"Parimad robotniidukid","potentialAction":[{"@type":"SearchAction","target":{"@type":"EntryPoint","urlTemplate":"https:\/\/reginett.ee\/?s={search_term_string}"},"query-input":{"@type":"PropertyValueSpecification","valueRequired":true,"valueName":"search_term_string"}}],"inLanguage":"ru-RU"}]}},"brands":[{"id":147,"name":"Husqvarna","slug":"husqvarna"}],"_links":{"self":[{"href":"https:\/\/reginett.ee\/ru\/wp-json\/wp\/v2\/product\/62365","targetHints":{"allow":["GET"]}}],"collection":[{"href":"https:\/\/reginett.ee\/ru\/wp-json\/wp\/v2\/product"}],"about":[{"href":"https:\/\/reginett.ee\/ru\/wp-json\/wp\/v2\/types\/product"}],"replies":[{"embeddable":true,"href":"https:\/\/reginett.ee\/ru\/wp-json\/wp\/v2\/comments?post=62365"}],"wp:featuredmedia":[{"embeddable":true,"href":"https:\/\/reginett.ee\/ru\/wp-json\/wp\/v2\/media\/62366"}],"wp:attachment":[{"href":"https:\/\/reginett.ee\/ru\/wp-json\/wp\/v2\/media?parent=62365"}],"wp:term":[{"taxonomy":"pwb-brand","embeddable":true,"href":"https:\/\/reginett.ee\/ru\/wp-json\/wp\/v2\/pwb-brand?post=62365"},{"taxonomy":"product_brand","embeddable":true,"href":"https:\/\/reginett.ee\/ru\/wp-json\/wp\/v2\/product_brand?post=62365"},{"taxonomy":"product_cat","embeddable":true,"href":"https:\/\/reginett.ee\/ru\/wp-json\/wp\/v2\/product_cat?post=62365"},{"taxonomy":"product_tag","embeddable":true,"href":"https:\/\/reginett.ee\/ru\/wp-json\/wp\/v2\/product_tag?post=62365"}],"curies":[{"name":"wp","href":"https:\/\/api.w.org\/{rel}","templated":true}]}}