{"id":62329,"date":"2025-07-25T14:10:28","date_gmt":"2025-07-25T11:10:28","guid":{"rendered":"https:\/\/reginett.ee\/?post_type=product&#038;p=62329"},"modified":"2026-04-02T12:13:33","modified_gmt":"2026-04-02T09:13:33","slug":"nullpoorderaadiusega-niiduk-toro-timecutter-mr5075t-kawasaki","status":"publish","type":"product","link":"https:\/\/reginett.ee\/ru\/toode\/nullpoorderaadiusega-niiduk-toro-timecutter-mr5075t-kawasaki\/","title":{"rendered":"Nullp\u00f6\u00f6rderaadiusega niiduk TORO TimeCutter MR5075T KAWASAKI"},"content":{"rendered":"<p><strong>TORO MX5075T Timecutter<\/strong> on v\u00f5imas kahesilindrilise Kawasaki V-twin mootoriga nullp\u00f6\u00f6rderaadiusega muruniitja. Nullp\u00f6\u00f6rderaadius aitab kiirendada muru niitmist kuni 45 % v\u00f5rreldes tavalise murutraktoriga. 24,5 hobuj\u00f5udu annab k\u00fcllaldase v\u00f5imsuse ka keerulisemates niitmisoludes. Istme vedrustus aitab juhti istmel paigal hoida, kui liiklemine toimub ebatasasel maastikul. Istumist on veelgi pehmendatud unikaalse seadistatava vedrustusega.<\/p>\n<p>Keevis &#8212; l\u00f5ikekorpus, k\u00fclgv\u00e4ljavise v\u00f5i mult\u0161. Smart Speed s\u00fcsteem aitab man\u00f6\u00f6verdada t\u00e4psust n\u00f5udvates situatsioonides v\u00e4ikese kiirusega.<\/p>\n<h3><strong>MyRIDE vedrustuss\u00fcsteem<\/strong><\/h3>\n<p>Kaitske oma keha karmi maastiku eest ja v\u00e4ltige aeglast niitmist, kasutades MyRIDE vedrustuss\u00fcsteemi. T\u00e4nu MyRIDE\u2019ile on teil tegevusest hea \u00fclevaade ja niiduk summutab k\u00f5ik maastiku ebatasasustest tingitud p\u00f5rutused, ilma et need teid m\u00f5jutaksid.<\/p>\n<h2><strong>2 x h<\/strong><strong>\u00fcdrostaatiline \u00fclekanne<\/strong><\/h2>\n<p>S\u00f5ltumatu 2xh\u00fcdrostaatiline veo\u00fclekanne annab masinale tundliku reageerimise ja null-p\u00f6\u00f6rdega man\u00f6\u00f6verdamisv\u00f5ime. Eraldiseisvad k\u00e4igukastid on kinnitatud Toro t\u00e4israamile ja toestatud p\u00f5iklattidega.<\/p>\n<h3><strong>Smart Speed kiirusekontroll<\/strong><\/h3>\n<p>Saate kontrolli oma niidukiiruse \u00fcle, samal ajal ohverdamata terade l\u00f5ike kiirust.<\/p>\n<h2><strong>K\u00e4rukonks<\/strong><\/h2>\n<p>K\u00f5ik Toro zeroturnid on varustatud k\u00e4rukonksuga<\/p>\n<h3><strong>127 cm ( 50&#8243;) keevis l\u00f5ikekorpus<\/strong><\/h3>\n<p>Toro valmistatud kommertsklassi keeviskorpus tagab aastatepikkuse t\u00f6\u00f6kindluse ja parima j\u00f5udluse.<\/p>\n<p>74696<\/p>\n<p>&nbsp;<\/p>\n","protected":false},"excerpt":{"rendered":"<p><strong>TORO MX5075T Timecutter<\/strong> on v\u00f5imas kahesilindrilise Kawasaki V-twin mootoriga nullp\u00f6\u00f6rderaadiusega muruniitja. Nullp\u00f6\u00f6rderaadius aitab kiirendada muru niitmist kuni 45 % v\u00f5rreldes tavalise murutraktoriga. 24,5 hobuj\u00f5udu annab k\u00fcllaldase v\u00f5imsuse ka keerulisemates niitmisoludes. Istme vedrustus aitab juhti istmel paigal hoida, kui liiklemine toimub ebatasasel maastikul. Istumist on veelgi pehmendatud unikaalse seadistatava vedrustusega.<\/p>\n","protected":false},"featured_media":62330,"comment_status":"open","ping_status":"closed","template":"","meta":{"_acf_changed":false,"_et_pb_use_builder":"","_et_pb_old_content":"","_et_gb_content_width":"","inline_featured_image":false},"pwb-brand":[148],"product_brand":[],"product_cat":[57],"product_tag":[710],"class_list":{"0":"post-62329","1":"product","2":"type-product","3":"status-publish","4":"has-post-thumbnail","6":"pwb-brand-toro","7":"product_cat-zeroturnid","8":"product_tag-toro-timecutter-mr5075t-74696","9":"product_shipping_class-rasked-asjad","11":"first","12":"instock","13":"sale","14":"shipping-taxable","15":"purchasable","16":"product-type-simple"},"acf":[],"yoast_head":"<!-- This site is optimized with the Yoast SEO plugin v26.6 - https:\/\/yoast.com\/wordpress\/plugins\/seo\/ -->\n<title>Nullp\u00f6\u00f6rderaadiusega niiduk TORO TimeCutter MR5075T<\/title>\n<meta name=\"description\" content=\"TORO MX5075T Timecutter on v\u00f5imas kahesilindrilise Kawasaki V-twin mootoriga nullp\u00f6\u00f6rderaadiusega muruniitja. Nullp\u00f6\u00f6rderaadius\" \/>\n<meta name=\"robots\" content=\"index, follow, max-snippet:-1, max-image-preview:large, max-video-preview:-1\" \/>\n<link rel=\"canonical\" href=\"https:\/\/reginett.ee\/toode\/nullpoorderaadiusega-niiduk-toro-timecutter-mr5075t-kawasaki\/\" \/>\n<meta property=\"og:locale\" content=\"ru_RU\" \/>\n<meta property=\"og:type\" content=\"article\" \/>\n<meta property=\"og:title\" content=\"Nullp\u00f6\u00f6rderaadiusega niiduk TORO TimeCutter MR5075T\" \/>\n<meta property=\"og:description\" content=\"TORO MX5075T Timecutter on v\u00f5imas kahesilindrilise Kawasaki V-twin mootoriga nullp\u00f6\u00f6rderaadiusega muruniitja. Nullp\u00f6\u00f6rderaadius\" \/>\n<meta property=\"og:url\" content=\"https:\/\/reginett.ee\/toode\/nullpoorderaadiusega-niiduk-toro-timecutter-mr5075t-kawasaki\/\" \/>\n<meta property=\"og:site_name\" content=\"Reginett\" \/>\n<meta property=\"article:modified_time\" content=\"2026-04-02T09:13:33+00:00\" \/>\n<meta property=\"og:image\" content=\"https:\/\/reginett.ee\/wp-content\/uploads\/2025\/03\/TORO-Timecutter-MR5075T-74696.webp\" \/>\n\t<meta property=\"og:image:width\" content=\"700\" \/>\n\t<meta property=\"og:image:height\" content=\"700\" \/>\n\t<meta property=\"og:image:type\" content=\"image\/webp\" \/>\n<meta name=\"twitter:card\" content=\"summary_large_image\" \/>\n<meta name=\"twitter:label1\" content=\"\u041f\u0440\u0438\u043c\u0435\u0440\u043d\u043e\u0435 \u0432\u0440\u0435\u043c\u044f \u0434\u043b\u044f \u0447\u0442\u0435\u043d\u0438\u044f\" \/>\n\t<meta name=\"twitter:data1\" content=\"2 \u043c\u0438\u043d\u0443\u0442\u044b\" \/>\n<script type=\"application\/ld+json\" class=\"yoast-schema-graph\">{\"@context\":\"https:\/\/schema.org\",\"@graph\":[{\"@type\":\"WebPage\",\"@id\":\"https:\/\/reginett.ee\/toode\/nullpoorderaadiusega-niiduk-toro-timecutter-mr5075t-kawasaki\/\",\"url\":\"https:\/\/reginett.ee\/toode\/nullpoorderaadiusega-niiduk-toro-timecutter-mr5075t-kawasaki\/\",\"name\":\"Nullp\u00f6\u00f6rderaadiusega niiduk TORO TimeCutter MR5075T\",\"isPartOf\":{\"@id\":\"https:\/\/reginett.ee\/#website\"},\"primaryImageOfPage\":{\"@id\":\"https:\/\/reginett.ee\/toode\/nullpoorderaadiusega-niiduk-toro-timecutter-mr5075t-kawasaki\/#primaryimage\"},\"image\":{\"@id\":\"https:\/\/reginett.ee\/toode\/nullpoorderaadiusega-niiduk-toro-timecutter-mr5075t-kawasaki\/#primaryimage\"},\"thumbnailUrl\":\"https:\/\/reginett.ee\/wp-content\/uploads\/2025\/03\/TORO-Timecutter-MR5075T-74696.webp\",\"datePublished\":\"2025-07-25T11:10:28+00:00\",\"dateModified\":\"2026-04-02T09:13:33+00:00\",\"description\":\"TORO MX5075T Timecutter on v\u00f5imas kahesilindrilise Kawasaki V-twin mootoriga nullp\u00f6\u00f6rderaadiusega muruniitja. Nullp\u00f6\u00f6rderaadius\",\"breadcrumb\":{\"@id\":\"https:\/\/reginett.ee\/toode\/nullpoorderaadiusega-niiduk-toro-timecutter-mr5075t-kawasaki\/#breadcrumb\"},\"inLanguage\":\"ru-RU\",\"potentialAction\":[{\"@type\":\"ReadAction\",\"target\":[\"https:\/\/reginett.ee\/toode\/nullpoorderaadiusega-niiduk-toro-timecutter-mr5075t-kawasaki\/\"]}]},{\"@type\":\"ImageObject\",\"inLanguage\":\"ru-RU\",\"@id\":\"https:\/\/reginett.ee\/toode\/nullpoorderaadiusega-niiduk-toro-timecutter-mr5075t-kawasaki\/#primaryimage\",\"url\":\"https:\/\/reginett.ee\/wp-content\/uploads\/2025\/03\/TORO-Timecutter-MR5075T-74696.webp\",\"contentUrl\":\"https:\/\/reginett.ee\/wp-content\/uploads\/2025\/03\/TORO-Timecutter-MR5075T-74696.webp\",\"width\":700,\"height\":700,\"caption\":\"TORO-Timecutter-MR5075T-74696\"},{\"@type\":\"BreadcrumbList\",\"@id\":\"https:\/\/reginett.ee\/toode\/nullpoorderaadiusega-niiduk-toro-timecutter-mr5075t-kawasaki\/#breadcrumb\",\"itemListElement\":[{\"@type\":\"ListItem\",\"position\":1,\"name\":\"Home\",\"item\":\"https:\/\/reginett.ee\/ru\/\"},{\"@type\":\"ListItem\",\"position\":2,\"name\":\"Tooted\",\"item\":\"https:\/\/reginett.ee\/tooted\/\"},{\"@type\":\"ListItem\",\"position\":3,\"name\":\"Nullp\u00f6\u00f6rderaadiusega niiduk TORO TimeCutter MR5075T KAWASAKI\"}]},{\"@type\":\"WebSite\",\"@id\":\"https:\/\/reginett.ee\/#website\",\"url\":\"https:\/\/reginett.ee\/\",\"name\":\"Reginett\",\"description\":\"Parimad robotniidukid\",\"potentialAction\":[{\"@type\":\"SearchAction\",\"target\":{\"@type\":\"EntryPoint\",\"urlTemplate\":\"https:\/\/reginett.ee\/?s={search_term_string}\"},\"query-input\":{\"@type\":\"PropertyValueSpecification\",\"valueRequired\":true,\"valueName\":\"search_term_string\"}}],\"inLanguage\":\"ru-RU\"}]}<\/script>\n<!-- \/ Yoast SEO plugin. -->","yoast_head_json":{"title":"Nullp\u00f6\u00f6rderaadiusega niiduk TORO TimeCutter MR5075T","description":"TORO MX5075T Timecutter on v\u00f5imas kahesilindrilise Kawasaki V-twin mootoriga nullp\u00f6\u00f6rderaadiusega muruniitja. Nullp\u00f6\u00f6rderaadius","robots":{"index":"index","follow":"follow","max-snippet":"max-snippet:-1","max-image-preview":"max-image-preview:large","max-video-preview":"max-video-preview:-1"},"canonical":"https:\/\/reginett.ee\/toode\/nullpoorderaadiusega-niiduk-toro-timecutter-mr5075t-kawasaki\/","og_locale":"ru_RU","og_type":"article","og_title":"Nullp\u00f6\u00f6rderaadiusega niiduk TORO TimeCutter MR5075T","og_description":"TORO MX5075T Timecutter on v\u00f5imas kahesilindrilise Kawasaki V-twin mootoriga nullp\u00f6\u00f6rderaadiusega muruniitja. Nullp\u00f6\u00f6rderaadius","og_url":"https:\/\/reginett.ee\/toode\/nullpoorderaadiusega-niiduk-toro-timecutter-mr5075t-kawasaki\/","og_site_name":"Reginett","article_modified_time":"2026-04-02T09:13:33+00:00","og_image":[{"width":700,"height":700,"url":"https:\/\/reginett.ee\/wp-content\/uploads\/2025\/03\/TORO-Timecutter-MR5075T-74696.webp","type":"image\/webp"}],"twitter_card":"summary_large_image","twitter_misc":{"\u041f\u0440\u0438\u043c\u0435\u0440\u043d\u043e\u0435 \u0432\u0440\u0435\u043c\u044f \u0434\u043b\u044f \u0447\u0442\u0435\u043d\u0438\u044f":"2 \u043c\u0438\u043d\u0443\u0442\u044b"},"schema":{"@context":"https:\/\/schema.org","@graph":[{"@type":"WebPage","@id":"https:\/\/reginett.ee\/toode\/nullpoorderaadiusega-niiduk-toro-timecutter-mr5075t-kawasaki\/","url":"https:\/\/reginett.ee\/toode\/nullpoorderaadiusega-niiduk-toro-timecutter-mr5075t-kawasaki\/","name":"Nullp\u00f6\u00f6rderaadiusega niiduk TORO TimeCutter MR5075T","isPartOf":{"@id":"https:\/\/reginett.ee\/#website"},"primaryImageOfPage":{"@id":"https:\/\/reginett.ee\/toode\/nullpoorderaadiusega-niiduk-toro-timecutter-mr5075t-kawasaki\/#primaryimage"},"image":{"@id":"https:\/\/reginett.ee\/toode\/nullpoorderaadiusega-niiduk-toro-timecutter-mr5075t-kawasaki\/#primaryimage"},"thumbnailUrl":"https:\/\/reginett.ee\/wp-content\/uploads\/2025\/03\/TORO-Timecutter-MR5075T-74696.webp","datePublished":"2025-07-25T11:10:28+00:00","dateModified":"2026-04-02T09:13:33+00:00","description":"TORO MX5075T Timecutter on v\u00f5imas kahesilindrilise Kawasaki V-twin mootoriga nullp\u00f6\u00f6rderaadiusega muruniitja. Nullp\u00f6\u00f6rderaadius","breadcrumb":{"@id":"https:\/\/reginett.ee\/toode\/nullpoorderaadiusega-niiduk-toro-timecutter-mr5075t-kawasaki\/#breadcrumb"},"inLanguage":"ru-RU","potentialAction":[{"@type":"ReadAction","target":["https:\/\/reginett.ee\/toode\/nullpoorderaadiusega-niiduk-toro-timecutter-mr5075t-kawasaki\/"]}]},{"@type":"ImageObject","inLanguage":"ru-RU","@id":"https:\/\/reginett.ee\/toode\/nullpoorderaadiusega-niiduk-toro-timecutter-mr5075t-kawasaki\/#primaryimage","url":"https:\/\/reginett.ee\/wp-content\/uploads\/2025\/03\/TORO-Timecutter-MR5075T-74696.webp","contentUrl":"https:\/\/reginett.ee\/wp-content\/uploads\/2025\/03\/TORO-Timecutter-MR5075T-74696.webp","width":700,"height":700,"caption":"TORO-Timecutter-MR5075T-74696"},{"@type":"BreadcrumbList","@id":"https:\/\/reginett.ee\/toode\/nullpoorderaadiusega-niiduk-toro-timecutter-mr5075t-kawasaki\/#breadcrumb","itemListElement":[{"@type":"ListItem","position":1,"name":"Home","item":"https:\/\/reginett.ee\/ru\/"},{"@type":"ListItem","position":2,"name":"Tooted","item":"https:\/\/reginett.ee\/tooted\/"},{"@type":"ListItem","position":3,"name":"Nullp\u00f6\u00f6rderaadiusega niiduk TORO TimeCutter MR5075T KAWASAKI"}]},{"@type":"WebSite","@id":"https:\/\/reginett.ee\/#website","url":"https:\/\/reginett.ee\/","name":"Reginett","description":"Parimad robotniidukid","potentialAction":[{"@type":"SearchAction","target":{"@type":"EntryPoint","urlTemplate":"https:\/\/reginett.ee\/?s={search_term_string}"},"query-input":{"@type":"PropertyValueSpecification","valueRequired":true,"valueName":"search_term_string"}}],"inLanguage":"ru-RU"}]}},"brands":[{"id":148,"name":"Toro","slug":"toro"}],"_links":{"self":[{"href":"https:\/\/reginett.ee\/ru\/wp-json\/wp\/v2\/product\/62329","targetHints":{"allow":["GET"]}}],"collection":[{"href":"https:\/\/reginett.ee\/ru\/wp-json\/wp\/v2\/product"}],"about":[{"href":"https:\/\/reginett.ee\/ru\/wp-json\/wp\/v2\/types\/product"}],"replies":[{"embeddable":true,"href":"https:\/\/reginett.ee\/ru\/wp-json\/wp\/v2\/comments?post=62329"}],"wp:featuredmedia":[{"embeddable":true,"href":"https:\/\/reginett.ee\/ru\/wp-json\/wp\/v2\/media\/62330"}],"wp:attachment":[{"href":"https:\/\/reginett.ee\/ru\/wp-json\/wp\/v2\/media?parent=62329"}],"wp:term":[{"taxonomy":"pwb-brand","embeddable":true,"href":"https:\/\/reginett.ee\/ru\/wp-json\/wp\/v2\/pwb-brand?post=62329"},{"taxonomy":"product_brand","embeddable":true,"href":"https:\/\/reginett.ee\/ru\/wp-json\/wp\/v2\/product_brand?post=62329"},{"taxonomy":"product_cat","embeddable":true,"href":"https:\/\/reginett.ee\/ru\/wp-json\/wp\/v2\/product_cat?post=62329"},{"taxonomy":"product_tag","embeddable":true,"href":"https:\/\/reginett.ee\/ru\/wp-json\/wp\/v2\/product_tag?post=62329"}],"curies":[{"name":"wp","href":"https:\/\/api.w.org\/{rel}","templated":true}]}}