{"id":62316,"date":"2026-03-17T10:16:14","date_gmt":"2026-03-17T07:16:14","guid":{"rendered":"https:\/\/reginett.ee\/?post_type=product&#038;p=62316"},"modified":"2026-03-19T10:57:34","modified_gmt":"2026-03-19T07:57:34","slug":"akuoksasaag-stiga-pr-100e-kit","status":"publish","type":"product","link":"https:\/\/reginett.ee\/ru\/toode\/akuoksasaag-stiga-pr-100e-kit\/","title":{"rendered":"Akuoksasaag STIGA PR 100e Kit"},"content":{"rendered":"<div class=\"product-calculator ng-star-inserted\">\n<div id=\"cdk-accordion-child-0\" class=\"mat-expansion-panel-content ng-trigger ng-trigger-bodyExpansion\" role=\"region\" aria-labelledby=\"mat-expansion-panel-header-0\">\n<div class=\"mat-expansion-panel-body\"><\/div>\n<\/div>\n<\/div>\n<div class=\"product-stock\"><\/div>\n<div class=\"product-description ng-star-inserted\">Akuoksasaag <strong>STIGA PR 100e Kit<\/strong> on kerge ja mugav t\u00f6\u00f6riist okste l\u00f5ikamiseks ning v\u00e4iksemateks saagimist\u00f6\u00f6deks aias. Juhtmevaba ja kompaktne disain tagab hea man\u00f6\u00f6verdusv\u00f5ime ning lihtsa k\u00e4sitsemise. Komplekt sisaldab 20V \/ 2,0Ah akut ja laadijat, mis v\u00f5imaldab mobiilset ja s\u00f5ltumatut kasutamist.<\/div>\n<div><\/div>\n<div>\n<div class=\"text-content description ng-star-inserted\"><strong>Kasutaja eelised:<\/strong><\/p>\n<ul>\n<li>T\u00f6\u00f6riistavaba keti pingutamine<\/li>\n<li>Kerge ja ergonoomiline disain<\/li>\n<li>Keti kiirus 7,2 m\/s tagab sujuva l\u00f5ikuse<\/li>\n<li>Komplektis aku ja laadija \u2013 kohe kasutusvalmis!<\/li>\n<\/ul>\n<\/div>\n<\/div>\n","protected":false},"excerpt":{"rendered":"<p>Akuoksasaag <strong>STIGA PR 100e Kit<\/strong> on kerge ja mugav t\u00f6\u00f6riist okste l\u00f5ikamiseks ning v\u00e4iksemateks saagimist\u00f6\u00f6deks aias. Juhtmevaba ja kompaktne disain tagab hea man\u00f6\u00f6verdusv\u00f5ime ning lihtsa k\u00e4sitsemise. Komplekt sisaldab 20V \/ 2,0Ah akut ja laadijat, mis v\u00f5imaldab mobiilset ja s\u00f5ltumatut kasutamist.<\/p>\n","protected":false},"featured_media":62317,"comment_status":"open","ping_status":"closed","template":"","meta":{"_acf_changed":false,"_et_pb_use_builder":"","_et_pb_old_content":"","_et_gb_content_width":"","inline_featured_image":false},"pwb-brand":[146],"product_brand":[],"product_cat":[480,48,154],"product_tag":[],"class_list":{"0":"post-62316","1":"product","2":"type-product","3":"status-publish","4":"has-post-thumbnail","6":"pwb-brand-stiga","7":"product_cat-aiatoo","8":"product_cat-akutooted","9":"product_cat-stiga","11":"first","12":"instock","13":"sale","14":"shipping-taxable","15":"purchasable","16":"product-type-simple"},"acf":[],"yoast_head":"<!-- This site is optimized with the Yoast SEO plugin v26.6 - https:\/\/yoast.com\/wordpress\/plugins\/seo\/ -->\n<title>Akuoksasaag STIGA PR 100e Kit. Stiga akut\u00f6\u00f6riistad<\/title>\n<meta name=\"description\" content=\"Akuoksasaag STIGA PR 100e Kit on kerge ja mugav t\u00f6\u00f6riist okste l\u00f5ikamiseks ning v\u00e4iksemateks saagimist\u00f6\u00f6deks aias. Akuoksasaag STIGA PR 100e Kit.\" \/>\n<meta name=\"robots\" content=\"index, follow, max-snippet:-1, max-image-preview:large, max-video-preview:-1\" \/>\n<link rel=\"canonical\" href=\"https:\/\/reginett.ee\/toode\/akuoksasaag-stiga-pr-100e-kit\/\" \/>\n<meta property=\"og:locale\" content=\"ru_RU\" \/>\n<meta property=\"og:type\" content=\"article\" \/>\n<meta property=\"og:title\" content=\"Akuoksasaag STIGA PR 100e Kit. Stiga akut\u00f6\u00f6riistad\" \/>\n<meta property=\"og:description\" content=\"Akuoksasaag STIGA PR 100e Kit on kerge ja mugav t\u00f6\u00f6riist okste l\u00f5ikamiseks ning v\u00e4iksemateks saagimist\u00f6\u00f6deks aias. Akuoksasaag STIGA PR 100e Kit.\" \/>\n<meta property=\"og:url\" content=\"https:\/\/reginett.ee\/toode\/akuoksasaag-stiga-pr-100e-kit\/\" \/>\n<meta property=\"og:site_name\" content=\"Reginett\" \/>\n<meta property=\"article:modified_time\" content=\"2026-03-19T07:57:34+00:00\" \/>\n<meta property=\"og:image\" content=\"https:\/\/reginett.ee\/wp-content\/uploads\/2025\/03\/Akuoksasaag-STIGA-PR-100E.webp\" \/>\n\t<meta property=\"og:image:width\" content=\"680\" \/>\n\t<meta property=\"og:image:height\" content=\"372\" \/>\n\t<meta property=\"og:image:type\" content=\"image\/webp\" \/>\n<meta name=\"twitter:card\" content=\"summary_large_image\" \/>\n<meta name=\"twitter:label1\" content=\"\u041f\u0440\u0438\u043c\u0435\u0440\u043d\u043e\u0435 \u0432\u0440\u0435\u043c\u044f \u0434\u043b\u044f \u0447\u0442\u0435\u043d\u0438\u044f\" \/>\n\t<meta name=\"twitter:data1\" content=\"1 \u043c\u0438\u043d\u0443\u0442\u0430\" \/>\n<script type=\"application\/ld+json\" class=\"yoast-schema-graph\">{\"@context\":\"https:\/\/schema.org\",\"@graph\":[{\"@type\":\"WebPage\",\"@id\":\"https:\/\/reginett.ee\/toode\/akuoksasaag-stiga-pr-100e-kit\/\",\"url\":\"https:\/\/reginett.ee\/toode\/akuoksasaag-stiga-pr-100e-kit\/\",\"name\":\"Akuoksasaag STIGA PR 100e Kit. Stiga akut\u00f6\u00f6riistad\",\"isPartOf\":{\"@id\":\"https:\/\/reginett.ee\/#website\"},\"primaryImageOfPage\":{\"@id\":\"https:\/\/reginett.ee\/toode\/akuoksasaag-stiga-pr-100e-kit\/#primaryimage\"},\"image\":{\"@id\":\"https:\/\/reginett.ee\/toode\/akuoksasaag-stiga-pr-100e-kit\/#primaryimage\"},\"thumbnailUrl\":\"https:\/\/reginett.ee\/wp-content\/uploads\/2025\/03\/Akuoksasaag-STIGA-PR-100E.webp\",\"datePublished\":\"2026-03-17T07:16:14+00:00\",\"dateModified\":\"2026-03-19T07:57:34+00:00\",\"description\":\"Akuoksasaag STIGA PR 100e Kit on kerge ja mugav t\u00f6\u00f6riist okste l\u00f5ikamiseks ning v\u00e4iksemateks saagimist\u00f6\u00f6deks aias. Akuoksasaag STIGA PR 100e Kit.\",\"breadcrumb\":{\"@id\":\"https:\/\/reginett.ee\/toode\/akuoksasaag-stiga-pr-100e-kit\/#breadcrumb\"},\"inLanguage\":\"ru-RU\",\"potentialAction\":[{\"@type\":\"ReadAction\",\"target\":[\"https:\/\/reginett.ee\/toode\/akuoksasaag-stiga-pr-100e-kit\/\"]}]},{\"@type\":\"ImageObject\",\"inLanguage\":\"ru-RU\",\"@id\":\"https:\/\/reginett.ee\/toode\/akuoksasaag-stiga-pr-100e-kit\/#primaryimage\",\"url\":\"https:\/\/reginett.ee\/wp-content\/uploads\/2025\/03\/Akuoksasaag-STIGA-PR-100E.webp\",\"contentUrl\":\"https:\/\/reginett.ee\/wp-content\/uploads\/2025\/03\/Akuoksasaag-STIGA-PR-100E.webp\",\"width\":680,\"height\":372,\"caption\":\"Akuoksasaag-STIGA-PR-100E\"},{\"@type\":\"BreadcrumbList\",\"@id\":\"https:\/\/reginett.ee\/toode\/akuoksasaag-stiga-pr-100e-kit\/#breadcrumb\",\"itemListElement\":[{\"@type\":\"ListItem\",\"position\":1,\"name\":\"Home\",\"item\":\"https:\/\/reginett.ee\/ru\/\"},{\"@type\":\"ListItem\",\"position\":2,\"name\":\"Tooted\",\"item\":\"https:\/\/reginett.ee\/tooted\/\"},{\"@type\":\"ListItem\",\"position\":3,\"name\":\"Akuoksasaag STIGA PR 100e Kit\"}]},{\"@type\":\"WebSite\",\"@id\":\"https:\/\/reginett.ee\/#website\",\"url\":\"https:\/\/reginett.ee\/\",\"name\":\"Reginett\",\"description\":\"Parimad robotniidukid\",\"potentialAction\":[{\"@type\":\"SearchAction\",\"target\":{\"@type\":\"EntryPoint\",\"urlTemplate\":\"https:\/\/reginett.ee\/?s={search_term_string}\"},\"query-input\":{\"@type\":\"PropertyValueSpecification\",\"valueRequired\":true,\"valueName\":\"search_term_string\"}}],\"inLanguage\":\"ru-RU\"}]}<\/script>\n<!-- \/ Yoast SEO plugin. -->","yoast_head_json":{"title":"Akuoksasaag STIGA PR 100e Kit. Stiga akut\u00f6\u00f6riistad","description":"Akuoksasaag STIGA PR 100e Kit on kerge ja mugav t\u00f6\u00f6riist okste l\u00f5ikamiseks ning v\u00e4iksemateks saagimist\u00f6\u00f6deks aias. Akuoksasaag STIGA PR 100e Kit.","robots":{"index":"index","follow":"follow","max-snippet":"max-snippet:-1","max-image-preview":"max-image-preview:large","max-video-preview":"max-video-preview:-1"},"canonical":"https:\/\/reginett.ee\/toode\/akuoksasaag-stiga-pr-100e-kit\/","og_locale":"ru_RU","og_type":"article","og_title":"Akuoksasaag STIGA PR 100e Kit. Stiga akut\u00f6\u00f6riistad","og_description":"Akuoksasaag STIGA PR 100e Kit on kerge ja mugav t\u00f6\u00f6riist okste l\u00f5ikamiseks ning v\u00e4iksemateks saagimist\u00f6\u00f6deks aias. Akuoksasaag STIGA PR 100e Kit.","og_url":"https:\/\/reginett.ee\/toode\/akuoksasaag-stiga-pr-100e-kit\/","og_site_name":"Reginett","article_modified_time":"2026-03-19T07:57:34+00:00","og_image":[{"width":680,"height":372,"url":"https:\/\/reginett.ee\/wp-content\/uploads\/2025\/03\/Akuoksasaag-STIGA-PR-100E.webp","type":"image\/webp"}],"twitter_card":"summary_large_image","twitter_misc":{"\u041f\u0440\u0438\u043c\u0435\u0440\u043d\u043e\u0435 \u0432\u0440\u0435\u043c\u044f \u0434\u043b\u044f \u0447\u0442\u0435\u043d\u0438\u044f":"1 \u043c\u0438\u043d\u0443\u0442\u0430"},"schema":{"@context":"https:\/\/schema.org","@graph":[{"@type":"WebPage","@id":"https:\/\/reginett.ee\/toode\/akuoksasaag-stiga-pr-100e-kit\/","url":"https:\/\/reginett.ee\/toode\/akuoksasaag-stiga-pr-100e-kit\/","name":"Akuoksasaag STIGA PR 100e Kit. Stiga akut\u00f6\u00f6riistad","isPartOf":{"@id":"https:\/\/reginett.ee\/#website"},"primaryImageOfPage":{"@id":"https:\/\/reginett.ee\/toode\/akuoksasaag-stiga-pr-100e-kit\/#primaryimage"},"image":{"@id":"https:\/\/reginett.ee\/toode\/akuoksasaag-stiga-pr-100e-kit\/#primaryimage"},"thumbnailUrl":"https:\/\/reginett.ee\/wp-content\/uploads\/2025\/03\/Akuoksasaag-STIGA-PR-100E.webp","datePublished":"2026-03-17T07:16:14+00:00","dateModified":"2026-03-19T07:57:34+00:00","description":"Akuoksasaag STIGA PR 100e Kit on kerge ja mugav t\u00f6\u00f6riist okste l\u00f5ikamiseks ning v\u00e4iksemateks saagimist\u00f6\u00f6deks aias. Akuoksasaag STIGA PR 100e Kit.","breadcrumb":{"@id":"https:\/\/reginett.ee\/toode\/akuoksasaag-stiga-pr-100e-kit\/#breadcrumb"},"inLanguage":"ru-RU","potentialAction":[{"@type":"ReadAction","target":["https:\/\/reginett.ee\/toode\/akuoksasaag-stiga-pr-100e-kit\/"]}]},{"@type":"ImageObject","inLanguage":"ru-RU","@id":"https:\/\/reginett.ee\/toode\/akuoksasaag-stiga-pr-100e-kit\/#primaryimage","url":"https:\/\/reginett.ee\/wp-content\/uploads\/2025\/03\/Akuoksasaag-STIGA-PR-100E.webp","contentUrl":"https:\/\/reginett.ee\/wp-content\/uploads\/2025\/03\/Akuoksasaag-STIGA-PR-100E.webp","width":680,"height":372,"caption":"Akuoksasaag-STIGA-PR-100E"},{"@type":"BreadcrumbList","@id":"https:\/\/reginett.ee\/toode\/akuoksasaag-stiga-pr-100e-kit\/#breadcrumb","itemListElement":[{"@type":"ListItem","position":1,"name":"Home","item":"https:\/\/reginett.ee\/ru\/"},{"@type":"ListItem","position":2,"name":"Tooted","item":"https:\/\/reginett.ee\/tooted\/"},{"@type":"ListItem","position":3,"name":"Akuoksasaag STIGA PR 100e Kit"}]},{"@type":"WebSite","@id":"https:\/\/reginett.ee\/#website","url":"https:\/\/reginett.ee\/","name":"Reginett","description":"Parimad robotniidukid","potentialAction":[{"@type":"SearchAction","target":{"@type":"EntryPoint","urlTemplate":"https:\/\/reginett.ee\/?s={search_term_string}"},"query-input":{"@type":"PropertyValueSpecification","valueRequired":true,"valueName":"search_term_string"}}],"inLanguage":"ru-RU"}]}},"brands":[{"id":146,"name":"Stiga","slug":"stiga"}],"_links":{"self":[{"href":"https:\/\/reginett.ee\/ru\/wp-json\/wp\/v2\/product\/62316","targetHints":{"allow":["GET"]}}],"collection":[{"href":"https:\/\/reginett.ee\/ru\/wp-json\/wp\/v2\/product"}],"about":[{"href":"https:\/\/reginett.ee\/ru\/wp-json\/wp\/v2\/types\/product"}],"replies":[{"embeddable":true,"href":"https:\/\/reginett.ee\/ru\/wp-json\/wp\/v2\/comments?post=62316"}],"wp:featuredmedia":[{"embeddable":true,"href":"https:\/\/reginett.ee\/ru\/wp-json\/wp\/v2\/media\/62317"}],"wp:attachment":[{"href":"https:\/\/reginett.ee\/ru\/wp-json\/wp\/v2\/media?parent=62316"}],"wp:term":[{"taxonomy":"pwb-brand","embeddable":true,"href":"https:\/\/reginett.ee\/ru\/wp-json\/wp\/v2\/pwb-brand?post=62316"},{"taxonomy":"product_brand","embeddable":true,"href":"https:\/\/reginett.ee\/ru\/wp-json\/wp\/v2\/product_brand?post=62316"},{"taxonomy":"product_cat","embeddable":true,"href":"https:\/\/reginett.ee\/ru\/wp-json\/wp\/v2\/product_cat?post=62316"},{"taxonomy":"product_tag","embeddable":true,"href":"https:\/\/reginett.ee\/ru\/wp-json\/wp\/v2\/product_tag?post=62316"}],"curies":[{"name":"wp","href":"https:\/\/api.w.org\/{rel}","templated":true}]}}