{"id":62288,"date":"2025-03-22T13:00:41","date_gmt":"2025-03-22T10:00:41","guid":{"rendered":"https:\/\/reginett.ee\/?post_type=product&#038;p=62288"},"modified":"2026-04-15T15:21:07","modified_gmt":"2026-04-15T12:21:07","slug":"kaablivaba-robotniiduk-stiga-a10000","status":"publish","type":"product","link":"https:\/\/reginett.ee\/ru\/toode\/kaablivaba-robotniiduk-stiga-a10000\/","title":{"rendered":"Kaablivaba robotniiduk STIGA A10000"},"content":{"rendered":"<p>Kaablivaba robotniiduk <strong>STIGA A10000<\/strong> on, mis m\u00f5eldud niidualadedele suurusega kuni 12000 m2. Kaablivaba lahendus v\u00f5imaldab niiduperimeetrit ise l\u00e4bi mobiili muuta igal ajahetkel. Navigeerimiseks ja t\u00f6\u00f6 planeerimiseks kasutab robot Sitga patendeeritut AGS (Active Guidence System) tehnoloogiat. Signaal tuleb l\u00e4bi 4G ja GPS-i. T\u00e4nu AGS lahendusele kaardistab robot satelliitude asukohad, signaali tugevused eri kohtades ning ka niiduala ruutmeetri haaval ning j\u00e4tab need meelde. Seda infot uuendab ta ka igap\u00e4evaselt ning seet\u00f5ttu teab t\u00e4pselt oma asukohta, kus on juba niidetud ja oskab planeerida efektiivselt edasist niiduala. Side toimimiseks vajab robot 4G \u00fchendust. Andmed liiguvad robotilt Stiga pilverakendusse STIGA Cloud ning sealt vastuv\u00f5tujaama. Vastuv\u00f5tujaam tuleb robotiga kaasa komplektis. Stiga robotitele saab ka m\u00e4\u00e4rata ise niidualad ning alad, kus mitte niita. Kokku saab m\u00e4\u00e4rata kuni 10 erinevat niidutsooni ning nendest igale soovi korral ka erinev niidumustri kombinatsioon, et kujundada muru v\u00e4ljan\u00e4gemist.<\/p>\n","protected":false},"excerpt":{"rendered":"<p>Kaablivaba robotniiduk <strong>STIGA A10000<\/strong> on, mis m\u00f5eldud niidualadedele suurusega kuni 12000 m2. Kaablivaba lahendus v\u00f5imaldab niiduperimeetrit ise l\u00e4bi mobiili muuta igal ajahetkel.<\/p>\n","protected":false},"featured_media":62273,"comment_status":"open","ping_status":"closed","template":"","meta":{"_acf_changed":false,"_et_pb_use_builder":"","_et_pb_old_content":"","_et_gb_content_width":"","inline_featured_image":false},"pwb-brand":[146],"product_brand":[],"product_cat":[19,154],"product_tag":[512,709],"class_list":{"0":"post-62288","1":"product","2":"type-product","3":"status-publish","4":"has-post-thumbnail","6":"pwb-brand-stiga","7":"product_cat-robotniidukid","8":"product_cat-stiga","9":"product_tag-kaablivaba-robotniiduk","10":"product_tag-stiga-a10000","11":"product_shipping_class-soodsam-kuller-15-eur","13":"first","14":"outofstock","15":"shipping-taxable","16":"purchasable","17":"product-type-simple"},"acf":[],"yoast_head":"<!-- This site is optimized with the Yoast SEO plugin v26.6 - https:\/\/yoast.com\/wordpress\/plugins\/seo\/ -->\n<title>Kaablivaba robotniiduk STIGA A10000. Stiga robotniidukid Reginett<\/title>\n<meta name=\"description\" content=\"Kaablivaba robotniiduk STIGA A10000 on, mis m\u00f5eldud niidualadedele suurusega kuni 12000 m2. Kaablivaba lahendus v\u00f5imaldab\" \/>\n<meta name=\"robots\" content=\"index, follow, max-snippet:-1, max-image-preview:large, max-video-preview:-1\" \/>\n<link rel=\"canonical\" href=\"https:\/\/reginett.ee\/toode\/kaablivaba-robotniiduk-stiga-a10000\/\" \/>\n<meta property=\"og:locale\" content=\"ru_RU\" \/>\n<meta property=\"og:type\" content=\"article\" \/>\n<meta property=\"og:title\" content=\"Kaablivaba robotniiduk STIGA A10000. Stiga robotniidukid Reginett\" \/>\n<meta property=\"og:description\" content=\"Kaablivaba robotniiduk STIGA A10000 on, mis m\u00f5eldud niidualadedele suurusega kuni 12000 m2. Kaablivaba lahendus v\u00f5imaldab\" \/>\n<meta property=\"og:url\" content=\"https:\/\/reginett.ee\/toode\/kaablivaba-robotniiduk-stiga-a10000\/\" \/>\n<meta property=\"og:site_name\" content=\"Reginett\" \/>\n<meta property=\"article:modified_time\" content=\"2026-04-15T12:21:07+00:00\" \/>\n<meta property=\"og:image\" content=\"https:\/\/reginett.ee\/wp-content\/uploads\/2025\/03\/Kaablivaba-robotniiduk-STIGA-A7500.webp\" \/>\n\t<meta property=\"og:image:width\" content=\"680\" \/>\n\t<meta property=\"og:image:height\" content=\"372\" \/>\n\t<meta property=\"og:image:type\" content=\"image\/webp\" \/>\n<meta name=\"twitter:card\" content=\"summary_large_image\" \/>\n<meta name=\"twitter:label1\" content=\"\u041f\u0440\u0438\u043c\u0435\u0440\u043d\u043e\u0435 \u0432\u0440\u0435\u043c\u044f \u0434\u043b\u044f \u0447\u0442\u0435\u043d\u0438\u044f\" \/>\n\t<meta name=\"twitter:data1\" content=\"1 \u043c\u0438\u043d\u0443\u0442\u0430\" \/>\n<script type=\"application\/ld+json\" class=\"yoast-schema-graph\">{\"@context\":\"https:\/\/schema.org\",\"@graph\":[{\"@type\":\"WebPage\",\"@id\":\"https:\/\/reginett.ee\/toode\/kaablivaba-robotniiduk-stiga-a10000\/\",\"url\":\"https:\/\/reginett.ee\/toode\/kaablivaba-robotniiduk-stiga-a10000\/\",\"name\":\"Kaablivaba robotniiduk STIGA A10000. Stiga robotniidukid Reginett\",\"isPartOf\":{\"@id\":\"https:\/\/reginett.ee\/#website\"},\"primaryImageOfPage\":{\"@id\":\"https:\/\/reginett.ee\/toode\/kaablivaba-robotniiduk-stiga-a10000\/#primaryimage\"},\"image\":{\"@id\":\"https:\/\/reginett.ee\/toode\/kaablivaba-robotniiduk-stiga-a10000\/#primaryimage\"},\"thumbnailUrl\":\"https:\/\/reginett.ee\/wp-content\/uploads\/2025\/03\/Kaablivaba-robotniiduk-STIGA-A7500.webp\",\"datePublished\":\"2025-03-22T10:00:41+00:00\",\"dateModified\":\"2026-04-15T12:21:07+00:00\",\"description\":\"Kaablivaba robotniiduk STIGA A10000 on, mis m\u00f5eldud niidualadedele suurusega kuni 12000 m2. Kaablivaba lahendus v\u00f5imaldab\",\"breadcrumb\":{\"@id\":\"https:\/\/reginett.ee\/toode\/kaablivaba-robotniiduk-stiga-a10000\/#breadcrumb\"},\"inLanguage\":\"ru-RU\",\"potentialAction\":[{\"@type\":\"ReadAction\",\"target\":[\"https:\/\/reginett.ee\/toode\/kaablivaba-robotniiduk-stiga-a10000\/\"]}]},{\"@type\":\"ImageObject\",\"inLanguage\":\"ru-RU\",\"@id\":\"https:\/\/reginett.ee\/toode\/kaablivaba-robotniiduk-stiga-a10000\/#primaryimage\",\"url\":\"https:\/\/reginett.ee\/wp-content\/uploads\/2025\/03\/Kaablivaba-robotniiduk-STIGA-A7500.webp\",\"contentUrl\":\"https:\/\/reginett.ee\/wp-content\/uploads\/2025\/03\/Kaablivaba-robotniiduk-STIGA-A7500.webp\",\"width\":680,\"height\":372,\"caption\":\"Kaablivaba robotniiduk STIGA A7500\"},{\"@type\":\"BreadcrumbList\",\"@id\":\"https:\/\/reginett.ee\/toode\/kaablivaba-robotniiduk-stiga-a10000\/#breadcrumb\",\"itemListElement\":[{\"@type\":\"ListItem\",\"position\":1,\"name\":\"Home\",\"item\":\"https:\/\/reginett.ee\/ru\/\"},{\"@type\":\"ListItem\",\"position\":2,\"name\":\"Tooted\",\"item\":\"https:\/\/reginett.ee\/tooted\/\"},{\"@type\":\"ListItem\",\"position\":3,\"name\":\"Kaablivaba robotniiduk STIGA A10000\"}]},{\"@type\":\"WebSite\",\"@id\":\"https:\/\/reginett.ee\/#website\",\"url\":\"https:\/\/reginett.ee\/\",\"name\":\"Reginett\",\"description\":\"Parimad robotniidukid\",\"potentialAction\":[{\"@type\":\"SearchAction\",\"target\":{\"@type\":\"EntryPoint\",\"urlTemplate\":\"https:\/\/reginett.ee\/?s={search_term_string}\"},\"query-input\":{\"@type\":\"PropertyValueSpecification\",\"valueRequired\":true,\"valueName\":\"search_term_string\"}}],\"inLanguage\":\"ru-RU\"}]}<\/script>\n<!-- \/ Yoast SEO plugin. -->","yoast_head_json":{"title":"Kaablivaba robotniiduk STIGA A10000. Stiga robotniidukid Reginett","description":"Kaablivaba robotniiduk STIGA A10000 on, mis m\u00f5eldud niidualadedele suurusega kuni 12000 m2. Kaablivaba lahendus v\u00f5imaldab","robots":{"index":"index","follow":"follow","max-snippet":"max-snippet:-1","max-image-preview":"max-image-preview:large","max-video-preview":"max-video-preview:-1"},"canonical":"https:\/\/reginett.ee\/toode\/kaablivaba-robotniiduk-stiga-a10000\/","og_locale":"ru_RU","og_type":"article","og_title":"Kaablivaba robotniiduk STIGA A10000. Stiga robotniidukid Reginett","og_description":"Kaablivaba robotniiduk STIGA A10000 on, mis m\u00f5eldud niidualadedele suurusega kuni 12000 m2. Kaablivaba lahendus v\u00f5imaldab","og_url":"https:\/\/reginett.ee\/toode\/kaablivaba-robotniiduk-stiga-a10000\/","og_site_name":"Reginett","article_modified_time":"2026-04-15T12:21:07+00:00","og_image":[{"width":680,"height":372,"url":"https:\/\/reginett.ee\/wp-content\/uploads\/2025\/03\/Kaablivaba-robotniiduk-STIGA-A7500.webp","type":"image\/webp"}],"twitter_card":"summary_large_image","twitter_misc":{"\u041f\u0440\u0438\u043c\u0435\u0440\u043d\u043e\u0435 \u0432\u0440\u0435\u043c\u044f \u0434\u043b\u044f \u0447\u0442\u0435\u043d\u0438\u044f":"1 \u043c\u0438\u043d\u0443\u0442\u0430"},"schema":{"@context":"https:\/\/schema.org","@graph":[{"@type":"WebPage","@id":"https:\/\/reginett.ee\/toode\/kaablivaba-robotniiduk-stiga-a10000\/","url":"https:\/\/reginett.ee\/toode\/kaablivaba-robotniiduk-stiga-a10000\/","name":"Kaablivaba robotniiduk STIGA A10000. Stiga robotniidukid Reginett","isPartOf":{"@id":"https:\/\/reginett.ee\/#website"},"primaryImageOfPage":{"@id":"https:\/\/reginett.ee\/toode\/kaablivaba-robotniiduk-stiga-a10000\/#primaryimage"},"image":{"@id":"https:\/\/reginett.ee\/toode\/kaablivaba-robotniiduk-stiga-a10000\/#primaryimage"},"thumbnailUrl":"https:\/\/reginett.ee\/wp-content\/uploads\/2025\/03\/Kaablivaba-robotniiduk-STIGA-A7500.webp","datePublished":"2025-03-22T10:00:41+00:00","dateModified":"2026-04-15T12:21:07+00:00","description":"Kaablivaba robotniiduk STIGA A10000 on, mis m\u00f5eldud niidualadedele suurusega kuni 12000 m2. Kaablivaba lahendus v\u00f5imaldab","breadcrumb":{"@id":"https:\/\/reginett.ee\/toode\/kaablivaba-robotniiduk-stiga-a10000\/#breadcrumb"},"inLanguage":"ru-RU","potentialAction":[{"@type":"ReadAction","target":["https:\/\/reginett.ee\/toode\/kaablivaba-robotniiduk-stiga-a10000\/"]}]},{"@type":"ImageObject","inLanguage":"ru-RU","@id":"https:\/\/reginett.ee\/toode\/kaablivaba-robotniiduk-stiga-a10000\/#primaryimage","url":"https:\/\/reginett.ee\/wp-content\/uploads\/2025\/03\/Kaablivaba-robotniiduk-STIGA-A7500.webp","contentUrl":"https:\/\/reginett.ee\/wp-content\/uploads\/2025\/03\/Kaablivaba-robotniiduk-STIGA-A7500.webp","width":680,"height":372,"caption":"Kaablivaba robotniiduk STIGA A7500"},{"@type":"BreadcrumbList","@id":"https:\/\/reginett.ee\/toode\/kaablivaba-robotniiduk-stiga-a10000\/#breadcrumb","itemListElement":[{"@type":"ListItem","position":1,"name":"Home","item":"https:\/\/reginett.ee\/ru\/"},{"@type":"ListItem","position":2,"name":"Tooted","item":"https:\/\/reginett.ee\/tooted\/"},{"@type":"ListItem","position":3,"name":"Kaablivaba robotniiduk STIGA A10000"}]},{"@type":"WebSite","@id":"https:\/\/reginett.ee\/#website","url":"https:\/\/reginett.ee\/","name":"Reginett","description":"Parimad robotniidukid","potentialAction":[{"@type":"SearchAction","target":{"@type":"EntryPoint","urlTemplate":"https:\/\/reginett.ee\/?s={search_term_string}"},"query-input":{"@type":"PropertyValueSpecification","valueRequired":true,"valueName":"search_term_string"}}],"inLanguage":"ru-RU"}]}},"brands":[{"id":146,"name":"Stiga","slug":"stiga"}],"_links":{"self":[{"href":"https:\/\/reginett.ee\/ru\/wp-json\/wp\/v2\/product\/62288","targetHints":{"allow":["GET"]}}],"collection":[{"href":"https:\/\/reginett.ee\/ru\/wp-json\/wp\/v2\/product"}],"about":[{"href":"https:\/\/reginett.ee\/ru\/wp-json\/wp\/v2\/types\/product"}],"replies":[{"embeddable":true,"href":"https:\/\/reginett.ee\/ru\/wp-json\/wp\/v2\/comments?post=62288"}],"wp:featuredmedia":[{"embeddable":true,"href":"https:\/\/reginett.ee\/ru\/wp-json\/wp\/v2\/media\/62273"}],"wp:attachment":[{"href":"https:\/\/reginett.ee\/ru\/wp-json\/wp\/v2\/media?parent=62288"}],"wp:term":[{"taxonomy":"pwb-brand","embeddable":true,"href":"https:\/\/reginett.ee\/ru\/wp-json\/wp\/v2\/pwb-brand?post=62288"},{"taxonomy":"product_brand","embeddable":true,"href":"https:\/\/reginett.ee\/ru\/wp-json\/wp\/v2\/product_brand?post=62288"},{"taxonomy":"product_cat","embeddable":true,"href":"https:\/\/reginett.ee\/ru\/wp-json\/wp\/v2\/product_cat?post=62288"},{"taxonomy":"product_tag","embeddable":true,"href":"https:\/\/reginett.ee\/ru\/wp-json\/wp\/v2\/product_tag?post=62288"}],"curies":[{"name":"wp","href":"https:\/\/api.w.org\/{rel}","templated":true}]}}