{"id":62263,"date":"2025-03-21T13:48:47","date_gmt":"2025-03-21T10:48:47","guid":{"rendered":"https:\/\/reginett.ee\/?post_type=product&#038;p=62263"},"modified":"2025-03-21T13:48:47","modified_gmt":"2025-03-21T10:48:47","slug":"kaablivaba-robotniiduk-stiga-a300","status":"publish","type":"product","link":"https:\/\/reginett.ee\/ru\/toode\/kaablivaba-robotniiduk-stiga-a300\/","title":{"rendered":"Kaablivaba robotniiduk STIGA A300"},"content":{"rendered":"<p>Kaablivaba robotniiduk <strong>STIGA A300<\/strong> on uue p\u00f5lvkonna, t\u00e4ielikult autonoomne, juhtmevaba AGS-tehnoloogiaga masin.<\/p>\n<p>Stiga insenerid ja disainerid on arendanud uue p\u00f5lvkonna robotniiduki, milles on \u00fchendatud uusimad tehnoloogiad ja parimad kasutusmugavused.\u00a0 2.0 Ah liitiumioonakudel t\u00f6\u00f6tav robotniiduk suudab niita <strong>kuni 450 m\u00b2 murualasid.<\/strong> T\u00e4islaetud akudega v\u00f5ib roboti j\u00e4rjestikune t\u00f6\u00f6aeg olla kuni 40 minutit. Uute STIGA A-seeria robotite paigaldamiseks <strong>ei ole vaja piirdekaabli<\/strong>t. M\u00e4rkige kogu oma krunt mobiiltelefoni abiga lihtsalt robotiga s\u00f5ites m\u00f6\u00f6da soovitud ala piiri. Robot skaneerib aktiivselt aeda, et otsustada, kus ja millal niita, kasutades patenteeritud AGS (Active Guidance System) algoritmi kombineerituna RTK-GPS-iga tehnoloogiaga, algoritm, mis parandab veelgi GPS RTK signaali t\u00f6\u00f6kindlust.<\/p>\n<p>STIGA A-seeria robotid optimeerivad aku kasutamist, t\u00f6\u00f6tades organiseeritud niidumustreid\u00a0 kasutades, mis t\u00e4hendab, et nad ei niida enam juhuslikult. Robotil on mitu programmi erinevate niidusuundade jaoks. Et v\u00e4ltida liigset niitmist saab kasutaja seadistada kuni 3 niidutsooni. Liitiumioonaku kasutamist iseloomustab vastupidavus ja see ei saasta keskkonda. Tugev plastkorpus on valmistatud pol\u00fcprop\u00fcleenist ja 30% talkmaterjalist, mis neelab m\u00fcra ja vibratsiooni. Kompaktne ja kerge STIGA A-seeria robot suudab niita erineva kujuga aedades \u2013 h\u00f5lpsasti man\u00f6\u00f6verdades kitsastes kohtades, \u00fcmber puude ja p\u00f5\u00f5saste. Kuna robot on ideaalselt tasakaalustatud, saab see h\u00f5lpsalt hakkama erinevate ebatasasustega ja suudab ronida kuni 45% (24\u00b0) n\u00f5lvadel.<\/p>\n<p><strong>STIGA A300<\/strong> kaablivabal robotniidukil on kaks elektroonilist aju (toiteplaat ja loogikaplaat), mis orienteeruvad ja otsustavad, millal ja kus l\u00f5igata. Roboti saab juhtida ka robitil oleva intuitiivse klaviatuuriga ja Bluetooth-\u00fchenduse kaudu oma nutitelefonist, kasutades rakendust STIGA.GO \u00e4ppi.<\/p>\n<p>STIGA autonoomsed robotniidukid on varustatud 4G tehnoloogiaga, mis on usaldusv\u00e4\u00e4rsem kui traditsioonilised raadiolained ning v\u00f5imaldab pidevat \u00fchendust roboti ja selle tugijaama vahel, tagades GPS RTK tehnoloogia korraliku t\u00f6\u00f6. Roboti tehnoloogia p\u00f5hineb andmesidel STIGA pilve ja roboti enda vahel. STIGA autonoomsete robotniidukite signaal on stabiilne ja kaitstud \u00fcksk\u00f5ik millises aias.<\/p>\n","protected":false},"excerpt":{"rendered":"<p>Kaablivaba robotniiduk <strong>STIGA A300<\/strong> on uue p\u00f5lvkonna, t\u00e4ielikult autonoomne, juhtmevaba AGS-tehnoloogiaga masin.<\/p>\n<p>Stiga insenerid ja disainerid on arendanud uue p\u00f5lvkonna robotniiduki, milles on \u00fchendatud uusimad tehnoloogiad ja parimad kasutusmugavused.\u00a0 2.0 Ah liitiumioonakudel t\u00f6\u00f6tav robotniiduk suudab niita <strong>kuni 450 m\u00b2 murualasid.<\/strong><\/p>\n","protected":false},"featured_media":62248,"comment_status":"open","ping_status":"closed","template":"","meta":{"_acf_changed":false,"_et_pb_use_builder":"","_et_pb_old_content":"","_et_gb_content_width":"","inline_featured_image":false},"pwb-brand":[146],"product_brand":[],"product_cat":[19,154],"product_tag":[706],"class_list":{"0":"post-62263","1":"product","2":"type-product","3":"status-publish","4":"has-post-thumbnail","6":"pwb-brand-stiga","7":"product_cat-robotniidukid","8":"product_cat-stiga","9":"product_tag-stiga-a300","10":"product_shipping_class-soodsam-kuller-15-eur","12":"first","13":"instock","14":"shipping-taxable","15":"purchasable","16":"product-type-simple"},"acf":[],"yoast_head":"<!-- This site is optimized with the Yoast SEO plugin v26.6 - https:\/\/yoast.com\/wordpress\/plugins\/seo\/ -->\n<title>Kaablivaba robotniiduk STIGA A300. Stiga robotniidukid Reginetist<\/title>\n<meta name=\"description\" content=\"Kaablivaba robotniiduk STIGA A300 on uue p\u00f5lvkonna, t\u00e4ielikult autonoomne, juhtmevaba AGS-tehnoloogiaga masin.Stiga insenerid\" \/>\n<meta name=\"robots\" content=\"index, follow, max-snippet:-1, max-image-preview:large, max-video-preview:-1\" \/>\n<link rel=\"canonical\" href=\"https:\/\/reginett.ee\/toode\/kaablivaba-robotniiduk-stiga-a300\/\" \/>\n<meta property=\"og:locale\" content=\"ru_RU\" \/>\n<meta property=\"og:type\" content=\"article\" \/>\n<meta property=\"og:title\" content=\"Kaablivaba robotniiduk STIGA A300. Stiga robotniidukid Reginetist\" \/>\n<meta property=\"og:description\" content=\"Kaablivaba robotniiduk STIGA A300 on uue p\u00f5lvkonna, t\u00e4ielikult autonoomne, juhtmevaba AGS-tehnoloogiaga masin.Stiga insenerid\" \/>\n<meta property=\"og:url\" content=\"https:\/\/reginett.ee\/toode\/kaablivaba-robotniiduk-stiga-a300\/\" \/>\n<meta property=\"og:site_name\" content=\"Reginett\" \/>\n<meta property=\"og:image\" content=\"https:\/\/reginett.ee\/wp-content\/uploads\/2025\/03\/Kaablivaba-robotniiduk-Stiga-A500.webp\" \/>\n\t<meta property=\"og:image:width\" content=\"680\" \/>\n\t<meta property=\"og:image:height\" content=\"372\" \/>\n\t<meta property=\"og:image:type\" content=\"image\/webp\" \/>\n<meta name=\"twitter:card\" content=\"summary_large_image\" \/>\n<meta name=\"twitter:label1\" content=\"\u041f\u0440\u0438\u043c\u0435\u0440\u043d\u043e\u0435 \u0432\u0440\u0435\u043c\u044f \u0434\u043b\u044f \u0447\u0442\u0435\u043d\u0438\u044f\" \/>\n\t<meta name=\"twitter:data1\" content=\"2 \u043c\u0438\u043d\u0443\u0442\u044b\" \/>\n<script type=\"application\/ld+json\" class=\"yoast-schema-graph\">{\"@context\":\"https:\/\/schema.org\",\"@graph\":[{\"@type\":\"WebPage\",\"@id\":\"https:\/\/reginett.ee\/toode\/kaablivaba-robotniiduk-stiga-a300\/\",\"url\":\"https:\/\/reginett.ee\/toode\/kaablivaba-robotniiduk-stiga-a300\/\",\"name\":\"Kaablivaba robotniiduk STIGA A300. Stiga robotniidukid Reginetist\",\"isPartOf\":{\"@id\":\"https:\/\/reginett.ee\/#website\"},\"primaryImageOfPage\":{\"@id\":\"https:\/\/reginett.ee\/toode\/kaablivaba-robotniiduk-stiga-a300\/#primaryimage\"},\"image\":{\"@id\":\"https:\/\/reginett.ee\/toode\/kaablivaba-robotniiduk-stiga-a300\/#primaryimage\"},\"thumbnailUrl\":\"https:\/\/reginett.ee\/wp-content\/uploads\/2025\/03\/Kaablivaba-robotniiduk-Stiga-A500.webp\",\"datePublished\":\"2025-03-21T10:48:47+00:00\",\"description\":\"Kaablivaba robotniiduk STIGA A300 on uue p\u00f5lvkonna, t\u00e4ielikult autonoomne, juhtmevaba AGS-tehnoloogiaga masin.Stiga insenerid\",\"breadcrumb\":{\"@id\":\"https:\/\/reginett.ee\/toode\/kaablivaba-robotniiduk-stiga-a300\/#breadcrumb\"},\"inLanguage\":\"ru-RU\",\"potentialAction\":[{\"@type\":\"ReadAction\",\"target\":[\"https:\/\/reginett.ee\/toode\/kaablivaba-robotniiduk-stiga-a300\/\"]}]},{\"@type\":\"ImageObject\",\"inLanguage\":\"ru-RU\",\"@id\":\"https:\/\/reginett.ee\/toode\/kaablivaba-robotniiduk-stiga-a300\/#primaryimage\",\"url\":\"https:\/\/reginett.ee\/wp-content\/uploads\/2025\/03\/Kaablivaba-robotniiduk-Stiga-A500.webp\",\"contentUrl\":\"https:\/\/reginett.ee\/wp-content\/uploads\/2025\/03\/Kaablivaba-robotniiduk-Stiga-A500.webp\",\"width\":680,\"height\":372,\"caption\":\"Kaablivaba-robotniiduk-Stiga-A500\"},{\"@type\":\"BreadcrumbList\",\"@id\":\"https:\/\/reginett.ee\/toode\/kaablivaba-robotniiduk-stiga-a300\/#breadcrumb\",\"itemListElement\":[{\"@type\":\"ListItem\",\"position\":1,\"name\":\"Home\",\"item\":\"https:\/\/reginett.ee\/ru\/\"},{\"@type\":\"ListItem\",\"position\":2,\"name\":\"Tooted\",\"item\":\"https:\/\/reginett.ee\/tooted\/\"},{\"@type\":\"ListItem\",\"position\":3,\"name\":\"Kaablivaba robotniiduk STIGA A300\"}]},{\"@type\":\"WebSite\",\"@id\":\"https:\/\/reginett.ee\/#website\",\"url\":\"https:\/\/reginett.ee\/\",\"name\":\"Reginett\",\"description\":\"Parimad robotniidukid\",\"potentialAction\":[{\"@type\":\"SearchAction\",\"target\":{\"@type\":\"EntryPoint\",\"urlTemplate\":\"https:\/\/reginett.ee\/?s={search_term_string}\"},\"query-input\":{\"@type\":\"PropertyValueSpecification\",\"valueRequired\":true,\"valueName\":\"search_term_string\"}}],\"inLanguage\":\"ru-RU\"}]}<\/script>\n<!-- \/ Yoast SEO plugin. -->","yoast_head_json":{"title":"Kaablivaba robotniiduk STIGA A300. Stiga robotniidukid Reginetist","description":"Kaablivaba robotniiduk STIGA A300 on uue p\u00f5lvkonna, t\u00e4ielikult autonoomne, juhtmevaba AGS-tehnoloogiaga masin.Stiga insenerid","robots":{"index":"index","follow":"follow","max-snippet":"max-snippet:-1","max-image-preview":"max-image-preview:large","max-video-preview":"max-video-preview:-1"},"canonical":"https:\/\/reginett.ee\/toode\/kaablivaba-robotniiduk-stiga-a300\/","og_locale":"ru_RU","og_type":"article","og_title":"Kaablivaba robotniiduk STIGA A300. Stiga robotniidukid Reginetist","og_description":"Kaablivaba robotniiduk STIGA A300 on uue p\u00f5lvkonna, t\u00e4ielikult autonoomne, juhtmevaba AGS-tehnoloogiaga masin.Stiga insenerid","og_url":"https:\/\/reginett.ee\/toode\/kaablivaba-robotniiduk-stiga-a300\/","og_site_name":"Reginett","og_image":[{"width":680,"height":372,"url":"https:\/\/reginett.ee\/wp-content\/uploads\/2025\/03\/Kaablivaba-robotniiduk-Stiga-A500.webp","type":"image\/webp"}],"twitter_card":"summary_large_image","twitter_misc":{"\u041f\u0440\u0438\u043c\u0435\u0440\u043d\u043e\u0435 \u0432\u0440\u0435\u043c\u044f \u0434\u043b\u044f \u0447\u0442\u0435\u043d\u0438\u044f":"2 \u043c\u0438\u043d\u0443\u0442\u044b"},"schema":{"@context":"https:\/\/schema.org","@graph":[{"@type":"WebPage","@id":"https:\/\/reginett.ee\/toode\/kaablivaba-robotniiduk-stiga-a300\/","url":"https:\/\/reginett.ee\/toode\/kaablivaba-robotniiduk-stiga-a300\/","name":"Kaablivaba robotniiduk STIGA A300. Stiga robotniidukid Reginetist","isPartOf":{"@id":"https:\/\/reginett.ee\/#website"},"primaryImageOfPage":{"@id":"https:\/\/reginett.ee\/toode\/kaablivaba-robotniiduk-stiga-a300\/#primaryimage"},"image":{"@id":"https:\/\/reginett.ee\/toode\/kaablivaba-robotniiduk-stiga-a300\/#primaryimage"},"thumbnailUrl":"https:\/\/reginett.ee\/wp-content\/uploads\/2025\/03\/Kaablivaba-robotniiduk-Stiga-A500.webp","datePublished":"2025-03-21T10:48:47+00:00","description":"Kaablivaba robotniiduk STIGA A300 on uue p\u00f5lvkonna, t\u00e4ielikult autonoomne, juhtmevaba AGS-tehnoloogiaga masin.Stiga insenerid","breadcrumb":{"@id":"https:\/\/reginett.ee\/toode\/kaablivaba-robotniiduk-stiga-a300\/#breadcrumb"},"inLanguage":"ru-RU","potentialAction":[{"@type":"ReadAction","target":["https:\/\/reginett.ee\/toode\/kaablivaba-robotniiduk-stiga-a300\/"]}]},{"@type":"ImageObject","inLanguage":"ru-RU","@id":"https:\/\/reginett.ee\/toode\/kaablivaba-robotniiduk-stiga-a300\/#primaryimage","url":"https:\/\/reginett.ee\/wp-content\/uploads\/2025\/03\/Kaablivaba-robotniiduk-Stiga-A500.webp","contentUrl":"https:\/\/reginett.ee\/wp-content\/uploads\/2025\/03\/Kaablivaba-robotniiduk-Stiga-A500.webp","width":680,"height":372,"caption":"Kaablivaba-robotniiduk-Stiga-A500"},{"@type":"BreadcrumbList","@id":"https:\/\/reginett.ee\/toode\/kaablivaba-robotniiduk-stiga-a300\/#breadcrumb","itemListElement":[{"@type":"ListItem","position":1,"name":"Home","item":"https:\/\/reginett.ee\/ru\/"},{"@type":"ListItem","position":2,"name":"Tooted","item":"https:\/\/reginett.ee\/tooted\/"},{"@type":"ListItem","position":3,"name":"Kaablivaba robotniiduk STIGA A300"}]},{"@type":"WebSite","@id":"https:\/\/reginett.ee\/#website","url":"https:\/\/reginett.ee\/","name":"Reginett","description":"Parimad robotniidukid","potentialAction":[{"@type":"SearchAction","target":{"@type":"EntryPoint","urlTemplate":"https:\/\/reginett.ee\/?s={search_term_string}"},"query-input":{"@type":"PropertyValueSpecification","valueRequired":true,"valueName":"search_term_string"}}],"inLanguage":"ru-RU"}]}},"brands":[{"id":146,"name":"Stiga","slug":"stiga"}],"_links":{"self":[{"href":"https:\/\/reginett.ee\/ru\/wp-json\/wp\/v2\/product\/62263","targetHints":{"allow":["GET"]}}],"collection":[{"href":"https:\/\/reginett.ee\/ru\/wp-json\/wp\/v2\/product"}],"about":[{"href":"https:\/\/reginett.ee\/ru\/wp-json\/wp\/v2\/types\/product"}],"replies":[{"embeddable":true,"href":"https:\/\/reginett.ee\/ru\/wp-json\/wp\/v2\/comments?post=62263"}],"wp:featuredmedia":[{"embeddable":true,"href":"https:\/\/reginett.ee\/ru\/wp-json\/wp\/v2\/media\/62248"}],"wp:attachment":[{"href":"https:\/\/reginett.ee\/ru\/wp-json\/wp\/v2\/media?parent=62263"}],"wp:term":[{"taxonomy":"pwb-brand","embeddable":true,"href":"https:\/\/reginett.ee\/ru\/wp-json\/wp\/v2\/pwb-brand?post=62263"},{"taxonomy":"product_brand","embeddable":true,"href":"https:\/\/reginett.ee\/ru\/wp-json\/wp\/v2\/product_brand?post=62263"},{"taxonomy":"product_cat","embeddable":true,"href":"https:\/\/reginett.ee\/ru\/wp-json\/wp\/v2\/product_cat?post=62263"},{"taxonomy":"product_tag","embeddable":true,"href":"https:\/\/reginett.ee\/ru\/wp-json\/wp\/v2\/product_tag?post=62263"}],"curies":[{"name":"wp","href":"https:\/\/api.w.org\/{rel}","templated":true}]}}