{"id":62247,"date":"2025-03-21T08:21:07","date_gmt":"2025-03-21T05:21:07","guid":{"rendered":"https:\/\/reginett.ee\/?post_type=product&#038;p=62247"},"modified":"2025-11-26T10:22:27","modified_gmt":"2025-11-26T07:22:27","slug":"kaablivaba-robotniiduk-stiga-a500","status":"publish","type":"product","link":"https:\/\/reginett.ee\/ru\/toode\/kaablivaba-robotniiduk-stiga-a500\/","title":{"rendered":"Kaablivaba robotniiduk STIGA A500"},"content":{"rendered":"<p><strong>Kaablivaba robotniiduk Stiga A500<\/strong> on 2,0Ah liitiumioonakul t\u00f6\u00f6tav robotniiduk, mis suudab niita <strong>kuni 700 m\u00b2 murualasid.<\/strong><\/p>\n<p>Stiga insenerid ja disainerid on arendanud uue p\u00f5lvkonna robotniiduki j\u00e4rjekordse mudeli A500, milles on \u00fchendatud uusimad tehnoloogiad ja parimad kasutusmugavused. \u00e4islaetud akuga v\u00f5ib roboti j\u00e4rjestikune t\u00f6\u00f6aeg olla kuni 40 minutit. STIGA A500 muruniiduk \u2013 uue p\u00f5lvkonna, t\u00e4ielikult autonoomne, juhtmevaba AGS-tehnoloogiaga robotniiduk. Uute STIGA A-seeria robotite paigaldamiseks <strong>ei ole vaja piirdekaablit<\/strong>. M\u00e4rkige kogu oma krunt mobiiltelefoni abiga lihtsalt robotiga s\u00f5ites m\u00f6\u00f6da soovitud ala piiri. Robot skaneerib aktiivselt aeda, et otsustada, kus ja millal niita, kasutades patenteeritud AGS (Active Guidance System) algoritmi kombineerituna RTK-GPS-iga tehnoloogiaga, algoritm, mis parandab veelgi GPS RTK signaali t\u00f6\u00f6kindlust.<\/p>\n<div class=\"summary entry-summary\">\n<div class=\"summary-container\">\n<p>STIGA A-seeria robotid optimeerivad aku kasutamist, t\u00f6\u00f6tades s\u00fcsteemseid niidumustreid\u00a0 kasutades, mis t\u00e4hendab, et nad ei niida enam juhuslikult. Robotil on mitu programmi erinevate niidusuundade jaoks. Et v\u00e4ltida liigset niitmist saab kasutaja seadistada kuni 10 niidutsooni. Liitiumioonaku kasutamist iseloomustab vastupidavus ja see ei saasta keskkonda. Tugev plastkorpus on valmistatud pol\u00fcprop\u00fcleenist ja 30% talkmaterjalist, mis neelab m\u00fcra ja vibratsiooni.<\/p>\n<p>Kompaktne ja kerge STIGA A-seeria robot suudab niita erineva kujuga aedades \u2013 h\u00f5lpsasti man\u00f6\u00f6verdades kitsastes kohtades, \u00fcmber puude ja p\u00f5\u00f5saste. Kuna robot on ideaalselt tasakaalustatud, saab see h\u00f5lpsalt hakkama erinevate ebatasasustega ja suudab ronida kuni 45% (24\u00b0) n\u00f5lvadel. STIGA A-seeria robotil on kaks elektroonilist aju (toiteplaat ja loogikaplaat), mis orienteeruvad ja otsustavad, millal ja kus l\u00f5igata. Robotit saab juhtida ka robitil oleva intuitiivse klaviatuuriga ja Bluetooth-\u00fchenduse kaudu oma nutitelefonist, kasutades rakendust STIGA.GO \u00e4ppi.<\/p>\n<h3 class=\"fusion-responsive-typography-calculated\" data-fontsize=\"17\" data-lineheight=\"23.9667px\">Niitmine<\/h3>\n<p>kaablivaba robotniiduk Stiga A500 t\u00f6\u00f6tab 4 vabalt p\u00f6\u00f6rleva \u017eilettterava teraga, niidulaius on 18 cm. Tera purustab niidetud muru ja laotab selle tagasi pinnasele, luues kasvavale murule loodusliku v\u00e4etise. L\u00f5ikek\u00f5rguse asendid on elektriliselt reguleeritavad vahemikus 20-60 mm. STIGA A500 robot suudab hooldada kogu murupinda, t\u00f6\u00f6tades vaid 2 korda p\u00e4evas kuni 40 minutiliste niiduts\u00fcklitega. Nii j\u00e4\u00e4b rohkem aega aias m\u00f5nulemiseks ja j\u00e4tab v\u00f5imaluse murul p\u00e4rast niitmist \u201cparaneda\u201d. T\u00e4nu takistuse tuvastamise anduritele peatub robot takistusega kokku puutudes ja muudab automaatselt liikumissuunda.<\/p>\n<p>STIGA.GO \u00e4pi abil on v\u00f5imalik m\u00e4\u00e4rata kindel niiduaeg ja v\u00e4listada alad, mida sa ei soovi niita ja robot sinna ei l\u00e4he. V\u00f5i integreerige h\u00e4\u00e4lassistent Alexa h\u00e4\u00e4lk\u00e4skluste jaoks. Samuti on robotil kaitse varguse vastu \u2013 roboti l\u00f5iketsoonist v\u00e4ljas olles saadetakse kasutajale teade.<\/p>\n<p>Kolm andurit aitavad reageerida \u00fcmbritsevale:<\/p>\n<ul>\n<li>Vihmaandur \u2013 saadab roboti tagasi laadimisjaama kui sajab vihma.<\/li>\n<li>P\u00f5rkeandur \u2013 t\u00e4nu takistuste tuvastamisele robot peatub ja muudab automaatselt liikumissuunda, v\u00e4ltides nii ka terade kahjustamist.<\/li>\n<li>T\u00f5steandur \u2013 peatab roboti \u00fcles t\u00f5stmisel automaatselt l\u00f5iketerad.<\/li>\n<\/ul>\n<p>Uudse lahendusena on robotniidukil <strong>eemaldatav pealiskate<\/strong>, mida v\u00f5ib pesta jooksva vee all. Robot vastab IPX5 niiskuskaitsele. Selline lahendus v\u00f5imaldab hoida robotniiduki alati puhta ja hooldatuna.<\/p>\n<h4 class=\"fusion-responsive-typography-calculated\" data-fontsize=\"14\" data-lineheight=\"20.0167px\">Andmesidepakett<\/h4>\n<p>Stiga robotniidukil A 500 on ostes kaasas tasuta piiramatu andmeside pakket,<\/p>\n<div class=\"product_meta\"><span class=\"sku_wrapper\">Tootekood: <span class=\"sku\">2R7101128\/ST1<\/span><\/span> <span class=\"posted_in\">Kategooria: <a href=\"https:\/\/loodusinvest.ee\/product-category\/robotniidukid\/\" rel=\"tag\">Robotniidukid<\/a><\/span><\/div>\n<\/div>\n<\/div>\n<div class=\"fusion-clearfix\"><\/div>\n","protected":false},"excerpt":{"rendered":"<p><strong>Kaablivaba robotniiduk Stiga A500<\/strong> on 2,0Ah liitiumioonakul t\u00f6\u00f6tav robotniiduk, mis suudab niita <strong>kuni 700 m\u00b2 murualasid.<\/strong><\/p>\n","protected":false},"featured_media":62248,"comment_status":"open","ping_status":"closed","template":"","meta":{"_acf_changed":false,"_et_pb_use_builder":"","_et_pb_old_content":"","_et_gb_content_width":"","inline_featured_image":false},"pwb-brand":[146],"product_brand":[],"product_cat":[19,154],"product_tag":[704,705],"class_list":{"0":"post-62247","1":"product","2":"type-product","3":"status-publish","4":"has-post-thumbnail","6":"pwb-brand-stiga","7":"product_cat-robotniidukid","8":"product_cat-stiga","9":"product_tag-kaablivaba-robotniiduk-stiga-a500","10":"product_tag-stiga-a500","11":"product_shipping_class-soodsam-kuller-15-eur","13":"first","14":"outofstock","15":"shipping-taxable","16":"purchasable","17":"product-type-simple"},"acf":[],"yoast_head":"<!-- This site is optimized with the Yoast SEO plugin v26.6 - https:\/\/yoast.com\/wordpress\/plugins\/seo\/ -->\n<title>Kaablivaba robotniiduk STIGA A500. Stiga robotniidukid Reginetist<\/title>\n<meta name=\"description\" content=\"Kaablivaba robotniiduk Stiga A500 on 2,0Ah liitiumioonakul t\u00f6\u00f6tav robotniiduk, mis suudab niita kuni 700 m\u00b2murualasid. Kaablivaba tehnoloogia\" \/>\n<meta name=\"robots\" content=\"index, follow, max-snippet:-1, max-image-preview:large, max-video-preview:-1\" \/>\n<link rel=\"canonical\" href=\"https:\/\/reginett.ee\/toode\/kaablivaba-robotniiduk-stiga-a500\/\" \/>\n<meta property=\"og:locale\" content=\"ru_RU\" \/>\n<meta property=\"og:type\" content=\"article\" \/>\n<meta property=\"og:title\" content=\"Kaablivaba robotniiduk STIGA A500. Stiga robotniidukid Reginetist\" \/>\n<meta property=\"og:description\" content=\"Kaablivaba robotniiduk Stiga A500 on 2,0Ah liitiumioonakul t\u00f6\u00f6tav robotniiduk, mis suudab niita kuni 700 m\u00b2murualasid. Kaablivaba tehnoloogia\" \/>\n<meta property=\"og:url\" content=\"https:\/\/reginett.ee\/toode\/kaablivaba-robotniiduk-stiga-a500\/\" \/>\n<meta property=\"og:site_name\" content=\"Reginett\" \/>\n<meta property=\"article:modified_time\" content=\"2025-11-26T07:22:27+00:00\" \/>\n<meta property=\"og:image\" content=\"https:\/\/reginett.ee\/wp-content\/uploads\/2025\/03\/Kaablivaba-robotniiduk-Stiga-A500.webp\" \/>\n\t<meta property=\"og:image:width\" content=\"680\" \/>\n\t<meta property=\"og:image:height\" content=\"372\" \/>\n\t<meta property=\"og:image:type\" content=\"image\/webp\" \/>\n<meta name=\"twitter:card\" content=\"summary_large_image\" \/>\n<meta name=\"twitter:label1\" content=\"\u041f\u0440\u0438\u043c\u0435\u0440\u043d\u043e\u0435 \u0432\u0440\u0435\u043c\u044f \u0434\u043b\u044f \u0447\u0442\u0435\u043d\u0438\u044f\" \/>\n\t<meta name=\"twitter:data1\" content=\"3 \u043c\u0438\u043d\u0443\u0442\u044b\" \/>\n<script type=\"application\/ld+json\" class=\"yoast-schema-graph\">{\"@context\":\"https:\/\/schema.org\",\"@graph\":[{\"@type\":\"WebPage\",\"@id\":\"https:\/\/reginett.ee\/toode\/kaablivaba-robotniiduk-stiga-a500\/\",\"url\":\"https:\/\/reginett.ee\/toode\/kaablivaba-robotniiduk-stiga-a500\/\",\"name\":\"Kaablivaba robotniiduk STIGA A500. Stiga robotniidukid Reginetist\",\"isPartOf\":{\"@id\":\"https:\/\/reginett.ee\/#website\"},\"primaryImageOfPage\":{\"@id\":\"https:\/\/reginett.ee\/toode\/kaablivaba-robotniiduk-stiga-a500\/#primaryimage\"},\"image\":{\"@id\":\"https:\/\/reginett.ee\/toode\/kaablivaba-robotniiduk-stiga-a500\/#primaryimage\"},\"thumbnailUrl\":\"https:\/\/reginett.ee\/wp-content\/uploads\/2025\/03\/Kaablivaba-robotniiduk-Stiga-A500.webp\",\"datePublished\":\"2025-03-21T05:21:07+00:00\",\"dateModified\":\"2025-11-26T07:22:27+00:00\",\"description\":\"Kaablivaba robotniiduk Stiga A500 on 2,0Ah liitiumioonakul t\u00f6\u00f6tav robotniiduk, mis suudab niita kuni 700 m\u00b2murualasid. Kaablivaba tehnoloogia\",\"breadcrumb\":{\"@id\":\"https:\/\/reginett.ee\/toode\/kaablivaba-robotniiduk-stiga-a500\/#breadcrumb\"},\"inLanguage\":\"ru-RU\",\"potentialAction\":[{\"@type\":\"ReadAction\",\"target\":[\"https:\/\/reginett.ee\/toode\/kaablivaba-robotniiduk-stiga-a500\/\"]}]},{\"@type\":\"ImageObject\",\"inLanguage\":\"ru-RU\",\"@id\":\"https:\/\/reginett.ee\/toode\/kaablivaba-robotniiduk-stiga-a500\/#primaryimage\",\"url\":\"https:\/\/reginett.ee\/wp-content\/uploads\/2025\/03\/Kaablivaba-robotniiduk-Stiga-A500.webp\",\"contentUrl\":\"https:\/\/reginett.ee\/wp-content\/uploads\/2025\/03\/Kaablivaba-robotniiduk-Stiga-A500.webp\",\"width\":680,\"height\":372,\"caption\":\"Kaablivaba-robotniiduk-Stiga-A500\"},{\"@type\":\"BreadcrumbList\",\"@id\":\"https:\/\/reginett.ee\/toode\/kaablivaba-robotniiduk-stiga-a500\/#breadcrumb\",\"itemListElement\":[{\"@type\":\"ListItem\",\"position\":1,\"name\":\"Home\",\"item\":\"https:\/\/reginett.ee\/ru\/\"},{\"@type\":\"ListItem\",\"position\":2,\"name\":\"Tooted\",\"item\":\"https:\/\/reginett.ee\/tooted\/\"},{\"@type\":\"ListItem\",\"position\":3,\"name\":\"Kaablivaba robotniiduk STIGA A500\"}]},{\"@type\":\"WebSite\",\"@id\":\"https:\/\/reginett.ee\/#website\",\"url\":\"https:\/\/reginett.ee\/\",\"name\":\"Reginett\",\"description\":\"Parimad robotniidukid\",\"potentialAction\":[{\"@type\":\"SearchAction\",\"target\":{\"@type\":\"EntryPoint\",\"urlTemplate\":\"https:\/\/reginett.ee\/?s={search_term_string}\"},\"query-input\":{\"@type\":\"PropertyValueSpecification\",\"valueRequired\":true,\"valueName\":\"search_term_string\"}}],\"inLanguage\":\"ru-RU\"}]}<\/script>\n<!-- \/ Yoast SEO plugin. -->","yoast_head_json":{"title":"Kaablivaba robotniiduk STIGA A500. Stiga robotniidukid Reginetist","description":"Kaablivaba robotniiduk Stiga A500 on 2,0Ah liitiumioonakul t\u00f6\u00f6tav robotniiduk, mis suudab niita kuni 700 m\u00b2murualasid. Kaablivaba tehnoloogia","robots":{"index":"index","follow":"follow","max-snippet":"max-snippet:-1","max-image-preview":"max-image-preview:large","max-video-preview":"max-video-preview:-1"},"canonical":"https:\/\/reginett.ee\/toode\/kaablivaba-robotniiduk-stiga-a500\/","og_locale":"ru_RU","og_type":"article","og_title":"Kaablivaba robotniiduk STIGA A500. Stiga robotniidukid Reginetist","og_description":"Kaablivaba robotniiduk Stiga A500 on 2,0Ah liitiumioonakul t\u00f6\u00f6tav robotniiduk, mis suudab niita kuni 700 m\u00b2murualasid. Kaablivaba tehnoloogia","og_url":"https:\/\/reginett.ee\/toode\/kaablivaba-robotniiduk-stiga-a500\/","og_site_name":"Reginett","article_modified_time":"2025-11-26T07:22:27+00:00","og_image":[{"width":680,"height":372,"url":"https:\/\/reginett.ee\/wp-content\/uploads\/2025\/03\/Kaablivaba-robotniiduk-Stiga-A500.webp","type":"image\/webp"}],"twitter_card":"summary_large_image","twitter_misc":{"\u041f\u0440\u0438\u043c\u0435\u0440\u043d\u043e\u0435 \u0432\u0440\u0435\u043c\u044f \u0434\u043b\u044f \u0447\u0442\u0435\u043d\u0438\u044f":"3 \u043c\u0438\u043d\u0443\u0442\u044b"},"schema":{"@context":"https:\/\/schema.org","@graph":[{"@type":"WebPage","@id":"https:\/\/reginett.ee\/toode\/kaablivaba-robotniiduk-stiga-a500\/","url":"https:\/\/reginett.ee\/toode\/kaablivaba-robotniiduk-stiga-a500\/","name":"Kaablivaba robotniiduk STIGA A500. Stiga robotniidukid Reginetist","isPartOf":{"@id":"https:\/\/reginett.ee\/#website"},"primaryImageOfPage":{"@id":"https:\/\/reginett.ee\/toode\/kaablivaba-robotniiduk-stiga-a500\/#primaryimage"},"image":{"@id":"https:\/\/reginett.ee\/toode\/kaablivaba-robotniiduk-stiga-a500\/#primaryimage"},"thumbnailUrl":"https:\/\/reginett.ee\/wp-content\/uploads\/2025\/03\/Kaablivaba-robotniiduk-Stiga-A500.webp","datePublished":"2025-03-21T05:21:07+00:00","dateModified":"2025-11-26T07:22:27+00:00","description":"Kaablivaba robotniiduk Stiga A500 on 2,0Ah liitiumioonakul t\u00f6\u00f6tav robotniiduk, mis suudab niita kuni 700 m\u00b2murualasid. Kaablivaba tehnoloogia","breadcrumb":{"@id":"https:\/\/reginett.ee\/toode\/kaablivaba-robotniiduk-stiga-a500\/#breadcrumb"},"inLanguage":"ru-RU","potentialAction":[{"@type":"ReadAction","target":["https:\/\/reginett.ee\/toode\/kaablivaba-robotniiduk-stiga-a500\/"]}]},{"@type":"ImageObject","inLanguage":"ru-RU","@id":"https:\/\/reginett.ee\/toode\/kaablivaba-robotniiduk-stiga-a500\/#primaryimage","url":"https:\/\/reginett.ee\/wp-content\/uploads\/2025\/03\/Kaablivaba-robotniiduk-Stiga-A500.webp","contentUrl":"https:\/\/reginett.ee\/wp-content\/uploads\/2025\/03\/Kaablivaba-robotniiduk-Stiga-A500.webp","width":680,"height":372,"caption":"Kaablivaba-robotniiduk-Stiga-A500"},{"@type":"BreadcrumbList","@id":"https:\/\/reginett.ee\/toode\/kaablivaba-robotniiduk-stiga-a500\/#breadcrumb","itemListElement":[{"@type":"ListItem","position":1,"name":"Home","item":"https:\/\/reginett.ee\/ru\/"},{"@type":"ListItem","position":2,"name":"Tooted","item":"https:\/\/reginett.ee\/tooted\/"},{"@type":"ListItem","position":3,"name":"Kaablivaba robotniiduk STIGA A500"}]},{"@type":"WebSite","@id":"https:\/\/reginett.ee\/#website","url":"https:\/\/reginett.ee\/","name":"Reginett","description":"Parimad robotniidukid","potentialAction":[{"@type":"SearchAction","target":{"@type":"EntryPoint","urlTemplate":"https:\/\/reginett.ee\/?s={search_term_string}"},"query-input":{"@type":"PropertyValueSpecification","valueRequired":true,"valueName":"search_term_string"}}],"inLanguage":"ru-RU"}]}},"brands":[{"id":146,"name":"Stiga","slug":"stiga"}],"_links":{"self":[{"href":"https:\/\/reginett.ee\/ru\/wp-json\/wp\/v2\/product\/62247","targetHints":{"allow":["GET"]}}],"collection":[{"href":"https:\/\/reginett.ee\/ru\/wp-json\/wp\/v2\/product"}],"about":[{"href":"https:\/\/reginett.ee\/ru\/wp-json\/wp\/v2\/types\/product"}],"replies":[{"embeddable":true,"href":"https:\/\/reginett.ee\/ru\/wp-json\/wp\/v2\/comments?post=62247"}],"wp:featuredmedia":[{"embeddable":true,"href":"https:\/\/reginett.ee\/ru\/wp-json\/wp\/v2\/media\/62248"}],"wp:attachment":[{"href":"https:\/\/reginett.ee\/ru\/wp-json\/wp\/v2\/media?parent=62247"}],"wp:term":[{"taxonomy":"pwb-brand","embeddable":true,"href":"https:\/\/reginett.ee\/ru\/wp-json\/wp\/v2\/pwb-brand?post=62247"},{"taxonomy":"product_brand","embeddable":true,"href":"https:\/\/reginett.ee\/ru\/wp-json\/wp\/v2\/product_brand?post=62247"},{"taxonomy":"product_cat","embeddable":true,"href":"https:\/\/reginett.ee\/ru\/wp-json\/wp\/v2\/product_cat?post=62247"},{"taxonomy":"product_tag","embeddable":true,"href":"https:\/\/reginett.ee\/ru\/wp-json\/wp\/v2\/product_tag?post=62247"}],"curies":[{"name":"wp","href":"https:\/\/api.w.org\/{rel}","templated":true}]}}