{"id":62199,"date":"2025-03-15T12:52:41","date_gmt":"2025-03-15T09:52:41","guid":{"rendered":"https:\/\/reginett.ee\/?post_type=product&#038;p=62199"},"modified":"2026-03-17T10:05:08","modified_gmt":"2026-03-17T07:05:08","slug":"murutraktor-stiga-tornado-398m","status":"publish","type":"product","link":"https:\/\/reginett.ee\/ru\/toode\/murutraktor-stiga-tornado-398m\/","title":{"rendered":"Murutraktor STIGA Tornado 398M"},"content":{"rendered":"<p>Murutraktor <strong>Stiga Tornado 398M<\/strong> sobib v\u00e4iksema v\u00f5i keskmise suurusega murualade hooldamiseks. Soovitusliku niiduala suurus on ca 4500 m\u00b2.\u00a0 Niiduk\u00f5rguse reguleerimiseks on 7 positsiooni vahemikus 2,5 \u2013 8 cm.\u00a0 18\u201d tagumised rattad annavad s\u00f5itmisel hea haarduvuse ka raskematel maastikel t\u00f6\u00f6tades.<\/p>\n<p><strong>See on Stiga Tornado 398M 2025 a uus mudel!<\/strong><\/p>\n<p>T\u00f6\u00f6mugavust suurendavad Classic iste ja\u00a0 pehmendusega rool. Esituled tagavad n\u00e4htavuse h\u00e4maras t\u00f6\u00f6tamisel v\u00f5i halbades ilmastikuoludes (udu, vihm v\u00f5i lumesadu).<\/p>\n<p>Traktoritele m\u00f5eldud erinevad\u00a0\u00a0<a href=\"https:\/\/loodusinvest.ee\/pood\/?filters=product_cat[4534]\" target=\"_blank\" rel=\"noopener\">LISASEADMED \u00a0<\/a>v\u00f5imaldavad masinat t\u00f6\u00f6s hoida aastaringselt. Haagisena kasutatavad mururull ja k\u00fclvik sobivad suuremate murualade hooldamiseks. Niidetud muru v\u00f5i s\u00fcgislehed saab kokku koguda muru- ja lehekogujaga.\u00a0 Sahk on talvel abiks suurema lume l\u00fckkamisel. Haagisk\u00e4ru on erinevateks majapidamist\u00f6\u00f6deks kasutatav pea aastaringselt.<\/p>\n<p>Soovitame kasutada <strong>biolisandi vaba<\/strong>\u00a0 A95 bensiini ja spetsiaalset Stiga \u00f5li, mis tagab mootori parima j\u00f5udluse ja optimaalse \u00f5lituse. Hoolduseks ja remondiks soovitame kasutada ainult originaalvaruosi, mis tagavad masina maksimaalse t\u00f6\u00f6ea.<\/p>\n<p><strong>STIGA Grupp <\/strong>on Euroopa juhtiv aiat\u00f6\u00f6masinate ja -seadmete tootja ja turustaja.\u00a090-aastase kogemuse \u00fchendavad viis esmaklassilist kaubam\u00e4rki: STIGA, Alpina, Mountfield, Castelgarden ja ATCO. Iga kaubam\u00e4rk keskendub innovatsioonile, lihtsusele ja ohutusele. Tootevalik on lai, h\u00f5lmates praktiliselt k\u00f5ik vajaliku aias v\u00f5i haljastuses t\u00f6\u00f6tamiseks alates murutraktoritest, robotniidukitest kuni pinnasehooldusmasinate, lumepuhurite, k\u00f5rgsurvepesurite, oksapurustajate, kettsaagide ja v\u00f5sal\u00f5ikuriteni. M\u00f5eldud on nii hobiaednike kui professionaalide peale. Tootearendus on pidev ja t\u00e4na saab paljusid STIGA tooteid valida ka keskkonnas\u00f5bralike ja innovatiivsete akutoitel t\u00f6\u00f6tavatena.<\/p>\n","protected":false},"excerpt":{"rendered":"<p>Murutraktor <strong>Stiga Tornado 398M<\/strong> sobib v\u00e4iksema v\u00f5i keskmise suurusega murualade hooldamiseks. Soovitusliku niiduala suurus on ca 4500 m\u00b2.\u00a0 Niiduk\u00f5rguse reguleerimiseks on 7 positsiooni vahemikus 2,5 \u2013 8 cm.\u00a0 18\u201d tagumised rattad annavad s\u00f5itmisel hea haarduvuse ka raskematel maastikel t\u00f6\u00f6tades.<\/p>\n<p><strong>See on Stiga Tornado 398M 2025 a uus mudel!<\/strong><\/p>\n","protected":false},"featured_media":62200,"comment_status":"open","ping_status":"closed","template":"","meta":{"_acf_changed":false,"_et_pb_use_builder":"","_et_pb_old_content":"","_et_gb_content_width":"","inline_featured_image":false},"pwb-brand":[146],"product_brand":[],"product_cat":[134,26,154],"product_tag":[700],"class_list":{"0":"post-62199","1":"product","2":"type-product","3":"status-publish","4":"has-post-thumbnail","6":"pwb-brand-stiga","7":"product_cat-eripakkumised","8":"product_cat-murutraktorid","9":"product_cat-stiga","10":"product_tag-stiga-398m","11":"product_shipping_class-rasked-asjad","13":"first","14":"instock","15":"shipping-taxable","16":"purchasable","17":"product-type-simple"},"acf":[],"yoast_head":"<!-- This site is optimized with the Yoast SEO plugin v26.6 - https:\/\/yoast.com\/wordpress\/plugins\/seo\/ -->\n<title>Murutraktor STIGA Tornado 398M. Stiga murutraktorid Reginetist<\/title>\n<meta name=\"description\" content=\"Murutraktor Stiga Tornado 398M sobib v\u00e4iksema v\u00f5i keskmise suurusega murualade hooldamiseks. Soovitusliku niiduala suurus on ca 4500 m\u00b2.\" \/>\n<meta name=\"robots\" content=\"index, follow, max-snippet:-1, max-image-preview:large, max-video-preview:-1\" \/>\n<link rel=\"canonical\" href=\"https:\/\/reginett.ee\/toode\/murutraktor-stiga-tornado-398m\/\" \/>\n<meta property=\"og:locale\" content=\"ru_RU\" \/>\n<meta property=\"og:type\" content=\"article\" \/>\n<meta property=\"og:title\" content=\"Murutraktor STIGA Tornado 398M. Stiga murutraktorid Reginetist\" \/>\n<meta property=\"og:description\" content=\"Murutraktor Stiga Tornado 398M sobib v\u00e4iksema v\u00f5i keskmise suurusega murualade hooldamiseks. Soovitusliku niiduala suurus on ca 4500 m\u00b2.\" \/>\n<meta property=\"og:url\" content=\"https:\/\/reginett.ee\/toode\/murutraktor-stiga-tornado-398m\/\" \/>\n<meta property=\"og:site_name\" content=\"Reginett\" \/>\n<meta property=\"article:modified_time\" content=\"2026-03-17T07:05:08+00:00\" \/>\n<meta property=\"og:image\" content=\"https:\/\/reginett.ee\/wp-content\/uploads\/2025\/03\/Murutraktor-Stiga-Tornado-398M.webp\" \/>\n\t<meta property=\"og:image:width\" content=\"680\" \/>\n\t<meta property=\"og:image:height\" content=\"372\" \/>\n\t<meta property=\"og:image:type\" content=\"image\/webp\" \/>\n<meta name=\"twitter:card\" content=\"summary_large_image\" \/>\n<meta name=\"twitter:label1\" content=\"\u041f\u0440\u0438\u043c\u0435\u0440\u043d\u043e\u0435 \u0432\u0440\u0435\u043c\u044f \u0434\u043b\u044f \u0447\u0442\u0435\u043d\u0438\u044f\" \/>\n\t<meta name=\"twitter:data1\" content=\"2 \u043c\u0438\u043d\u0443\u0442\u044b\" \/>\n<script type=\"application\/ld+json\" class=\"yoast-schema-graph\">{\"@context\":\"https:\/\/schema.org\",\"@graph\":[{\"@type\":\"WebPage\",\"@id\":\"https:\/\/reginett.ee\/toode\/murutraktor-stiga-tornado-398m\/\",\"url\":\"https:\/\/reginett.ee\/toode\/murutraktor-stiga-tornado-398m\/\",\"name\":\"Murutraktor STIGA Tornado 398M. Stiga murutraktorid Reginetist\",\"isPartOf\":{\"@id\":\"https:\/\/reginett.ee\/#website\"},\"primaryImageOfPage\":{\"@id\":\"https:\/\/reginett.ee\/toode\/murutraktor-stiga-tornado-398m\/#primaryimage\"},\"image\":{\"@id\":\"https:\/\/reginett.ee\/toode\/murutraktor-stiga-tornado-398m\/#primaryimage\"},\"thumbnailUrl\":\"https:\/\/reginett.ee\/wp-content\/uploads\/2025\/03\/Murutraktor-Stiga-Tornado-398M.webp\",\"datePublished\":\"2025-03-15T09:52:41+00:00\",\"dateModified\":\"2026-03-17T07:05:08+00:00\",\"description\":\"Murutraktor Stiga Tornado 398M sobib v\u00e4iksema v\u00f5i keskmise suurusega murualade hooldamiseks. Soovitusliku niiduala suurus on ca 4500 m\u00b2.\",\"breadcrumb\":{\"@id\":\"https:\/\/reginett.ee\/toode\/murutraktor-stiga-tornado-398m\/#breadcrumb\"},\"inLanguage\":\"ru-RU\",\"potentialAction\":[{\"@type\":\"ReadAction\",\"target\":[\"https:\/\/reginett.ee\/toode\/murutraktor-stiga-tornado-398m\/\"]}]},{\"@type\":\"ImageObject\",\"inLanguage\":\"ru-RU\",\"@id\":\"https:\/\/reginett.ee\/toode\/murutraktor-stiga-tornado-398m\/#primaryimage\",\"url\":\"https:\/\/reginett.ee\/wp-content\/uploads\/2025\/03\/Murutraktor-Stiga-Tornado-398M.webp\",\"contentUrl\":\"https:\/\/reginett.ee\/wp-content\/uploads\/2025\/03\/Murutraktor-Stiga-Tornado-398M.webp\",\"width\":680,\"height\":372,\"caption\":\"Murutraktor Stiga Tornado 398M\"},{\"@type\":\"BreadcrumbList\",\"@id\":\"https:\/\/reginett.ee\/toode\/murutraktor-stiga-tornado-398m\/#breadcrumb\",\"itemListElement\":[{\"@type\":\"ListItem\",\"position\":1,\"name\":\"Home\",\"item\":\"https:\/\/reginett.ee\/ru\/\"},{\"@type\":\"ListItem\",\"position\":2,\"name\":\"Tooted\",\"item\":\"https:\/\/reginett.ee\/tooted\/\"},{\"@type\":\"ListItem\",\"position\":3,\"name\":\"Murutraktor STIGA Tornado 398M\"}]},{\"@type\":\"WebSite\",\"@id\":\"https:\/\/reginett.ee\/#website\",\"url\":\"https:\/\/reginett.ee\/\",\"name\":\"Reginett\",\"description\":\"Parimad robotniidukid\",\"potentialAction\":[{\"@type\":\"SearchAction\",\"target\":{\"@type\":\"EntryPoint\",\"urlTemplate\":\"https:\/\/reginett.ee\/?s={search_term_string}\"},\"query-input\":{\"@type\":\"PropertyValueSpecification\",\"valueRequired\":true,\"valueName\":\"search_term_string\"}}],\"inLanguage\":\"ru-RU\"}]}<\/script>\n<!-- \/ Yoast SEO plugin. -->","yoast_head_json":{"title":"Murutraktor STIGA Tornado 398M. Stiga murutraktorid Reginetist","description":"Murutraktor Stiga Tornado 398M sobib v\u00e4iksema v\u00f5i keskmise suurusega murualade hooldamiseks. Soovitusliku niiduala suurus on ca 4500 m\u00b2.","robots":{"index":"index","follow":"follow","max-snippet":"max-snippet:-1","max-image-preview":"max-image-preview:large","max-video-preview":"max-video-preview:-1"},"canonical":"https:\/\/reginett.ee\/toode\/murutraktor-stiga-tornado-398m\/","og_locale":"ru_RU","og_type":"article","og_title":"Murutraktor STIGA Tornado 398M. Stiga murutraktorid Reginetist","og_description":"Murutraktor Stiga Tornado 398M sobib v\u00e4iksema v\u00f5i keskmise suurusega murualade hooldamiseks. Soovitusliku niiduala suurus on ca 4500 m\u00b2.","og_url":"https:\/\/reginett.ee\/toode\/murutraktor-stiga-tornado-398m\/","og_site_name":"Reginett","article_modified_time":"2026-03-17T07:05:08+00:00","og_image":[{"width":680,"height":372,"url":"https:\/\/reginett.ee\/wp-content\/uploads\/2025\/03\/Murutraktor-Stiga-Tornado-398M.webp","type":"image\/webp"}],"twitter_card":"summary_large_image","twitter_misc":{"\u041f\u0440\u0438\u043c\u0435\u0440\u043d\u043e\u0435 \u0432\u0440\u0435\u043c\u044f \u0434\u043b\u044f \u0447\u0442\u0435\u043d\u0438\u044f":"2 \u043c\u0438\u043d\u0443\u0442\u044b"},"schema":{"@context":"https:\/\/schema.org","@graph":[{"@type":"WebPage","@id":"https:\/\/reginett.ee\/toode\/murutraktor-stiga-tornado-398m\/","url":"https:\/\/reginett.ee\/toode\/murutraktor-stiga-tornado-398m\/","name":"Murutraktor STIGA Tornado 398M. Stiga murutraktorid Reginetist","isPartOf":{"@id":"https:\/\/reginett.ee\/#website"},"primaryImageOfPage":{"@id":"https:\/\/reginett.ee\/toode\/murutraktor-stiga-tornado-398m\/#primaryimage"},"image":{"@id":"https:\/\/reginett.ee\/toode\/murutraktor-stiga-tornado-398m\/#primaryimage"},"thumbnailUrl":"https:\/\/reginett.ee\/wp-content\/uploads\/2025\/03\/Murutraktor-Stiga-Tornado-398M.webp","datePublished":"2025-03-15T09:52:41+00:00","dateModified":"2026-03-17T07:05:08+00:00","description":"Murutraktor Stiga Tornado 398M sobib v\u00e4iksema v\u00f5i keskmise suurusega murualade hooldamiseks. Soovitusliku niiduala suurus on ca 4500 m\u00b2.","breadcrumb":{"@id":"https:\/\/reginett.ee\/toode\/murutraktor-stiga-tornado-398m\/#breadcrumb"},"inLanguage":"ru-RU","potentialAction":[{"@type":"ReadAction","target":["https:\/\/reginett.ee\/toode\/murutraktor-stiga-tornado-398m\/"]}]},{"@type":"ImageObject","inLanguage":"ru-RU","@id":"https:\/\/reginett.ee\/toode\/murutraktor-stiga-tornado-398m\/#primaryimage","url":"https:\/\/reginett.ee\/wp-content\/uploads\/2025\/03\/Murutraktor-Stiga-Tornado-398M.webp","contentUrl":"https:\/\/reginett.ee\/wp-content\/uploads\/2025\/03\/Murutraktor-Stiga-Tornado-398M.webp","width":680,"height":372,"caption":"Murutraktor Stiga Tornado 398M"},{"@type":"BreadcrumbList","@id":"https:\/\/reginett.ee\/toode\/murutraktor-stiga-tornado-398m\/#breadcrumb","itemListElement":[{"@type":"ListItem","position":1,"name":"Home","item":"https:\/\/reginett.ee\/ru\/"},{"@type":"ListItem","position":2,"name":"Tooted","item":"https:\/\/reginett.ee\/tooted\/"},{"@type":"ListItem","position":3,"name":"Murutraktor STIGA Tornado 398M"}]},{"@type":"WebSite","@id":"https:\/\/reginett.ee\/#website","url":"https:\/\/reginett.ee\/","name":"Reginett","description":"Parimad robotniidukid","potentialAction":[{"@type":"SearchAction","target":{"@type":"EntryPoint","urlTemplate":"https:\/\/reginett.ee\/?s={search_term_string}"},"query-input":{"@type":"PropertyValueSpecification","valueRequired":true,"valueName":"search_term_string"}}],"inLanguage":"ru-RU"}]}},"brands":[{"id":146,"name":"Stiga","slug":"stiga"}],"_links":{"self":[{"href":"https:\/\/reginett.ee\/ru\/wp-json\/wp\/v2\/product\/62199","targetHints":{"allow":["GET"]}}],"collection":[{"href":"https:\/\/reginett.ee\/ru\/wp-json\/wp\/v2\/product"}],"about":[{"href":"https:\/\/reginett.ee\/ru\/wp-json\/wp\/v2\/types\/product"}],"replies":[{"embeddable":true,"href":"https:\/\/reginett.ee\/ru\/wp-json\/wp\/v2\/comments?post=62199"}],"wp:featuredmedia":[{"embeddable":true,"href":"https:\/\/reginett.ee\/ru\/wp-json\/wp\/v2\/media\/62200"}],"wp:attachment":[{"href":"https:\/\/reginett.ee\/ru\/wp-json\/wp\/v2\/media?parent=62199"}],"wp:term":[{"taxonomy":"pwb-brand","embeddable":true,"href":"https:\/\/reginett.ee\/ru\/wp-json\/wp\/v2\/pwb-brand?post=62199"},{"taxonomy":"product_brand","embeddable":true,"href":"https:\/\/reginett.ee\/ru\/wp-json\/wp\/v2\/product_brand?post=62199"},{"taxonomy":"product_cat","embeddable":true,"href":"https:\/\/reginett.ee\/ru\/wp-json\/wp\/v2\/product_cat?post=62199"},{"taxonomy":"product_tag","embeddable":true,"href":"https:\/\/reginett.ee\/ru\/wp-json\/wp\/v2\/product_tag?post=62199"}],"curies":[{"name":"wp","href":"https:\/\/api.w.org\/{rel}","templated":true}]}}