{"id":62191,"date":"2025-02-10T12:18:23","date_gmt":"2025-02-10T09:18:23","guid":{"rendered":"https:\/\/reginett.ee\/?post_type=product&#038;p=62191"},"modified":"2025-03-18T17:32:04","modified_gmt":"2025-03-18T14:32:04","slug":"tugijaam-husqvarna-eposrs5","status":"publish","type":"product","link":"https:\/\/reginett.ee\/ru\/toode\/tugijaam-husqvarna-eposrs5\/","title":{"rendered":"Tugijaam Husqvarna EPOS\u00aeRS5"},"content":{"rendered":"<h3 class=\"hui-spacing--sm-mt-4-times-5 hui-spacing--md-mt-4-times-7 qDVd74V+99zfGRPQ6w+YDw==\">Tugijaam Husqvarna EPOS\u00aeRS5 on 500-meetrise t\u00f6\u00f6raadiusega tugijaam.<\/h3>\n<div class=\"hui-spacing--sm-my-4-times-4 hui-spacing--md-my-4-times-5 K2PbruRyOKhyQZiENIYSog== LEnwFdlcpiniBq9Ng+qm5w== _2qFzePYav1Qx5GVEDesrtA==\">\n<div class=\"hbd-editorial\">T\u00f6\u00f6tleb RTK-GNSS-signaale robotniiduki ja satelliitide vahel. K\u00e4sitleb mitut EPOS\u00ae seadet \u00fche paigalduse kohta.<\/div>\n<div class=\"hbd-editorial\">T\u00f6\u00f6ala raadius kuni 500 m.<\/div>\n<div>\n<h3 class=\"feature-name hui-spacing--sm-mt-4-times-6 WLwtnNxco1C4cPugKSaO0g==\">Husqvarna EPOS\u00ae tehnoloogia<\/h3>\n<p class=\"hui-spacing--sm-mt-4-times-4 K2PbruRyOKhyQZiENIYSog==\">Satelliidip\u00f5hine Husqvarna EPOS\u00ae tehnoloogia (t\u00e4pse asukoha m\u00e4\u00e4ramise operatsioonis\u00fcsteem) tagab sentimeetri t\u00e4psusega m\u00e4\u00e4ramise ja v\u00f5imaldab luua virtuaalpiirdeid. L\u00e4bimurdeline tehnoloogia Automower\u00ae-i robotniidukitele, mis pakub lihtsat ja paindlikku muruhooldust ilma f\u00fc\u00fcsilisi juhtmeid kasutamata. Nii on juhtme purunemise oht v\u00e4listatud.<\/p>\n<\/div>\n<\/div>\n","protected":false},"excerpt":{"rendered":"<p class=\"hui-spacing--sm-mt-4-times-5 hui-spacing--md-mt-4-times-7 qDVd74V+99zfGRPQ6w+YDw==\">Tugijaam Husqvarna EPOS\u00aeRS5 on 500-meetrise t\u00f6\u00f6raadiusega tugijaam.<\/p>\n<div class=\"hui-spacing--sm-my-4-times-4 hui-spacing--md-my-4-times-5 K2PbruRyOKhyQZiENIYSog== LEnwFdlcpiniBq9Ng+qm5w== _2qFzePYav1Qx5GVEDesrtA==\">\n<div class=\"hbd-editorial\">T\u00f6\u00f6tleb RTK-GNSS-signaale robotniiduki ja satelliitide vahel. K\u00e4sitleb mitut EPOS\u00ae seadet \u00fche paigalduse kohta.<\/div>\n<div class=\"hbd-editorial\">T\u00f6\u00f6ala raadius kuni 500 m.<\/div>\n<\/div>\n","protected":false},"featured_media":62196,"comment_status":"open","ping_status":"closed","template":"","meta":{"_acf_changed":false,"_et_pb_use_builder":"","_et_pb_old_content":"","_et_gb_content_width":"","inline_featured_image":false},"pwb-brand":[147],"product_brand":[],"product_cat":[37,120],"product_tag":[518,699,698,603],"class_list":{"0":"post-62191","1":"product","2":"type-product","3":"status-publish","4":"has-post-thumbnail","6":"pwb-brand-husqvarna","7":"product_cat-husqvarna","8":"product_cat-robotniidukite-lisatarvikud","9":"product_tag-epos","10":"product_tag-rs5","11":"product_tag-signaalmajakas","12":"product_tag-tugijaam","14":"first","15":"instock","16":"shipping-taxable","17":"purchasable","18":"product-type-simple"},"acf":[],"yoast_head":"<!-- This site is optimized with the Yoast SEO plugin v26.6 - https:\/\/yoast.com\/wordpress\/plugins\/seo\/ -->\n<title>Tugijaam Husqvarna EPOS\u00aeRS5. Kaablivaba EPOS tehnoloogia<\/title>\n<meta name=\"description\" content=\"Tugijaam Husqvarna EPOS\u00aeRS5 on 500-meetrise t\u00f6\u00f6raadiusega tugijaam.T\u00f6\u00f6tleb RTK-GNSS-signaale robotniiduki ja satelliitide vahel.\" \/>\n<meta name=\"robots\" content=\"index, follow, max-snippet:-1, max-image-preview:large, max-video-preview:-1\" \/>\n<link rel=\"canonical\" href=\"https:\/\/reginett.ee\/toode\/tugijaam-husqvarna-eposrs5\/\" \/>\n<meta property=\"og:locale\" content=\"ru_RU\" \/>\n<meta property=\"og:type\" content=\"article\" \/>\n<meta property=\"og:title\" content=\"Tugijaam Husqvarna EPOS\u00aeRS5. Kaablivaba EPOS tehnoloogia\" \/>\n<meta property=\"og:description\" content=\"Tugijaam Husqvarna EPOS\u00aeRS5 on 500-meetrise t\u00f6\u00f6raadiusega tugijaam.T\u00f6\u00f6tleb RTK-GNSS-signaale robotniiduki ja satelliitide vahel.\" \/>\n<meta property=\"og:url\" content=\"https:\/\/reginett.ee\/toode\/tugijaam-husqvarna-eposrs5\/\" \/>\n<meta property=\"og:site_name\" content=\"Reginett\" \/>\n<meta property=\"article:modified_time\" content=\"2025-03-18T14:32:04+00:00\" \/>\n<meta property=\"og:image\" content=\"https:\/\/reginett.ee\/wp-content\/uploads\/2025\/03\/DQ-573576.webp\" \/>\n\t<meta property=\"og:image:width\" content=\"372\" \/>\n\t<meta property=\"og:image:height\" content=\"372\" \/>\n\t<meta property=\"og:image:type\" content=\"image\/webp\" \/>\n<meta name=\"twitter:card\" content=\"summary_large_image\" \/>\n<meta name=\"twitter:label1\" content=\"\u041f\u0440\u0438\u043c\u0435\u0440\u043d\u043e\u0435 \u0432\u0440\u0435\u043c\u044f \u0434\u043b\u044f \u0447\u0442\u0435\u043d\u0438\u044f\" \/>\n\t<meta name=\"twitter:data1\" content=\"1 \u043c\u0438\u043d\u0443\u0442\u0430\" \/>\n<script type=\"application\/ld+json\" class=\"yoast-schema-graph\">{\"@context\":\"https:\/\/schema.org\",\"@graph\":[{\"@type\":\"WebPage\",\"@id\":\"https:\/\/reginett.ee\/toode\/tugijaam-husqvarna-eposrs5\/\",\"url\":\"https:\/\/reginett.ee\/toode\/tugijaam-husqvarna-eposrs5\/\",\"name\":\"Tugijaam Husqvarna EPOS\u00aeRS5. Kaablivaba EPOS tehnoloogia\",\"isPartOf\":{\"@id\":\"https:\/\/reginett.ee\/#website\"},\"primaryImageOfPage\":{\"@id\":\"https:\/\/reginett.ee\/toode\/tugijaam-husqvarna-eposrs5\/#primaryimage\"},\"image\":{\"@id\":\"https:\/\/reginett.ee\/toode\/tugijaam-husqvarna-eposrs5\/#primaryimage\"},\"thumbnailUrl\":\"https:\/\/reginett.ee\/wp-content\/uploads\/2025\/03\/DQ-573576.webp\",\"datePublished\":\"2025-02-10T09:18:23+00:00\",\"dateModified\":\"2025-03-18T14:32:04+00:00\",\"description\":\"Tugijaam Husqvarna EPOS\u00aeRS5 on 500-meetrise t\u00f6\u00f6raadiusega tugijaam.T\u00f6\u00f6tleb RTK-GNSS-signaale robotniiduki ja satelliitide vahel.\",\"breadcrumb\":{\"@id\":\"https:\/\/reginett.ee\/toode\/tugijaam-husqvarna-eposrs5\/#breadcrumb\"},\"inLanguage\":\"ru-RU\",\"potentialAction\":[{\"@type\":\"ReadAction\",\"target\":[\"https:\/\/reginett.ee\/toode\/tugijaam-husqvarna-eposrs5\/\"]}]},{\"@type\":\"ImageObject\",\"inLanguage\":\"ru-RU\",\"@id\":\"https:\/\/reginett.ee\/toode\/tugijaam-husqvarna-eposrs5\/#primaryimage\",\"url\":\"https:\/\/reginett.ee\/wp-content\/uploads\/2025\/03\/DQ-573576.webp\",\"contentUrl\":\"https:\/\/reginett.ee\/wp-content\/uploads\/2025\/03\/DQ-573576.webp\",\"width\":372,\"height\":372,\"caption\":\"Husqvarna EPOS\u00ae tugijaam RS5\"},{\"@type\":\"BreadcrumbList\",\"@id\":\"https:\/\/reginett.ee\/toode\/tugijaam-husqvarna-eposrs5\/#breadcrumb\",\"itemListElement\":[{\"@type\":\"ListItem\",\"position\":1,\"name\":\"Home\",\"item\":\"https:\/\/reginett.ee\/ru\/\"},{\"@type\":\"ListItem\",\"position\":2,\"name\":\"Tooted\",\"item\":\"https:\/\/reginett.ee\/tooted\/\"},{\"@type\":\"ListItem\",\"position\":3,\"name\":\"Tugijaam Husqvarna EPOS\u00aeRS5\"}]},{\"@type\":\"WebSite\",\"@id\":\"https:\/\/reginett.ee\/#website\",\"url\":\"https:\/\/reginett.ee\/\",\"name\":\"Reginett\",\"description\":\"Parimad robotniidukid\",\"potentialAction\":[{\"@type\":\"SearchAction\",\"target\":{\"@type\":\"EntryPoint\",\"urlTemplate\":\"https:\/\/reginett.ee\/?s={search_term_string}\"},\"query-input\":{\"@type\":\"PropertyValueSpecification\",\"valueRequired\":true,\"valueName\":\"search_term_string\"}}],\"inLanguage\":\"ru-RU\"}]}<\/script>\n<!-- \/ Yoast SEO plugin. -->","yoast_head_json":{"title":"Tugijaam Husqvarna EPOS\u00aeRS5. Kaablivaba EPOS tehnoloogia","description":"Tugijaam Husqvarna EPOS\u00aeRS5 on 500-meetrise t\u00f6\u00f6raadiusega tugijaam.T\u00f6\u00f6tleb RTK-GNSS-signaale robotniiduki ja satelliitide vahel.","robots":{"index":"index","follow":"follow","max-snippet":"max-snippet:-1","max-image-preview":"max-image-preview:large","max-video-preview":"max-video-preview:-1"},"canonical":"https:\/\/reginett.ee\/toode\/tugijaam-husqvarna-eposrs5\/","og_locale":"ru_RU","og_type":"article","og_title":"Tugijaam Husqvarna EPOS\u00aeRS5. Kaablivaba EPOS tehnoloogia","og_description":"Tugijaam Husqvarna EPOS\u00aeRS5 on 500-meetrise t\u00f6\u00f6raadiusega tugijaam.T\u00f6\u00f6tleb RTK-GNSS-signaale robotniiduki ja satelliitide vahel.","og_url":"https:\/\/reginett.ee\/toode\/tugijaam-husqvarna-eposrs5\/","og_site_name":"Reginett","article_modified_time":"2025-03-18T14:32:04+00:00","og_image":[{"width":372,"height":372,"url":"https:\/\/reginett.ee\/wp-content\/uploads\/2025\/03\/DQ-573576.webp","type":"image\/webp"}],"twitter_card":"summary_large_image","twitter_misc":{"\u041f\u0440\u0438\u043c\u0435\u0440\u043d\u043e\u0435 \u0432\u0440\u0435\u043c\u044f \u0434\u043b\u044f \u0447\u0442\u0435\u043d\u0438\u044f":"1 \u043c\u0438\u043d\u0443\u0442\u0430"},"schema":{"@context":"https:\/\/schema.org","@graph":[{"@type":"WebPage","@id":"https:\/\/reginett.ee\/toode\/tugijaam-husqvarna-eposrs5\/","url":"https:\/\/reginett.ee\/toode\/tugijaam-husqvarna-eposrs5\/","name":"Tugijaam Husqvarna EPOS\u00aeRS5. Kaablivaba EPOS tehnoloogia","isPartOf":{"@id":"https:\/\/reginett.ee\/#website"},"primaryImageOfPage":{"@id":"https:\/\/reginett.ee\/toode\/tugijaam-husqvarna-eposrs5\/#primaryimage"},"image":{"@id":"https:\/\/reginett.ee\/toode\/tugijaam-husqvarna-eposrs5\/#primaryimage"},"thumbnailUrl":"https:\/\/reginett.ee\/wp-content\/uploads\/2025\/03\/DQ-573576.webp","datePublished":"2025-02-10T09:18:23+00:00","dateModified":"2025-03-18T14:32:04+00:00","description":"Tugijaam Husqvarna EPOS\u00aeRS5 on 500-meetrise t\u00f6\u00f6raadiusega tugijaam.T\u00f6\u00f6tleb RTK-GNSS-signaale robotniiduki ja satelliitide vahel.","breadcrumb":{"@id":"https:\/\/reginett.ee\/toode\/tugijaam-husqvarna-eposrs5\/#breadcrumb"},"inLanguage":"ru-RU","potentialAction":[{"@type":"ReadAction","target":["https:\/\/reginett.ee\/toode\/tugijaam-husqvarna-eposrs5\/"]}]},{"@type":"ImageObject","inLanguage":"ru-RU","@id":"https:\/\/reginett.ee\/toode\/tugijaam-husqvarna-eposrs5\/#primaryimage","url":"https:\/\/reginett.ee\/wp-content\/uploads\/2025\/03\/DQ-573576.webp","contentUrl":"https:\/\/reginett.ee\/wp-content\/uploads\/2025\/03\/DQ-573576.webp","width":372,"height":372,"caption":"Husqvarna EPOS\u00ae tugijaam RS5"},{"@type":"BreadcrumbList","@id":"https:\/\/reginett.ee\/toode\/tugijaam-husqvarna-eposrs5\/#breadcrumb","itemListElement":[{"@type":"ListItem","position":1,"name":"Home","item":"https:\/\/reginett.ee\/ru\/"},{"@type":"ListItem","position":2,"name":"Tooted","item":"https:\/\/reginett.ee\/tooted\/"},{"@type":"ListItem","position":3,"name":"Tugijaam Husqvarna EPOS\u00aeRS5"}]},{"@type":"WebSite","@id":"https:\/\/reginett.ee\/#website","url":"https:\/\/reginett.ee\/","name":"Reginett","description":"Parimad robotniidukid","potentialAction":[{"@type":"SearchAction","target":{"@type":"EntryPoint","urlTemplate":"https:\/\/reginett.ee\/?s={search_term_string}"},"query-input":{"@type":"PropertyValueSpecification","valueRequired":true,"valueName":"search_term_string"}}],"inLanguage":"ru-RU"}]}},"brands":[{"id":147,"name":"Husqvarna","slug":"husqvarna"}],"_links":{"self":[{"href":"https:\/\/reginett.ee\/ru\/wp-json\/wp\/v2\/product\/62191","targetHints":{"allow":["GET"]}}],"collection":[{"href":"https:\/\/reginett.ee\/ru\/wp-json\/wp\/v2\/product"}],"about":[{"href":"https:\/\/reginett.ee\/ru\/wp-json\/wp\/v2\/types\/product"}],"replies":[{"embeddable":true,"href":"https:\/\/reginett.ee\/ru\/wp-json\/wp\/v2\/comments?post=62191"}],"wp:featuredmedia":[{"embeddable":true,"href":"https:\/\/reginett.ee\/ru\/wp-json\/wp\/v2\/media\/62196"}],"wp:attachment":[{"href":"https:\/\/reginett.ee\/ru\/wp-json\/wp\/v2\/media?parent=62191"}],"wp:term":[{"taxonomy":"pwb-brand","embeddable":true,"href":"https:\/\/reginett.ee\/ru\/wp-json\/wp\/v2\/pwb-brand?post=62191"},{"taxonomy":"product_brand","embeddable":true,"href":"https:\/\/reginett.ee\/ru\/wp-json\/wp\/v2\/product_brand?post=62191"},{"taxonomy":"product_cat","embeddable":true,"href":"https:\/\/reginett.ee\/ru\/wp-json\/wp\/v2\/product_cat?post=62191"},{"taxonomy":"product_tag","embeddable":true,"href":"https:\/\/reginett.ee\/ru\/wp-json\/wp\/v2\/product_tag?post=62191"}],"curies":[{"name":"wp","href":"https:\/\/api.w.org\/{rel}","templated":true}]}}