{"id":62180,"date":"2025-06-15T11:54:41","date_gmt":"2025-06-15T08:54:41","guid":{"rendered":"https:\/\/reginett.ee\/?post_type=product&#038;p=62180"},"modified":"2026-01-08T12:38:45","modified_gmt":"2026-01-08T09:38:45","slug":"robotniiduk-husqvarna-automower-535-awd-epos-uus","status":"publish","type":"product","link":"https:\/\/reginett.ee\/ru\/toode\/robotniiduk-husqvarna-automower-535-awd-epos-uus\/","title":{"rendered":"Robotniiduk Husqvarna Automower\u00ae 535 AWD EPOS\u00ae UUS!"},"content":{"rendered":"<p>Robotniiduk <strong>Husqvarna Automower\u00ae 535 AWD EPOS\u00ae<\/strong> on \u00fclit\u00f5hus nelikveoline robotniiduk, mis on loodud suurte kallakutega keerukamate alade ja n\u00f5lvade niitmiseks. Satelliidip\u00f5hine Husqvarna EPOS\u00ae-tehnoloogia v\u00f5imaldab kaablivaba paigaldust, mis v\u00f5imaldab lihtsalt luua erinevaid t\u00f6\u00f6alasid ja m\u00e4\u00e4rata ajutisi mitteniidetavaid piirkondi. T\u00e4nu nelikveos\u00fcsteemile saab niiduk t\u00f5husalt hakkama niitmisega keerukal maastikul ja kuni 70% (35\u02da) kaldega n\u00f5lvadel. Husqvarna Fleet Services\u2122 v\u00f5imaldab teil robotniidukit nutitelefonist, tahvelarvutist v\u00f5i s\u00fclearvutist h\u00f5lpsalt j\u00e4lgida ja juhtida.<\/p>\n<p><strong> Vajalik on EPOS\u00ae RS5 tugijaam!<\/strong><\/p>\n<blockquote class=\"wp-embedded-content\" data-secret=\"YdkSPQLFAd\"><p><a href=\"https:\/\/reginett.ee\/toode\/tugijaam-husqvarna-eposrs5\/\">Tugijaam Husqvarna EPOS\u00aeRS5<\/a><\/p><\/blockquote>\n<p><iframe loading=\"lazy\" class=\"wp-embedded-content\" sandbox=\"allow-scripts\" security=\"restricted\" style=\"position: absolute; visibility: hidden;\" title=\"&#8220;Tugijaam Husqvarna EPOS\u00aeRS5&#8221; &#8212; Reginett\" src=\"https:\/\/reginett.ee\/toode\/tugijaam-husqvarna-eposrs5\/embed\/#?secret=OCr3Z54n5W#?secret=YdkSPQLFAd\" data-secret=\"YdkSPQLFAd\" width=\"600\" height=\"338\" frameborder=\"0\" marginwidth=\"0\" marginheight=\"0\" scrolling=\"no\"><\/iframe><\/p>\n<p>&nbsp;<\/p>\n<h3 class=\"feature-name hui-spacing--sm-mt-4-times-6 WLwtnNxco1C4cPugKSaO0g==\">Husqvarna EPOS\u00ae kaablivaba tehnoloogia<\/h3>\n<p class=\"hui-spacing--sm-mt-4-times-4 K2PbruRyOKhyQZiENIYSog==\">Virtuaalne, kaablivaba t\u00f6\u00f6 satelliidip\u00f5hise RTK-GNSS-tehnoloogia abil v\u00f5imaldab t\u00e4psust kuni 2 cm. F\u00fc\u00fcsiliste kaablite puudumine t\u00e4hendab uut kestvuse ja paindlikkuse taset, mis v\u00f5imaldab regulaarset muru \u00f5hutamist ja parandamist, ilma et see ohustaks roboti paigalduse toimimist.<\/p>\n<h3 class=\"feature-name hui-spacing--sm-mt-4-times-6 WLwtnNxco1C4cPugKSaO0g==\">Neljarattavedu<\/h3>\n<p class=\"hui-spacing--sm-mt-4-times-4 K2PbruRyOKhyQZiENIYSog==\"><strong>Husqvarna Automower\u00ae 535 AWD EPOS\u00ae<\/strong> AWD kontrollib k\u00f5iki nelja ratast eraldi, tagamaks suurep\u00e4rast haaret ka k\u00f5ige \u00e4\u00e4rmuslikematel pindadel. Suurep\u00e4rane kallakuv\u00f5imekus kuni 70% (35\u00b0) kallakutel.<\/p>\n<h3 class=\"feature-name hui-spacing--sm-mt-4-times-6 WLwtnNxco1C4cPugKSaO0g==\">Kallakuv\u00f5imekus kuni 70%<\/h3>\n<p class=\"hui-spacing--sm-mt-4-times-4 K2PbruRyOKhyQZiENIYSog==\">Suure mustriga rattad tagavad <strong>Husqvarna Automower\u00ae 535 AWD EPOS\u00ae<\/strong> suurep\u00e4rase haarduvuse ka libedal pinnal ja kuni 70% kallakutel.<\/p>\n<h3 class=\"feature-name hui-spacing--sm-mt-4-times-6 WLwtnNxco1C4cPugKSaO0g==\">Keskliigendiga s\u00fcsteem<\/h3>\n<p class=\"hui-spacing--sm-mt-4-times-4 K2PbruRyOKhyQZiENIYSog==\">Automower\u00ae AWD mudelitel on keskliigendiga s\u00fcsteem, mis tagab suurep\u00e4rase man\u00f6\u00f6verdusv\u00f5ime ja haarduvuse keerukatel ja niisketel pindadel.<\/p>\n<h3 class=\"feature-name hui-spacing--sm-mt-4-times-6 WLwtnNxco1C4cPugKSaO0g==\">Erinevad niidumustrid<\/h3>\n<p class=\"hui-spacing--sm-mt-4-times-4 K2PbruRyOKhyQZiENIYSog==\">Parandage muru visuaalset muljet, muutes niitmismustrit. EPOS\u00ae-tehnoloogia abil saab niiduk t\u00f6\u00f6tada paralleelselt liikudes v\u00f5i luua mitmesuguseid vorme, nagu rombid, kolmnurgad ja ruudud.<\/p>\n<h3 class=\"feature-name hui-spacing--sm-mt-4-times-6 WLwtnNxco1C4cPugKSaO0g==\">EPOS lahendus<\/h3>\n<p class=\"hui-spacing--sm-mt-4-times-4 K2PbruRyOKhyQZiENIYSog==\">Husqvarna Automower\u00ae arvutab automaatselt k\u00f5ige efektiivsema tee laadimisjaama v\u00f5i sealt v\u00e4lja varieerides iga kord oma teekonda v\u00e4hendamaks rattaj\u00e4lgede tekkimist.<\/p>\n<h3 class=\"feature-name hui-spacing--sm-mt-4-times-6 WLwtnNxco1C4cPugKSaO0g==\">Hoolduspunkt<\/h3>\n<p class=\"hui-spacing--sm-mt-4-times-4 K2PbruRyOKhyQZiENIYSog==\">M\u00e4\u00e4rake ja t\u00e4histage kaardil masinate hoolduspunkt. K\u00e4su peale liigub ja pargib toode end sinna automaatselt, kui vaja teha hooldust, puhastamist, laadimist v\u00f5i hoiustamist.<\/p>\n<h3 class=\"feature-name hui-spacing--sm-mt-4-times-6 WLwtnNxco1C4cPugKSaO0g==\">appDrive &#8212; kaugjuhtimine<\/h3>\n<p class=\"hui-spacing--sm-mt-4-times-4 K2PbruRyOKhyQZiENIYSog==\">Kasutage v\u00f5imalust juhtida <strong>Husqvarna Automower\u00ae 535 AWD EPOS\u00ae<\/strong> nutitelefoni appDrive funktsiooni abil. K\u00e4sitsemine on lihtne ja kasutajas\u00f5bralik, s\u00e4\u00e4stes teid pingelisest ja tarbetust t\u00f5stmisest, kui toodet on vaja teisaldada t\u00f6\u00f6ruumide vahel, teenindusse v\u00f5i paigaldamise ajal.<\/p>\n<h3 class=\"feature-name hui-spacing--sm-mt-4-times-6 WLwtnNxco1C4cPugKSaO0g==\">Hoiatustuled<\/h3>\n<p class=\"hui-spacing--sm-mt-4-times-4 K2PbruRyOKhyQZiENIYSog==\">Hoiatustuled annavad m\u00e4rku niiduki t\u00f6\u00f6tamisest avalikus kohas pimedal ja h\u00e4maral ajal ning suurendavad ohutust.<\/p>\n","protected":false},"excerpt":{"rendered":"<p>Robotniiduk <strong>Husqvarna Automower\u00ae 535 AWD EPOS\u00ae<\/strong> on \u00fclit\u00f5hus nelikveoline robotniiduk, mis on loodud suurte kallakutega keerukamate alade ja n\u00f5lvade niitmiseks. Satelliidip\u00f5hine Husqvarna EPOS\u00ae-tehnoloogia v\u00f5imaldab kaablivaba paigaldust, mis v\u00f5imaldab lihtsalt luua erinevaid t\u00f6\u00f6alasid ja m\u00e4\u00e4rata ajutisi mitteniidetavaid piirkondi. T\u00e4nu nelikveos\u00fcsteemile saab niiduk t\u00f5husalt hakkama niitmisega keerukal maastikul ja kuni 70% (35\u02da) kaldega n\u00f5lvadel.<\/p>\n","protected":false},"featured_media":62187,"comment_status":"open","ping_status":"closed","template":"","meta":{"_acf_changed":false,"_et_pb_use_builder":"","_et_pb_old_content":"","_et_gb_content_width":"","inline_featured_image":false},"pwb-brand":[147],"product_brand":[],"product_cat":[37,19],"product_tag":[697,696],"class_list":{"0":"post-62180","1":"product","2":"type-product","3":"status-publish","4":"has-post-thumbnail","6":"pwb-brand-husqvarna","7":"product_cat-husqvarna","8":"product_cat-robotniidukid","9":"product_tag-automower-535-awd","10":"product_tag-husqvarna-automower-535-awd-epos","11":"product_shipping_class-soodsam-kuller-15-eur","13":"first","14":"outofstock","15":"shipping-taxable","16":"purchasable","17":"product-type-simple"},"acf":[],"yoast_head":"<!-- This site is optimized with the Yoast SEO plugin v26.6 - https:\/\/yoast.com\/wordpress\/plugins\/seo\/ -->\n<title>Robotniiduk Husqvarna Automower\u00ae 535 AWD EPOS\u00ae UUS!<\/title>\n<meta name=\"description\" content=\"Robotniiduk Husqvarna Automower\u00ae 535 AWD EPOS\u00ae on \u00fclit\u00f5hus nelikveoline robotniiduk, mis on loodud suurte kallakutega keerukamate alade\" \/>\n<meta name=\"robots\" content=\"index, follow, max-snippet:-1, max-image-preview:large, max-video-preview:-1\" \/>\n<link rel=\"canonical\" href=\"https:\/\/reginett.ee\/toode\/robotniiduk-husqvarna-automower-535-awd-epos-uus\/\" \/>\n<meta property=\"og:locale\" content=\"ru_RU\" \/>\n<meta property=\"og:type\" content=\"article\" \/>\n<meta property=\"og:title\" content=\"Robotniiduk Husqvarna Automower\u00ae 535 AWD EPOS\u00ae UUS!\" \/>\n<meta property=\"og:description\" content=\"Robotniiduk Husqvarna Automower\u00ae 535 AWD EPOS\u00ae on \u00fclit\u00f5hus nelikveoline robotniiduk, mis on loodud suurte kallakutega keerukamate alade\" \/>\n<meta property=\"og:url\" content=\"https:\/\/reginett.ee\/toode\/robotniiduk-husqvarna-automower-535-awd-epos-uus\/\" \/>\n<meta property=\"og:site_name\" content=\"Reginett\" \/>\n<meta property=\"article:modified_time\" content=\"2026-01-08T09:38:45+00:00\" \/>\n<meta property=\"og:image\" content=\"https:\/\/reginett.ee\/wp-content\/uploads\/2025\/03\/CG-158570.webp\" \/>\n\t<meta property=\"og:image:width\" content=\"564\" \/>\n\t<meta property=\"og:image:height\" content=\"372\" \/>\n\t<meta property=\"og:image:type\" content=\"image\/webp\" \/>\n<meta name=\"twitter:card\" content=\"summary_large_image\" \/>\n<meta name=\"twitter:label1\" content=\"\u041f\u0440\u0438\u043c\u0435\u0440\u043d\u043e\u0435 \u0432\u0440\u0435\u043c\u044f \u0434\u043b\u044f \u0447\u0442\u0435\u043d\u0438\u044f\" \/>\n\t<meta name=\"twitter:data1\" content=\"2 \u043c\u0438\u043d\u0443\u0442\u044b\" \/>\n<script type=\"application\/ld+json\" class=\"yoast-schema-graph\">{\"@context\":\"https:\/\/schema.org\",\"@graph\":[{\"@type\":\"WebPage\",\"@id\":\"https:\/\/reginett.ee\/toode\/robotniiduk-husqvarna-automower-535-awd-epos-uus\/\",\"url\":\"https:\/\/reginett.ee\/toode\/robotniiduk-husqvarna-automower-535-awd-epos-uus\/\",\"name\":\"Robotniiduk Husqvarna Automower\u00ae 535 AWD EPOS\u00ae UUS!\",\"isPartOf\":{\"@id\":\"https:\/\/reginett.ee\/#website\"},\"primaryImageOfPage\":{\"@id\":\"https:\/\/reginett.ee\/toode\/robotniiduk-husqvarna-automower-535-awd-epos-uus\/#primaryimage\"},\"image\":{\"@id\":\"https:\/\/reginett.ee\/toode\/robotniiduk-husqvarna-automower-535-awd-epos-uus\/#primaryimage\"},\"thumbnailUrl\":\"https:\/\/reginett.ee\/wp-content\/uploads\/2025\/03\/CG-158570.webp\",\"datePublished\":\"2025-06-15T08:54:41+00:00\",\"dateModified\":\"2026-01-08T09:38:45+00:00\",\"description\":\"Robotniiduk Husqvarna Automower\u00ae 535 AWD EPOS\u00ae on \u00fclit\u00f5hus nelikveoline robotniiduk, mis on loodud suurte kallakutega keerukamate alade\",\"breadcrumb\":{\"@id\":\"https:\/\/reginett.ee\/toode\/robotniiduk-husqvarna-automower-535-awd-epos-uus\/#breadcrumb\"},\"inLanguage\":\"ru-RU\",\"potentialAction\":[{\"@type\":\"ReadAction\",\"target\":[\"https:\/\/reginett.ee\/toode\/robotniiduk-husqvarna-automower-535-awd-epos-uus\/\"]}]},{\"@type\":\"ImageObject\",\"inLanguage\":\"ru-RU\",\"@id\":\"https:\/\/reginett.ee\/toode\/robotniiduk-husqvarna-automower-535-awd-epos-uus\/#primaryimage\",\"url\":\"https:\/\/reginett.ee\/wp-content\/uploads\/2025\/03\/CG-158570.webp\",\"contentUrl\":\"https:\/\/reginett.ee\/wp-content\/uploads\/2025\/03\/CG-158570.webp\",\"width\":564,\"height\":372,\"caption\":\"Husqvarna Automower\u00ae 535 AWD EPOS\u00ae\"},{\"@type\":\"BreadcrumbList\",\"@id\":\"https:\/\/reginett.ee\/toode\/robotniiduk-husqvarna-automower-535-awd-epos-uus\/#breadcrumb\",\"itemListElement\":[{\"@type\":\"ListItem\",\"position\":1,\"name\":\"Home\",\"item\":\"https:\/\/reginett.ee\/ru\/\"},{\"@type\":\"ListItem\",\"position\":2,\"name\":\"Tooted\",\"item\":\"https:\/\/reginett.ee\/tooted\/\"},{\"@type\":\"ListItem\",\"position\":3,\"name\":\"Robotniiduk Husqvarna Automower\u00ae 535 AWD EPOS\u00ae UUS!\"}]},{\"@type\":\"WebSite\",\"@id\":\"https:\/\/reginett.ee\/#website\",\"url\":\"https:\/\/reginett.ee\/\",\"name\":\"Reginett\",\"description\":\"Parimad robotniidukid\",\"potentialAction\":[{\"@type\":\"SearchAction\",\"target\":{\"@type\":\"EntryPoint\",\"urlTemplate\":\"https:\/\/reginett.ee\/?s={search_term_string}\"},\"query-input\":{\"@type\":\"PropertyValueSpecification\",\"valueRequired\":true,\"valueName\":\"search_term_string\"}}],\"inLanguage\":\"ru-RU\"}]}<\/script>\n<!-- \/ Yoast SEO plugin. -->","yoast_head_json":{"title":"Robotniiduk Husqvarna Automower\u00ae 535 AWD EPOS\u00ae UUS!","description":"Robotniiduk Husqvarna Automower\u00ae 535 AWD EPOS\u00ae on \u00fclit\u00f5hus nelikveoline robotniiduk, mis on loodud suurte kallakutega keerukamate alade","robots":{"index":"index","follow":"follow","max-snippet":"max-snippet:-1","max-image-preview":"max-image-preview:large","max-video-preview":"max-video-preview:-1"},"canonical":"https:\/\/reginett.ee\/toode\/robotniiduk-husqvarna-automower-535-awd-epos-uus\/","og_locale":"ru_RU","og_type":"article","og_title":"Robotniiduk Husqvarna Automower\u00ae 535 AWD EPOS\u00ae UUS!","og_description":"Robotniiduk Husqvarna Automower\u00ae 535 AWD EPOS\u00ae on \u00fclit\u00f5hus nelikveoline robotniiduk, mis on loodud suurte kallakutega keerukamate alade","og_url":"https:\/\/reginett.ee\/toode\/robotniiduk-husqvarna-automower-535-awd-epos-uus\/","og_site_name":"Reginett","article_modified_time":"2026-01-08T09:38:45+00:00","og_image":[{"width":564,"height":372,"url":"https:\/\/reginett.ee\/wp-content\/uploads\/2025\/03\/CG-158570.webp","type":"image\/webp"}],"twitter_card":"summary_large_image","twitter_misc":{"\u041f\u0440\u0438\u043c\u0435\u0440\u043d\u043e\u0435 \u0432\u0440\u0435\u043c\u044f \u0434\u043b\u044f \u0447\u0442\u0435\u043d\u0438\u044f":"2 \u043c\u0438\u043d\u0443\u0442\u044b"},"schema":{"@context":"https:\/\/schema.org","@graph":[{"@type":"WebPage","@id":"https:\/\/reginett.ee\/toode\/robotniiduk-husqvarna-automower-535-awd-epos-uus\/","url":"https:\/\/reginett.ee\/toode\/robotniiduk-husqvarna-automower-535-awd-epos-uus\/","name":"Robotniiduk Husqvarna Automower\u00ae 535 AWD EPOS\u00ae UUS!","isPartOf":{"@id":"https:\/\/reginett.ee\/#website"},"primaryImageOfPage":{"@id":"https:\/\/reginett.ee\/toode\/robotniiduk-husqvarna-automower-535-awd-epos-uus\/#primaryimage"},"image":{"@id":"https:\/\/reginett.ee\/toode\/robotniiduk-husqvarna-automower-535-awd-epos-uus\/#primaryimage"},"thumbnailUrl":"https:\/\/reginett.ee\/wp-content\/uploads\/2025\/03\/CG-158570.webp","datePublished":"2025-06-15T08:54:41+00:00","dateModified":"2026-01-08T09:38:45+00:00","description":"Robotniiduk Husqvarna Automower\u00ae 535 AWD EPOS\u00ae on \u00fclit\u00f5hus nelikveoline robotniiduk, mis on loodud suurte kallakutega keerukamate alade","breadcrumb":{"@id":"https:\/\/reginett.ee\/toode\/robotniiduk-husqvarna-automower-535-awd-epos-uus\/#breadcrumb"},"inLanguage":"ru-RU","potentialAction":[{"@type":"ReadAction","target":["https:\/\/reginett.ee\/toode\/robotniiduk-husqvarna-automower-535-awd-epos-uus\/"]}]},{"@type":"ImageObject","inLanguage":"ru-RU","@id":"https:\/\/reginett.ee\/toode\/robotniiduk-husqvarna-automower-535-awd-epos-uus\/#primaryimage","url":"https:\/\/reginett.ee\/wp-content\/uploads\/2025\/03\/CG-158570.webp","contentUrl":"https:\/\/reginett.ee\/wp-content\/uploads\/2025\/03\/CG-158570.webp","width":564,"height":372,"caption":"Husqvarna Automower\u00ae 535 AWD EPOS\u00ae"},{"@type":"BreadcrumbList","@id":"https:\/\/reginett.ee\/toode\/robotniiduk-husqvarna-automower-535-awd-epos-uus\/#breadcrumb","itemListElement":[{"@type":"ListItem","position":1,"name":"Home","item":"https:\/\/reginett.ee\/ru\/"},{"@type":"ListItem","position":2,"name":"Tooted","item":"https:\/\/reginett.ee\/tooted\/"},{"@type":"ListItem","position":3,"name":"Robotniiduk Husqvarna Automower\u00ae 535 AWD EPOS\u00ae UUS!"}]},{"@type":"WebSite","@id":"https:\/\/reginett.ee\/#website","url":"https:\/\/reginett.ee\/","name":"Reginett","description":"Parimad robotniidukid","potentialAction":[{"@type":"SearchAction","target":{"@type":"EntryPoint","urlTemplate":"https:\/\/reginett.ee\/?s={search_term_string}"},"query-input":{"@type":"PropertyValueSpecification","valueRequired":true,"valueName":"search_term_string"}}],"inLanguage":"ru-RU"}]}},"brands":[{"id":147,"name":"Husqvarna","slug":"husqvarna"}],"_links":{"self":[{"href":"https:\/\/reginett.ee\/ru\/wp-json\/wp\/v2\/product\/62180","targetHints":{"allow":["GET"]}}],"collection":[{"href":"https:\/\/reginett.ee\/ru\/wp-json\/wp\/v2\/product"}],"about":[{"href":"https:\/\/reginett.ee\/ru\/wp-json\/wp\/v2\/types\/product"}],"replies":[{"embeddable":true,"href":"https:\/\/reginett.ee\/ru\/wp-json\/wp\/v2\/comments?post=62180"}],"wp:featuredmedia":[{"embeddable":true,"href":"https:\/\/reginett.ee\/ru\/wp-json\/wp\/v2\/media\/62187"}],"wp:attachment":[{"href":"https:\/\/reginett.ee\/ru\/wp-json\/wp\/v2\/media?parent=62180"}],"wp:term":[{"taxonomy":"pwb-brand","embeddable":true,"href":"https:\/\/reginett.ee\/ru\/wp-json\/wp\/v2\/pwb-brand?post=62180"},{"taxonomy":"product_brand","embeddable":true,"href":"https:\/\/reginett.ee\/ru\/wp-json\/wp\/v2\/product_brand?post=62180"},{"taxonomy":"product_cat","embeddable":true,"href":"https:\/\/reginett.ee\/ru\/wp-json\/wp\/v2\/product_cat?post=62180"},{"taxonomy":"product_tag","embeddable":true,"href":"https:\/\/reginett.ee\/ru\/wp-json\/wp\/v2\/product_tag?post=62180"}],"curies":[{"name":"wp","href":"https:\/\/api.w.org\/{rel}","templated":true}]}}