{"id":62171,"date":"2025-03-14T15:15:13","date_gmt":"2025-03-14T12:15:13","guid":{"rendered":"https:\/\/reginett.ee\/?post_type=product&#038;p=62171"},"modified":"2025-03-14T15:16:04","modified_gmt":"2025-03-14T12:16:04","slug":"omblus-ja-tikkimismasin-husqvarna-designer-quartz-29-uus","status":"publish","type":"product","link":"https:\/\/reginett.ee\/ru\/toode\/omblus-ja-tikkimismasin-husqvarna-designer-quartz-29-uus\/","title":{"rendered":"\u00d5mblus-ja tikkimismasin Husqvarna Designer Quartz 29 UUS!"},"content":{"rendered":"<div class=\"col-md-12\">\n<div class=\"description\">\n<p>\u00d5mblus-ja tikkimismasin<strong> Husqvarna Designer Quartz 29<\/strong> on elegantne ja paljude v\u00f5imalustega masin, mis sobib nii alustajale kui ka kogenud \u00f5mblejale.<\/p>\n<h3>150 MASINASSE LAADITUD TIKANDIT<\/h3>\n<p>Valige oma <strong>Husqvarna Designer Quartz 29<\/strong>\u00a0 masinasse sisseehitatud mitmesuguste kvaliteetsete tikandite hulgast, et leida iga projekti jaoks kiiresti ja mugavalt t\u00e4iuslik disain.<\/p>\n<h3>10 MASINASSE LAADITUD FONTI<\/h3>\n<p>Sisse on ehitatud mitmesugused tikandifondid kolmes erinevas suuruses. Suur- ja v\u00e4iket\u00e4hed, pluss numbrid ja s\u00fcmbolid, et isikup\u00e4rastada mis tahes tikandiprojekti s\u00f5nade, fraaside v\u00f5i monogrammidega.<\/p>\n<h3>TIKKIMISALA<\/h3>\n<p>Tikkige kaasasoleva tikkimisraamiga kuni 170&#215;100 mm suuruseid tikandeid. Laadige suur tikand v\u00f5i kombineerige kujundusi tikanditest tikkimisraami suuruseks.<\/p>\n<h3>\u00dcLE 250 \u00d5MBLUSPISTE<\/h3>\n<p>Valige p\u00f5hi\u00f5mblemiseks, dekoratiiv\u00f5mbluseks ja muuks tehnikaks mitmete \u00f5mbluste hulgast. Iga projekti jaoks on \u00f5mblus.<\/p>\n<h3>VEEBI\u00dcLENE MASINA KASUTUS\u00d5PE<\/h3>\n<p>\u00d5ppige tundma omaHusqvarna Designer Quartz 29 masina p\u00f5hit\u00f5desid, nagu masina \u00f5ige niidistamine, \u00f5mbluste valimine, tikandi seadistamine ja palju muud. Internetis saadaval igal ajal!<\/p>\n<h3>LIIGUTA JA \u00dcHENDA TIKANDEID EKRAANIL<\/h3>\n<p>T\u00e4nu v\u00f5imalusele kujundusi ekraanil liigutada ja kombineerida saate luua ainulaadseid tikandeid ilma t\u00e4iendavat tarkvara kasutamata.<\/p>\n<h3>\u00d5MBLUSALA<\/h3>\n<p>N\u00f5ela ja masina p\u00f5hiosa vaheline kaugus on 165 mm. Avara t\u00f6\u00f6ala abil saate h\u00f5lpsalt \u00f5mmelda suuremaid projekte, n\u00e4iteks lapit\u00f6id. 4<\/p>\n<h3>\u00d5MBLUSFONTI<\/h3>\n<p>Valige sisseehitatud \u00f5mblusfontide hulgast, et isikup\u00e4rastada projekte s\u00f5nade v\u00f5i fraasidega.<\/p>\n<h3>\u00dcHE-SAMMU N\u00d6\u00d6PAUK<\/h3>\n<p>Tehke kiiresti ja lihtsalt \u00fchesugused n\u00f6\u00f6paugud, mis sobivad teie n\u00f6\u00f6biga.<\/p>\n<p>KAASAS OLEVAD TARVIKUD<\/p>\n<p>Universaalne jalg 0A, dekoratiivne \u00f5mblusjalg 2A, t\u00f5mblukujalg 4, \u00fcheastmeline n\u00f6\u00f6paugujalg 5, peit\u00f5mbluse jalg 3, tikkimisjalg, 100&#215;100 mm tikkimisraam ja 170 x 100 mm tikkimisraam, 5 pooli, niidirulli katted, niidirulli alusvilt, lisa niidirulli varras, kruvikeeraja, puhastushari, \u00f5mblusniit, n\u00f5elte pakk, serva\/teppimise juhik, niidirulli v\u00f5rk.<\/p>\n<\/div>\n<\/div>\n","protected":false},"excerpt":{"rendered":"<p>\u00d5mblus-ja tikkimismasin<strong> Husqvarna Designer Quartz 29<\/strong> on elegantne ja paljude v\u00f5imalustega masin, mis sobib nii alustajale kui ka kogenud \u00f5mblejale.<\/p>\n","protected":false},"featured_media":62172,"comment_status":"open","ping_status":"closed","template":"","meta":{"_acf_changed":false,"_et_pb_use_builder":"","_et_pb_old_content":"","_et_gb_content_width":"","inline_featured_image":false},"pwb-brand":[489],"product_brand":[],"product_cat":[55],"product_tag":[102,195],"class_list":{"0":"post-62171","1":"product","2":"type-product","3":"status-publish","4":"has-post-thumbnail","6":"pwb-brand-husqvarna-viking","7":"product_cat-omblusmasinad-ja-tarvikud","8":"product_tag-omblusmasin","9":"product_tag-soodne-omblusmasin","10":"product_shipping_class-soodsam-kuller-15-eur","12":"first","13":"instock","14":"sale","15":"shipping-taxable","16":"purchasable","17":"product-type-simple"},"acf":[],"yoast_head":"<!-- This site is optimized with the Yoast SEO plugin v26.6 - https:\/\/yoast.com\/wordpress\/plugins\/seo\/ -->\n<title>\u00d5mblus-ja tikkimismasin Husqvarna Designer Quartz 29<\/title>\n<meta name=\"description\" content=\"\u00d5mblus-ja tikkimismasin Husqvarna Designer Quartz 29 on elegantne ja paljude v\u00f5imalustega masin, mis sobib nii alustajale kui ka kogenud \u00f5mblejale.\" \/>\n<meta name=\"robots\" content=\"index, follow, max-snippet:-1, max-image-preview:large, max-video-preview:-1\" \/>\n<link rel=\"canonical\" href=\"https:\/\/reginett.ee\/toode\/omblus-ja-tikkimismasin-husqvarna-designer-quartz-29-uus\/\" \/>\n<meta property=\"og:locale\" content=\"ru_RU\" \/>\n<meta property=\"og:type\" content=\"article\" \/>\n<meta property=\"og:title\" content=\"\u00d5mblus-ja tikkimismasin Husqvarna Designer Quartz 29\" \/>\n<meta property=\"og:description\" content=\"\u00d5mblus-ja tikkimismasin Husqvarna Designer Quartz 29 on elegantne ja paljude v\u00f5imalustega masin, mis sobib nii alustajale kui ka kogenud \u00f5mblejale.\" \/>\n<meta property=\"og:url\" content=\"https:\/\/reginett.ee\/toode\/omblus-ja-tikkimismasin-husqvarna-designer-quartz-29-uus\/\" \/>\n<meta property=\"og:site_name\" content=\"Reginett\" \/>\n<meta property=\"article:modified_time\" content=\"2025-03-14T12:16:04+00:00\" \/>\n<meta property=\"og:image\" content=\"https:\/\/reginett.ee\/wp-content\/uploads\/2025\/03\/Tikkimismasin-Husqvarna-Designer-Quartz-29.webp\" \/>\n\t<meta property=\"og:image:width\" content=\"640\" \/>\n\t<meta property=\"og:image:height\" content=\"640\" \/>\n\t<meta property=\"og:image:type\" content=\"image\/webp\" \/>\n<meta name=\"twitter:card\" content=\"summary_large_image\" \/>\n<meta name=\"twitter:label1\" content=\"\u041f\u0440\u0438\u043c\u0435\u0440\u043d\u043e\u0435 \u0432\u0440\u0435\u043c\u044f \u0434\u043b\u044f \u0447\u0442\u0435\u043d\u0438\u044f\" \/>\n\t<meta name=\"twitter:data1\" content=\"2 \u043c\u0438\u043d\u0443\u0442\u044b\" \/>\n<script type=\"application\/ld+json\" class=\"yoast-schema-graph\">{\"@context\":\"https:\/\/schema.org\",\"@graph\":[{\"@type\":\"WebPage\",\"@id\":\"https:\/\/reginett.ee\/toode\/omblus-ja-tikkimismasin-husqvarna-designer-quartz-29-uus\/\",\"url\":\"https:\/\/reginett.ee\/toode\/omblus-ja-tikkimismasin-husqvarna-designer-quartz-29-uus\/\",\"name\":\"\u00d5mblus-ja tikkimismasin Husqvarna Designer Quartz 29\",\"isPartOf\":{\"@id\":\"https:\/\/reginett.ee\/#website\"},\"primaryImageOfPage\":{\"@id\":\"https:\/\/reginett.ee\/toode\/omblus-ja-tikkimismasin-husqvarna-designer-quartz-29-uus\/#primaryimage\"},\"image\":{\"@id\":\"https:\/\/reginett.ee\/toode\/omblus-ja-tikkimismasin-husqvarna-designer-quartz-29-uus\/#primaryimage\"},\"thumbnailUrl\":\"https:\/\/reginett.ee\/wp-content\/uploads\/2025\/03\/Tikkimismasin-Husqvarna-Designer-Quartz-29.webp\",\"datePublished\":\"2025-03-14T12:15:13+00:00\",\"dateModified\":\"2025-03-14T12:16:04+00:00\",\"description\":\"\u00d5mblus-ja tikkimismasin Husqvarna Designer Quartz 29 on elegantne ja paljude v\u00f5imalustega masin, mis sobib nii alustajale kui ka kogenud \u00f5mblejale.\",\"breadcrumb\":{\"@id\":\"https:\/\/reginett.ee\/toode\/omblus-ja-tikkimismasin-husqvarna-designer-quartz-29-uus\/#breadcrumb\"},\"inLanguage\":\"ru-RU\",\"potentialAction\":[{\"@type\":\"ReadAction\",\"target\":[\"https:\/\/reginett.ee\/toode\/omblus-ja-tikkimismasin-husqvarna-designer-quartz-29-uus\/\"]}]},{\"@type\":\"ImageObject\",\"inLanguage\":\"ru-RU\",\"@id\":\"https:\/\/reginett.ee\/toode\/omblus-ja-tikkimismasin-husqvarna-designer-quartz-29-uus\/#primaryimage\",\"url\":\"https:\/\/reginett.ee\/wp-content\/uploads\/2025\/03\/Tikkimismasin-Husqvarna-Designer-Quartz-29.webp\",\"contentUrl\":\"https:\/\/reginett.ee\/wp-content\/uploads\/2025\/03\/Tikkimismasin-Husqvarna-Designer-Quartz-29.webp\",\"width\":640,\"height\":640,\"caption\":\"Tikkimismasin-Husqvarna-Designer-Quartz-29\"},{\"@type\":\"BreadcrumbList\",\"@id\":\"https:\/\/reginett.ee\/toode\/omblus-ja-tikkimismasin-husqvarna-designer-quartz-29-uus\/#breadcrumb\",\"itemListElement\":[{\"@type\":\"ListItem\",\"position\":1,\"name\":\"Home\",\"item\":\"https:\/\/reginett.ee\/ru\/\"},{\"@type\":\"ListItem\",\"position\":2,\"name\":\"Tooted\",\"item\":\"https:\/\/reginett.ee\/tooted\/\"},{\"@type\":\"ListItem\",\"position\":3,\"name\":\"\u00d5mblus-ja tikkimismasin Husqvarna Designer Quartz 29 UUS!\"}]},{\"@type\":\"WebSite\",\"@id\":\"https:\/\/reginett.ee\/#website\",\"url\":\"https:\/\/reginett.ee\/\",\"name\":\"Reginett\",\"description\":\"Parimad robotniidukid\",\"potentialAction\":[{\"@type\":\"SearchAction\",\"target\":{\"@type\":\"EntryPoint\",\"urlTemplate\":\"https:\/\/reginett.ee\/?s={search_term_string}\"},\"query-input\":{\"@type\":\"PropertyValueSpecification\",\"valueRequired\":true,\"valueName\":\"search_term_string\"}}],\"inLanguage\":\"ru-RU\"}]}<\/script>\n<!-- \/ Yoast SEO plugin. -->","yoast_head_json":{"title":"\u00d5mblus-ja tikkimismasin Husqvarna Designer Quartz 29","description":"\u00d5mblus-ja tikkimismasin Husqvarna Designer Quartz 29 on elegantne ja paljude v\u00f5imalustega masin, mis sobib nii alustajale kui ka kogenud \u00f5mblejale.","robots":{"index":"index","follow":"follow","max-snippet":"max-snippet:-1","max-image-preview":"max-image-preview:large","max-video-preview":"max-video-preview:-1"},"canonical":"https:\/\/reginett.ee\/toode\/omblus-ja-tikkimismasin-husqvarna-designer-quartz-29-uus\/","og_locale":"ru_RU","og_type":"article","og_title":"\u00d5mblus-ja tikkimismasin Husqvarna Designer Quartz 29","og_description":"\u00d5mblus-ja tikkimismasin Husqvarna Designer Quartz 29 on elegantne ja paljude v\u00f5imalustega masin, mis sobib nii alustajale kui ka kogenud \u00f5mblejale.","og_url":"https:\/\/reginett.ee\/toode\/omblus-ja-tikkimismasin-husqvarna-designer-quartz-29-uus\/","og_site_name":"Reginett","article_modified_time":"2025-03-14T12:16:04+00:00","og_image":[{"width":640,"height":640,"url":"https:\/\/reginett.ee\/wp-content\/uploads\/2025\/03\/Tikkimismasin-Husqvarna-Designer-Quartz-29.webp","type":"image\/webp"}],"twitter_card":"summary_large_image","twitter_misc":{"\u041f\u0440\u0438\u043c\u0435\u0440\u043d\u043e\u0435 \u0432\u0440\u0435\u043c\u044f \u0434\u043b\u044f \u0447\u0442\u0435\u043d\u0438\u044f":"2 \u043c\u0438\u043d\u0443\u0442\u044b"},"schema":{"@context":"https:\/\/schema.org","@graph":[{"@type":"WebPage","@id":"https:\/\/reginett.ee\/toode\/omblus-ja-tikkimismasin-husqvarna-designer-quartz-29-uus\/","url":"https:\/\/reginett.ee\/toode\/omblus-ja-tikkimismasin-husqvarna-designer-quartz-29-uus\/","name":"\u00d5mblus-ja tikkimismasin Husqvarna Designer Quartz 29","isPartOf":{"@id":"https:\/\/reginett.ee\/#website"},"primaryImageOfPage":{"@id":"https:\/\/reginett.ee\/toode\/omblus-ja-tikkimismasin-husqvarna-designer-quartz-29-uus\/#primaryimage"},"image":{"@id":"https:\/\/reginett.ee\/toode\/omblus-ja-tikkimismasin-husqvarna-designer-quartz-29-uus\/#primaryimage"},"thumbnailUrl":"https:\/\/reginett.ee\/wp-content\/uploads\/2025\/03\/Tikkimismasin-Husqvarna-Designer-Quartz-29.webp","datePublished":"2025-03-14T12:15:13+00:00","dateModified":"2025-03-14T12:16:04+00:00","description":"\u00d5mblus-ja tikkimismasin Husqvarna Designer Quartz 29 on elegantne ja paljude v\u00f5imalustega masin, mis sobib nii alustajale kui ka kogenud \u00f5mblejale.","breadcrumb":{"@id":"https:\/\/reginett.ee\/toode\/omblus-ja-tikkimismasin-husqvarna-designer-quartz-29-uus\/#breadcrumb"},"inLanguage":"ru-RU","potentialAction":[{"@type":"ReadAction","target":["https:\/\/reginett.ee\/toode\/omblus-ja-tikkimismasin-husqvarna-designer-quartz-29-uus\/"]}]},{"@type":"ImageObject","inLanguage":"ru-RU","@id":"https:\/\/reginett.ee\/toode\/omblus-ja-tikkimismasin-husqvarna-designer-quartz-29-uus\/#primaryimage","url":"https:\/\/reginett.ee\/wp-content\/uploads\/2025\/03\/Tikkimismasin-Husqvarna-Designer-Quartz-29.webp","contentUrl":"https:\/\/reginett.ee\/wp-content\/uploads\/2025\/03\/Tikkimismasin-Husqvarna-Designer-Quartz-29.webp","width":640,"height":640,"caption":"Tikkimismasin-Husqvarna-Designer-Quartz-29"},{"@type":"BreadcrumbList","@id":"https:\/\/reginett.ee\/toode\/omblus-ja-tikkimismasin-husqvarna-designer-quartz-29-uus\/#breadcrumb","itemListElement":[{"@type":"ListItem","position":1,"name":"Home","item":"https:\/\/reginett.ee\/ru\/"},{"@type":"ListItem","position":2,"name":"Tooted","item":"https:\/\/reginett.ee\/tooted\/"},{"@type":"ListItem","position":3,"name":"\u00d5mblus-ja tikkimismasin Husqvarna Designer Quartz 29 UUS!"}]},{"@type":"WebSite","@id":"https:\/\/reginett.ee\/#website","url":"https:\/\/reginett.ee\/","name":"Reginett","description":"Parimad robotniidukid","potentialAction":[{"@type":"SearchAction","target":{"@type":"EntryPoint","urlTemplate":"https:\/\/reginett.ee\/?s={search_term_string}"},"query-input":{"@type":"PropertyValueSpecification","valueRequired":true,"valueName":"search_term_string"}}],"inLanguage":"ru-RU"}]}},"brands":[{"id":489,"name":"Husqvarna Viking","slug":"husqvarna-viking"}],"_links":{"self":[{"href":"https:\/\/reginett.ee\/ru\/wp-json\/wp\/v2\/product\/62171","targetHints":{"allow":["GET"]}}],"collection":[{"href":"https:\/\/reginett.ee\/ru\/wp-json\/wp\/v2\/product"}],"about":[{"href":"https:\/\/reginett.ee\/ru\/wp-json\/wp\/v2\/types\/product"}],"replies":[{"embeddable":true,"href":"https:\/\/reginett.ee\/ru\/wp-json\/wp\/v2\/comments?post=62171"}],"wp:featuredmedia":[{"embeddable":true,"href":"https:\/\/reginett.ee\/ru\/wp-json\/wp\/v2\/media\/62172"}],"wp:attachment":[{"href":"https:\/\/reginett.ee\/ru\/wp-json\/wp\/v2\/media?parent=62171"}],"wp:term":[{"taxonomy":"pwb-brand","embeddable":true,"href":"https:\/\/reginett.ee\/ru\/wp-json\/wp\/v2\/pwb-brand?post=62171"},{"taxonomy":"product_brand","embeddable":true,"href":"https:\/\/reginett.ee\/ru\/wp-json\/wp\/v2\/product_brand?post=62171"},{"taxonomy":"product_cat","embeddable":true,"href":"https:\/\/reginett.ee\/ru\/wp-json\/wp\/v2\/product_cat?post=62171"},{"taxonomy":"product_tag","embeddable":true,"href":"https:\/\/reginett.ee\/ru\/wp-json\/wp\/v2\/product_tag?post=62171"}],"curies":[{"name":"wp","href":"https:\/\/api.w.org\/{rel}","templated":true}]}}