{"id":62124,"date":"2026-02-14T15:05:09","date_gmt":"2026-02-14T12:05:09","guid":{"rendered":"https:\/\/reginett.ee\/?post_type=product&#038;p=62124"},"modified":"2026-02-19T11:27:58","modified_gmt":"2026-02-19T08:27:58","slug":"akutraktor-husqvarna-ts100i-uus","status":"publish","type":"product","link":"https:\/\/reginett.ee\/ru\/toode\/akutraktor-husqvarna-ts100i-uus\/","title":{"rendered":"Akutraktor Husqvarna TS100i"},"content":{"rendered":"<p>Murutraktor <strong>Husqvarna TS100i on<\/strong> 100% akutoitel masin!<\/p>\n<p>Niitke suuremaid muruplatse kompaktse ja h\u00f5lpsasti juhitava aiatraktoriga Husqvarna TS100i. Kompaktne konstruktsioon v\u00f5imaldab h\u00f5lpsat navigeerimist kitsastes k\u00e4ikudes ja lihtsustab hoiustamist. Toode pakub kvaliteetset kasutuskogemust oma l\u00e4bim\u00f5eldud kaasaegse disainiga. Kogege elektrimootori v\u00f5imsust, suurep\u00e4raseid niidutulemusi ja d\u00fcnaamilist niitmisfunktsiooni, mis kohandab energiatarbimist automaatselt vastavalt tingimustele. See tagab \u00fchtlase niitmistulemuse ja s\u00e4\u00e4stab energiat. Lisaks saab t\u00f6\u00f6aega pikendada savE\u2122-re\u017eiimi abil, mis v\u00f5imaldab ka vaiksemat niitmist.<\/p>\n<p>TS\u00a0100i traktoril on ergonoomilised, kergesti ligip\u00e4\u00e4setavad juhthoovad ja -seadmed, mis tagavad optimaalse s\u00f5idumugavuse. Et s\u00f5it oleks veelgi mugavam, on m\u00fcratase transpordire\u017eiimi ajal v\u00e4ga madal. Lisaks muudavad elektrimootor ja v\u00e4hesed hoolduspunktid traktori peaaegu hooldusvabaks. Veokonks v\u00f5imaldab traktorit kasutada mitmel otstarbel, kasutades j\u00e4relveetavaid lisaseadmeid.<\/p>\n<h3 class=\"ui-qr ui-hk ui-qv\">100 % akutoitel<\/h3>\n<p class=\"ui-qr ui-hk ui-q0\">T\u00e4ielikult elektriline, rihmavaba \u00fclekandes\u00fcsteem v\u00e4hendab hooldust\u00f6\u00f6de vajadust.<\/p>\n<h3 class=\"ui-qr ui-hk ui-qv\">D\u00fcnaamiline niitmine<\/h3>\n<p class=\"ui-qr ui-hk ui-q0\">D\u00fcnaamiline niitmisre\u017eiim annab kasutajale maksimaalse t\u00f5hususe ja j\u00f5udluse ilma eraldi sekkumiseta.<\/p>\n<h3 class=\"ui-qr ui-hk ui-qv\">Ergonoomiline s\u00f5iduasend<\/h3>\n<p class=\"ui-qr ui-hk ui-q0\">Mugav s\u00f5iduasend ja juhtimine t\u00e4nu reguleeritavale istmele ning h\u00f5lpsasti ligip\u00e4\u00e4setavatele juhtnuppudele. Vedruga l\u00f5ikek\u00f5rguse reguleerimine soovitud k\u00f5rguse h\u00f5lpsaks seadistamiseks.<\/p>\n<h3 class=\"ui-qr ui-hk ui-qv\">Madala m\u00fcratasemega liikumine<\/h3>\n<p class=\"ui-qr ui-hk ui-q0\">Transpordire\u017eiimil olles peaaegu h\u00e4\u00e4letu, nii et s\u00f5itmine niitmise v\u00e4lisel ajal muutub veelgi meeldivamaks.<\/p>\n<h3 class=\"ui-qr ui-hk ui-qv\">savE\u2122<\/h3>\n<p class=\"ui-qr ui-hk ui-q0\">SavE\u2122 re\u017eiim maksimeerib t\u00f6\u00f6aega, v\u00e4hendab m\u00fcrataset ja s\u00e4\u00e4stab toote aku kasutusaega, v\u00e4hendades p\u00f6\u00f6rdeid minutis. Ideaalne \u00fclesanneteks, mis ei n\u00f5ua t\u00e4isv\u00f5imsust. Save\u2122 re\u017eiimi sisse- ja v\u00e4ljal\u00fclitamiseks vajuta lihtsalt nuppu.<\/p>\n<h3 class=\"ui-qr ui-hk ui-qv\">Ergonoomiline s\u00f5iduasend<\/h3>\n<p class=\"ui-qr ui-hk ui-q0\">Mugav s\u00f5iduasend ja juhtimine t\u00e4nu reguleeritavale istmele ning h\u00f5lpsasti ligip\u00e4\u00e4setavatele juhtnuppudele. Vedruga l\u00f5ikek\u00f5rguse reguleerimine soovitud k\u00f5rguse h\u00f5lpsaks seadistamiseks.<\/p>\n<p>&nbsp;<\/p>\n","protected":false},"excerpt":{"rendered":"<p>Murutraktor <strong>Husqvarna TS100i on<\/strong> 100% akutoitel masin!<\/p>\n<p>Niitke suuremaid muruplatse kompaktse ja h\u00f5lpsasti juhitava aiatraktoriga Husqvarna TS100i. Kompaktne konstruktsioon v\u00f5imaldab h\u00f5lpsat navigeerimist kitsastes k\u00e4ikudes ja lihtsustab hoiustamist. Toode pakub kvaliteetset kasutuskogemust oma l\u00e4bim\u00f5eldud kaasaegse disainiga. Kogege elektrimootori v\u00f5imsust, suurep\u00e4raseid niidutulemusi ja d\u00fcnaamilist niitmisfunktsiooni, mis kohandab energiatarbimist automaatselt vastavalt tingimustele.<\/p>\n","protected":false},"featured_media":62125,"comment_status":"open","ping_status":"closed","template":"","meta":{"_acf_changed":false,"_et_pb_use_builder":"","_et_pb_old_content":"","_et_gb_content_width":"","inline_featured_image":false},"pwb-brand":[147],"product_brand":[],"product_cat":[48,134,26],"product_tag":[695],"class_list":{"0":"post-62124","1":"product","2":"type-product","3":"status-publish","4":"has-post-thumbnail","6":"pwb-brand-husqvarna","7":"product_cat-akutooted","8":"product_cat-eripakkumised","9":"product_cat-murutraktorid","10":"product_tag-ts100i","11":"product_shipping_class-rasked-asjad","13":"first","14":"instock","15":"sale","16":"shipping-taxable","17":"purchasable","18":"product-type-simple"},"acf":[],"yoast_head":"<!-- This site is optimized with the Yoast SEO plugin v26.6 - https:\/\/yoast.com\/wordpress\/plugins\/seo\/ -->\n<title>Akutraktor Husqvarna TS100i<\/title>\n<meta name=\"description\" content=\"Murutraktor Husqvarna TS100i on 100% akutoitel masin!Niitke suuremaid muruplatse kompaktse ja h\u00f5lpsasti juhitava aiatraktoriga Husqvarna TS100i.\" \/>\n<meta name=\"robots\" content=\"index, follow, max-snippet:-1, max-image-preview:large, max-video-preview:-1\" \/>\n<link rel=\"canonical\" href=\"https:\/\/reginett.ee\/toode\/akutraktor-husqvarna-ts100i-uus\/\" \/>\n<meta property=\"og:locale\" content=\"ru_RU\" \/>\n<meta property=\"og:type\" content=\"article\" \/>\n<meta property=\"og:title\" content=\"Akutraktor Husqvarna TS100i\" \/>\n<meta property=\"og:description\" content=\"Murutraktor Husqvarna TS100i on 100% akutoitel masin!Niitke suuremaid muruplatse kompaktse ja h\u00f5lpsasti juhitava aiatraktoriga Husqvarna TS100i.\" \/>\n<meta property=\"og:url\" content=\"https:\/\/reginett.ee\/toode\/akutraktor-husqvarna-ts100i-uus\/\" \/>\n<meta property=\"og:site_name\" content=\"Reginett\" \/>\n<meta property=\"article:modified_time\" content=\"2026-02-19T08:27:58+00:00\" \/>\n<meta property=\"og:image\" content=\"https:\/\/reginett.ee\/wp-content\/uploads\/2025\/03\/IG-068446.webp\" \/>\n\t<meta property=\"og:image:width\" content=\"555\" \/>\n\t<meta property=\"og:image:height\" content=\"372\" \/>\n\t<meta property=\"og:image:type\" content=\"image\/webp\" \/>\n<meta name=\"twitter:card\" content=\"summary_large_image\" \/>\n<meta name=\"twitter:label1\" content=\"\u041f\u0440\u0438\u043c\u0435\u0440\u043d\u043e\u0435 \u0432\u0440\u0435\u043c\u044f \u0434\u043b\u044f \u0447\u0442\u0435\u043d\u0438\u044f\" \/>\n\t<meta name=\"twitter:data1\" content=\"2 \u043c\u0438\u043d\u0443\u0442\u044b\" \/>\n<script type=\"application\/ld+json\" class=\"yoast-schema-graph\">{\"@context\":\"https:\/\/schema.org\",\"@graph\":[{\"@type\":\"WebPage\",\"@id\":\"https:\/\/reginett.ee\/toode\/akutraktor-husqvarna-ts100i-uus\/\",\"url\":\"https:\/\/reginett.ee\/toode\/akutraktor-husqvarna-ts100i-uus\/\",\"name\":\"Akutraktor Husqvarna TS100i\",\"isPartOf\":{\"@id\":\"https:\/\/reginett.ee\/#website\"},\"primaryImageOfPage\":{\"@id\":\"https:\/\/reginett.ee\/toode\/akutraktor-husqvarna-ts100i-uus\/#primaryimage\"},\"image\":{\"@id\":\"https:\/\/reginett.ee\/toode\/akutraktor-husqvarna-ts100i-uus\/#primaryimage\"},\"thumbnailUrl\":\"https:\/\/reginett.ee\/wp-content\/uploads\/2025\/03\/IG-068446.webp\",\"datePublished\":\"2026-02-14T12:05:09+00:00\",\"dateModified\":\"2026-02-19T08:27:58+00:00\",\"description\":\"Murutraktor Husqvarna TS100i on 100% akutoitel masin!Niitke suuremaid muruplatse kompaktse ja h\u00f5lpsasti juhitava aiatraktoriga Husqvarna TS100i.\",\"breadcrumb\":{\"@id\":\"https:\/\/reginett.ee\/toode\/akutraktor-husqvarna-ts100i-uus\/#breadcrumb\"},\"inLanguage\":\"ru-RU\",\"potentialAction\":[{\"@type\":\"ReadAction\",\"target\":[\"https:\/\/reginett.ee\/toode\/akutraktor-husqvarna-ts100i-uus\/\"]}]},{\"@type\":\"ImageObject\",\"inLanguage\":\"ru-RU\",\"@id\":\"https:\/\/reginett.ee\/toode\/akutraktor-husqvarna-ts100i-uus\/#primaryimage\",\"url\":\"https:\/\/reginett.ee\/wp-content\/uploads\/2025\/03\/IG-068446.webp\",\"contentUrl\":\"https:\/\/reginett.ee\/wp-content\/uploads\/2025\/03\/IG-068446.webp\",\"width\":555,\"height\":372,\"caption\":\"Akutraktor Husqvarna TS100i\"},{\"@type\":\"BreadcrumbList\",\"@id\":\"https:\/\/reginett.ee\/toode\/akutraktor-husqvarna-ts100i-uus\/#breadcrumb\",\"itemListElement\":[{\"@type\":\"ListItem\",\"position\":1,\"name\":\"Home\",\"item\":\"https:\/\/reginett.ee\/ru\/\"},{\"@type\":\"ListItem\",\"position\":2,\"name\":\"Tooted\",\"item\":\"https:\/\/reginett.ee\/tooted\/\"},{\"@type\":\"ListItem\",\"position\":3,\"name\":\"Akutraktor Husqvarna TS100i\"}]},{\"@type\":\"WebSite\",\"@id\":\"https:\/\/reginett.ee\/#website\",\"url\":\"https:\/\/reginett.ee\/\",\"name\":\"Reginett\",\"description\":\"Parimad robotniidukid\",\"potentialAction\":[{\"@type\":\"SearchAction\",\"target\":{\"@type\":\"EntryPoint\",\"urlTemplate\":\"https:\/\/reginett.ee\/?s={search_term_string}\"},\"query-input\":{\"@type\":\"PropertyValueSpecification\",\"valueRequired\":true,\"valueName\":\"search_term_string\"}}],\"inLanguage\":\"ru-RU\"}]}<\/script>\n<!-- \/ Yoast SEO plugin. -->","yoast_head_json":{"title":"Akutraktor Husqvarna TS100i","description":"Murutraktor Husqvarna TS100i on 100% akutoitel masin!Niitke suuremaid muruplatse kompaktse ja h\u00f5lpsasti juhitava aiatraktoriga Husqvarna TS100i.","robots":{"index":"index","follow":"follow","max-snippet":"max-snippet:-1","max-image-preview":"max-image-preview:large","max-video-preview":"max-video-preview:-1"},"canonical":"https:\/\/reginett.ee\/toode\/akutraktor-husqvarna-ts100i-uus\/","og_locale":"ru_RU","og_type":"article","og_title":"Akutraktor Husqvarna TS100i","og_description":"Murutraktor Husqvarna TS100i on 100% akutoitel masin!Niitke suuremaid muruplatse kompaktse ja h\u00f5lpsasti juhitava aiatraktoriga Husqvarna TS100i.","og_url":"https:\/\/reginett.ee\/toode\/akutraktor-husqvarna-ts100i-uus\/","og_site_name":"Reginett","article_modified_time":"2026-02-19T08:27:58+00:00","og_image":[{"width":555,"height":372,"url":"https:\/\/reginett.ee\/wp-content\/uploads\/2025\/03\/IG-068446.webp","type":"image\/webp"}],"twitter_card":"summary_large_image","twitter_misc":{"\u041f\u0440\u0438\u043c\u0435\u0440\u043d\u043e\u0435 \u0432\u0440\u0435\u043c\u044f \u0434\u043b\u044f \u0447\u0442\u0435\u043d\u0438\u044f":"2 \u043c\u0438\u043d\u0443\u0442\u044b"},"schema":{"@context":"https:\/\/schema.org","@graph":[{"@type":"WebPage","@id":"https:\/\/reginett.ee\/toode\/akutraktor-husqvarna-ts100i-uus\/","url":"https:\/\/reginett.ee\/toode\/akutraktor-husqvarna-ts100i-uus\/","name":"Akutraktor Husqvarna TS100i","isPartOf":{"@id":"https:\/\/reginett.ee\/#website"},"primaryImageOfPage":{"@id":"https:\/\/reginett.ee\/toode\/akutraktor-husqvarna-ts100i-uus\/#primaryimage"},"image":{"@id":"https:\/\/reginett.ee\/toode\/akutraktor-husqvarna-ts100i-uus\/#primaryimage"},"thumbnailUrl":"https:\/\/reginett.ee\/wp-content\/uploads\/2025\/03\/IG-068446.webp","datePublished":"2026-02-14T12:05:09+00:00","dateModified":"2026-02-19T08:27:58+00:00","description":"Murutraktor Husqvarna TS100i on 100% akutoitel masin!Niitke suuremaid muruplatse kompaktse ja h\u00f5lpsasti juhitava aiatraktoriga Husqvarna TS100i.","breadcrumb":{"@id":"https:\/\/reginett.ee\/toode\/akutraktor-husqvarna-ts100i-uus\/#breadcrumb"},"inLanguage":"ru-RU","potentialAction":[{"@type":"ReadAction","target":["https:\/\/reginett.ee\/toode\/akutraktor-husqvarna-ts100i-uus\/"]}]},{"@type":"ImageObject","inLanguage":"ru-RU","@id":"https:\/\/reginett.ee\/toode\/akutraktor-husqvarna-ts100i-uus\/#primaryimage","url":"https:\/\/reginett.ee\/wp-content\/uploads\/2025\/03\/IG-068446.webp","contentUrl":"https:\/\/reginett.ee\/wp-content\/uploads\/2025\/03\/IG-068446.webp","width":555,"height":372,"caption":"Akutraktor Husqvarna TS100i"},{"@type":"BreadcrumbList","@id":"https:\/\/reginett.ee\/toode\/akutraktor-husqvarna-ts100i-uus\/#breadcrumb","itemListElement":[{"@type":"ListItem","position":1,"name":"Home","item":"https:\/\/reginett.ee\/ru\/"},{"@type":"ListItem","position":2,"name":"Tooted","item":"https:\/\/reginett.ee\/tooted\/"},{"@type":"ListItem","position":3,"name":"Akutraktor Husqvarna TS100i"}]},{"@type":"WebSite","@id":"https:\/\/reginett.ee\/#website","url":"https:\/\/reginett.ee\/","name":"Reginett","description":"Parimad robotniidukid","potentialAction":[{"@type":"SearchAction","target":{"@type":"EntryPoint","urlTemplate":"https:\/\/reginett.ee\/?s={search_term_string}"},"query-input":{"@type":"PropertyValueSpecification","valueRequired":true,"valueName":"search_term_string"}}],"inLanguage":"ru-RU"}]}},"brands":[{"id":147,"name":"Husqvarna","slug":"husqvarna"}],"_links":{"self":[{"href":"https:\/\/reginett.ee\/ru\/wp-json\/wp\/v2\/product\/62124","targetHints":{"allow":["GET"]}}],"collection":[{"href":"https:\/\/reginett.ee\/ru\/wp-json\/wp\/v2\/product"}],"about":[{"href":"https:\/\/reginett.ee\/ru\/wp-json\/wp\/v2\/types\/product"}],"replies":[{"embeddable":true,"href":"https:\/\/reginett.ee\/ru\/wp-json\/wp\/v2\/comments?post=62124"}],"wp:featuredmedia":[{"embeddable":true,"href":"https:\/\/reginett.ee\/ru\/wp-json\/wp\/v2\/media\/62125"}],"wp:attachment":[{"href":"https:\/\/reginett.ee\/ru\/wp-json\/wp\/v2\/media?parent=62124"}],"wp:term":[{"taxonomy":"pwb-brand","embeddable":true,"href":"https:\/\/reginett.ee\/ru\/wp-json\/wp\/v2\/pwb-brand?post=62124"},{"taxonomy":"product_brand","embeddable":true,"href":"https:\/\/reginett.ee\/ru\/wp-json\/wp\/v2\/product_brand?post=62124"},{"taxonomy":"product_cat","embeddable":true,"href":"https:\/\/reginett.ee\/ru\/wp-json\/wp\/v2\/product_cat?post=62124"},{"taxonomy":"product_tag","embeddable":true,"href":"https:\/\/reginett.ee\/ru\/wp-json\/wp\/v2\/product_tag?post=62124"}],"curies":[{"name":"wp","href":"https:\/\/api.w.org\/{rel}","templated":true}]}}