{"id":62091,"date":"2026-04-14T12:06:23","date_gmt":"2026-04-14T09:06:23","guid":{"rendered":"https:\/\/reginett.ee\/?post_type=product&#038;p=62091"},"modified":"2026-04-15T09:24:22","modified_gmt":"2026-04-15T06:24:22","slug":"robotniiduk-husqvarna-automower-435x-awd-nera","status":"publish","type":"product","link":"https:\/\/reginett.ee\/ru\/toode\/robotniiduk-husqvarna-automower-435x-awd-nera\/","title":{"rendered":"Robotniiduk Husqvarna Automower\u00ae 435X AWD NERA"},"content":{"rendered":"<p><strong>Robotniiduk Husqvarna Automower\u00ae 435X AWD NERA<\/strong> on niidumasin, millel on suurep\u00e4rane j\u00f5udlus kallakutel ja mis saab t\u00f6\u00f6 tehtud ka konarlikul maastikul ning kuni 3500 m\u00b2 suurustel muruplatsidel.Niiduk saab t\u00e4nu nelikveole hakkama j\u00e4rskudel, kuni 70% t\u00f5usuga kallakutel ning liigendkere v\u00f5imaldab suurep\u00e4rast man\u00f6\u00f6verdusv\u00f5imet ja veoj\u00f5udu n\u00f5udlikul maastikul ja kitsastes l\u00e4bik\u00e4ikudes.<\/p>\n<p>Kaablivaba paigaldus pakub t\u00e4ielikku paindlikkust koos t\u00e4psete virtuaalsete piiretega, mida v\u00f5imaldab masinasse integreeritud satelliidip\u00f5hine Husqvarna EPOS\u00ae tehnoloogia.<\/p>\n<p>Kohanda muru vastavalt oma vajadustele t\u00e4nu niidualade halduse funktsioonile Zone Control, mis v\u00f5imaldab rakenduse Automower\u00ae Connect kaudu luua mitu erineva seadistusega t\u00f6\u00f6ala. Sama h\u00f5lpsasti saad luua ajutisi mitteniidetavaid piirkondi, et lasta hooajalistel looduslikel lilledel v\u00f5i oma aiaprojektialadel s\u00e4ilida. Lisaks suudab niiduk tuvastada ja v\u00e4ltida takistusi, tagades nii t\u00e4pse niidutulemuse ning v\u00e4hendades kokkup\u00f5rkeid ja planeerimata seisakuid.<\/p>\n<p>S\u00fcsteemsed niitmisv\u00f5imalused on lisndumas 2025. aasta jooksul. See pakub suuremat niidetavat ala (kuni 5000 m\u00b2) ning v\u00f5imaldab niidukil t\u00f6\u00f6tada paralleelselt liikudes, et luua soovitud visuaalne muster (nt triibud, kabelauamuster ja kolmnurgad).<br \/>\nVirtuaalse paigalduse loomiseks on vaja ka rakendust Automower\u00ae Connect.<\/p>\n<h3 class=\"ui-qr ui-hk ui-qv\">Husqvarna EPOS\u00ae tehnoloogia<\/h3>\n<p class=\"ui-qr ui-hk ui-q0\">Satelliidip\u00f5hine Husqvarna EPOS\u00ae tehnoloogia (t\u00e4pse asukoha m\u00e4\u00e4ramise operatsioonis\u00fcsteem) tagab sentimeetri t\u00e4psusega m\u00e4\u00e4ramise ja v\u00f5imaldab luua virtuaalpiirdeid. L\u00e4bimurdeline tehnoloogia Automower\u00ae-i robotniidukitele, mis pakub lihtsat ja paindlikku muruhooldust ilma f\u00fc\u00fcsilisi juhtmeid kasutamata. Nii on juhtme purunemise oht v\u00e4listatud.<\/p>\n<h3 class=\"ui-qr ui-hk ui-qv\">Neljarattavedu<\/h3>\n<p class=\"ui-qr ui-hk ui-q0\">Automower\u00ae AWD mudelitel on tehnoloogia, mis optimeerib iga ratta juhtimist parimaks t\u00f6\u00f6ks ka k\u00f5ige n\u00f5udlikumal maastikul muljetavaldava kallaku j\u00f5udlusega, saades hakkama lausa 70% (35\u00b0) kallakutel.<\/p>\n<h3 class=\"ui-qr ui-hk ui-qv\">Automower\u00ae Zone Control<\/h3>\n<p class=\"ui-qr ui-hk ui-q0\">Automower\u00ae Zone Control v\u00f5imaldab h\u00f5lpsasti luua erinevate seadetega t\u00f6\u00f6alasid ja ajutisi v\u00e4ljaj\u00e4\u00e4vaid piirkondi. See annab parema kontrolli muru \u00fcle, nii et saad rakendada igale alale erinevaid ajakavasid ja l\u00f5ikek\u00f5rgusi v\u00f5i takistada robotniidukit valitud aladel niitmast.<\/p>\n<h3 class=\"ui-qr ui-hk ui-qv\">Objektide tuvastamine ja v\u00e4ltimine<\/h3>\n<p class=\"ui-qr ui-hk ui-q0\">Sisseehitatud radariga suudab Husqvarna Automower\u00ae 435X AWD NERA objekte tuvastada ja v\u00e4ltida, v\u00e4hendades nii ettekavatsemata seiskumisi. Tuvastamisre\u017eiim v\u00e4hendab kiirust ja muudab kokkup\u00f5rked pehmemaks ning v\u00e4ltimisre\u017eiim paneb niiduk eemale p\u00f6\u00f6rama ja kokkup\u00f5rkeid v\u00e4ltima.<\/p>\n<h3 class=\"ui-qr ui-hk ui-qv\">Keskliigendiga s\u00fcsteem<\/h3>\n<p class=\"ui-qr ui-hk ui-q0\">Husqvarna Automower\u00ae 435X AWD NERA liigendatud tagumise korpuse disain v\u00f5imaldab suurep\u00e4rast man\u00f6\u00f6verdusv\u00f5imet keerukatel muruplatsidel ja l\u00e4bik\u00e4ikudes navigeerimiseks. Tagumisel korpusel on ka p\u00f6\u00f6rdev\u00f5ime, mis suurendab m\u00e4rkimisv\u00e4\u00e4rselt haarduvust ebatasasel maastikul, kasutades Automower\u00ae AWD mudelite AWD-funktsiooni maksimaalselt \u00e4ra.<\/p>\n<p><a href=\"https:\/\/www.husqvarna.com\/ee\/robotmuruniidukid\/automower-435x-awd-nera-kaablivaba-tehnoloogiaga\/\">Husqvarna Automower\u00ae 435X AWD NERA kaablivaba tehnoloogiaga robotniiduk | Husqvarna EE<\/a><\/p>\n<p>&nbsp;<\/p>\n","protected":false},"excerpt":{"rendered":"<p><strong>Robotniiduk Husqvarna Automower\u00ae 435X AWD NERA<\/strong> on niidumasin, millel on suurep\u00e4rane j\u00f5udlus kallakutel ja mis saab t\u00f6\u00f6 tehtud ka konarlikul maastikul ning kuni 3500 m\u00b2 suurustel muruplatsidel.<\/p>\n<p>Kaablivaba paigaldus pakub t\u00e4ielikku paindlikkust koos t\u00e4psete virtuaalsete piiretega, mida v\u00f5imaldab masinasse integreeritud satelliidip\u00f5hine Husqvarna EPOS\u00ae tehnoloogia.<\/p>\n","protected":false},"featured_media":62092,"comment_status":"open","ping_status":"closed","template":"","meta":{"_acf_changed":false,"_et_pb_use_builder":"","_et_pb_old_content":"","_et_gb_content_width":"","inline_featured_image":false},"pwb-brand":[147],"product_brand":[],"product_cat":[134,19],"product_tag":[694,518,693,516],"class_list":{"0":"post-62091","1":"product","2":"type-product","3":"status-publish","4":"has-post-thumbnail","6":"pwb-brand-husqvarna","7":"product_cat-eripakkumised","8":"product_cat-robotniidukid","9":"product_tag-435x","10":"product_tag-epos","11":"product_tag-husqvarna-automower-435x-awd-nera","12":"product_tag-nera","13":"product_shipping_class-soodsam-kuller-15-eur","15":"first","16":"instock","17":"sale","18":"shipping-taxable","19":"purchasable","20":"product-type-simple"},"acf":[],"yoast_head":"<!-- This site is optimized with the Yoast SEO plugin v26.6 - https:\/\/yoast.com\/wordpress\/plugins\/seo\/ -->\n<title>Robotniiduk Husqvarna Automower\u00ae 435X AWD NERA<\/title>\n<meta name=\"description\" content=\"Robotniiduk Husqvarna Automower\u00ae 435X AWD NERA on niidumasin, millel on suurep\u00e4rane j\u00f5udlus kallakutel ja mis saab t\u00f6\u00f6 tehtud\" \/>\n<meta name=\"robots\" content=\"index, follow, max-snippet:-1, max-image-preview:large, max-video-preview:-1\" \/>\n<link rel=\"canonical\" href=\"https:\/\/reginett.ee\/toode\/robotniiduk-husqvarna-automower-435x-awd-nera\/\" \/>\n<meta property=\"og:locale\" content=\"ru_RU\" \/>\n<meta property=\"og:type\" content=\"article\" \/>\n<meta property=\"og:title\" content=\"Robotniiduk Husqvarna Automower\u00ae 435X AWD NERA\" \/>\n<meta property=\"og:description\" content=\"Robotniiduk Husqvarna Automower\u00ae 435X AWD NERA on niidumasin, millel on suurep\u00e4rane j\u00f5udlus kallakutel ja mis saab t\u00f6\u00f6 tehtud\" \/>\n<meta property=\"og:url\" content=\"https:\/\/reginett.ee\/toode\/robotniiduk-husqvarna-automower-435x-awd-nera\/\" \/>\n<meta property=\"og:site_name\" content=\"Reginett\" \/>\n<meta property=\"article:modified_time\" content=\"2026-04-15T06:24:22+00:00\" \/>\n<meta property=\"og:image\" content=\"https:\/\/reginett.ee\/wp-content\/uploads\/2025\/03\/UT-426126.webp\" \/>\n\t<meta property=\"og:image:width\" content=\"558\" \/>\n\t<meta property=\"og:image:height\" content=\"372\" \/>\n\t<meta property=\"og:image:type\" content=\"image\/webp\" \/>\n<meta name=\"twitter:card\" content=\"summary_large_image\" \/>\n<meta name=\"twitter:label1\" content=\"\u041f\u0440\u0438\u043c\u0435\u0440\u043d\u043e\u0435 \u0432\u0440\u0435\u043c\u044f \u0434\u043b\u044f \u0447\u0442\u0435\u043d\u0438\u044f\" \/>\n\t<meta name=\"twitter:data1\" content=\"3 \u043c\u0438\u043d\u0443\u0442\u044b\" \/>\n<script type=\"application\/ld+json\" class=\"yoast-schema-graph\">{\"@context\":\"https:\/\/schema.org\",\"@graph\":[{\"@type\":\"WebPage\",\"@id\":\"https:\/\/reginett.ee\/toode\/robotniiduk-husqvarna-automower-435x-awd-nera\/\",\"url\":\"https:\/\/reginett.ee\/toode\/robotniiduk-husqvarna-automower-435x-awd-nera\/\",\"name\":\"Robotniiduk Husqvarna Automower\u00ae 435X AWD NERA\",\"isPartOf\":{\"@id\":\"https:\/\/reginett.ee\/#website\"},\"primaryImageOfPage\":{\"@id\":\"https:\/\/reginett.ee\/toode\/robotniiduk-husqvarna-automower-435x-awd-nera\/#primaryimage\"},\"image\":{\"@id\":\"https:\/\/reginett.ee\/toode\/robotniiduk-husqvarna-automower-435x-awd-nera\/#primaryimage\"},\"thumbnailUrl\":\"https:\/\/reginett.ee\/wp-content\/uploads\/2025\/03\/UT-426126.webp\",\"datePublished\":\"2026-04-14T09:06:23+00:00\",\"dateModified\":\"2026-04-15T06:24:22+00:00\",\"description\":\"Robotniiduk Husqvarna Automower\u00ae 435X AWD NERA on niidumasin, millel on suurep\u00e4rane j\u00f5udlus kallakutel ja mis saab t\u00f6\u00f6 tehtud\",\"breadcrumb\":{\"@id\":\"https:\/\/reginett.ee\/toode\/robotniiduk-husqvarna-automower-435x-awd-nera\/#breadcrumb\"},\"inLanguage\":\"ru-RU\",\"potentialAction\":[{\"@type\":\"ReadAction\",\"target\":[\"https:\/\/reginett.ee\/toode\/robotniiduk-husqvarna-automower-435x-awd-nera\/\"]}]},{\"@type\":\"ImageObject\",\"inLanguage\":\"ru-RU\",\"@id\":\"https:\/\/reginett.ee\/toode\/robotniiduk-husqvarna-automower-435x-awd-nera\/#primaryimage\",\"url\":\"https:\/\/reginett.ee\/wp-content\/uploads\/2025\/03\/UT-426126.webp\",\"contentUrl\":\"https:\/\/reginett.ee\/wp-content\/uploads\/2025\/03\/UT-426126.webp\",\"width\":558,\"height\":372,\"caption\":\"Husqvarna Automower\u00ae 435X AWD NERA\"},{\"@type\":\"BreadcrumbList\",\"@id\":\"https:\/\/reginett.ee\/toode\/robotniiduk-husqvarna-automower-435x-awd-nera\/#breadcrumb\",\"itemListElement\":[{\"@type\":\"ListItem\",\"position\":1,\"name\":\"Home\",\"item\":\"https:\/\/reginett.ee\/ru\/\"},{\"@type\":\"ListItem\",\"position\":2,\"name\":\"Tooted\",\"item\":\"https:\/\/reginett.ee\/tooted\/\"},{\"@type\":\"ListItem\",\"position\":3,\"name\":\"Robotniiduk Husqvarna Automower\u00ae 435X AWD NERA\"}]},{\"@type\":\"WebSite\",\"@id\":\"https:\/\/reginett.ee\/#website\",\"url\":\"https:\/\/reginett.ee\/\",\"name\":\"Reginett\",\"description\":\"Parimad robotniidukid\",\"potentialAction\":[{\"@type\":\"SearchAction\",\"target\":{\"@type\":\"EntryPoint\",\"urlTemplate\":\"https:\/\/reginett.ee\/?s={search_term_string}\"},\"query-input\":{\"@type\":\"PropertyValueSpecification\",\"valueRequired\":true,\"valueName\":\"search_term_string\"}}],\"inLanguage\":\"ru-RU\"}]}<\/script>\n<!-- \/ Yoast SEO plugin. -->","yoast_head_json":{"title":"Robotniiduk Husqvarna Automower\u00ae 435X AWD NERA","description":"Robotniiduk Husqvarna Automower\u00ae 435X AWD NERA on niidumasin, millel on suurep\u00e4rane j\u00f5udlus kallakutel ja mis saab t\u00f6\u00f6 tehtud","robots":{"index":"index","follow":"follow","max-snippet":"max-snippet:-1","max-image-preview":"max-image-preview:large","max-video-preview":"max-video-preview:-1"},"canonical":"https:\/\/reginett.ee\/toode\/robotniiduk-husqvarna-automower-435x-awd-nera\/","og_locale":"ru_RU","og_type":"article","og_title":"Robotniiduk Husqvarna Automower\u00ae 435X AWD NERA","og_description":"Robotniiduk Husqvarna Automower\u00ae 435X AWD NERA on niidumasin, millel on suurep\u00e4rane j\u00f5udlus kallakutel ja mis saab t\u00f6\u00f6 tehtud","og_url":"https:\/\/reginett.ee\/toode\/robotniiduk-husqvarna-automower-435x-awd-nera\/","og_site_name":"Reginett","article_modified_time":"2026-04-15T06:24:22+00:00","og_image":[{"width":558,"height":372,"url":"https:\/\/reginett.ee\/wp-content\/uploads\/2025\/03\/UT-426126.webp","type":"image\/webp"}],"twitter_card":"summary_large_image","twitter_misc":{"\u041f\u0440\u0438\u043c\u0435\u0440\u043d\u043e\u0435 \u0432\u0440\u0435\u043c\u044f \u0434\u043b\u044f \u0447\u0442\u0435\u043d\u0438\u044f":"3 \u043c\u0438\u043d\u0443\u0442\u044b"},"schema":{"@context":"https:\/\/schema.org","@graph":[{"@type":"WebPage","@id":"https:\/\/reginett.ee\/toode\/robotniiduk-husqvarna-automower-435x-awd-nera\/","url":"https:\/\/reginett.ee\/toode\/robotniiduk-husqvarna-automower-435x-awd-nera\/","name":"Robotniiduk Husqvarna Automower\u00ae 435X AWD NERA","isPartOf":{"@id":"https:\/\/reginett.ee\/#website"},"primaryImageOfPage":{"@id":"https:\/\/reginett.ee\/toode\/robotniiduk-husqvarna-automower-435x-awd-nera\/#primaryimage"},"image":{"@id":"https:\/\/reginett.ee\/toode\/robotniiduk-husqvarna-automower-435x-awd-nera\/#primaryimage"},"thumbnailUrl":"https:\/\/reginett.ee\/wp-content\/uploads\/2025\/03\/UT-426126.webp","datePublished":"2026-04-14T09:06:23+00:00","dateModified":"2026-04-15T06:24:22+00:00","description":"Robotniiduk Husqvarna Automower\u00ae 435X AWD NERA on niidumasin, millel on suurep\u00e4rane j\u00f5udlus kallakutel ja mis saab t\u00f6\u00f6 tehtud","breadcrumb":{"@id":"https:\/\/reginett.ee\/toode\/robotniiduk-husqvarna-automower-435x-awd-nera\/#breadcrumb"},"inLanguage":"ru-RU","potentialAction":[{"@type":"ReadAction","target":["https:\/\/reginett.ee\/toode\/robotniiduk-husqvarna-automower-435x-awd-nera\/"]}]},{"@type":"ImageObject","inLanguage":"ru-RU","@id":"https:\/\/reginett.ee\/toode\/robotniiduk-husqvarna-automower-435x-awd-nera\/#primaryimage","url":"https:\/\/reginett.ee\/wp-content\/uploads\/2025\/03\/UT-426126.webp","contentUrl":"https:\/\/reginett.ee\/wp-content\/uploads\/2025\/03\/UT-426126.webp","width":558,"height":372,"caption":"Husqvarna Automower\u00ae 435X AWD NERA"},{"@type":"BreadcrumbList","@id":"https:\/\/reginett.ee\/toode\/robotniiduk-husqvarna-automower-435x-awd-nera\/#breadcrumb","itemListElement":[{"@type":"ListItem","position":1,"name":"Home","item":"https:\/\/reginett.ee\/ru\/"},{"@type":"ListItem","position":2,"name":"Tooted","item":"https:\/\/reginett.ee\/tooted\/"},{"@type":"ListItem","position":3,"name":"Robotniiduk Husqvarna Automower\u00ae 435X AWD NERA"}]},{"@type":"WebSite","@id":"https:\/\/reginett.ee\/#website","url":"https:\/\/reginett.ee\/","name":"Reginett","description":"Parimad robotniidukid","potentialAction":[{"@type":"SearchAction","target":{"@type":"EntryPoint","urlTemplate":"https:\/\/reginett.ee\/?s={search_term_string}"},"query-input":{"@type":"PropertyValueSpecification","valueRequired":true,"valueName":"search_term_string"}}],"inLanguage":"ru-RU"}]}},"brands":[{"id":147,"name":"Husqvarna","slug":"husqvarna"}],"_links":{"self":[{"href":"https:\/\/reginett.ee\/ru\/wp-json\/wp\/v2\/product\/62091","targetHints":{"allow":["GET"]}}],"collection":[{"href":"https:\/\/reginett.ee\/ru\/wp-json\/wp\/v2\/product"}],"about":[{"href":"https:\/\/reginett.ee\/ru\/wp-json\/wp\/v2\/types\/product"}],"replies":[{"embeddable":true,"href":"https:\/\/reginett.ee\/ru\/wp-json\/wp\/v2\/comments?post=62091"}],"wp:featuredmedia":[{"embeddable":true,"href":"https:\/\/reginett.ee\/ru\/wp-json\/wp\/v2\/media\/62092"}],"wp:attachment":[{"href":"https:\/\/reginett.ee\/ru\/wp-json\/wp\/v2\/media?parent=62091"}],"wp:term":[{"taxonomy":"pwb-brand","embeddable":true,"href":"https:\/\/reginett.ee\/ru\/wp-json\/wp\/v2\/pwb-brand?post=62091"},{"taxonomy":"product_brand","embeddable":true,"href":"https:\/\/reginett.ee\/ru\/wp-json\/wp\/v2\/product_brand?post=62091"},{"taxonomy":"product_cat","embeddable":true,"href":"https:\/\/reginett.ee\/ru\/wp-json\/wp\/v2\/product_cat?post=62091"},{"taxonomy":"product_tag","embeddable":true,"href":"https:\/\/reginett.ee\/ru\/wp-json\/wp\/v2\/product_tag?post=62091"}],"curies":[{"name":"wp","href":"https:\/\/api.w.org\/{rel}","templated":true}]}}