{"id":62050,"date":"2025-06-19T22:44:08","date_gmt":"2025-06-19T19:44:08","guid":{"rendered":"https:\/\/reginett.ee\/?post_type=product&#038;p=62050"},"modified":"2025-09-01T10:56:22","modified_gmt":"2025-09-01T07:56:22","slug":"robotniiduk-husqvarna-automower-405xe-nera-uus","status":"publish","type":"product","link":"https:\/\/reginett.ee\/ru\/toode\/robotniiduk-husqvarna-automower-405xe-nera-uus\/","title":{"rendered":"Robotniiduk Husqvarna Automower\u00ae 405XE NERA"},"content":{"rendered":"<p><strong>Husqvarna Automower\u00ae 405XE NERA<\/strong> on robotniiduk kuni 600 m\u00b2 suurusele murualale. See v\u00e4hendab t\u00e4nu EdgeCut funktsioonile muru servade trimmerdamise vajadust, s\u00e4\u00e4stes aega ja vaeva. 405XE NERA pakub v\u00f5imalust teha satelliittehnoloogia abil kaablivaba paigaldus v\u00f5i valida f\u00fc\u00fcsilise piirdekaabliga paigaldus.<\/p>\n<p>Kohanda muru vastavalt oma vajadustele ja loo Automower\u00ae Connect rakenduse abil niidualade halduse funktsiooniga Zone Control mitu t\u00f6\u00f6ala erinevate seadistustega. Sama h\u00f5lpsasti saad luua ajutisi mitteniidetavaid piirkondi, et lasta hooajalistel looduslikel lilledel v\u00f5i oma aiaprojektialadel s\u00e4ilida.<\/p>\n<p>T\u00e4pne niitmine saavutatakse t\u00e4nu niiduki anduritele, mis tuvastavad ja v\u00e4ldivad takistusi, v\u00e4hendades kokkup\u00f5rkeohtu ja ootamatuid seisakuid.<\/p>\n<p>Sinu k\u00e4es on kontroll: saad j\u00e4lgida oma niidukit k\u00f5ikjal maailmas ja integreerida selle oma nutikoduga rakenduse Automower\u00ae Connect kaudu. Saad saata k\u00e4ske, luua ja kohandada piirkondi, vaadata ja muuta niiduki seadeid ning saada teavitusi.<\/p>\n<h3 class=\"ui-qr ui-hk ui-qv\">Objektide tuvastamine ja v\u00e4ltimine<\/h3>\n<p class=\"ui-qr ui-hk ui-q0\">Sisseehitatud radariga suudab niiduk objekte tuvastada ja v\u00e4ltida, v\u00e4hendades nii ettekavatsemata seiskumisi. Tuvastamisre\u017eiim v\u00e4hendab kiirust ja muudab kokkup\u00f5rked pehmemaks ning v\u00e4ltimisre\u017eiim paneb niiduk eemale p\u00f6\u00f6rama ja kokkup\u00f5rkeid v\u00e4ltima.<\/p>\n<h3 class=\"ui-qr ui-hk ui-qv\">EdgeCut &#8212; v\u00e4hem trimmerdamist<\/h3>\n<p class=\"ui-qr ui-hk ui-q0\">EdgeCut v\u00e4hendab vajadust muru servade trimmerdamiseks, s\u00e4\u00e4stes nii aega ja vaeva. Seda v\u00f5imaldab spetsiaalne tagumine EdgeCut-l\u00f5ikekettas, mis suudab l\u00f5igata nii l\u00e4hedalt servadele, et ainult v\u00e4ikene osa murust j\u00e4\u00e4b l\u00f5ikamata.<\/p>\n<h3 class=\"ui-qr ui-hk ui-qv\">Automower\u00ae Zone Control<\/h3>\n<p class=\"ui-qr ui-hk ui-q0\">Automower\u00ae Zone Control v\u00f5imaldab h\u00f5lpsasti luua erinevate seadetega t\u00f6\u00f6alasid ja ajutisi v\u00e4ljaj\u00e4\u00e4vaid piirkondi. See annab parema kontrolli muru \u00fcle, nii et saad rakendada igale alale erinevaid ajakavasid ja l\u00f5ikek\u00f5rgusi v\u00f5i takistada robotniidukit valitud aladel niitmast.<\/p>\n<h3 class=\"ui-qr ui-hk ui-qv\">Automower\u00ae Connect rakendus<\/h3>\n<p class=\"ui-qr ui-hk ui-q0\">Naudi rakendusega Automower\u00ae Connectoma nutitelefonist kaugjuhtimispuldi mugavust. Muuhulgas saad hallata ja j\u00e4lgida oma Husqvarna robotniidukit, muuta seadeid ning p\u00e4\u00e4seda h\u00f5lpsasti ligi teabele ja n\u00e4pun\u00e4idetele, mis muudavad muru hooldamise muretuks. S\u00f5ltuvalt mudelist on saadaval mobiilside, Wi-Fi ja Bluetooth \u00fchenduvus.<\/p>\n<h3 class=\"ui-qr ui-hk ui-qv\">Elektriline k\u00f5rguse reguleerimine &#8212; PATENDEERITUD<\/h3>\n<p class=\"ui-qr ui-hk ui-q0\">Elektriline l\u00f5ikek\u00f5rguse reguleerimine muudab soovitud k\u00f5rguse seadistamise Husqvarna Automower\u00ae Connect rakenduse kaudu mugavaks. Seade on juurdep\u00e4\u00e4setav ka niiduki peamen\u00fc\u00fcst.<\/p>\n<h3 class=\"ui-qr ui-hk ui-qv\">GPS-s\u00fcsteem<\/h3>\n<p class=\"ui-qr ui-hk ui-q0\">GPS-abiga navigeerimine tagab sinu aia t\u00e4ieliku katvuse, niites kogu ala \u00fchtlaselt. See alustab aia kaardi loomise s\u00fcsteemiga, mis h\u00f5lmab ka paigaldatud piirde- ja juhtkaableid. Husqvarna Automower\u00ae kohandab seej\u00e4rel oma niitmismustrit vastavalt, et tagada suurep\u00e4rane l\u00f5iketulemus.<\/p>\n<p>&nbsp;<\/p>\n","protected":false},"excerpt":{"rendered":"<h3><span style=\"color: #ff0000;\"><strong>ERIPAKKUMINE!<\/strong><\/span><\/h3>\n<p><span style=\"color: #ff0000;\"><strong>Ostes koos Husqvarna Automower\u00ae NERA robotniiduki ja EPOS mooduli, kingime RS1 tugijaama TASUTA kaasa!<\/strong><\/span><\/p>\n<p><strong>Husqvarna Automower\u00ae 405XE NERA<\/strong> on robotniiduk kuni 600 m\u00b2 suurusele murualale. See v\u00e4hendab t\u00e4nu EdgeCut funktsioonile muru servade trimmerdamise vajadust, s\u00e4\u00e4stes aega ja vaeva.<\/p>\n","protected":false},"featured_media":62059,"comment_status":"open","ping_status":"closed","template":"","meta":{"_acf_changed":false,"_et_pb_use_builder":"","_et_pb_old_content":"","_et_gb_content_width":"","inline_featured_image":false},"pwb-brand":[147],"product_brand":[],"product_cat":[37,19],"product_tag":[692],"class_list":{"0":"post-62050","1":"product","2":"type-product","3":"status-publish","4":"has-post-thumbnail","6":"pwb-brand-husqvarna","7":"product_cat-husqvarna","8":"product_cat-robotniidukid","9":"product_tag-automower-405xe-nera","10":"product_shipping_class-soodsam-kuller-15-eur","12":"first","13":"instock","14":"shipping-taxable","15":"purchasable","16":"product-type-simple"},"acf":[],"yoast_head":"<!-- This site is optimized with the Yoast SEO plugin v26.6 - https:\/\/yoast.com\/wordpress\/plugins\/seo\/ -->\n<title>Robotniiduk Husqvarna Automower\u00ae 405XE NERA UUS!<\/title>\n<meta name=\"description\" content=\"Husqvarna Automower\u00ae 405XE NERA on robotniiduk kuni 600 m\u00b2 suurusele murualale. See v\u00e4hendab t\u00e4nu EdgeCut funktsioonile muru servade\" \/>\n<meta name=\"robots\" content=\"index, follow, max-snippet:-1, max-image-preview:large, max-video-preview:-1\" \/>\n<link rel=\"canonical\" href=\"https:\/\/reginett.ee\/toode\/robotniiduk-husqvarna-automower-405xe-nera-uus\/\" \/>\n<meta property=\"og:locale\" content=\"ru_RU\" \/>\n<meta property=\"og:type\" content=\"article\" \/>\n<meta property=\"og:title\" content=\"Robotniiduk Husqvarna Automower\u00ae 405XE NERA UUS!\" \/>\n<meta property=\"og:description\" content=\"Husqvarna Automower\u00ae 405XE NERA on robotniiduk kuni 600 m\u00b2 suurusele murualale. See v\u00e4hendab t\u00e4nu EdgeCut funktsioonile muru servade\" \/>\n<meta property=\"og:url\" content=\"https:\/\/reginett.ee\/toode\/robotniiduk-husqvarna-automower-405xe-nera-uus\/\" \/>\n<meta property=\"og:site_name\" content=\"Reginett\" \/>\n<meta property=\"article:modified_time\" content=\"2025-09-01T07:56:22+00:00\" \/>\n<meta property=\"og:image\" content=\"https:\/\/reginett.ee\/wp-content\/uploads\/2025\/02\/XK-318826.webp\" \/>\n\t<meta property=\"og:image:width\" content=\"558\" \/>\n\t<meta property=\"og:image:height\" content=\"372\" \/>\n\t<meta property=\"og:image:type\" content=\"image\/webp\" \/>\n<meta name=\"twitter:card\" content=\"summary_large_image\" \/>\n<meta name=\"twitter:label1\" content=\"\u041f\u0440\u0438\u043c\u0435\u0440\u043d\u043e\u0435 \u0432\u0440\u0435\u043c\u044f \u0434\u043b\u044f \u0447\u0442\u0435\u043d\u0438\u044f\" \/>\n\t<meta name=\"twitter:data1\" content=\"2 \u043c\u0438\u043d\u0443\u0442\u044b\" \/>\n<script type=\"application\/ld+json\" class=\"yoast-schema-graph\">{\"@context\":\"https:\/\/schema.org\",\"@graph\":[{\"@type\":\"WebPage\",\"@id\":\"https:\/\/reginett.ee\/toode\/robotniiduk-husqvarna-automower-405xe-nera-uus\/\",\"url\":\"https:\/\/reginett.ee\/toode\/robotniiduk-husqvarna-automower-405xe-nera-uus\/\",\"name\":\"Robotniiduk Husqvarna Automower\u00ae 405XE NERA UUS!\",\"isPartOf\":{\"@id\":\"https:\/\/reginett.ee\/#website\"},\"primaryImageOfPage\":{\"@id\":\"https:\/\/reginett.ee\/toode\/robotniiduk-husqvarna-automower-405xe-nera-uus\/#primaryimage\"},\"image\":{\"@id\":\"https:\/\/reginett.ee\/toode\/robotniiduk-husqvarna-automower-405xe-nera-uus\/#primaryimage\"},\"thumbnailUrl\":\"https:\/\/reginett.ee\/wp-content\/uploads\/2025\/02\/XK-318826.webp\",\"datePublished\":\"2025-06-19T19:44:08+00:00\",\"dateModified\":\"2025-09-01T07:56:22+00:00\",\"description\":\"Husqvarna Automower\u00ae 405XE NERA on robotniiduk kuni 600 m\u00b2 suurusele murualale. See v\u00e4hendab t\u00e4nu EdgeCut funktsioonile muru servade\",\"breadcrumb\":{\"@id\":\"https:\/\/reginett.ee\/toode\/robotniiduk-husqvarna-automower-405xe-nera-uus\/#breadcrumb\"},\"inLanguage\":\"ru-RU\",\"potentialAction\":[{\"@type\":\"ReadAction\",\"target\":[\"https:\/\/reginett.ee\/toode\/robotniiduk-husqvarna-automower-405xe-nera-uus\/\"]}]},{\"@type\":\"ImageObject\",\"inLanguage\":\"ru-RU\",\"@id\":\"https:\/\/reginett.ee\/toode\/robotniiduk-husqvarna-automower-405xe-nera-uus\/#primaryimage\",\"url\":\"https:\/\/reginett.ee\/wp-content\/uploads\/2025\/02\/XK-318826.webp\",\"contentUrl\":\"https:\/\/reginett.ee\/wp-content\/uploads\/2025\/02\/XK-318826.webp\",\"width\":558,\"height\":372,\"caption\":\"Automower 405XE NERA\"},{\"@type\":\"BreadcrumbList\",\"@id\":\"https:\/\/reginett.ee\/toode\/robotniiduk-husqvarna-automower-405xe-nera-uus\/#breadcrumb\",\"itemListElement\":[{\"@type\":\"ListItem\",\"position\":1,\"name\":\"Home\",\"item\":\"https:\/\/reginett.ee\/ru\/\"},{\"@type\":\"ListItem\",\"position\":2,\"name\":\"Tooted\",\"item\":\"https:\/\/reginett.ee\/tooted\/\"},{\"@type\":\"ListItem\",\"position\":3,\"name\":\"Robotniiduk Husqvarna Automower\u00ae 405XE NERA\"}]},{\"@type\":\"WebSite\",\"@id\":\"https:\/\/reginett.ee\/#website\",\"url\":\"https:\/\/reginett.ee\/\",\"name\":\"Reginett\",\"description\":\"Parimad robotniidukid\",\"potentialAction\":[{\"@type\":\"SearchAction\",\"target\":{\"@type\":\"EntryPoint\",\"urlTemplate\":\"https:\/\/reginett.ee\/?s={search_term_string}\"},\"query-input\":{\"@type\":\"PropertyValueSpecification\",\"valueRequired\":true,\"valueName\":\"search_term_string\"}}],\"inLanguage\":\"ru-RU\"}]}<\/script>\n<!-- \/ Yoast SEO plugin. -->","yoast_head_json":{"title":"Robotniiduk Husqvarna Automower\u00ae 405XE NERA UUS!","description":"Husqvarna Automower\u00ae 405XE NERA on robotniiduk kuni 600 m\u00b2 suurusele murualale. See v\u00e4hendab t\u00e4nu EdgeCut funktsioonile muru servade","robots":{"index":"index","follow":"follow","max-snippet":"max-snippet:-1","max-image-preview":"max-image-preview:large","max-video-preview":"max-video-preview:-1"},"canonical":"https:\/\/reginett.ee\/toode\/robotniiduk-husqvarna-automower-405xe-nera-uus\/","og_locale":"ru_RU","og_type":"article","og_title":"Robotniiduk Husqvarna Automower\u00ae 405XE NERA UUS!","og_description":"Husqvarna Automower\u00ae 405XE NERA on robotniiduk kuni 600 m\u00b2 suurusele murualale. See v\u00e4hendab t\u00e4nu EdgeCut funktsioonile muru servade","og_url":"https:\/\/reginett.ee\/toode\/robotniiduk-husqvarna-automower-405xe-nera-uus\/","og_site_name":"Reginett","article_modified_time":"2025-09-01T07:56:22+00:00","og_image":[{"width":558,"height":372,"url":"https:\/\/reginett.ee\/wp-content\/uploads\/2025\/02\/XK-318826.webp","type":"image\/webp"}],"twitter_card":"summary_large_image","twitter_misc":{"\u041f\u0440\u0438\u043c\u0435\u0440\u043d\u043e\u0435 \u0432\u0440\u0435\u043c\u044f \u0434\u043b\u044f \u0447\u0442\u0435\u043d\u0438\u044f":"2 \u043c\u0438\u043d\u0443\u0442\u044b"},"schema":{"@context":"https:\/\/schema.org","@graph":[{"@type":"WebPage","@id":"https:\/\/reginett.ee\/toode\/robotniiduk-husqvarna-automower-405xe-nera-uus\/","url":"https:\/\/reginett.ee\/toode\/robotniiduk-husqvarna-automower-405xe-nera-uus\/","name":"Robotniiduk Husqvarna Automower\u00ae 405XE NERA UUS!","isPartOf":{"@id":"https:\/\/reginett.ee\/#website"},"primaryImageOfPage":{"@id":"https:\/\/reginett.ee\/toode\/robotniiduk-husqvarna-automower-405xe-nera-uus\/#primaryimage"},"image":{"@id":"https:\/\/reginett.ee\/toode\/robotniiduk-husqvarna-automower-405xe-nera-uus\/#primaryimage"},"thumbnailUrl":"https:\/\/reginett.ee\/wp-content\/uploads\/2025\/02\/XK-318826.webp","datePublished":"2025-06-19T19:44:08+00:00","dateModified":"2025-09-01T07:56:22+00:00","description":"Husqvarna Automower\u00ae 405XE NERA on robotniiduk kuni 600 m\u00b2 suurusele murualale. See v\u00e4hendab t\u00e4nu EdgeCut funktsioonile muru servade","breadcrumb":{"@id":"https:\/\/reginett.ee\/toode\/robotniiduk-husqvarna-automower-405xe-nera-uus\/#breadcrumb"},"inLanguage":"ru-RU","potentialAction":[{"@type":"ReadAction","target":["https:\/\/reginett.ee\/toode\/robotniiduk-husqvarna-automower-405xe-nera-uus\/"]}]},{"@type":"ImageObject","inLanguage":"ru-RU","@id":"https:\/\/reginett.ee\/toode\/robotniiduk-husqvarna-automower-405xe-nera-uus\/#primaryimage","url":"https:\/\/reginett.ee\/wp-content\/uploads\/2025\/02\/XK-318826.webp","contentUrl":"https:\/\/reginett.ee\/wp-content\/uploads\/2025\/02\/XK-318826.webp","width":558,"height":372,"caption":"Automower 405XE NERA"},{"@type":"BreadcrumbList","@id":"https:\/\/reginett.ee\/toode\/robotniiduk-husqvarna-automower-405xe-nera-uus\/#breadcrumb","itemListElement":[{"@type":"ListItem","position":1,"name":"Home","item":"https:\/\/reginett.ee\/ru\/"},{"@type":"ListItem","position":2,"name":"Tooted","item":"https:\/\/reginett.ee\/tooted\/"},{"@type":"ListItem","position":3,"name":"Robotniiduk Husqvarna Automower\u00ae 405XE NERA"}]},{"@type":"WebSite","@id":"https:\/\/reginett.ee\/#website","url":"https:\/\/reginett.ee\/","name":"Reginett","description":"Parimad robotniidukid","potentialAction":[{"@type":"SearchAction","target":{"@type":"EntryPoint","urlTemplate":"https:\/\/reginett.ee\/?s={search_term_string}"},"query-input":{"@type":"PropertyValueSpecification","valueRequired":true,"valueName":"search_term_string"}}],"inLanguage":"ru-RU"}]}},"brands":[{"id":147,"name":"Husqvarna","slug":"husqvarna"}],"_links":{"self":[{"href":"https:\/\/reginett.ee\/ru\/wp-json\/wp\/v2\/product\/62050","targetHints":{"allow":["GET"]}}],"collection":[{"href":"https:\/\/reginett.ee\/ru\/wp-json\/wp\/v2\/product"}],"about":[{"href":"https:\/\/reginett.ee\/ru\/wp-json\/wp\/v2\/types\/product"}],"replies":[{"embeddable":true,"href":"https:\/\/reginett.ee\/ru\/wp-json\/wp\/v2\/comments?post=62050"}],"wp:featuredmedia":[{"embeddable":true,"href":"https:\/\/reginett.ee\/ru\/wp-json\/wp\/v2\/media\/62059"}],"wp:attachment":[{"href":"https:\/\/reginett.ee\/ru\/wp-json\/wp\/v2\/media?parent=62050"}],"wp:term":[{"taxonomy":"pwb-brand","embeddable":true,"href":"https:\/\/reginett.ee\/ru\/wp-json\/wp\/v2\/pwb-brand?post=62050"},{"taxonomy":"product_brand","embeddable":true,"href":"https:\/\/reginett.ee\/ru\/wp-json\/wp\/v2\/product_brand?post=62050"},{"taxonomy":"product_cat","embeddable":true,"href":"https:\/\/reginett.ee\/ru\/wp-json\/wp\/v2\/product_cat?post=62050"},{"taxonomy":"product_tag","embeddable":true,"href":"https:\/\/reginett.ee\/ru\/wp-json\/wp\/v2\/product_tag?post=62050"}],"curies":[{"name":"wp","href":"https:\/\/api.w.org\/{rel}","templated":true}]}}