{"id":61977,"date":"2026-04-01T14:04:54","date_gmt":"2026-04-01T11:04:54","guid":{"rendered":"https:\/\/reginett.ee\/?post_type=product&#038;p=61977"},"modified":"2026-04-05T22:46:58","modified_gmt":"2026-04-05T19:46:58","slug":"nullpoorderaadiusega-niiduk-toro-titan-zxm5475-myride-uus","status":"publish","type":"product","link":"https:\/\/reginett.ee\/ru\/toode\/nullpoorderaadiusega-niiduk-toro-titan-zxm5475-myride-uus\/","title":{"rendered":"Nullp\u00f6\u00f6rderaadiusega niiduk TORO Titan ZXM5475 MyRide UUS!"},"content":{"rendered":"<p>Sel uuel <strong>TORO Titan ZXM5475 MyRide<\/strong> nullp\u00f6\u00f6rderaadiusega niidumasinal on v\u00f5imas kahesilindriline Kohler 725m3 mootor ja lai 137cm tugev niidukorpus. Masin on sobiv suuremate alade hooldamiseks.<\/p>\n<p>MyRide<span class=\"Y2IQFc\" lang=\"et\">\u00ae<\/span> vedrustus tagab mugava s\u00f5idu ka konarlikul pinnal s\u00e4\u00e4stes samal ajal masina kasutajat.<\/p>\n<h3>Kohler V-Twin mootor<\/h3>\n<p>Kohler V-Twin mootorid on valmistatud silmas pidades professionaalide vajadusi. V\u00f5ite kindlad olla selle vastupidavuses ja kvaliteedis.<\/p>\n<h3>MyRide vedrustuss\u00fcsteemi<\/h3>\n<p>Kaitske oma keha karmi maastiku eest ja v\u00e4ltige aeglast niitmist, kasutades MyRIDE vedrustuss\u00fcsteemi. T\u00e4nu MyRIDE\u2019ile on teil tegevusest hea \u00fclevaade ja niiduk summutab k\u00f5ik maastiku ebatasasustest tingitud p\u00f5rutused, ilma et need teid m\u00f5jutaksid.<\/p>\n<h3>137 cm (54\u201c) keevis l\u00f5ikekorpus<\/h3>\n<p>\u00dclitugev l\u00f5ikekorpus on ehitatud hakkama saama karmides tingimustes ja pakkuma t\u00f5eliselt head niidukvaliteeti. 11,4 cm s\u00fcgav, fabritseeritud keeviskorpus on v\u00e4ljakutseteks valmis. L\u00f5ikekorpuse esiserv on tugevdatud Toro \u201eBull-Nose\u201c kommerts t\u00fc\u00fcpi kaitserauaga. Kolm maapinda kopeerivad tugiratast ees ja kaks t\u00f5kist taga aitavad v\u00e4ltida ebatasasel murul pinnasesse l\u00f5ikamist. Loo oma naturaalne v\u00e4etis, lisades Recycling Kit <sup>\u00ae<\/sup>\u00a0mult\u0161ikate.<\/p>\n<p>&nbsp;<\/p>\n<pre id=\"tw-target-text\" class=\"tw-data-text tw-text-large tw-ta\" dir=\"ltr\" data-placeholder=\"T\u00f5lge\" data-ved=\"2ahUKEwjFzqrH35-LAxV3KBAIHbFtNPoQ3ewLegQIBxAU\" aria-label=\"T\u00f5lgitud tekst: Sellel bensiinimootoril t\u00f6\u00f6taval Titan\u00ae ZXM5475 nullp\u00f6\u00f6rdega niidukil on v\u00f5imas Kohleri \u200b\u200b725 cm3 V-kaksmootor ja lai 137 cm niitmislaius, mis muudab selle ideaalseks kuni 10 000 ruutmeetri suuruse muru jaoks. Mis k\u00f5ige parem, see hoiab teid t\u00f6\u00f6 ajal mugavalt. MyRide\u00ae vedrustuss\u00fcsteem silub konarused, et tagada mugav s\u00f5it. S\u00f5idu sujuvamaks muutmiseks ja tundlikuks man\u00f6\u00f6verdusv\u00f5imeks on ka topelth\u00fcdrostaatilised ajamis\u00fcsteemid koos laadimispumpadega, mis aitavad hoida k\u00e4igukasti \u00f5li t\u00e4is isegi suurel kiirusel t\u00f6\u00f6tades. K\u00f5rge seljatoega iste ja k\u00e4etugi lisavad veelgi mugavust. Kolme teraga Recycler tekk v\u00f5imaldab kiiresti t\u00f6\u00f6delda ka k\u00f5ige paksema muru. Standardvarustusse kuulub haakekomplekt, mis muudab kallurk\u00e4ru, v\u00e4etisek\u00fclviku ja muu (tarvikud m\u00fc\u00fcakse eraldi) kinnitamise lihtsaks.\"><\/pre>\n<p>&nbsp;<\/p>\n","protected":false},"excerpt":{"rendered":"<p>Sel uuel <strong>TORO Titan ZXM5475 MyRide<\/strong> nullp\u00f6\u00f6rderaadiusega niidumasinal on v\u00f5imas kahesilindriline Kohler 725m3 mootor ja lai 137cm tugev niidukorpus. Masin on sobiv suuremate alade hooldamiseks.<\/p>\n","protected":false},"featured_media":61978,"comment_status":"open","ping_status":"closed","template":"","meta":{"_acf_changed":false,"_et_pb_use_builder":"","_et_pb_old_content":"","_et_gb_content_width":"","inline_featured_image":false},"pwb-brand":[148],"product_brand":[],"product_cat":[134,149,57],"product_tag":[93,159,94],"class_list":{"0":"post-61977","1":"product","2":"type-product","3":"status-publish","4":"has-post-thumbnail","6":"pwb-brand-toro","7":"product_cat-eripakkumised","8":"product_cat-toro","9":"product_cat-zeroturnid","10":"product_tag-nullpoorderaadiusega","11":"product_tag-toro","12":"product_tag-zeroturn","13":"product_shipping_class-rasked-asjad","15":"first","16":"instock","17":"sale","18":"shipping-taxable","19":"purchasable","20":"product-type-simple"},"acf":[],"yoast_head":"<!-- This site is optimized with the Yoast SEO plugin v26.6 - https:\/\/yoast.com\/wordpress\/plugins\/seo\/ -->\n<title>Nullp\u00f6\u00f6rderaadiusega niiduk TORO Titan ZXM5475 MyRide UUS! - Reginett<\/title>\n<meta name=\"description\" content=\"Sel uuel TORO Titan ZXM5475 MyRide nullp\u00f6\u00f6rderaadiusega niidumasinal on v\u00f5imas kahesilindriline Kohler 725m3 mootor ja lai 137cm\" \/>\n<meta name=\"robots\" content=\"index, follow, max-snippet:-1, max-image-preview:large, max-video-preview:-1\" \/>\n<link rel=\"canonical\" href=\"https:\/\/reginett.ee\/toode\/nullpoorderaadiusega-niiduk-toro-titan-zxm5475-myride-uus\/\" \/>\n<meta property=\"og:locale\" content=\"ru_RU\" \/>\n<meta property=\"og:type\" content=\"article\" \/>\n<meta property=\"og:title\" content=\"Nullp\u00f6\u00f6rderaadiusega niiduk TORO Titan ZXM5475 MyRide UUS! - Reginett\" \/>\n<meta property=\"og:description\" content=\"Sel uuel TORO Titan ZXM5475 MyRide nullp\u00f6\u00f6rderaadiusega niidumasinal on v\u00f5imas kahesilindriline Kohler 725m3 mootor ja lai 137cm\" \/>\n<meta property=\"og:url\" content=\"https:\/\/reginett.ee\/toode\/nullpoorderaadiusega-niiduk-toro-titan-zxm5475-myride-uus\/\" \/>\n<meta property=\"og:site_name\" content=\"Reginett\" \/>\n<meta property=\"article:modified_time\" content=\"2026-04-05T19:46:58+00:00\" \/>\n<meta property=\"og:image\" content=\"https:\/\/reginett.ee\/wp-content\/uploads\/2025\/01\/TORO-ZXM5475-MyRide-76530-Reginett.webp\" \/>\n\t<meta property=\"og:image:width\" content=\"680\" \/>\n\t<meta property=\"og:image:height\" content=\"372\" \/>\n\t<meta property=\"og:image:type\" content=\"image\/webp\" \/>\n<meta name=\"twitter:card\" content=\"summary_large_image\" \/>\n<meta name=\"twitter:label1\" content=\"\u041f\u0440\u0438\u043c\u0435\u0440\u043d\u043e\u0435 \u0432\u0440\u0435\u043c\u044f \u0434\u043b\u044f \u0447\u0442\u0435\u043d\u0438\u044f\" \/>\n\t<meta name=\"twitter:data1\" content=\"2 \u043c\u0438\u043d\u0443\u0442\u044b\" \/>\n<script type=\"application\/ld+json\" class=\"yoast-schema-graph\">{\"@context\":\"https:\/\/schema.org\",\"@graph\":[{\"@type\":\"WebPage\",\"@id\":\"https:\/\/reginett.ee\/toode\/nullpoorderaadiusega-niiduk-toro-titan-zxm5475-myride-uus\/\",\"url\":\"https:\/\/reginett.ee\/toode\/nullpoorderaadiusega-niiduk-toro-titan-zxm5475-myride-uus\/\",\"name\":\"Nullp\u00f6\u00f6rderaadiusega niiduk TORO Titan ZXM5475 MyRide UUS! - Reginett\",\"isPartOf\":{\"@id\":\"https:\/\/reginett.ee\/#website\"},\"primaryImageOfPage\":{\"@id\":\"https:\/\/reginett.ee\/toode\/nullpoorderaadiusega-niiduk-toro-titan-zxm5475-myride-uus\/#primaryimage\"},\"image\":{\"@id\":\"https:\/\/reginett.ee\/toode\/nullpoorderaadiusega-niiduk-toro-titan-zxm5475-myride-uus\/#primaryimage\"},\"thumbnailUrl\":\"https:\/\/reginett.ee\/wp-content\/uploads\/2025\/01\/TORO-ZXM5475-MyRide-76530-Reginett.webp\",\"datePublished\":\"2026-04-01T11:04:54+00:00\",\"dateModified\":\"2026-04-05T19:46:58+00:00\",\"description\":\"Sel uuel TORO Titan ZXM5475 MyRide nullp\u00f6\u00f6rderaadiusega niidumasinal on v\u00f5imas kahesilindriline Kohler 725m3 mootor ja lai 137cm\",\"breadcrumb\":{\"@id\":\"https:\/\/reginett.ee\/toode\/nullpoorderaadiusega-niiduk-toro-titan-zxm5475-myride-uus\/#breadcrumb\"},\"inLanguage\":\"ru-RU\",\"potentialAction\":[{\"@type\":\"ReadAction\",\"target\":[\"https:\/\/reginett.ee\/toode\/nullpoorderaadiusega-niiduk-toro-titan-zxm5475-myride-uus\/\"]}]},{\"@type\":\"ImageObject\",\"inLanguage\":\"ru-RU\",\"@id\":\"https:\/\/reginett.ee\/toode\/nullpoorderaadiusega-niiduk-toro-titan-zxm5475-myride-uus\/#primaryimage\",\"url\":\"https:\/\/reginett.ee\/wp-content\/uploads\/2025\/01\/TORO-ZXM5475-MyRide-76530-Reginett.webp\",\"contentUrl\":\"https:\/\/reginett.ee\/wp-content\/uploads\/2025\/01\/TORO-ZXM5475-MyRide-76530-Reginett.webp\",\"width\":680,\"height\":372,\"caption\":\"TORO Titan ZXM5475 MyRide\"},{\"@type\":\"BreadcrumbList\",\"@id\":\"https:\/\/reginett.ee\/toode\/nullpoorderaadiusega-niiduk-toro-titan-zxm5475-myride-uus\/#breadcrumb\",\"itemListElement\":[{\"@type\":\"ListItem\",\"position\":1,\"name\":\"Home\",\"item\":\"https:\/\/reginett.ee\/ru\/\"},{\"@type\":\"ListItem\",\"position\":2,\"name\":\"Tooted\",\"item\":\"https:\/\/reginett.ee\/tooted\/\"},{\"@type\":\"ListItem\",\"position\":3,\"name\":\"Nullp\u00f6\u00f6rderaadiusega niiduk TORO Titan ZXM5475 MyRide UUS!\"}]},{\"@type\":\"WebSite\",\"@id\":\"https:\/\/reginett.ee\/#website\",\"url\":\"https:\/\/reginett.ee\/\",\"name\":\"Reginett\",\"description\":\"Parimad robotniidukid\",\"potentialAction\":[{\"@type\":\"SearchAction\",\"target\":{\"@type\":\"EntryPoint\",\"urlTemplate\":\"https:\/\/reginett.ee\/?s={search_term_string}\"},\"query-input\":{\"@type\":\"PropertyValueSpecification\",\"valueRequired\":true,\"valueName\":\"search_term_string\"}}],\"inLanguage\":\"ru-RU\"}]}<\/script>\n<!-- \/ Yoast SEO plugin. -->","yoast_head_json":{"title":"Nullp\u00f6\u00f6rderaadiusega niiduk TORO Titan ZXM5475 MyRide UUS! - Reginett","description":"Sel uuel TORO Titan ZXM5475 MyRide nullp\u00f6\u00f6rderaadiusega niidumasinal on v\u00f5imas kahesilindriline Kohler 725m3 mootor ja lai 137cm","robots":{"index":"index","follow":"follow","max-snippet":"max-snippet:-1","max-image-preview":"max-image-preview:large","max-video-preview":"max-video-preview:-1"},"canonical":"https:\/\/reginett.ee\/toode\/nullpoorderaadiusega-niiduk-toro-titan-zxm5475-myride-uus\/","og_locale":"ru_RU","og_type":"article","og_title":"Nullp\u00f6\u00f6rderaadiusega niiduk TORO Titan ZXM5475 MyRide UUS! - Reginett","og_description":"Sel uuel TORO Titan ZXM5475 MyRide nullp\u00f6\u00f6rderaadiusega niidumasinal on v\u00f5imas kahesilindriline Kohler 725m3 mootor ja lai 137cm","og_url":"https:\/\/reginett.ee\/toode\/nullpoorderaadiusega-niiduk-toro-titan-zxm5475-myride-uus\/","og_site_name":"Reginett","article_modified_time":"2026-04-05T19:46:58+00:00","og_image":[{"width":680,"height":372,"url":"https:\/\/reginett.ee\/wp-content\/uploads\/2025\/01\/TORO-ZXM5475-MyRide-76530-Reginett.webp","type":"image\/webp"}],"twitter_card":"summary_large_image","twitter_misc":{"\u041f\u0440\u0438\u043c\u0435\u0440\u043d\u043e\u0435 \u0432\u0440\u0435\u043c\u044f \u0434\u043b\u044f \u0447\u0442\u0435\u043d\u0438\u044f":"2 \u043c\u0438\u043d\u0443\u0442\u044b"},"schema":{"@context":"https:\/\/schema.org","@graph":[{"@type":"WebPage","@id":"https:\/\/reginett.ee\/toode\/nullpoorderaadiusega-niiduk-toro-titan-zxm5475-myride-uus\/","url":"https:\/\/reginett.ee\/toode\/nullpoorderaadiusega-niiduk-toro-titan-zxm5475-myride-uus\/","name":"Nullp\u00f6\u00f6rderaadiusega niiduk TORO Titan ZXM5475 MyRide UUS! - Reginett","isPartOf":{"@id":"https:\/\/reginett.ee\/#website"},"primaryImageOfPage":{"@id":"https:\/\/reginett.ee\/toode\/nullpoorderaadiusega-niiduk-toro-titan-zxm5475-myride-uus\/#primaryimage"},"image":{"@id":"https:\/\/reginett.ee\/toode\/nullpoorderaadiusega-niiduk-toro-titan-zxm5475-myride-uus\/#primaryimage"},"thumbnailUrl":"https:\/\/reginett.ee\/wp-content\/uploads\/2025\/01\/TORO-ZXM5475-MyRide-76530-Reginett.webp","datePublished":"2026-04-01T11:04:54+00:00","dateModified":"2026-04-05T19:46:58+00:00","description":"Sel uuel TORO Titan ZXM5475 MyRide nullp\u00f6\u00f6rderaadiusega niidumasinal on v\u00f5imas kahesilindriline Kohler 725m3 mootor ja lai 137cm","breadcrumb":{"@id":"https:\/\/reginett.ee\/toode\/nullpoorderaadiusega-niiduk-toro-titan-zxm5475-myride-uus\/#breadcrumb"},"inLanguage":"ru-RU","potentialAction":[{"@type":"ReadAction","target":["https:\/\/reginett.ee\/toode\/nullpoorderaadiusega-niiduk-toro-titan-zxm5475-myride-uus\/"]}]},{"@type":"ImageObject","inLanguage":"ru-RU","@id":"https:\/\/reginett.ee\/toode\/nullpoorderaadiusega-niiduk-toro-titan-zxm5475-myride-uus\/#primaryimage","url":"https:\/\/reginett.ee\/wp-content\/uploads\/2025\/01\/TORO-ZXM5475-MyRide-76530-Reginett.webp","contentUrl":"https:\/\/reginett.ee\/wp-content\/uploads\/2025\/01\/TORO-ZXM5475-MyRide-76530-Reginett.webp","width":680,"height":372,"caption":"TORO Titan ZXM5475 MyRide"},{"@type":"BreadcrumbList","@id":"https:\/\/reginett.ee\/toode\/nullpoorderaadiusega-niiduk-toro-titan-zxm5475-myride-uus\/#breadcrumb","itemListElement":[{"@type":"ListItem","position":1,"name":"Home","item":"https:\/\/reginett.ee\/ru\/"},{"@type":"ListItem","position":2,"name":"Tooted","item":"https:\/\/reginett.ee\/tooted\/"},{"@type":"ListItem","position":3,"name":"Nullp\u00f6\u00f6rderaadiusega niiduk TORO Titan ZXM5475 MyRide UUS!"}]},{"@type":"WebSite","@id":"https:\/\/reginett.ee\/#website","url":"https:\/\/reginett.ee\/","name":"Reginett","description":"Parimad robotniidukid","potentialAction":[{"@type":"SearchAction","target":{"@type":"EntryPoint","urlTemplate":"https:\/\/reginett.ee\/?s={search_term_string}"},"query-input":{"@type":"PropertyValueSpecification","valueRequired":true,"valueName":"search_term_string"}}],"inLanguage":"ru-RU"}]}},"brands":[{"id":148,"name":"Toro","slug":"toro"}],"_links":{"self":[{"href":"https:\/\/reginett.ee\/ru\/wp-json\/wp\/v2\/product\/61977","targetHints":{"allow":["GET"]}}],"collection":[{"href":"https:\/\/reginett.ee\/ru\/wp-json\/wp\/v2\/product"}],"about":[{"href":"https:\/\/reginett.ee\/ru\/wp-json\/wp\/v2\/types\/product"}],"replies":[{"embeddable":true,"href":"https:\/\/reginett.ee\/ru\/wp-json\/wp\/v2\/comments?post=61977"}],"wp:featuredmedia":[{"embeddable":true,"href":"https:\/\/reginett.ee\/ru\/wp-json\/wp\/v2\/media\/61978"}],"wp:attachment":[{"href":"https:\/\/reginett.ee\/ru\/wp-json\/wp\/v2\/media?parent=61977"}],"wp:term":[{"taxonomy":"pwb-brand","embeddable":true,"href":"https:\/\/reginett.ee\/ru\/wp-json\/wp\/v2\/pwb-brand?post=61977"},{"taxonomy":"product_brand","embeddable":true,"href":"https:\/\/reginett.ee\/ru\/wp-json\/wp\/v2\/product_brand?post=61977"},{"taxonomy":"product_cat","embeddable":true,"href":"https:\/\/reginett.ee\/ru\/wp-json\/wp\/v2\/product_cat?post=61977"},{"taxonomy":"product_tag","embeddable":true,"href":"https:\/\/reginett.ee\/ru\/wp-json\/wp\/v2\/product_tag?post=61977"}],"curies":[{"name":"wp","href":"https:\/\/api.w.org\/{rel}","templated":true}]}}