{"id":61932,"date":"2025-01-21T11:57:02","date_gmt":"2025-01-21T08:57:02","guid":{"rendered":"https:\/\/reginett.ee\/?post_type=product&#038;p=61932"},"modified":"2025-02-05T18:35:37","modified_gmt":"2025-02-05T15:35:37","slug":"elektrigeneraator-stager-fd10000er-e3r-8kw-3f-400v-230v","status":"publish","type":"product","link":"https:\/\/reginett.ee\/ru\/toode\/elektrigeneraator-stager-fd10000er-e3r-8kw-3f-400v-230v\/","title":{"rendered":"Elektrigeneraator Stager FD10000ER-E3R 8kW 3F 400V\/230V"},"content":{"rendered":"<p>Elektrigeneraator <strong>Stager FD10000ER-E3R<\/strong> on kahe v\u00f5imsusega seade, mis on v\u00f5imeline t\u00f6\u00f6tama \u00fchefaasilises v\u00f5i kolmefaasilises re\u017eiimis ja sobib nii koduseks kui professionaalseks kasutamiseks. Maksimaalse v\u00f5imsusega 8,5 kW ja arvukate k\u00e4ivitusv\u00f5imalustega, sealhulgas automaatse k\u00e4ivitamisega ATS-i (v\u00e4lise automaatika\u00fcksuse) kaudu, on generaator ehitatud tagama toite j\u00e4rjepidevuse h\u00e4daolukorras. Mitmek\u00e4ivituss\u00fcsteem ja spetsiaalne pistik integreerimiseks p\u00e4ikeseenergia inverterite v\u00f5i muu automaatikaga muudavad selle ideaalseks lahenduseks paljude v\u00f5rguv\u00e4liste ja varurakenduste jaoks.<\/p>\n<div>\n<h3>K\u00e4ivituseks mitu v\u00f5imalust<\/h3>\n<div>Stager FD10000ER-E3R generaator pakub erinevaid k\u00e4ivitusv\u00f5imalusi, et tagada t\u00f6\u00f6 paindlikkus ja kohandatavus:<\/div>\n<div>K\u00e4sik\u00e4ivitus starteriga.<\/div>\n<div>Elektrilise v\u00f5tmega k\u00e4ivitus.<\/div>\n<div>Kaugk\u00e4ivitus, raadio kaugjuhtimispuldi kaudu.<\/div>\n<div>Automaatne k\u00e4ivitus voolukatkestuse korral, mida haldab v\u00e4line ATS-seade, mis l\u00fclitab generaatori voolu kuni toite taastumiseni.<\/div>\n<div>Kaugjuhtimisega k\u00e4ivitamine kaabli abil spetsiaalse pistiku abil. K\u00e4ivitamine ja seiskamine toimub v\u00e4lise kontakti kaudu, mis on konfigureeritud j\u00e4rgmiselt: NC (tavaliselt suletud) kui generaator on sees ja NO (tavaliselt avatud), kui generaator on v\u00e4lja l\u00fclitatud. See funktsionaalsus v\u00f5imaldab generaatori integreerida v\u00f5rguv\u00e4listesse fotogalvaanilistesse s\u00fcsteemidesse, et vajadusel automaatseks akulaadimiseks, ja seda saab kohandada erinevate muude automaatikatega.<\/div>\n<div><\/div>\n<div>Soovitud k\u00e4ivitusre\u017eiimi valimiseks on generaator varustatud nupuga paneelil, millel on m\u00e4rge &#171;ON \/ OFF \/ ECO&#187; (m\u00e4rkus: &#171;ECO&#187; ei t\u00e4hista energias\u00e4\u00e4stu funktsiooni). See nupp v\u00f5imaldab kasutajal valida kolme t\u00f6\u00f6re\u017eiimi vahel:<\/div>\n<div>\u2022 ON asend (1): aktiveerib k\u00e4su ATS-pistiku kaudu.<\/div>\n<div>\u2022 OFF asend (0): lubab kaugjuhtimispulti, v\u00f5imaldades kaugjuhtimispuldi k\u00e4ivitamist\/seiskamist, samuti k\u00e4sitsi v\u00f5tmest ja n\u00f6\u00f6rstarterist k\u00e4ivitamist.<\/div>\n<div>\u2022 ECO asend (2): v\u00f5imaldab juhtimist kaugjuhtimispuldi pistiku kaudu.<\/div>\n<div>See nupp muudab alglaadimisre\u017eiimide vahel \u00fclemineku lihtsaks, andes kasutajale generaatori kasutamise mitmek\u00fclgsuse erinevate rakenduste jaoks.<\/div>\n<div>\n<div>\n<div>Maksimaalne v\u00f5imsus<\/div>\n<div>See masin on varustatud tipptasemel elektri generaatoriga, mis on varustatud spetsiaalsete m\u00e4histega 230V \u00fchefaasilise ja 400V kolmefaasilise voolu jaoks. Generaator suudab pakkuda maksimaalset v\u00f5imsust m\u00f5lemas re\u017eiimis, l\u00fclitades enne k\u00e4ivitamist 1 \u2013 0 \u2013 2 selektori kaudu. Seadmed sisaldavad vooluahelaid, kaitsmeid ja kahefaasilisi pistikupesasid, mis on konfigureeritud \u00fchefaasilise ja kolmefaasilise toiteallika jaoks, pakkudes paindlikkust ja ohutut kasutust.<\/div>\n<div><\/div>\n<div>\n<h3>Lihtne liigutada<\/h3>\n<div>Generaatori standardne tarnekomplekt sisaldab transpordikomplekti, mis koosneb 2 rattast, kahest tugijalast ja kokkupandavast k\u00e4epidemest koos kiirkinnituspoldiga.<\/div>\n<\/div>\n<div><\/div>\n<div>\n<h3>Laiendatud autonoomia<\/h3>\n<div>Amortidega varustatud suure j\u00f5udlusega mootor koos vasest m\u00e4hitud generaatori ja 25-liitrise k\u00fctusepaagiga tagab t\u00f6\u00f6aja kuni 8 tundi. Paaki integreeritud k\u00fctusetaseme indikaator v\u00f5imaldab h\u00f5lpsalt kiiresti kontrollida saadaolevat kogust t\u00f5husa k\u00fctusehalduse tagamiseks.<\/div>\n<div><\/div>\n<div>\n<h3>Nutikas ekraan<\/h3>\n<div>Stager FD 10000ER-E3R seeria generaatorite uus intelligentne ekraan n\u00e4itab kogu vajalikku teavet: pinge, sagedus, v\u00f5imsus ja t\u00f6\u00f6tunnid. Tunniloendur v\u00f5imaldab kapitaalremonti t\u00e4pselt ajastada optimaalse hoolduse tagamiseks.<\/div>\n<div><\/div>\n<div>\n<h3>V\u00e4hese \u00f5litaseme sensor<\/h3>\n<div>Stager FD 10000ER-E3R generaator sisaldab kaitses\u00fcsteemi, mis ei lase mootoril t\u00f6\u00f6tada, kui \u00f5litase langeb alla miinimuml\u00e4ve kas automaatse v\u00e4ljal\u00fclitamise v\u00f5i k\u00e4ivitusluku abil. Hoiatus-LED kutsub kasutajat 10W30 \u00f5li kontrollima ja lisama, tagades ohutu ja vastupidava t\u00f6\u00f6.<\/div>\n<div><\/div>\n<div>\n<h3>T\u00e4ielik ohutus<\/h3>\n<div>Generaator on varustatud automaatsete kaitsmetega \u00fche- ja kolmefaasiliste ahelate jaoks, samuti t\u00e4iendava termokaitsmega, mis sekkub \u00fclekoormuse korral. See sisaldab ka kaitset 12 V alalisvooluahelal, tagades seega t\u00e4ieliku seadmete kaitse.<\/div>\n<div><\/div>\n<div>\n<h3>Tugev struktuur ja kaasaegne disain<\/h3>\n<div>Generaator on ehitatud vastupidavasse torukujulisse metallraami, mis on kriimustus- ja korrosioonikindluse tagamiseks elektrostaatiliselt v\u00e4rvitud. Struktuur on t\u00e4iendatud kvaliteetsete plastelementidega, mis tagavad esipaneeli, paagi, transpordikomplekti ja toitekomponentide harmoonilise integratsiooni.<\/div>\n<\/div>\n<div><\/div>\n<\/div>\n<\/div>\n<\/div>\n<\/div>\n<\/div>\n<\/div>\n<\/div>\n","protected":false},"excerpt":{"rendered":"<p>Elektrigeneraator <strong>Stager FD10000ER-E3R<\/strong> on kahe v\u00f5imsusega seade, mis on v\u00f5imeline t\u00f6\u00f6tama \u00fchefaasilises v\u00f5i kolmefaasilises re\u017eiimis ja sobib nii koduseks kui professionaalseks kasutamiseks. Maksimaalse v\u00f5imsusega 8,5 kW ja arvukate k\u00e4ivitusv\u00f5imalustega, sealhulgas automaatse k\u00e4ivitamisega ATS-i (v\u00e4lise automaatika\u00fcksuse) kaudu, on generaator ehitatud tagama toite j\u00e4rjepidevuse h\u00e4daolukorras. Mitmek\u00e4ivituss\u00fcsteem ja spetsiaalne pistik integreerimiseks p\u00e4ikeseenergia inverterite v\u00f5i muu automaatikaga muudavad selle ideaalseks lahenduseks paljude v\u00f5rguv\u00e4liste ja varurakenduste jaoks.<\/p>\n","protected":false},"featured_media":61939,"comment_status":"open","ping_status":"closed","template":"","meta":{"_acf_changed":false,"_et_pb_use_builder":"","_et_pb_old_content":"","_et_gb_content_width":"","inline_featured_image":false},"pwb-brand":[459],"product_brand":[],"product_cat":[447,134],"product_tag":[689,444,445,446],"class_list":{"0":"post-61932","1":"product","2":"type-product","3":"status-publish","4":"has-post-thumbnail","6":"pwb-brand-stager","7":"product_cat-elektrigeneraatorid","8":"product_cat-eripakkumised","9":"product_tag-bensiinigeneraator","10":"product_tag-elektrigeneraator","11":"product_tag-generaator","12":"product_tag-stager","13":"product_shipping_class-rasked-asjad","15":"first","16":"instock","17":"sale","18":"shipping-taxable","19":"purchasable","20":"product-type-simple"},"acf":[],"yoast_head":"<!-- This site is optimized with the Yoast SEO plugin v26.6 - https:\/\/yoast.com\/wordpress\/plugins\/seo\/ -->\n<title>Elektrigeneraator Stager FD10000ER-E3R. Parimad generaatorid<\/title>\n<meta name=\"description\" content=\"Elektrigeneraator Stager FD10000ER-E3R on kahe v\u00f5imsusega seade, mis on v\u00f5imeline t\u00f6\u00f6tama \u00fchefaasilises v\u00f5i kolmefaasilises re\u017eiimis\" \/>\n<meta name=\"robots\" content=\"index, follow, max-snippet:-1, max-image-preview:large, max-video-preview:-1\" \/>\n<link rel=\"canonical\" href=\"https:\/\/reginett.ee\/toode\/elektrigeneraator-stager-fd10000er-e3r-8kw-3f-400v-230v\/\" \/>\n<meta property=\"og:locale\" content=\"ru_RU\" \/>\n<meta property=\"og:type\" content=\"article\" \/>\n<meta property=\"og:title\" content=\"Elektrigeneraator Stager FD10000ER-E3R. Parimad generaatorid\" \/>\n<meta property=\"og:description\" content=\"Elektrigeneraator Stager FD10000ER-E3R on kahe v\u00f5imsusega seade, mis on v\u00f5imeline t\u00f6\u00f6tama \u00fchefaasilises v\u00f5i kolmefaasilises re\u017eiimis\" \/>\n<meta property=\"og:url\" content=\"https:\/\/reginett.ee\/toode\/elektrigeneraator-stager-fd10000er-e3r-8kw-3f-400v-230v\/\" \/>\n<meta property=\"og:site_name\" content=\"Reginett\" \/>\n<meta property=\"article:modified_time\" content=\"2025-02-05T15:35:37+00:00\" \/>\n<meta property=\"og:image\" content=\"https:\/\/reginett.ee\/wp-content\/uploads\/2025\/01\/Generaator-Stager.webp\" \/>\n\t<meta property=\"og:image:width\" content=\"680\" \/>\n\t<meta property=\"og:image:height\" content=\"372\" \/>\n\t<meta property=\"og:image:type\" content=\"image\/webp\" \/>\n<meta name=\"twitter:card\" content=\"summary_large_image\" \/>\n<meta name=\"twitter:label1\" content=\"\u041f\u0440\u0438\u043c\u0435\u0440\u043d\u043e\u0435 \u0432\u0440\u0435\u043c\u044f \u0434\u043b\u044f \u0447\u0442\u0435\u043d\u0438\u044f\" \/>\n\t<meta name=\"twitter:data1\" content=\"3 \u043c\u0438\u043d\u0443\u0442\u044b\" \/>\n<script type=\"application\/ld+json\" class=\"yoast-schema-graph\">{\"@context\":\"https:\/\/schema.org\",\"@graph\":[{\"@type\":\"WebPage\",\"@id\":\"https:\/\/reginett.ee\/toode\/elektrigeneraator-stager-fd10000er-e3r-8kw-3f-400v-230v\/\",\"url\":\"https:\/\/reginett.ee\/toode\/elektrigeneraator-stager-fd10000er-e3r-8kw-3f-400v-230v\/\",\"name\":\"Elektrigeneraator Stager FD10000ER-E3R. Parimad generaatorid\",\"isPartOf\":{\"@id\":\"https:\/\/reginett.ee\/#website\"},\"primaryImageOfPage\":{\"@id\":\"https:\/\/reginett.ee\/toode\/elektrigeneraator-stager-fd10000er-e3r-8kw-3f-400v-230v\/#primaryimage\"},\"image\":{\"@id\":\"https:\/\/reginett.ee\/toode\/elektrigeneraator-stager-fd10000er-e3r-8kw-3f-400v-230v\/#primaryimage\"},\"thumbnailUrl\":\"https:\/\/reginett.ee\/wp-content\/uploads\/2025\/01\/Generaator-Stager.webp\",\"datePublished\":\"2025-01-21T08:57:02+00:00\",\"dateModified\":\"2025-02-05T15:35:37+00:00\",\"description\":\"Elektrigeneraator Stager FD10000ER-E3R on kahe v\u00f5imsusega seade, mis on v\u00f5imeline t\u00f6\u00f6tama \u00fchefaasilises v\u00f5i kolmefaasilises re\u017eiimis\",\"breadcrumb\":{\"@id\":\"https:\/\/reginett.ee\/toode\/elektrigeneraator-stager-fd10000er-e3r-8kw-3f-400v-230v\/#breadcrumb\"},\"inLanguage\":\"ru-RU\",\"potentialAction\":[{\"@type\":\"ReadAction\",\"target\":[\"https:\/\/reginett.ee\/toode\/elektrigeneraator-stager-fd10000er-e3r-8kw-3f-400v-230v\/\"]}]},{\"@type\":\"ImageObject\",\"inLanguage\":\"ru-RU\",\"@id\":\"https:\/\/reginett.ee\/toode\/elektrigeneraator-stager-fd10000er-e3r-8kw-3f-400v-230v\/#primaryimage\",\"url\":\"https:\/\/reginett.ee\/wp-content\/uploads\/2025\/01\/Generaator-Stager.webp\",\"contentUrl\":\"https:\/\/reginett.ee\/wp-content\/uploads\/2025\/01\/Generaator-Stager.webp\",\"width\":680,\"height\":372,\"caption\":\"Generaator Stager\"},{\"@type\":\"BreadcrumbList\",\"@id\":\"https:\/\/reginett.ee\/toode\/elektrigeneraator-stager-fd10000er-e3r-8kw-3f-400v-230v\/#breadcrumb\",\"itemListElement\":[{\"@type\":\"ListItem\",\"position\":1,\"name\":\"Home\",\"item\":\"https:\/\/reginett.ee\/ru\/\"},{\"@type\":\"ListItem\",\"position\":2,\"name\":\"Tooted\",\"item\":\"https:\/\/reginett.ee\/tooted\/\"},{\"@type\":\"ListItem\",\"position\":3,\"name\":\"Elektrigeneraator Stager FD10000ER-E3R 8kW 3F 400V\/230V\"}]},{\"@type\":\"WebSite\",\"@id\":\"https:\/\/reginett.ee\/#website\",\"url\":\"https:\/\/reginett.ee\/\",\"name\":\"Reginett\",\"description\":\"Parimad robotniidukid\",\"potentialAction\":[{\"@type\":\"SearchAction\",\"target\":{\"@type\":\"EntryPoint\",\"urlTemplate\":\"https:\/\/reginett.ee\/?s={search_term_string}\"},\"query-input\":{\"@type\":\"PropertyValueSpecification\",\"valueRequired\":true,\"valueName\":\"search_term_string\"}}],\"inLanguage\":\"ru-RU\"}]}<\/script>\n<!-- \/ Yoast SEO plugin. -->","yoast_head_json":{"title":"Elektrigeneraator Stager FD10000ER-E3R. Parimad generaatorid","description":"Elektrigeneraator Stager FD10000ER-E3R on kahe v\u00f5imsusega seade, mis on v\u00f5imeline t\u00f6\u00f6tama \u00fchefaasilises v\u00f5i kolmefaasilises re\u017eiimis","robots":{"index":"index","follow":"follow","max-snippet":"max-snippet:-1","max-image-preview":"max-image-preview:large","max-video-preview":"max-video-preview:-1"},"canonical":"https:\/\/reginett.ee\/toode\/elektrigeneraator-stager-fd10000er-e3r-8kw-3f-400v-230v\/","og_locale":"ru_RU","og_type":"article","og_title":"Elektrigeneraator Stager FD10000ER-E3R. Parimad generaatorid","og_description":"Elektrigeneraator Stager FD10000ER-E3R on kahe v\u00f5imsusega seade, mis on v\u00f5imeline t\u00f6\u00f6tama \u00fchefaasilises v\u00f5i kolmefaasilises re\u017eiimis","og_url":"https:\/\/reginett.ee\/toode\/elektrigeneraator-stager-fd10000er-e3r-8kw-3f-400v-230v\/","og_site_name":"Reginett","article_modified_time":"2025-02-05T15:35:37+00:00","og_image":[{"width":680,"height":372,"url":"https:\/\/reginett.ee\/wp-content\/uploads\/2025\/01\/Generaator-Stager.webp","type":"image\/webp"}],"twitter_card":"summary_large_image","twitter_misc":{"\u041f\u0440\u0438\u043c\u0435\u0440\u043d\u043e\u0435 \u0432\u0440\u0435\u043c\u044f \u0434\u043b\u044f \u0447\u0442\u0435\u043d\u0438\u044f":"3 \u043c\u0438\u043d\u0443\u0442\u044b"},"schema":{"@context":"https:\/\/schema.org","@graph":[{"@type":"WebPage","@id":"https:\/\/reginett.ee\/toode\/elektrigeneraator-stager-fd10000er-e3r-8kw-3f-400v-230v\/","url":"https:\/\/reginett.ee\/toode\/elektrigeneraator-stager-fd10000er-e3r-8kw-3f-400v-230v\/","name":"Elektrigeneraator Stager FD10000ER-E3R. Parimad generaatorid","isPartOf":{"@id":"https:\/\/reginett.ee\/#website"},"primaryImageOfPage":{"@id":"https:\/\/reginett.ee\/toode\/elektrigeneraator-stager-fd10000er-e3r-8kw-3f-400v-230v\/#primaryimage"},"image":{"@id":"https:\/\/reginett.ee\/toode\/elektrigeneraator-stager-fd10000er-e3r-8kw-3f-400v-230v\/#primaryimage"},"thumbnailUrl":"https:\/\/reginett.ee\/wp-content\/uploads\/2025\/01\/Generaator-Stager.webp","datePublished":"2025-01-21T08:57:02+00:00","dateModified":"2025-02-05T15:35:37+00:00","description":"Elektrigeneraator Stager FD10000ER-E3R on kahe v\u00f5imsusega seade, mis on v\u00f5imeline t\u00f6\u00f6tama \u00fchefaasilises v\u00f5i kolmefaasilises re\u017eiimis","breadcrumb":{"@id":"https:\/\/reginett.ee\/toode\/elektrigeneraator-stager-fd10000er-e3r-8kw-3f-400v-230v\/#breadcrumb"},"inLanguage":"ru-RU","potentialAction":[{"@type":"ReadAction","target":["https:\/\/reginett.ee\/toode\/elektrigeneraator-stager-fd10000er-e3r-8kw-3f-400v-230v\/"]}]},{"@type":"ImageObject","inLanguage":"ru-RU","@id":"https:\/\/reginett.ee\/toode\/elektrigeneraator-stager-fd10000er-e3r-8kw-3f-400v-230v\/#primaryimage","url":"https:\/\/reginett.ee\/wp-content\/uploads\/2025\/01\/Generaator-Stager.webp","contentUrl":"https:\/\/reginett.ee\/wp-content\/uploads\/2025\/01\/Generaator-Stager.webp","width":680,"height":372,"caption":"Generaator Stager"},{"@type":"BreadcrumbList","@id":"https:\/\/reginett.ee\/toode\/elektrigeneraator-stager-fd10000er-e3r-8kw-3f-400v-230v\/#breadcrumb","itemListElement":[{"@type":"ListItem","position":1,"name":"Home","item":"https:\/\/reginett.ee\/ru\/"},{"@type":"ListItem","position":2,"name":"Tooted","item":"https:\/\/reginett.ee\/tooted\/"},{"@type":"ListItem","position":3,"name":"Elektrigeneraator Stager FD10000ER-E3R 8kW 3F 400V\/230V"}]},{"@type":"WebSite","@id":"https:\/\/reginett.ee\/#website","url":"https:\/\/reginett.ee\/","name":"Reginett","description":"Parimad robotniidukid","potentialAction":[{"@type":"SearchAction","target":{"@type":"EntryPoint","urlTemplate":"https:\/\/reginett.ee\/?s={search_term_string}"},"query-input":{"@type":"PropertyValueSpecification","valueRequired":true,"valueName":"search_term_string"}}],"inLanguage":"ru-RU"}]}},"brands":[{"id":459,"name":"Stager","slug":"stager"}],"_links":{"self":[{"href":"https:\/\/reginett.ee\/ru\/wp-json\/wp\/v2\/product\/61932","targetHints":{"allow":["GET"]}}],"collection":[{"href":"https:\/\/reginett.ee\/ru\/wp-json\/wp\/v2\/product"}],"about":[{"href":"https:\/\/reginett.ee\/ru\/wp-json\/wp\/v2\/types\/product"}],"replies":[{"embeddable":true,"href":"https:\/\/reginett.ee\/ru\/wp-json\/wp\/v2\/comments?post=61932"}],"wp:featuredmedia":[{"embeddable":true,"href":"https:\/\/reginett.ee\/ru\/wp-json\/wp\/v2\/media\/61939"}],"wp:attachment":[{"href":"https:\/\/reginett.ee\/ru\/wp-json\/wp\/v2\/media?parent=61932"}],"wp:term":[{"taxonomy":"pwb-brand","embeddable":true,"href":"https:\/\/reginett.ee\/ru\/wp-json\/wp\/v2\/pwb-brand?post=61932"},{"taxonomy":"product_brand","embeddable":true,"href":"https:\/\/reginett.ee\/ru\/wp-json\/wp\/v2\/product_brand?post=61932"},{"taxonomy":"product_cat","embeddable":true,"href":"https:\/\/reginett.ee\/ru\/wp-json\/wp\/v2\/product_cat?post=61932"},{"taxonomy":"product_tag","embeddable":true,"href":"https:\/\/reginett.ee\/ru\/wp-json\/wp\/v2\/product_tag?post=61932"}],"curies":[{"name":"wp","href":"https:\/\/api.w.org\/{rel}","templated":true}]}}