{"id":61894,"date":"2025-05-05T11:54:14","date_gmt":"2025-05-05T08:54:14","guid":{"rendered":"https:\/\/reginett.ee\/?post_type=product&#038;p=61894"},"modified":"2026-01-06T16:36:15","modified_gmt":"2026-01-06T13:36:15","slug":"murutraktor-husqvarna-ts217t-uus","status":"publish","type":"product","link":"https:\/\/reginett.ee\/ru\/toode\/murutraktor-husqvarna-ts217t-uus\/","title":{"rendered":"Murutraktor Husqvarna TS217T"},"content":{"rendered":"<p>Murutraktor <strong>Husqvarna TS217T<\/strong> \u00fchendab endas mugava s\u00f5idu, t\u00f5husa niitmise ja v\u00f5imsa mootori, et h\u00f5lpsasti niita suuremaid muruplatse. Ergonoomilisele kasutajakogemusele aitavad kaasa h\u00f5lpsasti ligip\u00e4\u00e4setavad juhtimisseadmed ja hoovad ning lihtsasti reguleeritav iste. V\u00e4ikeseid seadmeid ja k\u00e4sit\u00f6\u00f6riistasid saab hoiustada praktilistes hoiukarpides, et need oleksid vajaduse korral kergesti k\u00e4ttesaadavad. 108 cm l\u00f5ikelaius pakub head niidutulemust ning t\u00e4nu laiale l\u00f5ikek\u00f5rguste valikule saab seadistusi teha vastavalt vajadustele. Reguleerimist lihtsustab vedru olemasolu, et v\u00e4hendada operaatori koormust.<\/p>\n<p>Husqvarna TS217T ootori omadused, nagu automaatne \u00f5huklapp, \u00f5lifilter ja kahesilindriline mootor, ning tugev konstruktsioon koos malmist esiteljega tagavad usaldusv\u00e4\u00e4rse ja kauakestva t\u00f6\u00f6ea. ROS (tagurdades niitmise s\u00fcsteem) aktiveeritakse k\u00e4ivitusv\u00f5tmega, et v\u00e4hendada ohtu selle funktsiooni kogemata kasutamiseks.<\/p>\n<h3 class=\"feature-name hui-spacing--sm-mt-4-times-6 WLwtnNxco1C4cPugKSaO0g==\">Lihtne istme reguleerimine<\/h3>\n<p class=\"hui-spacing--sm-mt-4-times-4 K2PbruRyOKhyQZiENIYSog==\">Juhiistet saab h\u00f5lpsasti reguleerida, libistades seda soovitud asendisse, ilma et peaksite masinalt maha tulema.<\/p>\n<h3 class=\"feature-name hui-spacing--sm-mt-4-times-6 WLwtnNxco1C4cPugKSaO0g==\">Elektriline l\u00f5iketerade aktiveerimine<\/h3>\n<p class=\"hui-spacing--sm-mt-4-times-4 K2PbruRyOKhyQZiENIYSog==\">L\u00f5iketerade lihtne sissel\u00fclitamine; lihtsalt t\u00f5mmake l\u00fclitit juhtpaneelil.<\/p>\n<h3 class=\"feature-name hui-spacing--sm-mt-4-times-6 WLwtnNxco1C4cPugKSaO0g==\">P\u00f5rkeraud<\/h3>\n<p class=\"hui-spacing--sm-mt-4-times-4 K2PbruRyOKhyQZiENIYSog==\">Kaitseb t\u00f5husalt traktori esiosa.<\/p>\n<p>&nbsp;<\/p>\n","protected":false},"excerpt":{"rendered":"<p>Murutraktor <strong>Husqvarna TS217T<\/strong> \u00fchendab endas mugava s\u00f5idu, t\u00f5husa niitmise ja v\u00f5imsa mootori, et h\u00f5lpsasti niita suuremaid muruplatse.<\/p>\n","protected":false},"featured_media":61896,"comment_status":"open","ping_status":"closed","template":"","meta":{"_acf_changed":false,"_et_pb_use_builder":"","_et_pb_old_content":"","_et_gb_content_width":"","inline_featured_image":false},"pwb-brand":[147],"product_brand":[],"product_cat":[37,26],"product_tag":[686,47,685],"class_list":{"0":"post-61894","1":"product","2":"type-product","3":"status-publish","4":"has-post-thumbnail","6":"pwb-brand-husqvarna","7":"product_cat-husqvarna","8":"product_cat-murutraktorid","9":"product_tag-husqvarna-ts217t","10":"product_tag-murutraktor","11":"product_tag-ts217t","12":"product_shipping_class-rasked-asjad","14":"first","15":"outofstock","16":"shipping-taxable","17":"purchasable","18":"product-type-simple"},"acf":[],"yoast_head":"<!-- This site is optimized with the Yoast SEO plugin v26.6 - https:\/\/yoast.com\/wordpress\/plugins\/seo\/ -->\n<title>Murutraktor Husqvarna TS217T. V\u00f5imekad Husqvarna traktorid<\/title>\n<meta name=\"description\" content=\"Murutraktor Husqvarna TS217T \u00fchendab endas mugava s\u00f5idu, t\u00f5husa niitmise ja v\u00f5imsa mootori, et h\u00f5lpsasti niita suuremaid muruplatse.\" \/>\n<meta name=\"robots\" content=\"index, follow, max-snippet:-1, max-image-preview:large, max-video-preview:-1\" \/>\n<link rel=\"canonical\" href=\"https:\/\/reginett.ee\/toode\/murutraktor-husqvarna-ts217t-uus\/\" \/>\n<meta property=\"og:locale\" content=\"ru_RU\" \/>\n<meta property=\"og:type\" content=\"article\" \/>\n<meta property=\"og:title\" content=\"Murutraktor Husqvarna TS217T. V\u00f5imekad Husqvarna traktorid\" \/>\n<meta property=\"og:description\" content=\"Murutraktor Husqvarna TS217T \u00fchendab endas mugava s\u00f5idu, t\u00f5husa niitmise ja v\u00f5imsa mootori, et h\u00f5lpsasti niita suuremaid muruplatse.\" \/>\n<meta property=\"og:url\" content=\"https:\/\/reginett.ee\/toode\/murutraktor-husqvarna-ts217t-uus\/\" \/>\n<meta property=\"og:site_name\" content=\"Reginett\" \/>\n<meta property=\"article:modified_time\" content=\"2026-01-06T13:36:15+00:00\" \/>\n<meta property=\"og:image\" content=\"https:\/\/reginett.ee\/wp-content\/uploads\/2024\/12\/RV-873249.webp\" \/>\n\t<meta property=\"og:image:width\" content=\"558\" \/>\n\t<meta property=\"og:image:height\" content=\"372\" \/>\n\t<meta property=\"og:image:type\" content=\"image\/webp\" \/>\n<meta name=\"twitter:card\" content=\"summary_large_image\" \/>\n<meta name=\"twitter:label1\" content=\"\u041f\u0440\u0438\u043c\u0435\u0440\u043d\u043e\u0435 \u0432\u0440\u0435\u043c\u044f \u0434\u043b\u044f \u0447\u0442\u0435\u043d\u0438\u044f\" \/>\n\t<meta name=\"twitter:data1\" content=\"1 \u043c\u0438\u043d\u0443\u0442\u0430\" \/>\n<script type=\"application\/ld+json\" class=\"yoast-schema-graph\">{\"@context\":\"https:\/\/schema.org\",\"@graph\":[{\"@type\":\"WebPage\",\"@id\":\"https:\/\/reginett.ee\/toode\/murutraktor-husqvarna-ts217t-uus\/\",\"url\":\"https:\/\/reginett.ee\/toode\/murutraktor-husqvarna-ts217t-uus\/\",\"name\":\"Murutraktor Husqvarna TS217T. V\u00f5imekad Husqvarna traktorid\",\"isPartOf\":{\"@id\":\"https:\/\/reginett.ee\/#website\"},\"primaryImageOfPage\":{\"@id\":\"https:\/\/reginett.ee\/toode\/murutraktor-husqvarna-ts217t-uus\/#primaryimage\"},\"image\":{\"@id\":\"https:\/\/reginett.ee\/toode\/murutraktor-husqvarna-ts217t-uus\/#primaryimage\"},\"thumbnailUrl\":\"https:\/\/reginett.ee\/wp-content\/uploads\/2024\/12\/RV-873249.webp\",\"datePublished\":\"2025-05-05T08:54:14+00:00\",\"dateModified\":\"2026-01-06T13:36:15+00:00\",\"description\":\"Murutraktor Husqvarna TS217T \u00fchendab endas mugava s\u00f5idu, t\u00f5husa niitmise ja v\u00f5imsa mootori, et h\u00f5lpsasti niita suuremaid muruplatse.\",\"breadcrumb\":{\"@id\":\"https:\/\/reginett.ee\/toode\/murutraktor-husqvarna-ts217t-uus\/#breadcrumb\"},\"inLanguage\":\"ru-RU\",\"potentialAction\":[{\"@type\":\"ReadAction\",\"target\":[\"https:\/\/reginett.ee\/toode\/murutraktor-husqvarna-ts217t-uus\/\"]}]},{\"@type\":\"ImageObject\",\"inLanguage\":\"ru-RU\",\"@id\":\"https:\/\/reginett.ee\/toode\/murutraktor-husqvarna-ts217t-uus\/#primaryimage\",\"url\":\"https:\/\/reginett.ee\/wp-content\/uploads\/2024\/12\/RV-873249.webp\",\"contentUrl\":\"https:\/\/reginett.ee\/wp-content\/uploads\/2024\/12\/RV-873249.webp\",\"width\":558,\"height\":372,\"caption\":\"Murutraktor Husqvarna TS217T\"},{\"@type\":\"BreadcrumbList\",\"@id\":\"https:\/\/reginett.ee\/toode\/murutraktor-husqvarna-ts217t-uus\/#breadcrumb\",\"itemListElement\":[{\"@type\":\"ListItem\",\"position\":1,\"name\":\"Home\",\"item\":\"https:\/\/reginett.ee\/ru\/\"},{\"@type\":\"ListItem\",\"position\":2,\"name\":\"Tooted\",\"item\":\"https:\/\/reginett.ee\/tooted\/\"},{\"@type\":\"ListItem\",\"position\":3,\"name\":\"Murutraktor Husqvarna TS217T\"}]},{\"@type\":\"WebSite\",\"@id\":\"https:\/\/reginett.ee\/#website\",\"url\":\"https:\/\/reginett.ee\/\",\"name\":\"Reginett\",\"description\":\"Parimad robotniidukid\",\"potentialAction\":[{\"@type\":\"SearchAction\",\"target\":{\"@type\":\"EntryPoint\",\"urlTemplate\":\"https:\/\/reginett.ee\/?s={search_term_string}\"},\"query-input\":{\"@type\":\"PropertyValueSpecification\",\"valueRequired\":true,\"valueName\":\"search_term_string\"}}],\"inLanguage\":\"ru-RU\"}]}<\/script>\n<!-- \/ Yoast SEO plugin. -->","yoast_head_json":{"title":"Murutraktor Husqvarna TS217T. V\u00f5imekad Husqvarna traktorid","description":"Murutraktor Husqvarna TS217T \u00fchendab endas mugava s\u00f5idu, t\u00f5husa niitmise ja v\u00f5imsa mootori, et h\u00f5lpsasti niita suuremaid muruplatse.","robots":{"index":"index","follow":"follow","max-snippet":"max-snippet:-1","max-image-preview":"max-image-preview:large","max-video-preview":"max-video-preview:-1"},"canonical":"https:\/\/reginett.ee\/toode\/murutraktor-husqvarna-ts217t-uus\/","og_locale":"ru_RU","og_type":"article","og_title":"Murutraktor Husqvarna TS217T. V\u00f5imekad Husqvarna traktorid","og_description":"Murutraktor Husqvarna TS217T \u00fchendab endas mugava s\u00f5idu, t\u00f5husa niitmise ja v\u00f5imsa mootori, et h\u00f5lpsasti niita suuremaid muruplatse.","og_url":"https:\/\/reginett.ee\/toode\/murutraktor-husqvarna-ts217t-uus\/","og_site_name":"Reginett","article_modified_time":"2026-01-06T13:36:15+00:00","og_image":[{"width":558,"height":372,"url":"https:\/\/reginett.ee\/wp-content\/uploads\/2024\/12\/RV-873249.webp","type":"image\/webp"}],"twitter_card":"summary_large_image","twitter_misc":{"\u041f\u0440\u0438\u043c\u0435\u0440\u043d\u043e\u0435 \u0432\u0440\u0435\u043c\u044f \u0434\u043b\u044f \u0447\u0442\u0435\u043d\u0438\u044f":"1 \u043c\u0438\u043d\u0443\u0442\u0430"},"schema":{"@context":"https:\/\/schema.org","@graph":[{"@type":"WebPage","@id":"https:\/\/reginett.ee\/toode\/murutraktor-husqvarna-ts217t-uus\/","url":"https:\/\/reginett.ee\/toode\/murutraktor-husqvarna-ts217t-uus\/","name":"Murutraktor Husqvarna TS217T. V\u00f5imekad Husqvarna traktorid","isPartOf":{"@id":"https:\/\/reginett.ee\/#website"},"primaryImageOfPage":{"@id":"https:\/\/reginett.ee\/toode\/murutraktor-husqvarna-ts217t-uus\/#primaryimage"},"image":{"@id":"https:\/\/reginett.ee\/toode\/murutraktor-husqvarna-ts217t-uus\/#primaryimage"},"thumbnailUrl":"https:\/\/reginett.ee\/wp-content\/uploads\/2024\/12\/RV-873249.webp","datePublished":"2025-05-05T08:54:14+00:00","dateModified":"2026-01-06T13:36:15+00:00","description":"Murutraktor Husqvarna TS217T \u00fchendab endas mugava s\u00f5idu, t\u00f5husa niitmise ja v\u00f5imsa mootori, et h\u00f5lpsasti niita suuremaid muruplatse.","breadcrumb":{"@id":"https:\/\/reginett.ee\/toode\/murutraktor-husqvarna-ts217t-uus\/#breadcrumb"},"inLanguage":"ru-RU","potentialAction":[{"@type":"ReadAction","target":["https:\/\/reginett.ee\/toode\/murutraktor-husqvarna-ts217t-uus\/"]}]},{"@type":"ImageObject","inLanguage":"ru-RU","@id":"https:\/\/reginett.ee\/toode\/murutraktor-husqvarna-ts217t-uus\/#primaryimage","url":"https:\/\/reginett.ee\/wp-content\/uploads\/2024\/12\/RV-873249.webp","contentUrl":"https:\/\/reginett.ee\/wp-content\/uploads\/2024\/12\/RV-873249.webp","width":558,"height":372,"caption":"Murutraktor Husqvarna TS217T"},{"@type":"BreadcrumbList","@id":"https:\/\/reginett.ee\/toode\/murutraktor-husqvarna-ts217t-uus\/#breadcrumb","itemListElement":[{"@type":"ListItem","position":1,"name":"Home","item":"https:\/\/reginett.ee\/ru\/"},{"@type":"ListItem","position":2,"name":"Tooted","item":"https:\/\/reginett.ee\/tooted\/"},{"@type":"ListItem","position":3,"name":"Murutraktor Husqvarna TS217T"}]},{"@type":"WebSite","@id":"https:\/\/reginett.ee\/#website","url":"https:\/\/reginett.ee\/","name":"Reginett","description":"Parimad robotniidukid","potentialAction":[{"@type":"SearchAction","target":{"@type":"EntryPoint","urlTemplate":"https:\/\/reginett.ee\/?s={search_term_string}"},"query-input":{"@type":"PropertyValueSpecification","valueRequired":true,"valueName":"search_term_string"}}],"inLanguage":"ru-RU"}]}},"brands":[{"id":147,"name":"Husqvarna","slug":"husqvarna"}],"_links":{"self":[{"href":"https:\/\/reginett.ee\/ru\/wp-json\/wp\/v2\/product\/61894","targetHints":{"allow":["GET"]}}],"collection":[{"href":"https:\/\/reginett.ee\/ru\/wp-json\/wp\/v2\/product"}],"about":[{"href":"https:\/\/reginett.ee\/ru\/wp-json\/wp\/v2\/types\/product"}],"replies":[{"embeddable":true,"href":"https:\/\/reginett.ee\/ru\/wp-json\/wp\/v2\/comments?post=61894"}],"wp:featuredmedia":[{"embeddable":true,"href":"https:\/\/reginett.ee\/ru\/wp-json\/wp\/v2\/media\/61896"}],"wp:attachment":[{"href":"https:\/\/reginett.ee\/ru\/wp-json\/wp\/v2\/media?parent=61894"}],"wp:term":[{"taxonomy":"pwb-brand","embeddable":true,"href":"https:\/\/reginett.ee\/ru\/wp-json\/wp\/v2\/pwb-brand?post=61894"},{"taxonomy":"product_brand","embeddable":true,"href":"https:\/\/reginett.ee\/ru\/wp-json\/wp\/v2\/product_brand?post=61894"},{"taxonomy":"product_cat","embeddable":true,"href":"https:\/\/reginett.ee\/ru\/wp-json\/wp\/v2\/product_cat?post=61894"},{"taxonomy":"product_tag","embeddable":true,"href":"https:\/\/reginett.ee\/ru\/wp-json\/wp\/v2\/product_tag?post=61894"}],"curies":[{"name":"wp","href":"https:\/\/api.w.org\/{rel}","templated":true}]}}