{"id":61839,"date":"2024-12-04T12:58:09","date_gmt":"2024-12-04T09:58:09","guid":{"rendered":"https:\/\/reginett.ee\/?post_type=product&#038;p=61839"},"modified":"2025-04-22T14:35:07","modified_gmt":"2025-04-22T11:35:07","slug":"akulumelabidas-toro-flex-force-60v-komplekt","status":"publish","type":"product","link":"https:\/\/reginett.ee\/ru\/toode\/akulumelabidas-toro-flex-force-60v-komplekt\/","title":{"rendered":"Akulumelabidas TORO Flex-Force 60V komplekt"},"content":{"rendered":"<p>TORO akulumelabida t\u00f6\u00f6laius on 31 cm ja see v\u00f5imaldab k\u00fchveldada kuni 15 cm s\u00fcgavust lund ka k\u00f5ige kitsamates kohtades. Puhastage terrassid, sise\u00f5ued, k\u00f5nniteed ja s\u00f5iduteed mis mahutavad kuni 4 autot. Juhtmeta, nupuvajutusega k\u00e4ivitus, lihtne hoiustamine, v\u00e4he hooldust \u2013 see on talvine v\u00f5it.<\/p>\n<p>V\u00e4ga mugav ja kerge lahendus kiireks lumekoristuseks peale lumesadu.<\/p>\n<h3 class=\"name\">Hea viskekaugus<\/h3>\n<div class=\"description\">Lumelabidas on v\u00f5imeline viskama lund kuni 7.6m ilma vaevata.<\/div>\n<div><\/div>\n<div>\n<h3 class=\"name\">Lihtne hoiustamine<\/h3>\n<div class=\"description\">T\u00e4nu stiilsele ja kompaktsele disainile saate seda kiireks kasutamiseks h\u00f5lpsasti hoiustada.<\/div>\n<\/div>\n<ul>\n<li><strong>komplektis sisaldub: <\/strong>31803T akulumelabidas + 81860 6.0Ah 60V aku + 81802 2Amp akulaadija<\/li>\n<\/ul>\n","protected":false},"excerpt":{"rendered":"<p>TORO akulumelabida t\u00f6\u00f6laius on 31 cm ja see v\u00f5imaldab k\u00fchveldada kuni 15 cm s\u00fcgavust lund ka k\u00f5ige kitsamates kohtades.<\/p>\n<ul>\n<li><strong>komplektis sisaldub: <\/strong>31803T akulumelabidas + 81860 6.0Ah 60V aku + 81802 2Amp akulaadija<\/li>\n<\/ul>\n","protected":false},"featured_media":61840,"comment_status":"open","ping_status":"closed","template":"","meta":{"_acf_changed":false,"_et_pb_use_builder":"","_et_pb_old_content":"","_et_gb_content_width":"","inline_featured_image":false},"pwb-brand":[148],"product_brand":[],"product_cat":[51],"product_tag":[568,566],"class_list":{"0":"post-61839","1":"product","2":"type-product","3":"status-publish","4":"has-post-thumbnail","6":"pwb-brand-toro","7":"product_cat-lumepuhurid","8":"product_tag-akuga-lumelabidas","9":"product_tag-akulumelabidas","10":"product_shipping_class-soodsam-kuller-15-eur","12":"first","13":"instock","14":"shipping-taxable","15":"purchasable","16":"product-type-simple"},"acf":[],"yoast_head":"<!-- This site is optimized with the Yoast SEO plugin v26.6 - https:\/\/yoast.com\/wordpress\/plugins\/seo\/ -->\n<title>Akulumelabidas TORO Flex-Force 60V komplekt. TORO lumepuhur<\/title>\n<meta name=\"description\" content=\"TORO akulumelabida t\u00f6\u00f6laius on 31 cm ja see v\u00f5imaldab k\u00fchveldada kuni 15 cm s\u00fcgavust lund ka k\u00f5ige kitsamates kohtades. Kerge ja mugav\" \/>\n<meta name=\"robots\" content=\"index, follow, max-snippet:-1, max-image-preview:large, max-video-preview:-1\" \/>\n<link rel=\"canonical\" href=\"https:\/\/reginett.ee\/toode\/akulumelabidas-toro-flex-force-60v-komplekt\/\" \/>\n<meta property=\"og:locale\" content=\"ru_RU\" \/>\n<meta property=\"og:type\" content=\"article\" \/>\n<meta property=\"og:title\" content=\"Akulumelabidas TORO Flex-Force 60V komplekt. TORO lumepuhur\" \/>\n<meta property=\"og:description\" content=\"TORO akulumelabida t\u00f6\u00f6laius on 31 cm ja see v\u00f5imaldab k\u00fchveldada kuni 15 cm s\u00fcgavust lund ka k\u00f5ige kitsamates kohtades. Kerge ja mugav\" \/>\n<meta property=\"og:url\" content=\"https:\/\/reginett.ee\/toode\/akulumelabidas-toro-flex-force-60v-komplekt\/\" \/>\n<meta property=\"og:site_name\" content=\"Reginett\" \/>\n<meta property=\"article:modified_time\" content=\"2025-04-22T11:35:07+00:00\" \/>\n<meta property=\"og:image\" content=\"https:\/\/reginett.ee\/wp-content\/uploads\/2024\/12\/Lumelabidas-TORO-komplekt.jpg\" \/>\n\t<meta property=\"og:image:width\" content=\"700\" \/>\n\t<meta property=\"og:image:height\" content=\"599\" \/>\n\t<meta property=\"og:image:type\" content=\"image\/jpeg\" \/>\n<meta name=\"twitter:card\" content=\"summary_large_image\" \/>\n<meta name=\"twitter:label1\" content=\"\u041f\u0440\u0438\u043c\u0435\u0440\u043d\u043e\u0435 \u0432\u0440\u0435\u043c\u044f \u0434\u043b\u044f \u0447\u0442\u0435\u043d\u0438\u044f\" \/>\n\t<meta name=\"twitter:data1\" content=\"1 \u043c\u0438\u043d\u0443\u0442\u0430\" \/>\n<script type=\"application\/ld+json\" class=\"yoast-schema-graph\">{\"@context\":\"https:\/\/schema.org\",\"@graph\":[{\"@type\":\"WebPage\",\"@id\":\"https:\/\/reginett.ee\/toode\/akulumelabidas-toro-flex-force-60v-komplekt\/\",\"url\":\"https:\/\/reginett.ee\/toode\/akulumelabidas-toro-flex-force-60v-komplekt\/\",\"name\":\"Akulumelabidas TORO Flex-Force 60V komplekt. TORO lumepuhur\",\"isPartOf\":{\"@id\":\"https:\/\/reginett.ee\/#website\"},\"primaryImageOfPage\":{\"@id\":\"https:\/\/reginett.ee\/toode\/akulumelabidas-toro-flex-force-60v-komplekt\/#primaryimage\"},\"image\":{\"@id\":\"https:\/\/reginett.ee\/toode\/akulumelabidas-toro-flex-force-60v-komplekt\/#primaryimage\"},\"thumbnailUrl\":\"https:\/\/reginett.ee\/wp-content\/uploads\/2024\/12\/Lumelabidas-TORO-komplekt.jpg\",\"datePublished\":\"2024-12-04T09:58:09+00:00\",\"dateModified\":\"2025-04-22T11:35:07+00:00\",\"description\":\"TORO akulumelabida t\u00f6\u00f6laius on 31 cm ja see v\u00f5imaldab k\u00fchveldada kuni 15 cm s\u00fcgavust lund ka k\u00f5ige kitsamates kohtades. Kerge ja mugav\",\"breadcrumb\":{\"@id\":\"https:\/\/reginett.ee\/toode\/akulumelabidas-toro-flex-force-60v-komplekt\/#breadcrumb\"},\"inLanguage\":\"ru-RU\",\"potentialAction\":[{\"@type\":\"ReadAction\",\"target\":[\"https:\/\/reginett.ee\/toode\/akulumelabidas-toro-flex-force-60v-komplekt\/\"]}]},{\"@type\":\"ImageObject\",\"inLanguage\":\"ru-RU\",\"@id\":\"https:\/\/reginett.ee\/toode\/akulumelabidas-toro-flex-force-60v-komplekt\/#primaryimage\",\"url\":\"https:\/\/reginett.ee\/wp-content\/uploads\/2024\/12\/Lumelabidas-TORO-komplekt.jpg\",\"contentUrl\":\"https:\/\/reginett.ee\/wp-content\/uploads\/2024\/12\/Lumelabidas-TORO-komplekt.jpg\",\"width\":700,\"height\":599,\"caption\":\"Akulumelabidas TORO\"},{\"@type\":\"BreadcrumbList\",\"@id\":\"https:\/\/reginett.ee\/toode\/akulumelabidas-toro-flex-force-60v-komplekt\/#breadcrumb\",\"itemListElement\":[{\"@type\":\"ListItem\",\"position\":1,\"name\":\"Home\",\"item\":\"https:\/\/reginett.ee\/ru\/\"},{\"@type\":\"ListItem\",\"position\":2,\"name\":\"Tooted\",\"item\":\"https:\/\/reginett.ee\/tooted\/\"},{\"@type\":\"ListItem\",\"position\":3,\"name\":\"Akulumelabidas TORO Flex-Force 60V komplekt\"}]},{\"@type\":\"WebSite\",\"@id\":\"https:\/\/reginett.ee\/#website\",\"url\":\"https:\/\/reginett.ee\/\",\"name\":\"Reginett\",\"description\":\"Parimad robotniidukid\",\"potentialAction\":[{\"@type\":\"SearchAction\",\"target\":{\"@type\":\"EntryPoint\",\"urlTemplate\":\"https:\/\/reginett.ee\/?s={search_term_string}\"},\"query-input\":{\"@type\":\"PropertyValueSpecification\",\"valueRequired\":true,\"valueName\":\"search_term_string\"}}],\"inLanguage\":\"ru-RU\"}]}<\/script>\n<!-- \/ Yoast SEO plugin. -->","yoast_head_json":{"title":"Akulumelabidas TORO Flex-Force 60V komplekt. TORO lumepuhur","description":"TORO akulumelabida t\u00f6\u00f6laius on 31 cm ja see v\u00f5imaldab k\u00fchveldada kuni 15 cm s\u00fcgavust lund ka k\u00f5ige kitsamates kohtades. Kerge ja mugav","robots":{"index":"index","follow":"follow","max-snippet":"max-snippet:-1","max-image-preview":"max-image-preview:large","max-video-preview":"max-video-preview:-1"},"canonical":"https:\/\/reginett.ee\/toode\/akulumelabidas-toro-flex-force-60v-komplekt\/","og_locale":"ru_RU","og_type":"article","og_title":"Akulumelabidas TORO Flex-Force 60V komplekt. TORO lumepuhur","og_description":"TORO akulumelabida t\u00f6\u00f6laius on 31 cm ja see v\u00f5imaldab k\u00fchveldada kuni 15 cm s\u00fcgavust lund ka k\u00f5ige kitsamates kohtades. Kerge ja mugav","og_url":"https:\/\/reginett.ee\/toode\/akulumelabidas-toro-flex-force-60v-komplekt\/","og_site_name":"Reginett","article_modified_time":"2025-04-22T11:35:07+00:00","og_image":[{"width":700,"height":599,"url":"https:\/\/reginett.ee\/wp-content\/uploads\/2024\/12\/Lumelabidas-TORO-komplekt.jpg","type":"image\/jpeg"}],"twitter_card":"summary_large_image","twitter_misc":{"\u041f\u0440\u0438\u043c\u0435\u0440\u043d\u043e\u0435 \u0432\u0440\u0435\u043c\u044f \u0434\u043b\u044f \u0447\u0442\u0435\u043d\u0438\u044f":"1 \u043c\u0438\u043d\u0443\u0442\u0430"},"schema":{"@context":"https:\/\/schema.org","@graph":[{"@type":"WebPage","@id":"https:\/\/reginett.ee\/toode\/akulumelabidas-toro-flex-force-60v-komplekt\/","url":"https:\/\/reginett.ee\/toode\/akulumelabidas-toro-flex-force-60v-komplekt\/","name":"Akulumelabidas TORO Flex-Force 60V komplekt. TORO lumepuhur","isPartOf":{"@id":"https:\/\/reginett.ee\/#website"},"primaryImageOfPage":{"@id":"https:\/\/reginett.ee\/toode\/akulumelabidas-toro-flex-force-60v-komplekt\/#primaryimage"},"image":{"@id":"https:\/\/reginett.ee\/toode\/akulumelabidas-toro-flex-force-60v-komplekt\/#primaryimage"},"thumbnailUrl":"https:\/\/reginett.ee\/wp-content\/uploads\/2024\/12\/Lumelabidas-TORO-komplekt.jpg","datePublished":"2024-12-04T09:58:09+00:00","dateModified":"2025-04-22T11:35:07+00:00","description":"TORO akulumelabida t\u00f6\u00f6laius on 31 cm ja see v\u00f5imaldab k\u00fchveldada kuni 15 cm s\u00fcgavust lund ka k\u00f5ige kitsamates kohtades. Kerge ja mugav","breadcrumb":{"@id":"https:\/\/reginett.ee\/toode\/akulumelabidas-toro-flex-force-60v-komplekt\/#breadcrumb"},"inLanguage":"ru-RU","potentialAction":[{"@type":"ReadAction","target":["https:\/\/reginett.ee\/toode\/akulumelabidas-toro-flex-force-60v-komplekt\/"]}]},{"@type":"ImageObject","inLanguage":"ru-RU","@id":"https:\/\/reginett.ee\/toode\/akulumelabidas-toro-flex-force-60v-komplekt\/#primaryimage","url":"https:\/\/reginett.ee\/wp-content\/uploads\/2024\/12\/Lumelabidas-TORO-komplekt.jpg","contentUrl":"https:\/\/reginett.ee\/wp-content\/uploads\/2024\/12\/Lumelabidas-TORO-komplekt.jpg","width":700,"height":599,"caption":"Akulumelabidas TORO"},{"@type":"BreadcrumbList","@id":"https:\/\/reginett.ee\/toode\/akulumelabidas-toro-flex-force-60v-komplekt\/#breadcrumb","itemListElement":[{"@type":"ListItem","position":1,"name":"Home","item":"https:\/\/reginett.ee\/ru\/"},{"@type":"ListItem","position":2,"name":"Tooted","item":"https:\/\/reginett.ee\/tooted\/"},{"@type":"ListItem","position":3,"name":"Akulumelabidas TORO Flex-Force 60V komplekt"}]},{"@type":"WebSite","@id":"https:\/\/reginett.ee\/#website","url":"https:\/\/reginett.ee\/","name":"Reginett","description":"Parimad robotniidukid","potentialAction":[{"@type":"SearchAction","target":{"@type":"EntryPoint","urlTemplate":"https:\/\/reginett.ee\/?s={search_term_string}"},"query-input":{"@type":"PropertyValueSpecification","valueRequired":true,"valueName":"search_term_string"}}],"inLanguage":"ru-RU"}]}},"brands":[{"id":148,"name":"Toro","slug":"toro"}],"_links":{"self":[{"href":"https:\/\/reginett.ee\/ru\/wp-json\/wp\/v2\/product\/61839","targetHints":{"allow":["GET"]}}],"collection":[{"href":"https:\/\/reginett.ee\/ru\/wp-json\/wp\/v2\/product"}],"about":[{"href":"https:\/\/reginett.ee\/ru\/wp-json\/wp\/v2\/types\/product"}],"replies":[{"embeddable":true,"href":"https:\/\/reginett.ee\/ru\/wp-json\/wp\/v2\/comments?post=61839"}],"wp:featuredmedia":[{"embeddable":true,"href":"https:\/\/reginett.ee\/ru\/wp-json\/wp\/v2\/media\/61840"}],"wp:attachment":[{"href":"https:\/\/reginett.ee\/ru\/wp-json\/wp\/v2\/media?parent=61839"}],"wp:term":[{"taxonomy":"pwb-brand","embeddable":true,"href":"https:\/\/reginett.ee\/ru\/wp-json\/wp\/v2\/pwb-brand?post=61839"},{"taxonomy":"product_brand","embeddable":true,"href":"https:\/\/reginett.ee\/ru\/wp-json\/wp\/v2\/product_brand?post=61839"},{"taxonomy":"product_cat","embeddable":true,"href":"https:\/\/reginett.ee\/ru\/wp-json\/wp\/v2\/product_cat?post=61839"},{"taxonomy":"product_tag","embeddable":true,"href":"https:\/\/reginett.ee\/ru\/wp-json\/wp\/v2\/product_tag?post=61839"}],"curies":[{"name":"wp","href":"https:\/\/api.w.org\/{rel}","templated":true}]}}