{"id":61776,"date":"2024-11-18T18:58:58","date_gmt":"2024-11-18T15:58:58","guid":{"rendered":"https:\/\/reginett.ee\/?post_type=product&#038;p=61776"},"modified":"2024-11-18T18:59:18","modified_gmt":"2024-11-18T15:59:18","slug":"akulumepuhur-al-ko-st4048-komplekt","status":"publish","type":"product","link":"https:\/\/reginett.ee\/ru\/toode\/akulumepuhur-al-ko-st4048-komplekt\/","title":{"rendered":"Akulumepuhur AL-KO ST4048 komplekt"},"content":{"rendered":"<p><strong>Lumepuhur AL-KO ST4048<\/strong> on kerge, mugav ja lihtsasti kasutatav akumasin koduaeda. See \u00fcheastmeline lumefrees sobib h\u00e4sti just jalgradade puhastamiseks \u00f5hemast lumekihist.<\/p>\n<p>Komplekti kuulub 5Ah 40V aku ja laadija!<\/p>\n","protected":false},"excerpt":{"rendered":"<p><strong>Lumepuhur AL-KO ST4048<\/strong> on kerge, mugav ja lihtsasti kasutatav akumasin koduaeda. See \u00fcheastmeline lumefrees sobib h\u00e4sti just jalgradade puhastamiseks \u00f5hemast lumekihist.<\/p>\n","protected":false},"featured_media":61777,"comment_status":"open","ping_status":"closed","template":"","meta":{"_acf_changed":false,"_et_pb_use_builder":"","_et_pb_old_content":"","_et_gb_content_width":"","inline_featured_image":false},"pwb-brand":[254],"product_brand":[],"product_cat":[134,51],"product_tag":[452,157,156],"class_list":{"0":"post-61776","1":"product","2":"type-product","3":"status-publish","4":"has-post-thumbnail","6":"pwb-brand-al-ko","7":"product_cat-eripakkumised","8":"product_cat-lumepuhurid","9":"product_tag-akulumepuhur","10":"product_tag-lumefrees","11":"product_tag-lumepuhur","12":"product_shipping_class-soodsam-kuller-15-eur","14":"first","15":"instock","16":"sale","17":"shipping-taxable","18":"purchasable","19":"product-type-simple"},"acf":[],"yoast_head":"<!-- This site is optimized with the Yoast SEO plugin v26.6 - https:\/\/yoast.com\/wordpress\/plugins\/seo\/ -->\n<title>Akulumepuhur AL-KO ST4048 komplekt. Kerge ja mugav lumefrees<\/title>\n<meta name=\"description\" content=\"Lumepuhur AL-KO ST4048 on kerge, mugav ja lihtsasti kasutatav akumasin koduaeda. See lumefrees sobib h\u00e4sti just jalgradade puhastamiseks \u00f5hemast lumekihist.\" \/>\n<meta name=\"robots\" content=\"index, follow, max-snippet:-1, max-image-preview:large, max-video-preview:-1\" \/>\n<link rel=\"canonical\" href=\"https:\/\/reginett.ee\/ru\/toode\/akulumepuhur-al-ko-st4048-komplekt\/\" \/>\n<meta property=\"og:locale\" content=\"ru_RU\" \/>\n<meta property=\"og:type\" content=\"article\" \/>\n<meta property=\"og:title\" content=\"Akulumepuhur AL-KO ST4048 komplekt. Kerge ja mugav lumefrees\" \/>\n<meta property=\"og:description\" content=\"Lumepuhur AL-KO ST4048 on kerge, mugav ja lihtsasti kasutatav akumasin koduaeda. See lumefrees sobib h\u00e4sti just jalgradade puhastamiseks \u00f5hemast lumekihist.\" \/>\n<meta property=\"og:url\" content=\"https:\/\/reginett.ee\/ru\/toode\/akulumepuhur-al-ko-st4048-komplekt\/\" \/>\n<meta property=\"og:site_name\" content=\"Reginett\" \/>\n<meta property=\"article:modified_time\" content=\"2024-11-18T15:59:18+00:00\" \/>\n<meta property=\"og:image\" content=\"https:\/\/reginett.ee\/wp-content\/uploads\/2024\/11\/Akulumepuhur-AL-KO-ST4048.webp\" \/>\n\t<meta property=\"og:image:width\" content=\"680\" \/>\n\t<meta property=\"og:image:height\" content=\"372\" \/>\n\t<meta property=\"og:image:type\" content=\"image\/webp\" \/>\n<meta name=\"twitter:card\" content=\"summary_large_image\" \/>\n<meta name=\"twitter:label1\" content=\"\u041f\u0440\u0438\u043c\u0435\u0440\u043d\u043e\u0435 \u0432\u0440\u0435\u043c\u044f \u0434\u043b\u044f \u0447\u0442\u0435\u043d\u0438\u044f\" \/>\n\t<meta name=\"twitter:data1\" content=\"1 \u043c\u0438\u043d\u0443\u0442\u0430\" \/>\n<script type=\"application\/ld+json\" class=\"yoast-schema-graph\">{\"@context\":\"https:\/\/schema.org\",\"@graph\":[{\"@type\":\"WebPage\",\"@id\":\"https:\/\/reginett.ee\/ru\/toode\/akulumepuhur-al-ko-st4048-komplekt\/\",\"url\":\"https:\/\/reginett.ee\/ru\/toode\/akulumepuhur-al-ko-st4048-komplekt\/\",\"name\":\"Akulumepuhur AL-KO ST4048 komplekt. Kerge ja mugav lumefrees\",\"isPartOf\":{\"@id\":\"https:\/\/reginett.ee\/#website\"},\"primaryImageOfPage\":{\"@id\":\"https:\/\/reginett.ee\/ru\/toode\/akulumepuhur-al-ko-st4048-komplekt\/#primaryimage\"},\"image\":{\"@id\":\"https:\/\/reginett.ee\/ru\/toode\/akulumepuhur-al-ko-st4048-komplekt\/#primaryimage\"},\"thumbnailUrl\":\"https:\/\/reginett.ee\/wp-content\/uploads\/2024\/11\/Akulumepuhur-AL-KO-ST4048.webp\",\"datePublished\":\"2024-11-18T15:58:58+00:00\",\"dateModified\":\"2024-11-18T15:59:18+00:00\",\"description\":\"Lumepuhur AL-KO ST4048 on kerge, mugav ja lihtsasti kasutatav akumasin koduaeda. See lumefrees sobib h\u00e4sti just jalgradade puhastamiseks \u00f5hemast lumekihist.\",\"breadcrumb\":{\"@id\":\"https:\/\/reginett.ee\/ru\/toode\/akulumepuhur-al-ko-st4048-komplekt\/#breadcrumb\"},\"inLanguage\":\"ru-RU\",\"potentialAction\":[{\"@type\":\"ReadAction\",\"target\":[\"https:\/\/reginett.ee\/ru\/toode\/akulumepuhur-al-ko-st4048-komplekt\/\"]}]},{\"@type\":\"ImageObject\",\"inLanguage\":\"ru-RU\",\"@id\":\"https:\/\/reginett.ee\/ru\/toode\/akulumepuhur-al-ko-st4048-komplekt\/#primaryimage\",\"url\":\"https:\/\/reginett.ee\/wp-content\/uploads\/2024\/11\/Akulumepuhur-AL-KO-ST4048.webp\",\"contentUrl\":\"https:\/\/reginett.ee\/wp-content\/uploads\/2024\/11\/Akulumepuhur-AL-KO-ST4048.webp\",\"width\":680,\"height\":372,\"caption\":\"Akulumepuhur AL-KO ST4048\"},{\"@type\":\"BreadcrumbList\",\"@id\":\"https:\/\/reginett.ee\/ru\/toode\/akulumepuhur-al-ko-st4048-komplekt\/#breadcrumb\",\"itemListElement\":[{\"@type\":\"ListItem\",\"position\":1,\"name\":\"Home\",\"item\":\"https:\/\/reginett.ee\/ru\/\"},{\"@type\":\"ListItem\",\"position\":2,\"name\":\"Tooted\",\"item\":\"https:\/\/reginett.ee\/tooted\/\"},{\"@type\":\"ListItem\",\"position\":3,\"name\":\"Akulumepuhur AL-KO ST4048 komplekt\"}]},{\"@type\":\"WebSite\",\"@id\":\"https:\/\/reginett.ee\/#website\",\"url\":\"https:\/\/reginett.ee\/\",\"name\":\"Reginett\",\"description\":\"Parimad robotniidukid\",\"potentialAction\":[{\"@type\":\"SearchAction\",\"target\":{\"@type\":\"EntryPoint\",\"urlTemplate\":\"https:\/\/reginett.ee\/?s={search_term_string}\"},\"query-input\":{\"@type\":\"PropertyValueSpecification\",\"valueRequired\":true,\"valueName\":\"search_term_string\"}}],\"inLanguage\":\"ru-RU\"}]}<\/script>\n<!-- \/ Yoast SEO plugin. -->","yoast_head_json":{"title":"Akulumepuhur AL-KO ST4048 komplekt. Kerge ja mugav lumefrees","description":"Lumepuhur AL-KO ST4048 on kerge, mugav ja lihtsasti kasutatav akumasin koduaeda. See lumefrees sobib h\u00e4sti just jalgradade puhastamiseks \u00f5hemast lumekihist.","robots":{"index":"index","follow":"follow","max-snippet":"max-snippet:-1","max-image-preview":"max-image-preview:large","max-video-preview":"max-video-preview:-1"},"canonical":"https:\/\/reginett.ee\/ru\/toode\/akulumepuhur-al-ko-st4048-komplekt\/","og_locale":"ru_RU","og_type":"article","og_title":"Akulumepuhur AL-KO ST4048 komplekt. Kerge ja mugav lumefrees","og_description":"Lumepuhur AL-KO ST4048 on kerge, mugav ja lihtsasti kasutatav akumasin koduaeda. See lumefrees sobib h\u00e4sti just jalgradade puhastamiseks \u00f5hemast lumekihist.","og_url":"https:\/\/reginett.ee\/ru\/toode\/akulumepuhur-al-ko-st4048-komplekt\/","og_site_name":"Reginett","article_modified_time":"2024-11-18T15:59:18+00:00","og_image":[{"width":680,"height":372,"url":"https:\/\/reginett.ee\/wp-content\/uploads\/2024\/11\/Akulumepuhur-AL-KO-ST4048.webp","type":"image\/webp"}],"twitter_card":"summary_large_image","twitter_misc":{"\u041f\u0440\u0438\u043c\u0435\u0440\u043d\u043e\u0435 \u0432\u0440\u0435\u043c\u044f \u0434\u043b\u044f \u0447\u0442\u0435\u043d\u0438\u044f":"1 \u043c\u0438\u043d\u0443\u0442\u0430"},"schema":{"@context":"https:\/\/schema.org","@graph":[{"@type":"WebPage","@id":"https:\/\/reginett.ee\/ru\/toode\/akulumepuhur-al-ko-st4048-komplekt\/","url":"https:\/\/reginett.ee\/ru\/toode\/akulumepuhur-al-ko-st4048-komplekt\/","name":"Akulumepuhur AL-KO ST4048 komplekt. Kerge ja mugav lumefrees","isPartOf":{"@id":"https:\/\/reginett.ee\/#website"},"primaryImageOfPage":{"@id":"https:\/\/reginett.ee\/ru\/toode\/akulumepuhur-al-ko-st4048-komplekt\/#primaryimage"},"image":{"@id":"https:\/\/reginett.ee\/ru\/toode\/akulumepuhur-al-ko-st4048-komplekt\/#primaryimage"},"thumbnailUrl":"https:\/\/reginett.ee\/wp-content\/uploads\/2024\/11\/Akulumepuhur-AL-KO-ST4048.webp","datePublished":"2024-11-18T15:58:58+00:00","dateModified":"2024-11-18T15:59:18+00:00","description":"Lumepuhur AL-KO ST4048 on kerge, mugav ja lihtsasti kasutatav akumasin koduaeda. See lumefrees sobib h\u00e4sti just jalgradade puhastamiseks \u00f5hemast lumekihist.","breadcrumb":{"@id":"https:\/\/reginett.ee\/ru\/toode\/akulumepuhur-al-ko-st4048-komplekt\/#breadcrumb"},"inLanguage":"ru-RU","potentialAction":[{"@type":"ReadAction","target":["https:\/\/reginett.ee\/ru\/toode\/akulumepuhur-al-ko-st4048-komplekt\/"]}]},{"@type":"ImageObject","inLanguage":"ru-RU","@id":"https:\/\/reginett.ee\/ru\/toode\/akulumepuhur-al-ko-st4048-komplekt\/#primaryimage","url":"https:\/\/reginett.ee\/wp-content\/uploads\/2024\/11\/Akulumepuhur-AL-KO-ST4048.webp","contentUrl":"https:\/\/reginett.ee\/wp-content\/uploads\/2024\/11\/Akulumepuhur-AL-KO-ST4048.webp","width":680,"height":372,"caption":"Akulumepuhur AL-KO ST4048"},{"@type":"BreadcrumbList","@id":"https:\/\/reginett.ee\/ru\/toode\/akulumepuhur-al-ko-st4048-komplekt\/#breadcrumb","itemListElement":[{"@type":"ListItem","position":1,"name":"Home","item":"https:\/\/reginett.ee\/ru\/"},{"@type":"ListItem","position":2,"name":"Tooted","item":"https:\/\/reginett.ee\/tooted\/"},{"@type":"ListItem","position":3,"name":"Akulumepuhur AL-KO ST4048 komplekt"}]},{"@type":"WebSite","@id":"https:\/\/reginett.ee\/#website","url":"https:\/\/reginett.ee\/","name":"Reginett","description":"Parimad robotniidukid","potentialAction":[{"@type":"SearchAction","target":{"@type":"EntryPoint","urlTemplate":"https:\/\/reginett.ee\/?s={search_term_string}"},"query-input":{"@type":"PropertyValueSpecification","valueRequired":true,"valueName":"search_term_string"}}],"inLanguage":"ru-RU"}]}},"brands":[{"id":254,"name":"AL-KO","slug":"al-ko"}],"_links":{"self":[{"href":"https:\/\/reginett.ee\/ru\/wp-json\/wp\/v2\/product\/61776","targetHints":{"allow":["GET"]}}],"collection":[{"href":"https:\/\/reginett.ee\/ru\/wp-json\/wp\/v2\/product"}],"about":[{"href":"https:\/\/reginett.ee\/ru\/wp-json\/wp\/v2\/types\/product"}],"replies":[{"embeddable":true,"href":"https:\/\/reginett.ee\/ru\/wp-json\/wp\/v2\/comments?post=61776"}],"wp:featuredmedia":[{"embeddable":true,"href":"https:\/\/reginett.ee\/ru\/wp-json\/wp\/v2\/media\/61777"}],"wp:attachment":[{"href":"https:\/\/reginett.ee\/ru\/wp-json\/wp\/v2\/media?parent=61776"}],"wp:term":[{"taxonomy":"pwb-brand","embeddable":true,"href":"https:\/\/reginett.ee\/ru\/wp-json\/wp\/v2\/pwb-brand?post=61776"},{"taxonomy":"product_brand","embeddable":true,"href":"https:\/\/reginett.ee\/ru\/wp-json\/wp\/v2\/product_brand?post=61776"},{"taxonomy":"product_cat","embeddable":true,"href":"https:\/\/reginett.ee\/ru\/wp-json\/wp\/v2\/product_cat?post=61776"},{"taxonomy":"product_tag","embeddable":true,"href":"https:\/\/reginett.ee\/ru\/wp-json\/wp\/v2\/product_tag?post=61776"}],"curies":[{"name":"wp","href":"https:\/\/api.w.org\/{rel}","templated":true}]}}