{"id":61747,"date":"2025-12-17T13:45:55","date_gmt":"2025-12-17T10:45:55","guid":{"rendered":"https:\/\/reginett.ee\/?post_type=product&#038;p=61747"},"modified":"2026-04-07T20:36:19","modified_gmt":"2026-04-07T17:36:19","slug":"omblusmasin-singer-hd-500-classic-black-uus","status":"publish","type":"product","link":"https:\/\/reginett.ee\/ru\/toode\/omblusmasin-singer-hd-500-classic-black-uus\/","title":{"rendered":"\u00d5mblusmasin SINGER HD 500 Classic Black"},"content":{"rendered":"<p><strong>\u00d5mblusmasin Singer HD 500 Classic Black<\/strong> on uus elegantne mehaaniline \u00f5mblusmasin.<\/p>\n<p>Seda masinat iseloomustab klassikaline stiil ja kindel \u00f5mblustulemus.<\/p>\n<div class=\"description\">\n<p>Singer HD500 \u00f5mblusmasina ajatu disain ja v\u00e4rvid teevad kummarduse armastatud vintage SINGER \u00f5mblusmasina p\u00e4randile, pakkudes samal ajal mugavust, mitmek\u00fclgsust\u00a0 ja t\u00e4iustatud v\u00f5imsust t\u00e4nap\u00e4eva \u00f5mblejale.<\/p>\n<p>Suurendatud kiirus (1000 p\/min) ja suurem n\u00f5ela l\u00e4bil\u00f6\u00f6gi v\u00f5ime v\u00f5reldes paljude teiste tava\u00f5mblusmasinatega.<\/p>\n<p>\u00d5mblusmasin SINGER HD 500 Classic Black mudelil on tugev \u00fchest t\u00fckist metallist raam.<\/p>\n<p>32 pistet (110 piste variatsiooni) sh. dekoratiivsed ja venivad pisted ning 1-etapiline n\u00f6\u00f6pauk.<\/p>\n<p>Pistepikkus ja -laius reguleeritavad. N\u00f5ela niidistaja. LED valgusti. Pealtaletav poolipesa. Reguleeritav pressjala surve.<\/p>\n<p>Kaasas 5 pressjalga + abivahendid + n\u00f5elad + pehme tolmu kate.<\/p>\n<p><strong>\u00d5mblusmasin SINGER HD 500 Classic Black on suurep\u00e4rane kingiidee!<\/strong><\/p>\n<\/div>\n","protected":false},"excerpt":{"rendered":"<p><strong>\u00d5mblusmasin Singer HD 500 Classic Black<\/strong> on uus elegantne mehaaniline \u00f5mblusmasin.<\/p>\n<p>Seda masinat iseloomustab klassikaline stiil ja kindel \u00f5mblustulemus.<\/p>\n<div class=\"description\">\n<p>Singer HD500 \u00f5mblusmasina ajatu disain ja v\u00e4rvid teevad kummarduse armastatud vintage SINGER \u00f5mblusmasina p\u00e4randile, pakkudes samal ajal mugavust, mitmek\u00fclgsust\u00a0 ja t\u00e4iustatud v\u00f5imsust t\u00e4nap\u00e4eva \u00f5mblejale.<\/p>\n<\/div>\n","protected":false},"featured_media":61748,"comment_status":"open","ping_status":"closed","template":"","meta":{"_acf_changed":false,"_et_pb_use_builder":"","_et_pb_old_content":"","_et_gb_content_width":"","inline_featured_image":false},"pwb-brand":[588],"product_brand":[],"product_cat":[134,231,55,152],"product_tag":[679],"class_list":{"0":"post-61747","1":"product","2":"type-product","3":"status-publish","4":"has-post-thumbnail","6":"pwb-brand-singer","7":"product_cat-eripakkumised","8":"product_cat-kingiideed","9":"product_cat-omblusmasinad-ja-tarvikud","10":"product_cat-singer","11":"product_tag-omblusmasin-singer","13":"first","14":"instock","15":"sale","16":"shipping-taxable","17":"purchasable","18":"product-type-simple"},"acf":[],"yoast_head":"<!-- This site is optimized with the Yoast SEO plugin v26.6 - https:\/\/yoast.com\/wordpress\/plugins\/seo\/ -->\n<title>\u00d5mblusmasin Singer HD 500 Classic Black<\/title>\n<meta name=\"description\" content=\"\u00d5mblusmasin Singer HD 500 Classic Black on uus elegantne mehaaniline \u00f5mblusmasin.Seda masinat iseloomustab klassikaline stiil ja kindel\" \/>\n<meta name=\"robots\" content=\"index, follow, max-snippet:-1, max-image-preview:large, max-video-preview:-1\" \/>\n<link rel=\"canonical\" href=\"https:\/\/reginett.ee\/toode\/omblusmasin-singer-hd-500-classic-black-uus\/\" \/>\n<meta property=\"og:locale\" content=\"ru_RU\" \/>\n<meta property=\"og:type\" content=\"article\" \/>\n<meta property=\"og:title\" content=\"\u00d5mblusmasin Singer HD 500 Classic Black\" \/>\n<meta property=\"og:description\" content=\"\u00d5mblusmasin Singer HD 500 Classic Black on uus elegantne mehaaniline \u00f5mblusmasin.Seda masinat iseloomustab klassikaline stiil ja kindel\" \/>\n<meta property=\"og:url\" content=\"https:\/\/reginett.ee\/toode\/omblusmasin-singer-hd-500-classic-black-uus\/\" \/>\n<meta property=\"og:site_name\" content=\"Reginett\" \/>\n<meta property=\"article:modified_time\" content=\"2026-04-07T17:36:19+00:00\" \/>\n<meta property=\"og:image\" content=\"https:\/\/reginett.ee\/wp-content\/uploads\/2024\/11\/c71ea0a0e7297ebd625ca843cbf37613b42522ae_9396f3a6-ba2e-47c6-a428-04e32bc3226c.webp\" \/>\n\t<meta property=\"og:image:width\" content=\"1000\" \/>\n\t<meta property=\"og:image:height\" content=\"1000\" \/>\n\t<meta property=\"og:image:type\" content=\"image\/webp\" \/>\n<meta name=\"twitter:card\" content=\"summary_large_image\" \/>\n<meta name=\"twitter:label1\" content=\"\u041f\u0440\u0438\u043c\u0435\u0440\u043d\u043e\u0435 \u0432\u0440\u0435\u043c\u044f \u0434\u043b\u044f \u0447\u0442\u0435\u043d\u0438\u044f\" \/>\n\t<meta name=\"twitter:data1\" content=\"1 \u043c\u0438\u043d\u0443\u0442\u0430\" \/>\n<script type=\"application\/ld+json\" class=\"yoast-schema-graph\">{\"@context\":\"https:\/\/schema.org\",\"@graph\":[{\"@type\":\"WebPage\",\"@id\":\"https:\/\/reginett.ee\/toode\/omblusmasin-singer-hd-500-classic-black-uus\/\",\"url\":\"https:\/\/reginett.ee\/toode\/omblusmasin-singer-hd-500-classic-black-uus\/\",\"name\":\"\u00d5mblusmasin Singer HD 500 Classic Black\",\"isPartOf\":{\"@id\":\"https:\/\/reginett.ee\/#website\"},\"primaryImageOfPage\":{\"@id\":\"https:\/\/reginett.ee\/toode\/omblusmasin-singer-hd-500-classic-black-uus\/#primaryimage\"},\"image\":{\"@id\":\"https:\/\/reginett.ee\/toode\/omblusmasin-singer-hd-500-classic-black-uus\/#primaryimage\"},\"thumbnailUrl\":\"https:\/\/reginett.ee\/wp-content\/uploads\/2024\/11\/c71ea0a0e7297ebd625ca843cbf37613b42522ae_9396f3a6-ba2e-47c6-a428-04e32bc3226c.webp\",\"datePublished\":\"2025-12-17T10:45:55+00:00\",\"dateModified\":\"2026-04-07T17:36:19+00:00\",\"description\":\"\u00d5mblusmasin Singer HD 500 Classic Black on uus elegantne mehaaniline \u00f5mblusmasin.Seda masinat iseloomustab klassikaline stiil ja kindel\",\"breadcrumb\":{\"@id\":\"https:\/\/reginett.ee\/toode\/omblusmasin-singer-hd-500-classic-black-uus\/#breadcrumb\"},\"inLanguage\":\"ru-RU\",\"potentialAction\":[{\"@type\":\"ReadAction\",\"target\":[\"https:\/\/reginett.ee\/toode\/omblusmasin-singer-hd-500-classic-black-uus\/\"]}]},{\"@type\":\"ImageObject\",\"inLanguage\":\"ru-RU\",\"@id\":\"https:\/\/reginett.ee\/toode\/omblusmasin-singer-hd-500-classic-black-uus\/#primaryimage\",\"url\":\"https:\/\/reginett.ee\/wp-content\/uploads\/2024\/11\/c71ea0a0e7297ebd625ca843cbf37613b42522ae_9396f3a6-ba2e-47c6-a428-04e32bc3226c.webp\",\"contentUrl\":\"https:\/\/reginett.ee\/wp-content\/uploads\/2024\/11\/c71ea0a0e7297ebd625ca843cbf37613b42522ae_9396f3a6-ba2e-47c6-a428-04e32bc3226c.webp\",\"width\":1000,\"height\":1000,\"caption\":\"\u00f5mblusmasin HD500 Classic Black\"},{\"@type\":\"BreadcrumbList\",\"@id\":\"https:\/\/reginett.ee\/toode\/omblusmasin-singer-hd-500-classic-black-uus\/#breadcrumb\",\"itemListElement\":[{\"@type\":\"ListItem\",\"position\":1,\"name\":\"Home\",\"item\":\"https:\/\/reginett.ee\/ru\/\"},{\"@type\":\"ListItem\",\"position\":2,\"name\":\"Tooted\",\"item\":\"https:\/\/reginett.ee\/tooted\/\"},{\"@type\":\"ListItem\",\"position\":3,\"name\":\"\u00d5mblusmasin SINGER HD 500 Classic Black\"}]},{\"@type\":\"WebSite\",\"@id\":\"https:\/\/reginett.ee\/#website\",\"url\":\"https:\/\/reginett.ee\/\",\"name\":\"Reginett\",\"description\":\"Parimad robotniidukid\",\"potentialAction\":[{\"@type\":\"SearchAction\",\"target\":{\"@type\":\"EntryPoint\",\"urlTemplate\":\"https:\/\/reginett.ee\/?s={search_term_string}\"},\"query-input\":{\"@type\":\"PropertyValueSpecification\",\"valueRequired\":true,\"valueName\":\"search_term_string\"}}],\"inLanguage\":\"ru-RU\"}]}<\/script>\n<!-- \/ Yoast SEO plugin. -->","yoast_head_json":{"title":"\u00d5mblusmasin Singer HD 500 Classic Black","description":"\u00d5mblusmasin Singer HD 500 Classic Black on uus elegantne mehaaniline \u00f5mblusmasin.Seda masinat iseloomustab klassikaline stiil ja kindel","robots":{"index":"index","follow":"follow","max-snippet":"max-snippet:-1","max-image-preview":"max-image-preview:large","max-video-preview":"max-video-preview:-1"},"canonical":"https:\/\/reginett.ee\/toode\/omblusmasin-singer-hd-500-classic-black-uus\/","og_locale":"ru_RU","og_type":"article","og_title":"\u00d5mblusmasin Singer HD 500 Classic Black","og_description":"\u00d5mblusmasin Singer HD 500 Classic Black on uus elegantne mehaaniline \u00f5mblusmasin.Seda masinat iseloomustab klassikaline stiil ja kindel","og_url":"https:\/\/reginett.ee\/toode\/omblusmasin-singer-hd-500-classic-black-uus\/","og_site_name":"Reginett","article_modified_time":"2026-04-07T17:36:19+00:00","og_image":[{"width":1000,"height":1000,"url":"https:\/\/reginett.ee\/wp-content\/uploads\/2024\/11\/c71ea0a0e7297ebd625ca843cbf37613b42522ae_9396f3a6-ba2e-47c6-a428-04e32bc3226c.webp","type":"image\/webp"}],"twitter_card":"summary_large_image","twitter_misc":{"\u041f\u0440\u0438\u043c\u0435\u0440\u043d\u043e\u0435 \u0432\u0440\u0435\u043c\u044f \u0434\u043b\u044f \u0447\u0442\u0435\u043d\u0438\u044f":"1 \u043c\u0438\u043d\u0443\u0442\u0430"},"schema":{"@context":"https:\/\/schema.org","@graph":[{"@type":"WebPage","@id":"https:\/\/reginett.ee\/toode\/omblusmasin-singer-hd-500-classic-black-uus\/","url":"https:\/\/reginett.ee\/toode\/omblusmasin-singer-hd-500-classic-black-uus\/","name":"\u00d5mblusmasin Singer HD 500 Classic Black","isPartOf":{"@id":"https:\/\/reginett.ee\/#website"},"primaryImageOfPage":{"@id":"https:\/\/reginett.ee\/toode\/omblusmasin-singer-hd-500-classic-black-uus\/#primaryimage"},"image":{"@id":"https:\/\/reginett.ee\/toode\/omblusmasin-singer-hd-500-classic-black-uus\/#primaryimage"},"thumbnailUrl":"https:\/\/reginett.ee\/wp-content\/uploads\/2024\/11\/c71ea0a0e7297ebd625ca843cbf37613b42522ae_9396f3a6-ba2e-47c6-a428-04e32bc3226c.webp","datePublished":"2025-12-17T10:45:55+00:00","dateModified":"2026-04-07T17:36:19+00:00","description":"\u00d5mblusmasin Singer HD 500 Classic Black on uus elegantne mehaaniline \u00f5mblusmasin.Seda masinat iseloomustab klassikaline stiil ja kindel","breadcrumb":{"@id":"https:\/\/reginett.ee\/toode\/omblusmasin-singer-hd-500-classic-black-uus\/#breadcrumb"},"inLanguage":"ru-RU","potentialAction":[{"@type":"ReadAction","target":["https:\/\/reginett.ee\/toode\/omblusmasin-singer-hd-500-classic-black-uus\/"]}]},{"@type":"ImageObject","inLanguage":"ru-RU","@id":"https:\/\/reginett.ee\/toode\/omblusmasin-singer-hd-500-classic-black-uus\/#primaryimage","url":"https:\/\/reginett.ee\/wp-content\/uploads\/2024\/11\/c71ea0a0e7297ebd625ca843cbf37613b42522ae_9396f3a6-ba2e-47c6-a428-04e32bc3226c.webp","contentUrl":"https:\/\/reginett.ee\/wp-content\/uploads\/2024\/11\/c71ea0a0e7297ebd625ca843cbf37613b42522ae_9396f3a6-ba2e-47c6-a428-04e32bc3226c.webp","width":1000,"height":1000,"caption":"\u00f5mblusmasin HD500 Classic Black"},{"@type":"BreadcrumbList","@id":"https:\/\/reginett.ee\/toode\/omblusmasin-singer-hd-500-classic-black-uus\/#breadcrumb","itemListElement":[{"@type":"ListItem","position":1,"name":"Home","item":"https:\/\/reginett.ee\/ru\/"},{"@type":"ListItem","position":2,"name":"Tooted","item":"https:\/\/reginett.ee\/tooted\/"},{"@type":"ListItem","position":3,"name":"\u00d5mblusmasin SINGER HD 500 Classic Black"}]},{"@type":"WebSite","@id":"https:\/\/reginett.ee\/#website","url":"https:\/\/reginett.ee\/","name":"Reginett","description":"Parimad robotniidukid","potentialAction":[{"@type":"SearchAction","target":{"@type":"EntryPoint","urlTemplate":"https:\/\/reginett.ee\/?s={search_term_string}"},"query-input":{"@type":"PropertyValueSpecification","valueRequired":true,"valueName":"search_term_string"}}],"inLanguage":"ru-RU"}]}},"brands":[{"id":588,"name":"Singer","slug":"singer"}],"_links":{"self":[{"href":"https:\/\/reginett.ee\/ru\/wp-json\/wp\/v2\/product\/61747","targetHints":{"allow":["GET"]}}],"collection":[{"href":"https:\/\/reginett.ee\/ru\/wp-json\/wp\/v2\/product"}],"about":[{"href":"https:\/\/reginett.ee\/ru\/wp-json\/wp\/v2\/types\/product"}],"replies":[{"embeddable":true,"href":"https:\/\/reginett.ee\/ru\/wp-json\/wp\/v2\/comments?post=61747"}],"wp:featuredmedia":[{"embeddable":true,"href":"https:\/\/reginett.ee\/ru\/wp-json\/wp\/v2\/media\/61748"}],"wp:attachment":[{"href":"https:\/\/reginett.ee\/ru\/wp-json\/wp\/v2\/media?parent=61747"}],"wp:term":[{"taxonomy":"pwb-brand","embeddable":true,"href":"https:\/\/reginett.ee\/ru\/wp-json\/wp\/v2\/pwb-brand?post=61747"},{"taxonomy":"product_brand","embeddable":true,"href":"https:\/\/reginett.ee\/ru\/wp-json\/wp\/v2\/product_brand?post=61747"},{"taxonomy":"product_cat","embeddable":true,"href":"https:\/\/reginett.ee\/ru\/wp-json\/wp\/v2\/product_cat?post=61747"},{"taxonomy":"product_tag","embeddable":true,"href":"https:\/\/reginett.ee\/ru\/wp-json\/wp\/v2\/product_tag?post=61747"}],"curies":[{"name":"wp","href":"https:\/\/api.w.org\/{rel}","templated":true}]}}