{"id":61741,"date":"2024-11-04T16:07:46","date_gmt":"2024-11-04T13:07:46","guid":{"rendered":"https:\/\/reginett.ee\/?post_type=product&#038;p=61741"},"modified":"2024-11-04T16:07:46","modified_gmt":"2024-11-04T13:07:46","slug":"kett-kovasulam-oregon-15-325-15","status":"publish","type":"product","link":"https:\/\/reginett.ee\/ru\/toode\/kett-kovasulam-oregon-15-325-15\/","title":{"rendered":"Kett k\u00f5vasulam Oregon 15&#8243; 325 1,5"},"content":{"rendered":"<p>K\u00f5vasulam saekett Oregon on ideaalne komplitseeritud l\u00f5iket\u00f6\u00f6de jaoks abrasiivsetes oludes. Spetsiaalselt m\u00f5eldud tulest kahjustatud metsas t\u00f6\u00f6tamiseks, lammutustel v\u00f5i raudteeliiprite l\u00f5ikamiseks ning muudeks abrasiivseteks t\u00f6\u00f6deks. Samuti ka koduses majapidamises, kui ei soovita teritamisele liigselt aega kulutada.<\/p>\n<p>Kestab teravana tavatingimustes 3 korda kauem kui tavaline kett.<\/p>\n<p>Ekstra kroomisisaldus l\u00f5ikehammastes on erinevus standardketist, ei ole tegemist pobediit ega teemanthambaga ketiga.<\/p>\n<p>Standardketist eristab M t\u00e4ht l\u00f5ikehambal.<\/p>\n","protected":false},"excerpt":{"rendered":"<p>K\u00f5vasulam saekett Oregon on ideaalne komplitseeritud l\u00f5iket\u00f6\u00f6de jaoks abrasiivsetes oludes. Spetsiaalselt m\u00f5eldud tulest kahjustatud metsas t\u00f6\u00f6tamiseks, lammutustel v\u00f5i raudteeliiprite l\u00f5ikamiseks ning muudeks abrasiivseteks t\u00f6\u00f6deks.<\/p>\n","protected":false},"featured_media":61742,"comment_status":"open","ping_status":"closed","template":"","meta":{"_acf_changed":false,"_et_pb_use_builder":"","_et_pb_old_content":"","_et_gb_content_width":"","inline_featured_image":false},"pwb-brand":[580],"product_brand":[],"product_cat":[27],"product_tag":[677,676,678],"class_list":{"0":"post-61741","1":"product","2":"type-product","3":"status-publish","4":"has-post-thumbnail","6":"pwb-brand-oregon","7":"product_cat-tooriistad-ja-tarvikud","8":"product_tag-kett-kovasulam","9":"product_tag-kovasulam","10":"product_tag-oregon","12":"first","13":"instock","14":"sale","15":"shipping-taxable","16":"purchasable","17":"product-type-simple"},"acf":[],"yoast_head":"<!-- This site is optimized with the Yoast SEO plugin v26.6 - https:\/\/yoast.com\/wordpress\/plugins\/seo\/ -->\n<title>Kett k\u00f5vasulam Oregon 15&quot; 325 1,5<\/title>\n<meta name=\"description\" content=\"K\u00f5vasulam saekett Oregon on ideaalne komplitseeritud l\u00f5iket\u00f6\u00f6de jaoks abrasiivsetes oludes. Spetsiaalselt m\u00f5eldud tulest kahjustatud metsas t\u00f6\u00f6tamiseks\" \/>\n<meta name=\"robots\" content=\"index, follow, max-snippet:-1, max-image-preview:large, max-video-preview:-1\" \/>\n<link rel=\"canonical\" href=\"https:\/\/reginett.ee\/toode\/kett-kovasulam-oregon-15-325-15\/\" \/>\n<meta property=\"og:locale\" content=\"ru_RU\" \/>\n<meta property=\"og:type\" content=\"article\" \/>\n<meta property=\"og:title\" content=\"Kett k\u00f5vasulam Oregon 15&quot; 325 1,5\" \/>\n<meta property=\"og:description\" content=\"K\u00f5vasulam saekett Oregon on ideaalne komplitseeritud l\u00f5iket\u00f6\u00f6de jaoks abrasiivsetes oludes. Spetsiaalselt m\u00f5eldud tulest kahjustatud metsas t\u00f6\u00f6tamiseks\" \/>\n<meta property=\"og:url\" content=\"https:\/\/reginett.ee\/toode\/kett-kovasulam-oregon-15-325-15\/\" \/>\n<meta property=\"og:site_name\" content=\"Reginett\" \/>\n<meta property=\"og:image\" content=\"https:\/\/reginett.ee\/wp-content\/uploads\/2024\/11\/Kovasulamkett-Oregon.jpg\" \/>\n\t<meta property=\"og:image:width\" content=\"1024\" \/>\n\t<meta property=\"og:image:height\" content=\"1024\" \/>\n\t<meta property=\"og:image:type\" content=\"image\/jpeg\" \/>\n<meta name=\"twitter:card\" content=\"summary_large_image\" \/>\n<meta name=\"twitter:label1\" content=\"\u041f\u0440\u0438\u043c\u0435\u0440\u043d\u043e\u0435 \u0432\u0440\u0435\u043c\u044f \u0434\u043b\u044f \u0447\u0442\u0435\u043d\u0438\u044f\" \/>\n\t<meta name=\"twitter:data1\" content=\"1 \u043c\u0438\u043d\u0443\u0442\u0430\" \/>\n<script type=\"application\/ld+json\" class=\"yoast-schema-graph\">{\"@context\":\"https:\/\/schema.org\",\"@graph\":[{\"@type\":\"WebPage\",\"@id\":\"https:\/\/reginett.ee\/toode\/kett-kovasulam-oregon-15-325-15\/\",\"url\":\"https:\/\/reginett.ee\/toode\/kett-kovasulam-oregon-15-325-15\/\",\"name\":\"Kett k\u00f5vasulam Oregon 15\\\" 325 1,5\",\"isPartOf\":{\"@id\":\"https:\/\/reginett.ee\/#website\"},\"primaryImageOfPage\":{\"@id\":\"https:\/\/reginett.ee\/toode\/kett-kovasulam-oregon-15-325-15\/#primaryimage\"},\"image\":{\"@id\":\"https:\/\/reginett.ee\/toode\/kett-kovasulam-oregon-15-325-15\/#primaryimage\"},\"thumbnailUrl\":\"https:\/\/reginett.ee\/wp-content\/uploads\/2024\/11\/Kovasulamkett-Oregon.jpg\",\"datePublished\":\"2024-11-04T13:07:46+00:00\",\"description\":\"K\u00f5vasulam saekett Oregon on ideaalne komplitseeritud l\u00f5iket\u00f6\u00f6de jaoks abrasiivsetes oludes. Spetsiaalselt m\u00f5eldud tulest kahjustatud metsas t\u00f6\u00f6tamiseks\",\"breadcrumb\":{\"@id\":\"https:\/\/reginett.ee\/toode\/kett-kovasulam-oregon-15-325-15\/#breadcrumb\"},\"inLanguage\":\"ru-RU\",\"potentialAction\":[{\"@type\":\"ReadAction\",\"target\":[\"https:\/\/reginett.ee\/toode\/kett-kovasulam-oregon-15-325-15\/\"]}]},{\"@type\":\"ImageObject\",\"inLanguage\":\"ru-RU\",\"@id\":\"https:\/\/reginett.ee\/toode\/kett-kovasulam-oregon-15-325-15\/#primaryimage\",\"url\":\"https:\/\/reginett.ee\/wp-content\/uploads\/2024\/11\/Kovasulamkett-Oregon.jpg\",\"contentUrl\":\"https:\/\/reginett.ee\/wp-content\/uploads\/2024\/11\/Kovasulamkett-Oregon.jpg\",\"width\":1024,\"height\":1024,\"caption\":\"Kett k\u00f5vasulam Oregon\"},{\"@type\":\"BreadcrumbList\",\"@id\":\"https:\/\/reginett.ee\/toode\/kett-kovasulam-oregon-15-325-15\/#breadcrumb\",\"itemListElement\":[{\"@type\":\"ListItem\",\"position\":1,\"name\":\"Home\",\"item\":\"https:\/\/reginett.ee\/ru\/\"},{\"@type\":\"ListItem\",\"position\":2,\"name\":\"Tooted\",\"item\":\"https:\/\/reginett.ee\/tooted\/\"},{\"@type\":\"ListItem\",\"position\":3,\"name\":\"Kett k\u00f5vasulam Oregon 15&#8243; 325 1,5\"}]},{\"@type\":\"WebSite\",\"@id\":\"https:\/\/reginett.ee\/#website\",\"url\":\"https:\/\/reginett.ee\/\",\"name\":\"Reginett\",\"description\":\"Parimad robotniidukid\",\"potentialAction\":[{\"@type\":\"SearchAction\",\"target\":{\"@type\":\"EntryPoint\",\"urlTemplate\":\"https:\/\/reginett.ee\/?s={search_term_string}\"},\"query-input\":{\"@type\":\"PropertyValueSpecification\",\"valueRequired\":true,\"valueName\":\"search_term_string\"}}],\"inLanguage\":\"ru-RU\"}]}<\/script>\n<!-- \/ Yoast SEO plugin. -->","yoast_head_json":{"title":"Kett k\u00f5vasulam Oregon 15\" 325 1,5","description":"K\u00f5vasulam saekett Oregon on ideaalne komplitseeritud l\u00f5iket\u00f6\u00f6de jaoks abrasiivsetes oludes. Spetsiaalselt m\u00f5eldud tulest kahjustatud metsas t\u00f6\u00f6tamiseks","robots":{"index":"index","follow":"follow","max-snippet":"max-snippet:-1","max-image-preview":"max-image-preview:large","max-video-preview":"max-video-preview:-1"},"canonical":"https:\/\/reginett.ee\/toode\/kett-kovasulam-oregon-15-325-15\/","og_locale":"ru_RU","og_type":"article","og_title":"Kett k\u00f5vasulam Oregon 15\" 325 1,5","og_description":"K\u00f5vasulam saekett Oregon on ideaalne komplitseeritud l\u00f5iket\u00f6\u00f6de jaoks abrasiivsetes oludes. Spetsiaalselt m\u00f5eldud tulest kahjustatud metsas t\u00f6\u00f6tamiseks","og_url":"https:\/\/reginett.ee\/toode\/kett-kovasulam-oregon-15-325-15\/","og_site_name":"Reginett","og_image":[{"width":1024,"height":1024,"url":"https:\/\/reginett.ee\/wp-content\/uploads\/2024\/11\/Kovasulamkett-Oregon.jpg","type":"image\/jpeg"}],"twitter_card":"summary_large_image","twitter_misc":{"\u041f\u0440\u0438\u043c\u0435\u0440\u043d\u043e\u0435 \u0432\u0440\u0435\u043c\u044f \u0434\u043b\u044f \u0447\u0442\u0435\u043d\u0438\u044f":"1 \u043c\u0438\u043d\u0443\u0442\u0430"},"schema":{"@context":"https:\/\/schema.org","@graph":[{"@type":"WebPage","@id":"https:\/\/reginett.ee\/toode\/kett-kovasulam-oregon-15-325-15\/","url":"https:\/\/reginett.ee\/toode\/kett-kovasulam-oregon-15-325-15\/","name":"Kett k\u00f5vasulam Oregon 15\" 325 1,5","isPartOf":{"@id":"https:\/\/reginett.ee\/#website"},"primaryImageOfPage":{"@id":"https:\/\/reginett.ee\/toode\/kett-kovasulam-oregon-15-325-15\/#primaryimage"},"image":{"@id":"https:\/\/reginett.ee\/toode\/kett-kovasulam-oregon-15-325-15\/#primaryimage"},"thumbnailUrl":"https:\/\/reginett.ee\/wp-content\/uploads\/2024\/11\/Kovasulamkett-Oregon.jpg","datePublished":"2024-11-04T13:07:46+00:00","description":"K\u00f5vasulam saekett Oregon on ideaalne komplitseeritud l\u00f5iket\u00f6\u00f6de jaoks abrasiivsetes oludes. Spetsiaalselt m\u00f5eldud tulest kahjustatud metsas t\u00f6\u00f6tamiseks","breadcrumb":{"@id":"https:\/\/reginett.ee\/toode\/kett-kovasulam-oregon-15-325-15\/#breadcrumb"},"inLanguage":"ru-RU","potentialAction":[{"@type":"ReadAction","target":["https:\/\/reginett.ee\/toode\/kett-kovasulam-oregon-15-325-15\/"]}]},{"@type":"ImageObject","inLanguage":"ru-RU","@id":"https:\/\/reginett.ee\/toode\/kett-kovasulam-oregon-15-325-15\/#primaryimage","url":"https:\/\/reginett.ee\/wp-content\/uploads\/2024\/11\/Kovasulamkett-Oregon.jpg","contentUrl":"https:\/\/reginett.ee\/wp-content\/uploads\/2024\/11\/Kovasulamkett-Oregon.jpg","width":1024,"height":1024,"caption":"Kett k\u00f5vasulam Oregon"},{"@type":"BreadcrumbList","@id":"https:\/\/reginett.ee\/toode\/kett-kovasulam-oregon-15-325-15\/#breadcrumb","itemListElement":[{"@type":"ListItem","position":1,"name":"Home","item":"https:\/\/reginett.ee\/ru\/"},{"@type":"ListItem","position":2,"name":"Tooted","item":"https:\/\/reginett.ee\/tooted\/"},{"@type":"ListItem","position":3,"name":"Kett k\u00f5vasulam Oregon 15&#8243; 325 1,5"}]},{"@type":"WebSite","@id":"https:\/\/reginett.ee\/#website","url":"https:\/\/reginett.ee\/","name":"Reginett","description":"Parimad robotniidukid","potentialAction":[{"@type":"SearchAction","target":{"@type":"EntryPoint","urlTemplate":"https:\/\/reginett.ee\/?s={search_term_string}"},"query-input":{"@type":"PropertyValueSpecification","valueRequired":true,"valueName":"search_term_string"}}],"inLanguage":"ru-RU"}]}},"brands":[{"id":580,"name":"Oregon","slug":"oregon"}],"_links":{"self":[{"href":"https:\/\/reginett.ee\/ru\/wp-json\/wp\/v2\/product\/61741","targetHints":{"allow":["GET"]}}],"collection":[{"href":"https:\/\/reginett.ee\/ru\/wp-json\/wp\/v2\/product"}],"about":[{"href":"https:\/\/reginett.ee\/ru\/wp-json\/wp\/v2\/types\/product"}],"replies":[{"embeddable":true,"href":"https:\/\/reginett.ee\/ru\/wp-json\/wp\/v2\/comments?post=61741"}],"wp:featuredmedia":[{"embeddable":true,"href":"https:\/\/reginett.ee\/ru\/wp-json\/wp\/v2\/media\/61742"}],"wp:attachment":[{"href":"https:\/\/reginett.ee\/ru\/wp-json\/wp\/v2\/media?parent=61741"}],"wp:term":[{"taxonomy":"pwb-brand","embeddable":true,"href":"https:\/\/reginett.ee\/ru\/wp-json\/wp\/v2\/pwb-brand?post=61741"},{"taxonomy":"product_brand","embeddable":true,"href":"https:\/\/reginett.ee\/ru\/wp-json\/wp\/v2\/product_brand?post=61741"},{"taxonomy":"product_cat","embeddable":true,"href":"https:\/\/reginett.ee\/ru\/wp-json\/wp\/v2\/product_cat?post=61741"},{"taxonomy":"product_tag","embeddable":true,"href":"https:\/\/reginett.ee\/ru\/wp-json\/wp\/v2\/product_tag?post=61741"}],"curies":[{"name":"wp","href":"https:\/\/api.w.org\/{rel}","templated":true}]}}