{"id":61691,"date":"2024-10-24T13:42:20","date_gmt":"2024-10-24T10:42:20","guid":{"rendered":"https:\/\/reginett.ee\/?post_type=product&#038;p=61691"},"modified":"2025-09-23T19:27:52","modified_gmt":"2025-09-23T16:27:52","slug":"akulehepuhur-husqvarna-525ib-mark-ii","status":"publish","type":"product","link":"https:\/\/reginett.ee\/ru\/toode\/akulehepuhur-husqvarna-525ib-mark-ii\/","title":{"rendered":"Akulehepuhur Husqvarna 525iB Mark II"},"content":{"rendered":"<p><strong>Husqvarna 525iB Mark II<\/strong> on v\u00f5imas ja \u00fclit\u00f5hus akutoitel puhur. Varustatud harjadeta mootoriga, mis v\u00f5imaldab v\u00e4iksemat energiatarbimist ja seel\u00e4bi pikemat t\u00f6\u00f6aega. Kerge kaaluga, kompaktne ja h\u00e4sti tasakaalustatud disain muudab selle enam kui sobivaks t\u00e4ist\u00f6\u00f6ajaga kasutamiseks. T\u00e4nu madalale m\u00fcratasemele sobib kasutamiseks ka tiheasustusega piirkondades.<\/p>\n<p>Puhurit on lihtsa nupulevajutusega kerge k\u00e4ivitada ning vajadusel lisada ka puhumisv\u00f5imsust. P\u00fcsikiirusehoidja v\u00f5imaldab ergonoomilist t\u00f6\u00f6d<\/p>\n<p><strong>* Aku ja laadija ei kuulu komplekti!<\/strong><\/p>\n<h3 class=\"hui-spacing--sm-mt-4-times-8 qDVd74V+99zfGRPQ6w+YDw==\">Mootoriventilaatori t\u00e4iustatud disain<\/h3>\n<p class=\"hui-spacing--sm-mt-4-times-4 K2PbruRyOKhyQZiENIYSog==\">\u00dclima akuklassi tipptasemel j\u00f5udlus t\u00e4nu t\u00e4iustatud elektrimootori ventilaatori disainile tagab t\u00f5husa puhumisj\u00f5u.<\/p>\n<h3 class=\"hui-spacing--sm-mt-4-times-8 qDVd74V+99zfGRPQ6w+YDw==\">Kestev puhumise v\u00f5imendus<\/h3>\n<p class=\"hui-spacing--sm-mt-4-times-4 K2PbruRyOKhyQZiENIYSog==\">Kestvat puhumisv\u00f5imsust saab h\u00f5lpsasti aktiveerida \u00fche kl\u00f5psuga v\u00f5imendusre\u017eiimi nupul.<\/p>\n<h3 class=\"hui-spacing--sm-mt-4-times-8 qDVd74V+99zfGRPQ6w+YDw==\">P\u00fcsikiiruse hoidja<\/h3>\n<p class=\"hui-spacing--sm-mt-4-times-4 K2PbruRyOKhyQZiENIYSog==\">P\u00fcsikiirusehoidja v\u00f5imaldab seadistada kindla puhumiskiiruse, et see t\u00f6\u00f6taks pidevalt ilma reguleerimiseta.<\/p>\n<h3 class=\"hui-spacing--sm-mt-4-times-8 qDVd74V+99zfGRPQ6w+YDw==\">Ilmastikukindel<\/h3>\n<p class=\"hui-spacing--sm-mt-4-times-4 K2PbruRyOKhyQZiENIYSog==\">T\u00e4nu IPX4 klassifikatsioonile on masinat v\u00f5imalik kasutada aastaringselt, iga ilmaga.<\/p>\n<h3 class=\"hui-spacing--sm-mt-4-times-8 qDVd74V+99zfGRPQ6w+YDw==\">V\u00e4hene hooldusvajadus<\/h3>\n<p class=\"hui-spacing--sm-mt-4-times-4 K2PbruRyOKhyQZiENIYSog==\">K\u00fctust ei ole vaja lisada, hooldatavaid varuosi on v\u00e4hem ning elektrooniliselt juhitav ajamis\u00fcsteem t\u00e4hendab l\u00fchemat seisuaega ja madalamaid k\u00e4ituskulusid.<\/p>\n","protected":false},"excerpt":{"rendered":"<p><strong>Husqvarna 525iB Mark II<\/strong> on v\u00f5imas ja \u00fclit\u00f5hus akutoitel puhur. Varustatud harjadeta mootoriga, mis v\u00f5imaldab v\u00e4iksemat energiatarbimist ja seel\u00e4bi pikemat t\u00f6\u00f6aega. Kerge kaaluga, kompaktne ja h\u00e4sti tasakaalustatud disain muudab selle enam kui sobivaks t\u00e4ist\u00f6\u00f6ajaga kasutamiseks. T\u00e4nu madalale m\u00fcratasemele sobib kasutamiseks ka tiheasustusega piirkondades.<\/p>\n<p>Puhurit on lihtsa nupulevajutusega kerge k\u00e4ivitada ning vajadusel lisada ka puhumisv\u00f5imsust. P\u00fcsikiirusehoidja v\u00f5imaldab ergonoomilist t\u00f6\u00f6d<\/p>\n<p><strong>* Aku ja laadija ei kuulu komplekti!<\/strong><\/p>\n","protected":false},"featured_media":61692,"comment_status":"open","ping_status":"closed","template":"","meta":{"_acf_changed":false,"_et_pb_use_builder":"","_et_pb_old_content":"","_et_gb_content_width":"","inline_featured_image":false},"pwb-brand":[147],"product_brand":[],"product_cat":[48,37,50],"product_tag":[526],"class_list":{"0":"post-61691","1":"product","2":"type-product","3":"status-publish","4":"has-post-thumbnail","6":"pwb-brand-husqvarna","7":"product_cat-akutooted","8":"product_cat-husqvarna","9":"product_cat-lehepuhurid","10":"product_tag-akulehepuhur","12":"first","13":"outofstock","14":"shipping-taxable","15":"purchasable","16":"product-type-simple"},"acf":[],"yoast_head":"<!-- This site is optimized with the Yoast SEO plugin v26.6 - https:\/\/yoast.com\/wordpress\/plugins\/seo\/ -->\n<title>Akulehepuhur Husqvarna 525iB Mark II. Husqvarna akut\u00f6\u00f6riistad<\/title>\n<meta name=\"description\" content=\"Husqvarna 525iB Mark II on v\u00f5imas ja \u00fclit\u00f5hus akutoitel puhur. Varustatud harjadeta mootoriga, mis v\u00f5imaldab v\u00e4iksemat energiatarbimist\" \/>\n<meta name=\"robots\" content=\"index, follow, max-snippet:-1, max-image-preview:large, max-video-preview:-1\" \/>\n<link rel=\"canonical\" href=\"https:\/\/reginett.ee\/toode\/akulehepuhur-husqvarna-525ib-mark-ii\/\" \/>\n<meta property=\"og:locale\" content=\"ru_RU\" \/>\n<meta property=\"og:type\" content=\"article\" \/>\n<meta property=\"og:title\" content=\"Akulehepuhur Husqvarna 525iB Mark II. Husqvarna akut\u00f6\u00f6riistad\" \/>\n<meta property=\"og:description\" content=\"Husqvarna 525iB Mark II on v\u00f5imas ja \u00fclit\u00f5hus akutoitel puhur. Varustatud harjadeta mootoriga, mis v\u00f5imaldab v\u00e4iksemat energiatarbimist\" \/>\n<meta property=\"og:url\" content=\"https:\/\/reginett.ee\/toode\/akulehepuhur-husqvarna-525ib-mark-ii\/\" \/>\n<meta property=\"og:site_name\" content=\"Reginett\" \/>\n<meta property=\"article:modified_time\" content=\"2025-09-23T16:27:52+00:00\" \/>\n<meta property=\"og:image\" content=\"https:\/\/reginett.ee\/wp-content\/uploads\/2024\/10\/Akulehephur-Husqvarna-525iB-Mark-II.webp\" \/>\n\t<meta property=\"og:image:width\" content=\"1245\" \/>\n\t<meta property=\"og:image:height\" content=\"830\" \/>\n\t<meta property=\"og:image:type\" content=\"image\/webp\" \/>\n<meta name=\"twitter:card\" content=\"summary_large_image\" \/>\n<meta name=\"twitter:label1\" content=\"\u041f\u0440\u0438\u043c\u0435\u0440\u043d\u043e\u0435 \u0432\u0440\u0435\u043c\u044f \u0434\u043b\u044f \u0447\u0442\u0435\u043d\u0438\u044f\" \/>\n\t<meta name=\"twitter:data1\" content=\"1 \u043c\u0438\u043d\u0443\u0442\u0430\" \/>\n<script type=\"application\/ld+json\" class=\"yoast-schema-graph\">{\"@context\":\"https:\/\/schema.org\",\"@graph\":[{\"@type\":\"WebPage\",\"@id\":\"https:\/\/reginett.ee\/toode\/akulehepuhur-husqvarna-525ib-mark-ii\/\",\"url\":\"https:\/\/reginett.ee\/toode\/akulehepuhur-husqvarna-525ib-mark-ii\/\",\"name\":\"Akulehepuhur Husqvarna 525iB Mark II. Husqvarna akut\u00f6\u00f6riistad\",\"isPartOf\":{\"@id\":\"https:\/\/reginett.ee\/#website\"},\"primaryImageOfPage\":{\"@id\":\"https:\/\/reginett.ee\/toode\/akulehepuhur-husqvarna-525ib-mark-ii\/#primaryimage\"},\"image\":{\"@id\":\"https:\/\/reginett.ee\/toode\/akulehepuhur-husqvarna-525ib-mark-ii\/#primaryimage\"},\"thumbnailUrl\":\"https:\/\/reginett.ee\/wp-content\/uploads\/2024\/10\/Akulehephur-Husqvarna-525iB-Mark-II.webp\",\"datePublished\":\"2024-10-24T10:42:20+00:00\",\"dateModified\":\"2025-09-23T16:27:52+00:00\",\"description\":\"Husqvarna 525iB Mark II on v\u00f5imas ja \u00fclit\u00f5hus akutoitel puhur. Varustatud harjadeta mootoriga, mis v\u00f5imaldab v\u00e4iksemat energiatarbimist\",\"breadcrumb\":{\"@id\":\"https:\/\/reginett.ee\/toode\/akulehepuhur-husqvarna-525ib-mark-ii\/#breadcrumb\"},\"inLanguage\":\"ru-RU\",\"potentialAction\":[{\"@type\":\"ReadAction\",\"target\":[\"https:\/\/reginett.ee\/toode\/akulehepuhur-husqvarna-525ib-mark-ii\/\"]}]},{\"@type\":\"ImageObject\",\"inLanguage\":\"ru-RU\",\"@id\":\"https:\/\/reginett.ee\/toode\/akulehepuhur-husqvarna-525ib-mark-ii\/#primaryimage\",\"url\":\"https:\/\/reginett.ee\/wp-content\/uploads\/2024\/10\/Akulehephur-Husqvarna-525iB-Mark-II.webp\",\"contentUrl\":\"https:\/\/reginett.ee\/wp-content\/uploads\/2024\/10\/Akulehephur-Husqvarna-525iB-Mark-II.webp\",\"width\":1245,\"height\":830},{\"@type\":\"BreadcrumbList\",\"@id\":\"https:\/\/reginett.ee\/toode\/akulehepuhur-husqvarna-525ib-mark-ii\/#breadcrumb\",\"itemListElement\":[{\"@type\":\"ListItem\",\"position\":1,\"name\":\"Home\",\"item\":\"https:\/\/reginett.ee\/ru\/\"},{\"@type\":\"ListItem\",\"position\":2,\"name\":\"Tooted\",\"item\":\"https:\/\/reginett.ee\/tooted\/\"},{\"@type\":\"ListItem\",\"position\":3,\"name\":\"Akulehepuhur Husqvarna 525iB Mark II\"}]},{\"@type\":\"WebSite\",\"@id\":\"https:\/\/reginett.ee\/#website\",\"url\":\"https:\/\/reginett.ee\/\",\"name\":\"Reginett\",\"description\":\"Parimad robotniidukid\",\"potentialAction\":[{\"@type\":\"SearchAction\",\"target\":{\"@type\":\"EntryPoint\",\"urlTemplate\":\"https:\/\/reginett.ee\/?s={search_term_string}\"},\"query-input\":{\"@type\":\"PropertyValueSpecification\",\"valueRequired\":true,\"valueName\":\"search_term_string\"}}],\"inLanguage\":\"ru-RU\"}]}<\/script>\n<!-- \/ Yoast SEO plugin. -->","yoast_head_json":{"title":"Akulehepuhur Husqvarna 525iB Mark II. Husqvarna akut\u00f6\u00f6riistad","description":"Husqvarna 525iB Mark II on v\u00f5imas ja \u00fclit\u00f5hus akutoitel puhur. Varustatud harjadeta mootoriga, mis v\u00f5imaldab v\u00e4iksemat energiatarbimist","robots":{"index":"index","follow":"follow","max-snippet":"max-snippet:-1","max-image-preview":"max-image-preview:large","max-video-preview":"max-video-preview:-1"},"canonical":"https:\/\/reginett.ee\/toode\/akulehepuhur-husqvarna-525ib-mark-ii\/","og_locale":"ru_RU","og_type":"article","og_title":"Akulehepuhur Husqvarna 525iB Mark II. Husqvarna akut\u00f6\u00f6riistad","og_description":"Husqvarna 525iB Mark II on v\u00f5imas ja \u00fclit\u00f5hus akutoitel puhur. Varustatud harjadeta mootoriga, mis v\u00f5imaldab v\u00e4iksemat energiatarbimist","og_url":"https:\/\/reginett.ee\/toode\/akulehepuhur-husqvarna-525ib-mark-ii\/","og_site_name":"Reginett","article_modified_time":"2025-09-23T16:27:52+00:00","og_image":[{"width":1245,"height":830,"url":"https:\/\/reginett.ee\/wp-content\/uploads\/2024\/10\/Akulehephur-Husqvarna-525iB-Mark-II.webp","type":"image\/webp"}],"twitter_card":"summary_large_image","twitter_misc":{"\u041f\u0440\u0438\u043c\u0435\u0440\u043d\u043e\u0435 \u0432\u0440\u0435\u043c\u044f \u0434\u043b\u044f \u0447\u0442\u0435\u043d\u0438\u044f":"1 \u043c\u0438\u043d\u0443\u0442\u0430"},"schema":{"@context":"https:\/\/schema.org","@graph":[{"@type":"WebPage","@id":"https:\/\/reginett.ee\/toode\/akulehepuhur-husqvarna-525ib-mark-ii\/","url":"https:\/\/reginett.ee\/toode\/akulehepuhur-husqvarna-525ib-mark-ii\/","name":"Akulehepuhur Husqvarna 525iB Mark II. Husqvarna akut\u00f6\u00f6riistad","isPartOf":{"@id":"https:\/\/reginett.ee\/#website"},"primaryImageOfPage":{"@id":"https:\/\/reginett.ee\/toode\/akulehepuhur-husqvarna-525ib-mark-ii\/#primaryimage"},"image":{"@id":"https:\/\/reginett.ee\/toode\/akulehepuhur-husqvarna-525ib-mark-ii\/#primaryimage"},"thumbnailUrl":"https:\/\/reginett.ee\/wp-content\/uploads\/2024\/10\/Akulehephur-Husqvarna-525iB-Mark-II.webp","datePublished":"2024-10-24T10:42:20+00:00","dateModified":"2025-09-23T16:27:52+00:00","description":"Husqvarna 525iB Mark II on v\u00f5imas ja \u00fclit\u00f5hus akutoitel puhur. Varustatud harjadeta mootoriga, mis v\u00f5imaldab v\u00e4iksemat energiatarbimist","breadcrumb":{"@id":"https:\/\/reginett.ee\/toode\/akulehepuhur-husqvarna-525ib-mark-ii\/#breadcrumb"},"inLanguage":"ru-RU","potentialAction":[{"@type":"ReadAction","target":["https:\/\/reginett.ee\/toode\/akulehepuhur-husqvarna-525ib-mark-ii\/"]}]},{"@type":"ImageObject","inLanguage":"ru-RU","@id":"https:\/\/reginett.ee\/toode\/akulehepuhur-husqvarna-525ib-mark-ii\/#primaryimage","url":"https:\/\/reginett.ee\/wp-content\/uploads\/2024\/10\/Akulehephur-Husqvarna-525iB-Mark-II.webp","contentUrl":"https:\/\/reginett.ee\/wp-content\/uploads\/2024\/10\/Akulehephur-Husqvarna-525iB-Mark-II.webp","width":1245,"height":830},{"@type":"BreadcrumbList","@id":"https:\/\/reginett.ee\/toode\/akulehepuhur-husqvarna-525ib-mark-ii\/#breadcrumb","itemListElement":[{"@type":"ListItem","position":1,"name":"Home","item":"https:\/\/reginett.ee\/ru\/"},{"@type":"ListItem","position":2,"name":"Tooted","item":"https:\/\/reginett.ee\/tooted\/"},{"@type":"ListItem","position":3,"name":"Akulehepuhur Husqvarna 525iB Mark II"}]},{"@type":"WebSite","@id":"https:\/\/reginett.ee\/#website","url":"https:\/\/reginett.ee\/","name":"Reginett","description":"Parimad robotniidukid","potentialAction":[{"@type":"SearchAction","target":{"@type":"EntryPoint","urlTemplate":"https:\/\/reginett.ee\/?s={search_term_string}"},"query-input":{"@type":"PropertyValueSpecification","valueRequired":true,"valueName":"search_term_string"}}],"inLanguage":"ru-RU"}]}},"brands":[{"id":147,"name":"Husqvarna","slug":"husqvarna"}],"_links":{"self":[{"href":"https:\/\/reginett.ee\/ru\/wp-json\/wp\/v2\/product\/61691","targetHints":{"allow":["GET"]}}],"collection":[{"href":"https:\/\/reginett.ee\/ru\/wp-json\/wp\/v2\/product"}],"about":[{"href":"https:\/\/reginett.ee\/ru\/wp-json\/wp\/v2\/types\/product"}],"replies":[{"embeddable":true,"href":"https:\/\/reginett.ee\/ru\/wp-json\/wp\/v2\/comments?post=61691"}],"wp:featuredmedia":[{"embeddable":true,"href":"https:\/\/reginett.ee\/ru\/wp-json\/wp\/v2\/media\/61692"}],"wp:attachment":[{"href":"https:\/\/reginett.ee\/ru\/wp-json\/wp\/v2\/media?parent=61691"}],"wp:term":[{"taxonomy":"pwb-brand","embeddable":true,"href":"https:\/\/reginett.ee\/ru\/wp-json\/wp\/v2\/pwb-brand?post=61691"},{"taxonomy":"product_brand","embeddable":true,"href":"https:\/\/reginett.ee\/ru\/wp-json\/wp\/v2\/product_brand?post=61691"},{"taxonomy":"product_cat","embeddable":true,"href":"https:\/\/reginett.ee\/ru\/wp-json\/wp\/v2\/product_cat?post=61691"},{"taxonomy":"product_tag","embeddable":true,"href":"https:\/\/reginett.ee\/ru\/wp-json\/wp\/v2\/product_tag?post=61691"}],"curies":[{"name":"wp","href":"https:\/\/api.w.org\/{rel}","templated":true}]}}