{"id":61683,"date":"2025-10-14T13:12:53","date_gmt":"2025-10-14T10:12:53","guid":{"rendered":"https:\/\/reginett.ee\/?post_type=product&#038;p=61683"},"modified":"2025-12-17T17:03:25","modified_gmt":"2025-12-17T14:03:25","slug":"akulehepuhur-husqvarna-230ib","status":"publish","type":"product","link":"https:\/\/reginett.ee\/ru\/toode\/akulehepuhur-husqvarna-230ib\/","title":{"rendered":"Akulehepuhur Husqvarna 230iB kmpl"},"content":{"rendered":"<p><strong>Akulehepuhur Husqvarna 230iB<\/strong> on uus v\u00f5imas ja h\u00f5lpsasti kasuatav <strong>p\u00fcsikiiruse hoidjaga<\/strong> puhur.<\/p>\n<div class=\"ui-p- ui-jt ui-j8 ui-hy ui-qg\">\n<div class=\"hbd-editorial\">Kogege Husqvarna 230iB puhuriga ideaalset kombinatsiooni v\u00f5imsusest ja mugavusest. T\u00e4nu oma klassi suurimale puhumisj\u00f5ule ja v\u00e4ikesele kaalule liigutab see akupuhur h\u00f5lpsasti lehti ja prahti, olles samal ajal kergesti man\u00f6\u00f6verdatav. Mugav kasutada t\u00e4nu ergonoomilisele ja tasakaalustatud disainile.<\/div>\n<div class=\"hbd-editorial\">Puhur on lihtsasti kohandatav erinevate t\u00f6\u00f6\u00fclesannetega toimetulekuks t\u00e4nu puhumiskiiruse reguleerimise v\u00f5imalusele ja v\u00f5imendusre\u017eiimile, mis annab vajaduse korral lisaj\u00f5udu. Varustatud harjadeta mootoriga, mis tagab parema efektiivsuse, madalama m\u00fcrataseme ja v\u00e4iksema hoolduse vajaduse.<\/div>\n<div><\/div>\n<div><strong>Komplektis aku ja laadija!<\/strong><\/div>\n<div>\n<ul class=\"hui-box hui-spacing--sm-m-4-times-0 hui-spacing--sm-p-4-times-0\">\n<li class=\"hui-box hui-spacing--sm-mt-4-times-2 hui-flexbox--sm-flex-direction-row hui-flexbox--container\">\n<div class=\"hui-box hui-flexbox--sm-align-items-baseline hui-flexbox--sm-flex-shrink-0 hui-flexbox--container mjMo5AKDOFR5-2I8H0XmXA==\"><span class=\"UfdqJK35zahAOgLUGQXGwg== HXkF6Ht849ZCEbj3YF-gqw==\">Aku<\/span><\/div>\n<p><span class=\"hui-spacing--sm-ml-4-times-2 UfdqJK35zahAOgLUGQXGwg== HXkF6Ht849ZCEbj3YF-gqw==\">40-B140, 36V \/ 4,0Ah<\/span><\/li>\n<li class=\"hui-box hui-spacing--sm-mt-4-times-2 hui-flexbox--sm-flex-direction-row hui-flexbox--container\">\n<div class=\"hui-box hui-flexbox--sm-align-items-baseline hui-flexbox--sm-flex-shrink-0 hui-flexbox--container mjMo5AKDOFR5-2I8H0XmXA==\"><span class=\"UfdqJK35zahAOgLUGQXGwg== HXkF6Ht849ZCEbj3YF-gqw==\">Akulaadija<\/span><\/div>\n<p><span class=\"hui-spacing--sm-ml-4-times-2 UfdqJK35zahAOgLUGQXGwg== HXkF6Ht849ZCEbj3YF-gqw==\">40-C80<\/span><\/li>\n<\/ul>\n<\/div>\n<\/div>\n<div><\/div>\n<div>\n<h3 class=\"hui-spacing--sm-mt-4-times-8 qDVd74V+99zfGRPQ6w+YDw==\">Harjadeta mootor<\/h3>\n<p class=\"hui-spacing--sm-mt-4-times-4 K2PbruRyOKhyQZiENIYSog==\">Harjadeta mootor suurema t\u00f5hususe, pikema eluea ja v\u00e4iksema hoolduse tagamiseks v\u00f5rreldes harjadega mootoritega. Kuna harjad puuduvad, on h\u00f5\u00f5rdumine ja energiakadu v\u00e4listatud ning mootor t\u00f6\u00f6tab jahedamalt. See v\u00e4listab ka hooldamise v\u00f5i kulunud harjade v\u00e4ljavahetamise vajaduse ning kasu saad paremast j\u00f5udlusest ja suuremast p\u00f6\u00f6rdemomendist.<\/p>\n<h3 class=\"hui-spacing--sm-mt-4-times-8 qDVd74V+99zfGRPQ6w+YDw==\">Sujuv kiiruse reguleerimine<\/h3>\n<p class=\"hui-spacing--sm-mt-4-times-4 K2PbruRyOKhyQZiENIYSog==\">Sujuv kiiruse reguleerimine vastavalt t\u00f6\u00f6\u00fclesandele.<\/p>\n<h3 class=\"hui-spacing--sm-mt-4-times-8 qDVd74V+99zfGRPQ6w+YDw==\">P\u00fcsikiiruse hoidja<\/h3>\n<p class=\"hui-spacing--sm-mt-4-times-4 K2PbruRyOKhyQZiENIYSog==\">P\u00fcsikiirusehoidja v\u00f5imaldab seadistada kindla puhumiskiiruse, et see t\u00f6\u00f6taks pidevalt ilma reguleerimiseta.<\/p>\n<h3 class=\"hui-spacing--sm-mt-4-times-8 qDVd74V+99zfGRPQ6w+YDw==\">V\u00f5imendus<\/h3>\n<p class=\"hui-spacing--sm-mt-4-times-4 K2PbruRyOKhyQZiENIYSog==\">Kergesti juurdep\u00e4\u00e4setav v\u00f5imendusre\u017eiim \u00fclesannete jaoks, mis n\u00f5uavad maksimaalset puhumiskiirust.<\/p>\n<h3 class=\"hui-spacing--sm-mt-4-times-8 qDVd74V+99zfGRPQ6w+YDw==\">Madal m\u00fcratase<\/h3>\n<p class=\"hui-spacing--sm-mt-4-times-4 K2PbruRyOKhyQZiENIYSog==\">Madal m\u00fcratase tagab meeldiva t\u00f6\u00f6 ja v\u00f5imaldab teha pikemaid t\u00f6\u00f6tunde teisi h\u00e4irimata.<\/p>\n<\/div>\n","protected":false},"excerpt":{"rendered":"<p><strong>Akulehepuhur Husqvarna 230iB<\/strong> on uus v\u00f5imas ja h\u00f5lpsasti kasuatav <strong>p\u00fcsikiiruse hoidjaga<\/strong> puhur.<\/p>\n<div class=\"ui-p- ui-jt ui-j8 ui-hy ui-qg\">\n<div class=\"hbd-editorial\">Kogege Husqvarna 230iB puhuriga ideaalset kombinatsiooni v\u00f5imsusest ja mugavusest. T\u00e4nu oma klassi suurimale puhumisj\u00f5ule ja v\u00e4ikesele kaalule liigutab see akupuhur h\u00f5lpsasti lehti ja prahti, olles samal ajal kergesti man\u00f6\u00f6verdatav. Mugav kasutada t\u00e4nu ergonoomilisele ja tasakaalustatud disainile.<\/div>\n<div class=\"hbd-editorial\">Puhur on lihtsasti kohandatav erinevate t\u00f6\u00f6\u00fclesannetega toimetulekuks t\u00e4nu puhumiskiiruse reguleerimise v\u00f5imalusele ja v\u00f5imendusre\u017eiimile, mis annab vajaduse korral lisaj\u00f5udu. Varustatud harjadeta mootoriga, mis tagab parema efektiivsuse, madalama m\u00fcrataseme ja v\u00e4iksema hoolduse vajaduse.<\/div>\n<div><\/div>\n<div><strong>Komplektis aku ja laadija!<\/strong><\/div>\n<\/div>\n","protected":false},"featured_media":61684,"comment_status":"open","ping_status":"closed","template":"","meta":{"_acf_changed":false,"_et_pb_use_builder":"","_et_pb_old_content":"","_et_gb_content_width":"","inline_featured_image":false},"pwb-brand":[147],"product_brand":[],"product_cat":[48,134,37,50],"product_tag":[142,334,674],"class_list":{"0":"post-61683","1":"product","2":"type-product","3":"status-publish","4":"has-post-thumbnail","6":"pwb-brand-husqvarna","7":"product_cat-akutooted","8":"product_cat-eripakkumised","9":"product_cat-husqvarna","10":"product_cat-lehepuhurid","11":"product_tag-akuga-lehepuhur","12":"product_tag-akupuhur","13":"product_tag-husqvarna-puhur","15":"first","16":"instock","17":"shipping-taxable","18":"purchasable","19":"product-type-simple"},"acf":[],"yoast_head":"<!-- This site is optimized with the Yoast SEO plugin v26.6 - https:\/\/yoast.com\/wordpress\/plugins\/seo\/ -->\n<title>Akulehepuhur Husqvarna 230iB. Husqvarna aku t\u00f6\u00f6riistad.<\/title>\n<meta name=\"description\" content=\"Akulehepuhur Husqvarna 230iB on uus v\u00f5imas ja h\u00f5lpsasti kasuatav p\u00fcsikiiruse hoidjaga puhur.Kogege Husqvarna 230iB puhuriga ideaalset\" \/>\n<meta name=\"robots\" content=\"index, follow, max-snippet:-1, max-image-preview:large, max-video-preview:-1\" \/>\n<link rel=\"canonical\" href=\"https:\/\/reginett.ee\/toode\/akulehepuhur-husqvarna-230ib\/\" \/>\n<meta property=\"og:locale\" content=\"ru_RU\" \/>\n<meta property=\"og:type\" content=\"article\" \/>\n<meta property=\"og:title\" content=\"Akulehepuhur Husqvarna 230iB. Husqvarna aku t\u00f6\u00f6riistad.\" \/>\n<meta property=\"og:description\" content=\"Akulehepuhur Husqvarna 230iB on uus v\u00f5imas ja h\u00f5lpsasti kasuatav p\u00fcsikiiruse hoidjaga puhur.Kogege Husqvarna 230iB puhuriga ideaalset\" \/>\n<meta property=\"og:url\" content=\"https:\/\/reginett.ee\/toode\/akulehepuhur-husqvarna-230ib\/\" \/>\n<meta property=\"og:site_name\" content=\"Reginett\" \/>\n<meta property=\"article:modified_time\" content=\"2025-12-17T14:03:25+00:00\" \/>\n<meta property=\"og:image\" content=\"https:\/\/reginett.ee\/wp-content\/uploads\/2024\/10\/Akupuhur-Husqvarna-230iB.webp\" \/>\n\t<meta property=\"og:image:width\" content=\"680\" \/>\n\t<meta property=\"og:image:height\" content=\"372\" \/>\n\t<meta property=\"og:image:type\" content=\"image\/webp\" \/>\n<meta name=\"twitter:card\" content=\"summary_large_image\" \/>\n<meta name=\"twitter:label1\" content=\"\u041f\u0440\u0438\u043c\u0435\u0440\u043d\u043e\u0435 \u0432\u0440\u0435\u043c\u044f \u0434\u043b\u044f \u0447\u0442\u0435\u043d\u0438\u044f\" \/>\n\t<meta name=\"twitter:data1\" content=\"2 \u043c\u0438\u043d\u0443\u0442\u044b\" \/>\n<script type=\"application\/ld+json\" class=\"yoast-schema-graph\">{\"@context\":\"https:\/\/schema.org\",\"@graph\":[{\"@type\":\"WebPage\",\"@id\":\"https:\/\/reginett.ee\/toode\/akulehepuhur-husqvarna-230ib\/\",\"url\":\"https:\/\/reginett.ee\/toode\/akulehepuhur-husqvarna-230ib\/\",\"name\":\"Akulehepuhur Husqvarna 230iB. Husqvarna aku t\u00f6\u00f6riistad.\",\"isPartOf\":{\"@id\":\"https:\/\/reginett.ee\/#website\"},\"primaryImageOfPage\":{\"@id\":\"https:\/\/reginett.ee\/toode\/akulehepuhur-husqvarna-230ib\/#primaryimage\"},\"image\":{\"@id\":\"https:\/\/reginett.ee\/toode\/akulehepuhur-husqvarna-230ib\/#primaryimage\"},\"thumbnailUrl\":\"https:\/\/reginett.ee\/wp-content\/uploads\/2024\/10\/Akupuhur-Husqvarna-230iB.webp\",\"datePublished\":\"2025-10-14T10:12:53+00:00\",\"dateModified\":\"2025-12-17T14:03:25+00:00\",\"description\":\"Akulehepuhur Husqvarna 230iB on uus v\u00f5imas ja h\u00f5lpsasti kasuatav p\u00fcsikiiruse hoidjaga puhur.Kogege Husqvarna 230iB puhuriga ideaalset\",\"breadcrumb\":{\"@id\":\"https:\/\/reginett.ee\/toode\/akulehepuhur-husqvarna-230ib\/#breadcrumb\"},\"inLanguage\":\"ru-RU\",\"potentialAction\":[{\"@type\":\"ReadAction\",\"target\":[\"https:\/\/reginett.ee\/toode\/akulehepuhur-husqvarna-230ib\/\"]}]},{\"@type\":\"ImageObject\",\"inLanguage\":\"ru-RU\",\"@id\":\"https:\/\/reginett.ee\/toode\/akulehepuhur-husqvarna-230ib\/#primaryimage\",\"url\":\"https:\/\/reginett.ee\/wp-content\/uploads\/2024\/10\/Akupuhur-Husqvarna-230iB.webp\",\"contentUrl\":\"https:\/\/reginett.ee\/wp-content\/uploads\/2024\/10\/Akupuhur-Husqvarna-230iB.webp\",\"width\":680,\"height\":372},{\"@type\":\"BreadcrumbList\",\"@id\":\"https:\/\/reginett.ee\/toode\/akulehepuhur-husqvarna-230ib\/#breadcrumb\",\"itemListElement\":[{\"@type\":\"ListItem\",\"position\":1,\"name\":\"Home\",\"item\":\"https:\/\/reginett.ee\/ru\/\"},{\"@type\":\"ListItem\",\"position\":2,\"name\":\"Tooted\",\"item\":\"https:\/\/reginett.ee\/tooted\/\"},{\"@type\":\"ListItem\",\"position\":3,\"name\":\"Akulehepuhur Husqvarna 230iB kmpl\"}]},{\"@type\":\"WebSite\",\"@id\":\"https:\/\/reginett.ee\/#website\",\"url\":\"https:\/\/reginett.ee\/\",\"name\":\"Reginett\",\"description\":\"Parimad robotniidukid\",\"potentialAction\":[{\"@type\":\"SearchAction\",\"target\":{\"@type\":\"EntryPoint\",\"urlTemplate\":\"https:\/\/reginett.ee\/?s={search_term_string}\"},\"query-input\":{\"@type\":\"PropertyValueSpecification\",\"valueRequired\":true,\"valueName\":\"search_term_string\"}}],\"inLanguage\":\"ru-RU\"}]}<\/script>\n<!-- \/ Yoast SEO plugin. -->","yoast_head_json":{"title":"Akulehepuhur Husqvarna 230iB. Husqvarna aku t\u00f6\u00f6riistad.","description":"Akulehepuhur Husqvarna 230iB on uus v\u00f5imas ja h\u00f5lpsasti kasuatav p\u00fcsikiiruse hoidjaga puhur.Kogege Husqvarna 230iB puhuriga ideaalset","robots":{"index":"index","follow":"follow","max-snippet":"max-snippet:-1","max-image-preview":"max-image-preview:large","max-video-preview":"max-video-preview:-1"},"canonical":"https:\/\/reginett.ee\/toode\/akulehepuhur-husqvarna-230ib\/","og_locale":"ru_RU","og_type":"article","og_title":"Akulehepuhur Husqvarna 230iB. Husqvarna aku t\u00f6\u00f6riistad.","og_description":"Akulehepuhur Husqvarna 230iB on uus v\u00f5imas ja h\u00f5lpsasti kasuatav p\u00fcsikiiruse hoidjaga puhur.Kogege Husqvarna 230iB puhuriga ideaalset","og_url":"https:\/\/reginett.ee\/toode\/akulehepuhur-husqvarna-230ib\/","og_site_name":"Reginett","article_modified_time":"2025-12-17T14:03:25+00:00","og_image":[{"width":680,"height":372,"url":"https:\/\/reginett.ee\/wp-content\/uploads\/2024\/10\/Akupuhur-Husqvarna-230iB.webp","type":"image\/webp"}],"twitter_card":"summary_large_image","twitter_misc":{"\u041f\u0440\u0438\u043c\u0435\u0440\u043d\u043e\u0435 \u0432\u0440\u0435\u043c\u044f \u0434\u043b\u044f \u0447\u0442\u0435\u043d\u0438\u044f":"2 \u043c\u0438\u043d\u0443\u0442\u044b"},"schema":{"@context":"https:\/\/schema.org","@graph":[{"@type":"WebPage","@id":"https:\/\/reginett.ee\/toode\/akulehepuhur-husqvarna-230ib\/","url":"https:\/\/reginett.ee\/toode\/akulehepuhur-husqvarna-230ib\/","name":"Akulehepuhur Husqvarna 230iB. Husqvarna aku t\u00f6\u00f6riistad.","isPartOf":{"@id":"https:\/\/reginett.ee\/#website"},"primaryImageOfPage":{"@id":"https:\/\/reginett.ee\/toode\/akulehepuhur-husqvarna-230ib\/#primaryimage"},"image":{"@id":"https:\/\/reginett.ee\/toode\/akulehepuhur-husqvarna-230ib\/#primaryimage"},"thumbnailUrl":"https:\/\/reginett.ee\/wp-content\/uploads\/2024\/10\/Akupuhur-Husqvarna-230iB.webp","datePublished":"2025-10-14T10:12:53+00:00","dateModified":"2025-12-17T14:03:25+00:00","description":"Akulehepuhur Husqvarna 230iB on uus v\u00f5imas ja h\u00f5lpsasti kasuatav p\u00fcsikiiruse hoidjaga puhur.Kogege Husqvarna 230iB puhuriga ideaalset","breadcrumb":{"@id":"https:\/\/reginett.ee\/toode\/akulehepuhur-husqvarna-230ib\/#breadcrumb"},"inLanguage":"ru-RU","potentialAction":[{"@type":"ReadAction","target":["https:\/\/reginett.ee\/toode\/akulehepuhur-husqvarna-230ib\/"]}]},{"@type":"ImageObject","inLanguage":"ru-RU","@id":"https:\/\/reginett.ee\/toode\/akulehepuhur-husqvarna-230ib\/#primaryimage","url":"https:\/\/reginett.ee\/wp-content\/uploads\/2024\/10\/Akupuhur-Husqvarna-230iB.webp","contentUrl":"https:\/\/reginett.ee\/wp-content\/uploads\/2024\/10\/Akupuhur-Husqvarna-230iB.webp","width":680,"height":372},{"@type":"BreadcrumbList","@id":"https:\/\/reginett.ee\/toode\/akulehepuhur-husqvarna-230ib\/#breadcrumb","itemListElement":[{"@type":"ListItem","position":1,"name":"Home","item":"https:\/\/reginett.ee\/ru\/"},{"@type":"ListItem","position":2,"name":"Tooted","item":"https:\/\/reginett.ee\/tooted\/"},{"@type":"ListItem","position":3,"name":"Akulehepuhur Husqvarna 230iB kmpl"}]},{"@type":"WebSite","@id":"https:\/\/reginett.ee\/#website","url":"https:\/\/reginett.ee\/","name":"Reginett","description":"Parimad robotniidukid","potentialAction":[{"@type":"SearchAction","target":{"@type":"EntryPoint","urlTemplate":"https:\/\/reginett.ee\/?s={search_term_string}"},"query-input":{"@type":"PropertyValueSpecification","valueRequired":true,"valueName":"search_term_string"}}],"inLanguage":"ru-RU"}]}},"brands":[{"id":147,"name":"Husqvarna","slug":"husqvarna"}],"_links":{"self":[{"href":"https:\/\/reginett.ee\/ru\/wp-json\/wp\/v2\/product\/61683","targetHints":{"allow":["GET"]}}],"collection":[{"href":"https:\/\/reginett.ee\/ru\/wp-json\/wp\/v2\/product"}],"about":[{"href":"https:\/\/reginett.ee\/ru\/wp-json\/wp\/v2\/types\/product"}],"replies":[{"embeddable":true,"href":"https:\/\/reginett.ee\/ru\/wp-json\/wp\/v2\/comments?post=61683"}],"wp:featuredmedia":[{"embeddable":true,"href":"https:\/\/reginett.ee\/ru\/wp-json\/wp\/v2\/media\/61684"}],"wp:attachment":[{"href":"https:\/\/reginett.ee\/ru\/wp-json\/wp\/v2\/media?parent=61683"}],"wp:term":[{"taxonomy":"pwb-brand","embeddable":true,"href":"https:\/\/reginett.ee\/ru\/wp-json\/wp\/v2\/pwb-brand?post=61683"},{"taxonomy":"product_brand","embeddable":true,"href":"https:\/\/reginett.ee\/ru\/wp-json\/wp\/v2\/product_brand?post=61683"},{"taxonomy":"product_cat","embeddable":true,"href":"https:\/\/reginett.ee\/ru\/wp-json\/wp\/v2\/product_cat?post=61683"},{"taxonomy":"product_tag","embeddable":true,"href":"https:\/\/reginett.ee\/ru\/wp-json\/wp\/v2\/product_tag?post=61683"}],"curies":[{"name":"wp","href":"https:\/\/api.w.org\/{rel}","templated":true}]}}