{"id":61666,"date":"2024-10-24T09:33:07","date_gmt":"2024-10-24T06:33:07","guid":{"rendered":"https:\/\/reginett.ee\/?post_type=product&#038;p=61666"},"modified":"2025-09-15T13:48:23","modified_gmt":"2025-09-15T10:48:23","slug":"murutraktor-solo-by-al-ko-t22-110-0-hdh-a-v2-premium-pro","status":"publish","type":"product","link":"https:\/\/reginett.ee\/ru\/toode\/murutraktor-solo-by-al-ko-t22-110-0-hdh-a-v2-premium-pro\/","title":{"rendered":"Murutraktor SOLO by AL-KO T22-110.0 HDH-A V2 Premium PRO"},"content":{"rendered":"<p><strong>Murutraktor SOLO by AL-KO T22-110.0 HDH-A V2 Premium PRO<\/strong> on v\u00e4ga v\u00f5imekas traktor, mis sobib ka k\u00f5rge, \u00fclekasvanud rohu niitmiseks. Masin on l\u00e4binud disainiuuenduse!<\/p>\n<p>Uuenduslik v\u00e4limus muudab traktori peaaegu autolaadseks t\u00e4nu uutele p\u00e4evas\u00f5idutuledele LED-ribade n\u00e4ol. Kvaliteet ja vastupidavus on selle toote puhul tagatud p\u00f5him\u00f5tete \u201cdisainitud Saksamaal\u201d ja \u201cvalmistatud Austrias\u201d t\u00f5ttu.<\/p>\n<p><strong>SOLO by AL-KO<\/strong> k\u00f5rge rohu traktor sobib eriti h\u00e4sti kinnistutele, mida ei niideta regulaarselt. K\u00f5rge rohu niiduseade suudab hakkama saada peaaegu igasuguse rohuga ja on eriti vastupidav ka raskel maastikul t\u00e4nu 5 mm j\u00e4ikadele teradele. Tagumised p\u00f5llumajandusrehvid tagavad parema liikumise raskel maastikul.<\/p>\n<p>V\u00e4ldi soovimatult liiga k\u00f5rget v\u00f5i liiga madalat niitmist meie uue innovaatilise niiduk\u00f5rguse m\u00e4lufunktsiooniga. Lihtne seadistada ja selgelt loetav niiduk\u00f5rgus. Meie esmaklassiline iste pakub maksimaalset istumismugavust ja seda saab reguleerida vastavalt sinu vajadustele. N\u00fc\u00fcd uue atraktiivse kaitserauaga. Saavuta maksimaalne ergonoomika intuitiivselt paigutatud pedaalidega ja jalgade h\u00fcdropumba \u00fclekandega, samuti s\u00fcgava l\u00e4bisammuga, mis pakub palju jalaruumi.<\/p>\n<p>T\u00e4nu 110 cm laiale kolmeteralisele niiduseadmele ja eriti k\u00f5rgele kiirusele saab efektiivselt niita ka suuri aedu kuni 9000 m\u00b2. Talvel saab niiduseadme h\u00f5lpsasti hoolduseks eemaldada v\u00f5i traktorit kasutada lumekoristusmasinana. 23-tollised Ackenstollen rehvid tagavad hea liikumise igal maastikul ja igal pinnal. Niiduk\u00f5rgust saab lihtsalt reguleerida 7 astmes vahemikus 30 mm kuni 90 mm.<\/p>\n<p><strong>T 22-110.4 HDH-A V2<\/strong> murutraktorit k\u00e4itab 13,4 kW AL-KO Pro 700 2-silindriline mootor. Saadaval on lai valik tarvikuid, n\u00e4iteks p\u00fcsikiirusehoidja ja nutikas kokpit. Samuti haagisek\u00e4rud, v\u00e4etisek\u00fclvikud, lumesahad ja mururullid.<\/p>\n<p>&nbsp;<\/p>\n<p>&nbsp;<\/p>\n","protected":false},"excerpt":{"rendered":"<p><strong>Murutraktor SOLO by AL-KO T22-110.0 HDH-A V2 Premium PRO<\/strong> on v\u00e4ga v\u00f5imekas traktor, mis sobib ka k\u00f5rge, \u00fclekasvanud rohu niitmiseks. Masin on l\u00e4binud disainiuuenduse!<\/p>\n","protected":false},"featured_media":61667,"comment_status":"open","ping_status":"closed","template":"","meta":{"_acf_changed":false,"_et_pb_use_builder":"","_et_pb_old_content":"","_et_gb_content_width":"","inline_featured_image":false},"pwb-brand":[254],"product_brand":[],"product_cat":[134,26],"product_tag":[282,672,673],"class_list":{"0":"post-61666","1":"product","2":"type-product","3":"status-publish","4":"has-post-thumbnail","6":"pwb-brand-al-ko","7":"product_cat-eripakkumised","8":"product_cat-murutraktorid","9":"product_tag-korge-heina-niiduk","10":"product_tag-korgeheina","11":"product_tag-traktor-al-ko","12":"product_shipping_class-rasked-asjad","14":"first","15":"instock","16":"sale","17":"shipping-taxable","18":"purchasable","19":"product-type-simple"},"acf":[],"yoast_head":"<!-- This site is optimized with the Yoast SEO plugin v26.6 - https:\/\/yoast.com\/wordpress\/plugins\/seo\/ -->\n<title>Murutraktor SOLO by AL-KO T22-110.0 HDH-A V2 Premium PRO<\/title>\n<meta name=\"description\" content=\"Murutraktor SOLO by AL-KO T22-110.0 HDH-A V2 Premium PRO on v\u00e4ga v\u00f5imekas traktor, mis sobib ka k\u00f5rge, \u00fclekasvanud rohu niitmiseks.\" \/>\n<meta name=\"robots\" content=\"index, follow, max-snippet:-1, max-image-preview:large, max-video-preview:-1\" \/>\n<link rel=\"canonical\" href=\"https:\/\/reginett.ee\/toode\/murutraktor-solo-by-al-ko-t22-110-0-hdh-a-v2-premium-pro\/\" \/>\n<meta property=\"og:locale\" content=\"ru_RU\" \/>\n<meta property=\"og:type\" content=\"article\" \/>\n<meta property=\"og:title\" content=\"Murutraktor SOLO by AL-KO T22-110.0 HDH-A V2 Premium PRO\" \/>\n<meta property=\"og:description\" content=\"Murutraktor SOLO by AL-KO T22-110.0 HDH-A V2 Premium PRO on v\u00e4ga v\u00f5imekas traktor, mis sobib ka k\u00f5rge, \u00fclekasvanud rohu niitmiseks.\" \/>\n<meta property=\"og:url\" content=\"https:\/\/reginett.ee\/toode\/murutraktor-solo-by-al-ko-t22-110-0-hdh-a-v2-premium-pro\/\" \/>\n<meta property=\"og:site_name\" content=\"Reginett\" \/>\n<meta property=\"article:modified_time\" content=\"2025-09-15T10:48:23+00:00\" \/>\n<meta property=\"og:image\" content=\"https:\/\/reginett.ee\/wp-content\/uploads\/2024\/10\/127709-traktor-AL-KO-T22-110-korgeheina.webp\" \/>\n\t<meta property=\"og:image:width\" content=\"700\" \/>\n\t<meta property=\"og:image:height\" content=\"700\" \/>\n\t<meta property=\"og:image:type\" content=\"image\/webp\" \/>\n<meta name=\"twitter:card\" content=\"summary_large_image\" \/>\n<meta name=\"twitter:label1\" content=\"\u041f\u0440\u0438\u043c\u0435\u0440\u043d\u043e\u0435 \u0432\u0440\u0435\u043c\u044f \u0434\u043b\u044f \u0447\u0442\u0435\u043d\u0438\u044f\" \/>\n\t<meta name=\"twitter:data1\" content=\"2 \u043c\u0438\u043d\u0443\u0442\u044b\" \/>\n<script type=\"application\/ld+json\" class=\"yoast-schema-graph\">{\"@context\":\"https:\/\/schema.org\",\"@graph\":[{\"@type\":\"WebPage\",\"@id\":\"https:\/\/reginett.ee\/toode\/murutraktor-solo-by-al-ko-t22-110-0-hdh-a-v2-premium-pro\/\",\"url\":\"https:\/\/reginett.ee\/toode\/murutraktor-solo-by-al-ko-t22-110-0-hdh-a-v2-premium-pro\/\",\"name\":\"Murutraktor SOLO by AL-KO T22-110.0 HDH-A V2 Premium PRO\",\"isPartOf\":{\"@id\":\"https:\/\/reginett.ee\/#website\"},\"primaryImageOfPage\":{\"@id\":\"https:\/\/reginett.ee\/toode\/murutraktor-solo-by-al-ko-t22-110-0-hdh-a-v2-premium-pro\/#primaryimage\"},\"image\":{\"@id\":\"https:\/\/reginett.ee\/toode\/murutraktor-solo-by-al-ko-t22-110-0-hdh-a-v2-premium-pro\/#primaryimage\"},\"thumbnailUrl\":\"https:\/\/reginett.ee\/wp-content\/uploads\/2024\/10\/127709-traktor-AL-KO-T22-110-korgeheina.webp\",\"datePublished\":\"2024-10-24T06:33:07+00:00\",\"dateModified\":\"2025-09-15T10:48:23+00:00\",\"description\":\"Murutraktor SOLO by AL-KO T22-110.0 HDH-A V2 Premium PRO on v\u00e4ga v\u00f5imekas traktor, mis sobib ka k\u00f5rge, \u00fclekasvanud rohu niitmiseks.\",\"breadcrumb\":{\"@id\":\"https:\/\/reginett.ee\/toode\/murutraktor-solo-by-al-ko-t22-110-0-hdh-a-v2-premium-pro\/#breadcrumb\"},\"inLanguage\":\"ru-RU\",\"potentialAction\":[{\"@type\":\"ReadAction\",\"target\":[\"https:\/\/reginett.ee\/toode\/murutraktor-solo-by-al-ko-t22-110-0-hdh-a-v2-premium-pro\/\"]}]},{\"@type\":\"ImageObject\",\"inLanguage\":\"ru-RU\",\"@id\":\"https:\/\/reginett.ee\/toode\/murutraktor-solo-by-al-ko-t22-110-0-hdh-a-v2-premium-pro\/#primaryimage\",\"url\":\"https:\/\/reginett.ee\/wp-content\/uploads\/2024\/10\/127709-traktor-AL-KO-T22-110-korgeheina.webp\",\"contentUrl\":\"https:\/\/reginett.ee\/wp-content\/uploads\/2024\/10\/127709-traktor-AL-KO-T22-110-korgeheina.webp\",\"width\":700,\"height\":700,\"caption\":\"traktor AL-Ko T22-110\"},{\"@type\":\"BreadcrumbList\",\"@id\":\"https:\/\/reginett.ee\/toode\/murutraktor-solo-by-al-ko-t22-110-0-hdh-a-v2-premium-pro\/#breadcrumb\",\"itemListElement\":[{\"@type\":\"ListItem\",\"position\":1,\"name\":\"Home\",\"item\":\"https:\/\/reginett.ee\/ru\/\"},{\"@type\":\"ListItem\",\"position\":2,\"name\":\"Tooted\",\"item\":\"https:\/\/reginett.ee\/tooted\/\"},{\"@type\":\"ListItem\",\"position\":3,\"name\":\"Murutraktor SOLO by AL-KO T22-110.0 HDH-A V2 Premium PRO\"}]},{\"@type\":\"WebSite\",\"@id\":\"https:\/\/reginett.ee\/#website\",\"url\":\"https:\/\/reginett.ee\/\",\"name\":\"Reginett\",\"description\":\"Parimad robotniidukid\",\"potentialAction\":[{\"@type\":\"SearchAction\",\"target\":{\"@type\":\"EntryPoint\",\"urlTemplate\":\"https:\/\/reginett.ee\/?s={search_term_string}\"},\"query-input\":{\"@type\":\"PropertyValueSpecification\",\"valueRequired\":true,\"valueName\":\"search_term_string\"}}],\"inLanguage\":\"ru-RU\"}]}<\/script>\n<!-- \/ Yoast SEO plugin. -->","yoast_head_json":{"title":"Murutraktor SOLO by AL-KO T22-110.0 HDH-A V2 Premium PRO","description":"Murutraktor SOLO by AL-KO T22-110.0 HDH-A V2 Premium PRO on v\u00e4ga v\u00f5imekas traktor, mis sobib ka k\u00f5rge, \u00fclekasvanud rohu niitmiseks.","robots":{"index":"index","follow":"follow","max-snippet":"max-snippet:-1","max-image-preview":"max-image-preview:large","max-video-preview":"max-video-preview:-1"},"canonical":"https:\/\/reginett.ee\/toode\/murutraktor-solo-by-al-ko-t22-110-0-hdh-a-v2-premium-pro\/","og_locale":"ru_RU","og_type":"article","og_title":"Murutraktor SOLO by AL-KO T22-110.0 HDH-A V2 Premium PRO","og_description":"Murutraktor SOLO by AL-KO T22-110.0 HDH-A V2 Premium PRO on v\u00e4ga v\u00f5imekas traktor, mis sobib ka k\u00f5rge, \u00fclekasvanud rohu niitmiseks.","og_url":"https:\/\/reginett.ee\/toode\/murutraktor-solo-by-al-ko-t22-110-0-hdh-a-v2-premium-pro\/","og_site_name":"Reginett","article_modified_time":"2025-09-15T10:48:23+00:00","og_image":[{"width":700,"height":700,"url":"https:\/\/reginett.ee\/wp-content\/uploads\/2024\/10\/127709-traktor-AL-KO-T22-110-korgeheina.webp","type":"image\/webp"}],"twitter_card":"summary_large_image","twitter_misc":{"\u041f\u0440\u0438\u043c\u0435\u0440\u043d\u043e\u0435 \u0432\u0440\u0435\u043c\u044f \u0434\u043b\u044f \u0447\u0442\u0435\u043d\u0438\u044f":"2 \u043c\u0438\u043d\u0443\u0442\u044b"},"schema":{"@context":"https:\/\/schema.org","@graph":[{"@type":"WebPage","@id":"https:\/\/reginett.ee\/toode\/murutraktor-solo-by-al-ko-t22-110-0-hdh-a-v2-premium-pro\/","url":"https:\/\/reginett.ee\/toode\/murutraktor-solo-by-al-ko-t22-110-0-hdh-a-v2-premium-pro\/","name":"Murutraktor SOLO by AL-KO T22-110.0 HDH-A V2 Premium PRO","isPartOf":{"@id":"https:\/\/reginett.ee\/#website"},"primaryImageOfPage":{"@id":"https:\/\/reginett.ee\/toode\/murutraktor-solo-by-al-ko-t22-110-0-hdh-a-v2-premium-pro\/#primaryimage"},"image":{"@id":"https:\/\/reginett.ee\/toode\/murutraktor-solo-by-al-ko-t22-110-0-hdh-a-v2-premium-pro\/#primaryimage"},"thumbnailUrl":"https:\/\/reginett.ee\/wp-content\/uploads\/2024\/10\/127709-traktor-AL-KO-T22-110-korgeheina.webp","datePublished":"2024-10-24T06:33:07+00:00","dateModified":"2025-09-15T10:48:23+00:00","description":"Murutraktor SOLO by AL-KO T22-110.0 HDH-A V2 Premium PRO on v\u00e4ga v\u00f5imekas traktor, mis sobib ka k\u00f5rge, \u00fclekasvanud rohu niitmiseks.","breadcrumb":{"@id":"https:\/\/reginett.ee\/toode\/murutraktor-solo-by-al-ko-t22-110-0-hdh-a-v2-premium-pro\/#breadcrumb"},"inLanguage":"ru-RU","potentialAction":[{"@type":"ReadAction","target":["https:\/\/reginett.ee\/toode\/murutraktor-solo-by-al-ko-t22-110-0-hdh-a-v2-premium-pro\/"]}]},{"@type":"ImageObject","inLanguage":"ru-RU","@id":"https:\/\/reginett.ee\/toode\/murutraktor-solo-by-al-ko-t22-110-0-hdh-a-v2-premium-pro\/#primaryimage","url":"https:\/\/reginett.ee\/wp-content\/uploads\/2024\/10\/127709-traktor-AL-KO-T22-110-korgeheina.webp","contentUrl":"https:\/\/reginett.ee\/wp-content\/uploads\/2024\/10\/127709-traktor-AL-KO-T22-110-korgeheina.webp","width":700,"height":700,"caption":"traktor AL-Ko T22-110"},{"@type":"BreadcrumbList","@id":"https:\/\/reginett.ee\/toode\/murutraktor-solo-by-al-ko-t22-110-0-hdh-a-v2-premium-pro\/#breadcrumb","itemListElement":[{"@type":"ListItem","position":1,"name":"Home","item":"https:\/\/reginett.ee\/ru\/"},{"@type":"ListItem","position":2,"name":"Tooted","item":"https:\/\/reginett.ee\/tooted\/"},{"@type":"ListItem","position":3,"name":"Murutraktor SOLO by AL-KO T22-110.0 HDH-A V2 Premium PRO"}]},{"@type":"WebSite","@id":"https:\/\/reginett.ee\/#website","url":"https:\/\/reginett.ee\/","name":"Reginett","description":"Parimad robotniidukid","potentialAction":[{"@type":"SearchAction","target":{"@type":"EntryPoint","urlTemplate":"https:\/\/reginett.ee\/?s={search_term_string}"},"query-input":{"@type":"PropertyValueSpecification","valueRequired":true,"valueName":"search_term_string"}}],"inLanguage":"ru-RU"}]}},"brands":[{"id":254,"name":"AL-KO","slug":"al-ko"}],"_links":{"self":[{"href":"https:\/\/reginett.ee\/ru\/wp-json\/wp\/v2\/product\/61666","targetHints":{"allow":["GET"]}}],"collection":[{"href":"https:\/\/reginett.ee\/ru\/wp-json\/wp\/v2\/product"}],"about":[{"href":"https:\/\/reginett.ee\/ru\/wp-json\/wp\/v2\/types\/product"}],"replies":[{"embeddable":true,"href":"https:\/\/reginett.ee\/ru\/wp-json\/wp\/v2\/comments?post=61666"}],"wp:featuredmedia":[{"embeddable":true,"href":"https:\/\/reginett.ee\/ru\/wp-json\/wp\/v2\/media\/61667"}],"wp:attachment":[{"href":"https:\/\/reginett.ee\/ru\/wp-json\/wp\/v2\/media?parent=61666"}],"wp:term":[{"taxonomy":"pwb-brand","embeddable":true,"href":"https:\/\/reginett.ee\/ru\/wp-json\/wp\/v2\/pwb-brand?post=61666"},{"taxonomy":"product_brand","embeddable":true,"href":"https:\/\/reginett.ee\/ru\/wp-json\/wp\/v2\/product_brand?post=61666"},{"taxonomy":"product_cat","embeddable":true,"href":"https:\/\/reginett.ee\/ru\/wp-json\/wp\/v2\/product_cat?post=61666"},{"taxonomy":"product_tag","embeddable":true,"href":"https:\/\/reginett.ee\/ru\/wp-json\/wp\/v2\/product_tag?post=61666"}],"curies":[{"name":"wp","href":"https:\/\/api.w.org\/{rel}","templated":true}]}}