{"id":61646,"date":"2025-04-13T13:38:30","date_gmt":"2025-04-13T10:38:30","guid":{"rendered":"https:\/\/reginett.ee\/?post_type=product&#038;p=61646"},"modified":"2026-01-09T12:01:39","modified_gmt":"2026-01-09T09:01:39","slug":"akuga-kettsaag-husqvarna-435i","status":"publish","type":"product","link":"https:\/\/reginett.ee\/ru\/toode\/akuga-kettsaag-husqvarna-435i\/","title":{"rendered":"Akuga kettsaag Husqvarna 435i"},"content":{"rendered":"<p><strong>Husqvarna 435i<\/strong> on akutoitega kettsaag, millel on t\u00e4nu optimeeritud p\u00f6\u00f6rdemomendile, suurele ketikiirusele ja vastupidavale harjadeta mootorile esmaklassiline l\u00f5ikej\u00f5udlus. Selle tulemuseks on mitmek\u00fclgne kettsaag suurmaa omanikule kergemate t\u00f6\u00f6de tegemiseks, nagu v\u00e4iksemate puude langetamine, j\u00e4rkamine, laasimine v\u00f5i okste l\u00f5ikamine. T\u00e4nu IPX4-klassifikatsioonile on elektroonika ilmastikukindel, nii et saate t\u00f6\u00f6d teha aastaringselt, isegi kui sajab vihma.<\/p>\n<p>Kasutajas\u00f5bralik juhtpaneel v\u00f5imaldab teil kiiresti kontrollida aku olekut ja veateateid ning k\u00e4ivitada ja peatada saag vaid \u00fche nupuvajutusega. Aku l\u00e4bi korpuse konstruktsioon v\u00f5imaldab akut h\u00f5lpsasti eemaldada, kui seda on vaja laadida, ning v\u00e4hendab puidulaastude ja tolmu kogunemise ohtu akupessa. Samuti on Husqvarna 435i sael olemas savE\u2122-re\u017eiim, mis tagab maksimaalse t\u00f6\u00f6aja ja on ideaalne t\u00f6\u00f6\u00fclesannete jaoks, mis ei n\u00f5ua t\u00e4isv\u00f5imsust. 36V aku on kasutatav mitmete teiste Husqvarna aiat\u00f6\u00f6riistade puhul.<\/p>\n<p>14&#8243; 0.325&#8243; mini, Standard, SP21G<\/p>\n<p>*Aku ja laadija ei kuulu komplekti!<\/p>\n<h3 class=\"hui-spacing--sm-mt-4-times-8 qDVd74V+99zfGRPQ6w+YDw==\">Automaatne v\u00e4ljal\u00fclitus<\/h3>\n<p class=\"hui-spacing--sm-mt-4-times-4 K2PbruRyOKhyQZiENIYSog==\">Toode l\u00fclitub automaatselt v\u00e4lja, kui see j\u00e4relevalveta j\u00e4etakse, pikendades aku t\u00f6\u00f6iga ja v\u00e4hendades vigastuste ohtu.<\/p>\n<h3 class=\"hui-spacing--sm-mt-4-times-8 qDVd74V+99zfGRPQ6w+YDw==\">Harjadeta mootor<\/h3>\n<p class=\"hui-spacing--sm-mt-4-times-4 K2PbruRyOKhyQZiENIYSog==\">Harjadeta mootor suurema t\u00f5hususe, pikema eluea ja v\u00e4iksema hoolduse tagamiseks v\u00f5rreldes harjadega mootoritega. Kuna harjad puuduvad, on h\u00f5\u00f5rdumine ja energiakadu v\u00e4listatud ning mootor t\u00f6\u00f6tab jahedamalt. See v\u00e4listab ka hooldamise v\u00f5i kulunud harjade v\u00e4ljavahetamise vajaduse ning kasu saad paremast j\u00f5udlusest ja suuremast p\u00f6\u00f6rdemomendist.<\/p>\n<h3 class=\"hui-spacing--sm-mt-4-times-8 qDVd74V+99zfGRPQ6w+YDw==\">Inertsiga rakenduv ketipidur<\/h3>\n<p class=\"hui-spacing--sm-mt-4-times-4 K2PbruRyOKhyQZiENIYSog==\">Tagasil\u00f6\u00f6gi korral peatab t\u00f5hus inertsist aktiveeritav ketipidur keti koheselt vigastuste ohu v\u00e4hendamiseks.<\/p>\n<p>&nbsp;<\/p>\n","protected":false},"excerpt":{"rendered":"<p><strong>Husqvarna 435i<\/strong> on akutoitega kettsaag, millel on t\u00e4nu optimeeritud p\u00f6\u00f6rdemomendile, suurele ketikiirusele ja vastupidavale harjadeta mootorile esmaklassiline l\u00f5ikej\u00f5udlus. Selle tulemuseks on mitmek\u00fclgne kettsaag suurmaa omanikule kergemate t\u00f6\u00f6de tegemiseks, nagu v\u00e4iksemate puude langetamine, j\u00e4rkamine, laasimine v\u00f5i okste l\u00f5ikamine. T\u00e4nu IPX4-klassifikatsioonile on elektroonika ilmastikukindel, nii et saate t\u00f6\u00f6d teha aastaringselt, isegi kui sajab vihma.<\/p>\n","protected":false},"featured_media":61647,"comment_status":"open","ping_status":"closed","template":"","meta":{"_acf_changed":false,"_et_pb_use_builder":"","_et_pb_old_content":"","_et_gb_content_width":"","inline_featured_image":false},"pwb-brand":[147],"product_brand":[],"product_cat":[48,37,42],"product_tag":[70,670,69],"class_list":{"0":"post-61646","1":"product","2":"type-product","3":"status-publish","4":"has-post-thumbnail","6":"pwb-brand-husqvarna","7":"product_cat-akutooted","8":"product_cat-husqvarna","9":"product_cat-kettsaed","10":"product_tag-akuga-saag","11":"product_tag-akukettsaag","12":"product_tag-akusaag","14":"first","15":"instock","16":"shipping-taxable","17":"purchasable","18":"product-type-simple"},"acf":[],"yoast_head":"<!-- This site is optimized with the Yoast SEO plugin v26.6 - https:\/\/yoast.com\/wordpress\/plugins\/seo\/ -->\n<title>Akuga kettsaag Husqvarna 435i<\/title>\n<meta name=\"description\" content=\"Husqvarna 435i on akutoitega kettsaag, millel on t\u00e4nu optimeeritud p\u00f6\u00f6rdemomendile, suurele ketikiirusele ja vastupidavale harjadeta mootor.\" \/>\n<meta name=\"robots\" content=\"index, follow, max-snippet:-1, max-image-preview:large, max-video-preview:-1\" \/>\n<link rel=\"canonical\" href=\"https:\/\/reginett.ee\/toode\/akuga-kettsaag-husqvarna-435i\/\" \/>\n<meta property=\"og:locale\" content=\"ru_RU\" \/>\n<meta property=\"og:type\" content=\"article\" \/>\n<meta property=\"og:title\" content=\"Akuga kettsaag Husqvarna 435i\" \/>\n<meta property=\"og:description\" content=\"Husqvarna 435i on akutoitega kettsaag, millel on t\u00e4nu optimeeritud p\u00f6\u00f6rdemomendile, suurele ketikiirusele ja vastupidavale harjadeta mootor.\" \/>\n<meta property=\"og:url\" content=\"https:\/\/reginett.ee\/toode\/akuga-kettsaag-husqvarna-435i\/\" \/>\n<meta property=\"og:site_name\" content=\"Reginett\" \/>\n<meta property=\"article:modified_time\" content=\"2026-01-09T09:01:39+00:00\" \/>\n<meta property=\"og:image\" content=\"https:\/\/reginett.ee\/wp-content\/uploads\/2024\/10\/Akusaag-Husqvarna-435i.webp\" \/>\n\t<meta property=\"og:image:width\" content=\"680\" \/>\n\t<meta property=\"og:image:height\" content=\"372\" \/>\n\t<meta property=\"og:image:type\" content=\"image\/webp\" \/>\n<meta name=\"twitter:card\" content=\"summary_large_image\" \/>\n<meta name=\"twitter:label1\" content=\"\u041f\u0440\u0438\u043c\u0435\u0440\u043d\u043e\u0435 \u0432\u0440\u0435\u043c\u044f \u0434\u043b\u044f \u0447\u0442\u0435\u043d\u0438\u044f\" \/>\n\t<meta name=\"twitter:data1\" content=\"2 \u043c\u0438\u043d\u0443\u0442\u044b\" \/>\n<script type=\"application\/ld+json\" class=\"yoast-schema-graph\">{\"@context\":\"https:\/\/schema.org\",\"@graph\":[{\"@type\":\"WebPage\",\"@id\":\"https:\/\/reginett.ee\/toode\/akuga-kettsaag-husqvarna-435i\/\",\"url\":\"https:\/\/reginett.ee\/toode\/akuga-kettsaag-husqvarna-435i\/\",\"name\":\"Akuga kettsaag Husqvarna 435i\",\"isPartOf\":{\"@id\":\"https:\/\/reginett.ee\/#website\"},\"primaryImageOfPage\":{\"@id\":\"https:\/\/reginett.ee\/toode\/akuga-kettsaag-husqvarna-435i\/#primaryimage\"},\"image\":{\"@id\":\"https:\/\/reginett.ee\/toode\/akuga-kettsaag-husqvarna-435i\/#primaryimage\"},\"thumbnailUrl\":\"https:\/\/reginett.ee\/wp-content\/uploads\/2024\/10\/Akusaag-Husqvarna-435i.webp\",\"datePublished\":\"2025-04-13T10:38:30+00:00\",\"dateModified\":\"2026-01-09T09:01:39+00:00\",\"description\":\"Husqvarna 435i on akutoitega kettsaag, millel on t\u00e4nu optimeeritud p\u00f6\u00f6rdemomendile, suurele ketikiirusele ja vastupidavale harjadeta mootor.\",\"breadcrumb\":{\"@id\":\"https:\/\/reginett.ee\/toode\/akuga-kettsaag-husqvarna-435i\/#breadcrumb\"},\"inLanguage\":\"ru-RU\",\"potentialAction\":[{\"@type\":\"ReadAction\",\"target\":[\"https:\/\/reginett.ee\/toode\/akuga-kettsaag-husqvarna-435i\/\"]}]},{\"@type\":\"ImageObject\",\"inLanguage\":\"ru-RU\",\"@id\":\"https:\/\/reginett.ee\/toode\/akuga-kettsaag-husqvarna-435i\/#primaryimage\",\"url\":\"https:\/\/reginett.ee\/wp-content\/uploads\/2024\/10\/Akusaag-Husqvarna-435i.webp\",\"contentUrl\":\"https:\/\/reginett.ee\/wp-content\/uploads\/2024\/10\/Akusaag-Husqvarna-435i.webp\",\"width\":680,\"height\":372,\"caption\":\"Akuga kettsaag Husqvarna 435i\"},{\"@type\":\"BreadcrumbList\",\"@id\":\"https:\/\/reginett.ee\/toode\/akuga-kettsaag-husqvarna-435i\/#breadcrumb\",\"itemListElement\":[{\"@type\":\"ListItem\",\"position\":1,\"name\":\"Home\",\"item\":\"https:\/\/reginett.ee\/ru\/\"},{\"@type\":\"ListItem\",\"position\":2,\"name\":\"Tooted\",\"item\":\"https:\/\/reginett.ee\/tooted\/\"},{\"@type\":\"ListItem\",\"position\":3,\"name\":\"Akuga kettsaag Husqvarna 435i\"}]},{\"@type\":\"WebSite\",\"@id\":\"https:\/\/reginett.ee\/#website\",\"url\":\"https:\/\/reginett.ee\/\",\"name\":\"Reginett\",\"description\":\"Parimad robotniidukid\",\"potentialAction\":[{\"@type\":\"SearchAction\",\"target\":{\"@type\":\"EntryPoint\",\"urlTemplate\":\"https:\/\/reginett.ee\/?s={search_term_string}\"},\"query-input\":{\"@type\":\"PropertyValueSpecification\",\"valueRequired\":true,\"valueName\":\"search_term_string\"}}],\"inLanguage\":\"ru-RU\"}]}<\/script>\n<!-- \/ Yoast SEO plugin. -->","yoast_head_json":{"title":"Akuga kettsaag Husqvarna 435i","description":"Husqvarna 435i on akutoitega kettsaag, millel on t\u00e4nu optimeeritud p\u00f6\u00f6rdemomendile, suurele ketikiirusele ja vastupidavale harjadeta mootor.","robots":{"index":"index","follow":"follow","max-snippet":"max-snippet:-1","max-image-preview":"max-image-preview:large","max-video-preview":"max-video-preview:-1"},"canonical":"https:\/\/reginett.ee\/toode\/akuga-kettsaag-husqvarna-435i\/","og_locale":"ru_RU","og_type":"article","og_title":"Akuga kettsaag Husqvarna 435i","og_description":"Husqvarna 435i on akutoitega kettsaag, millel on t\u00e4nu optimeeritud p\u00f6\u00f6rdemomendile, suurele ketikiirusele ja vastupidavale harjadeta mootor.","og_url":"https:\/\/reginett.ee\/toode\/akuga-kettsaag-husqvarna-435i\/","og_site_name":"Reginett","article_modified_time":"2026-01-09T09:01:39+00:00","og_image":[{"width":680,"height":372,"url":"https:\/\/reginett.ee\/wp-content\/uploads\/2024\/10\/Akusaag-Husqvarna-435i.webp","type":"image\/webp"}],"twitter_card":"summary_large_image","twitter_misc":{"\u041f\u0440\u0438\u043c\u0435\u0440\u043d\u043e\u0435 \u0432\u0440\u0435\u043c\u044f \u0434\u043b\u044f \u0447\u0442\u0435\u043d\u0438\u044f":"2 \u043c\u0438\u043d\u0443\u0442\u044b"},"schema":{"@context":"https:\/\/schema.org","@graph":[{"@type":"WebPage","@id":"https:\/\/reginett.ee\/toode\/akuga-kettsaag-husqvarna-435i\/","url":"https:\/\/reginett.ee\/toode\/akuga-kettsaag-husqvarna-435i\/","name":"Akuga kettsaag Husqvarna 435i","isPartOf":{"@id":"https:\/\/reginett.ee\/#website"},"primaryImageOfPage":{"@id":"https:\/\/reginett.ee\/toode\/akuga-kettsaag-husqvarna-435i\/#primaryimage"},"image":{"@id":"https:\/\/reginett.ee\/toode\/akuga-kettsaag-husqvarna-435i\/#primaryimage"},"thumbnailUrl":"https:\/\/reginett.ee\/wp-content\/uploads\/2024\/10\/Akusaag-Husqvarna-435i.webp","datePublished":"2025-04-13T10:38:30+00:00","dateModified":"2026-01-09T09:01:39+00:00","description":"Husqvarna 435i on akutoitega kettsaag, millel on t\u00e4nu optimeeritud p\u00f6\u00f6rdemomendile, suurele ketikiirusele ja vastupidavale harjadeta mootor.","breadcrumb":{"@id":"https:\/\/reginett.ee\/toode\/akuga-kettsaag-husqvarna-435i\/#breadcrumb"},"inLanguage":"ru-RU","potentialAction":[{"@type":"ReadAction","target":["https:\/\/reginett.ee\/toode\/akuga-kettsaag-husqvarna-435i\/"]}]},{"@type":"ImageObject","inLanguage":"ru-RU","@id":"https:\/\/reginett.ee\/toode\/akuga-kettsaag-husqvarna-435i\/#primaryimage","url":"https:\/\/reginett.ee\/wp-content\/uploads\/2024\/10\/Akusaag-Husqvarna-435i.webp","contentUrl":"https:\/\/reginett.ee\/wp-content\/uploads\/2024\/10\/Akusaag-Husqvarna-435i.webp","width":680,"height":372,"caption":"Akuga kettsaag Husqvarna 435i"},{"@type":"BreadcrumbList","@id":"https:\/\/reginett.ee\/toode\/akuga-kettsaag-husqvarna-435i\/#breadcrumb","itemListElement":[{"@type":"ListItem","position":1,"name":"Home","item":"https:\/\/reginett.ee\/ru\/"},{"@type":"ListItem","position":2,"name":"Tooted","item":"https:\/\/reginett.ee\/tooted\/"},{"@type":"ListItem","position":3,"name":"Akuga kettsaag Husqvarna 435i"}]},{"@type":"WebSite","@id":"https:\/\/reginett.ee\/#website","url":"https:\/\/reginett.ee\/","name":"Reginett","description":"Parimad robotniidukid","potentialAction":[{"@type":"SearchAction","target":{"@type":"EntryPoint","urlTemplate":"https:\/\/reginett.ee\/?s={search_term_string}"},"query-input":{"@type":"PropertyValueSpecification","valueRequired":true,"valueName":"search_term_string"}}],"inLanguage":"ru-RU"}]}},"brands":[{"id":147,"name":"Husqvarna","slug":"husqvarna"}],"_links":{"self":[{"href":"https:\/\/reginett.ee\/ru\/wp-json\/wp\/v2\/product\/61646","targetHints":{"allow":["GET"]}}],"collection":[{"href":"https:\/\/reginett.ee\/ru\/wp-json\/wp\/v2\/product"}],"about":[{"href":"https:\/\/reginett.ee\/ru\/wp-json\/wp\/v2\/types\/product"}],"replies":[{"embeddable":true,"href":"https:\/\/reginett.ee\/ru\/wp-json\/wp\/v2\/comments?post=61646"}],"wp:featuredmedia":[{"embeddable":true,"href":"https:\/\/reginett.ee\/ru\/wp-json\/wp\/v2\/media\/61647"}],"wp:attachment":[{"href":"https:\/\/reginett.ee\/ru\/wp-json\/wp\/v2\/media?parent=61646"}],"wp:term":[{"taxonomy":"pwb-brand","embeddable":true,"href":"https:\/\/reginett.ee\/ru\/wp-json\/wp\/v2\/pwb-brand?post=61646"},{"taxonomy":"product_brand","embeddable":true,"href":"https:\/\/reginett.ee\/ru\/wp-json\/wp\/v2\/product_brand?post=61646"},{"taxonomy":"product_cat","embeddable":true,"href":"https:\/\/reginett.ee\/ru\/wp-json\/wp\/v2\/product_cat?post=61646"},{"taxonomy":"product_tag","embeddable":true,"href":"https:\/\/reginett.ee\/ru\/wp-json\/wp\/v2\/product_tag?post=61646"}],"curies":[{"name":"wp","href":"https:\/\/api.w.org\/{rel}","templated":true}]}}