{"id":61639,"date":"2024-10-17T13:12:36","date_gmt":"2024-10-17T10:12:36","guid":{"rendered":"https:\/\/reginett.ee\/?post_type=product&#038;p=61639"},"modified":"2024-10-17T13:14:05","modified_gmt":"2024-10-17T10:14:05","slug":"omblusmasin-singer-heavy-duty-4432","status":"publish","type":"product","link":"https:\/\/reginett.ee\/ru\/toode\/omblusmasin-singer-heavy-duty-4432\/","title":{"rendered":"\u00d5mblusmasin SINGER Heavy Duty 4432"},"content":{"rendered":"<p><strong>\u00d5mblusmasin Singer Heavy Duty 4432<\/strong> on v\u00e4ga vastupidav ja\u00a0 kiire masin, mis teeb lausa 1100 pistet minutis!<\/p>\n<p>Terasest \u00f5mblustasapind. 32 erinevat pistet sh dekoratiivsed ja venivad pisted ning 1-etapiline n\u00f6\u00f6pauk. N\u00f5ela niidistaja. Pressjala surve regulaator. Kiirkinnitusega pressjalad. Pistepikkus ja -laius reguleeritavad.<\/p>\n<p>Allalastav riides\u00f6\u00f6tja. Horisontaalne niidirulli hoidik.<\/p>\n<p>Kaasas 4 pressjalga+pehme tolmu kate. Pealtlaetav poolipesa.<\/p>\n<p>Masin ei vaja \u00f5litamist. V\u00f5imalus on monteerida \u00f5mblusmasin laua sisse.<\/p>\n","protected":false},"excerpt":{"rendered":"<p><strong>\u00d5mblusmasin Singer Heavy Duty 4432<\/strong> on v\u00e4ga vastupidav ja\u00a0 kiire masin, mis teeb lausa 1100 pistet minutis!<\/p>\n","protected":false},"featured_media":61642,"comment_status":"open","ping_status":"closed","template":"","meta":{"_acf_changed":false,"_et_pb_use_builder":"","_et_pb_old_content":"","_et_gb_content_width":"","inline_featured_image":false},"pwb-brand":[588],"product_brand":[],"product_cat":[134,55],"product_tag":[669,667,265,332],"class_list":{"0":"post-61639","1":"product","2":"type-product","3":"status-publish","4":"has-post-thumbnail","6":"pwb-brand-singer","7":"product_cat-eripakkumised","8":"product_cat-omblusmasinad-ja-tarvikud","9":"product_tag-669","10":"product_tag-heavy-duty","11":"product_tag-singer","12":"product_tag-tugev-omblusmasin","14":"first","15":"instock","16":"sale","17":"shipping-taxable","18":"purchasable","19":"product-type-simple"},"acf":[],"yoast_head":"<!-- This site is optimized with the Yoast SEO plugin v26.6 - https:\/\/yoast.com\/wordpress\/plugins\/seo\/ -->\n<title>\u00d5mblusmasin Singer Heavy Duty 4432<\/title>\n<meta name=\"description\" content=\"\u00d5mblusmasin Singer Heavy Duty 4432 on v\u00e4ga vastupidav ja\u00a0 kiire masin, mis teeb lausa 1100 pistet minutis! 32 erinevat \u00f5mblust\" \/>\n<meta name=\"robots\" content=\"index, follow, max-snippet:-1, max-image-preview:large, max-video-preview:-1\" \/>\n<link rel=\"canonical\" href=\"https:\/\/reginett.ee\/toode\/omblusmasin-singer-heavy-duty-4432\/\" \/>\n<meta property=\"og:locale\" content=\"ru_RU\" \/>\n<meta property=\"og:type\" content=\"article\" \/>\n<meta property=\"og:title\" content=\"\u00d5mblusmasin Singer Heavy Duty 4432\" \/>\n<meta property=\"og:description\" content=\"\u00d5mblusmasin Singer Heavy Duty 4432 on v\u00e4ga vastupidav ja\u00a0 kiire masin, mis teeb lausa 1100 pistet minutis! 32 erinevat \u00f5mblust\" \/>\n<meta property=\"og:url\" content=\"https:\/\/reginett.ee\/toode\/omblusmasin-singer-heavy-duty-4432\/\" \/>\n<meta property=\"og:site_name\" content=\"Reginett\" \/>\n<meta property=\"article:modified_time\" content=\"2024-10-17T10:14:05+00:00\" \/>\n<meta property=\"og:image\" content=\"https:\/\/reginett.ee\/wp-content\/uploads\/2024\/10\/Singer-4432-HD.jpg\" \/>\n\t<meta property=\"og:image:width\" content=\"624\" \/>\n\t<meta property=\"og:image:height\" content=\"520\" \/>\n\t<meta property=\"og:image:type\" content=\"image\/jpeg\" \/>\n<meta name=\"twitter:card\" content=\"summary_large_image\" \/>\n<meta name=\"twitter:label1\" content=\"\u041f\u0440\u0438\u043c\u0435\u0440\u043d\u043e\u0435 \u0432\u0440\u0435\u043c\u044f \u0434\u043b\u044f \u0447\u0442\u0435\u043d\u0438\u044f\" \/>\n\t<meta name=\"twitter:data1\" content=\"1 \u043c\u0438\u043d\u0443\u0442\u0430\" \/>\n<script type=\"application\/ld+json\" class=\"yoast-schema-graph\">{\"@context\":\"https:\/\/schema.org\",\"@graph\":[{\"@type\":\"WebPage\",\"@id\":\"https:\/\/reginett.ee\/toode\/omblusmasin-singer-heavy-duty-4432\/\",\"url\":\"https:\/\/reginett.ee\/toode\/omblusmasin-singer-heavy-duty-4432\/\",\"name\":\"\u00d5mblusmasin Singer Heavy Duty 4432\",\"isPartOf\":{\"@id\":\"https:\/\/reginett.ee\/#website\"},\"primaryImageOfPage\":{\"@id\":\"https:\/\/reginett.ee\/toode\/omblusmasin-singer-heavy-duty-4432\/#primaryimage\"},\"image\":{\"@id\":\"https:\/\/reginett.ee\/toode\/omblusmasin-singer-heavy-duty-4432\/#primaryimage\"},\"thumbnailUrl\":\"https:\/\/reginett.ee\/wp-content\/uploads\/2024\/10\/Singer-4432-HD.jpg\",\"datePublished\":\"2024-10-17T10:12:36+00:00\",\"dateModified\":\"2024-10-17T10:14:05+00:00\",\"description\":\"\u00d5mblusmasin Singer Heavy Duty 4432 on v\u00e4ga vastupidav ja\u00a0 kiire masin, mis teeb lausa 1100 pistet minutis! 32 erinevat \u00f5mblust\",\"breadcrumb\":{\"@id\":\"https:\/\/reginett.ee\/toode\/omblusmasin-singer-heavy-duty-4432\/#breadcrumb\"},\"inLanguage\":\"ru-RU\",\"potentialAction\":[{\"@type\":\"ReadAction\",\"target\":[\"https:\/\/reginett.ee\/toode\/omblusmasin-singer-heavy-duty-4432\/\"]}]},{\"@type\":\"ImageObject\",\"inLanguage\":\"ru-RU\",\"@id\":\"https:\/\/reginett.ee\/toode\/omblusmasin-singer-heavy-duty-4432\/#primaryimage\",\"url\":\"https:\/\/reginett.ee\/wp-content\/uploads\/2024\/10\/Singer-4432-HD.jpg\",\"contentUrl\":\"https:\/\/reginett.ee\/wp-content\/uploads\/2024\/10\/Singer-4432-HD.jpg\",\"width\":624,\"height\":520},{\"@type\":\"BreadcrumbList\",\"@id\":\"https:\/\/reginett.ee\/toode\/omblusmasin-singer-heavy-duty-4432\/#breadcrumb\",\"itemListElement\":[{\"@type\":\"ListItem\",\"position\":1,\"name\":\"Home\",\"item\":\"https:\/\/reginett.ee\/ru\/\"},{\"@type\":\"ListItem\",\"position\":2,\"name\":\"Tooted\",\"item\":\"https:\/\/reginett.ee\/tooted\/\"},{\"@type\":\"ListItem\",\"position\":3,\"name\":\"\u00d5mblusmasin SINGER Heavy Duty 4432\"}]},{\"@type\":\"WebSite\",\"@id\":\"https:\/\/reginett.ee\/#website\",\"url\":\"https:\/\/reginett.ee\/\",\"name\":\"Reginett\",\"description\":\"Parimad robotniidukid\",\"potentialAction\":[{\"@type\":\"SearchAction\",\"target\":{\"@type\":\"EntryPoint\",\"urlTemplate\":\"https:\/\/reginett.ee\/?s={search_term_string}\"},\"query-input\":{\"@type\":\"PropertyValueSpecification\",\"valueRequired\":true,\"valueName\":\"search_term_string\"}}],\"inLanguage\":\"ru-RU\"}]}<\/script>\n<!-- \/ Yoast SEO plugin. -->","yoast_head_json":{"title":"\u00d5mblusmasin Singer Heavy Duty 4432","description":"\u00d5mblusmasin Singer Heavy Duty 4432 on v\u00e4ga vastupidav ja\u00a0 kiire masin, mis teeb lausa 1100 pistet minutis! 32 erinevat \u00f5mblust","robots":{"index":"index","follow":"follow","max-snippet":"max-snippet:-1","max-image-preview":"max-image-preview:large","max-video-preview":"max-video-preview:-1"},"canonical":"https:\/\/reginett.ee\/toode\/omblusmasin-singer-heavy-duty-4432\/","og_locale":"ru_RU","og_type":"article","og_title":"\u00d5mblusmasin Singer Heavy Duty 4432","og_description":"\u00d5mblusmasin Singer Heavy Duty 4432 on v\u00e4ga vastupidav ja\u00a0 kiire masin, mis teeb lausa 1100 pistet minutis! 32 erinevat \u00f5mblust","og_url":"https:\/\/reginett.ee\/toode\/omblusmasin-singer-heavy-duty-4432\/","og_site_name":"Reginett","article_modified_time":"2024-10-17T10:14:05+00:00","og_image":[{"width":624,"height":520,"url":"https:\/\/reginett.ee\/wp-content\/uploads\/2024\/10\/Singer-4432-HD.jpg","type":"image\/jpeg"}],"twitter_card":"summary_large_image","twitter_misc":{"\u041f\u0440\u0438\u043c\u0435\u0440\u043d\u043e\u0435 \u0432\u0440\u0435\u043c\u044f \u0434\u043b\u044f \u0447\u0442\u0435\u043d\u0438\u044f":"1 \u043c\u0438\u043d\u0443\u0442\u0430"},"schema":{"@context":"https:\/\/schema.org","@graph":[{"@type":"WebPage","@id":"https:\/\/reginett.ee\/toode\/omblusmasin-singer-heavy-duty-4432\/","url":"https:\/\/reginett.ee\/toode\/omblusmasin-singer-heavy-duty-4432\/","name":"\u00d5mblusmasin Singer Heavy Duty 4432","isPartOf":{"@id":"https:\/\/reginett.ee\/#website"},"primaryImageOfPage":{"@id":"https:\/\/reginett.ee\/toode\/omblusmasin-singer-heavy-duty-4432\/#primaryimage"},"image":{"@id":"https:\/\/reginett.ee\/toode\/omblusmasin-singer-heavy-duty-4432\/#primaryimage"},"thumbnailUrl":"https:\/\/reginett.ee\/wp-content\/uploads\/2024\/10\/Singer-4432-HD.jpg","datePublished":"2024-10-17T10:12:36+00:00","dateModified":"2024-10-17T10:14:05+00:00","description":"\u00d5mblusmasin Singer Heavy Duty 4432 on v\u00e4ga vastupidav ja\u00a0 kiire masin, mis teeb lausa 1100 pistet minutis! 32 erinevat \u00f5mblust","breadcrumb":{"@id":"https:\/\/reginett.ee\/toode\/omblusmasin-singer-heavy-duty-4432\/#breadcrumb"},"inLanguage":"ru-RU","potentialAction":[{"@type":"ReadAction","target":["https:\/\/reginett.ee\/toode\/omblusmasin-singer-heavy-duty-4432\/"]}]},{"@type":"ImageObject","inLanguage":"ru-RU","@id":"https:\/\/reginett.ee\/toode\/omblusmasin-singer-heavy-duty-4432\/#primaryimage","url":"https:\/\/reginett.ee\/wp-content\/uploads\/2024\/10\/Singer-4432-HD.jpg","contentUrl":"https:\/\/reginett.ee\/wp-content\/uploads\/2024\/10\/Singer-4432-HD.jpg","width":624,"height":520},{"@type":"BreadcrumbList","@id":"https:\/\/reginett.ee\/toode\/omblusmasin-singer-heavy-duty-4432\/#breadcrumb","itemListElement":[{"@type":"ListItem","position":1,"name":"Home","item":"https:\/\/reginett.ee\/ru\/"},{"@type":"ListItem","position":2,"name":"Tooted","item":"https:\/\/reginett.ee\/tooted\/"},{"@type":"ListItem","position":3,"name":"\u00d5mblusmasin SINGER Heavy Duty 4432"}]},{"@type":"WebSite","@id":"https:\/\/reginett.ee\/#website","url":"https:\/\/reginett.ee\/","name":"Reginett","description":"Parimad robotniidukid","potentialAction":[{"@type":"SearchAction","target":{"@type":"EntryPoint","urlTemplate":"https:\/\/reginett.ee\/?s={search_term_string}"},"query-input":{"@type":"PropertyValueSpecification","valueRequired":true,"valueName":"search_term_string"}}],"inLanguage":"ru-RU"}]}},"brands":[{"id":588,"name":"Singer","slug":"singer"}],"_links":{"self":[{"href":"https:\/\/reginett.ee\/ru\/wp-json\/wp\/v2\/product\/61639","targetHints":{"allow":["GET"]}}],"collection":[{"href":"https:\/\/reginett.ee\/ru\/wp-json\/wp\/v2\/product"}],"about":[{"href":"https:\/\/reginett.ee\/ru\/wp-json\/wp\/v2\/types\/product"}],"replies":[{"embeddable":true,"href":"https:\/\/reginett.ee\/ru\/wp-json\/wp\/v2\/comments?post=61639"}],"wp:featuredmedia":[{"embeddable":true,"href":"https:\/\/reginett.ee\/ru\/wp-json\/wp\/v2\/media\/61642"}],"wp:attachment":[{"href":"https:\/\/reginett.ee\/ru\/wp-json\/wp\/v2\/media?parent=61639"}],"wp:term":[{"taxonomy":"pwb-brand","embeddable":true,"href":"https:\/\/reginett.ee\/ru\/wp-json\/wp\/v2\/pwb-brand?post=61639"},{"taxonomy":"product_brand","embeddable":true,"href":"https:\/\/reginett.ee\/ru\/wp-json\/wp\/v2\/product_brand?post=61639"},{"taxonomy":"product_cat","embeddable":true,"href":"https:\/\/reginett.ee\/ru\/wp-json\/wp\/v2\/product_cat?post=61639"},{"taxonomy":"product_tag","embeddable":true,"href":"https:\/\/reginett.ee\/ru\/wp-json\/wp\/v2\/product_tag?post=61639"}],"curies":[{"name":"wp","href":"https:\/\/api.w.org\/{rel}","templated":true}]}}