{"id":61632,"date":"2024-10-17T12:29:19","date_gmt":"2024-10-17T09:29:19","guid":{"rendered":"https:\/\/reginett.ee\/?post_type=product&#038;p=61632"},"modified":"2024-10-17T12:29:52","modified_gmt":"2024-10-17T09:29:52","slug":"omblusmasin-singer-heavy-duty-6705c","status":"publish","type":"product","link":"https:\/\/reginett.ee\/ru\/toode\/omblusmasin-singer-heavy-duty-6705c\/","title":{"rendered":"\u00d5mblusmasin SINGER Heavy Duty 6705C"},"content":{"rendered":"<p>\u00d5mblusmasin <strong>Singer Heavy Duty 6705C<\/strong> sobib nii alustavale \u00f5mblejale kui ka kogenud professionaalile.<\/p>\n<p>\u00dches t\u00fckis metallraam, v\u00f5imas mootor ja elektroonika omadused on need, mis muudavad SINGER\u00ae HD6705C kompuuter \u00f5mblusmasina vastupidavaks ja t\u00f5eliseks t\u00f6\u00f6loomaks. Suur valik baas\u00f5mblusi, venivaid- ja dekoratiivpisteid, lisaks v\u00e4lja\u00f5mblemiseks t\u00e4hed, mis annab suured v\u00f5imalused masina loovaks kasutamiseks ja isikup\u00e4raste t\u00f6\u00f6de \u00f5mblemiseks.<\/p>\n<p>OMADUSED JA EELISED<br \/>\n411 erinevat \u00f5mbluspistet. Suur valik reguleeritavaid \u00f5mbluspisteid erinevatele \u00f5mblustehnikatele loovaks \u00f5mblemiseks.<\/p>\n<p>SUURENDATUD PISTE L\u00c4BIL\u00d6\u00d6GI J\u00d5UD<br \/>\nRohkem j\u00f5udu mitmekihiliste paksude materjalide \u00f5mblemiseks.<\/p>\n<p>EKSTRA SUUR \u00d5MBLEMISE KIIRUS<br \/>\nProfessionaalne kiirus kiiremaks \u00f5mblemiseks.<\/p>\n<p>LCD-EKRAAN<br \/>\nSelge ekraan sinu valitud pistega, samuti piste seadistused piste pikkuse ja laiuse muutmiseks.<\/p>\n<p>\u00d5MBLUSKIIRUSE KONTROLL<br \/>\n\u00d5mblemise l\u00f5ppkiirust saab vastavalt oma soovile reguleerida.<\/p>\n<p>NUPUVAJUTUSEGA PISTETE VALIMINE<br \/>\nOma piste valimiseks kasuta nuppe LCD ekraani all.<\/p>\n<p>T\u00c4HED<br \/>\nM\u00e4rgi oma \u00f5mblust\u00f6\u00f6d \u00e4ra nime, m\u00e4rks\u00f5na v\u00f5i monogrammiga.<\/p>\n<p>7 AUTOMAATSET 1-ETAPILIST N\u00d6\u00d6PAUKU<br \/>\n\u00d5mble j\u00e4rjestikuseid \u00fchesuguseid n\u00f6\u00f6pauke omal valikul.<\/p>\n<p>KIIRE JA LIHTNE N\u00d5ELASILMA NIIDISTAMINE<br \/>\nLihtne niidistusjuhend.<\/p>\n<p>N\u00d5ELASILMA NIIDISTAJA<br \/>\nVaevata n\u00f5elasilma niidistamine kiiremaks alustamiseks.<\/p>\n<p>SISSEKUKUTATAV POOLIS\u00dcSTEEM<br \/>\nKerge n\u00e4ha ja lihtne niidistada pooliga.<\/p>\n<p>\u00d5MBLUSS\u00d5LM<br \/>\nPaar \u00f5mbluspistet \u00f5mblemise alguses ja l\u00f5pus ja \u00f5mblused ei hargne kunagi lahti.<br \/>\n\u00d5HES T\u00d5KIS METALLRAAM<br \/>\n\u00dches t\u00fckis metall raam annab aastatepikkuse vastupidavuse.<br \/>\nPROGRAMMEERITAV N\u00d5EL \u00dcLEVAL\/ALL ASEND<br \/>\nM\u00e4\u00e4ra \u00e4ra n\u00f5ela asend \u00f5mblemiseks.<br \/>\nRIIDES\u00d6\u00d6TJA ALLALASE<br \/>\nV\u00f5imaldab \u00f5mmelda vabak\u00e4ega erinevaid tehnikaid.<br \/>\nLED VALGUSTID<br \/>\nHea selge varjudeta vaade \u00f5mblusalale.<br \/>\nREGULEERITAVAD PISTE PIKKUS JA LAIUS<br \/>\nReguleeri pisteid vastavalt oma soovile.<br \/>\nVABAVARS<br \/>\n\u00d5mble lihtsalt varruka ja p\u00fckste \u00e4\u00e4ri.<br \/>\nNIIDIKATKESTUS NOAD<br \/>\nMasin vasakul k\u00fcljel niidi katkestamiseks l\u00f5ikenuga..<\/p>\n","protected":false},"excerpt":{"rendered":"<p>\u00d5mblusmasin <strong>Singer Heavy Duty 6705C<\/strong> sobib nii alustavale \u00f5mblejale kui ka kogenud professionaalile.<\/p>\n<p>\u00dches t\u00fckis metallraam, v\u00f5imas mootor ja elektroonika omadused on need, mis muudavad SINGER\u00ae HD6705C kompuuter \u00f5mblusmasina vastupidavaks ja t\u00f5eliseks t\u00f6\u00f6loomaks. Suur valik baas\u00f5mblusi, venivaid- ja dekoratiivpisteid, lisaks v\u00e4lja\u00f5mblemiseks t\u00e4hed, mis annab suured v\u00f5imalused masina loovaks kasutamiseks ja isikup\u00e4raste t\u00f6\u00f6de \u00f5mblemiseks.<\/p>\n","protected":false},"featured_media":61633,"comment_status":"open","ping_status":"closed","template":"","meta":{"_acf_changed":false,"_et_pb_use_builder":"","_et_pb_old_content":"","_et_gb_content_width":"","inline_featured_image":false},"pwb-brand":[588],"product_brand":[],"product_cat":[55,152],"product_tag":[668,667,102,265],"class_list":{"0":"post-61632","1":"product","2":"type-product","3":"status-publish","4":"has-post-thumbnail","6":"pwb-brand-singer","7":"product_cat-omblusmasinad-ja-tarvikud","8":"product_cat-singer","9":"product_tag-6705c","10":"product_tag-heavy-duty","11":"product_tag-omblusmasin","12":"product_tag-singer","14":"first","15":"instock","16":"sale","17":"shipping-taxable","18":"purchasable","19":"product-type-simple"},"acf":[],"yoast_head":"<!-- This site is optimized with the Yoast SEO plugin v26.6 - https:\/\/yoast.com\/wordpress\/plugins\/seo\/ -->\n<title>\u00d5mblusmasin SINGER Heavy Duty 6705C - Reginett<\/title>\n<meta name=\"description\" content=\"\u00d5mblusmasin Singer Heavy Duty 6705C sobib nii alustavale \u00f5mblejale kui ka kogenud professionaalile. \u00dches t\u00fckis metallraam\" \/>\n<meta name=\"robots\" content=\"index, follow, max-snippet:-1, max-image-preview:large, max-video-preview:-1\" \/>\n<link rel=\"canonical\" href=\"https:\/\/reginett.ee\/toode\/omblusmasin-singer-heavy-duty-6705c\/\" \/>\n<meta property=\"og:locale\" content=\"ru_RU\" \/>\n<meta property=\"og:type\" content=\"article\" \/>\n<meta property=\"og:title\" content=\"\u00d5mblusmasin SINGER Heavy Duty 6705C - Reginett\" \/>\n<meta property=\"og:description\" content=\"\u00d5mblusmasin Singer Heavy Duty 6705C sobib nii alustavale \u00f5mblejale kui ka kogenud professionaalile. \u00dches t\u00fckis metallraam\" \/>\n<meta property=\"og:url\" content=\"https:\/\/reginett.ee\/toode\/omblusmasin-singer-heavy-duty-6705c\/\" \/>\n<meta property=\"og:site_name\" content=\"Reginett\" \/>\n<meta property=\"article:modified_time\" content=\"2024-10-17T09:29:52+00:00\" \/>\n<meta property=\"og:image\" content=\"https:\/\/reginett.ee\/wp-content\/uploads\/2024\/10\/Singer-6705C.jpg\" \/>\n\t<meta property=\"og:image:width\" content=\"570\" \/>\n\t<meta property=\"og:image:height\" content=\"570\" \/>\n\t<meta property=\"og:image:type\" content=\"image\/jpeg\" \/>\n<meta name=\"twitter:card\" content=\"summary_large_image\" \/>\n<meta name=\"twitter:label1\" content=\"\u041f\u0440\u0438\u043c\u0435\u0440\u043d\u043e\u0435 \u0432\u0440\u0435\u043c\u044f \u0434\u043b\u044f \u0447\u0442\u0435\u043d\u0438\u044f\" \/>\n\t<meta name=\"twitter:data1\" content=\"2 \u043c\u0438\u043d\u0443\u0442\u044b\" \/>\n<script type=\"application\/ld+json\" class=\"yoast-schema-graph\">{\"@context\":\"https:\/\/schema.org\",\"@graph\":[{\"@type\":\"WebPage\",\"@id\":\"https:\/\/reginett.ee\/toode\/omblusmasin-singer-heavy-duty-6705c\/\",\"url\":\"https:\/\/reginett.ee\/toode\/omblusmasin-singer-heavy-duty-6705c\/\",\"name\":\"\u00d5mblusmasin SINGER Heavy Duty 6705C - Reginett\",\"isPartOf\":{\"@id\":\"https:\/\/reginett.ee\/#website\"},\"primaryImageOfPage\":{\"@id\":\"https:\/\/reginett.ee\/toode\/omblusmasin-singer-heavy-duty-6705c\/#primaryimage\"},\"image\":{\"@id\":\"https:\/\/reginett.ee\/toode\/omblusmasin-singer-heavy-duty-6705c\/#primaryimage\"},\"thumbnailUrl\":\"https:\/\/reginett.ee\/wp-content\/uploads\/2024\/10\/Singer-6705C.jpg\",\"datePublished\":\"2024-10-17T09:29:19+00:00\",\"dateModified\":\"2024-10-17T09:29:52+00:00\",\"description\":\"\u00d5mblusmasin Singer Heavy Duty 6705C sobib nii alustavale \u00f5mblejale kui ka kogenud professionaalile. \u00dches t\u00fckis metallraam\",\"breadcrumb\":{\"@id\":\"https:\/\/reginett.ee\/toode\/omblusmasin-singer-heavy-duty-6705c\/#breadcrumb\"},\"inLanguage\":\"ru-RU\",\"potentialAction\":[{\"@type\":\"ReadAction\",\"target\":[\"https:\/\/reginett.ee\/toode\/omblusmasin-singer-heavy-duty-6705c\/\"]}]},{\"@type\":\"ImageObject\",\"inLanguage\":\"ru-RU\",\"@id\":\"https:\/\/reginett.ee\/toode\/omblusmasin-singer-heavy-duty-6705c\/#primaryimage\",\"url\":\"https:\/\/reginett.ee\/wp-content\/uploads\/2024\/10\/Singer-6705C.jpg\",\"contentUrl\":\"https:\/\/reginett.ee\/wp-content\/uploads\/2024\/10\/Singer-6705C.jpg\",\"width\":570,\"height\":570,\"caption\":\"Singer 6705C Heavy Duty\"},{\"@type\":\"BreadcrumbList\",\"@id\":\"https:\/\/reginett.ee\/toode\/omblusmasin-singer-heavy-duty-6705c\/#breadcrumb\",\"itemListElement\":[{\"@type\":\"ListItem\",\"position\":1,\"name\":\"Home\",\"item\":\"https:\/\/reginett.ee\/ru\/\"},{\"@type\":\"ListItem\",\"position\":2,\"name\":\"Tooted\",\"item\":\"https:\/\/reginett.ee\/tooted\/\"},{\"@type\":\"ListItem\",\"position\":3,\"name\":\"\u00d5mblusmasin SINGER Heavy Duty 6705C\"}]},{\"@type\":\"WebSite\",\"@id\":\"https:\/\/reginett.ee\/#website\",\"url\":\"https:\/\/reginett.ee\/\",\"name\":\"Reginett\",\"description\":\"Parimad robotniidukid\",\"potentialAction\":[{\"@type\":\"SearchAction\",\"target\":{\"@type\":\"EntryPoint\",\"urlTemplate\":\"https:\/\/reginett.ee\/?s={search_term_string}\"},\"query-input\":{\"@type\":\"PropertyValueSpecification\",\"valueRequired\":true,\"valueName\":\"search_term_string\"}}],\"inLanguage\":\"ru-RU\"}]}<\/script>\n<!-- \/ Yoast SEO plugin. -->","yoast_head_json":{"title":"\u00d5mblusmasin SINGER Heavy Duty 6705C - Reginett","description":"\u00d5mblusmasin Singer Heavy Duty 6705C sobib nii alustavale \u00f5mblejale kui ka kogenud professionaalile. \u00dches t\u00fckis metallraam","robots":{"index":"index","follow":"follow","max-snippet":"max-snippet:-1","max-image-preview":"max-image-preview:large","max-video-preview":"max-video-preview:-1"},"canonical":"https:\/\/reginett.ee\/toode\/omblusmasin-singer-heavy-duty-6705c\/","og_locale":"ru_RU","og_type":"article","og_title":"\u00d5mblusmasin SINGER Heavy Duty 6705C - Reginett","og_description":"\u00d5mblusmasin Singer Heavy Duty 6705C sobib nii alustavale \u00f5mblejale kui ka kogenud professionaalile. \u00dches t\u00fckis metallraam","og_url":"https:\/\/reginett.ee\/toode\/omblusmasin-singer-heavy-duty-6705c\/","og_site_name":"Reginett","article_modified_time":"2024-10-17T09:29:52+00:00","og_image":[{"width":570,"height":570,"url":"https:\/\/reginett.ee\/wp-content\/uploads\/2024\/10\/Singer-6705C.jpg","type":"image\/jpeg"}],"twitter_card":"summary_large_image","twitter_misc":{"\u041f\u0440\u0438\u043c\u0435\u0440\u043d\u043e\u0435 \u0432\u0440\u0435\u043c\u044f \u0434\u043b\u044f \u0447\u0442\u0435\u043d\u0438\u044f":"2 \u043c\u0438\u043d\u0443\u0442\u044b"},"schema":{"@context":"https:\/\/schema.org","@graph":[{"@type":"WebPage","@id":"https:\/\/reginett.ee\/toode\/omblusmasin-singer-heavy-duty-6705c\/","url":"https:\/\/reginett.ee\/toode\/omblusmasin-singer-heavy-duty-6705c\/","name":"\u00d5mblusmasin SINGER Heavy Duty 6705C - Reginett","isPartOf":{"@id":"https:\/\/reginett.ee\/#website"},"primaryImageOfPage":{"@id":"https:\/\/reginett.ee\/toode\/omblusmasin-singer-heavy-duty-6705c\/#primaryimage"},"image":{"@id":"https:\/\/reginett.ee\/toode\/omblusmasin-singer-heavy-duty-6705c\/#primaryimage"},"thumbnailUrl":"https:\/\/reginett.ee\/wp-content\/uploads\/2024\/10\/Singer-6705C.jpg","datePublished":"2024-10-17T09:29:19+00:00","dateModified":"2024-10-17T09:29:52+00:00","description":"\u00d5mblusmasin Singer Heavy Duty 6705C sobib nii alustavale \u00f5mblejale kui ka kogenud professionaalile. \u00dches t\u00fckis metallraam","breadcrumb":{"@id":"https:\/\/reginett.ee\/toode\/omblusmasin-singer-heavy-duty-6705c\/#breadcrumb"},"inLanguage":"ru-RU","potentialAction":[{"@type":"ReadAction","target":["https:\/\/reginett.ee\/toode\/omblusmasin-singer-heavy-duty-6705c\/"]}]},{"@type":"ImageObject","inLanguage":"ru-RU","@id":"https:\/\/reginett.ee\/toode\/omblusmasin-singer-heavy-duty-6705c\/#primaryimage","url":"https:\/\/reginett.ee\/wp-content\/uploads\/2024\/10\/Singer-6705C.jpg","contentUrl":"https:\/\/reginett.ee\/wp-content\/uploads\/2024\/10\/Singer-6705C.jpg","width":570,"height":570,"caption":"Singer 6705C Heavy Duty"},{"@type":"BreadcrumbList","@id":"https:\/\/reginett.ee\/toode\/omblusmasin-singer-heavy-duty-6705c\/#breadcrumb","itemListElement":[{"@type":"ListItem","position":1,"name":"Home","item":"https:\/\/reginett.ee\/ru\/"},{"@type":"ListItem","position":2,"name":"Tooted","item":"https:\/\/reginett.ee\/tooted\/"},{"@type":"ListItem","position":3,"name":"\u00d5mblusmasin SINGER Heavy Duty 6705C"}]},{"@type":"WebSite","@id":"https:\/\/reginett.ee\/#website","url":"https:\/\/reginett.ee\/","name":"Reginett","description":"Parimad robotniidukid","potentialAction":[{"@type":"SearchAction","target":{"@type":"EntryPoint","urlTemplate":"https:\/\/reginett.ee\/?s={search_term_string}"},"query-input":{"@type":"PropertyValueSpecification","valueRequired":true,"valueName":"search_term_string"}}],"inLanguage":"ru-RU"}]}},"brands":[{"id":588,"name":"Singer","slug":"singer"}],"_links":{"self":[{"href":"https:\/\/reginett.ee\/ru\/wp-json\/wp\/v2\/product\/61632","targetHints":{"allow":["GET"]}}],"collection":[{"href":"https:\/\/reginett.ee\/ru\/wp-json\/wp\/v2\/product"}],"about":[{"href":"https:\/\/reginett.ee\/ru\/wp-json\/wp\/v2\/types\/product"}],"replies":[{"embeddable":true,"href":"https:\/\/reginett.ee\/ru\/wp-json\/wp\/v2\/comments?post=61632"}],"wp:featuredmedia":[{"embeddable":true,"href":"https:\/\/reginett.ee\/ru\/wp-json\/wp\/v2\/media\/61633"}],"wp:attachment":[{"href":"https:\/\/reginett.ee\/ru\/wp-json\/wp\/v2\/media?parent=61632"}],"wp:term":[{"taxonomy":"pwb-brand","embeddable":true,"href":"https:\/\/reginett.ee\/ru\/wp-json\/wp\/v2\/pwb-brand?post=61632"},{"taxonomy":"product_brand","embeddable":true,"href":"https:\/\/reginett.ee\/ru\/wp-json\/wp\/v2\/product_brand?post=61632"},{"taxonomy":"product_cat","embeddable":true,"href":"https:\/\/reginett.ee\/ru\/wp-json\/wp\/v2\/product_cat?post=61632"},{"taxonomy":"product_tag","embeddable":true,"href":"https:\/\/reginett.ee\/ru\/wp-json\/wp\/v2\/product_tag?post=61632"}],"curies":[{"name":"wp","href":"https:\/\/api.w.org\/{rel}","templated":true}]}}