{"id":61596,"date":"2024-10-01T12:12:13","date_gmt":"2024-10-01T09:12:13","guid":{"rendered":"https:\/\/reginett.ee\/?post_type=product&#038;p=61596"},"modified":"2025-01-28T16:13:09","modified_gmt":"2025-01-28T13:13:09","slug":"omblus-ja-tikkimismasin-singer-se9185","status":"publish","type":"product","link":"https:\/\/reginett.ee\/ru\/toode\/omblus-ja-tikkimismasin-singer-se9185\/","title":{"rendered":"\u00d5mblus- ja tikkimismasin SINGER SE9185"},"content":{"rendered":"<div class=\"col-md-12\">\n<div class=\"description\">\n<p><strong>\u00d5mblus- ja tikkimismasin SINGER\u00ae SE9185<\/strong> on t\u00e4is kasutajas\u00f5bralikke funktsioone, mis meeldivad iga taseme \u00f5mblejale, nagu suur 7-tolline puutekraan, et saaksite selgelt n\u00e4ha, mida \u00f5mblete, ja automaatne n\u00f5elasilma niidistaja, mis v\u00f5imaldab teil kiiresti \u00f5mblema hakata.<\/p>\n<p>Lisaks pakub mySewnet\u2122 \u00fchenduvus teile laia tikandite maailma v\u00f5imalusi, alates rakenduste teavitustest kuni nullist kujunduse loomiseni ja palju muud. Lisaks saate nautida mySewneti tarkvara ja mySewneti raamatukogu 90-p\u00e4evast tasuta prooviversiooni , milles on valida tuhandete tikandite vahel.<\/p>\n<p>Rohkem kui 150 sisseehitatud tikandi ja \u00fcle 250 \u00f5mblusega saate Singer SE9185 \u00f5mblus- ja tikkimismasinaga parimad v\u00f5imalused alustamiseks.<\/p>\n<p>mySewnet\u2122 \u00dcHILDUVUS<br \/>\n\u00dchendage k\u00f5ik mySewneti toega seadmed, et omavahel<br \/>\njuhtmevabalt suhelda, et edastada kujundusi, j\u00e4lgida tikkimise<br \/>\nedenemist ja p\u00e4\u00e4seda kujundustele ekraanil oleva mySewneti<br \/>\nraamatukogu kaudu. *<\/p>\n<p>SUUR 7\u201d V\u00c4RVILINE EKRAAN<br \/>\nHankige kogu vajalik teave otse suurel 7-tollisel v\u00e4rvilisel<br \/>\npuuteekraanil. Vaadake oma seadeid selgelt, Vaadake<br \/>\nkujunduste eelvaadet ja tehke k\u00f5ik oma muudatused ekraanil.<\/p>\n<p>AUTOMAATNE N\u00d5ELASILMA NIIDISTAJA<br \/>\nNiidista masin kiiresti ja lihtsalt niidistajat kasutades.<br \/>\n* MySewneti raamatukogu kujundustele juurdep\u00e4\u00e4suks on vaja tellimust p\u00e4rast<br \/>\n90 m\u00f6\u00f6dumist<\/p>\n<p>.<br \/>\n150 MASINASSE LAADITUD TIKANDIT<br \/>\nValige oma masinasse sisseehitatud mitmesuguste<br \/>\nkvaliteetsete tikandite hulgast, et leida iga projekti jaoks<br \/>\nkiiresti ja mugavalt t\u00e4iuslik disain.<\/p>\n<p>10 MASINASSE LAADITUD FONTI<br \/>\nSisse on ehitatud mitmesugused tikandifondid kolmes<br \/>\nerinevas suuruses. Suur- ja v\u00e4iket\u00e4hed, pluss numbrid ja<br \/>\ns\u00fcmbolid, et isikup\u00e4rastada mis tahes tikandiprojekti<br \/>\ns\u00f5nade, fraaside v\u00f5i monogrammidega.<\/p>\n<p>TIKKIMISALA<br \/>\nTikkige kaasasoleva tikkimisraamiga kuni 170&#215;100 mm<br \/>\nsuuruseid tikandeid. Laadige suur tikand v\u00f5i kombineerige<br \/>\nkujundusi tikanditest tikkimisraami suuruseks.<\/p>\n<p>\u00dcLE 250 \u00d5MBLUSPISTE<br \/>\nValige p\u00f5hi\u00f5mblemiseks, dekoratiiv\u00f5mbluseks ja muuks<br \/>\ntehnikaks mitmete \u00f5mbluste hulgast. Iga projekti jaoks on<br \/>\n\u00f5mblus.<\/p>\n<p>VEEBI\u00dcLENE MASINA KASUTUS\u00d5PE<br \/>\n\u00d5ppige tundma oma masina p\u00f5hit\u00f5desid, nagu masina<br \/>\n\u00f5ige niidistamine, \u00f5mbluste valimine, tikandi seadistamine<br \/>\nja palju muud. Internetis saadaval igal ajal!<\/p>\n<p>LIIGUTA JA \u00dcHENDA TIKANDEID EKRAANIL<br \/>\nT\u00e4nu v\u00f5imalusele kujundusi ekraanil liigutada ja<br \/>\nkombineerida saate luua ainulaadseid tikandeid ilma<br \/>\nt\u00e4iendavat tarkvara kasutamata.<br \/>\n\u00d5MBLUSALA<br \/>\nN\u00f5ela ja masina p\u00f5hiosa vaheline kaugus on 165 mm.<br \/>\nAvara t\u00f6\u00f6ala abil saate h\u00f5lpsalt \u00f5mmelda suuremaid<br \/>\nprojekte, n\u00e4iteks lapit\u00f6id.<\/p>\n<p>4 \u00d5MBLUSFONTI<br \/>\nValige sisseehitatud \u00f5mblusfontide hulgast, et<br \/>\nisikup\u00e4rastada projekte s\u00f5nade v\u00f5i fraasidega.<\/p>\n<p>\u00dcHE-SAMMU N\u00d6\u00d6PAUK<br \/>\nTehke kiiresti ja lihtsalt \u00fchesugused n\u00f6\u00f6paugud, mis<br \/>\nsobivad teie n\u00f6\u00f6biga.<\/p>\n<p>KAASAS OLEVAD TARVIKUD<br \/>\nUniversaalne jalg, dekoratiivne \u00f5mblusjalg, t\u00f5mblukujalg,<br \/>\n\u00fcheastmeline n\u00f6\u00f6paugujalg, peit\u00f5mbluse jalg, tikkimisjalg,<br \/>\n170 x 100 mm tikkimisraam, 3 pooli (SINGER\u00ae klass 15<br \/>\nl\u00e4bipaistev pool), niidirulli katted (3), niidirulli alusvilt, lisa<br \/>\nniidirulli varras, kruvikeeraja, puhastushari, \u00f5mblusniit,<br \/>\nn\u00f5elte pakk, serva\/teppimise juhik, niidirulli v\u00f5rk,<br \/>\nmitmeotstarbeline t\u00f6\u00f6riist, puutepliiats.<\/p>\n<\/div>\n<\/div>\n","protected":false},"excerpt":{"rendered":"<p><strong>\u00d5mblus- ja tikkimismasin SINGER\u00ae SE9185<\/strong> on t\u00e4is kasutajas\u00f5bralikke funktsioone, mis meeldivad iga taseme \u00f5mblejale, nagu suur 7-tolline puutekraan, et saaksite selgelt n\u00e4ha, mida \u00f5mblete, ja automaatne n\u00f5elasilma niidistaja, mis v\u00f5imaldab teil kiiresti \u00f5mblema hakata.<\/p>\n","protected":false},"featured_media":61597,"comment_status":"open","ping_status":"closed","template":"","meta":{"_acf_changed":false,"_et_pb_use_builder":"","_et_pb_old_content":"","_et_gb_content_width":"","inline_featured_image":false},"pwb-brand":[588],"product_brand":[],"product_cat":[134,55,152],"product_tag":[666,265,137],"class_list":{"0":"post-61596","1":"product","2":"type-product","3":"status-publish","4":"has-post-thumbnail","6":"pwb-brand-singer","7":"product_cat-eripakkumised","8":"product_cat-omblusmasinad-ja-tarvikud","9":"product_cat-singer","10":"product_tag-omblus-ja-tikkimismasin","11":"product_tag-singer","12":"product_tag-tikkimismasin","14":"first","15":"outofstock","16":"sale","17":"shipping-taxable","18":"purchasable","19":"product-type-simple"},"acf":[],"yoast_head":"<!-- This site is optimized with the Yoast SEO plugin v26.6 - https:\/\/yoast.com\/wordpress\/plugins\/seo\/ -->\n<title>\u00d5mblus- ja tikkimismasin SINGER SE9185<\/title>\n<meta name=\"description\" content=\"\u00d5mblus- ja tikkimismasin SINGER\u00ae SE9185 on t\u00e4is kasutajas\u00f5bralikke funktsioone, mis meeldivad iga taseme \u00f5mblejale, nagu suur 7-tolline puutekraan.\" \/>\n<meta name=\"robots\" content=\"index, follow, max-snippet:-1, max-image-preview:large, max-video-preview:-1\" \/>\n<link rel=\"canonical\" href=\"https:\/\/reginett.ee\/toode\/omblus-ja-tikkimismasin-singer-se9185\/\" \/>\n<meta property=\"og:locale\" content=\"ru_RU\" \/>\n<meta property=\"og:type\" content=\"article\" \/>\n<meta property=\"og:title\" content=\"\u00d5mblus- ja tikkimismasin SINGER SE9185\" \/>\n<meta property=\"og:description\" content=\"\u00d5mblus- ja tikkimismasin SINGER\u00ae SE9185 on t\u00e4is kasutajas\u00f5bralikke funktsioone, mis meeldivad iga taseme \u00f5mblejale, nagu suur 7-tolline puutekraan.\" \/>\n<meta property=\"og:url\" content=\"https:\/\/reginett.ee\/toode\/omblus-ja-tikkimismasin-singer-se9185\/\" \/>\n<meta property=\"og:site_name\" content=\"Reginett\" \/>\n<meta property=\"article:modified_time\" content=\"2025-01-28T13:13:09+00:00\" \/>\n<meta property=\"og:image\" content=\"https:\/\/reginett.ee\/wp-content\/uploads\/2024\/10\/Singer-9185SE.jpg\" \/>\n\t<meta property=\"og:image:width\" content=\"570\" \/>\n\t<meta property=\"og:image:height\" content=\"570\" \/>\n\t<meta property=\"og:image:type\" content=\"image\/jpeg\" \/>\n<meta name=\"twitter:card\" content=\"summary_large_image\" \/>\n<meta name=\"twitter:label1\" content=\"\u041f\u0440\u0438\u043c\u0435\u0440\u043d\u043e\u0435 \u0432\u0440\u0435\u043c\u044f \u0434\u043b\u044f \u0447\u0442\u0435\u043d\u0438\u044f\" \/>\n\t<meta name=\"twitter:data1\" content=\"3 \u043c\u0438\u043d\u0443\u0442\u044b\" \/>\n<script type=\"application\/ld+json\" class=\"yoast-schema-graph\">{\"@context\":\"https:\/\/schema.org\",\"@graph\":[{\"@type\":\"WebPage\",\"@id\":\"https:\/\/reginett.ee\/toode\/omblus-ja-tikkimismasin-singer-se9185\/\",\"url\":\"https:\/\/reginett.ee\/toode\/omblus-ja-tikkimismasin-singer-se9185\/\",\"name\":\"\u00d5mblus- ja tikkimismasin SINGER SE9185\",\"isPartOf\":{\"@id\":\"https:\/\/reginett.ee\/#website\"},\"primaryImageOfPage\":{\"@id\":\"https:\/\/reginett.ee\/toode\/omblus-ja-tikkimismasin-singer-se9185\/#primaryimage\"},\"image\":{\"@id\":\"https:\/\/reginett.ee\/toode\/omblus-ja-tikkimismasin-singer-se9185\/#primaryimage\"},\"thumbnailUrl\":\"https:\/\/reginett.ee\/wp-content\/uploads\/2024\/10\/Singer-9185SE.jpg\",\"datePublished\":\"2024-10-01T09:12:13+00:00\",\"dateModified\":\"2025-01-28T13:13:09+00:00\",\"description\":\"\u00d5mblus- ja tikkimismasin SINGER\u00ae SE9185 on t\u00e4is kasutajas\u00f5bralikke funktsioone, mis meeldivad iga taseme \u00f5mblejale, nagu suur 7-tolline puutekraan.\",\"breadcrumb\":{\"@id\":\"https:\/\/reginett.ee\/toode\/omblus-ja-tikkimismasin-singer-se9185\/#breadcrumb\"},\"inLanguage\":\"ru-RU\",\"potentialAction\":[{\"@type\":\"ReadAction\",\"target\":[\"https:\/\/reginett.ee\/toode\/omblus-ja-tikkimismasin-singer-se9185\/\"]}]},{\"@type\":\"ImageObject\",\"inLanguage\":\"ru-RU\",\"@id\":\"https:\/\/reginett.ee\/toode\/omblus-ja-tikkimismasin-singer-se9185\/#primaryimage\",\"url\":\"https:\/\/reginett.ee\/wp-content\/uploads\/2024\/10\/Singer-9185SE.jpg\",\"contentUrl\":\"https:\/\/reginett.ee\/wp-content\/uploads\/2024\/10\/Singer-9185SE.jpg\",\"width\":570,\"height\":570,\"caption\":\"\u00d5mblus-ja tikkimismasin Singer SE9185\"},{\"@type\":\"BreadcrumbList\",\"@id\":\"https:\/\/reginett.ee\/toode\/omblus-ja-tikkimismasin-singer-se9185\/#breadcrumb\",\"itemListElement\":[{\"@type\":\"ListItem\",\"position\":1,\"name\":\"Home\",\"item\":\"https:\/\/reginett.ee\/ru\/\"},{\"@type\":\"ListItem\",\"position\":2,\"name\":\"Tooted\",\"item\":\"https:\/\/reginett.ee\/tooted\/\"},{\"@type\":\"ListItem\",\"position\":3,\"name\":\"\u00d5mblus- ja tikkimismasin SINGER SE9185\"}]},{\"@type\":\"WebSite\",\"@id\":\"https:\/\/reginett.ee\/#website\",\"url\":\"https:\/\/reginett.ee\/\",\"name\":\"Reginett\",\"description\":\"Parimad robotniidukid\",\"potentialAction\":[{\"@type\":\"SearchAction\",\"target\":{\"@type\":\"EntryPoint\",\"urlTemplate\":\"https:\/\/reginett.ee\/?s={search_term_string}\"},\"query-input\":{\"@type\":\"PropertyValueSpecification\",\"valueRequired\":true,\"valueName\":\"search_term_string\"}}],\"inLanguage\":\"ru-RU\"}]}<\/script>\n<!-- \/ Yoast SEO plugin. -->","yoast_head_json":{"title":"\u00d5mblus- ja tikkimismasin SINGER SE9185","description":"\u00d5mblus- ja tikkimismasin SINGER\u00ae SE9185 on t\u00e4is kasutajas\u00f5bralikke funktsioone, mis meeldivad iga taseme \u00f5mblejale, nagu suur 7-tolline puutekraan.","robots":{"index":"index","follow":"follow","max-snippet":"max-snippet:-1","max-image-preview":"max-image-preview:large","max-video-preview":"max-video-preview:-1"},"canonical":"https:\/\/reginett.ee\/toode\/omblus-ja-tikkimismasin-singer-se9185\/","og_locale":"ru_RU","og_type":"article","og_title":"\u00d5mblus- ja tikkimismasin SINGER SE9185","og_description":"\u00d5mblus- ja tikkimismasin SINGER\u00ae SE9185 on t\u00e4is kasutajas\u00f5bralikke funktsioone, mis meeldivad iga taseme \u00f5mblejale, nagu suur 7-tolline puutekraan.","og_url":"https:\/\/reginett.ee\/toode\/omblus-ja-tikkimismasin-singer-se9185\/","og_site_name":"Reginett","article_modified_time":"2025-01-28T13:13:09+00:00","og_image":[{"width":570,"height":570,"url":"https:\/\/reginett.ee\/wp-content\/uploads\/2024\/10\/Singer-9185SE.jpg","type":"image\/jpeg"}],"twitter_card":"summary_large_image","twitter_misc":{"\u041f\u0440\u0438\u043c\u0435\u0440\u043d\u043e\u0435 \u0432\u0440\u0435\u043c\u044f \u0434\u043b\u044f \u0447\u0442\u0435\u043d\u0438\u044f":"3 \u043c\u0438\u043d\u0443\u0442\u044b"},"schema":{"@context":"https:\/\/schema.org","@graph":[{"@type":"WebPage","@id":"https:\/\/reginett.ee\/toode\/omblus-ja-tikkimismasin-singer-se9185\/","url":"https:\/\/reginett.ee\/toode\/omblus-ja-tikkimismasin-singer-se9185\/","name":"\u00d5mblus- ja tikkimismasin SINGER SE9185","isPartOf":{"@id":"https:\/\/reginett.ee\/#website"},"primaryImageOfPage":{"@id":"https:\/\/reginett.ee\/toode\/omblus-ja-tikkimismasin-singer-se9185\/#primaryimage"},"image":{"@id":"https:\/\/reginett.ee\/toode\/omblus-ja-tikkimismasin-singer-se9185\/#primaryimage"},"thumbnailUrl":"https:\/\/reginett.ee\/wp-content\/uploads\/2024\/10\/Singer-9185SE.jpg","datePublished":"2024-10-01T09:12:13+00:00","dateModified":"2025-01-28T13:13:09+00:00","description":"\u00d5mblus- ja tikkimismasin SINGER\u00ae SE9185 on t\u00e4is kasutajas\u00f5bralikke funktsioone, mis meeldivad iga taseme \u00f5mblejale, nagu suur 7-tolline puutekraan.","breadcrumb":{"@id":"https:\/\/reginett.ee\/toode\/omblus-ja-tikkimismasin-singer-se9185\/#breadcrumb"},"inLanguage":"ru-RU","potentialAction":[{"@type":"ReadAction","target":["https:\/\/reginett.ee\/toode\/omblus-ja-tikkimismasin-singer-se9185\/"]}]},{"@type":"ImageObject","inLanguage":"ru-RU","@id":"https:\/\/reginett.ee\/toode\/omblus-ja-tikkimismasin-singer-se9185\/#primaryimage","url":"https:\/\/reginett.ee\/wp-content\/uploads\/2024\/10\/Singer-9185SE.jpg","contentUrl":"https:\/\/reginett.ee\/wp-content\/uploads\/2024\/10\/Singer-9185SE.jpg","width":570,"height":570,"caption":"\u00d5mblus-ja tikkimismasin Singer SE9185"},{"@type":"BreadcrumbList","@id":"https:\/\/reginett.ee\/toode\/omblus-ja-tikkimismasin-singer-se9185\/#breadcrumb","itemListElement":[{"@type":"ListItem","position":1,"name":"Home","item":"https:\/\/reginett.ee\/ru\/"},{"@type":"ListItem","position":2,"name":"Tooted","item":"https:\/\/reginett.ee\/tooted\/"},{"@type":"ListItem","position":3,"name":"\u00d5mblus- ja tikkimismasin SINGER SE9185"}]},{"@type":"WebSite","@id":"https:\/\/reginett.ee\/#website","url":"https:\/\/reginett.ee\/","name":"Reginett","description":"Parimad robotniidukid","potentialAction":[{"@type":"SearchAction","target":{"@type":"EntryPoint","urlTemplate":"https:\/\/reginett.ee\/?s={search_term_string}"},"query-input":{"@type":"PropertyValueSpecification","valueRequired":true,"valueName":"search_term_string"}}],"inLanguage":"ru-RU"}]}},"brands":[{"id":588,"name":"Singer","slug":"singer"}],"_links":{"self":[{"href":"https:\/\/reginett.ee\/ru\/wp-json\/wp\/v2\/product\/61596","targetHints":{"allow":["GET"]}}],"collection":[{"href":"https:\/\/reginett.ee\/ru\/wp-json\/wp\/v2\/product"}],"about":[{"href":"https:\/\/reginett.ee\/ru\/wp-json\/wp\/v2\/types\/product"}],"replies":[{"embeddable":true,"href":"https:\/\/reginett.ee\/ru\/wp-json\/wp\/v2\/comments?post=61596"}],"wp:featuredmedia":[{"embeddable":true,"href":"https:\/\/reginett.ee\/ru\/wp-json\/wp\/v2\/media\/61597"}],"wp:attachment":[{"href":"https:\/\/reginett.ee\/ru\/wp-json\/wp\/v2\/media?parent=61596"}],"wp:term":[{"taxonomy":"pwb-brand","embeddable":true,"href":"https:\/\/reginett.ee\/ru\/wp-json\/wp\/v2\/pwb-brand?post=61596"},{"taxonomy":"product_brand","embeddable":true,"href":"https:\/\/reginett.ee\/ru\/wp-json\/wp\/v2\/product_brand?post=61596"},{"taxonomy":"product_cat","embeddable":true,"href":"https:\/\/reginett.ee\/ru\/wp-json\/wp\/v2\/product_cat?post=61596"},{"taxonomy":"product_tag","embeddable":true,"href":"https:\/\/reginett.ee\/ru\/wp-json\/wp\/v2\/product_tag?post=61596"}],"curies":[{"name":"wp","href":"https:\/\/api.w.org\/{rel}","templated":true}]}}