{"id":61574,"date":"2024-09-27T12:25:57","date_gmt":"2024-09-27T09:25:57","guid":{"rendered":"https:\/\/reginett.ee\/?post_type=product&#038;p=61574"},"modified":"2026-03-19T15:30:57","modified_gmt":"2026-03-19T12:30:57","slug":"omblusmasin-husqvarna-viking-jade-20-uus","status":"publish","type":"product","link":"https:\/\/reginett.ee\/ru\/toode\/omblusmasin-husqvarna-viking-jade-20-uus\/","title":{"rendered":"\u00d5mblusmasin Husqvarna VIKING Jade 20 UUS!"},"content":{"rendered":"<p><strong>\u00d5mblusmasin Husqvarna Viking Jade 20<\/strong> on v\u00e4ga kaunis ja eriline \u00f5mblusmasin, mis \u00fcllatab oma pilkup\u00fc\u00fcdva disainiga ja suurep\u00e4rase funktsionaalsusega.<\/p>\n<p>Lisaks erilisele v\u00e4limusele on <strong>Husqvarna Viking Jade 20<\/strong> masinal mitmeid funktsioone, mis muudavad \u00f5mblemise mugavaks ja nauditavaks kogemuseks. Sel \u00f5mblusmasinal on automaatne n\u00f5elaniidistaja, n\u00f5ela asend \u00fcleval-all, lisaks sellele on n\u00f5elal 29 erinevat asendit. Koheselt on kaasas 21 erinevat tarvikut.<\/p>\n<p>Masinal on 82 erinevat pistet, mis annavad su loovusele l\u00f5putult v\u00f5imalusi luua p\u00f5nevaid lahendusi.<\/p>\n<p>Suur 200mm \u00f5mblusala annab vabaduse ja v\u00f5imaluse \u00f5mmelda suuri tekke, erinevaid dekoratsioone ja r\u00f5ivaid.<\/p>\n<p>Pressjala soovitusnupp on p\u00f5nev lisa, mis n\u00e4itab LED-ekraanil pressjala soovitust valitud \u00f5mblusoperatsiooni jaoks.<\/p>\n<p>&nbsp;<\/p>\n<p>&nbsp;<\/p>\n<p>&nbsp;<\/p>\n","protected":false},"excerpt":{"rendered":"<p><strong>\u00d5mblusmasin Husqvarna Viking Jade 20<\/strong> on v\u00e4ga kaunis ja eriline \u00f5mblusmasin, mis \u00fcllatab oma pilkup\u00fc\u00fcdva disainiga ja suurep\u00e4rase funktsionaalsusega.<\/p>\n","protected":false},"featured_media":61576,"comment_status":"open","ping_status":"closed","template":"","meta":{"_acf_changed":false,"_et_pb_use_builder":"","_et_pb_old_content":"","_et_gb_content_width":"","inline_featured_image":false},"pwb-brand":[489],"product_brand":[],"product_cat":[55],"product_tag":[665,664,663,102],"class_list":{"0":"post-61574","1":"product","2":"type-product","3":"status-publish","4":"has-post-thumbnail","6":"pwb-brand-husqvarna-viking","7":"product_cat-omblusmasinad-ja-tarvikud","8":"product_tag-husqvarna-viking-jade-20","9":"product_tag-jade-20","10":"product_tag-omblusamsin","11":"product_tag-omblusmasin","13":"first","14":"outofstock","15":"sale","16":"shipping-taxable","17":"purchasable","18":"product-type-simple"},"acf":[],"yoast_head":"<!-- This site is optimized with the Yoast SEO plugin v26.6 - https:\/\/yoast.com\/wordpress\/plugins\/seo\/ -->\n<title>\u00d5mblusmasin Husqvarna Viking Jade 20 UUS!<\/title>\n<meta name=\"description\" content=\"\u00d5mblusmasin Husqvarna Viking Jade 20 on v\u00e4ga kaunis ja eriline \u00f5mblusmasin, mis \u00fcllatab oma pilkup\u00fc\u00fcdva disainiga ja suurep\u00e4rase funktsionaalsusega.\" \/>\n<meta name=\"robots\" content=\"index, follow, max-snippet:-1, max-image-preview:large, max-video-preview:-1\" \/>\n<link rel=\"canonical\" href=\"https:\/\/reginett.ee\/toode\/omblusmasin-husqvarna-viking-jade-20-uus\/\" \/>\n<meta property=\"og:locale\" content=\"ru_RU\" \/>\n<meta property=\"og:type\" content=\"article\" \/>\n<meta property=\"og:title\" content=\"\u00d5mblusmasin Husqvarna Viking Jade 20 UUS!\" \/>\n<meta property=\"og:description\" content=\"\u00d5mblusmasin Husqvarna Viking Jade 20 on v\u00e4ga kaunis ja eriline \u00f5mblusmasin, mis \u00fcllatab oma pilkup\u00fc\u00fcdva disainiga ja suurep\u00e4rase funktsionaalsusega.\" \/>\n<meta property=\"og:url\" content=\"https:\/\/reginett.ee\/toode\/omblusmasin-husqvarna-viking-jade-20-uus\/\" \/>\n<meta property=\"og:site_name\" content=\"Reginett\" \/>\n<meta property=\"article:modified_time\" content=\"2026-03-19T12:30:57+00:00\" \/>\n<meta property=\"og:image\" content=\"https:\/\/reginett.ee\/wp-content\/uploads\/2024\/09\/omblusmasin-Husqvarna-Viking-Jade-20.webp\" \/>\n\t<meta property=\"og:image:width\" content=\"680\" \/>\n\t<meta property=\"og:image:height\" content=\"372\" \/>\n\t<meta property=\"og:image:type\" content=\"image\/webp\" \/>\n<meta name=\"twitter:card\" content=\"summary_large_image\" \/>\n<meta name=\"twitter:label1\" content=\"\u041f\u0440\u0438\u043c\u0435\u0440\u043d\u043e\u0435 \u0432\u0440\u0435\u043c\u044f \u0434\u043b\u044f \u0447\u0442\u0435\u043d\u0438\u044f\" \/>\n\t<meta name=\"twitter:data1\" content=\"1 \u043c\u0438\u043d\u0443\u0442\u0430\" \/>\n<script type=\"application\/ld+json\" class=\"yoast-schema-graph\">{\"@context\":\"https:\/\/schema.org\",\"@graph\":[{\"@type\":\"WebPage\",\"@id\":\"https:\/\/reginett.ee\/toode\/omblusmasin-husqvarna-viking-jade-20-uus\/\",\"url\":\"https:\/\/reginett.ee\/toode\/omblusmasin-husqvarna-viking-jade-20-uus\/\",\"name\":\"\u00d5mblusmasin Husqvarna Viking Jade 20 UUS!\",\"isPartOf\":{\"@id\":\"https:\/\/reginett.ee\/#website\"},\"primaryImageOfPage\":{\"@id\":\"https:\/\/reginett.ee\/toode\/omblusmasin-husqvarna-viking-jade-20-uus\/#primaryimage\"},\"image\":{\"@id\":\"https:\/\/reginett.ee\/toode\/omblusmasin-husqvarna-viking-jade-20-uus\/#primaryimage\"},\"thumbnailUrl\":\"https:\/\/reginett.ee\/wp-content\/uploads\/2024\/09\/omblusmasin-Husqvarna-Viking-Jade-20.webp\",\"datePublished\":\"2024-09-27T09:25:57+00:00\",\"dateModified\":\"2026-03-19T12:30:57+00:00\",\"description\":\"\u00d5mblusmasin Husqvarna Viking Jade 20 on v\u00e4ga kaunis ja eriline \u00f5mblusmasin, mis \u00fcllatab oma pilkup\u00fc\u00fcdva disainiga ja suurep\u00e4rase funktsionaalsusega.\",\"breadcrumb\":{\"@id\":\"https:\/\/reginett.ee\/toode\/omblusmasin-husqvarna-viking-jade-20-uus\/#breadcrumb\"},\"inLanguage\":\"ru-RU\",\"potentialAction\":[{\"@type\":\"ReadAction\",\"target\":[\"https:\/\/reginett.ee\/toode\/omblusmasin-husqvarna-viking-jade-20-uus\/\"]}]},{\"@type\":\"ImageObject\",\"inLanguage\":\"ru-RU\",\"@id\":\"https:\/\/reginett.ee\/toode\/omblusmasin-husqvarna-viking-jade-20-uus\/#primaryimage\",\"url\":\"https:\/\/reginett.ee\/wp-content\/uploads\/2024\/09\/omblusmasin-Husqvarna-Viking-Jade-20.webp\",\"contentUrl\":\"https:\/\/reginett.ee\/wp-content\/uploads\/2024\/09\/omblusmasin-Husqvarna-Viking-Jade-20.webp\",\"width\":680,\"height\":372,\"caption\":\"\u00d5mblusmasin Husqvarna Viking Jade 20\"},{\"@type\":\"BreadcrumbList\",\"@id\":\"https:\/\/reginett.ee\/toode\/omblusmasin-husqvarna-viking-jade-20-uus\/#breadcrumb\",\"itemListElement\":[{\"@type\":\"ListItem\",\"position\":1,\"name\":\"Home\",\"item\":\"https:\/\/reginett.ee\/ru\/\"},{\"@type\":\"ListItem\",\"position\":2,\"name\":\"Tooted\",\"item\":\"https:\/\/reginett.ee\/tooted\/\"},{\"@type\":\"ListItem\",\"position\":3,\"name\":\"\u00d5mblusmasin Husqvarna VIKING Jade 20 UUS!\"}]},{\"@type\":\"WebSite\",\"@id\":\"https:\/\/reginett.ee\/#website\",\"url\":\"https:\/\/reginett.ee\/\",\"name\":\"Reginett\",\"description\":\"Parimad robotniidukid\",\"potentialAction\":[{\"@type\":\"SearchAction\",\"target\":{\"@type\":\"EntryPoint\",\"urlTemplate\":\"https:\/\/reginett.ee\/?s={search_term_string}\"},\"query-input\":{\"@type\":\"PropertyValueSpecification\",\"valueRequired\":true,\"valueName\":\"search_term_string\"}}],\"inLanguage\":\"ru-RU\"}]}<\/script>\n<!-- \/ Yoast SEO plugin. -->","yoast_head_json":{"title":"\u00d5mblusmasin Husqvarna Viking Jade 20 UUS!","description":"\u00d5mblusmasin Husqvarna Viking Jade 20 on v\u00e4ga kaunis ja eriline \u00f5mblusmasin, mis \u00fcllatab oma pilkup\u00fc\u00fcdva disainiga ja suurep\u00e4rase funktsionaalsusega.","robots":{"index":"index","follow":"follow","max-snippet":"max-snippet:-1","max-image-preview":"max-image-preview:large","max-video-preview":"max-video-preview:-1"},"canonical":"https:\/\/reginett.ee\/toode\/omblusmasin-husqvarna-viking-jade-20-uus\/","og_locale":"ru_RU","og_type":"article","og_title":"\u00d5mblusmasin Husqvarna Viking Jade 20 UUS!","og_description":"\u00d5mblusmasin Husqvarna Viking Jade 20 on v\u00e4ga kaunis ja eriline \u00f5mblusmasin, mis \u00fcllatab oma pilkup\u00fc\u00fcdva disainiga ja suurep\u00e4rase funktsionaalsusega.","og_url":"https:\/\/reginett.ee\/toode\/omblusmasin-husqvarna-viking-jade-20-uus\/","og_site_name":"Reginett","article_modified_time":"2026-03-19T12:30:57+00:00","og_image":[{"width":680,"height":372,"url":"https:\/\/reginett.ee\/wp-content\/uploads\/2024\/09\/omblusmasin-Husqvarna-Viking-Jade-20.webp","type":"image\/webp"}],"twitter_card":"summary_large_image","twitter_misc":{"\u041f\u0440\u0438\u043c\u0435\u0440\u043d\u043e\u0435 \u0432\u0440\u0435\u043c\u044f \u0434\u043b\u044f \u0447\u0442\u0435\u043d\u0438\u044f":"1 \u043c\u0438\u043d\u0443\u0442\u0430"},"schema":{"@context":"https:\/\/schema.org","@graph":[{"@type":"WebPage","@id":"https:\/\/reginett.ee\/toode\/omblusmasin-husqvarna-viking-jade-20-uus\/","url":"https:\/\/reginett.ee\/toode\/omblusmasin-husqvarna-viking-jade-20-uus\/","name":"\u00d5mblusmasin Husqvarna Viking Jade 20 UUS!","isPartOf":{"@id":"https:\/\/reginett.ee\/#website"},"primaryImageOfPage":{"@id":"https:\/\/reginett.ee\/toode\/omblusmasin-husqvarna-viking-jade-20-uus\/#primaryimage"},"image":{"@id":"https:\/\/reginett.ee\/toode\/omblusmasin-husqvarna-viking-jade-20-uus\/#primaryimage"},"thumbnailUrl":"https:\/\/reginett.ee\/wp-content\/uploads\/2024\/09\/omblusmasin-Husqvarna-Viking-Jade-20.webp","datePublished":"2024-09-27T09:25:57+00:00","dateModified":"2026-03-19T12:30:57+00:00","description":"\u00d5mblusmasin Husqvarna Viking Jade 20 on v\u00e4ga kaunis ja eriline \u00f5mblusmasin, mis \u00fcllatab oma pilkup\u00fc\u00fcdva disainiga ja suurep\u00e4rase funktsionaalsusega.","breadcrumb":{"@id":"https:\/\/reginett.ee\/toode\/omblusmasin-husqvarna-viking-jade-20-uus\/#breadcrumb"},"inLanguage":"ru-RU","potentialAction":[{"@type":"ReadAction","target":["https:\/\/reginett.ee\/toode\/omblusmasin-husqvarna-viking-jade-20-uus\/"]}]},{"@type":"ImageObject","inLanguage":"ru-RU","@id":"https:\/\/reginett.ee\/toode\/omblusmasin-husqvarna-viking-jade-20-uus\/#primaryimage","url":"https:\/\/reginett.ee\/wp-content\/uploads\/2024\/09\/omblusmasin-Husqvarna-Viking-Jade-20.webp","contentUrl":"https:\/\/reginett.ee\/wp-content\/uploads\/2024\/09\/omblusmasin-Husqvarna-Viking-Jade-20.webp","width":680,"height":372,"caption":"\u00d5mblusmasin Husqvarna Viking Jade 20"},{"@type":"BreadcrumbList","@id":"https:\/\/reginett.ee\/toode\/omblusmasin-husqvarna-viking-jade-20-uus\/#breadcrumb","itemListElement":[{"@type":"ListItem","position":1,"name":"Home","item":"https:\/\/reginett.ee\/ru\/"},{"@type":"ListItem","position":2,"name":"Tooted","item":"https:\/\/reginett.ee\/tooted\/"},{"@type":"ListItem","position":3,"name":"\u00d5mblusmasin Husqvarna VIKING Jade 20 UUS!"}]},{"@type":"WebSite","@id":"https:\/\/reginett.ee\/#website","url":"https:\/\/reginett.ee\/","name":"Reginett","description":"Parimad robotniidukid","potentialAction":[{"@type":"SearchAction","target":{"@type":"EntryPoint","urlTemplate":"https:\/\/reginett.ee\/?s={search_term_string}"},"query-input":{"@type":"PropertyValueSpecification","valueRequired":true,"valueName":"search_term_string"}}],"inLanguage":"ru-RU"}]}},"brands":[{"id":489,"name":"Husqvarna Viking","slug":"husqvarna-viking"}],"_links":{"self":[{"href":"https:\/\/reginett.ee\/ru\/wp-json\/wp\/v2\/product\/61574","targetHints":{"allow":["GET"]}}],"collection":[{"href":"https:\/\/reginett.ee\/ru\/wp-json\/wp\/v2\/product"}],"about":[{"href":"https:\/\/reginett.ee\/ru\/wp-json\/wp\/v2\/types\/product"}],"replies":[{"embeddable":true,"href":"https:\/\/reginett.ee\/ru\/wp-json\/wp\/v2\/comments?post=61574"}],"wp:featuredmedia":[{"embeddable":true,"href":"https:\/\/reginett.ee\/ru\/wp-json\/wp\/v2\/media\/61576"}],"wp:attachment":[{"href":"https:\/\/reginett.ee\/ru\/wp-json\/wp\/v2\/media?parent=61574"}],"wp:term":[{"taxonomy":"pwb-brand","embeddable":true,"href":"https:\/\/reginett.ee\/ru\/wp-json\/wp\/v2\/pwb-brand?post=61574"},{"taxonomy":"product_brand","embeddable":true,"href":"https:\/\/reginett.ee\/ru\/wp-json\/wp\/v2\/product_brand?post=61574"},{"taxonomy":"product_cat","embeddable":true,"href":"https:\/\/reginett.ee\/ru\/wp-json\/wp\/v2\/product_cat?post=61574"},{"taxonomy":"product_tag","embeddable":true,"href":"https:\/\/reginett.ee\/ru\/wp-json\/wp\/v2\/product_tag?post=61574"}],"curies":[{"name":"wp","href":"https:\/\/api.w.org\/{rel}","templated":true}]}}