{"id":61416,"date":"2026-03-02T09:36:04","date_gmt":"2026-03-02T06:36:04","guid":{"rendered":"https:\/\/reginett.ee\/?post_type=product&#038;p=61416"},"modified":"2026-03-03T11:45:07","modified_gmt":"2026-03-03T08:45:07","slug":"minitraktor-campo-t12-4x4-diisel-g2-uus","status":"publish","type":"product","link":"https:\/\/reginett.ee\/ru\/toode\/minitraktor-campo-t12-4x4-diisel-g2-uus\/","title":{"rendered":"Minitraktor Campo T12 4&#215;4 diisel G2 UUS!"},"content":{"rendered":"<p>Uus, muudetud disainiga <strong>Campo T12 4&#215;4 G2<\/strong> on usaldusv\u00e4\u00e4rne partner erinevateks aiat\u00f6\u00f6deks. See 12hj diiselmootoriga varustatud v\u00e4iketraktor pakub suurt p\u00f6\u00f6rdemomenti ja madalat k\u00fctusekulu.<\/p>\n<p>Suured s\u00fcgava mustriga rattad ees ja taga ning pidev nelikvedu pakuvad paremat l\u00e4bivust ja v\u00f5imaldavad t\u00f6\u00f6tada ka raskemates tingimustes.<\/p>\n<p>Kerge rool pakub s\u00f5idumugavust ja esimene ning tagumine h\u00fcdros\u00fcsteem v\u00f5imaldavad kasutada erinevaid lisatarvikuid nagu n\u00e4iteks sahk, mullafrees, vasarniiduk, ader, j\u00e4relk\u00e4ru jne.<\/p>\n<p>Campo v\u00e4iketraktoril on kaks k\u00e4iku edasi ja \u00fcks tagasi, lisaks LED-tuled, reguleeritav ergonoomiline rool, kapott.<\/p>\n<p><strong>Saadaval ka bensiinimootoriga minitraktori mudel Campo T18 4&#215;4 G2!<\/strong><\/p>\n<p>&nbsp;<\/p>\n<h4><span style=\"color: #808080;\"><strong>PS! Transporditeenus ainult Mandri-Eesti piires!<\/strong><\/span><\/h4>\n","protected":false},"excerpt":{"rendered":"<h3><span style=\"color: #ff0000;\"><strong>TRAKTORIGA KINGITUSEKS KAASA TASUTA MULLAFREES (v\u00e4\u00e4rtusega 899.-)!<\/strong><\/span><\/h3>\n<p>&nbsp;<\/p>\n<p>Uus, muudetud disainiga <strong>Campo T12 4&#215;4 G2<\/strong> on usaldusv\u00e4\u00e4rne partner erinevateks aiat\u00f6\u00f6deks. See 12hj diiselmootoriga varustatud v\u00e4iketraktor pakub suurt p\u00f6\u00f6rdemomenti ja madalat k\u00fctusekulu.<\/p>\n<p>Suured s\u00fcgava mustriga rattad ees ja taga ning pidev nelikvedu pakuvad paremat l\u00e4bivust ja v\u00f5imaldavad t\u00f6\u00f6tada ka raskemates tingimustes.<\/p>\n<p><strong>Saadaval ka bensiinimootoriga minitraktor Campo mudel!<\/strong><\/p>\n<p>&lt;ps<\/p>\n","protected":false},"featured_media":61417,"comment_status":"open","ping_status":"closed","template":"","meta":{"_acf_changed":false,"_et_pb_use_builder":"","_et_pb_old_content":"","_et_gb_content_width":"","inline_featured_image":false},"pwb-brand":[556],"product_brand":[],"product_cat":[480,650,134,26],"product_tag":[],"class_list":{"0":"post-61416","1":"product","2":"type-product","3":"status-publish","4":"has-post-thumbnail","6":"pwb-brand-campo","7":"product_cat-aiatoo","8":"product_cat-www-reginett-ee-vaiketraktorid","9":"product_cat-eripakkumised","10":"product_cat-murutraktorid","12":"first","13":"instock","14":"sale","15":"shipping-taxable","16":"purchasable","17":"product-type-simple"},"acf":[],"yoast_head":"<!-- This site is optimized with the Yoast SEO plugin v26.6 - https:\/\/yoast.com\/wordpress\/plugins\/seo\/ -->\n<title>Minitraktor Campo T12 4x4 G2 uus Reginett<\/title>\n<meta name=\"description\" content=\"Uus, muudetud disainiga Campo T12 4x4 G2 on usaldusv\u00e4\u00e4rne partner erinevateks aiat\u00f6\u00f6deks. See 12hj diiselmootoriga varustatud traktor\" \/>\n<meta name=\"robots\" content=\"index, follow, max-snippet:-1, max-image-preview:large, max-video-preview:-1\" \/>\n<link rel=\"canonical\" href=\"https:\/\/reginett.ee\/toode\/minitraktor-campo-t12-4x4-diisel-g2-uus\/\" \/>\n<meta property=\"og:locale\" content=\"ru_RU\" \/>\n<meta property=\"og:type\" content=\"article\" \/>\n<meta property=\"og:title\" content=\"Minitraktor Campo T12 4x4 G2 uus Reginett\" \/>\n<meta property=\"og:description\" content=\"Uus, muudetud disainiga Campo T12 4x4 G2 on usaldusv\u00e4\u00e4rne partner erinevateks aiat\u00f6\u00f6deks. See 12hj diiselmootoriga varustatud traktor\" \/>\n<meta property=\"og:url\" content=\"https:\/\/reginett.ee\/toode\/minitraktor-campo-t12-4x4-diisel-g2-uus\/\" \/>\n<meta property=\"og:site_name\" content=\"Reginett\" \/>\n<meta property=\"article:modified_time\" content=\"2026-03-03T08:45:07+00:00\" \/>\n<meta property=\"og:image\" content=\"https:\/\/reginett.ee\/wp-content\/uploads\/2024\/08\/Vaiketraktor-Campo-T12-4x4-G2-Reginett.webp\" \/>\n\t<meta property=\"og:image:width\" content=\"680\" \/>\n\t<meta property=\"og:image:height\" content=\"372\" \/>\n\t<meta property=\"og:image:type\" content=\"image\/webp\" \/>\n<meta name=\"twitter:card\" content=\"summary_large_image\" \/>\n<meta name=\"twitter:label1\" content=\"\u041f\u0440\u0438\u043c\u0435\u0440\u043d\u043e\u0435 \u0432\u0440\u0435\u043c\u044f \u0434\u043b\u044f \u0447\u0442\u0435\u043d\u0438\u044f\" \/>\n\t<meta name=\"twitter:data1\" content=\"1 \u043c\u0438\u043d\u0443\u0442\u0430\" \/>\n<script type=\"application\/ld+json\" class=\"yoast-schema-graph\">{\"@context\":\"https:\/\/schema.org\",\"@graph\":[{\"@type\":\"WebPage\",\"@id\":\"https:\/\/reginett.ee\/toode\/minitraktor-campo-t12-4x4-diisel-g2-uus\/\",\"url\":\"https:\/\/reginett.ee\/toode\/minitraktor-campo-t12-4x4-diisel-g2-uus\/\",\"name\":\"Minitraktor Campo T12 4x4 G2 uus Reginett\",\"isPartOf\":{\"@id\":\"https:\/\/reginett.ee\/#website\"},\"primaryImageOfPage\":{\"@id\":\"https:\/\/reginett.ee\/toode\/minitraktor-campo-t12-4x4-diisel-g2-uus\/#primaryimage\"},\"image\":{\"@id\":\"https:\/\/reginett.ee\/toode\/minitraktor-campo-t12-4x4-diisel-g2-uus\/#primaryimage\"},\"thumbnailUrl\":\"https:\/\/reginett.ee\/wp-content\/uploads\/2024\/08\/Vaiketraktor-Campo-T12-4x4-G2-Reginett.webp\",\"datePublished\":\"2026-03-02T06:36:04+00:00\",\"dateModified\":\"2026-03-03T08:45:07+00:00\",\"description\":\"Uus, muudetud disainiga Campo T12 4x4 G2 on usaldusv\u00e4\u00e4rne partner erinevateks aiat\u00f6\u00f6deks. See 12hj diiselmootoriga varustatud traktor\",\"breadcrumb\":{\"@id\":\"https:\/\/reginett.ee\/toode\/minitraktor-campo-t12-4x4-diisel-g2-uus\/#breadcrumb\"},\"inLanguage\":\"ru-RU\",\"potentialAction\":[{\"@type\":\"ReadAction\",\"target\":[\"https:\/\/reginett.ee\/toode\/minitraktor-campo-t12-4x4-diisel-g2-uus\/\"]}]},{\"@type\":\"ImageObject\",\"inLanguage\":\"ru-RU\",\"@id\":\"https:\/\/reginett.ee\/toode\/minitraktor-campo-t12-4x4-diisel-g2-uus\/#primaryimage\",\"url\":\"https:\/\/reginett.ee\/wp-content\/uploads\/2024\/08\/Vaiketraktor-Campo-T12-4x4-G2-Reginett.webp\",\"contentUrl\":\"https:\/\/reginett.ee\/wp-content\/uploads\/2024\/08\/Vaiketraktor-Campo-T12-4x4-G2-Reginett.webp\",\"width\":680,\"height\":372,\"caption\":\"V\u00e4iketraktor Campo T12 4x4 G2\"},{\"@type\":\"BreadcrumbList\",\"@id\":\"https:\/\/reginett.ee\/toode\/minitraktor-campo-t12-4x4-diisel-g2-uus\/#breadcrumb\",\"itemListElement\":[{\"@type\":\"ListItem\",\"position\":1,\"name\":\"Home\",\"item\":\"https:\/\/reginett.ee\/ru\/\"},{\"@type\":\"ListItem\",\"position\":2,\"name\":\"Tooted\",\"item\":\"https:\/\/reginett.ee\/tooted\/\"},{\"@type\":\"ListItem\",\"position\":3,\"name\":\"Minitraktor Campo T12 4&#215;4 diisel G2 UUS!\"}]},{\"@type\":\"WebSite\",\"@id\":\"https:\/\/reginett.ee\/#website\",\"url\":\"https:\/\/reginett.ee\/\",\"name\":\"Reginett\",\"description\":\"Parimad robotniidukid\",\"potentialAction\":[{\"@type\":\"SearchAction\",\"target\":{\"@type\":\"EntryPoint\",\"urlTemplate\":\"https:\/\/reginett.ee\/?s={search_term_string}\"},\"query-input\":{\"@type\":\"PropertyValueSpecification\",\"valueRequired\":true,\"valueName\":\"search_term_string\"}}],\"inLanguage\":\"ru-RU\"}]}<\/script>\n<!-- \/ Yoast SEO plugin. -->","yoast_head_json":{"title":"Minitraktor Campo T12 4x4 G2 uus Reginett","description":"Uus, muudetud disainiga Campo T12 4x4 G2 on usaldusv\u00e4\u00e4rne partner erinevateks aiat\u00f6\u00f6deks. See 12hj diiselmootoriga varustatud traktor","robots":{"index":"index","follow":"follow","max-snippet":"max-snippet:-1","max-image-preview":"max-image-preview:large","max-video-preview":"max-video-preview:-1"},"canonical":"https:\/\/reginett.ee\/toode\/minitraktor-campo-t12-4x4-diisel-g2-uus\/","og_locale":"ru_RU","og_type":"article","og_title":"Minitraktor Campo T12 4x4 G2 uus Reginett","og_description":"Uus, muudetud disainiga Campo T12 4x4 G2 on usaldusv\u00e4\u00e4rne partner erinevateks aiat\u00f6\u00f6deks. See 12hj diiselmootoriga varustatud traktor","og_url":"https:\/\/reginett.ee\/toode\/minitraktor-campo-t12-4x4-diisel-g2-uus\/","og_site_name":"Reginett","article_modified_time":"2026-03-03T08:45:07+00:00","og_image":[{"width":680,"height":372,"url":"https:\/\/reginett.ee\/wp-content\/uploads\/2024\/08\/Vaiketraktor-Campo-T12-4x4-G2-Reginett.webp","type":"image\/webp"}],"twitter_card":"summary_large_image","twitter_misc":{"\u041f\u0440\u0438\u043c\u0435\u0440\u043d\u043e\u0435 \u0432\u0440\u0435\u043c\u044f \u0434\u043b\u044f \u0447\u0442\u0435\u043d\u0438\u044f":"1 \u043c\u0438\u043d\u0443\u0442\u0430"},"schema":{"@context":"https:\/\/schema.org","@graph":[{"@type":"WebPage","@id":"https:\/\/reginett.ee\/toode\/minitraktor-campo-t12-4x4-diisel-g2-uus\/","url":"https:\/\/reginett.ee\/toode\/minitraktor-campo-t12-4x4-diisel-g2-uus\/","name":"Minitraktor Campo T12 4x4 G2 uus Reginett","isPartOf":{"@id":"https:\/\/reginett.ee\/#website"},"primaryImageOfPage":{"@id":"https:\/\/reginett.ee\/toode\/minitraktor-campo-t12-4x4-diisel-g2-uus\/#primaryimage"},"image":{"@id":"https:\/\/reginett.ee\/toode\/minitraktor-campo-t12-4x4-diisel-g2-uus\/#primaryimage"},"thumbnailUrl":"https:\/\/reginett.ee\/wp-content\/uploads\/2024\/08\/Vaiketraktor-Campo-T12-4x4-G2-Reginett.webp","datePublished":"2026-03-02T06:36:04+00:00","dateModified":"2026-03-03T08:45:07+00:00","description":"Uus, muudetud disainiga Campo T12 4x4 G2 on usaldusv\u00e4\u00e4rne partner erinevateks aiat\u00f6\u00f6deks. See 12hj diiselmootoriga varustatud traktor","breadcrumb":{"@id":"https:\/\/reginett.ee\/toode\/minitraktor-campo-t12-4x4-diisel-g2-uus\/#breadcrumb"},"inLanguage":"ru-RU","potentialAction":[{"@type":"ReadAction","target":["https:\/\/reginett.ee\/toode\/minitraktor-campo-t12-4x4-diisel-g2-uus\/"]}]},{"@type":"ImageObject","inLanguage":"ru-RU","@id":"https:\/\/reginett.ee\/toode\/minitraktor-campo-t12-4x4-diisel-g2-uus\/#primaryimage","url":"https:\/\/reginett.ee\/wp-content\/uploads\/2024\/08\/Vaiketraktor-Campo-T12-4x4-G2-Reginett.webp","contentUrl":"https:\/\/reginett.ee\/wp-content\/uploads\/2024\/08\/Vaiketraktor-Campo-T12-4x4-G2-Reginett.webp","width":680,"height":372,"caption":"V\u00e4iketraktor Campo T12 4x4 G2"},{"@type":"BreadcrumbList","@id":"https:\/\/reginett.ee\/toode\/minitraktor-campo-t12-4x4-diisel-g2-uus\/#breadcrumb","itemListElement":[{"@type":"ListItem","position":1,"name":"Home","item":"https:\/\/reginett.ee\/ru\/"},{"@type":"ListItem","position":2,"name":"Tooted","item":"https:\/\/reginett.ee\/tooted\/"},{"@type":"ListItem","position":3,"name":"Minitraktor Campo T12 4&#215;4 diisel G2 UUS!"}]},{"@type":"WebSite","@id":"https:\/\/reginett.ee\/#website","url":"https:\/\/reginett.ee\/","name":"Reginett","description":"Parimad robotniidukid","potentialAction":[{"@type":"SearchAction","target":{"@type":"EntryPoint","urlTemplate":"https:\/\/reginett.ee\/?s={search_term_string}"},"query-input":{"@type":"PropertyValueSpecification","valueRequired":true,"valueName":"search_term_string"}}],"inLanguage":"ru-RU"}]}},"brands":[{"id":556,"name":"CAMPO","slug":"campo"}],"_links":{"self":[{"href":"https:\/\/reginett.ee\/ru\/wp-json\/wp\/v2\/product\/61416","targetHints":{"allow":["GET"]}}],"collection":[{"href":"https:\/\/reginett.ee\/ru\/wp-json\/wp\/v2\/product"}],"about":[{"href":"https:\/\/reginett.ee\/ru\/wp-json\/wp\/v2\/types\/product"}],"replies":[{"embeddable":true,"href":"https:\/\/reginett.ee\/ru\/wp-json\/wp\/v2\/comments?post=61416"}],"wp:featuredmedia":[{"embeddable":true,"href":"https:\/\/reginett.ee\/ru\/wp-json\/wp\/v2\/media\/61417"}],"wp:attachment":[{"href":"https:\/\/reginett.ee\/ru\/wp-json\/wp\/v2\/media?parent=61416"}],"wp:term":[{"taxonomy":"pwb-brand","embeddable":true,"href":"https:\/\/reginett.ee\/ru\/wp-json\/wp\/v2\/pwb-brand?post=61416"},{"taxonomy":"product_brand","embeddable":true,"href":"https:\/\/reginett.ee\/ru\/wp-json\/wp\/v2\/product_brand?post=61416"},{"taxonomy":"product_cat","embeddable":true,"href":"https:\/\/reginett.ee\/ru\/wp-json\/wp\/v2\/product_cat?post=61416"},{"taxonomy":"product_tag","embeddable":true,"href":"https:\/\/reginett.ee\/ru\/wp-json\/wp\/v2\/product_tag?post=61416"}],"curies":[{"name":"wp","href":"https:\/\/api.w.org\/{rel}","templated":true}]}}