{"id":61384,"date":"2025-08-10T09:43:26","date_gmt":"2025-08-10T06:43:26","guid":{"rendered":"https:\/\/reginett.ee\/?post_type=product&#038;p=61384"},"modified":"2025-12-22T15:00:57","modified_gmt":"2025-12-22T12:00:57","slug":"robotniiduk-husqvarna-automower-520","status":"publish","type":"product","link":"https:\/\/reginett.ee\/ru\/toode\/robotniiduk-husqvarna-automower-520\/","title":{"rendered":"Robotniiduk Husqvarna Automower\u00ae 520"},"content":{"rendered":"<h4 class=\"ui-ql ui-jp ui-qp\">Virtuaalsete piiridega robotniiduk kuni 5000 m\u00b2 suurustele haljasaladele<\/h4>\n<div class=\"ui-ql ui-jp ui-j4 ui-io ui-qt\">\n<div class=\"hbd-editorial\"><strong>Husqvarna Automower\u00ae 520 <\/strong>on robotniiduk, mis on m\u00f5eldud kommertskasutuseks ja mis on tuntud Automower\u00ae 550 EPOS s\u00f5sarmudel.<\/div>\n<div class=\"hbd-editorial\">Niiduk liigub h\u00f5lpsasti ka kitsastes l\u00e4bip\u00e4\u00e4sudes ja suudab saavutada t\u00e4iusliku l\u00f5iketulemuse kuni 45% (24\u00b0) kallakutel isegi vihmastes tingimustes.<\/div>\n<div><\/div>\n<div class=\"hbd-editorial\"><\/div>\n<div>randage muru visuaalset muljet, muutes niitmismustrit. EPOS\u2122-tehnoloogia abil saab niiduk t\u00f6\u00f6tada paralleelselt liikudes v\u00f5i luua mitmesuguseid vorme, nagu rombid, kolmnurgad ja ruudud.<\/div>\n<\/div>\n<div>\n<h3 class=\"hui-spacing--sm-mt-4-times-8 qDVd74V+99zfGRPQ6w+YDw==\">Hoiatustuled<\/h3>\n<p class=\"hui-spacing--sm-mt-4-times-4 K2PbruRyOKhyQZiENIYSog==\">Hoiatustuled annavad m\u00e4rku niiduki t\u00f6\u00f6tamisest avalikus kohas pimedal ja h\u00e4maral ajal ning suurendavad ohutust.<\/p>\n<h3 class=\"hui-spacing--sm-mt-4-times-8 qDVd74V+99zfGRPQ6w+YDw==\">Husqvarna Fleet Services\u2122<\/h3>\n<p class=\"hui-spacing--sm-mt-4-times-4 K2PbruRyOKhyQZiENIYSog==\">Husqvarna Fleet Services\u2122 annab teile t\u00e4ieliku kontrolli niiduki \u00fcle koos v\u00f5imalusega j\u00e4lgida, juhtida ja anal\u00fc\u00fcsida kogu masinaparki oma nutitelefonist, tahvelarvutist v\u00f5i s\u00fclearvutist. Saate vaadata niidukite staatust ja t\u00e4pset asukohta, anda neile k\u00e4skluse k\u00e4ivitada\/peatuda v\u00f5i anda grupik\u00e4sklused parkida tormihoiatuse v\u00f5i \u00e4ikese korral. Seadistused ja l\u00f5ikek\u00f5rgused on lihtsalt reguleeritavad. V\u00f5tke vastu h\u00e4ireid ja j\u00e4lgige niiduki asukohta varguse korral \u2013 k\u00f5ikjalt. Automower Connecti tugi on vajalik paigaldamise ajal ja EPOS-i piirdekaablita paigalduste redigeerimisel.<\/p>\n<\/div>\n","protected":false},"excerpt":{"rendered":"<p><strong>Husqvarna Automower\u00ae 520\u00a0EPOS\u2122<\/strong> on robotniiduk, mis on m\u00f5eldud kommertskasutuseks ja mis on tuntud Automower\u00ae 550\u00a0EPOS s\u00f5sarmudel.<\/p>\n<div class=\"hbd-editorial\"><strong>EPOS\u2122 RS5<\/strong> tugijaam on eraldi saadaval lisatarvikuna (999.-)!<\/div>\n<div><\/div>\n","protected":false},"featured_media":61394,"comment_status":"open","ping_status":"closed","template":"","meta":{"_acf_changed":false,"_et_pb_use_builder":"","_et_pb_old_content":"","_et_gb_content_width":"","inline_featured_image":false},"pwb-brand":[147],"product_brand":[],"product_cat":[134,37,19],"product_tag":[],"class_list":{"0":"post-61384","1":"product","2":"type-product","3":"status-publish","4":"has-post-thumbnail","6":"pwb-brand-husqvarna","7":"product_cat-eripakkumised","8":"product_cat-husqvarna","9":"product_cat-robotniidukid","10":"product_shipping_class-soodsam-kuller-15-eur","12":"first","13":"instock","14":"sale","15":"shipping-taxable","16":"purchasable","17":"product-type-simple"},"acf":[],"yoast_head":"<!-- This site is optimized with the Yoast SEO plugin v26.6 - https:\/\/yoast.com\/wordpress\/plugins\/seo\/ -->\n<title>Robotniiduk Husqvarna Automower\u00ae 520 EPOS<\/title>\n<meta name=\"description\" content=\"Husqvarna Automower\u00ae 520\u00a0EPOS\u2122 on robotniiduk, mis on m\u00f5eldud kommertskasutuseks ja mis on tuntud Automower\u00ae 550\u00a0EPOS s\u00f5sarmudel.\" \/>\n<meta name=\"robots\" content=\"index, follow, max-snippet:-1, max-image-preview:large, max-video-preview:-1\" \/>\n<link rel=\"canonical\" href=\"https:\/\/reginett.ee\/toode\/robotniiduk-husqvarna-automower-520\/\" \/>\n<meta property=\"og:locale\" content=\"ru_RU\" \/>\n<meta property=\"og:type\" content=\"article\" \/>\n<meta property=\"og:title\" content=\"Robotniiduk Husqvarna Automower\u00ae 520 EPOS\" \/>\n<meta property=\"og:description\" content=\"Husqvarna Automower\u00ae 520\u00a0EPOS\u2122 on robotniiduk, mis on m\u00f5eldud kommertskasutuseks ja mis on tuntud Automower\u00ae 550\u00a0EPOS s\u00f5sarmudel.\" \/>\n<meta property=\"og:url\" content=\"https:\/\/reginett.ee\/toode\/robotniiduk-husqvarna-automower-520\/\" \/>\n<meta property=\"og:site_name\" content=\"Reginett\" \/>\n<meta property=\"article:modified_time\" content=\"2025-12-22T12:00:57+00:00\" \/>\n<meta property=\"og:image\" content=\"https:\/\/reginett.ee\/wp-content\/uploads\/2024\/08\/Automower-520-EPOS-scaled.jpg\" \/>\n\t<meta property=\"og:image:width\" content=\"2560\" \/>\n\t<meta property=\"og:image:height\" content=\"1706\" \/>\n\t<meta property=\"og:image:type\" content=\"image\/jpeg\" \/>\n<meta name=\"twitter:card\" content=\"summary_large_image\" \/>\n<meta name=\"twitter:label1\" content=\"\u041f\u0440\u0438\u043c\u0435\u0440\u043d\u043e\u0435 \u0432\u0440\u0435\u043c\u044f \u0434\u043b\u044f \u0447\u0442\u0435\u043d\u0438\u044f\" \/>\n\t<meta name=\"twitter:data1\" content=\"2 \u043c\u0438\u043d\u0443\u0442\u044b\" \/>\n<script type=\"application\/ld+json\" class=\"yoast-schema-graph\">{\"@context\":\"https:\/\/schema.org\",\"@graph\":[{\"@type\":\"WebPage\",\"@id\":\"https:\/\/reginett.ee\/toode\/robotniiduk-husqvarna-automower-520\/\",\"url\":\"https:\/\/reginett.ee\/toode\/robotniiduk-husqvarna-automower-520\/\",\"name\":\"Robotniiduk Husqvarna Automower\u00ae 520 EPOS\",\"isPartOf\":{\"@id\":\"https:\/\/reginett.ee\/#website\"},\"primaryImageOfPage\":{\"@id\":\"https:\/\/reginett.ee\/toode\/robotniiduk-husqvarna-automower-520\/#primaryimage\"},\"image\":{\"@id\":\"https:\/\/reginett.ee\/toode\/robotniiduk-husqvarna-automower-520\/#primaryimage\"},\"thumbnailUrl\":\"https:\/\/reginett.ee\/wp-content\/uploads\/2024\/08\/Automower-520-EPOS-scaled.jpg\",\"datePublished\":\"2025-08-10T06:43:26+00:00\",\"dateModified\":\"2025-12-22T12:00:57+00:00\",\"description\":\"Husqvarna Automower\u00ae 520\u00a0EPOS\u2122 on robotniiduk, mis on m\u00f5eldud kommertskasutuseks ja mis on tuntud Automower\u00ae 550\u00a0EPOS s\u00f5sarmudel.\",\"breadcrumb\":{\"@id\":\"https:\/\/reginett.ee\/toode\/robotniiduk-husqvarna-automower-520\/#breadcrumb\"},\"inLanguage\":\"ru-RU\",\"potentialAction\":[{\"@type\":\"ReadAction\",\"target\":[\"https:\/\/reginett.ee\/toode\/robotniiduk-husqvarna-automower-520\/\"]}]},{\"@type\":\"ImageObject\",\"inLanguage\":\"ru-RU\",\"@id\":\"https:\/\/reginett.ee\/toode\/robotniiduk-husqvarna-automower-520\/#primaryimage\",\"url\":\"https:\/\/reginett.ee\/wp-content\/uploads\/2024\/08\/Automower-520-EPOS-scaled.jpg\",\"contentUrl\":\"https:\/\/reginett.ee\/wp-content\/uploads\/2024\/08\/Automower-520-EPOS-scaled.jpg\",\"width\":2560,\"height\":1706},{\"@type\":\"BreadcrumbList\",\"@id\":\"https:\/\/reginett.ee\/toode\/robotniiduk-husqvarna-automower-520\/#breadcrumb\",\"itemListElement\":[{\"@type\":\"ListItem\",\"position\":1,\"name\":\"Home\",\"item\":\"https:\/\/reginett.ee\/ru\/\"},{\"@type\":\"ListItem\",\"position\":2,\"name\":\"Tooted\",\"item\":\"https:\/\/reginett.ee\/tooted\/\"},{\"@type\":\"ListItem\",\"position\":3,\"name\":\"Robotniiduk Husqvarna Automower\u00ae 520\"}]},{\"@type\":\"WebSite\",\"@id\":\"https:\/\/reginett.ee\/#website\",\"url\":\"https:\/\/reginett.ee\/\",\"name\":\"Reginett\",\"description\":\"Parimad robotniidukid\",\"potentialAction\":[{\"@type\":\"SearchAction\",\"target\":{\"@type\":\"EntryPoint\",\"urlTemplate\":\"https:\/\/reginett.ee\/?s={search_term_string}\"},\"query-input\":{\"@type\":\"PropertyValueSpecification\",\"valueRequired\":true,\"valueName\":\"search_term_string\"}}],\"inLanguage\":\"ru-RU\"}]}<\/script>\n<!-- \/ Yoast SEO plugin. -->","yoast_head_json":{"title":"Robotniiduk Husqvarna Automower\u00ae 520 EPOS","description":"Husqvarna Automower\u00ae 520\u00a0EPOS\u2122 on robotniiduk, mis on m\u00f5eldud kommertskasutuseks ja mis on tuntud Automower\u00ae 550\u00a0EPOS s\u00f5sarmudel.","robots":{"index":"index","follow":"follow","max-snippet":"max-snippet:-1","max-image-preview":"max-image-preview:large","max-video-preview":"max-video-preview:-1"},"canonical":"https:\/\/reginett.ee\/toode\/robotniiduk-husqvarna-automower-520\/","og_locale":"ru_RU","og_type":"article","og_title":"Robotniiduk Husqvarna Automower\u00ae 520 EPOS","og_description":"Husqvarna Automower\u00ae 520\u00a0EPOS\u2122 on robotniiduk, mis on m\u00f5eldud kommertskasutuseks ja mis on tuntud Automower\u00ae 550\u00a0EPOS s\u00f5sarmudel.","og_url":"https:\/\/reginett.ee\/toode\/robotniiduk-husqvarna-automower-520\/","og_site_name":"Reginett","article_modified_time":"2025-12-22T12:00:57+00:00","og_image":[{"width":2560,"height":1706,"url":"https:\/\/reginett.ee\/wp-content\/uploads\/2024\/08\/Automower-520-EPOS-scaled.jpg","type":"image\/jpeg"}],"twitter_card":"summary_large_image","twitter_misc":{"\u041f\u0440\u0438\u043c\u0435\u0440\u043d\u043e\u0435 \u0432\u0440\u0435\u043c\u044f \u0434\u043b\u044f \u0447\u0442\u0435\u043d\u0438\u044f":"2 \u043c\u0438\u043d\u0443\u0442\u044b"},"schema":{"@context":"https:\/\/schema.org","@graph":[{"@type":"WebPage","@id":"https:\/\/reginett.ee\/toode\/robotniiduk-husqvarna-automower-520\/","url":"https:\/\/reginett.ee\/toode\/robotniiduk-husqvarna-automower-520\/","name":"Robotniiduk Husqvarna Automower\u00ae 520 EPOS","isPartOf":{"@id":"https:\/\/reginett.ee\/#website"},"primaryImageOfPage":{"@id":"https:\/\/reginett.ee\/toode\/robotniiduk-husqvarna-automower-520\/#primaryimage"},"image":{"@id":"https:\/\/reginett.ee\/toode\/robotniiduk-husqvarna-automower-520\/#primaryimage"},"thumbnailUrl":"https:\/\/reginett.ee\/wp-content\/uploads\/2024\/08\/Automower-520-EPOS-scaled.jpg","datePublished":"2025-08-10T06:43:26+00:00","dateModified":"2025-12-22T12:00:57+00:00","description":"Husqvarna Automower\u00ae 520\u00a0EPOS\u2122 on robotniiduk, mis on m\u00f5eldud kommertskasutuseks ja mis on tuntud Automower\u00ae 550\u00a0EPOS s\u00f5sarmudel.","breadcrumb":{"@id":"https:\/\/reginett.ee\/toode\/robotniiduk-husqvarna-automower-520\/#breadcrumb"},"inLanguage":"ru-RU","potentialAction":[{"@type":"ReadAction","target":["https:\/\/reginett.ee\/toode\/robotniiduk-husqvarna-automower-520\/"]}]},{"@type":"ImageObject","inLanguage":"ru-RU","@id":"https:\/\/reginett.ee\/toode\/robotniiduk-husqvarna-automower-520\/#primaryimage","url":"https:\/\/reginett.ee\/wp-content\/uploads\/2024\/08\/Automower-520-EPOS-scaled.jpg","contentUrl":"https:\/\/reginett.ee\/wp-content\/uploads\/2024\/08\/Automower-520-EPOS-scaled.jpg","width":2560,"height":1706},{"@type":"BreadcrumbList","@id":"https:\/\/reginett.ee\/toode\/robotniiduk-husqvarna-automower-520\/#breadcrumb","itemListElement":[{"@type":"ListItem","position":1,"name":"Home","item":"https:\/\/reginett.ee\/ru\/"},{"@type":"ListItem","position":2,"name":"Tooted","item":"https:\/\/reginett.ee\/tooted\/"},{"@type":"ListItem","position":3,"name":"Robotniiduk Husqvarna Automower\u00ae 520"}]},{"@type":"WebSite","@id":"https:\/\/reginett.ee\/#website","url":"https:\/\/reginett.ee\/","name":"Reginett","description":"Parimad robotniidukid","potentialAction":[{"@type":"SearchAction","target":{"@type":"EntryPoint","urlTemplate":"https:\/\/reginett.ee\/?s={search_term_string}"},"query-input":{"@type":"PropertyValueSpecification","valueRequired":true,"valueName":"search_term_string"}}],"inLanguage":"ru-RU"}]}},"brands":[{"id":147,"name":"Husqvarna","slug":"husqvarna"}],"_links":{"self":[{"href":"https:\/\/reginett.ee\/ru\/wp-json\/wp\/v2\/product\/61384","targetHints":{"allow":["GET"]}}],"collection":[{"href":"https:\/\/reginett.ee\/ru\/wp-json\/wp\/v2\/product"}],"about":[{"href":"https:\/\/reginett.ee\/ru\/wp-json\/wp\/v2\/types\/product"}],"replies":[{"embeddable":true,"href":"https:\/\/reginett.ee\/ru\/wp-json\/wp\/v2\/comments?post=61384"}],"wp:featuredmedia":[{"embeddable":true,"href":"https:\/\/reginett.ee\/ru\/wp-json\/wp\/v2\/media\/61394"}],"wp:attachment":[{"href":"https:\/\/reginett.ee\/ru\/wp-json\/wp\/v2\/media?parent=61384"}],"wp:term":[{"taxonomy":"pwb-brand","embeddable":true,"href":"https:\/\/reginett.ee\/ru\/wp-json\/wp\/v2\/pwb-brand?post=61384"},{"taxonomy":"product_brand","embeddable":true,"href":"https:\/\/reginett.ee\/ru\/wp-json\/wp\/v2\/product_brand?post=61384"},{"taxonomy":"product_cat","embeddable":true,"href":"https:\/\/reginett.ee\/ru\/wp-json\/wp\/v2\/product_cat?post=61384"},{"taxonomy":"product_tag","embeddable":true,"href":"https:\/\/reginett.ee\/ru\/wp-json\/wp\/v2\/product_tag?post=61384"}],"curies":[{"name":"wp","href":"https:\/\/api.w.org\/{rel}","templated":true}]}}