{"id":61293,"date":"2025-11-23T11:16:07","date_gmt":"2025-11-23T08:16:07","guid":{"rendered":"https:\/\/reginett.ee\/?post_type=product&#038;p=61293"},"modified":"2025-11-23T14:31:41","modified_gmt":"2025-11-23T11:31:41","slug":"akujaam-loncin-ep500-500va-230vusb","status":"publish","type":"product","link":"https:\/\/reginett.ee\/ru\/toode\/akujaam-loncin-ep500-500va-230vusb\/","title":{"rendered":"Akujaam Loncin EP500 500VA 230V+USB"},"content":{"rendered":"<p><strong>Akujaam Loncin EP500<\/strong> on kaasaegne ja keskkonnas\u00f5bralik toiteallikas, mida saad kasutada oma kodus, korteris, matkaautos v\u00f5i telgis ilma m\u00fcra ja kahjulike heitgaasideta. See on mahukas akupank, mis salvestab energiat akudesse. Seda kasutatakse erinevate seadmete elektritoiteks v\u00f5rgu voolukatkestuse v\u00f5i puhkusereisi ajal. Kvaliteetse energiaga saab see otseselt toita ka tundlikke seadmeid nagu s\u00fclearvutid, arvutid, televiisorid ja nutitelefonid.<\/p>\n<p>Akujaama t\u00f6\u00f6aeg s\u00f5ltub vastuv\u00f5tja v\u00f5imsusest. Enne vastuv\u00f5tja \u00fchendamist tuleb elektrijaam kaasasoleva toiteadapteri v\u00f5i valikuliselt saadaolevate kaasaskantavate p\u00e4ikesepaneelide abil vooluv\u00f5rgust laadida.<\/p>\n<p>Loncin EP500 akujaam on varustatud kahe 230V pistikupesaga ja kahe USB pesaga.<\/p>\n<p>Sellel on sisseehitatud ekraan, mis n\u00e4itab k\u00f5iki peamisi funktsioone, ja SOS-funktsiooniga LED-taskulamp.<\/p>\n<p><strong>Miks valida just Loncin EP500 akujaam?<\/strong><\/p>\n<ul>\n<li>Kerge ja kaasaskantav<\/li>\n<li>Lihtne kasutada<\/li>\n<li>K\u00f5rge turvalisus<\/li>\n<li>Lai \u00fchilduvus<\/li>\n<li>Stabiilne v\u00e4ljundv\u00f5imsus<\/li>\n<li>Kiire laadimine<\/li>\n<li>Pikk t\u00f6\u00f6aeg<\/li>\n<\/ul>\n","protected":false},"excerpt":{"rendered":"<p><strong>Akujaam Loncin EP500<\/strong> on kaasaegne ja keskkonnas\u00f5bralik toiteallikas, mida saad kasutada oma kodus, korteris, matkaautos v\u00f5i telgis ilma m\u00fcra ja kahjulike heitgaasideta. See on mahukas akupank, mis salvestab energiat akudesse. Seda kasutatakse erinevate seadmete elektritoiteks v\u00f5rgu voolukatkestuse v\u00f5i puhkusereisi ajal. Kvaliteetse energiaga saab see otseselt toita ka tundlikke seadmeid nagu s\u00fclearvutid, arvutid, televiisorid ja nutitelefonid.<\/p>\n<p>Kogu soodsat elektrit!<\/p>\n","protected":false},"featured_media":61305,"comment_status":"open","ping_status":"closed","template":"","meta":{"_acf_changed":false,"_et_pb_use_builder":"","_et_pb_old_content":"","_et_gb_content_width":"","inline_featured_image":false},"pwb-brand":[637],"product_brand":[],"product_cat":[447,478,48,134,231],"product_tag":[638,642,639,640,641,643],"class_list":{"0":"post-61293","1":"product","2":"type-product","3":"status-publish","4":"has-post-thumbnail","6":"pwb-brand-loncin","7":"product_cat-elektrigeneraatorid","8":"product_cat-vaba-aeg","9":"product_cat-akutooted","10":"product_cat-eripakkumised","11":"product_cat-kingiideed","12":"product_tag-akujaam","13":"product_tag-akujaam-loncin","14":"product_tag-akupank","15":"product_tag-elektrijaam","16":"product_tag-elektripank","17":"product_tag-parim-akujaam","19":"first","20":"instock","21":"sale","22":"shipping-taxable","23":"purchasable","24":"product-type-simple"},"acf":[],"yoast_head":"<!-- This site is optimized with the Yoast SEO plugin v26.6 - https:\/\/yoast.com\/wordpress\/plugins\/seo\/ -->\n<title>Akujaam Loncin EP500. Mahukas ja vastupidav akupank<\/title>\n<meta name=\"description\" content=\"Akujaam Loncin EP500 on kaasaegne ja keskkonnas\u00f5bralik toiteallikas, mida saad kasutada oma kodus, korteris, matkaautos v\u00f5i telgis ilma m\u00fcrata.\" \/>\n<meta name=\"robots\" content=\"index, follow, max-snippet:-1, max-image-preview:large, max-video-preview:-1\" \/>\n<link rel=\"canonical\" href=\"https:\/\/reginett.ee\/toode\/akujaam-loncin-ep500-500va-230vusb\/\" \/>\n<meta property=\"og:locale\" content=\"ru_RU\" \/>\n<meta property=\"og:type\" content=\"article\" \/>\n<meta property=\"og:title\" content=\"Akujaam Loncin EP500. Mahukas ja vastupidav akupank\" \/>\n<meta property=\"og:description\" content=\"Akujaam Loncin EP500 on kaasaegne ja keskkonnas\u00f5bralik toiteallikas, mida saad kasutada oma kodus, korteris, matkaautos v\u00f5i telgis ilma m\u00fcrata.\" \/>\n<meta property=\"og:url\" content=\"https:\/\/reginett.ee\/toode\/akujaam-loncin-ep500-500va-230vusb\/\" \/>\n<meta property=\"og:site_name\" content=\"Reginett\" \/>\n<meta property=\"article:modified_time\" content=\"2025-11-23T11:31:41+00:00\" \/>\n<meta property=\"og:image\" content=\"https:\/\/reginett.ee\/wp-content\/uploads\/2024\/07\/Parim-akujaam-Loncin-EP500.webp\" \/>\n\t<meta property=\"og:image:width\" content=\"680\" \/>\n\t<meta property=\"og:image:height\" content=\"372\" \/>\n\t<meta property=\"og:image:type\" content=\"image\/webp\" \/>\n<meta name=\"twitter:card\" content=\"summary_large_image\" \/>\n<meta name=\"twitter:label1\" content=\"\u041f\u0440\u0438\u043c\u0435\u0440\u043d\u043e\u0435 \u0432\u0440\u0435\u043c\u044f \u0434\u043b\u044f \u0447\u0442\u0435\u043d\u0438\u044f\" \/>\n\t<meta name=\"twitter:data1\" content=\"1 \u043c\u0438\u043d\u0443\u0442\u0430\" \/>\n<script type=\"application\/ld+json\" class=\"yoast-schema-graph\">{\"@context\":\"https:\/\/schema.org\",\"@graph\":[{\"@type\":\"WebPage\",\"@id\":\"https:\/\/reginett.ee\/toode\/akujaam-loncin-ep500-500va-230vusb\/\",\"url\":\"https:\/\/reginett.ee\/toode\/akujaam-loncin-ep500-500va-230vusb\/\",\"name\":\"Akujaam Loncin EP500. Mahukas ja vastupidav akupank\",\"isPartOf\":{\"@id\":\"https:\/\/reginett.ee\/#website\"},\"primaryImageOfPage\":{\"@id\":\"https:\/\/reginett.ee\/toode\/akujaam-loncin-ep500-500va-230vusb\/#primaryimage\"},\"image\":{\"@id\":\"https:\/\/reginett.ee\/toode\/akujaam-loncin-ep500-500va-230vusb\/#primaryimage\"},\"thumbnailUrl\":\"https:\/\/reginett.ee\/wp-content\/uploads\/2024\/07\/Parim-akujaam-Loncin-EP500.webp\",\"datePublished\":\"2025-11-23T08:16:07+00:00\",\"dateModified\":\"2025-11-23T11:31:41+00:00\",\"description\":\"Akujaam Loncin EP500 on kaasaegne ja keskkonnas\u00f5bralik toiteallikas, mida saad kasutada oma kodus, korteris, matkaautos v\u00f5i telgis ilma m\u00fcrata.\",\"breadcrumb\":{\"@id\":\"https:\/\/reginett.ee\/toode\/akujaam-loncin-ep500-500va-230vusb\/#breadcrumb\"},\"inLanguage\":\"ru-RU\",\"potentialAction\":[{\"@type\":\"ReadAction\",\"target\":[\"https:\/\/reginett.ee\/toode\/akujaam-loncin-ep500-500va-230vusb\/\"]}]},{\"@type\":\"ImageObject\",\"inLanguage\":\"ru-RU\",\"@id\":\"https:\/\/reginett.ee\/toode\/akujaam-loncin-ep500-500va-230vusb\/#primaryimage\",\"url\":\"https:\/\/reginett.ee\/wp-content\/uploads\/2024\/07\/Parim-akujaam-Loncin-EP500.webp\",\"contentUrl\":\"https:\/\/reginett.ee\/wp-content\/uploads\/2024\/07\/Parim-akujaam-Loncin-EP500.webp\",\"width\":680,\"height\":372,\"caption\":\"Parim akujaam Loncin EP500\"},{\"@type\":\"BreadcrumbList\",\"@id\":\"https:\/\/reginett.ee\/toode\/akujaam-loncin-ep500-500va-230vusb\/#breadcrumb\",\"itemListElement\":[{\"@type\":\"ListItem\",\"position\":1,\"name\":\"Home\",\"item\":\"https:\/\/reginett.ee\/ru\/\"},{\"@type\":\"ListItem\",\"position\":2,\"name\":\"Tooted\",\"item\":\"https:\/\/reginett.ee\/tooted\/\"},{\"@type\":\"ListItem\",\"position\":3,\"name\":\"Akujaam Loncin EP500 500VA 230V+USB\"}]},{\"@type\":\"WebSite\",\"@id\":\"https:\/\/reginett.ee\/#website\",\"url\":\"https:\/\/reginett.ee\/\",\"name\":\"Reginett\",\"description\":\"Parimad robotniidukid\",\"potentialAction\":[{\"@type\":\"SearchAction\",\"target\":{\"@type\":\"EntryPoint\",\"urlTemplate\":\"https:\/\/reginett.ee\/?s={search_term_string}\"},\"query-input\":{\"@type\":\"PropertyValueSpecification\",\"valueRequired\":true,\"valueName\":\"search_term_string\"}}],\"inLanguage\":\"ru-RU\"}]}<\/script>\n<!-- \/ Yoast SEO plugin. -->","yoast_head_json":{"title":"Akujaam Loncin EP500. Mahukas ja vastupidav akupank","description":"Akujaam Loncin EP500 on kaasaegne ja keskkonnas\u00f5bralik toiteallikas, mida saad kasutada oma kodus, korteris, matkaautos v\u00f5i telgis ilma m\u00fcrata.","robots":{"index":"index","follow":"follow","max-snippet":"max-snippet:-1","max-image-preview":"max-image-preview:large","max-video-preview":"max-video-preview:-1"},"canonical":"https:\/\/reginett.ee\/toode\/akujaam-loncin-ep500-500va-230vusb\/","og_locale":"ru_RU","og_type":"article","og_title":"Akujaam Loncin EP500. Mahukas ja vastupidav akupank","og_description":"Akujaam Loncin EP500 on kaasaegne ja keskkonnas\u00f5bralik toiteallikas, mida saad kasutada oma kodus, korteris, matkaautos v\u00f5i telgis ilma m\u00fcrata.","og_url":"https:\/\/reginett.ee\/toode\/akujaam-loncin-ep500-500va-230vusb\/","og_site_name":"Reginett","article_modified_time":"2025-11-23T11:31:41+00:00","og_image":[{"width":680,"height":372,"url":"https:\/\/reginett.ee\/wp-content\/uploads\/2024\/07\/Parim-akujaam-Loncin-EP500.webp","type":"image\/webp"}],"twitter_card":"summary_large_image","twitter_misc":{"\u041f\u0440\u0438\u043c\u0435\u0440\u043d\u043e\u0435 \u0432\u0440\u0435\u043c\u044f \u0434\u043b\u044f \u0447\u0442\u0435\u043d\u0438\u044f":"1 \u043c\u0438\u043d\u0443\u0442\u0430"},"schema":{"@context":"https:\/\/schema.org","@graph":[{"@type":"WebPage","@id":"https:\/\/reginett.ee\/toode\/akujaam-loncin-ep500-500va-230vusb\/","url":"https:\/\/reginett.ee\/toode\/akujaam-loncin-ep500-500va-230vusb\/","name":"Akujaam Loncin EP500. Mahukas ja vastupidav akupank","isPartOf":{"@id":"https:\/\/reginett.ee\/#website"},"primaryImageOfPage":{"@id":"https:\/\/reginett.ee\/toode\/akujaam-loncin-ep500-500va-230vusb\/#primaryimage"},"image":{"@id":"https:\/\/reginett.ee\/toode\/akujaam-loncin-ep500-500va-230vusb\/#primaryimage"},"thumbnailUrl":"https:\/\/reginett.ee\/wp-content\/uploads\/2024\/07\/Parim-akujaam-Loncin-EP500.webp","datePublished":"2025-11-23T08:16:07+00:00","dateModified":"2025-11-23T11:31:41+00:00","description":"Akujaam Loncin EP500 on kaasaegne ja keskkonnas\u00f5bralik toiteallikas, mida saad kasutada oma kodus, korteris, matkaautos v\u00f5i telgis ilma m\u00fcrata.","breadcrumb":{"@id":"https:\/\/reginett.ee\/toode\/akujaam-loncin-ep500-500va-230vusb\/#breadcrumb"},"inLanguage":"ru-RU","potentialAction":[{"@type":"ReadAction","target":["https:\/\/reginett.ee\/toode\/akujaam-loncin-ep500-500va-230vusb\/"]}]},{"@type":"ImageObject","inLanguage":"ru-RU","@id":"https:\/\/reginett.ee\/toode\/akujaam-loncin-ep500-500va-230vusb\/#primaryimage","url":"https:\/\/reginett.ee\/wp-content\/uploads\/2024\/07\/Parim-akujaam-Loncin-EP500.webp","contentUrl":"https:\/\/reginett.ee\/wp-content\/uploads\/2024\/07\/Parim-akujaam-Loncin-EP500.webp","width":680,"height":372,"caption":"Parim akujaam Loncin EP500"},{"@type":"BreadcrumbList","@id":"https:\/\/reginett.ee\/toode\/akujaam-loncin-ep500-500va-230vusb\/#breadcrumb","itemListElement":[{"@type":"ListItem","position":1,"name":"Home","item":"https:\/\/reginett.ee\/ru\/"},{"@type":"ListItem","position":2,"name":"Tooted","item":"https:\/\/reginett.ee\/tooted\/"},{"@type":"ListItem","position":3,"name":"Akujaam Loncin EP500 500VA 230V+USB"}]},{"@type":"WebSite","@id":"https:\/\/reginett.ee\/#website","url":"https:\/\/reginett.ee\/","name":"Reginett","description":"Parimad robotniidukid","potentialAction":[{"@type":"SearchAction","target":{"@type":"EntryPoint","urlTemplate":"https:\/\/reginett.ee\/?s={search_term_string}"},"query-input":{"@type":"PropertyValueSpecification","valueRequired":true,"valueName":"search_term_string"}}],"inLanguage":"ru-RU"}]}},"brands":[{"id":637,"name":"Loncin","slug":"loncin"}],"_links":{"self":[{"href":"https:\/\/reginett.ee\/ru\/wp-json\/wp\/v2\/product\/61293","targetHints":{"allow":["GET"]}}],"collection":[{"href":"https:\/\/reginett.ee\/ru\/wp-json\/wp\/v2\/product"}],"about":[{"href":"https:\/\/reginett.ee\/ru\/wp-json\/wp\/v2\/types\/product"}],"replies":[{"embeddable":true,"href":"https:\/\/reginett.ee\/ru\/wp-json\/wp\/v2\/comments?post=61293"}],"wp:featuredmedia":[{"embeddable":true,"href":"https:\/\/reginett.ee\/ru\/wp-json\/wp\/v2\/media\/61305"}],"wp:attachment":[{"href":"https:\/\/reginett.ee\/ru\/wp-json\/wp\/v2\/media?parent=61293"}],"wp:term":[{"taxonomy":"pwb-brand","embeddable":true,"href":"https:\/\/reginett.ee\/ru\/wp-json\/wp\/v2\/pwb-brand?post=61293"},{"taxonomy":"product_brand","embeddable":true,"href":"https:\/\/reginett.ee\/ru\/wp-json\/wp\/v2\/product_brand?post=61293"},{"taxonomy":"product_cat","embeddable":true,"href":"https:\/\/reginett.ee\/ru\/wp-json\/wp\/v2\/product_cat?post=61293"},{"taxonomy":"product_tag","embeddable":true,"href":"https:\/\/reginett.ee\/ru\/wp-json\/wp\/v2\/product_tag?post=61293"}],"curies":[{"name":"wp","href":"https:\/\/api.w.org\/{rel}","templated":true}]}}