{"id":61205,"date":"2025-06-20T10:09:29","date_gmt":"2025-06-20T07:09:29","guid":{"rendered":"https:\/\/reginett.ee\/?post_type=product&#038;p=61205"},"modified":"2025-06-20T13:46:42","modified_gmt":"2025-06-20T10:46:42","slug":"saasepeletaja-thermacell-el55-valgustusega-uus","status":"publish","type":"product","link":"https:\/\/reginett.ee\/ru\/toode\/saasepeletaja-thermacell-el55-valgustusega-uus\/","title":{"rendered":"S\u00e4\u00e4sepeletaja Thermacell EL55 valgustusega UUS!"},"content":{"rendered":"<div class=\"product-tabs\">\n<div class=\"product-tabs-body\">\n<p class=\"p1\"><strong>S\u00e4\u00e4sepeletaja Thermacell EL55<\/strong> kasutades v\u00f5idate \u00fche nupuvajutusega k\u00f5ige hullema s\u00e4\u00e4ser\u00fcnnaku!<\/p>\n<p class=\"p1\">Lisana varustatud <strong>dimmerdatava meeleoluvalgusega<\/strong>.<\/p>\n<p class=\"p1\">Uuel juhtmevabal Thermacelli EL55 s\u00e4\u00e4sepeletajal on <strong>kuni 9 tundi t\u00f6\u00f6aeg,<\/strong> optimeeritud t\u00f5rjetulemus ja see on juhitav \u00fchest nupust. EL55 on vaba sekeldustest, h\u00f5lpsasti kasutatav, taaslaetav, l\u00f5hnavaba ja kompaktne. Kuna EL55 toidab <strong>liitiumioonaku<\/strong>, mitte Thermacelli gaasiballoonid, on see \u00f5hus\u00f5idukis\u00f5bralik ja t\u00e4iesti kasutatav igal k\u00f5rgusel.<\/p>\n<ul>\n<li>Lihtsasti \u00fchest nupust juhitav. L\u00fclitage see sisse &#8230; ja s\u00e4\u00e4sed on kadunud!<\/li>\n<li>Dimmerdatav soe LED meeleoluvalgus.<\/li>\n<li>S\u00e4\u00e4sepeletaja ilma nahale kantavate kemikaalideta nagu pihustid v\u00f5i kreemid. DEET-vaba ja l\u00f5hnavaba.<\/li>\n<li>Vastab lennuohutuse reeglitele ja on \u00fclimalt kaasaskantav. T\u00f6\u00f6tab samaviisi igal k\u00f5rgusel.<\/li>\n<li>T\u00f6\u00f6tab kuni 5,5 tundi \u00fche laadimisega, kui samal ajal kasutada ka valgust ja kuni 9 tundi ainult s\u00e4\u00e4ski peletades. Saab kasutada laadimise ajal.<\/li>\n<li>T\u00f5rjub s\u00e4\u00e4ski kuni 40 tundi \u00fche t\u00e4itekassetiga (t\u00e4itepakendid ka eraldi saadaval).<\/li>\n<li>Kaitseb 29 m\u00b2 suurust ala. Vastupidav, kompaktne ja v\u00f5imas.<\/li>\n<li>Komplektis: E55 s\u00e4\u00e4sepeletaja, 40-tunnine t\u00e4itekassett ja USB-laadimiskaabel. Varustatud aku n\u00e4idikuga.<\/li>\n<\/ul>\n<p>&nbsp;<\/p>\n<ul>\n<li><strong>HOIUSTAMISE M\u00c4RKUS. Enne pikemat hoiustamist laadige aku t\u00e4ielikult ning eemaldage toimeaine kassett ja sulgege see kaasasoleva korgiga.<\/strong><\/li>\n<\/ul>\n<\/div>\n<\/div>\n","protected":false},"excerpt":{"rendered":"<p class=\"p1\"><strong>S\u00e4\u00e4sepeletaja Thermacell EL55<\/strong> kasutades v\u00f5idate \u00fche nupuvajutusega k\u00f5ige hullema s\u00e4\u00e4ser\u00fcnnaku!<\/p>\n<p class=\"p1\">Lisana varustatud <strong>dimmerdatava meeleoluvalgusega<\/strong>.Uuel juhtmevabal Thermacelli EL55 s\u00e4\u00e4sepeletajal on <strong>kuni 9 tundi t\u00f6\u00f6aeg,<\/strong> optimeeritud t\u00f5rjetulemus ja see on juhitav \u00fchest nupust. EL55 on vaba sekeldustest, h\u00f5lpsasti kasutatav, taaslaetav, l\u00f5hnavaba ja kompaktne. Kuna EL55 toidab <strong>liitiumioonaku<\/strong>, mitte Thermacelli gaasiballoonid, on see \u00f5hus\u00f5idukis\u00f5bralik ja t\u00e4iesti kasutatav igal k\u00f5rgusel.<\/p>\n","protected":false},"featured_media":61206,"comment_status":"open","ping_status":"closed","template":"","meta":{"_acf_changed":false,"_et_pb_use_builder":"","_et_pb_old_content":"","_et_gb_content_width":"","inline_featured_image":false},"pwb-brand":[531],"product_brand":[],"product_cat":[480,478,48,134,231,27],"product_tag":[286,632,292,293],"class_list":{"0":"post-61205","1":"product","2":"type-product","3":"status-publish","4":"has-post-thumbnail","6":"pwb-brand-thermacell","7":"product_cat-aiatoo","8":"product_cat-vaba-aeg","9":"product_cat-akutooted","10":"product_cat-eripakkumised","11":"product_cat-kingiideed","12":"product_cat-tooriistad-ja-tarvikud","13":"product_tag-saasepeletaja","14":"product_tag-saasepeletaja-valgustusega","15":"product_tag-saasepeleti","16":"product_tag-thermacell","18":"first","19":"instock","20":"sale","21":"shipping-taxable","22":"purchasable","23":"product-type-simple"},"acf":[],"yoast_head":"<!-- This site is optimized with the Yoast SEO plugin v26.6 - https:\/\/yoast.com\/wordpress\/plugins\/seo\/ -->\n<title>S\u00e4\u00e4sepeletaja Thermacell EL55 valgustusega UUS!<\/title>\n<meta name=\"description\" content=\"S\u00e4\u00e4sepeletaja Thermacell EL55 kasutades v\u00f5idate \u00fche nupuvajutusega k\u00f5ige hullema s\u00e4\u00e4ser\u00fcnnaku!Lisana varustatud dimmerdatava meeleoluvalgusega.\" \/>\n<meta name=\"robots\" content=\"index, follow, max-snippet:-1, max-image-preview:large, max-video-preview:-1\" \/>\n<link rel=\"canonical\" href=\"https:\/\/reginett.ee\/toode\/saasepeletaja-thermacell-el55-valgustusega-uus\/\" \/>\n<meta property=\"og:locale\" content=\"ru_RU\" \/>\n<meta property=\"og:type\" content=\"article\" \/>\n<meta property=\"og:title\" content=\"S\u00e4\u00e4sepeletaja Thermacell EL55 valgustusega UUS!\" \/>\n<meta property=\"og:description\" content=\"S\u00e4\u00e4sepeletaja Thermacell EL55 kasutades v\u00f5idate \u00fche nupuvajutusega k\u00f5ige hullema s\u00e4\u00e4ser\u00fcnnaku!Lisana varustatud dimmerdatava meeleoluvalgusega.\" \/>\n<meta property=\"og:url\" content=\"https:\/\/reginett.ee\/toode\/saasepeletaja-thermacell-el55-valgustusega-uus\/\" \/>\n<meta property=\"og:site_name\" content=\"Reginett\" \/>\n<meta property=\"article:modified_time\" content=\"2025-06-20T10:46:42+00:00\" \/>\n<meta property=\"og:image\" content=\"https:\/\/reginett.ee\/wp-content\/uploads\/2024\/06\/Parim-saasepeletaja-Thermacell-EL55-valgustiga.webp\" \/>\n\t<meta property=\"og:image:width\" content=\"680\" \/>\n\t<meta property=\"og:image:height\" content=\"372\" \/>\n\t<meta property=\"og:image:type\" content=\"image\/webp\" \/>\n<meta name=\"twitter:card\" content=\"summary_large_image\" \/>\n<meta name=\"twitter:label1\" content=\"\u041f\u0440\u0438\u043c\u0435\u0440\u043d\u043e\u0435 \u0432\u0440\u0435\u043c\u044f \u0434\u043b\u044f \u0447\u0442\u0435\u043d\u0438\u044f\" \/>\n\t<meta name=\"twitter:data1\" content=\"2 \u043c\u0438\u043d\u0443\u0442\u044b\" \/>\n<script type=\"application\/ld+json\" class=\"yoast-schema-graph\">{\"@context\":\"https:\/\/schema.org\",\"@graph\":[{\"@type\":\"WebPage\",\"@id\":\"https:\/\/reginett.ee\/toode\/saasepeletaja-thermacell-el55-valgustusega-uus\/\",\"url\":\"https:\/\/reginett.ee\/toode\/saasepeletaja-thermacell-el55-valgustusega-uus\/\",\"name\":\"S\u00e4\u00e4sepeletaja Thermacell EL55 valgustusega UUS!\",\"isPartOf\":{\"@id\":\"https:\/\/reginett.ee\/#website\"},\"primaryImageOfPage\":{\"@id\":\"https:\/\/reginett.ee\/toode\/saasepeletaja-thermacell-el55-valgustusega-uus\/#primaryimage\"},\"image\":{\"@id\":\"https:\/\/reginett.ee\/toode\/saasepeletaja-thermacell-el55-valgustusega-uus\/#primaryimage\"},\"thumbnailUrl\":\"https:\/\/reginett.ee\/wp-content\/uploads\/2024\/06\/Parim-saasepeletaja-Thermacell-EL55-valgustiga.webp\",\"datePublished\":\"2025-06-20T07:09:29+00:00\",\"dateModified\":\"2025-06-20T10:46:42+00:00\",\"description\":\"S\u00e4\u00e4sepeletaja Thermacell EL55 kasutades v\u00f5idate \u00fche nupuvajutusega k\u00f5ige hullema s\u00e4\u00e4ser\u00fcnnaku!Lisana varustatud dimmerdatava meeleoluvalgusega.\",\"breadcrumb\":{\"@id\":\"https:\/\/reginett.ee\/toode\/saasepeletaja-thermacell-el55-valgustusega-uus\/#breadcrumb\"},\"inLanguage\":\"ru-RU\",\"potentialAction\":[{\"@type\":\"ReadAction\",\"target\":[\"https:\/\/reginett.ee\/toode\/saasepeletaja-thermacell-el55-valgustusega-uus\/\"]}]},{\"@type\":\"ImageObject\",\"inLanguage\":\"ru-RU\",\"@id\":\"https:\/\/reginett.ee\/toode\/saasepeletaja-thermacell-el55-valgustusega-uus\/#primaryimage\",\"url\":\"https:\/\/reginett.ee\/wp-content\/uploads\/2024\/06\/Parim-saasepeletaja-Thermacell-EL55-valgustiga.webp\",\"contentUrl\":\"https:\/\/reginett.ee\/wp-content\/uploads\/2024\/06\/Parim-saasepeletaja-Thermacell-EL55-valgustiga.webp\",\"width\":680,\"height\":372,\"caption\":\"Parim s\u00e4\u00e4sepeletaja Thermacell EL55\"},{\"@type\":\"BreadcrumbList\",\"@id\":\"https:\/\/reginett.ee\/toode\/saasepeletaja-thermacell-el55-valgustusega-uus\/#breadcrumb\",\"itemListElement\":[{\"@type\":\"ListItem\",\"position\":1,\"name\":\"Home\",\"item\":\"https:\/\/reginett.ee\/ru\/\"},{\"@type\":\"ListItem\",\"position\":2,\"name\":\"Tooted\",\"item\":\"https:\/\/reginett.ee\/tooted\/\"},{\"@type\":\"ListItem\",\"position\":3,\"name\":\"S\u00e4\u00e4sepeletaja Thermacell EL55 valgustusega UUS!\"}]},{\"@type\":\"WebSite\",\"@id\":\"https:\/\/reginett.ee\/#website\",\"url\":\"https:\/\/reginett.ee\/\",\"name\":\"Reginett\",\"description\":\"Parimad robotniidukid\",\"potentialAction\":[{\"@type\":\"SearchAction\",\"target\":{\"@type\":\"EntryPoint\",\"urlTemplate\":\"https:\/\/reginett.ee\/?s={search_term_string}\"},\"query-input\":{\"@type\":\"PropertyValueSpecification\",\"valueRequired\":true,\"valueName\":\"search_term_string\"}}],\"inLanguage\":\"ru-RU\"}]}<\/script>\n<!-- \/ Yoast SEO plugin. -->","yoast_head_json":{"title":"S\u00e4\u00e4sepeletaja Thermacell EL55 valgustusega UUS!","description":"S\u00e4\u00e4sepeletaja Thermacell EL55 kasutades v\u00f5idate \u00fche nupuvajutusega k\u00f5ige hullema s\u00e4\u00e4ser\u00fcnnaku!Lisana varustatud dimmerdatava meeleoluvalgusega.","robots":{"index":"index","follow":"follow","max-snippet":"max-snippet:-1","max-image-preview":"max-image-preview:large","max-video-preview":"max-video-preview:-1"},"canonical":"https:\/\/reginett.ee\/toode\/saasepeletaja-thermacell-el55-valgustusega-uus\/","og_locale":"ru_RU","og_type":"article","og_title":"S\u00e4\u00e4sepeletaja Thermacell EL55 valgustusega UUS!","og_description":"S\u00e4\u00e4sepeletaja Thermacell EL55 kasutades v\u00f5idate \u00fche nupuvajutusega k\u00f5ige hullema s\u00e4\u00e4ser\u00fcnnaku!Lisana varustatud dimmerdatava meeleoluvalgusega.","og_url":"https:\/\/reginett.ee\/toode\/saasepeletaja-thermacell-el55-valgustusega-uus\/","og_site_name":"Reginett","article_modified_time":"2025-06-20T10:46:42+00:00","og_image":[{"width":680,"height":372,"url":"https:\/\/reginett.ee\/wp-content\/uploads\/2024\/06\/Parim-saasepeletaja-Thermacell-EL55-valgustiga.webp","type":"image\/webp"}],"twitter_card":"summary_large_image","twitter_misc":{"\u041f\u0440\u0438\u043c\u0435\u0440\u043d\u043e\u0435 \u0432\u0440\u0435\u043c\u044f \u0434\u043b\u044f \u0447\u0442\u0435\u043d\u0438\u044f":"2 \u043c\u0438\u043d\u0443\u0442\u044b"},"schema":{"@context":"https:\/\/schema.org","@graph":[{"@type":"WebPage","@id":"https:\/\/reginett.ee\/toode\/saasepeletaja-thermacell-el55-valgustusega-uus\/","url":"https:\/\/reginett.ee\/toode\/saasepeletaja-thermacell-el55-valgustusega-uus\/","name":"S\u00e4\u00e4sepeletaja Thermacell EL55 valgustusega UUS!","isPartOf":{"@id":"https:\/\/reginett.ee\/#website"},"primaryImageOfPage":{"@id":"https:\/\/reginett.ee\/toode\/saasepeletaja-thermacell-el55-valgustusega-uus\/#primaryimage"},"image":{"@id":"https:\/\/reginett.ee\/toode\/saasepeletaja-thermacell-el55-valgustusega-uus\/#primaryimage"},"thumbnailUrl":"https:\/\/reginett.ee\/wp-content\/uploads\/2024\/06\/Parim-saasepeletaja-Thermacell-EL55-valgustiga.webp","datePublished":"2025-06-20T07:09:29+00:00","dateModified":"2025-06-20T10:46:42+00:00","description":"S\u00e4\u00e4sepeletaja Thermacell EL55 kasutades v\u00f5idate \u00fche nupuvajutusega k\u00f5ige hullema s\u00e4\u00e4ser\u00fcnnaku!Lisana varustatud dimmerdatava meeleoluvalgusega.","breadcrumb":{"@id":"https:\/\/reginett.ee\/toode\/saasepeletaja-thermacell-el55-valgustusega-uus\/#breadcrumb"},"inLanguage":"ru-RU","potentialAction":[{"@type":"ReadAction","target":["https:\/\/reginett.ee\/toode\/saasepeletaja-thermacell-el55-valgustusega-uus\/"]}]},{"@type":"ImageObject","inLanguage":"ru-RU","@id":"https:\/\/reginett.ee\/toode\/saasepeletaja-thermacell-el55-valgustusega-uus\/#primaryimage","url":"https:\/\/reginett.ee\/wp-content\/uploads\/2024\/06\/Parim-saasepeletaja-Thermacell-EL55-valgustiga.webp","contentUrl":"https:\/\/reginett.ee\/wp-content\/uploads\/2024\/06\/Parim-saasepeletaja-Thermacell-EL55-valgustiga.webp","width":680,"height":372,"caption":"Parim s\u00e4\u00e4sepeletaja Thermacell EL55"},{"@type":"BreadcrumbList","@id":"https:\/\/reginett.ee\/toode\/saasepeletaja-thermacell-el55-valgustusega-uus\/#breadcrumb","itemListElement":[{"@type":"ListItem","position":1,"name":"Home","item":"https:\/\/reginett.ee\/ru\/"},{"@type":"ListItem","position":2,"name":"Tooted","item":"https:\/\/reginett.ee\/tooted\/"},{"@type":"ListItem","position":3,"name":"S\u00e4\u00e4sepeletaja Thermacell EL55 valgustusega UUS!"}]},{"@type":"WebSite","@id":"https:\/\/reginett.ee\/#website","url":"https:\/\/reginett.ee\/","name":"Reginett","description":"Parimad robotniidukid","potentialAction":[{"@type":"SearchAction","target":{"@type":"EntryPoint","urlTemplate":"https:\/\/reginett.ee\/?s={search_term_string}"},"query-input":{"@type":"PropertyValueSpecification","valueRequired":true,"valueName":"search_term_string"}}],"inLanguage":"ru-RU"}]}},"brands":[{"id":531,"name":"Thermacell","slug":"thermacell"}],"_links":{"self":[{"href":"https:\/\/reginett.ee\/ru\/wp-json\/wp\/v2\/product\/61205","targetHints":{"allow":["GET"]}}],"collection":[{"href":"https:\/\/reginett.ee\/ru\/wp-json\/wp\/v2\/product"}],"about":[{"href":"https:\/\/reginett.ee\/ru\/wp-json\/wp\/v2\/types\/product"}],"replies":[{"embeddable":true,"href":"https:\/\/reginett.ee\/ru\/wp-json\/wp\/v2\/comments?post=61205"}],"wp:featuredmedia":[{"embeddable":true,"href":"https:\/\/reginett.ee\/ru\/wp-json\/wp\/v2\/media\/61206"}],"wp:attachment":[{"href":"https:\/\/reginett.ee\/ru\/wp-json\/wp\/v2\/media?parent=61205"}],"wp:term":[{"taxonomy":"pwb-brand","embeddable":true,"href":"https:\/\/reginett.ee\/ru\/wp-json\/wp\/v2\/pwb-brand?post=61205"},{"taxonomy":"product_brand","embeddable":true,"href":"https:\/\/reginett.ee\/ru\/wp-json\/wp\/v2\/product_brand?post=61205"},{"taxonomy":"product_cat","embeddable":true,"href":"https:\/\/reginett.ee\/ru\/wp-json\/wp\/v2\/product_cat?post=61205"},{"taxonomy":"product_tag","embeddable":true,"href":"https:\/\/reginett.ee\/ru\/wp-json\/wp\/v2\/product_tag?post=61205"}],"curies":[{"name":"wp","href":"https:\/\/api.w.org\/{rel}","templated":true}]}}