{"id":61082,"date":"2024-04-24T12:04:23","date_gmt":"2024-04-24T09:04:23","guid":{"rendered":"https:\/\/reginett.ee\/?post_type=product&#038;p=61082"},"modified":"2024-04-24T12:04:23","modified_gmt":"2024-04-24T09:04:23","slug":"kabikorjaja-bag-a-nut-uus","status":"publish","type":"product","link":"https:\/\/reginett.ee\/ru\/toode\/kabikorjaja-bag-a-nut-uus\/","title":{"rendered":"K\u00e4bikorjaja Bag-A-Nut UUS!"},"content":{"rendered":"<p><strong>K\u00e4bikorjaja Bag-A-Nut<\/strong> p\u00e4\u00e4stab sind t\u00fc\u00fctust probleemist, mida tekitavad aias maha langenud k\u00e4bid.<\/p>\n<p>K\u00e4bid takistavad muru niitmist ja muudavad robotniiduki l\u00f5iketerad kiiresti n\u00fcriks, seet\u00f5ttu on uus ja v\u00e4ga efektiivne k\u00e4bikorjaja suurep\u00e4raseks abimeheks iga\u00fchele, kes on seda lahendust seni tulutult otsinud. Teil ei ole enam vajadust k\u00e4bisid kokku riisuda v\u00f5i neid k\u00fc\u00fcrutates kokku korjata<\/p>\n<p>Mehaanilise k\u00e4bikoguja t\u00f6\u00f6laius on 18&#8243; (46cm), mugavalt ja kiirelt eemaldatavat kogurit on lihtne t\u00fchjendada. See on valmistatud kvaliteetsest ja vastupidavast materjalist.<\/p>\n<p>&nbsp;<\/p>\n<p>&nbsp;<\/p>\n","protected":false},"excerpt":{"rendered":"<p><strong>K\u00e4bikorjaja Bag-A-Nut<\/strong> p\u00e4\u00e4stab sind t\u00fc\u00fctust probleemist, mida tekitavad aias maha langenud k\u00e4bid.K\u00e4bid takistavad muru niitmist ja muudavad robotniiduki l\u00f5iketerad kiiresti n\u00fcriks, seet\u00f5ttu on uus ja v\u00e4ga efektiivne k\u00e4bikorjaja suurep\u00e4raseks abimeheks iga\u00fchele<\/p>\n","protected":false},"featured_media":61083,"comment_status":"open","ping_status":"closed","template":"","meta":{"_acf_changed":false,"_et_pb_use_builder":"","_et_pb_old_content":"","_et_gb_content_width":"","inline_featured_image":false},"pwb-brand":[624],"product_brand":[],"product_cat":[480,134,27],"product_tag":[627,626,625],"class_list":{"0":"post-61082","1":"product","2":"type-product","3":"status-publish","4":"has-post-thumbnail","6":"pwb-brand-bag-a-nut","7":"product_cat-aiatoo","8":"product_cat-eripakkumised","9":"product_cat-tooriistad-ja-tarvikud","10":"product_tag-kabide-kogumine","11":"product_tag-kabikogur","12":"product_tag-kabikorjaja","13":"product_shipping_class-soodsam-kuller-15-eur","15":"first","16":"instock","17":"sale","18":"shipping-taxable","19":"purchasable","20":"product-type-simple"},"acf":[],"yoast_head":"<!-- This site is optimized with the Yoast SEO plugin v26.6 - https:\/\/yoast.com\/wordpress\/plugins\/seo\/ -->\n<title>K\u00e4bikorjaja Bag-A-Nut. Uus ja mugav lahendus k\u00e4bide kogumiseks<\/title>\n<meta name=\"description\" content=\"K\u00e4bikorjaja Bag-A-Nut p\u00e4\u00e4stab sind t\u00fc\u00fctust probleemist, mida tekitavad aias maha langenud k\u00e4bid.K\u00e4bid takistavad muru niitmist\" \/>\n<meta name=\"robots\" content=\"index, follow, max-snippet:-1, max-image-preview:large, max-video-preview:-1\" \/>\n<link rel=\"canonical\" href=\"https:\/\/reginett.ee\/toode\/kabikorjaja-bag-a-nut-uus\/\" \/>\n<meta property=\"og:locale\" content=\"ru_RU\" \/>\n<meta property=\"og:type\" content=\"article\" \/>\n<meta property=\"og:title\" content=\"K\u00e4bikorjaja Bag-A-Nut. Uus ja mugav lahendus k\u00e4bide kogumiseks\" \/>\n<meta property=\"og:description\" content=\"K\u00e4bikorjaja Bag-A-Nut p\u00e4\u00e4stab sind t\u00fc\u00fctust probleemist, mida tekitavad aias maha langenud k\u00e4bid.K\u00e4bid takistavad muru niitmist\" \/>\n<meta property=\"og:url\" content=\"https:\/\/reginett.ee\/toode\/kabikorjaja-bag-a-nut-uus\/\" \/>\n<meta property=\"og:site_name\" content=\"Reginett\" \/>\n<meta property=\"og:image\" content=\"https:\/\/reginett.ee\/wp-content\/uploads\/2024\/04\/Kabikorjaja-Bag-A-Bag-Reginett.jpg\" \/>\n\t<meta property=\"og:image:width\" content=\"500\" \/>\n\t<meta property=\"og:image:height\" content=\"500\" \/>\n\t<meta property=\"og:image:type\" content=\"image\/jpeg\" \/>\n<meta name=\"twitter:card\" content=\"summary_large_image\" \/>\n<meta name=\"twitter:label1\" content=\"\u041f\u0440\u0438\u043c\u0435\u0440\u043d\u043e\u0435 \u0432\u0440\u0435\u043c\u044f \u0434\u043b\u044f \u0447\u0442\u0435\u043d\u0438\u044f\" \/>\n\t<meta name=\"twitter:data1\" content=\"1 \u043c\u0438\u043d\u0443\u0442\u0430\" \/>\n<script type=\"application\/ld+json\" class=\"yoast-schema-graph\">{\"@context\":\"https:\/\/schema.org\",\"@graph\":[{\"@type\":\"WebPage\",\"@id\":\"https:\/\/reginett.ee\/toode\/kabikorjaja-bag-a-nut-uus\/\",\"url\":\"https:\/\/reginett.ee\/toode\/kabikorjaja-bag-a-nut-uus\/\",\"name\":\"K\u00e4bikorjaja Bag-A-Nut. Uus ja mugav lahendus k\u00e4bide kogumiseks\",\"isPartOf\":{\"@id\":\"https:\/\/reginett.ee\/#website\"},\"primaryImageOfPage\":{\"@id\":\"https:\/\/reginett.ee\/toode\/kabikorjaja-bag-a-nut-uus\/#primaryimage\"},\"image\":{\"@id\":\"https:\/\/reginett.ee\/toode\/kabikorjaja-bag-a-nut-uus\/#primaryimage\"},\"thumbnailUrl\":\"https:\/\/reginett.ee\/wp-content\/uploads\/2024\/04\/Kabikorjaja-Bag-A-Bag-Reginett.jpg\",\"datePublished\":\"2024-04-24T09:04:23+00:00\",\"description\":\"K\u00e4bikorjaja Bag-A-Nut p\u00e4\u00e4stab sind t\u00fc\u00fctust probleemist, mida tekitavad aias maha langenud k\u00e4bid.K\u00e4bid takistavad muru niitmist\",\"breadcrumb\":{\"@id\":\"https:\/\/reginett.ee\/toode\/kabikorjaja-bag-a-nut-uus\/#breadcrumb\"},\"inLanguage\":\"ru-RU\",\"potentialAction\":[{\"@type\":\"ReadAction\",\"target\":[\"https:\/\/reginett.ee\/toode\/kabikorjaja-bag-a-nut-uus\/\"]}]},{\"@type\":\"ImageObject\",\"inLanguage\":\"ru-RU\",\"@id\":\"https:\/\/reginett.ee\/toode\/kabikorjaja-bag-a-nut-uus\/#primaryimage\",\"url\":\"https:\/\/reginett.ee\/wp-content\/uploads\/2024\/04\/Kabikorjaja-Bag-A-Bag-Reginett.jpg\",\"contentUrl\":\"https:\/\/reginett.ee\/wp-content\/uploads\/2024\/04\/Kabikorjaja-Bag-A-Bag-Reginett.jpg\",\"width\":500,\"height\":500,\"caption\":\"K\u00e4bikorjaja\"},{\"@type\":\"BreadcrumbList\",\"@id\":\"https:\/\/reginett.ee\/toode\/kabikorjaja-bag-a-nut-uus\/#breadcrumb\",\"itemListElement\":[{\"@type\":\"ListItem\",\"position\":1,\"name\":\"Home\",\"item\":\"https:\/\/reginett.ee\/ru\/\"},{\"@type\":\"ListItem\",\"position\":2,\"name\":\"Tooted\",\"item\":\"https:\/\/reginett.ee\/tooted\/\"},{\"@type\":\"ListItem\",\"position\":3,\"name\":\"K\u00e4bikorjaja Bag-A-Nut UUS!\"}]},{\"@type\":\"WebSite\",\"@id\":\"https:\/\/reginett.ee\/#website\",\"url\":\"https:\/\/reginett.ee\/\",\"name\":\"Reginett\",\"description\":\"Parimad robotniidukid\",\"potentialAction\":[{\"@type\":\"SearchAction\",\"target\":{\"@type\":\"EntryPoint\",\"urlTemplate\":\"https:\/\/reginett.ee\/?s={search_term_string}\"},\"query-input\":{\"@type\":\"PropertyValueSpecification\",\"valueRequired\":true,\"valueName\":\"search_term_string\"}}],\"inLanguage\":\"ru-RU\"}]}<\/script>\n<!-- \/ Yoast SEO plugin. -->","yoast_head_json":{"title":"K\u00e4bikorjaja Bag-A-Nut. Uus ja mugav lahendus k\u00e4bide kogumiseks","description":"K\u00e4bikorjaja Bag-A-Nut p\u00e4\u00e4stab sind t\u00fc\u00fctust probleemist, mida tekitavad aias maha langenud k\u00e4bid.K\u00e4bid takistavad muru niitmist","robots":{"index":"index","follow":"follow","max-snippet":"max-snippet:-1","max-image-preview":"max-image-preview:large","max-video-preview":"max-video-preview:-1"},"canonical":"https:\/\/reginett.ee\/toode\/kabikorjaja-bag-a-nut-uus\/","og_locale":"ru_RU","og_type":"article","og_title":"K\u00e4bikorjaja Bag-A-Nut. Uus ja mugav lahendus k\u00e4bide kogumiseks","og_description":"K\u00e4bikorjaja Bag-A-Nut p\u00e4\u00e4stab sind t\u00fc\u00fctust probleemist, mida tekitavad aias maha langenud k\u00e4bid.K\u00e4bid takistavad muru niitmist","og_url":"https:\/\/reginett.ee\/toode\/kabikorjaja-bag-a-nut-uus\/","og_site_name":"Reginett","og_image":[{"width":500,"height":500,"url":"https:\/\/reginett.ee\/wp-content\/uploads\/2024\/04\/Kabikorjaja-Bag-A-Bag-Reginett.jpg","type":"image\/jpeg"}],"twitter_card":"summary_large_image","twitter_misc":{"\u041f\u0440\u0438\u043c\u0435\u0440\u043d\u043e\u0435 \u0432\u0440\u0435\u043c\u044f \u0434\u043b\u044f \u0447\u0442\u0435\u043d\u0438\u044f":"1 \u043c\u0438\u043d\u0443\u0442\u0430"},"schema":{"@context":"https:\/\/schema.org","@graph":[{"@type":"WebPage","@id":"https:\/\/reginett.ee\/toode\/kabikorjaja-bag-a-nut-uus\/","url":"https:\/\/reginett.ee\/toode\/kabikorjaja-bag-a-nut-uus\/","name":"K\u00e4bikorjaja Bag-A-Nut. Uus ja mugav lahendus k\u00e4bide kogumiseks","isPartOf":{"@id":"https:\/\/reginett.ee\/#website"},"primaryImageOfPage":{"@id":"https:\/\/reginett.ee\/toode\/kabikorjaja-bag-a-nut-uus\/#primaryimage"},"image":{"@id":"https:\/\/reginett.ee\/toode\/kabikorjaja-bag-a-nut-uus\/#primaryimage"},"thumbnailUrl":"https:\/\/reginett.ee\/wp-content\/uploads\/2024\/04\/Kabikorjaja-Bag-A-Bag-Reginett.jpg","datePublished":"2024-04-24T09:04:23+00:00","description":"K\u00e4bikorjaja Bag-A-Nut p\u00e4\u00e4stab sind t\u00fc\u00fctust probleemist, mida tekitavad aias maha langenud k\u00e4bid.K\u00e4bid takistavad muru niitmist","breadcrumb":{"@id":"https:\/\/reginett.ee\/toode\/kabikorjaja-bag-a-nut-uus\/#breadcrumb"},"inLanguage":"ru-RU","potentialAction":[{"@type":"ReadAction","target":["https:\/\/reginett.ee\/toode\/kabikorjaja-bag-a-nut-uus\/"]}]},{"@type":"ImageObject","inLanguage":"ru-RU","@id":"https:\/\/reginett.ee\/toode\/kabikorjaja-bag-a-nut-uus\/#primaryimage","url":"https:\/\/reginett.ee\/wp-content\/uploads\/2024\/04\/Kabikorjaja-Bag-A-Bag-Reginett.jpg","contentUrl":"https:\/\/reginett.ee\/wp-content\/uploads\/2024\/04\/Kabikorjaja-Bag-A-Bag-Reginett.jpg","width":500,"height":500,"caption":"K\u00e4bikorjaja"},{"@type":"BreadcrumbList","@id":"https:\/\/reginett.ee\/toode\/kabikorjaja-bag-a-nut-uus\/#breadcrumb","itemListElement":[{"@type":"ListItem","position":1,"name":"Home","item":"https:\/\/reginett.ee\/ru\/"},{"@type":"ListItem","position":2,"name":"Tooted","item":"https:\/\/reginett.ee\/tooted\/"},{"@type":"ListItem","position":3,"name":"K\u00e4bikorjaja Bag-A-Nut UUS!"}]},{"@type":"WebSite","@id":"https:\/\/reginett.ee\/#website","url":"https:\/\/reginett.ee\/","name":"Reginett","description":"Parimad robotniidukid","potentialAction":[{"@type":"SearchAction","target":{"@type":"EntryPoint","urlTemplate":"https:\/\/reginett.ee\/?s={search_term_string}"},"query-input":{"@type":"PropertyValueSpecification","valueRequired":true,"valueName":"search_term_string"}}],"inLanguage":"ru-RU"}]}},"brands":[{"id":624,"name":"Bag-A-Nut","slug":"bag-a-nut"}],"_links":{"self":[{"href":"https:\/\/reginett.ee\/ru\/wp-json\/wp\/v2\/product\/61082","targetHints":{"allow":["GET"]}}],"collection":[{"href":"https:\/\/reginett.ee\/ru\/wp-json\/wp\/v2\/product"}],"about":[{"href":"https:\/\/reginett.ee\/ru\/wp-json\/wp\/v2\/types\/product"}],"replies":[{"embeddable":true,"href":"https:\/\/reginett.ee\/ru\/wp-json\/wp\/v2\/comments?post=61082"}],"wp:featuredmedia":[{"embeddable":true,"href":"https:\/\/reginett.ee\/ru\/wp-json\/wp\/v2\/media\/61083"}],"wp:attachment":[{"href":"https:\/\/reginett.ee\/ru\/wp-json\/wp\/v2\/media?parent=61082"}],"wp:term":[{"taxonomy":"pwb-brand","embeddable":true,"href":"https:\/\/reginett.ee\/ru\/wp-json\/wp\/v2\/pwb-brand?post=61082"},{"taxonomy":"product_brand","embeddable":true,"href":"https:\/\/reginett.ee\/ru\/wp-json\/wp\/v2\/product_brand?post=61082"},{"taxonomy":"product_cat","embeddable":true,"href":"https:\/\/reginett.ee\/ru\/wp-json\/wp\/v2\/product_cat?post=61082"},{"taxonomy":"product_tag","embeddable":true,"href":"https:\/\/reginett.ee\/ru\/wp-json\/wp\/v2\/product_tag?post=61082"}],"curies":[{"name":"wp","href":"https:\/\/api.w.org\/{rel}","templated":true}]}}