{"id":60945,"date":"2025-05-23T17:00:40","date_gmt":"2025-05-23T14:00:40","guid":{"rendered":"https:\/\/reginett.ee\/?post_type=product&#038;p=60945"},"modified":"2026-01-06T17:15:44","modified_gmt":"2026-01-06T14:15:44","slug":"murutraktor-husqvarna-ts114-uus","status":"publish","type":"product","link":"https:\/\/reginett.ee\/ru\/toode\/murutraktor-husqvarna-ts114-uus\/","title":{"rendered":"Murutraktor Husqvarna TS114"},"content":{"rendered":"<p><strong>Murutraktor Husqvarna TS114<\/strong> on lihtsasti kasutatav traktor suurte muruplatside jaoks.<\/p>\n<div class=\"hbd-editorial\">Kasutamise h\u00f5lbustamiseks loodud <strong>Husqvarna TS114<\/strong> murutraktor pakub erakordset niitmiskogemust iga ilmega suurel muruplatsil \u2013 isegi kitsastes l\u00e4bik\u00e4ikudes. T\u00e4nu ergonoomiliselt paigutatud hoobadele, k\u00f5rvuti asetsevatele pedaalidele ja vedruga l\u00f5ikekorpusele saavutad suurep\u00e4raseid tulemusi ilma oma keha koormamata. Mugavalt kompaktne optimeeritud hoiustamiseks, hoolduseks ja kasutamiseks: saad nautida probleemivaba omamist ning t\u00e4iuslikult niidetud muru.<\/div>\n<div><\/div>\n<div>\n<h3 class=\"hui-spacing--sm-mt-4-times-8 qDVd74V+99zfGRPQ6w+YDw==\">K\u00fclgv\u00e4ljaviskega l\u00f5ikekorpus<\/h3>\n<p class=\"hui-spacing--sm-mt-4-times-4 K2PbruRyOKhyQZiENIYSog==\">Varustatud 95 cm laiuse k\u00fclgv\u00e4ljaviskega l\u00f5ikekorpusega.<\/p>\n<h3 class=\"hui-spacing--sm-mt-4-times-8 qDVd74V+99zfGRPQ6w+YDw==\">L\u00f5ikekorpuse rattad<\/h3>\n<p class=\"hui-spacing--sm-mt-4-times-4 K2PbruRyOKhyQZiENIYSog==\">L\u00f5ikekorpus on varustatud ratastega, mis v\u00e4hendavad eba\u00fchtlase muru niitmisel terade maasse l\u00f5ikamise ohtu.<\/p>\n<h3 class=\"hui-spacing--sm-mt-4-times-8 qDVd74V+99zfGRPQ6w+YDw==\">Pedaaliga juhitav h\u00fcdrostaatiline j\u00f5u\u00fclekanne<\/h3>\n<p class=\"hui-spacing--sm-mt-4-times-4 K2PbruRyOKhyQZiENIYSog==\">Lihtne kiiruse ja s\u00f5idusuuna juhtimine pedaaliga h\u00fcdrostaatilise j\u00f5u\u00fclekande abil. Eraldi pedaalid edasi- ja tagasik\u00e4igu jaoks.<\/p>\n<h3 class=\"hui-spacing--sm-mt-4-times-8 qDVd74V+99zfGRPQ6w+YDw==\">Juhtkangiga l\u00f5ikek\u00f5rguse reguleerimine<\/h3>\n<p class=\"hui-spacing--sm-mt-4-times-4 K2PbruRyOKhyQZiENIYSog==\">Kergesti ligip\u00e4\u00e4setav l\u00f5ikek\u00f5rguse reguleerimine parandab ergonoomikat. Vedruabiga l\u00f5ikek\u00f5rguse reguleerimine muudab soovitud k\u00f5rguse seadistamise veelgi lihtsamaks.<\/p>\n<h3 class=\"hui-spacing--sm-mt-4-times-8 qDVd74V+99zfGRPQ6w+YDw==\">V\u00f5tmest k\u00e4ivitus<\/h3>\n<p class=\"hui-spacing--sm-mt-4-times-4 K2PbruRyOKhyQZiENIYSog==\">Lihtne kasutamise alustamine mis tahes ilmastikutingimustes ilma \u00f5huklapi vajaduseta. Lihtsalt keera v\u00f5tit ja s\u00f5ida.<\/p>\n<h3 class=\"hui-spacing--sm-mt-4-times-8 qDVd74V+99zfGRPQ6w+YDw==\">Kaks pedaali<\/h3>\n<p class=\"hui-spacing--sm-mt-4-times-4 K2PbruRyOKhyQZiENIYSog==\">Kahe pedaali abil on s\u00f5itmine lihtne ja mugav.<\/p>\n<p><a href=\"https:\/\/www.husqvarna.com\/ee\/murutraktorid\/ts114\/\">Husqvarna TS\u00a0114 murutraktor | Husqvarna EE<\/a><\/p>\n<\/div>\n","protected":false},"excerpt":{"rendered":"<p><strong>Murutraktor Husqvarna TS114<\/strong> on lihtsasti kasutatav traktor suurte muruplatside jaoks.<\/p>\n<div class=\"hbd-editorial\">Kasutamise h\u00f5lbustamiseks loodud <strong>Husqvarna TS114<\/strong> murutraktor pakub erakordset niitmiskogemust iga ilmega suurel muruplatsil \u2013 isegi kitsastes l\u00e4bik\u00e4ikudes.<\/div>\n","protected":false},"featured_media":60709,"comment_status":"open","ping_status":"closed","template":"","meta":{"_acf_changed":false,"_et_pb_use_builder":"","_et_pb_old_content":"","_et_gb_content_width":"","inline_featured_image":false},"pwb-brand":[147],"product_brand":[],"product_cat":[26],"product_tag":[47,77,613],"class_list":{"0":"post-60945","1":"product","2":"type-product","3":"status-publish","4":"has-post-thumbnail","6":"pwb-brand-husqvarna","7":"product_cat-murutraktorid","8":"product_tag-murutraktor","9":"product_tag-traktor","10":"product_tag-ts114","11":"product_shipping_class-rasked-asjad","13":"first","14":"instock","15":"shipping-taxable","16":"purchasable","17":"product-type-simple"},"acf":[],"yoast_head":"<!-- This site is optimized with the Yoast SEO plugin v26.6 - https:\/\/yoast.com\/wordpress\/plugins\/seo\/ -->\n<title>Murutraktor Husqvarna TS114 - Reginett<\/title>\n<meta name=\"description\" content=\"Murutraktor Husqvarna TS114 on lihtsasti kasutatav traktor suurte muruplatside jaoks.Kasutamise h\u00f5lbustamiseks loodud Husqvarna TS114 murutraktor\" \/>\n<meta name=\"robots\" content=\"index, follow, max-snippet:-1, max-image-preview:large, max-video-preview:-1\" \/>\n<link rel=\"canonical\" href=\"https:\/\/reginett.ee\/toode\/murutraktor-husqvarna-ts114-uus\/\" \/>\n<meta property=\"og:locale\" content=\"ru_RU\" \/>\n<meta property=\"og:type\" content=\"article\" \/>\n<meta property=\"og:title\" content=\"Murutraktor Husqvarna TS114 - Reginett\" \/>\n<meta property=\"og:description\" content=\"Murutraktor Husqvarna TS114 on lihtsasti kasutatav traktor suurte muruplatside jaoks.Kasutamise h\u00f5lbustamiseks loodud Husqvarna TS114 murutraktor\" \/>\n<meta property=\"og:url\" content=\"https:\/\/reginett.ee\/toode\/murutraktor-husqvarna-ts114-uus\/\" \/>\n<meta property=\"og:site_name\" content=\"Reginett\" \/>\n<meta property=\"article:modified_time\" content=\"2026-01-06T14:15:44+00:00\" \/>\n<meta property=\"og:image\" content=\"https:\/\/reginett.ee\/wp-content\/uploads\/2024\/01\/Murutraktor-Husqvarna-TS112-scaled.jpg\" \/>\n\t<meta property=\"og:image:width\" content=\"2560\" \/>\n\t<meta property=\"og:image:height\" content=\"1801\" \/>\n\t<meta property=\"og:image:type\" content=\"image\/jpeg\" \/>\n<meta name=\"twitter:card\" content=\"summary_large_image\" \/>\n<meta name=\"twitter:label1\" content=\"\u041f\u0440\u0438\u043c\u0435\u0440\u043d\u043e\u0435 \u0432\u0440\u0435\u043c\u044f \u0434\u043b\u044f \u0447\u0442\u0435\u043d\u0438\u044f\" \/>\n\t<meta name=\"twitter:data1\" content=\"1 \u043c\u0438\u043d\u0443\u0442\u0430\" \/>\n<script type=\"application\/ld+json\" class=\"yoast-schema-graph\">{\"@context\":\"https:\/\/schema.org\",\"@graph\":[{\"@type\":\"WebPage\",\"@id\":\"https:\/\/reginett.ee\/toode\/murutraktor-husqvarna-ts114-uus\/\",\"url\":\"https:\/\/reginett.ee\/toode\/murutraktor-husqvarna-ts114-uus\/\",\"name\":\"Murutraktor Husqvarna TS114 - Reginett\",\"isPartOf\":{\"@id\":\"https:\/\/reginett.ee\/#website\"},\"primaryImageOfPage\":{\"@id\":\"https:\/\/reginett.ee\/toode\/murutraktor-husqvarna-ts114-uus\/#primaryimage\"},\"image\":{\"@id\":\"https:\/\/reginett.ee\/toode\/murutraktor-husqvarna-ts114-uus\/#primaryimage\"},\"thumbnailUrl\":\"https:\/\/reginett.ee\/wp-content\/uploads\/2024\/01\/Murutraktor-Husqvarna-TS112-scaled.jpg\",\"datePublished\":\"2025-05-23T14:00:40+00:00\",\"dateModified\":\"2026-01-06T14:15:44+00:00\",\"description\":\"Murutraktor Husqvarna TS114 on lihtsasti kasutatav traktor suurte muruplatside jaoks.Kasutamise h\u00f5lbustamiseks loodud Husqvarna TS114 murutraktor\",\"breadcrumb\":{\"@id\":\"https:\/\/reginett.ee\/toode\/murutraktor-husqvarna-ts114-uus\/#breadcrumb\"},\"inLanguage\":\"ru-RU\",\"potentialAction\":[{\"@type\":\"ReadAction\",\"target\":[\"https:\/\/reginett.ee\/toode\/murutraktor-husqvarna-ts114-uus\/\"]}]},{\"@type\":\"ImageObject\",\"inLanguage\":\"ru-RU\",\"@id\":\"https:\/\/reginett.ee\/toode\/murutraktor-husqvarna-ts114-uus\/#primaryimage\",\"url\":\"https:\/\/reginett.ee\/wp-content\/uploads\/2024\/01\/Murutraktor-Husqvarna-TS112-scaled.jpg\",\"contentUrl\":\"https:\/\/reginett.ee\/wp-content\/uploads\/2024\/01\/Murutraktor-Husqvarna-TS112-scaled.jpg\",\"width\":2560,\"height\":1801,\"caption\":\"Murutraktor Husqvarna TS114\"},{\"@type\":\"BreadcrumbList\",\"@id\":\"https:\/\/reginett.ee\/toode\/murutraktor-husqvarna-ts114-uus\/#breadcrumb\",\"itemListElement\":[{\"@type\":\"ListItem\",\"position\":1,\"name\":\"Home\",\"item\":\"https:\/\/reginett.ee\/ru\/\"},{\"@type\":\"ListItem\",\"position\":2,\"name\":\"Tooted\",\"item\":\"https:\/\/reginett.ee\/tooted\/\"},{\"@type\":\"ListItem\",\"position\":3,\"name\":\"Murutraktor Husqvarna TS114\"}]},{\"@type\":\"WebSite\",\"@id\":\"https:\/\/reginett.ee\/#website\",\"url\":\"https:\/\/reginett.ee\/\",\"name\":\"Reginett\",\"description\":\"Parimad robotniidukid\",\"potentialAction\":[{\"@type\":\"SearchAction\",\"target\":{\"@type\":\"EntryPoint\",\"urlTemplate\":\"https:\/\/reginett.ee\/?s={search_term_string}\"},\"query-input\":{\"@type\":\"PropertyValueSpecification\",\"valueRequired\":true,\"valueName\":\"search_term_string\"}}],\"inLanguage\":\"ru-RU\"}]}<\/script>\n<!-- \/ Yoast SEO plugin. -->","yoast_head_json":{"title":"Murutraktor Husqvarna TS114 - Reginett","description":"Murutraktor Husqvarna TS114 on lihtsasti kasutatav traktor suurte muruplatside jaoks.Kasutamise h\u00f5lbustamiseks loodud Husqvarna TS114 murutraktor","robots":{"index":"index","follow":"follow","max-snippet":"max-snippet:-1","max-image-preview":"max-image-preview:large","max-video-preview":"max-video-preview:-1"},"canonical":"https:\/\/reginett.ee\/toode\/murutraktor-husqvarna-ts114-uus\/","og_locale":"ru_RU","og_type":"article","og_title":"Murutraktor Husqvarna TS114 - Reginett","og_description":"Murutraktor Husqvarna TS114 on lihtsasti kasutatav traktor suurte muruplatside jaoks.Kasutamise h\u00f5lbustamiseks loodud Husqvarna TS114 murutraktor","og_url":"https:\/\/reginett.ee\/toode\/murutraktor-husqvarna-ts114-uus\/","og_site_name":"Reginett","article_modified_time":"2026-01-06T14:15:44+00:00","og_image":[{"width":2560,"height":1801,"url":"https:\/\/reginett.ee\/wp-content\/uploads\/2024\/01\/Murutraktor-Husqvarna-TS112-scaled.jpg","type":"image\/jpeg"}],"twitter_card":"summary_large_image","twitter_misc":{"\u041f\u0440\u0438\u043c\u0435\u0440\u043d\u043e\u0435 \u0432\u0440\u0435\u043c\u044f \u0434\u043b\u044f \u0447\u0442\u0435\u043d\u0438\u044f":"1 \u043c\u0438\u043d\u0443\u0442\u0430"},"schema":{"@context":"https:\/\/schema.org","@graph":[{"@type":"WebPage","@id":"https:\/\/reginett.ee\/toode\/murutraktor-husqvarna-ts114-uus\/","url":"https:\/\/reginett.ee\/toode\/murutraktor-husqvarna-ts114-uus\/","name":"Murutraktor Husqvarna TS114 - Reginett","isPartOf":{"@id":"https:\/\/reginett.ee\/#website"},"primaryImageOfPage":{"@id":"https:\/\/reginett.ee\/toode\/murutraktor-husqvarna-ts114-uus\/#primaryimage"},"image":{"@id":"https:\/\/reginett.ee\/toode\/murutraktor-husqvarna-ts114-uus\/#primaryimage"},"thumbnailUrl":"https:\/\/reginett.ee\/wp-content\/uploads\/2024\/01\/Murutraktor-Husqvarna-TS112-scaled.jpg","datePublished":"2025-05-23T14:00:40+00:00","dateModified":"2026-01-06T14:15:44+00:00","description":"Murutraktor Husqvarna TS114 on lihtsasti kasutatav traktor suurte muruplatside jaoks.Kasutamise h\u00f5lbustamiseks loodud Husqvarna TS114 murutraktor","breadcrumb":{"@id":"https:\/\/reginett.ee\/toode\/murutraktor-husqvarna-ts114-uus\/#breadcrumb"},"inLanguage":"ru-RU","potentialAction":[{"@type":"ReadAction","target":["https:\/\/reginett.ee\/toode\/murutraktor-husqvarna-ts114-uus\/"]}]},{"@type":"ImageObject","inLanguage":"ru-RU","@id":"https:\/\/reginett.ee\/toode\/murutraktor-husqvarna-ts114-uus\/#primaryimage","url":"https:\/\/reginett.ee\/wp-content\/uploads\/2024\/01\/Murutraktor-Husqvarna-TS112-scaled.jpg","contentUrl":"https:\/\/reginett.ee\/wp-content\/uploads\/2024\/01\/Murutraktor-Husqvarna-TS112-scaled.jpg","width":2560,"height":1801,"caption":"Murutraktor Husqvarna TS114"},{"@type":"BreadcrumbList","@id":"https:\/\/reginett.ee\/toode\/murutraktor-husqvarna-ts114-uus\/#breadcrumb","itemListElement":[{"@type":"ListItem","position":1,"name":"Home","item":"https:\/\/reginett.ee\/ru\/"},{"@type":"ListItem","position":2,"name":"Tooted","item":"https:\/\/reginett.ee\/tooted\/"},{"@type":"ListItem","position":3,"name":"Murutraktor Husqvarna TS114"}]},{"@type":"WebSite","@id":"https:\/\/reginett.ee\/#website","url":"https:\/\/reginett.ee\/","name":"Reginett","description":"Parimad robotniidukid","potentialAction":[{"@type":"SearchAction","target":{"@type":"EntryPoint","urlTemplate":"https:\/\/reginett.ee\/?s={search_term_string}"},"query-input":{"@type":"PropertyValueSpecification","valueRequired":true,"valueName":"search_term_string"}}],"inLanguage":"ru-RU"}]}},"brands":[{"id":147,"name":"Husqvarna","slug":"husqvarna"}],"_links":{"self":[{"href":"https:\/\/reginett.ee\/ru\/wp-json\/wp\/v2\/product\/60945","targetHints":{"allow":["GET"]}}],"collection":[{"href":"https:\/\/reginett.ee\/ru\/wp-json\/wp\/v2\/product"}],"about":[{"href":"https:\/\/reginett.ee\/ru\/wp-json\/wp\/v2\/types\/product"}],"replies":[{"embeddable":true,"href":"https:\/\/reginett.ee\/ru\/wp-json\/wp\/v2\/comments?post=60945"}],"wp:featuredmedia":[{"embeddable":true,"href":"https:\/\/reginett.ee\/ru\/wp-json\/wp\/v2\/media\/60709"}],"wp:attachment":[{"href":"https:\/\/reginett.ee\/ru\/wp-json\/wp\/v2\/media?parent=60945"}],"wp:term":[{"taxonomy":"pwb-brand","embeddable":true,"href":"https:\/\/reginett.ee\/ru\/wp-json\/wp\/v2\/pwb-brand?post=60945"},{"taxonomy":"product_brand","embeddable":true,"href":"https:\/\/reginett.ee\/ru\/wp-json\/wp\/v2\/product_brand?post=60945"},{"taxonomy":"product_cat","embeddable":true,"href":"https:\/\/reginett.ee\/ru\/wp-json\/wp\/v2\/product_cat?post=60945"},{"taxonomy":"product_tag","embeddable":true,"href":"https:\/\/reginett.ee\/ru\/wp-json\/wp\/v2\/product_tag?post=60945"}],"curies":[{"name":"wp","href":"https:\/\/api.w.org\/{rel}","templated":true}]}}