{"id":60896,"date":"2024-02-25T14:03:25","date_gmt":"2024-02-25T11:03:25","guid":{"rendered":"https:\/\/reginett.ee\/?post_type=product&#038;p=60896"},"modified":"2024-02-25T14:03:25","modified_gmt":"2024-02-25T11:03:25","slug":"akumultitooriist-stiga-smt-100-ae-kit","status":"publish","type":"product","link":"https:\/\/reginett.ee\/ru\/toode\/akumultitooriist-stiga-smt-100-ae-kit\/","title":{"rendered":"Akumultit\u00f6\u00f6riist STIGA SMT 100 AE Kit"},"content":{"rendered":"<p><strong>Akumultit\u00f6\u00f6riist STIGA SMT100 AE Kit<\/strong> on multifunktsionaalne, kasulik ja mitmek\u00fclgne akutoitega t\u00f6\u00f6riist, mis on abiks haljastus- ja aiat\u00f6\u00f6del, v\u00f5imaldades hooldada k\u00f5rgemaid hekke ja puid. Komplekti kuulub hekil\u00f5ikur ja kettsaag.<\/p>\n<p>SMT 100 AE Kit on v\u00f5imas, kuid samas kerge t\u00f6\u00f6riist. Saag kaalub vaid 3,2 kg ja hekil\u00f5ikur 3,1 kg. T\u00f6\u00f6riistal on 20 cm juhtplaat, mis v\u00f5imaldab l\u00f5igata k\u00f5rgeimaid oksi, 105 \u00b0 p\u00f6\u00f6ratav hekil\u00f5ikuriga ulatub h\u00f5lpsalt ka k\u00f5rgemaid hekke. Multit\u00f6\u00f6riista teleskoopvars v\u00f5imaldab seda pikendada 65 cm v\u00f5rra.<\/p>\n<p><strong>20V 4Ah aku ja laadija on komplektis!<\/strong><\/p>\n<p>&nbsp;<\/p>\n","protected":false},"excerpt":{"rendered":"<p><strong>Akumultit\u00f6\u00f6riist STIGA SMT100 AE Kit<\/strong> on multifunktsionaalne, kasulik ja mitmek\u00fclgne akutoitega t\u00f6\u00f6riist, mis on abiks haljastus- ja aiat\u00f6\u00f6del, v\u00f5imaldades hooldada k\u00f5rgemaid hekke ja puid.<\/p>\n<p><strong>20V 4Ah aku ja laadija on komplektis!<\/strong><\/p>\n","protected":false},"featured_media":60898,"comment_status":"open","ping_status":"closed","template":"","meta":{"_acf_changed":false,"_et_pb_use_builder":"","_et_pb_old_content":"","_et_gb_content_width":"","inline_featured_image":false},"pwb-brand":[146],"product_brand":[],"product_cat":[480,477,48,154],"product_tag":[609,429,608],"class_list":{"0":"post-60896","1":"product","2":"type-product","3":"status-publish","4":"has-post-thumbnail","6":"pwb-brand-stiga","7":"product_cat-aiatoo","8":"product_cat-korgloikur","9":"product_cat-akutooted","10":"product_cat-stiga","11":"product_tag-akumultitooriist","12":"product_tag-korgloikur","13":"product_tag-multitooriist","14":"product_shipping_class-soodsam-kuller-15-eur","16":"first","17":"instock","18":"shipping-taxable","19":"purchasable","20":"product-type-simple"},"acf":[],"yoast_head":"<!-- This site is optimized with the Yoast SEO plugin v26.6 - https:\/\/yoast.com\/wordpress\/plugins\/seo\/ -->\n<title>Akumultit\u00f6\u00f6riist STIGA SMT 100 AE. Stiga akut\u00f6\u00f6riistad Reginetist<\/title>\n<meta name=\"description\" content=\"Akumultit\u00f6\u00f6riist STIGA SMT100 AE Kit on multifunktsionaalne, kasulik ja mitmek\u00fclgne akutoitega t\u00f6\u00f6riist, mis on abiks haljastus- ja aiat\u00f6\u00f6del\" \/>\n<meta name=\"robots\" content=\"index, follow, max-snippet:-1, max-image-preview:large, max-video-preview:-1\" \/>\n<link rel=\"canonical\" href=\"https:\/\/reginett.ee\/toode\/akumultitooriist-stiga-smt-100-ae-kit\/\" \/>\n<meta property=\"og:locale\" content=\"ru_RU\" \/>\n<meta property=\"og:type\" content=\"article\" \/>\n<meta property=\"og:title\" content=\"Akumultit\u00f6\u00f6riist STIGA SMT 100 AE. Stiga akut\u00f6\u00f6riistad Reginetist\" \/>\n<meta property=\"og:description\" content=\"Akumultit\u00f6\u00f6riist STIGA SMT100 AE Kit on multifunktsionaalne, kasulik ja mitmek\u00fclgne akutoitega t\u00f6\u00f6riist, mis on abiks haljastus- ja aiat\u00f6\u00f6del\" \/>\n<meta property=\"og:url\" content=\"https:\/\/reginett.ee\/toode\/akumultitooriist-stiga-smt-100-ae-kit\/\" \/>\n<meta property=\"og:site_name\" content=\"Reginett\" \/>\n<meta property=\"og:image\" content=\"https:\/\/reginett.ee\/wp-content\/uploads\/2024\/02\/Stiga-SMT100eKit_271724108ST2_full01-scaled-1.jpg\" \/>\n\t<meta property=\"og:image:width\" content=\"2560\" \/>\n\t<meta property=\"og:image:height\" content=\"2560\" \/>\n\t<meta property=\"og:image:type\" content=\"image\/jpeg\" \/>\n<meta name=\"twitter:card\" content=\"summary_large_image\" \/>\n<meta name=\"twitter:label1\" content=\"\u041f\u0440\u0438\u043c\u0435\u0440\u043d\u043e\u0435 \u0432\u0440\u0435\u043c\u044f \u0434\u043b\u044f \u0447\u0442\u0435\u043d\u0438\u044f\" \/>\n\t<meta name=\"twitter:data1\" content=\"1 \u043c\u0438\u043d\u0443\u0442\u0430\" \/>\n<script type=\"application\/ld+json\" class=\"yoast-schema-graph\">{\"@context\":\"https:\/\/schema.org\",\"@graph\":[{\"@type\":\"WebPage\",\"@id\":\"https:\/\/reginett.ee\/toode\/akumultitooriist-stiga-smt-100-ae-kit\/\",\"url\":\"https:\/\/reginett.ee\/toode\/akumultitooriist-stiga-smt-100-ae-kit\/\",\"name\":\"Akumultit\u00f6\u00f6riist STIGA SMT 100 AE. Stiga akut\u00f6\u00f6riistad Reginetist\",\"isPartOf\":{\"@id\":\"https:\/\/reginett.ee\/#website\"},\"primaryImageOfPage\":{\"@id\":\"https:\/\/reginett.ee\/toode\/akumultitooriist-stiga-smt-100-ae-kit\/#primaryimage\"},\"image\":{\"@id\":\"https:\/\/reginett.ee\/toode\/akumultitooriist-stiga-smt-100-ae-kit\/#primaryimage\"},\"thumbnailUrl\":\"https:\/\/reginett.ee\/wp-content\/uploads\/2024\/02\/Stiga-SMT100eKit_271724108ST2_full01-scaled-1.jpg\",\"datePublished\":\"2024-02-25T11:03:25+00:00\",\"description\":\"Akumultit\u00f6\u00f6riist STIGA SMT100 AE Kit on multifunktsionaalne, kasulik ja mitmek\u00fclgne akutoitega t\u00f6\u00f6riist, mis on abiks haljastus- ja aiat\u00f6\u00f6del\",\"breadcrumb\":{\"@id\":\"https:\/\/reginett.ee\/toode\/akumultitooriist-stiga-smt-100-ae-kit\/#breadcrumb\"},\"inLanguage\":\"ru-RU\",\"potentialAction\":[{\"@type\":\"ReadAction\",\"target\":[\"https:\/\/reginett.ee\/toode\/akumultitooriist-stiga-smt-100-ae-kit\/\"]}]},{\"@type\":\"ImageObject\",\"inLanguage\":\"ru-RU\",\"@id\":\"https:\/\/reginett.ee\/toode\/akumultitooriist-stiga-smt-100-ae-kit\/#primaryimage\",\"url\":\"https:\/\/reginett.ee\/wp-content\/uploads\/2024\/02\/Stiga-SMT100eKit_271724108ST2_full01-scaled-1.jpg\",\"contentUrl\":\"https:\/\/reginett.ee\/wp-content\/uploads\/2024\/02\/Stiga-SMT100eKit_271724108ST2_full01-scaled-1.jpg\",\"width\":2560,\"height\":2560,\"caption\":\"Akumultit\u00f6\u00f6riist Stiga\"},{\"@type\":\"BreadcrumbList\",\"@id\":\"https:\/\/reginett.ee\/toode\/akumultitooriist-stiga-smt-100-ae-kit\/#breadcrumb\",\"itemListElement\":[{\"@type\":\"ListItem\",\"position\":1,\"name\":\"Home\",\"item\":\"https:\/\/reginett.ee\/ru\/\"},{\"@type\":\"ListItem\",\"position\":2,\"name\":\"Tooted\",\"item\":\"https:\/\/reginett.ee\/tooted\/\"},{\"@type\":\"ListItem\",\"position\":3,\"name\":\"Akumultit\u00f6\u00f6riist STIGA SMT 100 AE Kit\"}]},{\"@type\":\"WebSite\",\"@id\":\"https:\/\/reginett.ee\/#website\",\"url\":\"https:\/\/reginett.ee\/\",\"name\":\"Reginett\",\"description\":\"Parimad robotniidukid\",\"potentialAction\":[{\"@type\":\"SearchAction\",\"target\":{\"@type\":\"EntryPoint\",\"urlTemplate\":\"https:\/\/reginett.ee\/?s={search_term_string}\"},\"query-input\":{\"@type\":\"PropertyValueSpecification\",\"valueRequired\":true,\"valueName\":\"search_term_string\"}}],\"inLanguage\":\"ru-RU\"}]}<\/script>\n<!-- \/ Yoast SEO plugin. -->","yoast_head_json":{"title":"Akumultit\u00f6\u00f6riist STIGA SMT 100 AE. Stiga akut\u00f6\u00f6riistad Reginetist","description":"Akumultit\u00f6\u00f6riist STIGA SMT100 AE Kit on multifunktsionaalne, kasulik ja mitmek\u00fclgne akutoitega t\u00f6\u00f6riist, mis on abiks haljastus- ja aiat\u00f6\u00f6del","robots":{"index":"index","follow":"follow","max-snippet":"max-snippet:-1","max-image-preview":"max-image-preview:large","max-video-preview":"max-video-preview:-1"},"canonical":"https:\/\/reginett.ee\/toode\/akumultitooriist-stiga-smt-100-ae-kit\/","og_locale":"ru_RU","og_type":"article","og_title":"Akumultit\u00f6\u00f6riist STIGA SMT 100 AE. Stiga akut\u00f6\u00f6riistad Reginetist","og_description":"Akumultit\u00f6\u00f6riist STIGA SMT100 AE Kit on multifunktsionaalne, kasulik ja mitmek\u00fclgne akutoitega t\u00f6\u00f6riist, mis on abiks haljastus- ja aiat\u00f6\u00f6del","og_url":"https:\/\/reginett.ee\/toode\/akumultitooriist-stiga-smt-100-ae-kit\/","og_site_name":"Reginett","og_image":[{"width":2560,"height":2560,"url":"https:\/\/reginett.ee\/wp-content\/uploads\/2024\/02\/Stiga-SMT100eKit_271724108ST2_full01-scaled-1.jpg","type":"image\/jpeg"}],"twitter_card":"summary_large_image","twitter_misc":{"\u041f\u0440\u0438\u043c\u0435\u0440\u043d\u043e\u0435 \u0432\u0440\u0435\u043c\u044f \u0434\u043b\u044f \u0447\u0442\u0435\u043d\u0438\u044f":"1 \u043c\u0438\u043d\u0443\u0442\u0430"},"schema":{"@context":"https:\/\/schema.org","@graph":[{"@type":"WebPage","@id":"https:\/\/reginett.ee\/toode\/akumultitooriist-stiga-smt-100-ae-kit\/","url":"https:\/\/reginett.ee\/toode\/akumultitooriist-stiga-smt-100-ae-kit\/","name":"Akumultit\u00f6\u00f6riist STIGA SMT 100 AE. Stiga akut\u00f6\u00f6riistad Reginetist","isPartOf":{"@id":"https:\/\/reginett.ee\/#website"},"primaryImageOfPage":{"@id":"https:\/\/reginett.ee\/toode\/akumultitooriist-stiga-smt-100-ae-kit\/#primaryimage"},"image":{"@id":"https:\/\/reginett.ee\/toode\/akumultitooriist-stiga-smt-100-ae-kit\/#primaryimage"},"thumbnailUrl":"https:\/\/reginett.ee\/wp-content\/uploads\/2024\/02\/Stiga-SMT100eKit_271724108ST2_full01-scaled-1.jpg","datePublished":"2024-02-25T11:03:25+00:00","description":"Akumultit\u00f6\u00f6riist STIGA SMT100 AE Kit on multifunktsionaalne, kasulik ja mitmek\u00fclgne akutoitega t\u00f6\u00f6riist, mis on abiks haljastus- ja aiat\u00f6\u00f6del","breadcrumb":{"@id":"https:\/\/reginett.ee\/toode\/akumultitooriist-stiga-smt-100-ae-kit\/#breadcrumb"},"inLanguage":"ru-RU","potentialAction":[{"@type":"ReadAction","target":["https:\/\/reginett.ee\/toode\/akumultitooriist-stiga-smt-100-ae-kit\/"]}]},{"@type":"ImageObject","inLanguage":"ru-RU","@id":"https:\/\/reginett.ee\/toode\/akumultitooriist-stiga-smt-100-ae-kit\/#primaryimage","url":"https:\/\/reginett.ee\/wp-content\/uploads\/2024\/02\/Stiga-SMT100eKit_271724108ST2_full01-scaled-1.jpg","contentUrl":"https:\/\/reginett.ee\/wp-content\/uploads\/2024\/02\/Stiga-SMT100eKit_271724108ST2_full01-scaled-1.jpg","width":2560,"height":2560,"caption":"Akumultit\u00f6\u00f6riist Stiga"},{"@type":"BreadcrumbList","@id":"https:\/\/reginett.ee\/toode\/akumultitooriist-stiga-smt-100-ae-kit\/#breadcrumb","itemListElement":[{"@type":"ListItem","position":1,"name":"Home","item":"https:\/\/reginett.ee\/ru\/"},{"@type":"ListItem","position":2,"name":"Tooted","item":"https:\/\/reginett.ee\/tooted\/"},{"@type":"ListItem","position":3,"name":"Akumultit\u00f6\u00f6riist STIGA SMT 100 AE Kit"}]},{"@type":"WebSite","@id":"https:\/\/reginett.ee\/#website","url":"https:\/\/reginett.ee\/","name":"Reginett","description":"Parimad robotniidukid","potentialAction":[{"@type":"SearchAction","target":{"@type":"EntryPoint","urlTemplate":"https:\/\/reginett.ee\/?s={search_term_string}"},"query-input":{"@type":"PropertyValueSpecification","valueRequired":true,"valueName":"search_term_string"}}],"inLanguage":"ru-RU"}]}},"brands":[{"id":146,"name":"Stiga","slug":"stiga"}],"_links":{"self":[{"href":"https:\/\/reginett.ee\/ru\/wp-json\/wp\/v2\/product\/60896","targetHints":{"allow":["GET"]}}],"collection":[{"href":"https:\/\/reginett.ee\/ru\/wp-json\/wp\/v2\/product"}],"about":[{"href":"https:\/\/reginett.ee\/ru\/wp-json\/wp\/v2\/types\/product"}],"replies":[{"embeddable":true,"href":"https:\/\/reginett.ee\/ru\/wp-json\/wp\/v2\/comments?post=60896"}],"wp:featuredmedia":[{"embeddable":true,"href":"https:\/\/reginett.ee\/ru\/wp-json\/wp\/v2\/media\/60898"}],"wp:attachment":[{"href":"https:\/\/reginett.ee\/ru\/wp-json\/wp\/v2\/media?parent=60896"}],"wp:term":[{"taxonomy":"pwb-brand","embeddable":true,"href":"https:\/\/reginett.ee\/ru\/wp-json\/wp\/v2\/pwb-brand?post=60896"},{"taxonomy":"product_brand","embeddable":true,"href":"https:\/\/reginett.ee\/ru\/wp-json\/wp\/v2\/product_brand?post=60896"},{"taxonomy":"product_cat","embeddable":true,"href":"https:\/\/reginett.ee\/ru\/wp-json\/wp\/v2\/product_cat?post=60896"},{"taxonomy":"product_tag","embeddable":true,"href":"https:\/\/reginett.ee\/ru\/wp-json\/wp\/v2\/product_tag?post=60896"}],"curies":[{"name":"wp","href":"https:\/\/api.w.org\/{rel}","templated":true}]}}