{"id":60818,"date":"2025-06-19T14:15:13","date_gmt":"2025-06-19T11:15:13","guid":{"rendered":"https:\/\/reginett.ee\/?post_type=product&#038;p=60818"},"modified":"2026-03-10T16:29:48","modified_gmt":"2026-03-10T13:29:48","slug":"robotniiduk-husqvarna-automower-410xe-nera-uus","status":"publish","type":"product","link":"https:\/\/reginett.ee\/ru\/toode\/robotniiduk-husqvarna-automower-410xe-nera-uus\/","title":{"rendered":"Robotniiduk Husqvarna Automower\u00ae 410XE NERA"},"content":{"rendered":"<h2 class=\"ui-lc ui-bg ui-lg\"><strong>Uus EdgeCut ja takistuste v\u00e4ltimise funktsiooniga piirdekaablita robotniiduk!<\/strong><\/h2>\n<div class=\"hbd-editorial\">\n<p><strong>Husqvarna Automower\u00ae 410XE NERA<\/strong> on robotniiduk kuni 1000 m\u00b2 muruala niitmiseks. See on varustatud EdgeCut-funktsiooniga, mis minimeerib vajadust muru servade trimmerdamiseks, s\u00e4\u00e4stes nii aega ja vaeva. 310E NERA pakub v\u00f5imalust valida f\u00fc\u00fcsiliste piiretega paigalduse v\u00f5i Husqvarna EPOS\u2122 piirdekaablita paigalduse vahel. EPOS\u2122 v\u00f5imaldab teil kogeda t\u00e4ielikku paindlikkust virtuaalsete piiridega, mida pakub satelliidip\u00f5hine tehnoloogia 2-3 cm t\u00e4psusega. See t\u00e4hendab ka seda, et puudub oht, et kaablit v\u00f5iksid katkeda. Lisaks v\u00f5imaldab EPOS\u2122 Zone Control luua Automower\u00ae Connect rakenduse kaudu erinevaid niidualasid ja neid vastavalt oma vajadustele seadistada. Sama lihtsalt saab luua ajutisi mitteniidetavaid alasid, et s\u00e4ilitada n\u00e4iteks hooajaliste lillede \u00f5itsemise.<\/p>\n<p>Niiduk tuvastab ja v\u00e4ldib takistusi, mis tagab t\u00e4pse niitmise ning v\u00e4hendab kokkup\u00f5rke- ja ootamatute peatumiste ohtu. Automower\u00ae Connect rakendusega saate oma niidukit j\u00e4lgida \u00fcksk\u00f5ik kus te ka viibite ja samuti integreerida selle oma nutikoduga. Saatke k\u00e4ske, vaadake v\u00f5i muutke oma niiduki seadeid ning saate teateid kui peaks esinema t\u00f5rkeid.<\/p>\n<\/div>\n<div><\/div>\n<div>\n<h3 class=\"hui-spacing--sm-mt-4-times-8 qDVd74V+99zfGRPQ6w+YDw==\">EdgeCut &#8212; v\u00e4hem trimmerdamist<\/h3>\n<p class=\"hui-spacing--sm-mt-4-times-4 K2PbruRyOKhyQZiENIYSog==\">EdgeCut v\u00e4hendab vajadust muru servade trimmerdamiseks, s\u00e4\u00e4stes nii aega ja vaeva. Seda v\u00f5imaldab spetsiaalne tagumine EdgeCut-l\u00f5ikekettas, mis suudab l\u00f5igata nii l\u00e4hedalt servadele, et ainult v\u00e4ikene osa murust j\u00e4\u00e4b l\u00f5ikamata.<\/p>\n<h3 class=\"hui-spacing--sm-mt-4-times-8 qDVd74V+99zfGRPQ6w+YDw==\">Piirdekaablivaba paigaldus<\/h3>\n<p class=\"hui-spacing--sm-mt-4-times-4 K2PbruRyOKhyQZiENIYSog==\">Automower\u00ae NERA tootevalik koos Husqvarna EPOS\u2122-ega pakub t\u00e4ielikult kohandatava muruhoolduse vabadust, luues f\u00fc\u00fcsiliste juhtmete asemel virtuaalpiirded satelliidip\u00f5hise tehnoloogia abil.<\/p>\n<h3 class=\"hui-spacing--sm-mt-4-times-8 qDVd74V+99zfGRPQ6w+YDw==\">Automower\u00ae Connect rakendus<\/h3>\n<p class=\"hui-spacing--sm-mt-4-times-4 K2PbruRyOKhyQZiENIYSog==\">Naudi rakendusega Automower\u00ae Connectoma nutitelefonist kaugjuhtimispuldi mugavust. Muuhulgas saad hallata ja j\u00e4lgida oma Husqvarna robotniidukit, muuta seadeid ning p\u00e4\u00e4seda h\u00f5lpsasti ligi teabele ja n\u00e4pun\u00e4idetele, mis muudavad muru hooldamise muretuks. S\u00f5ltuvalt mudelist on saadaval mobiilside, Wi-Fi ja Bluetooth \u00fchenduvus.<\/p>\n<h3 class=\"hui-spacing--sm-mt-4-times-8 qDVd74V+99zfGRPQ6w+YDw==\">Automower\u00ae X-Line<\/h3>\n<p class=\"hui-spacing--sm-mt-4-times-4 K2PbruRyOKhyQZiENIYSog==\">Husqvarna Automower\u00ae X-Line on meie k\u00f5ige rohkemate funktsioonidega sari, mis on loodud neile, kes soovivad tipptasemel robotniidukit. Varustatud X-Line&#8217;i funktsioonipaketiga, sealhulgas Automower\u00ae Connect koos varguse j\u00e4lgimise GPS-iga, GPS navigeerimisega, LED-esituledega, eesmise kummist p\u00f5rkerauaga ja X-Line&#8217;i korpusega.<\/p>\n<h3 class=\"hui-spacing--sm-mt-4-times-8 qDVd74V+99zfGRPQ6w+YDw==\">Rewilding Mode<\/h3>\n<p class=\"hui-spacing--sm-mt-4-times-4 K2PbruRyOKhyQZiENIYSog==\">Re\u017eiim Rewilding Mode on loodud selleks, et kutsuda loodus tagasi sinu aeda. Kui re\u017eiim on aktiveeritud, muudab see automaatselt 10% sinu murualast looduslikkuse taastamise piirkonnaks. Automower\u00ae j\u00e4tab selle ala puutumata nii kauaks kui soovid ja sa saad looduslikkuse taastamise piirkonda igal ajal suurendada, \u00fcmber kujundada, teisaldada v\u00f5i eemaldada. See funktsioon on saadaval j\u00e4rgmiste mudelite puhul. 405X, 415X, 430X NERA, 435X AWD ja 450X NERA; kasutajaid teavitatakse uuendusest rakenduse Automower\u00ae Connect kaudu. 430X NERA ja 450X NERA vajavad re\u017eiimi Rewilding Mode kasutamiseks piirdekaabli paigaldust.<\/p>\n<\/div>\n","protected":false},"excerpt":{"rendered":"<p><strong>Husqvarna Automower\u00ae 410XE NERA<\/strong> on robotniiduk kuni 1000 m\u00b2 muruala niitmiseks. See on varustatud EdgeCut-funktsiooniga, mis minimeerib vajadust muru servade trimmerdamiseks, s\u00e4\u00e4stes nii aega ja vaeva. 310E NERA pakub v\u00f5imalust valida f\u00fc\u00fcsiliste piiretega paigalduse v\u00f5i Husqvarna EPOS\u2122 piirdekaablita paigalduse vahel.<\/p>\n<p>Kaablivabaks paigalduseks on vajalik juurde soetada tugijaam RS1 ja NERA moodul!<\/p>\n","protected":false},"featured_media":60819,"comment_status":"open","ping_status":"closed","template":"","meta":{"_acf_changed":false,"_et_pb_use_builder":"","_et_pb_old_content":"","_et_gb_content_width":"","inline_featured_image":false},"pwb-brand":[147],"product_brand":[],"product_cat":[19],"product_tag":[606,512],"class_list":{"0":"post-60818","1":"product","2":"type-product","3":"status-publish","4":"has-post-thumbnail","6":"pwb-brand-husqvarna","7":"product_cat-robotniidukid","8":"product_tag-automower-410xe-nera","9":"product_tag-kaablivaba-robotniiduk","10":"product_shipping_class-soodsam-kuller-15-eur","12":"first","13":"instock","14":"shipping-taxable","15":"purchasable","16":"product-type-simple"},"acf":[],"yoast_head":"<!-- This site is optimized with the Yoast SEO plugin v26.6 - https:\/\/yoast.com\/wordpress\/plugins\/seo\/ -->\n<title>Robotniiduk Husqvarna Automower\u00ae 410XE NERA. Kaablivabadus<\/title>\n<meta name=\"description\" content=\"Husqvarna Automower\u00ae 410XE NERA on robotniiduk kuni 1000 m\u00b2 muruala niitmiseks. See on varustatud EdgeCut-funktsiooniga, mis minimeerib vajadust\" \/>\n<meta name=\"robots\" content=\"index, follow, max-snippet:-1, max-image-preview:large, max-video-preview:-1\" \/>\n<link rel=\"canonical\" href=\"https:\/\/reginett.ee\/toode\/robotniiduk-husqvarna-automower-410xe-nera-uus\/\" \/>\n<meta property=\"og:locale\" content=\"ru_RU\" \/>\n<meta property=\"og:type\" content=\"article\" \/>\n<meta property=\"og:title\" content=\"Robotniiduk Husqvarna Automower\u00ae 410XE NERA. Kaablivabadus\" \/>\n<meta property=\"og:description\" content=\"Husqvarna Automower\u00ae 410XE NERA on robotniiduk kuni 1000 m\u00b2 muruala niitmiseks. See on varustatud EdgeCut-funktsiooniga, mis minimeerib vajadust\" \/>\n<meta property=\"og:url\" content=\"https:\/\/reginett.ee\/toode\/robotniiduk-husqvarna-automower-410xe-nera-uus\/\" \/>\n<meta property=\"og:site_name\" content=\"Reginett\" \/>\n<meta property=\"article:modified_time\" content=\"2026-03-10T13:29:48+00:00\" \/>\n<meta property=\"og:image\" content=\"https:\/\/reginett.ee\/wp-content\/uploads\/2024\/02\/Automower-410XE-NERA-scaled.jpg\" \/>\n\t<meta property=\"og:image:width\" content=\"2560\" \/>\n\t<meta property=\"og:image:height\" content=\"1707\" \/>\n\t<meta property=\"og:image:type\" content=\"image\/jpeg\" \/>\n<meta name=\"twitter:card\" content=\"summary_large_image\" \/>\n<meta name=\"twitter:label1\" content=\"\u041f\u0440\u0438\u043c\u0435\u0440\u043d\u043e\u0435 \u0432\u0440\u0435\u043c\u044f \u0434\u043b\u044f \u0447\u0442\u0435\u043d\u0438\u044f\" \/>\n\t<meta name=\"twitter:data1\" content=\"3 \u043c\u0438\u043d\u0443\u0442\u044b\" \/>\n<script type=\"application\/ld+json\" class=\"yoast-schema-graph\">{\"@context\":\"https:\/\/schema.org\",\"@graph\":[{\"@type\":\"WebPage\",\"@id\":\"https:\/\/reginett.ee\/toode\/robotniiduk-husqvarna-automower-410xe-nera-uus\/\",\"url\":\"https:\/\/reginett.ee\/toode\/robotniiduk-husqvarna-automower-410xe-nera-uus\/\",\"name\":\"Robotniiduk Husqvarna Automower\u00ae 410XE NERA. Kaablivabadus\",\"isPartOf\":{\"@id\":\"https:\/\/reginett.ee\/#website\"},\"primaryImageOfPage\":{\"@id\":\"https:\/\/reginett.ee\/toode\/robotniiduk-husqvarna-automower-410xe-nera-uus\/#primaryimage\"},\"image\":{\"@id\":\"https:\/\/reginett.ee\/toode\/robotniiduk-husqvarna-automower-410xe-nera-uus\/#primaryimage\"},\"thumbnailUrl\":\"https:\/\/reginett.ee\/wp-content\/uploads\/2024\/02\/Automower-410XE-NERA-scaled.jpg\",\"datePublished\":\"2025-06-19T11:15:13+00:00\",\"dateModified\":\"2026-03-10T13:29:48+00:00\",\"description\":\"Husqvarna Automower\u00ae 410XE NERA on robotniiduk kuni 1000 m\u00b2 muruala niitmiseks. See on varustatud EdgeCut-funktsiooniga, mis minimeerib vajadust\",\"breadcrumb\":{\"@id\":\"https:\/\/reginett.ee\/toode\/robotniiduk-husqvarna-automower-410xe-nera-uus\/#breadcrumb\"},\"inLanguage\":\"ru-RU\",\"potentialAction\":[{\"@type\":\"ReadAction\",\"target\":[\"https:\/\/reginett.ee\/toode\/robotniiduk-husqvarna-automower-410xe-nera-uus\/\"]}]},{\"@type\":\"ImageObject\",\"inLanguage\":\"ru-RU\",\"@id\":\"https:\/\/reginett.ee\/toode\/robotniiduk-husqvarna-automower-410xe-nera-uus\/#primaryimage\",\"url\":\"https:\/\/reginett.ee\/wp-content\/uploads\/2024\/02\/Automower-410XE-NERA-scaled.jpg\",\"contentUrl\":\"https:\/\/reginett.ee\/wp-content\/uploads\/2024\/02\/Automower-410XE-NERA-scaled.jpg\",\"width\":2560,\"height\":1707,\"caption\":\"Husqvarna Automower 410XE NERA\"},{\"@type\":\"BreadcrumbList\",\"@id\":\"https:\/\/reginett.ee\/toode\/robotniiduk-husqvarna-automower-410xe-nera-uus\/#breadcrumb\",\"itemListElement\":[{\"@type\":\"ListItem\",\"position\":1,\"name\":\"Home\",\"item\":\"https:\/\/reginett.ee\/ru\/\"},{\"@type\":\"ListItem\",\"position\":2,\"name\":\"Tooted\",\"item\":\"https:\/\/reginett.ee\/tooted\/\"},{\"@type\":\"ListItem\",\"position\":3,\"name\":\"Robotniiduk Husqvarna Automower\u00ae 410XE NERA\"}]},{\"@type\":\"WebSite\",\"@id\":\"https:\/\/reginett.ee\/#website\",\"url\":\"https:\/\/reginett.ee\/\",\"name\":\"Reginett\",\"description\":\"Parimad robotniidukid\",\"potentialAction\":[{\"@type\":\"SearchAction\",\"target\":{\"@type\":\"EntryPoint\",\"urlTemplate\":\"https:\/\/reginett.ee\/?s={search_term_string}\"},\"query-input\":{\"@type\":\"PropertyValueSpecification\",\"valueRequired\":true,\"valueName\":\"search_term_string\"}}],\"inLanguage\":\"ru-RU\"}]}<\/script>\n<!-- \/ Yoast SEO plugin. -->","yoast_head_json":{"title":"Robotniiduk Husqvarna Automower\u00ae 410XE NERA. Kaablivabadus","description":"Husqvarna Automower\u00ae 410XE NERA on robotniiduk kuni 1000 m\u00b2 muruala niitmiseks. See on varustatud EdgeCut-funktsiooniga, mis minimeerib vajadust","robots":{"index":"index","follow":"follow","max-snippet":"max-snippet:-1","max-image-preview":"max-image-preview:large","max-video-preview":"max-video-preview:-1"},"canonical":"https:\/\/reginett.ee\/toode\/robotniiduk-husqvarna-automower-410xe-nera-uus\/","og_locale":"ru_RU","og_type":"article","og_title":"Robotniiduk Husqvarna Automower\u00ae 410XE NERA. Kaablivabadus","og_description":"Husqvarna Automower\u00ae 410XE NERA on robotniiduk kuni 1000 m\u00b2 muruala niitmiseks. See on varustatud EdgeCut-funktsiooniga, mis minimeerib vajadust","og_url":"https:\/\/reginett.ee\/toode\/robotniiduk-husqvarna-automower-410xe-nera-uus\/","og_site_name":"Reginett","article_modified_time":"2026-03-10T13:29:48+00:00","og_image":[{"width":2560,"height":1707,"url":"https:\/\/reginett.ee\/wp-content\/uploads\/2024\/02\/Automower-410XE-NERA-scaled.jpg","type":"image\/jpeg"}],"twitter_card":"summary_large_image","twitter_misc":{"\u041f\u0440\u0438\u043c\u0435\u0440\u043d\u043e\u0435 \u0432\u0440\u0435\u043c\u044f \u0434\u043b\u044f \u0447\u0442\u0435\u043d\u0438\u044f":"3 \u043c\u0438\u043d\u0443\u0442\u044b"},"schema":{"@context":"https:\/\/schema.org","@graph":[{"@type":"WebPage","@id":"https:\/\/reginett.ee\/toode\/robotniiduk-husqvarna-automower-410xe-nera-uus\/","url":"https:\/\/reginett.ee\/toode\/robotniiduk-husqvarna-automower-410xe-nera-uus\/","name":"Robotniiduk Husqvarna Automower\u00ae 410XE NERA. Kaablivabadus","isPartOf":{"@id":"https:\/\/reginett.ee\/#website"},"primaryImageOfPage":{"@id":"https:\/\/reginett.ee\/toode\/robotniiduk-husqvarna-automower-410xe-nera-uus\/#primaryimage"},"image":{"@id":"https:\/\/reginett.ee\/toode\/robotniiduk-husqvarna-automower-410xe-nera-uus\/#primaryimage"},"thumbnailUrl":"https:\/\/reginett.ee\/wp-content\/uploads\/2024\/02\/Automower-410XE-NERA-scaled.jpg","datePublished":"2025-06-19T11:15:13+00:00","dateModified":"2026-03-10T13:29:48+00:00","description":"Husqvarna Automower\u00ae 410XE NERA on robotniiduk kuni 1000 m\u00b2 muruala niitmiseks. See on varustatud EdgeCut-funktsiooniga, mis minimeerib vajadust","breadcrumb":{"@id":"https:\/\/reginett.ee\/toode\/robotniiduk-husqvarna-automower-410xe-nera-uus\/#breadcrumb"},"inLanguage":"ru-RU","potentialAction":[{"@type":"ReadAction","target":["https:\/\/reginett.ee\/toode\/robotniiduk-husqvarna-automower-410xe-nera-uus\/"]}]},{"@type":"ImageObject","inLanguage":"ru-RU","@id":"https:\/\/reginett.ee\/toode\/robotniiduk-husqvarna-automower-410xe-nera-uus\/#primaryimage","url":"https:\/\/reginett.ee\/wp-content\/uploads\/2024\/02\/Automower-410XE-NERA-scaled.jpg","contentUrl":"https:\/\/reginett.ee\/wp-content\/uploads\/2024\/02\/Automower-410XE-NERA-scaled.jpg","width":2560,"height":1707,"caption":"Husqvarna Automower 410XE NERA"},{"@type":"BreadcrumbList","@id":"https:\/\/reginett.ee\/toode\/robotniiduk-husqvarna-automower-410xe-nera-uus\/#breadcrumb","itemListElement":[{"@type":"ListItem","position":1,"name":"Home","item":"https:\/\/reginett.ee\/ru\/"},{"@type":"ListItem","position":2,"name":"Tooted","item":"https:\/\/reginett.ee\/tooted\/"},{"@type":"ListItem","position":3,"name":"Robotniiduk Husqvarna Automower\u00ae 410XE NERA"}]},{"@type":"WebSite","@id":"https:\/\/reginett.ee\/#website","url":"https:\/\/reginett.ee\/","name":"Reginett","description":"Parimad robotniidukid","potentialAction":[{"@type":"SearchAction","target":{"@type":"EntryPoint","urlTemplate":"https:\/\/reginett.ee\/?s={search_term_string}"},"query-input":{"@type":"PropertyValueSpecification","valueRequired":true,"valueName":"search_term_string"}}],"inLanguage":"ru-RU"}]}},"brands":[{"id":147,"name":"Husqvarna","slug":"husqvarna"}],"_links":{"self":[{"href":"https:\/\/reginett.ee\/ru\/wp-json\/wp\/v2\/product\/60818","targetHints":{"allow":["GET"]}}],"collection":[{"href":"https:\/\/reginett.ee\/ru\/wp-json\/wp\/v2\/product"}],"about":[{"href":"https:\/\/reginett.ee\/ru\/wp-json\/wp\/v2\/types\/product"}],"replies":[{"embeddable":true,"href":"https:\/\/reginett.ee\/ru\/wp-json\/wp\/v2\/comments?post=60818"}],"wp:featuredmedia":[{"embeddable":true,"href":"https:\/\/reginett.ee\/ru\/wp-json\/wp\/v2\/media\/60819"}],"wp:attachment":[{"href":"https:\/\/reginett.ee\/ru\/wp-json\/wp\/v2\/media?parent=60818"}],"wp:term":[{"taxonomy":"pwb-brand","embeddable":true,"href":"https:\/\/reginett.ee\/ru\/wp-json\/wp\/v2\/pwb-brand?post=60818"},{"taxonomy":"product_brand","embeddable":true,"href":"https:\/\/reginett.ee\/ru\/wp-json\/wp\/v2\/product_brand?post=60818"},{"taxonomy":"product_cat","embeddable":true,"href":"https:\/\/reginett.ee\/ru\/wp-json\/wp\/v2\/product_cat?post=60818"},{"taxonomy":"product_tag","embeddable":true,"href":"https:\/\/reginett.ee\/ru\/wp-json\/wp\/v2\/product_tag?post=60818"}],"curies":[{"name":"wp","href":"https:\/\/api.w.org\/{rel}","templated":true}]}}