{"id":60805,"date":"2025-04-13T12:54:26","date_gmt":"2025-04-13T09:54:26","guid":{"rendered":"https:\/\/reginett.ee\/?post_type=product&#038;p=60805"},"modified":"2026-03-10T16:28:50","modified_gmt":"2026-03-10T13:28:50","slug":"robotniiduk-automower-310e-nera-uus","status":"publish","type":"product","link":"https:\/\/reginett.ee\/ru\/toode\/robotniiduk-automower-310e-nera-uus\/","title":{"rendered":"Robotniiduk Automower\u00ae 310E NERA"},"content":{"rendered":"<h3 class=\"ui-lc ui-bg ui-lg\"><strong>Uus piirdekaablita EdgeCut funktsiooniga robotniiduk keskmise suurusega aeda!<\/strong><\/h3>\n<div class=\"hbd-editorial\"><strong>Husqvarna Automower\u00ae 310E NERA<\/strong> on robotniiduk kuni 1000 m\u00b2 muruala niitmiseks. See on varustatud EdgeCut-funktsiooniga, mis minimeerib vajadust muru servade trimmerdamiseks, s\u00e4\u00e4stes nii aega ja vaeva. 310E NERA pakub v\u00f5imalust valida f\u00fc\u00fcsiliste piiretega paigalduse v\u00f5i Husqvarna EPOS\u2122 piirdekaablita paigalduse vahel. EPOS\u2122 v\u00f5imaldab teil kogeda t\u00e4ielikku paindlikkust virtuaalsete piiridega, mida pakub satelliidip\u00f5hine tehnoloogia 2-3 cm t\u00e4psusega. See t\u00e4hendab ka seda, et puudub oht, et kaablit v\u00f5iksid katkeda.<\/div>\n<div class=\"hbd-editorial\">Lisaks v\u00f5imaldab EPOS\u2122 Zone Control luua Automower\u00ae Connect rakenduse kaudu erinevaid niidualasid ja neid vastavalt oma vajadustele seadistada. Sama lihtsalt saab luua ajutisi mitteniidetavaid alasid, et s\u00e4ilitada n\u00e4iteks hooajaliste lillede \u00f5itsemise.<\/div>\n<div>\n<h3 class=\"hui-spacing--sm-mt-4-times-8 qDVd74V+99zfGRPQ6w+YDw==\">EdgeCut &#8212; v\u00e4hem trimmerdamist<\/h3>\n<p class=\"hui-spacing--sm-mt-4-times-4 K2PbruRyOKhyQZiENIYSog==\">EdgeCut v\u00e4hendab vajadust muru servade trimmerdamiseks, s\u00e4\u00e4stes nii aega ja vaeva. Seda v\u00f5imaldab spetsiaalne tagumine EdgeCut-l\u00f5ikekettas, mis suudab l\u00f5igata nii l\u00e4hedalt servadele, et ainult v\u00e4ikene osa murust j\u00e4\u00e4b l\u00f5ikamata.<\/p>\n<h3 class=\"hui-spacing--sm-mt-4-times-8 qDVd74V+99zfGRPQ6w+YDw==\">Piirdekaablivaba paigaldus<\/h3>\n<p class=\"hui-spacing--sm-mt-4-times-4 K2PbruRyOKhyQZiENIYSog==\">Automower\u00ae NERA tootevalik koos Husqvarna EPOS\u2122-ega pakub t\u00e4ielikult kohandatava muruhoolduse vabadust, luues f\u00fc\u00fcsiliste juhtmete asemel virtuaalpiirded satelliidip\u00f5hise tehnoloogia abil.<\/p>\n<h3 class=\"hui-spacing--sm-mt-4-times-8 qDVd74V+99zfGRPQ6w+YDw==\">Husqvarna AIM tehnoloogia (Automower\u00ae Intelligent Mapping)<\/h3>\n<p class=\"hui-spacing--sm-mt-4-times-4 K2PbruRyOKhyQZiENIYSog==\">Husqvarna AIM-tehnoloogia kasutab teie robotniiduki sisseehitatud GPS-i ja sensoreid, et luua niiduala virtuaalne kaart, mis omakorda v\u00f5imaldab luua mitmeid nutikaid Automower\u00ae funktsioone. Rakenduses Automower\u00ae Connect on n\u00e4htav niiduala virtuaalne kaart kui ka piirde- ja juhtkaablid. AIM-tehnoloogia abil saate rakenduse abil luua erineva l\u00f5ikek\u00f5rguse ja ajakavaga t\u00f6\u00f6alasid v\u00f5i tsoonide kuhu ei soovi kuhu robotniiduk ei l\u00e4heks. Automower\u00ae-it saab j\u00e4lgida ka reaalajas Automower\u00ae Connecti kaudu.<\/p>\n<h3 class=\"hui-spacing--sm-mt-4-times-8 qDVd74V+99zfGRPQ6w+YDw==\">GPS s\u00fcsteem<\/h3>\n<p class=\"hui-spacing--sm-mt-4-times-4 K2PbruRyOKhyQZiENIYSog==\">GPS-abiga navigeerimine tagab sinu aia t\u00e4ieliku katvuse, niites kogu ala \u00fchtlaselt. See alustab aia kaardi loomise s\u00fcsteemiga, mis h\u00f5lmab ka paigaldatud piirde- ja juhtkaableid. Husqvarna Automower\u00ae kohandab seej\u00e4rel oma niitmismustrit vastavalt, et tagada suurep\u00e4rane l\u00f5iketulemus.<\/p>\n<h3 class=\"hui-spacing--sm-mt-4-times-8 qDVd74V+99zfGRPQ6w+YDw==\">Automower\u00ae Access<\/h3>\n<p class=\"hui-spacing--sm-mt-4-times-4 K2PbruRyOKhyQZiENIYSog==\">Automower\u00ae Access pakub sujuvat kasutajaliidest suure eralduv\u00f5imega v\u00e4rvilise ekraaniga, men\u00fc\u00fcratta, olekun\u00e4idikute ja h\u00f5lpsalt kasutatava niiduki juhtimise viisiga. Ikoonip\u00f5hine kujunduskeel integreerub h\u00f5lpsalt rakendusega Automower\u00ae Connect, pakkudes sujuvat kasutakogemust.<\/p>\n<h3 class=\"hui-spacing--sm-mt-4-times-8 qDVd74V+99zfGRPQ6w+YDw==\">TargetHeight muru kvaliteedi parandamiseks<\/h3>\n<p class=\"hui-spacing--sm-mt-4-times-4 K2PbruRyOKhyQZiENIYSog==\">Parandab muru kvaliteeti, reguleerides l\u00f5ikek\u00f5rgust MAX-st 10 p\u00e4eva jooksul kindlaksm\u00e4\u00e4ratud k\u00f5rguseks.<\/p>\n<h3 class=\"hui-spacing--sm-mt-4-times-8 qDVd74V+99zfGRPQ6w+YDw==\">Teisene niiduala<\/h3>\n<p class=\"hui-spacing--sm-mt-4-times-4 K2PbruRyOKhyQZiENIYSog==\">Seadista teisene niiduala, kui sinu murul on kaks ala, mis ei ole \u00fchendatud niiduki l\u00e4bik\u00e4iguga. Teisese niiduala seadistamiseks pead seadistama piirdekaabli teisese niiduala \u00fcmber saare loomiseks. P\u00e4rast paigaldamist tuleb niidukit liigutada k\u00e4sitsi nende kahe ala vahel. Niiduk niidab valitud ajavahemikus v\u00f5i kuni aku t\u00fchjenemiseni.<\/p>\n<\/div>\n<div><\/div>\n","protected":false},"excerpt":{"rendered":"<p><strong>Husqvarna Automower\u00ae 310E NERA<\/strong> on robotniiduk kuni 1000 m\u00b2 muruala niitmiseks. See on varustatud EdgeCut-funktsiooniga, mis minimeerib vajadust muru servade trimmerdamiseks, s\u00e4\u00e4stes nii aega ja vaeva. 310E NERA pakub v\u00f5imalust valida f\u00fc\u00fcsiliste piiretega paigalduse v\u00f5i Husqvarna EPOS\u2122 piirdekaablita paigalduse vahel.Kaablivabaks paigalduseks on vajalik juurde soetada <a href=\"https:\/\/reginett.ee\/toode\/tugijaam-husqvarna-epos-rs1\/\">EPOS tugijaam \u00a0<\/a>ja <a href=\"https:\/\/reginett.ee\/toode\/moodul-husqvarna-epos-nera-310e-410ex\/\">NERA moodul<\/a>!<\/p>\n","protected":false},"featured_media":60806,"comment_status":"open","ping_status":"closed","template":"","meta":{"_acf_changed":false,"_et_pb_use_builder":"","_et_pb_old_content":"","_et_gb_content_width":"","inline_featured_image":false},"pwb-brand":[147],"product_brand":[],"product_cat":[19],"product_tag":[514,512,516],"class_list":{"0":"post-60805","1":"product","2":"type-product","3":"status-publish","4":"has-post-thumbnail","6":"pwb-brand-husqvarna","7":"product_cat-robotniidukid","8":"product_tag-kaablivaba","9":"product_tag-kaablivaba-robotniiduk","10":"product_tag-nera","11":"product_shipping_class-soodsam-kuller-15-eur","13":"first","14":"instock","15":"shipping-taxable","16":"purchasable","17":"product-type-simple"},"acf":[],"yoast_head":"<!-- This site is optimized with the Yoast SEO plugin v26.6 - https:\/\/yoast.com\/wordpress\/plugins\/seo\/ -->\n<title>Robotniiduk Automower\u00ae 310E NERA. Kaablivabad robotniidukid<\/title>\n<meta name=\"description\" content=\"Husqvarna Automower\u00ae 310E NERA on robotniiduk kuni 1000 m\u00b2 muruala niitmiseks. See on varustatud EdgeCut-funktsiooniga, mis minimeerib vajadust\" \/>\n<meta name=\"robots\" content=\"index, follow, max-snippet:-1, max-image-preview:large, max-video-preview:-1\" \/>\n<link rel=\"canonical\" href=\"https:\/\/reginett.ee\/toode\/robotniiduk-automower-310e-nera-uus\/\" \/>\n<meta property=\"og:locale\" content=\"ru_RU\" \/>\n<meta property=\"og:type\" content=\"article\" \/>\n<meta property=\"og:title\" content=\"Robotniiduk Automower\u00ae 310E NERA. Kaablivabad robotniidukid\" \/>\n<meta property=\"og:description\" content=\"Husqvarna Automower\u00ae 310E NERA on robotniiduk kuni 1000 m\u00b2 muruala niitmiseks. See on varustatud EdgeCut-funktsiooniga, mis minimeerib vajadust\" \/>\n<meta property=\"og:url\" content=\"https:\/\/reginett.ee\/toode\/robotniiduk-automower-310e-nera-uus\/\" \/>\n<meta property=\"og:site_name\" content=\"Reginett\" \/>\n<meta property=\"article:modified_time\" content=\"2026-03-10T13:28:50+00:00\" \/>\n<meta property=\"og:image\" content=\"https:\/\/reginett.ee\/wp-content\/uploads\/2024\/02\/Automower-310E-NERA.jpg\" \/>\n\t<meta property=\"og:image:width\" content=\"680\" \/>\n\t<meta property=\"og:image:height\" content=\"372\" \/>\n\t<meta property=\"og:image:type\" content=\"image\/jpeg\" \/>\n<meta name=\"twitter:card\" content=\"summary_large_image\" \/>\n<meta name=\"twitter:label1\" content=\"\u041f\u0440\u0438\u043c\u0435\u0440\u043d\u043e\u0435 \u0432\u0440\u0435\u043c\u044f \u0434\u043b\u044f \u0447\u0442\u0435\u043d\u0438\u044f\" \/>\n\t<meta name=\"twitter:data1\" content=\"3 \u043c\u0438\u043d\u0443\u0442\u044b\" \/>\n<script type=\"application\/ld+json\" class=\"yoast-schema-graph\">{\"@context\":\"https:\/\/schema.org\",\"@graph\":[{\"@type\":\"WebPage\",\"@id\":\"https:\/\/reginett.ee\/toode\/robotniiduk-automower-310e-nera-uus\/\",\"url\":\"https:\/\/reginett.ee\/toode\/robotniiduk-automower-310e-nera-uus\/\",\"name\":\"Robotniiduk Automower\u00ae 310E NERA. Kaablivabad robotniidukid\",\"isPartOf\":{\"@id\":\"https:\/\/reginett.ee\/#website\"},\"primaryImageOfPage\":{\"@id\":\"https:\/\/reginett.ee\/toode\/robotniiduk-automower-310e-nera-uus\/#primaryimage\"},\"image\":{\"@id\":\"https:\/\/reginett.ee\/toode\/robotniiduk-automower-310e-nera-uus\/#primaryimage\"},\"thumbnailUrl\":\"https:\/\/reginett.ee\/wp-content\/uploads\/2024\/02\/Automower-310E-NERA.jpg\",\"datePublished\":\"2025-04-13T09:54:26+00:00\",\"dateModified\":\"2026-03-10T13:28:50+00:00\",\"description\":\"Husqvarna Automower\u00ae 310E NERA on robotniiduk kuni 1000 m\u00b2 muruala niitmiseks. See on varustatud EdgeCut-funktsiooniga, mis minimeerib vajadust\",\"breadcrumb\":{\"@id\":\"https:\/\/reginett.ee\/toode\/robotniiduk-automower-310e-nera-uus\/#breadcrumb\"},\"inLanguage\":\"ru-RU\",\"potentialAction\":[{\"@type\":\"ReadAction\",\"target\":[\"https:\/\/reginett.ee\/toode\/robotniiduk-automower-310e-nera-uus\/\"]}]},{\"@type\":\"ImageObject\",\"inLanguage\":\"ru-RU\",\"@id\":\"https:\/\/reginett.ee\/toode\/robotniiduk-automower-310e-nera-uus\/#primaryimage\",\"url\":\"https:\/\/reginett.ee\/wp-content\/uploads\/2024\/02\/Automower-310E-NERA.jpg\",\"contentUrl\":\"https:\/\/reginett.ee\/wp-content\/uploads\/2024\/02\/Automower-310E-NERA.jpg\",\"width\":680,\"height\":372,\"caption\":\"Husqvarna Automower 310E NERA\"},{\"@type\":\"BreadcrumbList\",\"@id\":\"https:\/\/reginett.ee\/toode\/robotniiduk-automower-310e-nera-uus\/#breadcrumb\",\"itemListElement\":[{\"@type\":\"ListItem\",\"position\":1,\"name\":\"Home\",\"item\":\"https:\/\/reginett.ee\/ru\/\"},{\"@type\":\"ListItem\",\"position\":2,\"name\":\"Tooted\",\"item\":\"https:\/\/reginett.ee\/tooted\/\"},{\"@type\":\"ListItem\",\"position\":3,\"name\":\"Robotniiduk Automower\u00ae 310E NERA\"}]},{\"@type\":\"WebSite\",\"@id\":\"https:\/\/reginett.ee\/#website\",\"url\":\"https:\/\/reginett.ee\/\",\"name\":\"Reginett\",\"description\":\"Parimad robotniidukid\",\"potentialAction\":[{\"@type\":\"SearchAction\",\"target\":{\"@type\":\"EntryPoint\",\"urlTemplate\":\"https:\/\/reginett.ee\/?s={search_term_string}\"},\"query-input\":{\"@type\":\"PropertyValueSpecification\",\"valueRequired\":true,\"valueName\":\"search_term_string\"}}],\"inLanguage\":\"ru-RU\"}]}<\/script>\n<!-- \/ Yoast SEO plugin. -->","yoast_head_json":{"title":"Robotniiduk Automower\u00ae 310E NERA. Kaablivabad robotniidukid","description":"Husqvarna Automower\u00ae 310E NERA on robotniiduk kuni 1000 m\u00b2 muruala niitmiseks. See on varustatud EdgeCut-funktsiooniga, mis minimeerib vajadust","robots":{"index":"index","follow":"follow","max-snippet":"max-snippet:-1","max-image-preview":"max-image-preview:large","max-video-preview":"max-video-preview:-1"},"canonical":"https:\/\/reginett.ee\/toode\/robotniiduk-automower-310e-nera-uus\/","og_locale":"ru_RU","og_type":"article","og_title":"Robotniiduk Automower\u00ae 310E NERA. Kaablivabad robotniidukid","og_description":"Husqvarna Automower\u00ae 310E NERA on robotniiduk kuni 1000 m\u00b2 muruala niitmiseks. See on varustatud EdgeCut-funktsiooniga, mis minimeerib vajadust","og_url":"https:\/\/reginett.ee\/toode\/robotniiduk-automower-310e-nera-uus\/","og_site_name":"Reginett","article_modified_time":"2026-03-10T13:28:50+00:00","og_image":[{"width":680,"height":372,"url":"https:\/\/reginett.ee\/wp-content\/uploads\/2024\/02\/Automower-310E-NERA.jpg","type":"image\/jpeg"}],"twitter_card":"summary_large_image","twitter_misc":{"\u041f\u0440\u0438\u043c\u0435\u0440\u043d\u043e\u0435 \u0432\u0440\u0435\u043c\u044f \u0434\u043b\u044f \u0447\u0442\u0435\u043d\u0438\u044f":"3 \u043c\u0438\u043d\u0443\u0442\u044b"},"schema":{"@context":"https:\/\/schema.org","@graph":[{"@type":"WebPage","@id":"https:\/\/reginett.ee\/toode\/robotniiduk-automower-310e-nera-uus\/","url":"https:\/\/reginett.ee\/toode\/robotniiduk-automower-310e-nera-uus\/","name":"Robotniiduk Automower\u00ae 310E NERA. Kaablivabad robotniidukid","isPartOf":{"@id":"https:\/\/reginett.ee\/#website"},"primaryImageOfPage":{"@id":"https:\/\/reginett.ee\/toode\/robotniiduk-automower-310e-nera-uus\/#primaryimage"},"image":{"@id":"https:\/\/reginett.ee\/toode\/robotniiduk-automower-310e-nera-uus\/#primaryimage"},"thumbnailUrl":"https:\/\/reginett.ee\/wp-content\/uploads\/2024\/02\/Automower-310E-NERA.jpg","datePublished":"2025-04-13T09:54:26+00:00","dateModified":"2026-03-10T13:28:50+00:00","description":"Husqvarna Automower\u00ae 310E NERA on robotniiduk kuni 1000 m\u00b2 muruala niitmiseks. See on varustatud EdgeCut-funktsiooniga, mis minimeerib vajadust","breadcrumb":{"@id":"https:\/\/reginett.ee\/toode\/robotniiduk-automower-310e-nera-uus\/#breadcrumb"},"inLanguage":"ru-RU","potentialAction":[{"@type":"ReadAction","target":["https:\/\/reginett.ee\/toode\/robotniiduk-automower-310e-nera-uus\/"]}]},{"@type":"ImageObject","inLanguage":"ru-RU","@id":"https:\/\/reginett.ee\/toode\/robotniiduk-automower-310e-nera-uus\/#primaryimage","url":"https:\/\/reginett.ee\/wp-content\/uploads\/2024\/02\/Automower-310E-NERA.jpg","contentUrl":"https:\/\/reginett.ee\/wp-content\/uploads\/2024\/02\/Automower-310E-NERA.jpg","width":680,"height":372,"caption":"Husqvarna Automower 310E NERA"},{"@type":"BreadcrumbList","@id":"https:\/\/reginett.ee\/toode\/robotniiduk-automower-310e-nera-uus\/#breadcrumb","itemListElement":[{"@type":"ListItem","position":1,"name":"Home","item":"https:\/\/reginett.ee\/ru\/"},{"@type":"ListItem","position":2,"name":"Tooted","item":"https:\/\/reginett.ee\/tooted\/"},{"@type":"ListItem","position":3,"name":"Robotniiduk Automower\u00ae 310E NERA"}]},{"@type":"WebSite","@id":"https:\/\/reginett.ee\/#website","url":"https:\/\/reginett.ee\/","name":"Reginett","description":"Parimad robotniidukid","potentialAction":[{"@type":"SearchAction","target":{"@type":"EntryPoint","urlTemplate":"https:\/\/reginett.ee\/?s={search_term_string}"},"query-input":{"@type":"PropertyValueSpecification","valueRequired":true,"valueName":"search_term_string"}}],"inLanguage":"ru-RU"}]}},"brands":[{"id":147,"name":"Husqvarna","slug":"husqvarna"}],"_links":{"self":[{"href":"https:\/\/reginett.ee\/ru\/wp-json\/wp\/v2\/product\/60805","targetHints":{"allow":["GET"]}}],"collection":[{"href":"https:\/\/reginett.ee\/ru\/wp-json\/wp\/v2\/product"}],"about":[{"href":"https:\/\/reginett.ee\/ru\/wp-json\/wp\/v2\/types\/product"}],"replies":[{"embeddable":true,"href":"https:\/\/reginett.ee\/ru\/wp-json\/wp\/v2\/comments?post=60805"}],"wp:featuredmedia":[{"embeddable":true,"href":"https:\/\/reginett.ee\/ru\/wp-json\/wp\/v2\/media\/60806"}],"wp:attachment":[{"href":"https:\/\/reginett.ee\/ru\/wp-json\/wp\/v2\/media?parent=60805"}],"wp:term":[{"taxonomy":"pwb-brand","embeddable":true,"href":"https:\/\/reginett.ee\/ru\/wp-json\/wp\/v2\/pwb-brand?post=60805"},{"taxonomy":"product_brand","embeddable":true,"href":"https:\/\/reginett.ee\/ru\/wp-json\/wp\/v2\/product_brand?post=60805"},{"taxonomy":"product_cat","embeddable":true,"href":"https:\/\/reginett.ee\/ru\/wp-json\/wp\/v2\/product_cat?post=60805"},{"taxonomy":"product_tag","embeddable":true,"href":"https:\/\/reginett.ee\/ru\/wp-json\/wp\/v2\/product_tag?post=60805"}],"curies":[{"name":"wp","href":"https:\/\/api.w.org\/{rel}","templated":true}]}}