{"id":60800,"date":"2024-02-04T11:23:33","date_gmt":"2024-02-04T08:23:33","guid":{"rendered":"https:\/\/reginett.ee\/?post_type=product&#038;p=60800"},"modified":"2025-06-16T16:30:24","modified_gmt":"2025-06-16T13:30:24","slug":"moodul-husqvarna-epos-nera-310e-410ex","status":"publish","type":"product","link":"https:\/\/reginett.ee\/ru\/toode\/moodul-husqvarna-epos-nera-310e-410ex\/","title":{"rendered":"Moodul Husqvarna EPOS\u2122 NERA 310E\/410EX\/305E\/405XE"},"content":{"rendered":"<div class=\"_2kxtZGYZf-JntLCL-8sv3w== E-UIbZ87lAc5a5moBT+MKg==\" data-testid=\"pdp-campaigns\">\n<div class=\"ui-bl ui-cc ui-bn ui-ce\">\n<section class=\"ui-scroller ui-k5 ui-ku\" aria-roledescription=\"carousel\">\n<div id=\"ui-scroller-:r5:\" class=\"ui-ga ui-e2 ui-scroller-container\" aria-live=\"polite\" aria-atomic=\"true\">\n<div class=\"ui-e8 ui-e2 ui-scroller-item ui-kr\" role=\"group\" aria-roledescription=\"slide\" aria-hidden=\"false\">\n<div class=\"hui-box hui-corners--sm-4-times-6 hui-spacing--sm-p-4-times-4 x0h7ia2AxR1O+Dsg6z5PWw== fvN2kg5ZF+eOEucVtA8cgg==\">\n<div class=\"hui-box hui-flexbox--sm-flex-grow-1\">\n<div class=\"hbd-editorial\">See toode tuuakse turule m\u00e4rtsis 2024.<\/div>\n<\/div>\n<\/div>\n<\/div>\n<\/div>\n<\/section>\n<\/div>\n<\/div>\n<section class=\"hui-box hbd-product-info\">\n<h3 class=\"hui-spacing--sm-mt-4-times-5 hui-spacing--md-mt-4-times-7 qDVd74V+99zfGRPQ6w+YDw==\">EPOS\u2122 moodul Automower\u00ae piirdekaablita paigaldamiseks.<\/h3>\n<div class=\"hui-spacing--sm-my-4-times-4 hui-spacing--md-my-4-times-5 K2PbruRyOKhyQZiENIYSog== picir3m6eK9fJiUymaqnJw==\">\n<div class=\"hbd-editorial\">\n<p>Nautige piirdekaablivaba Automower\u00ae paigalduse paindlikkust \u2013 uus alternatiiv perimeetrikaablile. See EPOS moodul t\u00f6\u00f6tab koos EPOS tugijaamaga, et luua rakenduse Automower\u00ae Connect abil t\u00e4psed virtuaalsed piirid. Muruhoolduseks saate luua mitu t\u00f6\u00f6piirkonda erinevate ajakavade ja seadistustega. Looge juhtmevabad ajutised mitteniidetavad alad, et kaitsta hooajalisi lilli v\u00f5i alasid, kus lapsed m\u00e4ngivad.<\/p>\n<p>\u00dchildub mudelitega Automower\u00ae 310E NERA ja Automower\u00ae 410XE NERA niidukitega. EPOS tugijaam ei ole selle tootega kaasas.<\/p>\n<\/div>\n<div><\/div>\n<\/div>\n<\/section>\n","protected":false},"excerpt":{"rendered":"<p>Nautige piirdekaablivaba Automower\u00ae paigalduse paindlikkust \u2013 uus alternatiiv perimeetrikaablile. See EPOS moodul t\u00f6\u00f6tab koos EPOS tugijaamaga, et luua rakenduse Automower\u00ae Connect abil t\u00e4psed virtuaalsed piirid.<\/p>\n","protected":false},"featured_media":60801,"comment_status":"open","ping_status":"closed","template":"","meta":{"_acf_changed":false,"_et_pb_use_builder":"","_et_pb_old_content":"","_et_gb_content_width":"","inline_featured_image":false},"pwb-brand":[147],"product_brand":[],"product_cat":[120],"product_tag":[514,605],"class_list":{"0":"post-60800","1":"product","2":"type-product","3":"status-publish","4":"has-post-thumbnail","6":"pwb-brand-husqvarna","7":"product_cat-robotniidukite-lisatarvikud","8":"product_tag-kaablivaba","9":"product_tag-moodul-epos","11":"first","12":"instock","13":"shipping-taxable","14":"purchasable","15":"product-type-simple"},"acf":[],"yoast_head":"<!-- This site is optimized with the Yoast SEO plugin v26.6 - https:\/\/yoast.com\/wordpress\/plugins\/seo\/ -->\n<title>Moodul Husqvarna EPOS\u2122 NERA 310E\/410EX.<\/title>\n<meta name=\"description\" content=\"Nautige piirdekaablivaba Automower\u00ae paigalduse paindlikkust \u2013 uus alternatiiv perimeetrikaablile. See EPOS moodul t\u00f6\u00f6tab koos EPOS tugijaamaga\" \/>\n<meta name=\"robots\" content=\"index, follow, max-snippet:-1, max-image-preview:large, max-video-preview:-1\" \/>\n<link rel=\"canonical\" href=\"https:\/\/reginett.ee\/toode\/moodul-husqvarna-epos-nera-310e-410ex\/\" \/>\n<meta property=\"og:locale\" content=\"ru_RU\" \/>\n<meta property=\"og:type\" content=\"article\" \/>\n<meta property=\"og:title\" content=\"Moodul Husqvarna EPOS\u2122 NERA 310E\/410EX.\" \/>\n<meta property=\"og:description\" content=\"Nautige piirdekaablivaba Automower\u00ae paigalduse paindlikkust \u2013 uus alternatiiv perimeetrikaablile. See EPOS moodul t\u00f6\u00f6tab koos EPOS tugijaamaga\" \/>\n<meta property=\"og:url\" content=\"https:\/\/reginett.ee\/toode\/moodul-husqvarna-epos-nera-310e-410ex\/\" \/>\n<meta property=\"og:site_name\" content=\"Reginett\" \/>\n<meta property=\"article:modified_time\" content=\"2025-06-16T13:30:24+00:00\" \/>\n<meta property=\"og:image\" content=\"https:\/\/reginett.ee\/wp-content\/uploads\/2024\/02\/RB-491132.png\" \/>\n\t<meta property=\"og:image:width\" content=\"656\" \/>\n\t<meta property=\"og:image:height\" content=\"470\" \/>\n\t<meta property=\"og:image:type\" content=\"image\/png\" \/>\n<meta name=\"twitter:card\" content=\"summary_large_image\" \/>\n<meta name=\"twitter:label1\" content=\"\u041f\u0440\u0438\u043c\u0435\u0440\u043d\u043e\u0435 \u0432\u0440\u0435\u043c\u044f \u0434\u043b\u044f \u0447\u0442\u0435\u043d\u0438\u044f\" \/>\n\t<meta name=\"twitter:data1\" content=\"1 \u043c\u0438\u043d\u0443\u0442\u0430\" \/>\n<script type=\"application\/ld+json\" class=\"yoast-schema-graph\">{\"@context\":\"https:\/\/schema.org\",\"@graph\":[{\"@type\":\"WebPage\",\"@id\":\"https:\/\/reginett.ee\/toode\/moodul-husqvarna-epos-nera-310e-410ex\/\",\"url\":\"https:\/\/reginett.ee\/toode\/moodul-husqvarna-epos-nera-310e-410ex\/\",\"name\":\"Moodul Husqvarna EPOS\u2122 NERA 310E\/410EX.\",\"isPartOf\":{\"@id\":\"https:\/\/reginett.ee\/#website\"},\"primaryImageOfPage\":{\"@id\":\"https:\/\/reginett.ee\/toode\/moodul-husqvarna-epos-nera-310e-410ex\/#primaryimage\"},\"image\":{\"@id\":\"https:\/\/reginett.ee\/toode\/moodul-husqvarna-epos-nera-310e-410ex\/#primaryimage\"},\"thumbnailUrl\":\"https:\/\/reginett.ee\/wp-content\/uploads\/2024\/02\/RB-491132.png\",\"datePublished\":\"2024-02-04T08:23:33+00:00\",\"dateModified\":\"2025-06-16T13:30:24+00:00\",\"description\":\"Nautige piirdekaablivaba Automower\u00ae paigalduse paindlikkust \u2013 uus alternatiiv perimeetrikaablile. See EPOS moodul t\u00f6\u00f6tab koos EPOS tugijaamaga\",\"breadcrumb\":{\"@id\":\"https:\/\/reginett.ee\/toode\/moodul-husqvarna-epos-nera-310e-410ex\/#breadcrumb\"},\"inLanguage\":\"ru-RU\",\"potentialAction\":[{\"@type\":\"ReadAction\",\"target\":[\"https:\/\/reginett.ee\/toode\/moodul-husqvarna-epos-nera-310e-410ex\/\"]}]},{\"@type\":\"ImageObject\",\"inLanguage\":\"ru-RU\",\"@id\":\"https:\/\/reginett.ee\/toode\/moodul-husqvarna-epos-nera-310e-410ex\/#primaryimage\",\"url\":\"https:\/\/reginett.ee\/wp-content\/uploads\/2024\/02\/RB-491132.png\",\"contentUrl\":\"https:\/\/reginett.ee\/wp-content\/uploads\/2024\/02\/RB-491132.png\",\"width\":656,\"height\":470},{\"@type\":\"BreadcrumbList\",\"@id\":\"https:\/\/reginett.ee\/toode\/moodul-husqvarna-epos-nera-310e-410ex\/#breadcrumb\",\"itemListElement\":[{\"@type\":\"ListItem\",\"position\":1,\"name\":\"Home\",\"item\":\"https:\/\/reginett.ee\/ru\/\"},{\"@type\":\"ListItem\",\"position\":2,\"name\":\"Tooted\",\"item\":\"https:\/\/reginett.ee\/tooted\/\"},{\"@type\":\"ListItem\",\"position\":3,\"name\":\"Moodul Husqvarna EPOS\u2122 NERA 310E\/410EX\/305E\/405XE\"}]},{\"@type\":\"WebSite\",\"@id\":\"https:\/\/reginett.ee\/#website\",\"url\":\"https:\/\/reginett.ee\/\",\"name\":\"Reginett\",\"description\":\"Parimad robotniidukid\",\"potentialAction\":[{\"@type\":\"SearchAction\",\"target\":{\"@type\":\"EntryPoint\",\"urlTemplate\":\"https:\/\/reginett.ee\/?s={search_term_string}\"},\"query-input\":{\"@type\":\"PropertyValueSpecification\",\"valueRequired\":true,\"valueName\":\"search_term_string\"}}],\"inLanguage\":\"ru-RU\"}]}<\/script>\n<!-- \/ Yoast SEO plugin. -->","yoast_head_json":{"title":"Moodul Husqvarna EPOS\u2122 NERA 310E\/410EX.","description":"Nautige piirdekaablivaba Automower\u00ae paigalduse paindlikkust \u2013 uus alternatiiv perimeetrikaablile. See EPOS moodul t\u00f6\u00f6tab koos EPOS tugijaamaga","robots":{"index":"index","follow":"follow","max-snippet":"max-snippet:-1","max-image-preview":"max-image-preview:large","max-video-preview":"max-video-preview:-1"},"canonical":"https:\/\/reginett.ee\/toode\/moodul-husqvarna-epos-nera-310e-410ex\/","og_locale":"ru_RU","og_type":"article","og_title":"Moodul Husqvarna EPOS\u2122 NERA 310E\/410EX.","og_description":"Nautige piirdekaablivaba Automower\u00ae paigalduse paindlikkust \u2013 uus alternatiiv perimeetrikaablile. See EPOS moodul t\u00f6\u00f6tab koos EPOS tugijaamaga","og_url":"https:\/\/reginett.ee\/toode\/moodul-husqvarna-epos-nera-310e-410ex\/","og_site_name":"Reginett","article_modified_time":"2025-06-16T13:30:24+00:00","og_image":[{"width":656,"height":470,"url":"https:\/\/reginett.ee\/wp-content\/uploads\/2024\/02\/RB-491132.png","type":"image\/png"}],"twitter_card":"summary_large_image","twitter_misc":{"\u041f\u0440\u0438\u043c\u0435\u0440\u043d\u043e\u0435 \u0432\u0440\u0435\u043c\u044f \u0434\u043b\u044f \u0447\u0442\u0435\u043d\u0438\u044f":"1 \u043c\u0438\u043d\u0443\u0442\u0430"},"schema":{"@context":"https:\/\/schema.org","@graph":[{"@type":"WebPage","@id":"https:\/\/reginett.ee\/toode\/moodul-husqvarna-epos-nera-310e-410ex\/","url":"https:\/\/reginett.ee\/toode\/moodul-husqvarna-epos-nera-310e-410ex\/","name":"Moodul Husqvarna EPOS\u2122 NERA 310E\/410EX.","isPartOf":{"@id":"https:\/\/reginett.ee\/#website"},"primaryImageOfPage":{"@id":"https:\/\/reginett.ee\/toode\/moodul-husqvarna-epos-nera-310e-410ex\/#primaryimage"},"image":{"@id":"https:\/\/reginett.ee\/toode\/moodul-husqvarna-epos-nera-310e-410ex\/#primaryimage"},"thumbnailUrl":"https:\/\/reginett.ee\/wp-content\/uploads\/2024\/02\/RB-491132.png","datePublished":"2024-02-04T08:23:33+00:00","dateModified":"2025-06-16T13:30:24+00:00","description":"Nautige piirdekaablivaba Automower\u00ae paigalduse paindlikkust \u2013 uus alternatiiv perimeetrikaablile. See EPOS moodul t\u00f6\u00f6tab koos EPOS tugijaamaga","breadcrumb":{"@id":"https:\/\/reginett.ee\/toode\/moodul-husqvarna-epos-nera-310e-410ex\/#breadcrumb"},"inLanguage":"ru-RU","potentialAction":[{"@type":"ReadAction","target":["https:\/\/reginett.ee\/toode\/moodul-husqvarna-epos-nera-310e-410ex\/"]}]},{"@type":"ImageObject","inLanguage":"ru-RU","@id":"https:\/\/reginett.ee\/toode\/moodul-husqvarna-epos-nera-310e-410ex\/#primaryimage","url":"https:\/\/reginett.ee\/wp-content\/uploads\/2024\/02\/RB-491132.png","contentUrl":"https:\/\/reginett.ee\/wp-content\/uploads\/2024\/02\/RB-491132.png","width":656,"height":470},{"@type":"BreadcrumbList","@id":"https:\/\/reginett.ee\/toode\/moodul-husqvarna-epos-nera-310e-410ex\/#breadcrumb","itemListElement":[{"@type":"ListItem","position":1,"name":"Home","item":"https:\/\/reginett.ee\/ru\/"},{"@type":"ListItem","position":2,"name":"Tooted","item":"https:\/\/reginett.ee\/tooted\/"},{"@type":"ListItem","position":3,"name":"Moodul Husqvarna EPOS\u2122 NERA 310E\/410EX\/305E\/405XE"}]},{"@type":"WebSite","@id":"https:\/\/reginett.ee\/#website","url":"https:\/\/reginett.ee\/","name":"Reginett","description":"Parimad robotniidukid","potentialAction":[{"@type":"SearchAction","target":{"@type":"EntryPoint","urlTemplate":"https:\/\/reginett.ee\/?s={search_term_string}"},"query-input":{"@type":"PropertyValueSpecification","valueRequired":true,"valueName":"search_term_string"}}],"inLanguage":"ru-RU"}]}},"brands":[{"id":147,"name":"Husqvarna","slug":"husqvarna"}],"_links":{"self":[{"href":"https:\/\/reginett.ee\/ru\/wp-json\/wp\/v2\/product\/60800","targetHints":{"allow":["GET"]}}],"collection":[{"href":"https:\/\/reginett.ee\/ru\/wp-json\/wp\/v2\/product"}],"about":[{"href":"https:\/\/reginett.ee\/ru\/wp-json\/wp\/v2\/types\/product"}],"replies":[{"embeddable":true,"href":"https:\/\/reginett.ee\/ru\/wp-json\/wp\/v2\/comments?post=60800"}],"wp:featuredmedia":[{"embeddable":true,"href":"https:\/\/reginett.ee\/ru\/wp-json\/wp\/v2\/media\/60801"}],"wp:attachment":[{"href":"https:\/\/reginett.ee\/ru\/wp-json\/wp\/v2\/media?parent=60800"}],"wp:term":[{"taxonomy":"pwb-brand","embeddable":true,"href":"https:\/\/reginett.ee\/ru\/wp-json\/wp\/v2\/pwb-brand?post=60800"},{"taxonomy":"product_brand","embeddable":true,"href":"https:\/\/reginett.ee\/ru\/wp-json\/wp\/v2\/product_brand?post=60800"},{"taxonomy":"product_cat","embeddable":true,"href":"https:\/\/reginett.ee\/ru\/wp-json\/wp\/v2\/product_cat?post=60800"},{"taxonomy":"product_tag","embeddable":true,"href":"https:\/\/reginett.ee\/ru\/wp-json\/wp\/v2\/product_tag?post=60800"}],"curies":[{"name":"wp","href":"https:\/\/api.w.org\/{rel}","templated":true}]}}