{"id":60708,"date":"2026-04-15T09:05:41","date_gmt":"2026-04-15T06:05:41","guid":{"rendered":"https:\/\/reginett.ee\/?post_type=product&#038;p=60708"},"modified":"2026-04-15T09:45:49","modified_gmt":"2026-04-15T06:45:49","slug":"murutraktor-husqvarna-ts112-uus","status":"publish","type":"product","link":"https:\/\/reginett.ee\/ru\/toode\/murutraktor-husqvarna-ts112-uus\/","title":{"rendered":"Murutraktor Husqvarna TS112"},"content":{"rendered":"<p><strong>Murutraktor Husqvarna TS112<\/strong> on uudne kompaktse disainiga efektiivne traktor kodumajapidamisse. Sel mudelil on 95 cm niiduorgan ja jalgpedaaliga juhitav h\u00fcdrostaatiline \u00fclekanne.<\/p>\n<h3 class=\"hui-spacing--sm-mt-4-times-8 qDVd74V+99zfGRPQ6w+YDw==\">Reguleeritav juhiiste<\/h3>\n<p class=\"hui-spacing--sm-mt-4-times-4 K2PbruRyOKhyQZiENIYSog==\">T\u00f6\u00f6riistavaba istmeasendi reguleerimine mugava s\u00f5iduasendi kiireks seadmiseks.<\/p>\n<h3 class=\"hui-spacing--sm-mt-4-times-8 qDVd74V+99zfGRPQ6w+YDw==\">K\u00fclgv\u00e4ljaviskega l\u00f5ikekorpus<\/h3>\n<p class=\"hui-spacing--sm-mt-4-times-4 K2PbruRyOKhyQZiENIYSog==\">Varustatud 95 cm laiuse k\u00fclgv\u00e4ljaviskega l\u00f5ikekorpusega.<\/p>\n<h3 class=\"hui-spacing--sm-mt-4-times-8 qDVd74V+99zfGRPQ6w+YDw==\">Pedaaliga juhitav h\u00fcdrostaatiline j\u00f5u\u00fclekanne<\/h3>\n<p class=\"hui-spacing--sm-mt-4-times-4 K2PbruRyOKhyQZiENIYSog==\">Lihtne kiiruse ja s\u00f5idusuuna juhtimine pedaaliga h\u00fcdrostaatilise j\u00f5u\u00fclekande abil. Eraldi pedaalid edasi- ja tagasik\u00e4igu jaoks.<\/p>\n<h3 class=\"hui-spacing--sm-mt-4-times-8 qDVd74V+99zfGRPQ6w+YDw==\">L\u00f5ikekorpuse rattad<\/h3>\n<p class=\"hui-spacing--sm-mt-4-times-4 K2PbruRyOKhyQZiENIYSog==\">L\u00f5ikekorpus on varustatud ratastega, mis v\u00e4hendavad eba\u00fchtlase muru niitmisel terade maasse l\u00f5ikamise ohtu.<\/p>\n<h3 class=\"hui-spacing--sm-mt-4-times-8 qDVd74V+99zfGRPQ6w+YDw==\">ROS &#8212; tagurpidi niitmine<\/h3>\n<p class=\"hui-spacing--sm-mt-4-times-4 K2PbruRyOKhyQZiENIYSog==\">ROS aktiveeritakse s\u00fc\u00fctev\u00f5tmega, et tagurpidi niitmisele kiiresti \u00fcmber l\u00fclituda ja funktsiooni tahtmatu kasutamise ohtu minimeerida.<\/p>\n<h3 class=\"hui-spacing--sm-mt-4-times-8 qDVd74V+99zfGRPQ6w+YDw==\">Juhthoovad \u00fchel k\u00fcljel<\/h3>\n<p class=\"hui-spacing--sm-mt-4-times-4 K2PbruRyOKhyQZiENIYSog==\">Ainult \u00fchel k\u00fcljel asuvad juhthoovad muudavad teisel k\u00fcljelt istmele liikumise ja sellelt lahkumise lihtsaks.<\/p>\n","protected":false},"excerpt":{"rendered":"<h3><span style=\"color: #ff0000;\"><strong>KEVADKAMPAANIA!<\/strong><\/span><\/h3>\n<p><span style=\"color: #ff0000;\"><strong>KAASA TASUTA J\u00c4RELK\u00c4RU HUSQVARNA 275!<\/strong><\/span><\/p>\n<p>https:\/\/reginett.ee\/toode\/jarelkaru-husqvarna-275\/<\/p>\n<p><strong>Murutraktor Husqvarna TS112<\/strong> on uudne kompaktse disainiga efektiivne traktor kodumajapidamisse.<\/p>\n<p>Sel mudelil on 95 cm niiduorgan ja jalgpedaaliga juhitav h\u00fcdrostaatiline \u00fclekanne.<\/p>\n","protected":false},"featured_media":60711,"comment_status":"open","ping_status":"closed","template":"","meta":{"_acf_changed":false,"_et_pb_use_builder":"","_et_pb_old_content":"","_et_gb_content_width":"","inline_featured_image":false},"pwb-brand":[147],"product_brand":[],"product_cat":[134,37,26],"product_tag":[47,77,598],"class_list":{"0":"post-60708","1":"product","2":"type-product","3":"status-publish","4":"has-post-thumbnail","6":"pwb-brand-husqvarna","7":"product_cat-eripakkumised","8":"product_cat-husqvarna","9":"product_cat-murutraktorid","10":"product_tag-murutraktor","11":"product_tag-traktor","12":"product_tag-ts112","13":"product_shipping_class-rasked-asjad","15":"first","16":"instock","17":"shipping-taxable","18":"purchasable","19":"product-type-simple"},"acf":[],"yoast_head":"<!-- This site is optimized with the Yoast SEO plugin v26.6 - https:\/\/yoast.com\/wordpress\/plugins\/seo\/ -->\n<title>Murutraktor Husqvarna TS112. Husqvarna traktorid Reginetist<\/title>\n<meta name=\"description\" content=\"Murutraktor Husqvarna TS112 on uudne kompaktse disainiga efektiivne traktor kodumajapidamisse. Sel mudelil on 95 cm niiduorganj\" \/>\n<meta name=\"robots\" content=\"index, follow, max-snippet:-1, max-image-preview:large, max-video-preview:-1\" \/>\n<link rel=\"canonical\" href=\"https:\/\/reginett.ee\/toode\/murutraktor-husqvarna-ts112-uus\/\" \/>\n<meta property=\"og:locale\" content=\"ru_RU\" \/>\n<meta property=\"og:type\" content=\"article\" \/>\n<meta property=\"og:title\" content=\"Murutraktor Husqvarna TS112 UUS!\" \/>\n<meta property=\"og:description\" content=\"Murutraktor Husqvarna TS112 on uudne kompaktse disainiga efektiivne traktor kodumajapidamisse. Sel mudelil on 95 cm niiduorganj\" \/>\n<meta property=\"og:url\" content=\"https:\/\/reginett.ee\/toode\/murutraktor-husqvarna-ts112-uus\/\" \/>\n<meta property=\"og:site_name\" content=\"Reginett\" \/>\n<meta property=\"article:modified_time\" content=\"2026-04-15T06:45:49+00:00\" \/>\n<meta property=\"og:image\" content=\"https:\/\/reginett.ee\/wp-content\/uploads\/2024\/01\/Murutraktor-Husqvarna-TS112-scaled.jpg\" \/>\n\t<meta property=\"og:image:width\" content=\"2560\" \/>\n\t<meta property=\"og:image:height\" content=\"1801\" \/>\n\t<meta property=\"og:image:type\" content=\"image\/jpeg\" \/>\n<meta name=\"twitter:card\" content=\"summary_large_image\" \/>\n<meta name=\"twitter:label1\" content=\"\u041f\u0440\u0438\u043c\u0435\u0440\u043d\u043e\u0435 \u0432\u0440\u0435\u043c\u044f \u0434\u043b\u044f \u0447\u0442\u0435\u043d\u0438\u044f\" \/>\n\t<meta name=\"twitter:data1\" content=\"1 \u043c\u0438\u043d\u0443\u0442\u0430\" \/>\n<script type=\"application\/ld+json\" class=\"yoast-schema-graph\">{\"@context\":\"https:\/\/schema.org\",\"@graph\":[{\"@type\":\"WebPage\",\"@id\":\"https:\/\/reginett.ee\/toode\/murutraktor-husqvarna-ts112-uus\/\",\"url\":\"https:\/\/reginett.ee\/toode\/murutraktor-husqvarna-ts112-uus\/\",\"name\":\"Murutraktor Husqvarna TS112. Husqvarna traktorid Reginetist\",\"isPartOf\":{\"@id\":\"https:\/\/reginett.ee\/#website\"},\"primaryImageOfPage\":{\"@id\":\"https:\/\/reginett.ee\/toode\/murutraktor-husqvarna-ts112-uus\/#primaryimage\"},\"image\":{\"@id\":\"https:\/\/reginett.ee\/toode\/murutraktor-husqvarna-ts112-uus\/#primaryimage\"},\"thumbnailUrl\":\"https:\/\/reginett.ee\/wp-content\/uploads\/2024\/01\/Murutraktor-Husqvarna-TS112-1.jpg\",\"datePublished\":\"2026-04-15T06:05:41+00:00\",\"dateModified\":\"2026-04-15T06:45:49+00:00\",\"description\":\"Murutraktor Husqvarna TS112 on uudne kompaktse disainiga efektiivne traktor kodumajapidamisse. Sel mudelil on 95 cm niiduorganj\",\"breadcrumb\":{\"@id\":\"https:\/\/reginett.ee\/toode\/murutraktor-husqvarna-ts112-uus\/#breadcrumb\"},\"inLanguage\":\"ru-RU\",\"potentialAction\":[{\"@type\":\"ReadAction\",\"target\":[\"https:\/\/reginett.ee\/toode\/murutraktor-husqvarna-ts112-uus\/\"]}]},{\"@type\":\"ImageObject\",\"inLanguage\":\"ru-RU\",\"@id\":\"https:\/\/reginett.ee\/toode\/murutraktor-husqvarna-ts112-uus\/#primaryimage\",\"url\":\"https:\/\/reginett.ee\/wp-content\/uploads\/2024\/01\/Murutraktor-Husqvarna-TS112-1.jpg\",\"contentUrl\":\"https:\/\/reginett.ee\/wp-content\/uploads\/2024\/01\/Murutraktor-Husqvarna-TS112-1.jpg\",\"width\":680,\"height\":372,\"caption\":\"Murutraktor Husqvarna TS112\"},{\"@type\":\"BreadcrumbList\",\"@id\":\"https:\/\/reginett.ee\/toode\/murutraktor-husqvarna-ts112-uus\/#breadcrumb\",\"itemListElement\":[{\"@type\":\"ListItem\",\"position\":1,\"name\":\"Home\",\"item\":\"https:\/\/reginett.ee\/ru\/\"},{\"@type\":\"ListItem\",\"position\":2,\"name\":\"Tooted\",\"item\":\"https:\/\/reginett.ee\/tooted\/\"},{\"@type\":\"ListItem\",\"position\":3,\"name\":\"Murutraktor Husqvarna TS112\"}]},{\"@type\":\"WebSite\",\"@id\":\"https:\/\/reginett.ee\/#website\",\"url\":\"https:\/\/reginett.ee\/\",\"name\":\"Reginett\",\"description\":\"Parimad robotniidukid\",\"potentialAction\":[{\"@type\":\"SearchAction\",\"target\":{\"@type\":\"EntryPoint\",\"urlTemplate\":\"https:\/\/reginett.ee\/?s={search_term_string}\"},\"query-input\":{\"@type\":\"PropertyValueSpecification\",\"valueRequired\":true,\"valueName\":\"search_term_string\"}}],\"inLanguage\":\"ru-RU\"}]}<\/script>\n<!-- \/ Yoast SEO plugin. -->","yoast_head_json":{"title":"Murutraktor Husqvarna TS112. Husqvarna traktorid Reginetist","description":"Murutraktor Husqvarna TS112 on uudne kompaktse disainiga efektiivne traktor kodumajapidamisse. Sel mudelil on 95 cm niiduorganj","robots":{"index":"index","follow":"follow","max-snippet":"max-snippet:-1","max-image-preview":"max-image-preview:large","max-video-preview":"max-video-preview:-1"},"canonical":"https:\/\/reginett.ee\/toode\/murutraktor-husqvarna-ts112-uus\/","og_locale":"ru_RU","og_type":"article","og_title":"Murutraktor Husqvarna TS112 UUS!","og_description":"Murutraktor Husqvarna TS112 on uudne kompaktse disainiga efektiivne traktor kodumajapidamisse. Sel mudelil on 95 cm niiduorganj","og_url":"https:\/\/reginett.ee\/toode\/murutraktor-husqvarna-ts112-uus\/","og_site_name":"Reginett","article_modified_time":"2026-04-15T06:45:49+00:00","og_image":[{"width":2560,"height":1801,"url":"https:\/\/reginett.ee\/wp-content\/uploads\/2024\/01\/Murutraktor-Husqvarna-TS112-scaled.jpg","type":"image\/jpeg"}],"twitter_card":"summary_large_image","twitter_misc":{"\u041f\u0440\u0438\u043c\u0435\u0440\u043d\u043e\u0435 \u0432\u0440\u0435\u043c\u044f \u0434\u043b\u044f \u0447\u0442\u0435\u043d\u0438\u044f":"1 \u043c\u0438\u043d\u0443\u0442\u0430"},"schema":{"@context":"https:\/\/schema.org","@graph":[{"@type":"WebPage","@id":"https:\/\/reginett.ee\/toode\/murutraktor-husqvarna-ts112-uus\/","url":"https:\/\/reginett.ee\/toode\/murutraktor-husqvarna-ts112-uus\/","name":"Murutraktor Husqvarna TS112. Husqvarna traktorid Reginetist","isPartOf":{"@id":"https:\/\/reginett.ee\/#website"},"primaryImageOfPage":{"@id":"https:\/\/reginett.ee\/toode\/murutraktor-husqvarna-ts112-uus\/#primaryimage"},"image":{"@id":"https:\/\/reginett.ee\/toode\/murutraktor-husqvarna-ts112-uus\/#primaryimage"},"thumbnailUrl":"https:\/\/reginett.ee\/wp-content\/uploads\/2024\/01\/Murutraktor-Husqvarna-TS112-1.jpg","datePublished":"2026-04-15T06:05:41+00:00","dateModified":"2026-04-15T06:45:49+00:00","description":"Murutraktor Husqvarna TS112 on uudne kompaktse disainiga efektiivne traktor kodumajapidamisse. Sel mudelil on 95 cm niiduorganj","breadcrumb":{"@id":"https:\/\/reginett.ee\/toode\/murutraktor-husqvarna-ts112-uus\/#breadcrumb"},"inLanguage":"ru-RU","potentialAction":[{"@type":"ReadAction","target":["https:\/\/reginett.ee\/toode\/murutraktor-husqvarna-ts112-uus\/"]}]},{"@type":"ImageObject","inLanguage":"ru-RU","@id":"https:\/\/reginett.ee\/toode\/murutraktor-husqvarna-ts112-uus\/#primaryimage","url":"https:\/\/reginett.ee\/wp-content\/uploads\/2024\/01\/Murutraktor-Husqvarna-TS112-1.jpg","contentUrl":"https:\/\/reginett.ee\/wp-content\/uploads\/2024\/01\/Murutraktor-Husqvarna-TS112-1.jpg","width":680,"height":372,"caption":"Murutraktor Husqvarna TS112"},{"@type":"BreadcrumbList","@id":"https:\/\/reginett.ee\/toode\/murutraktor-husqvarna-ts112-uus\/#breadcrumb","itemListElement":[{"@type":"ListItem","position":1,"name":"Home","item":"https:\/\/reginett.ee\/ru\/"},{"@type":"ListItem","position":2,"name":"Tooted","item":"https:\/\/reginett.ee\/tooted\/"},{"@type":"ListItem","position":3,"name":"Murutraktor Husqvarna TS112"}]},{"@type":"WebSite","@id":"https:\/\/reginett.ee\/#website","url":"https:\/\/reginett.ee\/","name":"Reginett","description":"Parimad robotniidukid","potentialAction":[{"@type":"SearchAction","target":{"@type":"EntryPoint","urlTemplate":"https:\/\/reginett.ee\/?s={search_term_string}"},"query-input":{"@type":"PropertyValueSpecification","valueRequired":true,"valueName":"search_term_string"}}],"inLanguage":"ru-RU"}]}},"brands":[{"id":147,"name":"Husqvarna","slug":"husqvarna"}],"_links":{"self":[{"href":"https:\/\/reginett.ee\/ru\/wp-json\/wp\/v2\/product\/60708","targetHints":{"allow":["GET"]}}],"collection":[{"href":"https:\/\/reginett.ee\/ru\/wp-json\/wp\/v2\/product"}],"about":[{"href":"https:\/\/reginett.ee\/ru\/wp-json\/wp\/v2\/types\/product"}],"replies":[{"embeddable":true,"href":"https:\/\/reginett.ee\/ru\/wp-json\/wp\/v2\/comments?post=60708"}],"wp:featuredmedia":[{"embeddable":true,"href":"https:\/\/reginett.ee\/ru\/wp-json\/wp\/v2\/media\/60711"}],"wp:attachment":[{"href":"https:\/\/reginett.ee\/ru\/wp-json\/wp\/v2\/media?parent=60708"}],"wp:term":[{"taxonomy":"pwb-brand","embeddable":true,"href":"https:\/\/reginett.ee\/ru\/wp-json\/wp\/v2\/pwb-brand?post=60708"},{"taxonomy":"product_brand","embeddable":true,"href":"https:\/\/reginett.ee\/ru\/wp-json\/wp\/v2\/product_brand?post=60708"},{"taxonomy":"product_cat","embeddable":true,"href":"https:\/\/reginett.ee\/ru\/wp-json\/wp\/v2\/product_cat?post=60708"},{"taxonomy":"product_tag","embeddable":true,"href":"https:\/\/reginett.ee\/ru\/wp-json\/wp\/v2\/product_tag?post=60708"}],"curies":[{"name":"wp","href":"https:\/\/api.w.org\/{rel}","templated":true}]}}