{"id":60689,"date":"2025-08-14T14:50:23","date_gmt":"2025-08-14T11:50:23","guid":{"rendered":"https:\/\/reginett.ee\/?post_type=product&#038;p=60689"},"modified":"2025-12-17T16:47:23","modified_gmt":"2025-12-17T13:47:23","slug":"kettsaag-husqvarna-540xp-mark-iii-uus","status":"publish","type":"product","link":"https:\/\/reginett.ee\/ru\/toode\/kettsaag-husqvarna-540xp-mark-iii-uus\/","title":{"rendered":"Kettsaag Husqvarna 540XP\u00ae  Mark III"},"content":{"rendered":"<p>Kettsaag Husqvarna 540 XP\u00ae Mark III on vilgas ja kerge 40 cm3 klassi bensiinisaag, mis on m\u00f5eldud professionaalseks puude hooldamiseks ja harvendust\u00f6\u00f6deks. V\u00f5imas mootor koos SP21G v\u00f5i S93G keti valikuga tagab muljetavaldava l\u00f5ikev\u00f5imsuse ja suure kiirenduse.<\/p>\n<p>Lihtne, usaldusv\u00e4\u00e4rne k\u00e4ivitamine \u2013 nii k\u00fclmalt kui soojalt \u2013 ja sujuv k\u00e4sitsemine, muudavad selle lemmikkettsaeks iga puuhooldusmeeskonna jaoks.<\/p>\n<h3 class=\"hui-spacing--sm-mt-4-times-8 qDVd74V+99zfGRPQ6w+YDw==\">Suur l\u00f5ikev\u00f5imsus<\/h3>\n<p class=\"hui-spacing--sm-mt-4-times-4 K2PbruRyOKhyQZiENIYSog==\">Mootori uus konstruktsioon pakub piisavalt v\u00f5imsust, et saavutada maksimaalne j\u00f5udlus isegi pikemate l\u00f5igete ajal. Suur l\u00f5ikev\u00f5imsus muudab sae ideaalseks tootlikuks t\u00f6\u00f6ks \u2013 isegi pikema juhtplaadi kasutamisel.<\/p>\n<h3 class=\"hui-spacing--sm-mt-4-times-8 qDVd74V+99zfGRPQ6w+YDw==\">Optimaalse kujuga sae korpus<\/h3>\n<p class=\"hui-spacing--sm-mt-4-times-4 K2PbruRyOKhyQZiENIYSog==\">Ilma v\u00e4ljaulatuvate osadeta, sile alumine k\u00fclg, \u00fcmar starterikate teevad sae kasutamise v\u00e4ga k\u00e4ep\u00e4raseks.<\/p>\n<h3 class=\"hui-spacing--sm-mt-4-times-8 qDVd74V+99zfGRPQ6w+YDw==\">Starterikruvid on paigal<\/h3>\n<p class=\"hui-spacing--sm-mt-4-times-4 K2PbruRyOKhyQZiENIYSog==\">Starteri eemaldamisel ei kuku kruvid v\u00e4lja ja ei kao \u00e4ra.<\/p>\n<h3>Alati optimeeritud mootorip\u00f6\u00f6rded<\/h3>\n<p>AutoTone 3.0 optimeerib mootori seadeid ja lihtsustab k\u00e4ivitamist.<\/p>\n<p>&nbsp;<\/p>\n","protected":false},"excerpt":{"rendered":"<p>Kettsaag Husqvarna 540 XP\u00ae Mark III on vilgas ja kerge 40 cm3 klassi bensiinisaag, mis on m\u00f5eldud professionaalseks puude hooldamiseks ja harvendust\u00f6\u00f6deks. V\u00f5imas mootor koos SP21G v\u00f5i S93G keti valikuga tagab muljetavaldava l\u00f5ikev\u00f5imsuse ja suure kiirenduse.<\/p>\n","protected":false},"featured_media":60690,"comment_status":"open","ping_status":"closed","template":"","meta":{"_acf_changed":false,"_et_pb_use_builder":"","_et_pb_old_content":"","_et_gb_content_width":"","inline_featured_image":false},"pwb-brand":[147],"product_brand":[],"product_cat":[134,37,42],"product_tag":[594,61,450],"class_list":{"0":"post-60689","1":"product","2":"type-product","3":"status-publish","4":"has-post-thumbnail","6":"pwb-brand-husqvarna","7":"product_cat-eripakkumised","8":"product_cat-husqvarna","9":"product_cat-kettsaed","10":"product_tag-540xp-mark-iii","11":"product_tag-kettsaag","12":"product_tag-saag","14":"first","15":"outofstock","16":"sale","17":"shipping-taxable","18":"purchasable","19":"product-type-simple"},"acf":[],"yoast_head":"<!-- This site is optimized with the Yoast SEO plugin v26.6 - https:\/\/yoast.com\/wordpress\/plugins\/seo\/ -->\n<title>Kettsaag Husqvarna 540XP Mark III. Parimad Husqvarna saed<\/title>\n<meta name=\"description\" content=\"Kettsaag Husqvarna 540 XP\u00ae Mark III on vilgas ja kerge 40 cm3 klassi bensiinisaag, mis on m\u00f5eldud professionaalseks puude hooldamiseks ja harvendust\u00f6\u00f6deks.\" \/>\n<meta name=\"robots\" content=\"index, follow, max-snippet:-1, max-image-preview:large, max-video-preview:-1\" \/>\n<link rel=\"canonical\" href=\"https:\/\/reginett.ee\/toode\/kettsaag-husqvarna-540xp-mark-iii-uus\/\" \/>\n<meta property=\"og:locale\" content=\"ru_RU\" \/>\n<meta property=\"og:type\" content=\"article\" \/>\n<meta property=\"og:title\" content=\"Kettsaag Husqvarna 540XP Mark III. Parimad Husqvarna saed\" \/>\n<meta property=\"og:description\" content=\"Kettsaag Husqvarna 540 XP\u00ae Mark III on vilgas ja kerge 40 cm3 klassi bensiinisaag, mis on m\u00f5eldud professionaalseks puude hooldamiseks ja harvendust\u00f6\u00f6deks.\" \/>\n<meta property=\"og:url\" content=\"https:\/\/reginett.ee\/toode\/kettsaag-husqvarna-540xp-mark-iii-uus\/\" \/>\n<meta property=\"og:site_name\" content=\"Reginett\" \/>\n<meta property=\"article:modified_time\" content=\"2025-12-17T13:47:23+00:00\" \/>\n<meta property=\"og:image\" content=\"https:\/\/reginett.ee\/wp-content\/uploads\/2024\/01\/Kettsaag-Husqvarna-540XP-Mark-III.jpg\" \/>\n\t<meta property=\"og:image:width\" content=\"680\" \/>\n\t<meta property=\"og:image:height\" content=\"372\" \/>\n\t<meta property=\"og:image:type\" content=\"image\/jpeg\" \/>\n<meta name=\"twitter:card\" content=\"summary_large_image\" \/>\n<meta name=\"twitter:label1\" content=\"\u041f\u0440\u0438\u043c\u0435\u0440\u043d\u043e\u0435 \u0432\u0440\u0435\u043c\u044f \u0434\u043b\u044f \u0447\u0442\u0435\u043d\u0438\u044f\" \/>\n\t<meta name=\"twitter:data1\" content=\"1 \u043c\u0438\u043d\u0443\u0442\u0430\" \/>\n<script type=\"application\/ld+json\" class=\"yoast-schema-graph\">{\"@context\":\"https:\/\/schema.org\",\"@graph\":[{\"@type\":\"WebPage\",\"@id\":\"https:\/\/reginett.ee\/toode\/kettsaag-husqvarna-540xp-mark-iii-uus\/\",\"url\":\"https:\/\/reginett.ee\/toode\/kettsaag-husqvarna-540xp-mark-iii-uus\/\",\"name\":\"Kettsaag Husqvarna 540XP Mark III. Parimad Husqvarna saed\",\"isPartOf\":{\"@id\":\"https:\/\/reginett.ee\/#website\"},\"primaryImageOfPage\":{\"@id\":\"https:\/\/reginett.ee\/toode\/kettsaag-husqvarna-540xp-mark-iii-uus\/#primaryimage\"},\"image\":{\"@id\":\"https:\/\/reginett.ee\/toode\/kettsaag-husqvarna-540xp-mark-iii-uus\/#primaryimage\"},\"thumbnailUrl\":\"https:\/\/reginett.ee\/wp-content\/uploads\/2024\/01\/Kettsaag-Husqvarna-540XP-Mark-III.jpg\",\"datePublished\":\"2025-08-14T11:50:23+00:00\",\"dateModified\":\"2025-12-17T13:47:23+00:00\",\"description\":\"Kettsaag Husqvarna 540 XP\u00ae Mark III on vilgas ja kerge 40 cm3 klassi bensiinisaag, mis on m\u00f5eldud professionaalseks puude hooldamiseks ja harvendust\u00f6\u00f6deks.\",\"breadcrumb\":{\"@id\":\"https:\/\/reginett.ee\/toode\/kettsaag-husqvarna-540xp-mark-iii-uus\/#breadcrumb\"},\"inLanguage\":\"ru-RU\",\"potentialAction\":[{\"@type\":\"ReadAction\",\"target\":[\"https:\/\/reginett.ee\/toode\/kettsaag-husqvarna-540xp-mark-iii-uus\/\"]}]},{\"@type\":\"ImageObject\",\"inLanguage\":\"ru-RU\",\"@id\":\"https:\/\/reginett.ee\/toode\/kettsaag-husqvarna-540xp-mark-iii-uus\/#primaryimage\",\"url\":\"https:\/\/reginett.ee\/wp-content\/uploads\/2024\/01\/Kettsaag-Husqvarna-540XP-Mark-III.jpg\",\"contentUrl\":\"https:\/\/reginett.ee\/wp-content\/uploads\/2024\/01\/Kettsaag-Husqvarna-540XP-Mark-III.jpg\",\"width\":680,\"height\":372,\"caption\":\"Kettsaag Husqvarna 540XP Mark III\"},{\"@type\":\"BreadcrumbList\",\"@id\":\"https:\/\/reginett.ee\/toode\/kettsaag-husqvarna-540xp-mark-iii-uus\/#breadcrumb\",\"itemListElement\":[{\"@type\":\"ListItem\",\"position\":1,\"name\":\"Home\",\"item\":\"https:\/\/reginett.ee\/ru\/\"},{\"@type\":\"ListItem\",\"position\":2,\"name\":\"Tooted\",\"item\":\"https:\/\/reginett.ee\/tooted\/\"},{\"@type\":\"ListItem\",\"position\":3,\"name\":\"Kettsaag Husqvarna 540XP\u00ae Mark III\"}]},{\"@type\":\"WebSite\",\"@id\":\"https:\/\/reginett.ee\/#website\",\"url\":\"https:\/\/reginett.ee\/\",\"name\":\"Reginett\",\"description\":\"Parimad robotniidukid\",\"potentialAction\":[{\"@type\":\"SearchAction\",\"target\":{\"@type\":\"EntryPoint\",\"urlTemplate\":\"https:\/\/reginett.ee\/?s={search_term_string}\"},\"query-input\":{\"@type\":\"PropertyValueSpecification\",\"valueRequired\":true,\"valueName\":\"search_term_string\"}}],\"inLanguage\":\"ru-RU\"}]}<\/script>\n<!-- \/ Yoast SEO plugin. -->","yoast_head_json":{"title":"Kettsaag Husqvarna 540XP Mark III. Parimad Husqvarna saed","description":"Kettsaag Husqvarna 540 XP\u00ae Mark III on vilgas ja kerge 40 cm3 klassi bensiinisaag, mis on m\u00f5eldud professionaalseks puude hooldamiseks ja harvendust\u00f6\u00f6deks.","robots":{"index":"index","follow":"follow","max-snippet":"max-snippet:-1","max-image-preview":"max-image-preview:large","max-video-preview":"max-video-preview:-1"},"canonical":"https:\/\/reginett.ee\/toode\/kettsaag-husqvarna-540xp-mark-iii-uus\/","og_locale":"ru_RU","og_type":"article","og_title":"Kettsaag Husqvarna 540XP Mark III. Parimad Husqvarna saed","og_description":"Kettsaag Husqvarna 540 XP\u00ae Mark III on vilgas ja kerge 40 cm3 klassi bensiinisaag, mis on m\u00f5eldud professionaalseks puude hooldamiseks ja harvendust\u00f6\u00f6deks.","og_url":"https:\/\/reginett.ee\/toode\/kettsaag-husqvarna-540xp-mark-iii-uus\/","og_site_name":"Reginett","article_modified_time":"2025-12-17T13:47:23+00:00","og_image":[{"width":680,"height":372,"url":"https:\/\/reginett.ee\/wp-content\/uploads\/2024\/01\/Kettsaag-Husqvarna-540XP-Mark-III.jpg","type":"image\/jpeg"}],"twitter_card":"summary_large_image","twitter_misc":{"\u041f\u0440\u0438\u043c\u0435\u0440\u043d\u043e\u0435 \u0432\u0440\u0435\u043c\u044f \u0434\u043b\u044f \u0447\u0442\u0435\u043d\u0438\u044f":"1 \u043c\u0438\u043d\u0443\u0442\u0430"},"schema":{"@context":"https:\/\/schema.org","@graph":[{"@type":"WebPage","@id":"https:\/\/reginett.ee\/toode\/kettsaag-husqvarna-540xp-mark-iii-uus\/","url":"https:\/\/reginett.ee\/toode\/kettsaag-husqvarna-540xp-mark-iii-uus\/","name":"Kettsaag Husqvarna 540XP Mark III. Parimad Husqvarna saed","isPartOf":{"@id":"https:\/\/reginett.ee\/#website"},"primaryImageOfPage":{"@id":"https:\/\/reginett.ee\/toode\/kettsaag-husqvarna-540xp-mark-iii-uus\/#primaryimage"},"image":{"@id":"https:\/\/reginett.ee\/toode\/kettsaag-husqvarna-540xp-mark-iii-uus\/#primaryimage"},"thumbnailUrl":"https:\/\/reginett.ee\/wp-content\/uploads\/2024\/01\/Kettsaag-Husqvarna-540XP-Mark-III.jpg","datePublished":"2025-08-14T11:50:23+00:00","dateModified":"2025-12-17T13:47:23+00:00","description":"Kettsaag Husqvarna 540 XP\u00ae Mark III on vilgas ja kerge 40 cm3 klassi bensiinisaag, mis on m\u00f5eldud professionaalseks puude hooldamiseks ja harvendust\u00f6\u00f6deks.","breadcrumb":{"@id":"https:\/\/reginett.ee\/toode\/kettsaag-husqvarna-540xp-mark-iii-uus\/#breadcrumb"},"inLanguage":"ru-RU","potentialAction":[{"@type":"ReadAction","target":["https:\/\/reginett.ee\/toode\/kettsaag-husqvarna-540xp-mark-iii-uus\/"]}]},{"@type":"ImageObject","inLanguage":"ru-RU","@id":"https:\/\/reginett.ee\/toode\/kettsaag-husqvarna-540xp-mark-iii-uus\/#primaryimage","url":"https:\/\/reginett.ee\/wp-content\/uploads\/2024\/01\/Kettsaag-Husqvarna-540XP-Mark-III.jpg","contentUrl":"https:\/\/reginett.ee\/wp-content\/uploads\/2024\/01\/Kettsaag-Husqvarna-540XP-Mark-III.jpg","width":680,"height":372,"caption":"Kettsaag Husqvarna 540XP Mark III"},{"@type":"BreadcrumbList","@id":"https:\/\/reginett.ee\/toode\/kettsaag-husqvarna-540xp-mark-iii-uus\/#breadcrumb","itemListElement":[{"@type":"ListItem","position":1,"name":"Home","item":"https:\/\/reginett.ee\/ru\/"},{"@type":"ListItem","position":2,"name":"Tooted","item":"https:\/\/reginett.ee\/tooted\/"},{"@type":"ListItem","position":3,"name":"Kettsaag Husqvarna 540XP\u00ae Mark III"}]},{"@type":"WebSite","@id":"https:\/\/reginett.ee\/#website","url":"https:\/\/reginett.ee\/","name":"Reginett","description":"Parimad robotniidukid","potentialAction":[{"@type":"SearchAction","target":{"@type":"EntryPoint","urlTemplate":"https:\/\/reginett.ee\/?s={search_term_string}"},"query-input":{"@type":"PropertyValueSpecification","valueRequired":true,"valueName":"search_term_string"}}],"inLanguage":"ru-RU"}]}},"brands":[{"id":147,"name":"Husqvarna","slug":"husqvarna"}],"_links":{"self":[{"href":"https:\/\/reginett.ee\/ru\/wp-json\/wp\/v2\/product\/60689","targetHints":{"allow":["GET"]}}],"collection":[{"href":"https:\/\/reginett.ee\/ru\/wp-json\/wp\/v2\/product"}],"about":[{"href":"https:\/\/reginett.ee\/ru\/wp-json\/wp\/v2\/types\/product"}],"replies":[{"embeddable":true,"href":"https:\/\/reginett.ee\/ru\/wp-json\/wp\/v2\/comments?post=60689"}],"wp:featuredmedia":[{"embeddable":true,"href":"https:\/\/reginett.ee\/ru\/wp-json\/wp\/v2\/media\/60690"}],"wp:attachment":[{"href":"https:\/\/reginett.ee\/ru\/wp-json\/wp\/v2\/media?parent=60689"}],"wp:term":[{"taxonomy":"pwb-brand","embeddable":true,"href":"https:\/\/reginett.ee\/ru\/wp-json\/wp\/v2\/pwb-brand?post=60689"},{"taxonomy":"product_brand","embeddable":true,"href":"https:\/\/reginett.ee\/ru\/wp-json\/wp\/v2\/product_brand?post=60689"},{"taxonomy":"product_cat","embeddable":true,"href":"https:\/\/reginett.ee\/ru\/wp-json\/wp\/v2\/product_cat?post=60689"},{"taxonomy":"product_tag","embeddable":true,"href":"https:\/\/reginett.ee\/ru\/wp-json\/wp\/v2\/product_tag?post=60689"}],"curies":[{"name":"wp","href":"https:\/\/api.w.org\/{rel}","templated":true}]}}