{"id":60585,"date":"2026-01-05T12:49:17","date_gmt":"2026-01-05T09:49:17","guid":{"rendered":"https:\/\/reginett.ee\/?post_type=product&#038;p=60585"},"modified":"2026-01-06T18:27:39","modified_gmt":"2026-01-06T15:27:39","slug":"lumepuhur-husqvarna-st427","status":"publish","type":"product","link":"https:\/\/reginett.ee\/ru\/toode\/lumepuhur-husqvarna-st427\/","title":{"rendered":"Lumepuhur Husqvarna ST427"},"content":{"rendered":"<p><strong>Lumepuhur Husqvarna ST427<\/strong> on sobiv valik suuremale alale ja professionaalsele kasutajale.<\/p>\n<p><strong>H\u00fcdrostaatiline \u00fclekanne<\/strong> v\u00f5imaldab masinat kasutada ka k\u00f5ige keerukamates tingimustes. Mugavust lisavad LED esituli, v\u00f5tmest k\u00e4ivitamine ja soojendusega k\u00e4epidemed.<\/p>\n<h3 class=\"hui-spacing--sm-mt-4-times-8 qDVd74V+99zfGRPQ6w+YDw==\">Kommertsklassi lumekoristus<\/h3>\n<p class=\"hui-spacing--sm-mt-4-times-4 K2PbruRyOKhyQZiENIYSog==\">Tugev rootor ja v\u00e4ljaviske tiivik l\u00e4bi k\u00fclmunud v\u00f5i m\u00e4rja lume minema heitmiseks.<\/p>\n<h3 class=\"hui-spacing--sm-mt-4-times-8 qDVd74V+99zfGRPQ6w+YDw==\">V\u00f5tmega k\u00e4ivitus<\/h3>\n<p class=\"hui-spacing--sm-mt-4-times-4 K2PbruRyOKhyQZiENIYSog==\">Lihtsalt keera v\u00f5tit ja masin k\u00e4ivitub.<\/p>\n<h3 class=\"hui-spacing--sm-mt-4-times-8 qDVd74V+99zfGRPQ6w+YDw==\">Elektriline starter<\/h3>\n<p class=\"hui-spacing--sm-mt-4-times-4 K2PbruRyOKhyQZiENIYSog==\">K\u00fclma puhurit saab elektrilise starteriga v\u00e4ga lihtsalt k\u00e4ivitada &#8212; vajutage ainult nupule. Kui mootor on soojenenud, saab k\u00e4ivitada ka n\u00f6\u00f6rk\u00e4ivitiga.<\/p>\n<h3 class=\"hui-spacing--sm-mt-4-times-8 qDVd74V+99zfGRPQ6w+YDw==\">K\u00f5ik juhikud on metallist<\/h3>\n<p class=\"hui-spacing--sm-mt-4-times-4 K2PbruRyOKhyQZiENIYSog==\">Operaatori konsool ja k\u00f5ik juhikud on valmistatud metallist, et tagada pikk kasutusiga ja vastupidavus ka k\u00f5ige karmimates tingimustes.<\/p>\n<h3 class=\"hui-spacing--sm-mt-4-times-8 qDVd74V+99zfGRPQ6w+YDw==\">Elektrooniline sissepritse<\/h3>\n<p class=\"hui-spacing--sm-mt-4-times-4 K2PbruRyOKhyQZiENIYSog==\">Elektrooniline sissepritse tagab suure j\u00f5udluse ja k\u00fctuse kokkuhoiu.<\/p>\n<h3 class=\"hui-spacing--sm-mt-4-times-8 qDVd74V+99zfGRPQ6w+YDw==\">Soojendusega k\u00e4epidemed<\/h3>\n<p class=\"hui-spacing--sm-mt-4-times-4 K2PbruRyOKhyQZiENIYSog==\">Mugavaks kasutamiseks olenemata ilmast.<\/p>\n","protected":false},"excerpt":{"rendered":"<p><strong>Lumepuhur Husqvarna ST427<\/strong> on sobiv valik suuremale alale ja professionaalsele kasutajale.<\/p>\n<p><strong>H\u00fcdrostaatiline \u00fclekanne<\/strong> v\u00f5imaldab masinat kasutada ka k\u00f5ige keerukamates tingimustes. Mugavust lisavad LED esituli, v\u00f5tmest k\u00e4ivitamine ja soojendusega k\u00e4epidemed.<\/p>\n","protected":false},"featured_media":60592,"comment_status":"open","ping_status":"closed","template":"","meta":{"_acf_changed":false,"_et_pb_use_builder":"","_et_pb_old_content":"","_et_gb_content_width":"","inline_featured_image":false},"pwb-brand":[147],"product_brand":[],"product_cat":[134,37,51],"product_tag":[156,587],"class_list":{"0":"post-60585","1":"product","2":"type-product","3":"status-publish","4":"has-post-thumbnail","6":"pwb-brand-husqvarna","7":"product_cat-eripakkumised","8":"product_cat-husqvarna","9":"product_cat-lumepuhurid","10":"product_tag-lumepuhur","11":"product_tag-profipuhur","12":"product_shipping_class-rasked-asjad","14":"first","15":"instock","16":"sale","17":"shipping-taxable","18":"purchasable","19":"product-type-simple"},"acf":[],"yoast_head":"<!-- This site is optimized with the Yoast SEO plugin v26.6 - https:\/\/yoast.com\/wordpress\/plugins\/seo\/ -->\n<title>Lumepuhur Husqvarna ST427. V\u00f5imas lumepuhur Husqvarnalt<\/title>\n<meta name=\"description\" content=\"Lumepuhur Husqvarna ST427 on sobiv valik suuremale alale ja professionaalsele kasutajale.H\u00fcdrostaatiline \u00fclekanne v\u00f5imaldab masinat kasutada ka k\u00f5ige\" \/>\n<meta name=\"robots\" content=\"index, follow, max-snippet:-1, max-image-preview:large, max-video-preview:-1\" \/>\n<link rel=\"canonical\" href=\"https:\/\/reginett.ee\/toode\/lumepuhur-husqvarna-st427\/\" \/>\n<meta property=\"og:locale\" content=\"ru_RU\" \/>\n<meta property=\"og:type\" content=\"article\" \/>\n<meta property=\"og:title\" content=\"Lumepuhur Husqvarna ST427. V\u00f5imas lumepuhur Husqvarnalt\" \/>\n<meta property=\"og:description\" content=\"Lumepuhur Husqvarna ST427 on sobiv valik suuremale alale ja professionaalsele kasutajale.H\u00fcdrostaatiline \u00fclekanne v\u00f5imaldab masinat kasutada ka k\u00f5ige\" \/>\n<meta property=\"og:url\" content=\"https:\/\/reginett.ee\/toode\/lumepuhur-husqvarna-st427\/\" \/>\n<meta property=\"og:site_name\" content=\"Reginett\" \/>\n<meta property=\"article:modified_time\" content=\"2026-01-06T15:27:39+00:00\" \/>\n<meta property=\"og:image\" content=\"https:\/\/reginett.ee\/wp-content\/uploads\/2023\/12\/Husqvarna-ST427-Reginetist.jpg\" \/>\n\t<meta property=\"og:image:width\" content=\"680\" \/>\n\t<meta property=\"og:image:height\" content=\"372\" \/>\n\t<meta property=\"og:image:type\" content=\"image\/jpeg\" \/>\n<meta name=\"twitter:card\" content=\"summary_large_image\" \/>\n<meta name=\"twitter:label1\" content=\"\u041f\u0440\u0438\u043c\u0435\u0440\u043d\u043e\u0435 \u0432\u0440\u0435\u043c\u044f \u0434\u043b\u044f \u0447\u0442\u0435\u043d\u0438\u044f\" \/>\n\t<meta name=\"twitter:data1\" content=\"1 \u043c\u0438\u043d\u0443\u0442\u0430\" \/>\n<script type=\"application\/ld+json\" class=\"yoast-schema-graph\">{\"@context\":\"https:\/\/schema.org\",\"@graph\":[{\"@type\":\"WebPage\",\"@id\":\"https:\/\/reginett.ee\/toode\/lumepuhur-husqvarna-st427\/\",\"url\":\"https:\/\/reginett.ee\/toode\/lumepuhur-husqvarna-st427\/\",\"name\":\"Lumepuhur Husqvarna ST427. V\u00f5imas lumepuhur Husqvarnalt\",\"isPartOf\":{\"@id\":\"https:\/\/reginett.ee\/#website\"},\"primaryImageOfPage\":{\"@id\":\"https:\/\/reginett.ee\/toode\/lumepuhur-husqvarna-st427\/#primaryimage\"},\"image\":{\"@id\":\"https:\/\/reginett.ee\/toode\/lumepuhur-husqvarna-st427\/#primaryimage\"},\"thumbnailUrl\":\"https:\/\/reginett.ee\/wp-content\/uploads\/2023\/12\/Husqvarna-ST427-Reginetist.jpg\",\"datePublished\":\"2026-01-05T09:49:17+00:00\",\"dateModified\":\"2026-01-06T15:27:39+00:00\",\"description\":\"Lumepuhur Husqvarna ST427 on sobiv valik suuremale alale ja professionaalsele kasutajale.H\u00fcdrostaatiline \u00fclekanne v\u00f5imaldab masinat kasutada ka k\u00f5ige\",\"breadcrumb\":{\"@id\":\"https:\/\/reginett.ee\/toode\/lumepuhur-husqvarna-st427\/#breadcrumb\"},\"inLanguage\":\"ru-RU\",\"potentialAction\":[{\"@type\":\"ReadAction\",\"target\":[\"https:\/\/reginett.ee\/toode\/lumepuhur-husqvarna-st427\/\"]}]},{\"@type\":\"ImageObject\",\"inLanguage\":\"ru-RU\",\"@id\":\"https:\/\/reginett.ee\/toode\/lumepuhur-husqvarna-st427\/#primaryimage\",\"url\":\"https:\/\/reginett.ee\/wp-content\/uploads\/2023\/12\/Husqvarna-ST427-Reginetist.jpg\",\"contentUrl\":\"https:\/\/reginett.ee\/wp-content\/uploads\/2023\/12\/Husqvarna-ST427-Reginetist.jpg\",\"width\":680,\"height\":372,\"caption\":\"Husqvarna ST427 Reginetist\"},{\"@type\":\"BreadcrumbList\",\"@id\":\"https:\/\/reginett.ee\/toode\/lumepuhur-husqvarna-st427\/#breadcrumb\",\"itemListElement\":[{\"@type\":\"ListItem\",\"position\":1,\"name\":\"Home\",\"item\":\"https:\/\/reginett.ee\/ru\/\"},{\"@type\":\"ListItem\",\"position\":2,\"name\":\"Tooted\",\"item\":\"https:\/\/reginett.ee\/tooted\/\"},{\"@type\":\"ListItem\",\"position\":3,\"name\":\"Lumepuhur Husqvarna ST427\"}]},{\"@type\":\"WebSite\",\"@id\":\"https:\/\/reginett.ee\/#website\",\"url\":\"https:\/\/reginett.ee\/\",\"name\":\"Reginett\",\"description\":\"Parimad robotniidukid\",\"potentialAction\":[{\"@type\":\"SearchAction\",\"target\":{\"@type\":\"EntryPoint\",\"urlTemplate\":\"https:\/\/reginett.ee\/?s={search_term_string}\"},\"query-input\":{\"@type\":\"PropertyValueSpecification\",\"valueRequired\":true,\"valueName\":\"search_term_string\"}}],\"inLanguage\":\"ru-RU\"}]}<\/script>\n<!-- \/ Yoast SEO plugin. -->","yoast_head_json":{"title":"Lumepuhur Husqvarna ST427. V\u00f5imas lumepuhur Husqvarnalt","description":"Lumepuhur Husqvarna ST427 on sobiv valik suuremale alale ja professionaalsele kasutajale.H\u00fcdrostaatiline \u00fclekanne v\u00f5imaldab masinat kasutada ka k\u00f5ige","robots":{"index":"index","follow":"follow","max-snippet":"max-snippet:-1","max-image-preview":"max-image-preview:large","max-video-preview":"max-video-preview:-1"},"canonical":"https:\/\/reginett.ee\/toode\/lumepuhur-husqvarna-st427\/","og_locale":"ru_RU","og_type":"article","og_title":"Lumepuhur Husqvarna ST427. V\u00f5imas lumepuhur Husqvarnalt","og_description":"Lumepuhur Husqvarna ST427 on sobiv valik suuremale alale ja professionaalsele kasutajale.H\u00fcdrostaatiline \u00fclekanne v\u00f5imaldab masinat kasutada ka k\u00f5ige","og_url":"https:\/\/reginett.ee\/toode\/lumepuhur-husqvarna-st427\/","og_site_name":"Reginett","article_modified_time":"2026-01-06T15:27:39+00:00","og_image":[{"width":680,"height":372,"url":"https:\/\/reginett.ee\/wp-content\/uploads\/2023\/12\/Husqvarna-ST427-Reginetist.jpg","type":"image\/jpeg"}],"twitter_card":"summary_large_image","twitter_misc":{"\u041f\u0440\u0438\u043c\u0435\u0440\u043d\u043e\u0435 \u0432\u0440\u0435\u043c\u044f \u0434\u043b\u044f \u0447\u0442\u0435\u043d\u0438\u044f":"1 \u043c\u0438\u043d\u0443\u0442\u0430"},"schema":{"@context":"https:\/\/schema.org","@graph":[{"@type":"WebPage","@id":"https:\/\/reginett.ee\/toode\/lumepuhur-husqvarna-st427\/","url":"https:\/\/reginett.ee\/toode\/lumepuhur-husqvarna-st427\/","name":"Lumepuhur Husqvarna ST427. V\u00f5imas lumepuhur Husqvarnalt","isPartOf":{"@id":"https:\/\/reginett.ee\/#website"},"primaryImageOfPage":{"@id":"https:\/\/reginett.ee\/toode\/lumepuhur-husqvarna-st427\/#primaryimage"},"image":{"@id":"https:\/\/reginett.ee\/toode\/lumepuhur-husqvarna-st427\/#primaryimage"},"thumbnailUrl":"https:\/\/reginett.ee\/wp-content\/uploads\/2023\/12\/Husqvarna-ST427-Reginetist.jpg","datePublished":"2026-01-05T09:49:17+00:00","dateModified":"2026-01-06T15:27:39+00:00","description":"Lumepuhur Husqvarna ST427 on sobiv valik suuremale alale ja professionaalsele kasutajale.H\u00fcdrostaatiline \u00fclekanne v\u00f5imaldab masinat kasutada ka k\u00f5ige","breadcrumb":{"@id":"https:\/\/reginett.ee\/toode\/lumepuhur-husqvarna-st427\/#breadcrumb"},"inLanguage":"ru-RU","potentialAction":[{"@type":"ReadAction","target":["https:\/\/reginett.ee\/toode\/lumepuhur-husqvarna-st427\/"]}]},{"@type":"ImageObject","inLanguage":"ru-RU","@id":"https:\/\/reginett.ee\/toode\/lumepuhur-husqvarna-st427\/#primaryimage","url":"https:\/\/reginett.ee\/wp-content\/uploads\/2023\/12\/Husqvarna-ST427-Reginetist.jpg","contentUrl":"https:\/\/reginett.ee\/wp-content\/uploads\/2023\/12\/Husqvarna-ST427-Reginetist.jpg","width":680,"height":372,"caption":"Husqvarna ST427 Reginetist"},{"@type":"BreadcrumbList","@id":"https:\/\/reginett.ee\/toode\/lumepuhur-husqvarna-st427\/#breadcrumb","itemListElement":[{"@type":"ListItem","position":1,"name":"Home","item":"https:\/\/reginett.ee\/ru\/"},{"@type":"ListItem","position":2,"name":"Tooted","item":"https:\/\/reginett.ee\/tooted\/"},{"@type":"ListItem","position":3,"name":"Lumepuhur Husqvarna ST427"}]},{"@type":"WebSite","@id":"https:\/\/reginett.ee\/#website","url":"https:\/\/reginett.ee\/","name":"Reginett","description":"Parimad robotniidukid","potentialAction":[{"@type":"SearchAction","target":{"@type":"EntryPoint","urlTemplate":"https:\/\/reginett.ee\/?s={search_term_string}"},"query-input":{"@type":"PropertyValueSpecification","valueRequired":true,"valueName":"search_term_string"}}],"inLanguage":"ru-RU"}]}},"brands":[{"id":147,"name":"Husqvarna","slug":"husqvarna"}],"_links":{"self":[{"href":"https:\/\/reginett.ee\/ru\/wp-json\/wp\/v2\/product\/60585","targetHints":{"allow":["GET"]}}],"collection":[{"href":"https:\/\/reginett.ee\/ru\/wp-json\/wp\/v2\/product"}],"about":[{"href":"https:\/\/reginett.ee\/ru\/wp-json\/wp\/v2\/types\/product"}],"replies":[{"embeddable":true,"href":"https:\/\/reginett.ee\/ru\/wp-json\/wp\/v2\/comments?post=60585"}],"wp:featuredmedia":[{"embeddable":true,"href":"https:\/\/reginett.ee\/ru\/wp-json\/wp\/v2\/media\/60592"}],"wp:attachment":[{"href":"https:\/\/reginett.ee\/ru\/wp-json\/wp\/v2\/media?parent=60585"}],"wp:term":[{"taxonomy":"pwb-brand","embeddable":true,"href":"https:\/\/reginett.ee\/ru\/wp-json\/wp\/v2\/pwb-brand?post=60585"},{"taxonomy":"product_brand","embeddable":true,"href":"https:\/\/reginett.ee\/ru\/wp-json\/wp\/v2\/product_brand?post=60585"},{"taxonomy":"product_cat","embeddable":true,"href":"https:\/\/reginett.ee\/ru\/wp-json\/wp\/v2\/product_cat?post=60585"},{"taxonomy":"product_tag","embeddable":true,"href":"https:\/\/reginett.ee\/ru\/wp-json\/wp\/v2\/product_tag?post=60585"}],"curies":[{"name":"wp","href":"https:\/\/api.w.org\/{rel}","templated":true}]}}