{"id":60520,"date":"2023-11-23T13:15:43","date_gmt":"2023-11-23T10:15:43","guid":{"rendered":"https:\/\/reginett.ee\/?post_type=product&#038;p=60520"},"modified":"2023-11-28T16:33:49","modified_gmt":"2023-11-28T13:33:49","slug":"kindad-oregon-fiordland-saekaitsega-nr10","status":"publish","type":"product","link":"https:\/\/reginett.ee\/ru\/toode\/kindad-oregon-fiordland-saekaitsega-nr10\/","title":{"rendered":"Kindad Oregon Fiordland saekaitsega nr10"},"content":{"rendered":"<p><strong>Kindad Oregon Fiordland<\/strong> on k\u00f5rge kvaliteediga stret\u0161materjalist saekaitsega turvakindad.<\/p>\n<p>Need on mugavad, h\u00e4sti hingavad ja stiilsed turvakindad.<\/p>\n<p>Peo ja n\u00e4puosad veekindlad.<\/p>\n<p>EN420, EN388 ja EN381-7 Klass 0, 16m\/s<\/p>\n","protected":false},"excerpt":{"rendered":"<p><strong>Kindad Oregon Fiordland<\/strong> on k\u00f5rge kvaliteediga stret\u0161materjalist saekaitsega turvakindad.<\/p>\n<p>Saadaval nr 10\/L<\/p>\n","protected":false},"featured_media":60521,"comment_status":"open","ping_status":"closed","template":"","meta":{"_acf_changed":false,"_et_pb_use_builder":"","_et_pb_old_content":"","_et_gb_content_width":"","inline_featured_image":false},"pwb-brand":[580],"product_brand":[],"product_cat":[231,32,27],"product_tag":[166,581],"class_list":{"0":"post-60520","1":"product","2":"type-product","3":"status-publish","4":"has-post-thumbnail","6":"pwb-brand-oregon","7":"product_cat-kingiideed","8":"product_cat-riided-ja-kaitsevahendid","9":"product_cat-tooriistad-ja-tarvikud","10":"product_tag-kindad","11":"product_tag-saekaitsega-kindad","13":"first","14":"instock","15":"sale","16":"shipping-taxable","17":"purchasable","18":"product-type-simple"},"acf":[],"yoast_head":"<!-- This site is optimized with the Yoast SEO plugin v26.6 - https:\/\/yoast.com\/wordpress\/plugins\/seo\/ -->\n<title>Kindad Oregon Fiordland saekaitsega. Turvavarustus Reginetist<\/title>\n<meta name=\"description\" content=\"Kindad Oregon Fiordland on k\u00f5rge kvaliteediga stret\u0161materjalist saekaitsega turvakindad.Need on mugavad, h\u00e4sti hingavad ja stiilsed turvakindad\" \/>\n<meta name=\"robots\" content=\"index, follow, max-snippet:-1, max-image-preview:large, max-video-preview:-1\" \/>\n<link rel=\"canonical\" href=\"https:\/\/reginett.ee\/toode\/kindad-oregon-fiordland-saekaitsega-nr10\/\" \/>\n<meta property=\"og:locale\" content=\"ru_RU\" \/>\n<meta property=\"og:type\" content=\"article\" \/>\n<meta property=\"og:title\" content=\"Kindad Oregon Fiordland saekaitsega. Turvavarustus Reginetist\" \/>\n<meta property=\"og:description\" content=\"Kindad Oregon Fiordland on k\u00f5rge kvaliteediga stret\u0161materjalist saekaitsega turvakindad.Need on mugavad, h\u00e4sti hingavad ja stiilsed turvakindad\" \/>\n<meta property=\"og:url\" content=\"https:\/\/reginett.ee\/toode\/kindad-oregon-fiordland-saekaitsega-nr10\/\" \/>\n<meta property=\"og:site_name\" content=\"Reginett\" \/>\n<meta property=\"article:modified_time\" content=\"2023-11-28T13:33:49+00:00\" \/>\n<meta property=\"og:image\" content=\"https:\/\/reginett.ee\/wp-content\/uploads\/2023\/11\/Kindad-Oregon-Fiordland.jpg\" \/>\n\t<meta property=\"og:image:width\" content=\"305\" \/>\n\t<meta property=\"og:image:height\" content=\"283\" \/>\n\t<meta property=\"og:image:type\" content=\"image\/jpeg\" \/>\n<meta name=\"twitter:card\" content=\"summary_large_image\" \/>\n<meta name=\"twitter:label1\" content=\"\u041f\u0440\u0438\u043c\u0435\u0440\u043d\u043e\u0435 \u0432\u0440\u0435\u043c\u044f \u0434\u043b\u044f \u0447\u0442\u0435\u043d\u0438\u044f\" \/>\n\t<meta name=\"twitter:data1\" content=\"1 \u043c\u0438\u043d\u0443\u0442\u0430\" \/>\n<script type=\"application\/ld+json\" class=\"yoast-schema-graph\">{\"@context\":\"https:\/\/schema.org\",\"@graph\":[{\"@type\":\"WebPage\",\"@id\":\"https:\/\/reginett.ee\/toode\/kindad-oregon-fiordland-saekaitsega-nr10\/\",\"url\":\"https:\/\/reginett.ee\/toode\/kindad-oregon-fiordland-saekaitsega-nr10\/\",\"name\":\"Kindad Oregon Fiordland saekaitsega. Turvavarustus Reginetist\",\"isPartOf\":{\"@id\":\"https:\/\/reginett.ee\/#website\"},\"primaryImageOfPage\":{\"@id\":\"https:\/\/reginett.ee\/toode\/kindad-oregon-fiordland-saekaitsega-nr10\/#primaryimage\"},\"image\":{\"@id\":\"https:\/\/reginett.ee\/toode\/kindad-oregon-fiordland-saekaitsega-nr10\/#primaryimage\"},\"thumbnailUrl\":\"https:\/\/reginett.ee\/wp-content\/uploads\/2023\/11\/Kindad-Oregon-Fiordland.jpg\",\"datePublished\":\"2023-11-23T10:15:43+00:00\",\"dateModified\":\"2023-11-28T13:33:49+00:00\",\"description\":\"Kindad Oregon Fiordland on k\u00f5rge kvaliteediga stret\u0161materjalist saekaitsega turvakindad.Need on mugavad, h\u00e4sti hingavad ja stiilsed turvakindad\",\"breadcrumb\":{\"@id\":\"https:\/\/reginett.ee\/toode\/kindad-oregon-fiordland-saekaitsega-nr10\/#breadcrumb\"},\"inLanguage\":\"ru-RU\",\"potentialAction\":[{\"@type\":\"ReadAction\",\"target\":[\"https:\/\/reginett.ee\/toode\/kindad-oregon-fiordland-saekaitsega-nr10\/\"]}]},{\"@type\":\"ImageObject\",\"inLanguage\":\"ru-RU\",\"@id\":\"https:\/\/reginett.ee\/toode\/kindad-oregon-fiordland-saekaitsega-nr10\/#primaryimage\",\"url\":\"https:\/\/reginett.ee\/wp-content\/uploads\/2023\/11\/Kindad-Oregon-Fiordland.jpg\",\"contentUrl\":\"https:\/\/reginett.ee\/wp-content\/uploads\/2023\/11\/Kindad-Oregon-Fiordland.jpg\",\"width\":305,\"height\":283,\"caption\":\"Kindad Oregon\"},{\"@type\":\"BreadcrumbList\",\"@id\":\"https:\/\/reginett.ee\/toode\/kindad-oregon-fiordland-saekaitsega-nr10\/#breadcrumb\",\"itemListElement\":[{\"@type\":\"ListItem\",\"position\":1,\"name\":\"Home\",\"item\":\"https:\/\/reginett.ee\/ru\/\"},{\"@type\":\"ListItem\",\"position\":2,\"name\":\"Tooted\",\"item\":\"https:\/\/reginett.ee\/tooted\/\"},{\"@type\":\"ListItem\",\"position\":3,\"name\":\"Kindad Oregon Fiordland saekaitsega nr10\"}]},{\"@type\":\"WebSite\",\"@id\":\"https:\/\/reginett.ee\/#website\",\"url\":\"https:\/\/reginett.ee\/\",\"name\":\"Reginett\",\"description\":\"Parimad robotniidukid\",\"potentialAction\":[{\"@type\":\"SearchAction\",\"target\":{\"@type\":\"EntryPoint\",\"urlTemplate\":\"https:\/\/reginett.ee\/?s={search_term_string}\"},\"query-input\":{\"@type\":\"PropertyValueSpecification\",\"valueRequired\":true,\"valueName\":\"search_term_string\"}}],\"inLanguage\":\"ru-RU\"}]}<\/script>\n<!-- \/ Yoast SEO plugin. -->","yoast_head_json":{"title":"Kindad Oregon Fiordland saekaitsega. Turvavarustus Reginetist","description":"Kindad Oregon Fiordland on k\u00f5rge kvaliteediga stret\u0161materjalist saekaitsega turvakindad.Need on mugavad, h\u00e4sti hingavad ja stiilsed turvakindad","robots":{"index":"index","follow":"follow","max-snippet":"max-snippet:-1","max-image-preview":"max-image-preview:large","max-video-preview":"max-video-preview:-1"},"canonical":"https:\/\/reginett.ee\/toode\/kindad-oregon-fiordland-saekaitsega-nr10\/","og_locale":"ru_RU","og_type":"article","og_title":"Kindad Oregon Fiordland saekaitsega. Turvavarustus Reginetist","og_description":"Kindad Oregon Fiordland on k\u00f5rge kvaliteediga stret\u0161materjalist saekaitsega turvakindad.Need on mugavad, h\u00e4sti hingavad ja stiilsed turvakindad","og_url":"https:\/\/reginett.ee\/toode\/kindad-oregon-fiordland-saekaitsega-nr10\/","og_site_name":"Reginett","article_modified_time":"2023-11-28T13:33:49+00:00","og_image":[{"width":305,"height":283,"url":"https:\/\/reginett.ee\/wp-content\/uploads\/2023\/11\/Kindad-Oregon-Fiordland.jpg","type":"image\/jpeg"}],"twitter_card":"summary_large_image","twitter_misc":{"\u041f\u0440\u0438\u043c\u0435\u0440\u043d\u043e\u0435 \u0432\u0440\u0435\u043c\u044f \u0434\u043b\u044f \u0447\u0442\u0435\u043d\u0438\u044f":"1 \u043c\u0438\u043d\u0443\u0442\u0430"},"schema":{"@context":"https:\/\/schema.org","@graph":[{"@type":"WebPage","@id":"https:\/\/reginett.ee\/toode\/kindad-oregon-fiordland-saekaitsega-nr10\/","url":"https:\/\/reginett.ee\/toode\/kindad-oregon-fiordland-saekaitsega-nr10\/","name":"Kindad Oregon Fiordland saekaitsega. Turvavarustus Reginetist","isPartOf":{"@id":"https:\/\/reginett.ee\/#website"},"primaryImageOfPage":{"@id":"https:\/\/reginett.ee\/toode\/kindad-oregon-fiordland-saekaitsega-nr10\/#primaryimage"},"image":{"@id":"https:\/\/reginett.ee\/toode\/kindad-oregon-fiordland-saekaitsega-nr10\/#primaryimage"},"thumbnailUrl":"https:\/\/reginett.ee\/wp-content\/uploads\/2023\/11\/Kindad-Oregon-Fiordland.jpg","datePublished":"2023-11-23T10:15:43+00:00","dateModified":"2023-11-28T13:33:49+00:00","description":"Kindad Oregon Fiordland on k\u00f5rge kvaliteediga stret\u0161materjalist saekaitsega turvakindad.Need on mugavad, h\u00e4sti hingavad ja stiilsed turvakindad","breadcrumb":{"@id":"https:\/\/reginett.ee\/toode\/kindad-oregon-fiordland-saekaitsega-nr10\/#breadcrumb"},"inLanguage":"ru-RU","potentialAction":[{"@type":"ReadAction","target":["https:\/\/reginett.ee\/toode\/kindad-oregon-fiordland-saekaitsega-nr10\/"]}]},{"@type":"ImageObject","inLanguage":"ru-RU","@id":"https:\/\/reginett.ee\/toode\/kindad-oregon-fiordland-saekaitsega-nr10\/#primaryimage","url":"https:\/\/reginett.ee\/wp-content\/uploads\/2023\/11\/Kindad-Oregon-Fiordland.jpg","contentUrl":"https:\/\/reginett.ee\/wp-content\/uploads\/2023\/11\/Kindad-Oregon-Fiordland.jpg","width":305,"height":283,"caption":"Kindad Oregon"},{"@type":"BreadcrumbList","@id":"https:\/\/reginett.ee\/toode\/kindad-oregon-fiordland-saekaitsega-nr10\/#breadcrumb","itemListElement":[{"@type":"ListItem","position":1,"name":"Home","item":"https:\/\/reginett.ee\/ru\/"},{"@type":"ListItem","position":2,"name":"Tooted","item":"https:\/\/reginett.ee\/tooted\/"},{"@type":"ListItem","position":3,"name":"Kindad Oregon Fiordland saekaitsega nr10"}]},{"@type":"WebSite","@id":"https:\/\/reginett.ee\/#website","url":"https:\/\/reginett.ee\/","name":"Reginett","description":"Parimad robotniidukid","potentialAction":[{"@type":"SearchAction","target":{"@type":"EntryPoint","urlTemplate":"https:\/\/reginett.ee\/?s={search_term_string}"},"query-input":{"@type":"PropertyValueSpecification","valueRequired":true,"valueName":"search_term_string"}}],"inLanguage":"ru-RU"}]}},"brands":[{"id":580,"name":"Oregon","slug":"oregon"}],"_links":{"self":[{"href":"https:\/\/reginett.ee\/ru\/wp-json\/wp\/v2\/product\/60520","targetHints":{"allow":["GET"]}}],"collection":[{"href":"https:\/\/reginett.ee\/ru\/wp-json\/wp\/v2\/product"}],"about":[{"href":"https:\/\/reginett.ee\/ru\/wp-json\/wp\/v2\/types\/product"}],"replies":[{"embeddable":true,"href":"https:\/\/reginett.ee\/ru\/wp-json\/wp\/v2\/comments?post=60520"}],"wp:featuredmedia":[{"embeddable":true,"href":"https:\/\/reginett.ee\/ru\/wp-json\/wp\/v2\/media\/60521"}],"wp:attachment":[{"href":"https:\/\/reginett.ee\/ru\/wp-json\/wp\/v2\/media?parent=60520"}],"wp:term":[{"taxonomy":"pwb-brand","embeddable":true,"href":"https:\/\/reginett.ee\/ru\/wp-json\/wp\/v2\/pwb-brand?post=60520"},{"taxonomy":"product_brand","embeddable":true,"href":"https:\/\/reginett.ee\/ru\/wp-json\/wp\/v2\/product_brand?post=60520"},{"taxonomy":"product_cat","embeddable":true,"href":"https:\/\/reginett.ee\/ru\/wp-json\/wp\/v2\/product_cat?post=60520"},{"taxonomy":"product_tag","embeddable":true,"href":"https:\/\/reginett.ee\/ru\/wp-json\/wp\/v2\/product_tag?post=60520"}],"curies":[{"name":"wp","href":"https:\/\/api.w.org\/{rel}","templated":true}]}}