{"id":60458,"date":"2023-11-10T08:01:35","date_gmt":"2023-11-10T05:01:35","guid":{"rendered":"https:\/\/reginett.ee\/?post_type=product&#038;p=60458"},"modified":"2023-11-10T08:01:35","modified_gmt":"2023-11-10T05:01:35","slug":"korvaklapid-husqvarna-x-sync-uus","status":"publish","type":"product","link":"https:\/\/reginett.ee\/ru\/toode\/korvaklapid-husqvarna-x-sync-uus\/","title":{"rendered":"K\u00f5rvaklapid Husqvarna X-SYNC UUS!"},"content":{"rendered":"<p><strong>K\u00f5rvaklapid Husqvarna X-SYNC<\/strong> kaitsevad kuulmist, v\u00f5imaldades samal ajal Bluetooth\u00ae-\u00fchendust teie mobiiltelefoniga. Husqvarna poolt professionaalsetele kasutajatele v\u00e4lja t\u00f6\u00f6tatud vastupidava ja mugava k\u00f5rvaklappide kasutamine on v\u00e4ga lihtne ja intuitiivne.<\/p>\n<p>Aktiivne kuulmiskaitse v\u00f5imaldab kuulda \u00fcmbritsevat heli, kasutada mobiiltelefoni k\u00e4ed-vabad re\u017eiimis, voogedastada heli v\u00f5i kuulata sisseehitatud FM-raadiot, kaitstes samal ajal k\u00f5rvu kahjuliku m\u00fcra eest.<\/p>\n<h3 class=\"hui-spacing--sm-mt-4-times-8 qDVd74V+99zfGRPQ6w+YDw==\">MultiPoint Bluetooth\u00ae \u00fchenduvus<\/h3>\n<p class=\"hui-spacing--sm-mt-4-times-4 K2PbruRyOKhyQZiENIYSog==\">\u00dchendage \u00fcks v\u00f5i kaks nutitelefoni v\u00f5i muud seadet k\u00f5rvaklappidega Bluetooth\u00ae MultiPoint-tehnoloogia abil, et tagada juhtmevaba heli voogedastus ja k\u00e4ed-vabad telefonik\u00f5ned.<\/p>\n<h3 class=\"hui-spacing--sm-mt-4-times-8 qDVd74V+99zfGRPQ6w+YDw==\">USB-C kaabliga laetav aku<\/h3>\n<p class=\"hui-spacing--sm-mt-4-times-4 K2PbruRyOKhyQZiENIYSog==\">Sisseehitatud aku laeb kiiresti mis tahes USB-C-laadijast ja kestab terve t\u00f6\u00f6p\u00e4eva. Laadimiskaabel on komplektis kaasas.<\/p>\n<h3 class=\"hui-spacing--sm-mt-4-times-8 qDVd74V+99zfGRPQ6w+YDw==\">Kuula \u00fcmbritsevaid helisid<\/h3>\n<p class=\"hui-spacing--sm-mt-4-times-4 K2PbruRyOKhyQZiENIYSog==\">Sisseehitatud mikrofonid vasak- ja parempoolses klapis v\u00f5imaldavad teil kuulda \u00fcmbritsevaid helisid, n\u00e4iteks k\u00f5nesid, l\u00e4henevaid s\u00f5idukeid jne, blokeerides samal ajal kahjulikku m\u00fcra.<\/p>\n<h3 class=\"hui-spacing--sm-mt-4-times-8 qDVd74V+99zfGRPQ6w+YDw==\">SNR 33 kuulmiskaitse<\/h3>\n<p class=\"hui-spacing--sm-mt-4-times-4 K2PbruRyOKhyQZiENIYSog==\">Mugavad k\u00f5rvaklapid kaitsevad teie kuulmist kahjuliku m\u00fcra eest, n\u00e4iteks bensiini- v\u00f5i akutoitel t\u00f6\u00f6tavate seadmete poolt tekitatud m\u00fcra eest. Helisummutus (SNR-tase) 33 dB.<\/p>\n<h3 class=\"hui-spacing--sm-mt-4-times-8 qDVd74V+99zfGRPQ6w+YDw==\">M\u00fcrasummutusega mikrofon<\/h3>\n<p class=\"hui-spacing--sm-mt-4-times-4 K2PbruRyOKhyQZiENIYSog==\">M\u00fcrasummutusega mikrofon edastab teie h\u00e4\u00e4le telefonik\u00f5nedes selgelt, olenemata l\u00e4heduses t\u00f6\u00f6tavatest mootoritest v\u00f5i muust \u00fcmbritsevast m\u00fcrast.<\/p>\n<h3 class=\"hui-spacing--sm-mt-4-times-8 qDVd74V+99zfGRPQ6w+YDw==\">Sidetone&#8217;i funktsioon<\/h3>\n<p class=\"hui-spacing--sm-mt-4-times-4 K2PbruRyOKhyQZiENIYSog==\">Sidetonei funktsioon v\u00f5imaldab teil iseend k\u00f5ne ajal loomuliku h\u00e4\u00e4letooniga kuulata, et v\u00e4ltida tahtmatut h\u00e4\u00e4le t\u00f5stmist.<\/p>\n<h3 class=\"hui-spacing--sm-mt-4-times-8 qDVd74V+99zfGRPQ6w+YDw==\">Vastupidav ja ilmastikukindel<\/h3>\n<p class=\"hui-spacing--sm-mt-4-times-4 K2PbruRyOKhyQZiENIYSog==\">K\u00f5rvaklappidel on IP45 klassifikatsioon ja see on ehitatud nii, et peab vastu vihmale, tuulele, k\u00fclmale ja kuumusele.<\/p>\n","protected":false},"excerpt":{"rendered":"<p><strong>K\u00f5rvaklapid Husqvarna X-SYNC<\/strong> kaitsevad kuulmist, v\u00f5imaldades samal ajal Bluetooth\u00ae-\u00fchendust teie mobiiltelefoniga. Husqvarna poolt professionaalsetele kasutajatele v\u00e4lja t\u00f6\u00f6tatud vastupidava ja mugava k\u00f5rvaklappide kasutamine on v\u00e4ga lihtne ja intuitiivne.<\/p>\n","protected":false},"featured_media":60459,"comment_status":"open","ping_status":"closed","template":"","meta":{"_acf_changed":false,"_et_pb_use_builder":"","_et_pb_old_content":"","_et_gb_content_width":"","inline_featured_image":false},"pwb-brand":[147],"product_brand":[],"product_cat":[37,231,32,27],"product_tag":[573,574],"class_list":{"0":"post-60458","1":"product","2":"type-product","3":"status-publish","4":"has-post-thumbnail","6":"pwb-brand-husqvarna","7":"product_cat-husqvarna","8":"product_cat-kingiideed","9":"product_cat-riided-ja-kaitsevahendid","10":"product_cat-tooriistad-ja-tarvikud","11":"product_tag-korvaklapid","12":"product_tag-x-sync","14":"first","15":"instock","16":"shipping-taxable","17":"purchasable","18":"product-type-simple"},"acf":[],"yoast_head":"<!-- This site is optimized with the Yoast SEO plugin v26.6 - https:\/\/yoast.com\/wordpress\/plugins\/seo\/ -->\n<title>K - Reginett K<\/title>\n<meta name=\"robots\" content=\"index, follow, max-snippet:-1, max-image-preview:large, max-video-preview:-1\" \/>\n<link rel=\"canonical\" href=\"https:\/\/reginett.ee\/toode\/korvaklapid-husqvarna-x-sync-uus\/\" \/>\n<meta property=\"og:locale\" content=\"ru_RU\" \/>\n<meta property=\"og:type\" content=\"article\" \/>\n<meta property=\"og:title\" content=\"K - Reginett K\" \/>\n<meta property=\"og:description\" content=\"K\u00f5rvaklapid Husqvarna X-SYNC kaitsevad kuulmist, v\u00f5imaldades samal ajal Bluetooth\u00ae-\u00fchendust teie mobiiltelefoniga. Husqvarna poolt professionaalsetele kasutajatele v\u00e4lja t\u00f6\u00f6tatud vastupidava ja mugava k\u00f5rvaklappide kasutamine on v\u00e4ga lihtne ja intuitiivne.\" \/>\n<meta property=\"og:url\" content=\"https:\/\/reginett.ee\/toode\/korvaklapid-husqvarna-x-sync-uus\/\" \/>\n<meta property=\"og:site_name\" content=\"Reginett\" \/>\n<meta property=\"og:image\" content=\"https:\/\/reginett.ee\/wp-content\/uploads\/2023\/11\/Korvaklapid-Husqvarna-X-Sync.jpg\" \/>\n\t<meta property=\"og:image:width\" content=\"680\" \/>\n\t<meta property=\"og:image:height\" content=\"372\" \/>\n\t<meta property=\"og:image:type\" content=\"image\/jpeg\" \/>\n<meta name=\"twitter:card\" content=\"summary_large_image\" \/>\n<meta name=\"twitter:label1\" content=\"\u041f\u0440\u0438\u043c\u0435\u0440\u043d\u043e\u0435 \u0432\u0440\u0435\u043c\u044f \u0434\u043b\u044f \u0447\u0442\u0435\u043d\u0438\u044f\" \/>\n\t<meta name=\"twitter:data1\" content=\"2 \u043c\u0438\u043d\u0443\u0442\u044b\" \/>\n<script type=\"application\/ld+json\" class=\"yoast-schema-graph\">{\"@context\":\"https:\/\/schema.org\",\"@graph\":[{\"@type\":\"WebPage\",\"@id\":\"https:\/\/reginett.ee\/toode\/korvaklapid-husqvarna-x-sync-uus\/\",\"url\":\"https:\/\/reginett.ee\/toode\/korvaklapid-husqvarna-x-sync-uus\/\",\"name\":\"K - Reginett K\",\"isPartOf\":{\"@id\":\"https:\/\/reginett.ee\/#website\"},\"primaryImageOfPage\":{\"@id\":\"https:\/\/reginett.ee\/toode\/korvaklapid-husqvarna-x-sync-uus\/#primaryimage\"},\"image\":{\"@id\":\"https:\/\/reginett.ee\/toode\/korvaklapid-husqvarna-x-sync-uus\/#primaryimage\"},\"thumbnailUrl\":\"https:\/\/reginett.ee\/wp-content\/uploads\/2023\/11\/Korvaklapid-Husqvarna-X-Sync.jpg\",\"datePublished\":\"2023-11-10T05:01:35+00:00\",\"breadcrumb\":{\"@id\":\"https:\/\/reginett.ee\/toode\/korvaklapid-husqvarna-x-sync-uus\/#breadcrumb\"},\"inLanguage\":\"ru-RU\",\"potentialAction\":[{\"@type\":\"ReadAction\",\"target\":[\"https:\/\/reginett.ee\/toode\/korvaklapid-husqvarna-x-sync-uus\/\"]}]},{\"@type\":\"ImageObject\",\"inLanguage\":\"ru-RU\",\"@id\":\"https:\/\/reginett.ee\/toode\/korvaklapid-husqvarna-x-sync-uus\/#primaryimage\",\"url\":\"https:\/\/reginett.ee\/wp-content\/uploads\/2023\/11\/Korvaklapid-Husqvarna-X-Sync.jpg\",\"contentUrl\":\"https:\/\/reginett.ee\/wp-content\/uploads\/2023\/11\/Korvaklapid-Husqvarna-X-Sync.jpg\",\"width\":680,\"height\":372,\"caption\":\"k\u00f5rvaklapid X-SYNC\"},{\"@type\":\"BreadcrumbList\",\"@id\":\"https:\/\/reginett.ee\/toode\/korvaklapid-husqvarna-x-sync-uus\/#breadcrumb\",\"itemListElement\":[{\"@type\":\"ListItem\",\"position\":1,\"name\":\"Home\",\"item\":\"https:\/\/reginett.ee\/ru\/\"},{\"@type\":\"ListItem\",\"position\":2,\"name\":\"Tooted\",\"item\":\"https:\/\/reginett.ee\/tooted\/\"},{\"@type\":\"ListItem\",\"position\":3,\"name\":\"K\u00f5rvaklapid Husqvarna X-SYNC UUS!\"}]},{\"@type\":\"WebSite\",\"@id\":\"https:\/\/reginett.ee\/#website\",\"url\":\"https:\/\/reginett.ee\/\",\"name\":\"Reginett\",\"description\":\"Parimad robotniidukid\",\"potentialAction\":[{\"@type\":\"SearchAction\",\"target\":{\"@type\":\"EntryPoint\",\"urlTemplate\":\"https:\/\/reginett.ee\/?s={search_term_string}\"},\"query-input\":{\"@type\":\"PropertyValueSpecification\",\"valueRequired\":true,\"valueName\":\"search_term_string\"}}],\"inLanguage\":\"ru-RU\"}]}<\/script>\n<!-- \/ Yoast SEO plugin. -->","yoast_head_json":{"title":"K - Reginett K","robots":{"index":"index","follow":"follow","max-snippet":"max-snippet:-1","max-image-preview":"max-image-preview:large","max-video-preview":"max-video-preview:-1"},"canonical":"https:\/\/reginett.ee\/toode\/korvaklapid-husqvarna-x-sync-uus\/","og_locale":"ru_RU","og_type":"article","og_title":"K - Reginett K","og_description":"K\u00f5rvaklapid Husqvarna X-SYNC kaitsevad kuulmist, v\u00f5imaldades samal ajal Bluetooth\u00ae-\u00fchendust teie mobiiltelefoniga. Husqvarna poolt professionaalsetele kasutajatele v\u00e4lja t\u00f6\u00f6tatud vastupidava ja mugava k\u00f5rvaklappide kasutamine on v\u00e4ga lihtne ja intuitiivne.","og_url":"https:\/\/reginett.ee\/toode\/korvaklapid-husqvarna-x-sync-uus\/","og_site_name":"Reginett","og_image":[{"width":680,"height":372,"url":"https:\/\/reginett.ee\/wp-content\/uploads\/2023\/11\/Korvaklapid-Husqvarna-X-Sync.jpg","type":"image\/jpeg"}],"twitter_card":"summary_large_image","twitter_misc":{"\u041f\u0440\u0438\u043c\u0435\u0440\u043d\u043e\u0435 \u0432\u0440\u0435\u043c\u044f \u0434\u043b\u044f \u0447\u0442\u0435\u043d\u0438\u044f":"2 \u043c\u0438\u043d\u0443\u0442\u044b"},"schema":{"@context":"https:\/\/schema.org","@graph":[{"@type":"WebPage","@id":"https:\/\/reginett.ee\/toode\/korvaklapid-husqvarna-x-sync-uus\/","url":"https:\/\/reginett.ee\/toode\/korvaklapid-husqvarna-x-sync-uus\/","name":"K - Reginett K","isPartOf":{"@id":"https:\/\/reginett.ee\/#website"},"primaryImageOfPage":{"@id":"https:\/\/reginett.ee\/toode\/korvaklapid-husqvarna-x-sync-uus\/#primaryimage"},"image":{"@id":"https:\/\/reginett.ee\/toode\/korvaklapid-husqvarna-x-sync-uus\/#primaryimage"},"thumbnailUrl":"https:\/\/reginett.ee\/wp-content\/uploads\/2023\/11\/Korvaklapid-Husqvarna-X-Sync.jpg","datePublished":"2023-11-10T05:01:35+00:00","breadcrumb":{"@id":"https:\/\/reginett.ee\/toode\/korvaklapid-husqvarna-x-sync-uus\/#breadcrumb"},"inLanguage":"ru-RU","potentialAction":[{"@type":"ReadAction","target":["https:\/\/reginett.ee\/toode\/korvaklapid-husqvarna-x-sync-uus\/"]}]},{"@type":"ImageObject","inLanguage":"ru-RU","@id":"https:\/\/reginett.ee\/toode\/korvaklapid-husqvarna-x-sync-uus\/#primaryimage","url":"https:\/\/reginett.ee\/wp-content\/uploads\/2023\/11\/Korvaklapid-Husqvarna-X-Sync.jpg","contentUrl":"https:\/\/reginett.ee\/wp-content\/uploads\/2023\/11\/Korvaklapid-Husqvarna-X-Sync.jpg","width":680,"height":372,"caption":"k\u00f5rvaklapid X-SYNC"},{"@type":"BreadcrumbList","@id":"https:\/\/reginett.ee\/toode\/korvaklapid-husqvarna-x-sync-uus\/#breadcrumb","itemListElement":[{"@type":"ListItem","position":1,"name":"Home","item":"https:\/\/reginett.ee\/ru\/"},{"@type":"ListItem","position":2,"name":"Tooted","item":"https:\/\/reginett.ee\/tooted\/"},{"@type":"ListItem","position":3,"name":"K\u00f5rvaklapid Husqvarna X-SYNC UUS!"}]},{"@type":"WebSite","@id":"https:\/\/reginett.ee\/#website","url":"https:\/\/reginett.ee\/","name":"Reginett","description":"Parimad robotniidukid","potentialAction":[{"@type":"SearchAction","target":{"@type":"EntryPoint","urlTemplate":"https:\/\/reginett.ee\/?s={search_term_string}"},"query-input":{"@type":"PropertyValueSpecification","valueRequired":true,"valueName":"search_term_string"}}],"inLanguage":"ru-RU"}]}},"brands":[{"id":147,"name":"Husqvarna","slug":"husqvarna"}],"_links":{"self":[{"href":"https:\/\/reginett.ee\/ru\/wp-json\/wp\/v2\/product\/60458","targetHints":{"allow":["GET"]}}],"collection":[{"href":"https:\/\/reginett.ee\/ru\/wp-json\/wp\/v2\/product"}],"about":[{"href":"https:\/\/reginett.ee\/ru\/wp-json\/wp\/v2\/types\/product"}],"replies":[{"embeddable":true,"href":"https:\/\/reginett.ee\/ru\/wp-json\/wp\/v2\/comments?post=60458"}],"wp:featuredmedia":[{"embeddable":true,"href":"https:\/\/reginett.ee\/ru\/wp-json\/wp\/v2\/media\/60459"}],"wp:attachment":[{"href":"https:\/\/reginett.ee\/ru\/wp-json\/wp\/v2\/media?parent=60458"}],"wp:term":[{"taxonomy":"pwb-brand","embeddable":true,"href":"https:\/\/reginett.ee\/ru\/wp-json\/wp\/v2\/pwb-brand?post=60458"},{"taxonomy":"product_brand","embeddable":true,"href":"https:\/\/reginett.ee\/ru\/wp-json\/wp\/v2\/product_brand?post=60458"},{"taxonomy":"product_cat","embeddable":true,"href":"https:\/\/reginett.ee\/ru\/wp-json\/wp\/v2\/product_cat?post=60458"},{"taxonomy":"product_tag","embeddable":true,"href":"https:\/\/reginett.ee\/ru\/wp-json\/wp\/v2\/product_tag?post=60458"}],"curies":[{"name":"wp","href":"https:\/\/api.w.org\/{rel}","templated":true}]}}