{"id":60415,"date":"2023-11-01T18:52:13","date_gmt":"2023-11-01T15:52:13","guid":{"rendered":"https:\/\/reginett.ee\/?post_type=product&#038;p=60415"},"modified":"2023-11-21T17:06:34","modified_gmt":"2023-11-21T14:06:34","slug":"akulumelabidas-toro-flex-force-60v","status":"publish","type":"product","link":"https:\/\/reginett.ee\/ru\/toode\/akulumelabidas-toro-flex-force-60v\/","title":{"rendered":"Akulumelabidas TORO Flex-Force 60V"},"content":{"rendered":"<p><strong>Akulumelabidas TORO Flex-Force<\/strong> on ainus viis lund k\u00fchveldada.<\/p>\n<p>Uus 31 cm t\u00f6\u00f6laiusega labidas v\u00f5imaldab k\u00fchveldada kuni 15 cm s\u00fcgavust lund ka k\u00f5ige kitsamates kohtades. Puhastage terrassid, sise\u00f5ued, k\u00f5nniteed ja s\u00f5iduteed mis mahutavad kuni 4 autot. Juhtmeta, nupuvajutusega k\u00e4ivitus, lihtne hoiustamine, v\u00e4he hooldust \u2013 see on talvine v\u00f5it.<\/p>\n<p>*Aku ja laadija ei kuulu komplekti!<\/p>\n<h3>Hea viskekaugus<\/h3>\n<p>Lumelabidas on v\u00f5imeline viskama lund kuni 7m.<\/p>\n<h3>Kahe kiiruse l\u00fcliti<\/h3>\n<p>Kaks kiirust, mille vahel valida, on teie k\u00e4eulatuses. Vastavalt vajadusele lisage rohkem j\u00f5udu, kui seda soovite.<\/p>\n<h3>Lihtne hoiustamine<\/h3>\n<p>T\u00e4nu stiilsele ja kompaktsele disainile saate seda kiireks kasutamiseks h\u00f5lpsasti hoiustada.<\/p>\n<p>&nbsp;<\/p>\n<p>&nbsp;<\/p>\n","protected":false},"excerpt":{"rendered":"<p><strong>Akulumelabidas TORO Flex-Force<\/strong> on ainus viis lund k\u00fchveldada.<\/p>\n<p>Uus 31 cm t\u00f6\u00f6laiusega labidas v\u00f5imaldab k\u00fchveldada kuni 15 cm s\u00fcgavust lund ka k\u00f5ige kitsamates kohtades. Puhastage terrassid, sise\u00f5ued, k\u00f5nniteed ja s\u00f5iduteed mis mahutavad kuni 4 autot. Juhtmeta, nupuvajutusega k\u00e4ivitus, lihtne hoiustamine, v\u00e4he hooldust \u2013 see on talvine v\u00f5it.<\/p>\n<p>*Aku ja laadija ei kuulu komplekti!<\/p>\n","protected":false},"featured_media":60416,"comment_status":"open","ping_status":"closed","template":"","meta":{"_acf_changed":false,"_et_pb_use_builder":"","_et_pb_old_content":"","_et_gb_content_width":"","inline_featured_image":false},"pwb-brand":[148],"product_brand":[],"product_cat":[480,51,27],"product_tag":[568,566,567,569],"class_list":{"0":"post-60415","1":"product","2":"type-product","3":"status-publish","4":"has-post-thumbnail","6":"pwb-brand-toro","7":"product_cat-aiatoo","8":"product_cat-lumepuhurid","9":"product_cat-tooriistad-ja-tarvikud","10":"product_tag-akuga-lumelabidas","11":"product_tag-akulumelabidas","12":"product_tag-lumelabidas","13":"product_tag-lumelabidas-toro","14":"product_shipping_class-rasked-asjad","16":"first","17":"instock","18":"shipping-taxable","19":"purchasable","20":"product-type-simple"},"acf":[],"yoast_head":"<!-- This site is optimized with the Yoast SEO plugin v26.6 - https:\/\/yoast.com\/wordpress\/plugins\/seo\/ -->\n<title>Akulumelabidas TORO Flex-Force. Efektiivne akuga lumelabidas<\/title>\n<meta name=\"robots\" content=\"index, follow, max-snippet:-1, max-image-preview:large, max-video-preview:-1\" \/>\n<link rel=\"canonical\" href=\"https:\/\/reginett.ee\/toode\/akulumelabidas-toro-flex-force-60v\/\" \/>\n<meta property=\"og:locale\" content=\"ru_RU\" \/>\n<meta property=\"og:type\" content=\"article\" \/>\n<meta property=\"og:title\" content=\"Akulumelabidas TORO Flex-Force. Efektiivne akuga lumelabidas\" \/>\n<meta property=\"og:description\" content=\"Akulumelabidas TORO Flex-Force on ainus viis lund k\u00fchveldada.  Uus 31 cm t\u00f6\u00f6laiusega labidas v\u00f5imaldab k\u00fchveldada kuni 15 cm s\u00fcgavust lund ka k\u00f5ige kitsamates kohtades. Puhastage terrassid, sise\u00f5ued, k\u00f5nniteed ja s\u00f5iduteed mis mahutavad kuni 4 autot. Juhtmeta, nupuvajutusega k\u00e4ivitus, lihtne hoiustamine, v\u00e4he hooldust \u2013 see on talvine v\u00f5it.  *Aku ja laadija ei kuulu komplekti!\" \/>\n<meta property=\"og:url\" content=\"https:\/\/reginett.ee\/toode\/akulumelabidas-toro-flex-force-60v\/\" \/>\n<meta property=\"og:site_name\" content=\"Reginett\" \/>\n<meta property=\"article:modified_time\" content=\"2023-11-21T14:06:34+00:00\" \/>\n<meta property=\"og:image\" content=\"https:\/\/reginett.ee\/wp-content\/uploads\/2023\/11\/Akulumelabidas-TORO.jpg\" \/>\n\t<meta property=\"og:image:width\" content=\"510\" \/>\n\t<meta property=\"og:image:height\" content=\"440\" \/>\n\t<meta property=\"og:image:type\" content=\"image\/jpeg\" \/>\n<meta name=\"twitter:card\" content=\"summary_large_image\" \/>\n<meta name=\"twitter:label1\" content=\"\u041f\u0440\u0438\u043c\u0435\u0440\u043d\u043e\u0435 \u0432\u0440\u0435\u043c\u044f \u0434\u043b\u044f \u0447\u0442\u0435\u043d\u0438\u044f\" \/>\n\t<meta name=\"twitter:data1\" content=\"1 \u043c\u0438\u043d\u0443\u0442\u0430\" \/>\n<script type=\"application\/ld+json\" class=\"yoast-schema-graph\">{\"@context\":\"https:\/\/schema.org\",\"@graph\":[{\"@type\":\"WebPage\",\"@id\":\"https:\/\/reginett.ee\/toode\/akulumelabidas-toro-flex-force-60v\/\",\"url\":\"https:\/\/reginett.ee\/toode\/akulumelabidas-toro-flex-force-60v\/\",\"name\":\"Akulumelabidas TORO Flex-Force. Efektiivne akuga lumelabidas\",\"isPartOf\":{\"@id\":\"https:\/\/reginett.ee\/#website\"},\"primaryImageOfPage\":{\"@id\":\"https:\/\/reginett.ee\/toode\/akulumelabidas-toro-flex-force-60v\/#primaryimage\"},\"image\":{\"@id\":\"https:\/\/reginett.ee\/toode\/akulumelabidas-toro-flex-force-60v\/#primaryimage\"},\"thumbnailUrl\":\"https:\/\/reginett.ee\/wp-content\/uploads\/2023\/11\/Akulumelabidas-TORO.jpg\",\"datePublished\":\"2023-11-01T15:52:13+00:00\",\"dateModified\":\"2023-11-21T14:06:34+00:00\",\"breadcrumb\":{\"@id\":\"https:\/\/reginett.ee\/toode\/akulumelabidas-toro-flex-force-60v\/#breadcrumb\"},\"inLanguage\":\"ru-RU\",\"potentialAction\":[{\"@type\":\"ReadAction\",\"target\":[\"https:\/\/reginett.ee\/toode\/akulumelabidas-toro-flex-force-60v\/\"]}]},{\"@type\":\"ImageObject\",\"inLanguage\":\"ru-RU\",\"@id\":\"https:\/\/reginett.ee\/toode\/akulumelabidas-toro-flex-force-60v\/#primaryimage\",\"url\":\"https:\/\/reginett.ee\/wp-content\/uploads\/2023\/11\/Akulumelabidas-TORO.jpg\",\"contentUrl\":\"https:\/\/reginett.ee\/wp-content\/uploads\/2023\/11\/Akulumelabidas-TORO.jpg\",\"width\":510,\"height\":440,\"caption\":\"Akulumelabidas TORO\"},{\"@type\":\"BreadcrumbList\",\"@id\":\"https:\/\/reginett.ee\/toode\/akulumelabidas-toro-flex-force-60v\/#breadcrumb\",\"itemListElement\":[{\"@type\":\"ListItem\",\"position\":1,\"name\":\"Home\",\"item\":\"https:\/\/reginett.ee\/ru\/\"},{\"@type\":\"ListItem\",\"position\":2,\"name\":\"Tooted\",\"item\":\"https:\/\/reginett.ee\/tooted\/\"},{\"@type\":\"ListItem\",\"position\":3,\"name\":\"Akulumelabidas TORO Flex-Force 60V\"}]},{\"@type\":\"WebSite\",\"@id\":\"https:\/\/reginett.ee\/#website\",\"url\":\"https:\/\/reginett.ee\/\",\"name\":\"Reginett\",\"description\":\"Parimad robotniidukid\",\"potentialAction\":[{\"@type\":\"SearchAction\",\"target\":{\"@type\":\"EntryPoint\",\"urlTemplate\":\"https:\/\/reginett.ee\/?s={search_term_string}\"},\"query-input\":{\"@type\":\"PropertyValueSpecification\",\"valueRequired\":true,\"valueName\":\"search_term_string\"}}],\"inLanguage\":\"ru-RU\"}]}<\/script>\n<!-- \/ Yoast SEO plugin. -->","yoast_head_json":{"title":"Akulumelabidas TORO Flex-Force. Efektiivne akuga lumelabidas","robots":{"index":"index","follow":"follow","max-snippet":"max-snippet:-1","max-image-preview":"max-image-preview:large","max-video-preview":"max-video-preview:-1"},"canonical":"https:\/\/reginett.ee\/toode\/akulumelabidas-toro-flex-force-60v\/","og_locale":"ru_RU","og_type":"article","og_title":"Akulumelabidas TORO Flex-Force. Efektiivne akuga lumelabidas","og_description":"Akulumelabidas TORO Flex-Force on ainus viis lund k\u00fchveldada.  Uus 31 cm t\u00f6\u00f6laiusega labidas v\u00f5imaldab k\u00fchveldada kuni 15 cm s\u00fcgavust lund ka k\u00f5ige kitsamates kohtades. Puhastage terrassid, sise\u00f5ued, k\u00f5nniteed ja s\u00f5iduteed mis mahutavad kuni 4 autot. Juhtmeta, nupuvajutusega k\u00e4ivitus, lihtne hoiustamine, v\u00e4he hooldust \u2013 see on talvine v\u00f5it.  *Aku ja laadija ei kuulu komplekti!","og_url":"https:\/\/reginett.ee\/toode\/akulumelabidas-toro-flex-force-60v\/","og_site_name":"Reginett","article_modified_time":"2023-11-21T14:06:34+00:00","og_image":[{"width":510,"height":440,"url":"https:\/\/reginett.ee\/wp-content\/uploads\/2023\/11\/Akulumelabidas-TORO.jpg","type":"image\/jpeg"}],"twitter_card":"summary_large_image","twitter_misc":{"\u041f\u0440\u0438\u043c\u0435\u0440\u043d\u043e\u0435 \u0432\u0440\u0435\u043c\u044f \u0434\u043b\u044f \u0447\u0442\u0435\u043d\u0438\u044f":"1 \u043c\u0438\u043d\u0443\u0442\u0430"},"schema":{"@context":"https:\/\/schema.org","@graph":[{"@type":"WebPage","@id":"https:\/\/reginett.ee\/toode\/akulumelabidas-toro-flex-force-60v\/","url":"https:\/\/reginett.ee\/toode\/akulumelabidas-toro-flex-force-60v\/","name":"Akulumelabidas TORO Flex-Force. Efektiivne akuga lumelabidas","isPartOf":{"@id":"https:\/\/reginett.ee\/#website"},"primaryImageOfPage":{"@id":"https:\/\/reginett.ee\/toode\/akulumelabidas-toro-flex-force-60v\/#primaryimage"},"image":{"@id":"https:\/\/reginett.ee\/toode\/akulumelabidas-toro-flex-force-60v\/#primaryimage"},"thumbnailUrl":"https:\/\/reginett.ee\/wp-content\/uploads\/2023\/11\/Akulumelabidas-TORO.jpg","datePublished":"2023-11-01T15:52:13+00:00","dateModified":"2023-11-21T14:06:34+00:00","breadcrumb":{"@id":"https:\/\/reginett.ee\/toode\/akulumelabidas-toro-flex-force-60v\/#breadcrumb"},"inLanguage":"ru-RU","potentialAction":[{"@type":"ReadAction","target":["https:\/\/reginett.ee\/toode\/akulumelabidas-toro-flex-force-60v\/"]}]},{"@type":"ImageObject","inLanguage":"ru-RU","@id":"https:\/\/reginett.ee\/toode\/akulumelabidas-toro-flex-force-60v\/#primaryimage","url":"https:\/\/reginett.ee\/wp-content\/uploads\/2023\/11\/Akulumelabidas-TORO.jpg","contentUrl":"https:\/\/reginett.ee\/wp-content\/uploads\/2023\/11\/Akulumelabidas-TORO.jpg","width":510,"height":440,"caption":"Akulumelabidas TORO"},{"@type":"BreadcrumbList","@id":"https:\/\/reginett.ee\/toode\/akulumelabidas-toro-flex-force-60v\/#breadcrumb","itemListElement":[{"@type":"ListItem","position":1,"name":"Home","item":"https:\/\/reginett.ee\/ru\/"},{"@type":"ListItem","position":2,"name":"Tooted","item":"https:\/\/reginett.ee\/tooted\/"},{"@type":"ListItem","position":3,"name":"Akulumelabidas TORO Flex-Force 60V"}]},{"@type":"WebSite","@id":"https:\/\/reginett.ee\/#website","url":"https:\/\/reginett.ee\/","name":"Reginett","description":"Parimad robotniidukid","potentialAction":[{"@type":"SearchAction","target":{"@type":"EntryPoint","urlTemplate":"https:\/\/reginett.ee\/?s={search_term_string}"},"query-input":{"@type":"PropertyValueSpecification","valueRequired":true,"valueName":"search_term_string"}}],"inLanguage":"ru-RU"}]}},"brands":[{"id":148,"name":"Toro","slug":"toro"}],"_links":{"self":[{"href":"https:\/\/reginett.ee\/ru\/wp-json\/wp\/v2\/product\/60415","targetHints":{"allow":["GET"]}}],"collection":[{"href":"https:\/\/reginett.ee\/ru\/wp-json\/wp\/v2\/product"}],"about":[{"href":"https:\/\/reginett.ee\/ru\/wp-json\/wp\/v2\/types\/product"}],"replies":[{"embeddable":true,"href":"https:\/\/reginett.ee\/ru\/wp-json\/wp\/v2\/comments?post=60415"}],"wp:featuredmedia":[{"embeddable":true,"href":"https:\/\/reginett.ee\/ru\/wp-json\/wp\/v2\/media\/60416"}],"wp:attachment":[{"href":"https:\/\/reginett.ee\/ru\/wp-json\/wp\/v2\/media?parent=60415"}],"wp:term":[{"taxonomy":"pwb-brand","embeddable":true,"href":"https:\/\/reginett.ee\/ru\/wp-json\/wp\/v2\/pwb-brand?post=60415"},{"taxonomy":"product_brand","embeddable":true,"href":"https:\/\/reginett.ee\/ru\/wp-json\/wp\/v2\/product_brand?post=60415"},{"taxonomy":"product_cat","embeddable":true,"href":"https:\/\/reginett.ee\/ru\/wp-json\/wp\/v2\/product_cat?post=60415"},{"taxonomy":"product_tag","embeddable":true,"href":"https:\/\/reginett.ee\/ru\/wp-json\/wp\/v2\/product_tag?post=60415"}],"curies":[{"name":"wp","href":"https:\/\/api.w.org\/{rel}","templated":true}]}}