{"id":60411,"date":"2023-11-01T17:32:29","date_gmt":"2023-11-01T14:32:29","guid":{"rendered":"https:\/\/reginett.ee\/?post_type=product&#038;p=60411"},"modified":"2024-01-15T12:47:29","modified_gmt":"2024-01-15T09:47:29","slug":"kaitsepuksid-husqvarna-technical-extreme-uued","status":"publish","type":"product","link":"https:\/\/reginett.ee\/ru\/toode\/kaitsepuksid-husqvarna-technical-extreme-uued\/","title":{"rendered":"Kaitsep\u00fcksid Husqvarna Technical Extreme UUED!"},"content":{"rendered":"<h4 class=\"ui-lc ui-bg ui-lg\">Kaitsep\u00fcksid, mis on loodud teie t\u00f6\u00f6p\u00e4eva tootlikumaks muutmiseks<\/h4>\n<div class=\"hbd-editorial\">Husqvarna Technical Extreme kaitsep\u00fcksid pakuvad kasutajatele 1. klassi saekaitset ja mugavust, mida on vaja pikemateks t\u00f6\u00f6p\u00e4evadeks. Spetsiaalselt n\u00f5udlikeks professionaalseteks metsat\u00f6\u00f6deks loodud kerge, vetth\u00fclgav, 4-suunas veniv kangas kohandub teie kehaga. Ainulaadne Tech-Knee pakub t\u00e4iendavat saekaitset k\u00f5igis t\u00f6\u00f6asendites, sealhulgas p\u00f5lve painutamisel. Saadaval suurustes XS-XXL. Sobivad nii meestele kui naistele. Traksid on kaasas.<\/div>\n<div><\/div>\n<div>\n<h3 class=\"hui-spacing--sm-mt-4-times-8 qDVd74V+99zfGRPQ6w+YDw==\">Spetsiaalselt valmistatud saekaitse<\/h3>\n<p class=\"hui-spacing--sm-mt-4-times-4 K2PbruRyOKhyQZiENIYSog==\">Uuenduslik Tech-Knee pakub suurep\u00e4rast saekaitset koos t\u00e4iendavate kiukihtidega, mis tagavad lisakaitse, eriti olukordades, kus p\u00fcksid istuvad tihedalt vastu p\u00f5lve. P\u00f5lvel on ka veekindel sisevooder ja vetth\u00fclgavast kangast v\u00e4limine kiht, mis hoiab vett ja niiskust saekaitsekihtidesse tungimast.<\/p>\n<h3 class=\"hui-spacing--sm-mt-4-times-8 qDVd74V+99zfGRPQ6w+YDw==\">H\u00e4sti ventileeritud<\/h3>\n<p class=\"hui-spacing--sm-mt-4-times-4 K2PbruRyOKhyQZiENIYSog==\">Reguleerige \u00f5huvoolu s\u00e4\u00e4rte tagaosas olevate t\u00f5mblukkude abil oma maitse j\u00e4rgi. Ka tagataskud tagavad avamisel \u00f5huvoolu. V\u00f5rkvooder loob kandmise ajal optimaalse ventilatsiooni ja p\u00e4rast pesu kiire kuivamise.<\/p>\n<h3 class=\"hui-spacing--sm-mt-4-times-8 qDVd74V+99zfGRPQ6w+YDw==\">Tugevdatud Cordura\u00ae ja Dyneema\u00ae kangastega<\/h3>\n<p class=\"hui-spacing--sm-mt-4-times-4 K2PbruRyOKhyQZiENIYSog==\">Kergemate ja vastupidavamate kaitsep\u00fckste loomiseks kasutatakse jalgevahel 4-suunas venivat Ripstop-Stretch materjali, p\u00f5lvedel ja s\u00e4\u00e4rte alumises osas Cordurat.<\/p>\n<h3 class=\"hui-spacing--sm-mt-4-times-8 qDVd74V+99zfGRPQ6w+YDw==\">4-suunas veniv kangas<\/h3>\n<p class=\"hui-spacing--sm-mt-4-times-4 K2PbruRyOKhyQZiENIYSog==\">Meie kerget 4-suunalist venivat kangast kasutatakse piirkondades, mis n\u00f5uavad suurt liikuvust. Stret\u0161 materjal tagab mugava ja kohandatava istuvuse, mis sobib erinevatele kehat\u00fc\u00fcpidele, muutes kaitsep\u00fcksid sobivaks nii meestele kui ka naistele.<\/p>\n<h3 class=\"hui-spacing--sm-mt-4-times-8 qDVd74V+99zfGRPQ6w+YDw==\">Optimeeritud disain raiet\u00f6\u00f6liste jaoks<\/h3>\n<p class=\"hui-spacing--sm-mt-4-times-4 K2PbruRyOKhyQZiENIYSog==\">Need kaitsep\u00fcksid, mis on loodud raiet\u00f6\u00f6liseid silmas pidades, sisaldades praktilisi ja mugavaid elemente, mis pakuvad tuge kogu t\u00f6\u00f6p\u00e4eva jooksul. Saapapaelte konksud v\u00f5imaldavad tp\u00fcksid saabaste k\u00fclge kinnitada, samal ajal kui pahkluu rihmad takistavad saepuru sisenemist saabastesse. Pikendatud seljaosa pakub t\u00e4iendavat paindlikkust ja liikumisv\u00f5imalusi. Lisaks on p\u00fckstel kvaliteetsed traksid, mis hoiavad p\u00fcksid kogu p\u00e4eva kindlalt paigal.<\/p>\n<h3 class=\"hui-spacing--sm-mt-4-times-8 qDVd74V+99zfGRPQ6w+YDw==\">Suletavad taskud<\/h3>\n<p class=\"hui-spacing--sm-mt-4-times-4 K2PbruRyOKhyQZiENIYSog==\">P\u00fckstel on mitu taskut, sealhulgas esi- ja tagataskud ning vasaku s\u00e4\u00e4re tasku. K\u00f5ik taskud on lisaturvalisuse tagamiseks suletatavad Lisaks on mugav tasku tollipulga jaoks, mis on kergesti ligip\u00e4\u00e4setav ja mida saab sulgeda, kui seda ei kasutata.<\/p>\n<\/div>\n","protected":false},"excerpt":{"rendered":"<h4 class=\"ui-lc ui-bg ui-lg\">Kaitsep\u00fcksid, mis on loodud teie t\u00f6\u00f6p\u00e4eva tootlikumaks muutmiseks<\/h4>\n<div class=\"hbd-editorial\"><strong>Husqvarna Technical Extreme<\/strong> kaitsep\u00fcksid pakuvad kasutajatele 1. klassi saekaitset ja mugavust, mida on vaja pikemateks t\u00f6\u00f6p\u00e4evadeks<\/div>\n","protected":false},"featured_media":60413,"comment_status":"open","ping_status":"closed","template":"","meta":{"_acf_changed":false,"_et_pb_use_builder":"","_et_pb_old_content":"","_et_gb_content_width":"","inline_featured_image":false},"pwb-brand":[147],"product_brand":[],"product_cat":[37,32],"product_tag":[562,241,565,132],"class_list":{"0":"post-60411","1":"product","2":"type-product","3":"status-publish","4":"has-post-thumbnail","6":"pwb-brand-husqvarna","7":"product_cat-husqvarna","8":"product_cat-riided-ja-kaitsevahendid","9":"product_tag-extreme","10":"product_tag-kaitsepuksid","11":"product_tag-saekaitsega-puksid","12":"product_tag-turvapuksid","14":"first","15":"instock","16":"shipping-taxable","17":"purchasable","18":"product-type-variable","19":"has-default-attributes"},"acf":[],"yoast_head":"<!-- This site is optimized with the Yoast SEO plugin v26.6 - https:\/\/yoast.com\/wordpress\/plugins\/seo\/ -->\n<title>Kaitsep\u00fcksid Husqvarna Technical Extreme<\/title>\n<meta name=\"description\" content=\"Kaitsep\u00fcksid, mis on loodud teie t\u00f6\u00f6p\u00e4eva tootlikumaks muutmiseksHusqvarna Technical Extreme kaitsep\u00fcksid pakuvad kasutajatele 1. klassi saekaitset\" \/>\n<meta name=\"robots\" content=\"index, follow, max-snippet:-1, max-image-preview:large, max-video-preview:-1\" \/>\n<link rel=\"canonical\" href=\"https:\/\/reginett.ee\/toode\/kaitsepuksid-husqvarna-technical-extreme-uued\/\" \/>\n<meta property=\"og:locale\" content=\"ru_RU\" \/>\n<meta property=\"og:type\" content=\"article\" \/>\n<meta property=\"og:title\" content=\"Kaitsep\u00fcksid Husqvarna Technical Extreme\" \/>\n<meta property=\"og:description\" content=\"Kaitsep\u00fcksid, mis on loodud teie t\u00f6\u00f6p\u00e4eva tootlikumaks muutmiseksHusqvarna Technical Extreme kaitsep\u00fcksid pakuvad kasutajatele 1. klassi saekaitset\" \/>\n<meta property=\"og:url\" content=\"https:\/\/reginett.ee\/toode\/kaitsepuksid-husqvarna-technical-extreme-uued\/\" \/>\n<meta property=\"og:site_name\" content=\"Reginett\" \/>\n<meta property=\"article:modified_time\" content=\"2024-01-15T09:47:29+00:00\" \/>\n<meta property=\"og:image\" content=\"https:\/\/reginett.ee\/wp-content\/uploads\/2023\/11\/kaitsepuksid-Technical-Extreme.webp\" \/>\n\t<meta property=\"og:image:width\" content=\"1245\" \/>\n\t<meta property=\"og:image:height\" content=\"830\" \/>\n\t<meta property=\"og:image:type\" content=\"image\/webp\" \/>\n<meta name=\"twitter:card\" content=\"summary_large_image\" \/>\n<meta name=\"twitter:label1\" content=\"\u041f\u0440\u0438\u043c\u0435\u0440\u043d\u043e\u0435 \u0432\u0440\u0435\u043c\u044f \u0434\u043b\u044f \u0447\u0442\u0435\u043d\u0438\u044f\" \/>\n\t<meta name=\"twitter:data1\" content=\"2 \u043c\u0438\u043d\u0443\u0442\u044b\" \/>\n<script type=\"application\/ld+json\" class=\"yoast-schema-graph\">{\"@context\":\"https:\/\/schema.org\",\"@graph\":[{\"@type\":\"WebPage\",\"@id\":\"https:\/\/reginett.ee\/toode\/kaitsepuksid-husqvarna-technical-extreme-uued\/\",\"url\":\"https:\/\/reginett.ee\/toode\/kaitsepuksid-husqvarna-technical-extreme-uued\/\",\"name\":\"Kaitsep\u00fcksid Husqvarna Technical Extreme\",\"isPartOf\":{\"@id\":\"https:\/\/reginett.ee\/#website\"},\"primaryImageOfPage\":{\"@id\":\"https:\/\/reginett.ee\/toode\/kaitsepuksid-husqvarna-technical-extreme-uued\/#primaryimage\"},\"image\":{\"@id\":\"https:\/\/reginett.ee\/toode\/kaitsepuksid-husqvarna-technical-extreme-uued\/#primaryimage\"},\"thumbnailUrl\":\"https:\/\/reginett.ee\/wp-content\/uploads\/2023\/11\/kaitsepuksid-Technical-Extreme.webp\",\"datePublished\":\"2023-11-01T14:32:29+00:00\",\"dateModified\":\"2024-01-15T09:47:29+00:00\",\"description\":\"Kaitsep\u00fcksid, mis on loodud teie t\u00f6\u00f6p\u00e4eva tootlikumaks muutmiseksHusqvarna Technical Extreme kaitsep\u00fcksid pakuvad kasutajatele 1. klassi saekaitset\",\"breadcrumb\":{\"@id\":\"https:\/\/reginett.ee\/toode\/kaitsepuksid-husqvarna-technical-extreme-uued\/#breadcrumb\"},\"inLanguage\":\"ru-RU\",\"potentialAction\":[{\"@type\":\"ReadAction\",\"target\":[\"https:\/\/reginett.ee\/toode\/kaitsepuksid-husqvarna-technical-extreme-uued\/\"]}]},{\"@type\":\"ImageObject\",\"inLanguage\":\"ru-RU\",\"@id\":\"https:\/\/reginett.ee\/toode\/kaitsepuksid-husqvarna-technical-extreme-uued\/#primaryimage\",\"url\":\"https:\/\/reginett.ee\/wp-content\/uploads\/2023\/11\/kaitsepuksid-Technical-Extreme.webp\",\"contentUrl\":\"https:\/\/reginett.ee\/wp-content\/uploads\/2023\/11\/kaitsepuksid-Technical-Extreme.webp\",\"width\":1245,\"height\":830,\"caption\":\"kaitsep\u00fcksid Technical Extreme\"},{\"@type\":\"BreadcrumbList\",\"@id\":\"https:\/\/reginett.ee\/toode\/kaitsepuksid-husqvarna-technical-extreme-uued\/#breadcrumb\",\"itemListElement\":[{\"@type\":\"ListItem\",\"position\":1,\"name\":\"Home\",\"item\":\"https:\/\/reginett.ee\/ru\/\"},{\"@type\":\"ListItem\",\"position\":2,\"name\":\"Tooted\",\"item\":\"https:\/\/reginett.ee\/tooted\/\"},{\"@type\":\"ListItem\",\"position\":3,\"name\":\"Kaitsep\u00fcksid Husqvarna Technical Extreme UUED!\"}]},{\"@type\":\"WebSite\",\"@id\":\"https:\/\/reginett.ee\/#website\",\"url\":\"https:\/\/reginett.ee\/\",\"name\":\"Reginett\",\"description\":\"Parimad robotniidukid\",\"potentialAction\":[{\"@type\":\"SearchAction\",\"target\":{\"@type\":\"EntryPoint\",\"urlTemplate\":\"https:\/\/reginett.ee\/?s={search_term_string}\"},\"query-input\":{\"@type\":\"PropertyValueSpecification\",\"valueRequired\":true,\"valueName\":\"search_term_string\"}}],\"inLanguage\":\"ru-RU\"}]}<\/script>\n<!-- \/ Yoast SEO plugin. -->","yoast_head_json":{"title":"Kaitsep\u00fcksid Husqvarna Technical Extreme","description":"Kaitsep\u00fcksid, mis on loodud teie t\u00f6\u00f6p\u00e4eva tootlikumaks muutmiseksHusqvarna Technical Extreme kaitsep\u00fcksid pakuvad kasutajatele 1. klassi saekaitset","robots":{"index":"index","follow":"follow","max-snippet":"max-snippet:-1","max-image-preview":"max-image-preview:large","max-video-preview":"max-video-preview:-1"},"canonical":"https:\/\/reginett.ee\/toode\/kaitsepuksid-husqvarna-technical-extreme-uued\/","og_locale":"ru_RU","og_type":"article","og_title":"Kaitsep\u00fcksid Husqvarna Technical Extreme","og_description":"Kaitsep\u00fcksid, mis on loodud teie t\u00f6\u00f6p\u00e4eva tootlikumaks muutmiseksHusqvarna Technical Extreme kaitsep\u00fcksid pakuvad kasutajatele 1. klassi saekaitset","og_url":"https:\/\/reginett.ee\/toode\/kaitsepuksid-husqvarna-technical-extreme-uued\/","og_site_name":"Reginett","article_modified_time":"2024-01-15T09:47:29+00:00","og_image":[{"width":1245,"height":830,"url":"https:\/\/reginett.ee\/wp-content\/uploads\/2023\/11\/kaitsepuksid-Technical-Extreme.webp","type":"image\/webp"}],"twitter_card":"summary_large_image","twitter_misc":{"\u041f\u0440\u0438\u043c\u0435\u0440\u043d\u043e\u0435 \u0432\u0440\u0435\u043c\u044f \u0434\u043b\u044f \u0447\u0442\u0435\u043d\u0438\u044f":"2 \u043c\u0438\u043d\u0443\u0442\u044b"},"schema":{"@context":"https:\/\/schema.org","@graph":[{"@type":"WebPage","@id":"https:\/\/reginett.ee\/toode\/kaitsepuksid-husqvarna-technical-extreme-uued\/","url":"https:\/\/reginett.ee\/toode\/kaitsepuksid-husqvarna-technical-extreme-uued\/","name":"Kaitsep\u00fcksid Husqvarna Technical Extreme","isPartOf":{"@id":"https:\/\/reginett.ee\/#website"},"primaryImageOfPage":{"@id":"https:\/\/reginett.ee\/toode\/kaitsepuksid-husqvarna-technical-extreme-uued\/#primaryimage"},"image":{"@id":"https:\/\/reginett.ee\/toode\/kaitsepuksid-husqvarna-technical-extreme-uued\/#primaryimage"},"thumbnailUrl":"https:\/\/reginett.ee\/wp-content\/uploads\/2023\/11\/kaitsepuksid-Technical-Extreme.webp","datePublished":"2023-11-01T14:32:29+00:00","dateModified":"2024-01-15T09:47:29+00:00","description":"Kaitsep\u00fcksid, mis on loodud teie t\u00f6\u00f6p\u00e4eva tootlikumaks muutmiseksHusqvarna Technical Extreme kaitsep\u00fcksid pakuvad kasutajatele 1. klassi saekaitset","breadcrumb":{"@id":"https:\/\/reginett.ee\/toode\/kaitsepuksid-husqvarna-technical-extreme-uued\/#breadcrumb"},"inLanguage":"ru-RU","potentialAction":[{"@type":"ReadAction","target":["https:\/\/reginett.ee\/toode\/kaitsepuksid-husqvarna-technical-extreme-uued\/"]}]},{"@type":"ImageObject","inLanguage":"ru-RU","@id":"https:\/\/reginett.ee\/toode\/kaitsepuksid-husqvarna-technical-extreme-uued\/#primaryimage","url":"https:\/\/reginett.ee\/wp-content\/uploads\/2023\/11\/kaitsepuksid-Technical-Extreme.webp","contentUrl":"https:\/\/reginett.ee\/wp-content\/uploads\/2023\/11\/kaitsepuksid-Technical-Extreme.webp","width":1245,"height":830,"caption":"kaitsep\u00fcksid Technical Extreme"},{"@type":"BreadcrumbList","@id":"https:\/\/reginett.ee\/toode\/kaitsepuksid-husqvarna-technical-extreme-uued\/#breadcrumb","itemListElement":[{"@type":"ListItem","position":1,"name":"Home","item":"https:\/\/reginett.ee\/ru\/"},{"@type":"ListItem","position":2,"name":"Tooted","item":"https:\/\/reginett.ee\/tooted\/"},{"@type":"ListItem","position":3,"name":"Kaitsep\u00fcksid Husqvarna Technical Extreme UUED!"}]},{"@type":"WebSite","@id":"https:\/\/reginett.ee\/#website","url":"https:\/\/reginett.ee\/","name":"Reginett","description":"Parimad robotniidukid","potentialAction":[{"@type":"SearchAction","target":{"@type":"EntryPoint","urlTemplate":"https:\/\/reginett.ee\/?s={search_term_string}"},"query-input":{"@type":"PropertyValueSpecification","valueRequired":true,"valueName":"search_term_string"}}],"inLanguage":"ru-RU"}]}},"brands":[{"id":147,"name":"Husqvarna","slug":"husqvarna"}],"_links":{"self":[{"href":"https:\/\/reginett.ee\/ru\/wp-json\/wp\/v2\/product\/60411","targetHints":{"allow":["GET"]}}],"collection":[{"href":"https:\/\/reginett.ee\/ru\/wp-json\/wp\/v2\/product"}],"about":[{"href":"https:\/\/reginett.ee\/ru\/wp-json\/wp\/v2\/types\/product"}],"replies":[{"embeddable":true,"href":"https:\/\/reginett.ee\/ru\/wp-json\/wp\/v2\/comments?post=60411"}],"wp:featuredmedia":[{"embeddable":true,"href":"https:\/\/reginett.ee\/ru\/wp-json\/wp\/v2\/media\/60413"}],"wp:attachment":[{"href":"https:\/\/reginett.ee\/ru\/wp-json\/wp\/v2\/media?parent=60411"}],"wp:term":[{"taxonomy":"pwb-brand","embeddable":true,"href":"https:\/\/reginett.ee\/ru\/wp-json\/wp\/v2\/pwb-brand?post=60411"},{"taxonomy":"product_brand","embeddable":true,"href":"https:\/\/reginett.ee\/ru\/wp-json\/wp\/v2\/product_brand?post=60411"},{"taxonomy":"product_cat","embeddable":true,"href":"https:\/\/reginett.ee\/ru\/wp-json\/wp\/v2\/product_cat?post=60411"},{"taxonomy":"product_tag","embeddable":true,"href":"https:\/\/reginett.ee\/ru\/wp-json\/wp\/v2\/product_tag?post=60411"}],"curies":[{"name":"wp","href":"https:\/\/api.w.org\/{rel}","templated":true}]}}