{"id":60405,"date":"2023-11-01T15:44:46","date_gmt":"2023-11-01T12:44:46","guid":{"rendered":"https:\/\/reginett.ee\/?post_type=product&#038;p=60405"},"modified":"2024-01-15T12:37:03","modified_gmt":"2024-01-15T09:37:03","slug":"metsatoojakk-husqvarna-technical-extreme-uus","status":"publish","type":"product","link":"https:\/\/reginett.ee\/ru\/toode\/metsatoojakk-husqvarna-technical-extreme-uus\/","title":{"rendered":"Metsat\u00f6\u00f6jakk Husqvarna Technical Extreme UUS!"},"content":{"rendered":"<h4 class=\"ui-lc ui-bg ui-lg\">Metsat\u00f6\u00f6jakk, mis on loodud n\u00f5udlikele kasutajatele!<\/h4>\n<div class=\"hbd-editorial\">Paindlik ja h\u00e4sti ventileeritav uus Husqvarna Technical Extreme metsat\u00f6\u00f6jakk pakub kasutajatele pikemateks t\u00f6\u00f6p\u00e4evadeks vajalikku mugavust. Kerged, hingavad kangad ja eelpainutatud k\u00fc\u00fcnarnukid parandavad teie liikuvust, samas kui t\u00f5husad ventilatsiooniavad jahutavad teid raske t\u00f6\u00f6 ajal. Cordura\u00ae tugevdused tagavad suurep\u00e4rase kulumiskaitse.<\/div>\n<div class=\"hbd-editorial\">Polsterdatud mobiilitasku \u2013 ekraan p\u00f5rutuste eest ja aku k\u00fclma eest kaitstud. Saadaval suurustes XS-XXL.<\/div>\n<div class=\"hbd-editorial\">Kohandatav nii meestele kui ka naistele.<\/div>\n<div><\/div>\n<div>\n<h3 class=\"hui-spacing--sm-mt-4-times-8 qDVd74V+99zfGRPQ6w+YDw==\">H\u00e4sti ventileeritud<\/h3>\n<p class=\"hui-spacing--sm-mt-4-times-4 K2PbruRyOKhyQZiENIYSog==\">S\u00e4ilita jahedus ja mugavaks kogu p\u00e4eva jooksul kaenlaaluste t\u00f5mblukkude ja avatud selja osa abil. V\u00f5rkvooder seljal tagab jahedama tunde naha vastu ja kuivab kiiresti kui peaks m\u00e4rjaks saama.<\/p>\n<h3 class=\"hui-spacing--sm-mt-4-times-8 qDVd74V+99zfGRPQ6w+YDw==\">4-suunas veniv stret\u0161<\/h3>\n<p class=\"hui-spacing--sm-mt-4-times-4 K2PbruRyOKhyQZiENIYSog==\">Meie 4-suunaline stret\u0161 kangas on kerge ja venib igas suunas, tagades suure liikuvuse seal, kus seda k\u00f5ige rohkem vaja on. Hingav kangas loob maksimaalse mugavuse.<\/p>\n<h3 class=\"hui-spacing--sm-mt-4-times-8 qDVd74V+99zfGRPQ6w+YDw==\">Tugevdatud Cordura\u00ae kangaga<\/h3>\n<p class=\"hui-spacing--sm-mt-4-times-4 K2PbruRyOKhyQZiENIYSog==\">Sellel jakil on kasutatud Cordura\u00ae materjali \u00f5lgadel, k\u00fc\u00fcnarnukkidel ja varrukatel. See on kerge ja paindlik, kuid samas piisavalt kulumiskindel, et vastu pidada ka k\u00f5ige raskematele \u00fclesannetele.<\/p>\n<h3 class=\"hui-spacing--sm-mt-4-times-8 qDVd74V+99zfGRPQ6w+YDw==\">Suletavad ja pehmendustega eesmised taskud<\/h3>\n<p class=\"hui-spacing--sm-mt-4-times-4 K2PbruRyOKhyQZiENIYSog==\">Mitu taskut, mis on kavandatud nii, et need on kergesti ligip\u00e4\u00e4setavad ka t\u00f6\u00f6riistav\u00f6\u00f6 kandmise ajal. Suletav eesmine tasku takistab saepuru sattumist ning polsterdatud vooder kaitseb mobiiltelefoni kriimustuste ja k\u00fclma eest.<\/p>\n<h3 class=\"hui-spacing--sm-mt-4-times-8 qDVd74V+99zfGRPQ6w+YDw==\">Spetsiaalne esmaabitasku<\/h3>\n<p class=\"hui-spacing--sm-mt-4-times-4 K2PbruRyOKhyQZiENIYSog==\">Husqvarna Technical Extreme metsat\u00f6\u00f6jakil on spetsiaalne tasku esmaabikomplekti jaoks<\/p>\n<h3 class=\"hui-spacing--sm-mt-4-times-8 qDVd74V+99zfGRPQ6w+YDw==\">Eelpainutatud varrukad<\/h3>\n<p class=\"hui-spacing--sm-mt-4-times-4 K2PbruRyOKhyQZiENIYSog==\">Jaki eelpainutatud k\u00fc\u00fcnarnukkide disain tagab t\u00e4iusliku istuvuse k\u00f5ikides t\u00f6\u00f6asendites.<\/p>\n<p>&nbsp;<\/p>\n<\/div>\n","protected":false},"excerpt":{"rendered":"<p>Paindlik ja h\u00e4sti ventileeritav uus<strong> Husqvarna Technical Extreme metsat\u00f6\u00f6jakk<\/strong> pakub kasutajatele pikemateks t\u00f6\u00f6p\u00e4evadeks vajalikku mugavust.<\/p>\n","protected":false},"featured_media":60406,"comment_status":"open","ping_status":"closed","template":"","meta":{"_acf_changed":false,"_et_pb_use_builder":"","_et_pb_old_content":"","_et_gb_content_width":"","inline_featured_image":false},"pwb-brand":[147],"product_brand":[],"product_cat":[37,32],"product_tag":[562,564,563],"class_list":{"0":"post-60405","1":"product","2":"type-product","3":"status-publish","4":"has-post-thumbnail","6":"pwb-brand-husqvarna","7":"product_cat-husqvarna","8":"product_cat-riided-ja-kaitsevahendid","9":"product_tag-extreme","10":"product_tag-metsatoojakk","11":"product_tag-technical-extreme","13":"first","14":"instock","15":"shipping-taxable","16":"purchasable","17":"product-type-variable"},"acf":[],"yoast_head":"<!-- This site is optimized with the Yoast SEO plugin v26.6 - https:\/\/yoast.com\/wordpress\/plugins\/seo\/ -->\n<title>Metsat\u00f6\u00f6jakk Husqvarna Technical Extreme<\/title>\n<meta name=\"description\" content=\"Paindlik ja h\u00e4sti ventileeritav uus Husqvarna Technical Extreme metsat\u00f6\u00f6jakk pakub kasutajatele pikemateks t\u00f6\u00f6p\u00e4evadeks vajalikku mugavust\" \/>\n<meta name=\"robots\" content=\"index, follow, max-snippet:-1, max-image-preview:large, max-video-preview:-1\" \/>\n<link rel=\"canonical\" href=\"https:\/\/reginett.ee\/toode\/metsatoojakk-husqvarna-technical-extreme-uus\/\" \/>\n<meta property=\"og:locale\" content=\"ru_RU\" \/>\n<meta property=\"og:type\" content=\"article\" \/>\n<meta property=\"og:title\" content=\"Metsat\u00f6\u00f6jakk Husqvarna Technical Extreme\" \/>\n<meta property=\"og:description\" content=\"Paindlik ja h\u00e4sti ventileeritav uus Husqvarna Technical Extreme metsat\u00f6\u00f6jakk pakub kasutajatele pikemateks t\u00f6\u00f6p\u00e4evadeks vajalikku mugavust\" \/>\n<meta property=\"og:url\" content=\"https:\/\/reginett.ee\/toode\/metsatoojakk-husqvarna-technical-extreme-uus\/\" \/>\n<meta property=\"og:site_name\" content=\"Reginett\" \/>\n<meta property=\"article:modified_time\" content=\"2024-01-15T09:37:03+00:00\" \/>\n<meta property=\"og:image\" content=\"https:\/\/reginett.ee\/wp-content\/uploads\/2023\/11\/Jakk-Technical-Extreme-2023.jpg\" \/>\n\t<meta property=\"og:image:width\" content=\"680\" \/>\n\t<meta property=\"og:image:height\" content=\"372\" \/>\n\t<meta property=\"og:image:type\" content=\"image\/jpeg\" \/>\n<meta name=\"twitter:card\" content=\"summary_large_image\" \/>\n<meta name=\"twitter:label1\" content=\"\u041f\u0440\u0438\u043c\u0435\u0440\u043d\u043e\u0435 \u0432\u0440\u0435\u043c\u044f \u0434\u043b\u044f \u0447\u0442\u0435\u043d\u0438\u044f\" \/>\n\t<meta name=\"twitter:data1\" content=\"2 \u043c\u0438\u043d\u0443\u0442\u044b\" \/>\n<script type=\"application\/ld+json\" class=\"yoast-schema-graph\">{\"@context\":\"https:\/\/schema.org\",\"@graph\":[{\"@type\":\"WebPage\",\"@id\":\"https:\/\/reginett.ee\/toode\/metsatoojakk-husqvarna-technical-extreme-uus\/\",\"url\":\"https:\/\/reginett.ee\/toode\/metsatoojakk-husqvarna-technical-extreme-uus\/\",\"name\":\"Metsat\u00f6\u00f6jakk Husqvarna Technical Extreme\",\"isPartOf\":{\"@id\":\"https:\/\/reginett.ee\/#website\"},\"primaryImageOfPage\":{\"@id\":\"https:\/\/reginett.ee\/toode\/metsatoojakk-husqvarna-technical-extreme-uus\/#primaryimage\"},\"image\":{\"@id\":\"https:\/\/reginett.ee\/toode\/metsatoojakk-husqvarna-technical-extreme-uus\/#primaryimage\"},\"thumbnailUrl\":\"https:\/\/reginett.ee\/wp-content\/uploads\/2023\/11\/Jakk-Technical-Extreme-2023.jpg\",\"datePublished\":\"2023-11-01T12:44:46+00:00\",\"dateModified\":\"2024-01-15T09:37:03+00:00\",\"description\":\"Paindlik ja h\u00e4sti ventileeritav uus Husqvarna Technical Extreme metsat\u00f6\u00f6jakk pakub kasutajatele pikemateks t\u00f6\u00f6p\u00e4evadeks vajalikku mugavust\",\"breadcrumb\":{\"@id\":\"https:\/\/reginett.ee\/toode\/metsatoojakk-husqvarna-technical-extreme-uus\/#breadcrumb\"},\"inLanguage\":\"ru-RU\",\"potentialAction\":[{\"@type\":\"ReadAction\",\"target\":[\"https:\/\/reginett.ee\/toode\/metsatoojakk-husqvarna-technical-extreme-uus\/\"]}]},{\"@type\":\"ImageObject\",\"inLanguage\":\"ru-RU\",\"@id\":\"https:\/\/reginett.ee\/toode\/metsatoojakk-husqvarna-technical-extreme-uus\/#primaryimage\",\"url\":\"https:\/\/reginett.ee\/wp-content\/uploads\/2023\/11\/Jakk-Technical-Extreme-2023.jpg\",\"contentUrl\":\"https:\/\/reginett.ee\/wp-content\/uploads\/2023\/11\/Jakk-Technical-Extreme-2023.jpg\",\"width\":680,\"height\":372,\"caption\":\"Metsat\u00f6\u00f6jakk Technical Extreme uus\"},{\"@type\":\"BreadcrumbList\",\"@id\":\"https:\/\/reginett.ee\/toode\/metsatoojakk-husqvarna-technical-extreme-uus\/#breadcrumb\",\"itemListElement\":[{\"@type\":\"ListItem\",\"position\":1,\"name\":\"Home\",\"item\":\"https:\/\/reginett.ee\/ru\/\"},{\"@type\":\"ListItem\",\"position\":2,\"name\":\"Tooted\",\"item\":\"https:\/\/reginett.ee\/tooted\/\"},{\"@type\":\"ListItem\",\"position\":3,\"name\":\"Metsat\u00f6\u00f6jakk Husqvarna Technical Extreme UUS!\"}]},{\"@type\":\"WebSite\",\"@id\":\"https:\/\/reginett.ee\/#website\",\"url\":\"https:\/\/reginett.ee\/\",\"name\":\"Reginett\",\"description\":\"Parimad robotniidukid\",\"potentialAction\":[{\"@type\":\"SearchAction\",\"target\":{\"@type\":\"EntryPoint\",\"urlTemplate\":\"https:\/\/reginett.ee\/?s={search_term_string}\"},\"query-input\":{\"@type\":\"PropertyValueSpecification\",\"valueRequired\":true,\"valueName\":\"search_term_string\"}}],\"inLanguage\":\"ru-RU\"}]}<\/script>\n<!-- \/ Yoast SEO plugin. -->","yoast_head_json":{"title":"Metsat\u00f6\u00f6jakk Husqvarna Technical Extreme","description":"Paindlik ja h\u00e4sti ventileeritav uus Husqvarna Technical Extreme metsat\u00f6\u00f6jakk pakub kasutajatele pikemateks t\u00f6\u00f6p\u00e4evadeks vajalikku mugavust","robots":{"index":"index","follow":"follow","max-snippet":"max-snippet:-1","max-image-preview":"max-image-preview:large","max-video-preview":"max-video-preview:-1"},"canonical":"https:\/\/reginett.ee\/toode\/metsatoojakk-husqvarna-technical-extreme-uus\/","og_locale":"ru_RU","og_type":"article","og_title":"Metsat\u00f6\u00f6jakk Husqvarna Technical Extreme","og_description":"Paindlik ja h\u00e4sti ventileeritav uus Husqvarna Technical Extreme metsat\u00f6\u00f6jakk pakub kasutajatele pikemateks t\u00f6\u00f6p\u00e4evadeks vajalikku mugavust","og_url":"https:\/\/reginett.ee\/toode\/metsatoojakk-husqvarna-technical-extreme-uus\/","og_site_name":"Reginett","article_modified_time":"2024-01-15T09:37:03+00:00","og_image":[{"width":680,"height":372,"url":"https:\/\/reginett.ee\/wp-content\/uploads\/2023\/11\/Jakk-Technical-Extreme-2023.jpg","type":"image\/jpeg"}],"twitter_card":"summary_large_image","twitter_misc":{"\u041f\u0440\u0438\u043c\u0435\u0440\u043d\u043e\u0435 \u0432\u0440\u0435\u043c\u044f \u0434\u043b\u044f \u0447\u0442\u0435\u043d\u0438\u044f":"2 \u043c\u0438\u043d\u0443\u0442\u044b"},"schema":{"@context":"https:\/\/schema.org","@graph":[{"@type":"WebPage","@id":"https:\/\/reginett.ee\/toode\/metsatoojakk-husqvarna-technical-extreme-uus\/","url":"https:\/\/reginett.ee\/toode\/metsatoojakk-husqvarna-technical-extreme-uus\/","name":"Metsat\u00f6\u00f6jakk Husqvarna Technical Extreme","isPartOf":{"@id":"https:\/\/reginett.ee\/#website"},"primaryImageOfPage":{"@id":"https:\/\/reginett.ee\/toode\/metsatoojakk-husqvarna-technical-extreme-uus\/#primaryimage"},"image":{"@id":"https:\/\/reginett.ee\/toode\/metsatoojakk-husqvarna-technical-extreme-uus\/#primaryimage"},"thumbnailUrl":"https:\/\/reginett.ee\/wp-content\/uploads\/2023\/11\/Jakk-Technical-Extreme-2023.jpg","datePublished":"2023-11-01T12:44:46+00:00","dateModified":"2024-01-15T09:37:03+00:00","description":"Paindlik ja h\u00e4sti ventileeritav uus Husqvarna Technical Extreme metsat\u00f6\u00f6jakk pakub kasutajatele pikemateks t\u00f6\u00f6p\u00e4evadeks vajalikku mugavust","breadcrumb":{"@id":"https:\/\/reginett.ee\/toode\/metsatoojakk-husqvarna-technical-extreme-uus\/#breadcrumb"},"inLanguage":"ru-RU","potentialAction":[{"@type":"ReadAction","target":["https:\/\/reginett.ee\/toode\/metsatoojakk-husqvarna-technical-extreme-uus\/"]}]},{"@type":"ImageObject","inLanguage":"ru-RU","@id":"https:\/\/reginett.ee\/toode\/metsatoojakk-husqvarna-technical-extreme-uus\/#primaryimage","url":"https:\/\/reginett.ee\/wp-content\/uploads\/2023\/11\/Jakk-Technical-Extreme-2023.jpg","contentUrl":"https:\/\/reginett.ee\/wp-content\/uploads\/2023\/11\/Jakk-Technical-Extreme-2023.jpg","width":680,"height":372,"caption":"Metsat\u00f6\u00f6jakk Technical Extreme uus"},{"@type":"BreadcrumbList","@id":"https:\/\/reginett.ee\/toode\/metsatoojakk-husqvarna-technical-extreme-uus\/#breadcrumb","itemListElement":[{"@type":"ListItem","position":1,"name":"Home","item":"https:\/\/reginett.ee\/ru\/"},{"@type":"ListItem","position":2,"name":"Tooted","item":"https:\/\/reginett.ee\/tooted\/"},{"@type":"ListItem","position":3,"name":"Metsat\u00f6\u00f6jakk Husqvarna Technical Extreme UUS!"}]},{"@type":"WebSite","@id":"https:\/\/reginett.ee\/#website","url":"https:\/\/reginett.ee\/","name":"Reginett","description":"Parimad robotniidukid","potentialAction":[{"@type":"SearchAction","target":{"@type":"EntryPoint","urlTemplate":"https:\/\/reginett.ee\/?s={search_term_string}"},"query-input":{"@type":"PropertyValueSpecification","valueRequired":true,"valueName":"search_term_string"}}],"inLanguage":"ru-RU"}]}},"brands":[{"id":147,"name":"Husqvarna","slug":"husqvarna"}],"_links":{"self":[{"href":"https:\/\/reginett.ee\/ru\/wp-json\/wp\/v2\/product\/60405","targetHints":{"allow":["GET"]}}],"collection":[{"href":"https:\/\/reginett.ee\/ru\/wp-json\/wp\/v2\/product"}],"about":[{"href":"https:\/\/reginett.ee\/ru\/wp-json\/wp\/v2\/types\/product"}],"replies":[{"embeddable":true,"href":"https:\/\/reginett.ee\/ru\/wp-json\/wp\/v2\/comments?post=60405"}],"wp:featuredmedia":[{"embeddable":true,"href":"https:\/\/reginett.ee\/ru\/wp-json\/wp\/v2\/media\/60406"}],"wp:attachment":[{"href":"https:\/\/reginett.ee\/ru\/wp-json\/wp\/v2\/media?parent=60405"}],"wp:term":[{"taxonomy":"pwb-brand","embeddable":true,"href":"https:\/\/reginett.ee\/ru\/wp-json\/wp\/v2\/pwb-brand?post=60405"},{"taxonomy":"product_brand","embeddable":true,"href":"https:\/\/reginett.ee\/ru\/wp-json\/wp\/v2\/product_brand?post=60405"},{"taxonomy":"product_cat","embeddable":true,"href":"https:\/\/reginett.ee\/ru\/wp-json\/wp\/v2\/product_cat?post=60405"},{"taxonomy":"product_tag","embeddable":true,"href":"https:\/\/reginett.ee\/ru\/wp-json\/wp\/v2\/product_tag?post=60405"}],"curies":[{"name":"wp","href":"https:\/\/api.w.org\/{rel}","templated":true}]}}