{"id":60385,"date":"2023-10-28T12:05:32","date_gmt":"2023-10-28T09:05:32","guid":{"rendered":"https:\/\/reginett.ee\/?post_type=product&#038;p=60385"},"modified":"2025-01-10T16:15:25","modified_gmt":"2025-01-10T13:15:25","slug":"akulumepuhur-toro-powermax-e26-60v","status":"publish","type":"product","link":"https:\/\/reginett.ee\/ru\/toode\/akulumepuhur-toro-powermax-e26-60v\/","title":{"rendered":"Akulumepuhur TORO Power Max e26 60V"},"content":{"rendered":"<p>Akulumepuhur TORO 60V Power Max<sup>\u00ae<\/sup> e26 on v\u00f5imsaim akutoitel lumepuhur turul ja suudab l\u00e4bi murda ka k\u00f5ige suurematest lumesadudest. Quick Stick hoovaga saate kiiresti ja lihtsalt muuta lumejoa suunda ja kaugust. Kahe komplekti kuuluva 7,5 ah akuga v\u00f5ite kergesti puhastada kuni 200 m<sup>2<\/sup>\u00a0ja kuni 25 cm paksust lund. Kolmanda aku lisamine v\u00f5imaldab teil veelgi rohkem puhastada.<\/p>\n<p>* komplektis 2tk 7,5 Ah akut ja laadija<\/p>\n<p><strong>Power Max ASC Lumekruvi s\u00fcsteem<\/strong><\/p>\n<p>L\u00e4bimurre lumeheite tehnoloogias, Power Max<sup>\u00ae<\/sup>\u00a0Anti-Clogging System (ummistust \u00e4rahoidev s\u00fcsteem), tuleb toime rohkema lumega l\u00fchema aja jooksul, et t\u00f6\u00f6 saaks kiirelt tehtud! See revolutsiooniline s\u00fcsteem reguleerib lume juurdevoolu ja piltlikult k\u00f5rvaldab ummistuse v\u00f5imalust, samaaegselt suurendades rootori kiirust v\u00f5imsamaks lumeheiteks. Konkureerivad lumepuhurid vajavad ummistuse v\u00e4ltimiseks kasutaja manuaalset lume juurdevoolu piiramist.<\/p>\n<p><strong>Tugevdatud k\u00e4igukast<\/strong><\/p>\n<p>Mootori j\u00f5ud kantakse lumekruvile \u00fcle reduktoriga, mis on konstrueeritud taluma \u00e4\u00e4rmuslikku pinget. Vastupidavam ja t\u00f6\u00f6kindlam t\u00f6\u00f6tamiseks ka ekstreemsetes tingimustes.<\/p>\n<p><strong>TORO mootor<\/strong><\/p>\n<p><strong>Akulumepuhur TORO PowerMax masinal on <\/strong>60V harjadeta DC mootor, kindlustatud j\u00f5udlus ja sooritus rasketeks talvisteks oludeks.<\/p>\n<p><strong>Lukustatav juhthoob<\/strong><\/p>\n<p>Mugav hoova lukusti v\u00f5imaldab \u201e\u00fche k\u00e4ega\u201c t\u00f6\u00f6tamist, vabastades teise k\u00e4e lumerenni suunamiseks v\u00f5i k\u00e4igu vahetamiseks, ilma et peakiste masinat peatama.<\/p>\n<p><strong>Lihtne v\u00f5tmest k\u00e4ivitus<\/strong><\/p>\n<p>Ei mingit n\u00f6\u00f6ri t\u00f5mbamist, keera lihtsalt v\u00f5tit.<\/p>\n<p><strong>Kolmas akupesa<\/strong><\/p>\n<p>Tee rohkem lisades kolmas aku.<\/p>\n<p><strong>\u00d6kore\u017eiim<\/strong><\/p>\n<p>V\u00e4hese lume puhul s\u00e4\u00e4stad akusid ja j\u00f5uad rohkem pindala puhastatud.<\/p>\n","protected":false},"excerpt":{"rendered":"<h3><span style=\"color: #ff0000;\"><strong>KINGITUSEKS TASUTA KAASA 6,0Ah lisaaku!<\/strong><\/span><\/h3>\n<p>Akulumepuhur TORO 60V Power Max<sup>\u00ae<\/sup> e26 on v\u00f5imsaim akutoitel lumepuhur turul ja suudab l\u00e4bi murda ka k\u00f5ige suurematest lumesadudest. Quick Stick hoovaga saate kiiresti ja lihtsalt muuta lumejoa suunda ja kaugust.<\/p>\n<p>* komplektis 2tk 7,5 Ah akut ja laadija<\/p>\n","protected":false},"featured_media":60386,"comment_status":"open","ping_status":"closed","template":"","meta":{"_acf_changed":false,"_et_pb_use_builder":"","_et_pb_old_content":"","_et_gb_content_width":"","inline_featured_image":false},"pwb-brand":[148],"product_brand":[],"product_cat":[51],"product_tag":[452,334,106],"class_list":{"0":"post-60385","1":"product","2":"type-product","3":"status-publish","4":"has-post-thumbnail","6":"pwb-brand-toro","7":"product_cat-lumepuhurid","8":"product_tag-akulumepuhur","9":"product_tag-akupuhur","10":"product_tag-puhur","11":"product_shipping_class-rasked-asjad","13":"first","14":"instock","15":"shipping-taxable","16":"purchasable","17":"product-type-simple"},"acf":[],"yoast_head":"<!-- This site is optimized with the Yoast SEO plugin v26.6 - https:\/\/yoast.com\/wordpress\/plugins\/seo\/ -->\n<title>Akulumepuhur TORO PowerMax e26 60V. TORO lumepuhurid<\/title>\n<meta name=\"description\" content=\"Akulumepuhur TORO 60V Power Max\u00ae e26 on v\u00f5imsaim akutoitel lumepuhur turul ja suudab l\u00e4bi murda ka k\u00f5ige suurematest lumesadudest.\" \/>\n<meta name=\"robots\" content=\"index, follow, max-snippet:-1, max-image-preview:large, max-video-preview:-1\" \/>\n<link rel=\"canonical\" href=\"https:\/\/reginett.ee\/toode\/akulumepuhur-toro-powermax-e26-60v\/\" \/>\n<meta property=\"og:locale\" content=\"ru_RU\" \/>\n<meta property=\"og:type\" content=\"article\" \/>\n<meta property=\"og:title\" content=\"Akulumepuhur TORO PowerMax e26 60V. TORO lumepuhurid\" \/>\n<meta property=\"og:description\" content=\"Akulumepuhur TORO 60V Power Max\u00ae e26 on v\u00f5imsaim akutoitel lumepuhur turul ja suudab l\u00e4bi murda ka k\u00f5ige suurematest lumesadudest.\" \/>\n<meta property=\"og:url\" content=\"https:\/\/reginett.ee\/toode\/akulumepuhur-toro-powermax-e26-60v\/\" \/>\n<meta property=\"og:site_name\" content=\"Reginett\" \/>\n<meta property=\"article:modified_time\" content=\"2025-01-10T13:15:25+00:00\" \/>\n<meta property=\"og:image\" content=\"https:\/\/reginett.ee\/wp-content\/uploads\/2023\/10\/Akulumepuhur-TORO-PowerMAx-60V.jpg\" \/>\n\t<meta property=\"og:image:width\" content=\"510\" \/>\n\t<meta property=\"og:image:height\" content=\"440\" \/>\n\t<meta property=\"og:image:type\" content=\"image\/jpeg\" \/>\n<meta name=\"twitter:card\" content=\"summary_large_image\" \/>\n<meta name=\"twitter:label1\" content=\"\u041f\u0440\u0438\u043c\u0435\u0440\u043d\u043e\u0435 \u0432\u0440\u0435\u043c\u044f \u0434\u043b\u044f \u0447\u0442\u0435\u043d\u0438\u044f\" \/>\n\t<meta name=\"twitter:data1\" content=\"2 \u043c\u0438\u043d\u0443\u0442\u044b\" \/>\n<script type=\"application\/ld+json\" class=\"yoast-schema-graph\">{\"@context\":\"https:\/\/schema.org\",\"@graph\":[{\"@type\":\"WebPage\",\"@id\":\"https:\/\/reginett.ee\/toode\/akulumepuhur-toro-powermax-e26-60v\/\",\"url\":\"https:\/\/reginett.ee\/toode\/akulumepuhur-toro-powermax-e26-60v\/\",\"name\":\"Akulumepuhur TORO PowerMax e26 60V. TORO lumepuhurid\",\"isPartOf\":{\"@id\":\"https:\/\/reginett.ee\/#website\"},\"primaryImageOfPage\":{\"@id\":\"https:\/\/reginett.ee\/toode\/akulumepuhur-toro-powermax-e26-60v\/#primaryimage\"},\"image\":{\"@id\":\"https:\/\/reginett.ee\/toode\/akulumepuhur-toro-powermax-e26-60v\/#primaryimage\"},\"thumbnailUrl\":\"https:\/\/reginett.ee\/wp-content\/uploads\/2023\/10\/Akulumepuhur-TORO-PowerMAx-60V.jpg\",\"datePublished\":\"2023-10-28T09:05:32+00:00\",\"dateModified\":\"2025-01-10T13:15:25+00:00\",\"description\":\"Akulumepuhur TORO 60V Power Max\u00ae e26 on v\u00f5imsaim akutoitel lumepuhur turul ja suudab l\u00e4bi murda ka k\u00f5ige suurematest lumesadudest.\",\"breadcrumb\":{\"@id\":\"https:\/\/reginett.ee\/toode\/akulumepuhur-toro-powermax-e26-60v\/#breadcrumb\"},\"inLanguage\":\"ru-RU\",\"potentialAction\":[{\"@type\":\"ReadAction\",\"target\":[\"https:\/\/reginett.ee\/toode\/akulumepuhur-toro-powermax-e26-60v\/\"]}]},{\"@type\":\"ImageObject\",\"inLanguage\":\"ru-RU\",\"@id\":\"https:\/\/reginett.ee\/toode\/akulumepuhur-toro-powermax-e26-60v\/#primaryimage\",\"url\":\"https:\/\/reginett.ee\/wp-content\/uploads\/2023\/10\/Akulumepuhur-TORO-PowerMAx-60V.jpg\",\"contentUrl\":\"https:\/\/reginett.ee\/wp-content\/uploads\/2023\/10\/Akulumepuhur-TORO-PowerMAx-60V.jpg\",\"width\":510,\"height\":440,\"caption\":\"Akulumepuhur TORO\"},{\"@type\":\"BreadcrumbList\",\"@id\":\"https:\/\/reginett.ee\/toode\/akulumepuhur-toro-powermax-e26-60v\/#breadcrumb\",\"itemListElement\":[{\"@type\":\"ListItem\",\"position\":1,\"name\":\"Home\",\"item\":\"https:\/\/reginett.ee\/ru\/\"},{\"@type\":\"ListItem\",\"position\":2,\"name\":\"Tooted\",\"item\":\"https:\/\/reginett.ee\/tooted\/\"},{\"@type\":\"ListItem\",\"position\":3,\"name\":\"Akulumepuhur TORO Power Max e26 60V\"}]},{\"@type\":\"WebSite\",\"@id\":\"https:\/\/reginett.ee\/#website\",\"url\":\"https:\/\/reginett.ee\/\",\"name\":\"Reginett\",\"description\":\"Parimad robotniidukid\",\"potentialAction\":[{\"@type\":\"SearchAction\",\"target\":{\"@type\":\"EntryPoint\",\"urlTemplate\":\"https:\/\/reginett.ee\/?s={search_term_string}\"},\"query-input\":{\"@type\":\"PropertyValueSpecification\",\"valueRequired\":true,\"valueName\":\"search_term_string\"}}],\"inLanguage\":\"ru-RU\"}]}<\/script>\n<!-- \/ Yoast SEO plugin. -->","yoast_head_json":{"title":"Akulumepuhur TORO PowerMax e26 60V. TORO lumepuhurid","description":"Akulumepuhur TORO 60V Power Max\u00ae e26 on v\u00f5imsaim akutoitel lumepuhur turul ja suudab l\u00e4bi murda ka k\u00f5ige suurematest lumesadudest.","robots":{"index":"index","follow":"follow","max-snippet":"max-snippet:-1","max-image-preview":"max-image-preview:large","max-video-preview":"max-video-preview:-1"},"canonical":"https:\/\/reginett.ee\/toode\/akulumepuhur-toro-powermax-e26-60v\/","og_locale":"ru_RU","og_type":"article","og_title":"Akulumepuhur TORO PowerMax e26 60V. TORO lumepuhurid","og_description":"Akulumepuhur TORO 60V Power Max\u00ae e26 on v\u00f5imsaim akutoitel lumepuhur turul ja suudab l\u00e4bi murda ka k\u00f5ige suurematest lumesadudest.","og_url":"https:\/\/reginett.ee\/toode\/akulumepuhur-toro-powermax-e26-60v\/","og_site_name":"Reginett","article_modified_time":"2025-01-10T13:15:25+00:00","og_image":[{"width":510,"height":440,"url":"https:\/\/reginett.ee\/wp-content\/uploads\/2023\/10\/Akulumepuhur-TORO-PowerMAx-60V.jpg","type":"image\/jpeg"}],"twitter_card":"summary_large_image","twitter_misc":{"\u041f\u0440\u0438\u043c\u0435\u0440\u043d\u043e\u0435 \u0432\u0440\u0435\u043c\u044f \u0434\u043b\u044f \u0447\u0442\u0435\u043d\u0438\u044f":"2 \u043c\u0438\u043d\u0443\u0442\u044b"},"schema":{"@context":"https:\/\/schema.org","@graph":[{"@type":"WebPage","@id":"https:\/\/reginett.ee\/toode\/akulumepuhur-toro-powermax-e26-60v\/","url":"https:\/\/reginett.ee\/toode\/akulumepuhur-toro-powermax-e26-60v\/","name":"Akulumepuhur TORO PowerMax e26 60V. TORO lumepuhurid","isPartOf":{"@id":"https:\/\/reginett.ee\/#website"},"primaryImageOfPage":{"@id":"https:\/\/reginett.ee\/toode\/akulumepuhur-toro-powermax-e26-60v\/#primaryimage"},"image":{"@id":"https:\/\/reginett.ee\/toode\/akulumepuhur-toro-powermax-e26-60v\/#primaryimage"},"thumbnailUrl":"https:\/\/reginett.ee\/wp-content\/uploads\/2023\/10\/Akulumepuhur-TORO-PowerMAx-60V.jpg","datePublished":"2023-10-28T09:05:32+00:00","dateModified":"2025-01-10T13:15:25+00:00","description":"Akulumepuhur TORO 60V Power Max\u00ae e26 on v\u00f5imsaim akutoitel lumepuhur turul ja suudab l\u00e4bi murda ka k\u00f5ige suurematest lumesadudest.","breadcrumb":{"@id":"https:\/\/reginett.ee\/toode\/akulumepuhur-toro-powermax-e26-60v\/#breadcrumb"},"inLanguage":"ru-RU","potentialAction":[{"@type":"ReadAction","target":["https:\/\/reginett.ee\/toode\/akulumepuhur-toro-powermax-e26-60v\/"]}]},{"@type":"ImageObject","inLanguage":"ru-RU","@id":"https:\/\/reginett.ee\/toode\/akulumepuhur-toro-powermax-e26-60v\/#primaryimage","url":"https:\/\/reginett.ee\/wp-content\/uploads\/2023\/10\/Akulumepuhur-TORO-PowerMAx-60V.jpg","contentUrl":"https:\/\/reginett.ee\/wp-content\/uploads\/2023\/10\/Akulumepuhur-TORO-PowerMAx-60V.jpg","width":510,"height":440,"caption":"Akulumepuhur TORO"},{"@type":"BreadcrumbList","@id":"https:\/\/reginett.ee\/toode\/akulumepuhur-toro-powermax-e26-60v\/#breadcrumb","itemListElement":[{"@type":"ListItem","position":1,"name":"Home","item":"https:\/\/reginett.ee\/ru\/"},{"@type":"ListItem","position":2,"name":"Tooted","item":"https:\/\/reginett.ee\/tooted\/"},{"@type":"ListItem","position":3,"name":"Akulumepuhur TORO Power Max e26 60V"}]},{"@type":"WebSite","@id":"https:\/\/reginett.ee\/#website","url":"https:\/\/reginett.ee\/","name":"Reginett","description":"Parimad robotniidukid","potentialAction":[{"@type":"SearchAction","target":{"@type":"EntryPoint","urlTemplate":"https:\/\/reginett.ee\/?s={search_term_string}"},"query-input":{"@type":"PropertyValueSpecification","valueRequired":true,"valueName":"search_term_string"}}],"inLanguage":"ru-RU"}]}},"brands":[{"id":148,"name":"Toro","slug":"toro"}],"_links":{"self":[{"href":"https:\/\/reginett.ee\/ru\/wp-json\/wp\/v2\/product\/60385","targetHints":{"allow":["GET"]}}],"collection":[{"href":"https:\/\/reginett.ee\/ru\/wp-json\/wp\/v2\/product"}],"about":[{"href":"https:\/\/reginett.ee\/ru\/wp-json\/wp\/v2\/types\/product"}],"replies":[{"embeddable":true,"href":"https:\/\/reginett.ee\/ru\/wp-json\/wp\/v2\/comments?post=60385"}],"wp:featuredmedia":[{"embeddable":true,"href":"https:\/\/reginett.ee\/ru\/wp-json\/wp\/v2\/media\/60386"}],"wp:attachment":[{"href":"https:\/\/reginett.ee\/ru\/wp-json\/wp\/v2\/media?parent=60385"}],"wp:term":[{"taxonomy":"pwb-brand","embeddable":true,"href":"https:\/\/reginett.ee\/ru\/wp-json\/wp\/v2\/pwb-brand?post=60385"},{"taxonomy":"product_brand","embeddable":true,"href":"https:\/\/reginett.ee\/ru\/wp-json\/wp\/v2\/product_brand?post=60385"},{"taxonomy":"product_cat","embeddable":true,"href":"https:\/\/reginett.ee\/ru\/wp-json\/wp\/v2\/product_cat?post=60385"},{"taxonomy":"product_tag","embeddable":true,"href":"https:\/\/reginett.ee\/ru\/wp-json\/wp\/v2\/product_tag?post=60385"}],"curies":[{"name":"wp","href":"https:\/\/api.w.org\/{rel}","templated":true}]}}