{"id":60355,"date":"2023-10-27T11:22:03","date_gmt":"2023-10-27T08:22:03","guid":{"rendered":"https:\/\/reginett.ee\/?post_type=product&#038;p=60355"},"modified":"2024-09-27T16:28:53","modified_gmt":"2024-09-27T13:28:53","slug":"haagis-campo-rm500ct","status":"publish","type":"product","link":"https:\/\/reginett.ee\/ru\/toode\/haagis-campo-rm500ct\/","title":{"rendered":"Haagis Campo RM500CT"},"content":{"rendered":"<p><strong>\u00a0Campo RM500CT<\/strong> on v\u00e4ga vastupidav ja stabiilne kallutav haagis, mille kandev\u00f5ime on kuni 500kg, k\u00e4sipidur.<\/p>\n<p>Sobiv kasutamiseks Campo T12 v\u00e4iketraktoriga.<\/p>\n<p>&nbsp;<\/p>\n<p><em>K\u00f5rgendused ei kuulu komplekti!<\/em><\/p>\n<p>&nbsp;<\/p>\n<p>&nbsp;<\/p>\n","protected":false},"excerpt":{"rendered":"<p><strong>\u00a0Campo RM500CT<\/strong> on v\u00e4ga vastupidav ja stabiilne kallutav haagis, mille kandev\u00f5ime on kuni 500kg, k\u00e4sipidur.<\/p>\n<p>Sobiv kasutamiseks Campo T12 v\u00e4iketraktoriga.<\/p>\n","protected":false},"featured_media":60382,"comment_status":"open","ping_status":"closed","template":"","meta":{"_acf_changed":false,"_et_pb_use_builder":"","_et_pb_old_content":"","_et_gb_content_width":"","inline_featured_image":false},"pwb-brand":[556],"product_brand":[],"product_cat":[480,134,27],"product_tag":[405,561,404],"class_list":{"0":"post-60355","1":"product","2":"type-product","3":"status-publish","4":"has-post-thumbnail","6":"pwb-brand-campo","7":"product_cat-aiatoo","8":"product_cat-eripakkumised","9":"product_cat-tooriistad-ja-tarvikud","10":"product_tag-haagis","11":"product_tag-jarelkaru","12":"product_tag-karu","13":"product_shipping_class-rasked-asjad","15":"first","16":"instock","17":"sale","18":"shipping-taxable","19":"purchasable","20":"product-type-simple"},"acf":[],"yoast_head":"<!-- This site is optimized with the Yoast SEO plugin v26.6 - https:\/\/yoast.com\/wordpress\/plugins\/seo\/ -->\n<title>Haagis Campo RM500CT. Vastupidav k\u00e4ru<\/title>\n<meta name=\"description\" content=\"\u00a0Campo RM500CT on v\u00e4ga vastupidav ja stabiilne kallutav haagis, mille kandev\u00f5ime on kuni 500kg. K\u00e4sipidur tagab mugavama kasutuse.\" \/>\n<meta name=\"robots\" content=\"index, follow, max-snippet:-1, max-image-preview:large, max-video-preview:-1\" \/>\n<link rel=\"canonical\" href=\"https:\/\/reginett.ee\/toode\/haagis-campo-rm500ct\/\" \/>\n<meta property=\"og:locale\" content=\"ru_RU\" \/>\n<meta property=\"og:type\" content=\"article\" \/>\n<meta property=\"og:title\" content=\"Haagis Campo RM500CT. Vastupidav k\u00e4ru\" \/>\n<meta property=\"og:description\" content=\"\u00a0Campo RM500CT on v\u00e4ga vastupidav ja stabiilne kallutav haagis, mille kandev\u00f5ime on kuni 500kg. K\u00e4sipidur tagab mugavama kasutuse.\" \/>\n<meta property=\"og:url\" content=\"https:\/\/reginett.ee\/toode\/haagis-campo-rm500ct\/\" \/>\n<meta property=\"og:site_name\" content=\"Reginett\" \/>\n<meta property=\"article:modified_time\" content=\"2024-09-27T13:28:53+00:00\" \/>\n<meta property=\"og:image\" content=\"https:\/\/reginett.ee\/wp-content\/uploads\/2023\/10\/Karu-Campo-RM500CT.jpg\" \/>\n\t<meta property=\"og:image:width\" content=\"680\" \/>\n\t<meta property=\"og:image:height\" content=\"372\" \/>\n\t<meta property=\"og:image:type\" content=\"image\/jpeg\" \/>\n<meta name=\"twitter:card\" content=\"summary_large_image\" \/>\n<meta name=\"twitter:label1\" content=\"\u041f\u0440\u0438\u043c\u0435\u0440\u043d\u043e\u0435 \u0432\u0440\u0435\u043c\u044f \u0434\u043b\u044f \u0447\u0442\u0435\u043d\u0438\u044f\" \/>\n\t<meta name=\"twitter:data1\" content=\"1 \u043c\u0438\u043d\u0443\u0442\u0430\" \/>\n<script type=\"application\/ld+json\" class=\"yoast-schema-graph\">{\"@context\":\"https:\/\/schema.org\",\"@graph\":[{\"@type\":\"WebPage\",\"@id\":\"https:\/\/reginett.ee\/toode\/haagis-campo-rm500ct\/\",\"url\":\"https:\/\/reginett.ee\/toode\/haagis-campo-rm500ct\/\",\"name\":\"Haagis Campo RM500CT. Vastupidav k\u00e4ru\",\"isPartOf\":{\"@id\":\"https:\/\/reginett.ee\/#website\"},\"primaryImageOfPage\":{\"@id\":\"https:\/\/reginett.ee\/toode\/haagis-campo-rm500ct\/#primaryimage\"},\"image\":{\"@id\":\"https:\/\/reginett.ee\/toode\/haagis-campo-rm500ct\/#primaryimage\"},\"thumbnailUrl\":\"https:\/\/reginett.ee\/wp-content\/uploads\/2023\/10\/Karu-Campo-RM500CT.jpg\",\"datePublished\":\"2023-10-27T08:22:03+00:00\",\"dateModified\":\"2024-09-27T13:28:53+00:00\",\"description\":\"\u00a0Campo RM500CT on v\u00e4ga vastupidav ja stabiilne kallutav haagis, mille kandev\u00f5ime on kuni 500kg. K\u00e4sipidur tagab mugavama kasutuse.\",\"breadcrumb\":{\"@id\":\"https:\/\/reginett.ee\/toode\/haagis-campo-rm500ct\/#breadcrumb\"},\"inLanguage\":\"ru-RU\",\"potentialAction\":[{\"@type\":\"ReadAction\",\"target\":[\"https:\/\/reginett.ee\/toode\/haagis-campo-rm500ct\/\"]}]},{\"@type\":\"ImageObject\",\"inLanguage\":\"ru-RU\",\"@id\":\"https:\/\/reginett.ee\/toode\/haagis-campo-rm500ct\/#primaryimage\",\"url\":\"https:\/\/reginett.ee\/wp-content\/uploads\/2023\/10\/Karu-Campo-RM500CT.jpg\",\"contentUrl\":\"https:\/\/reginett.ee\/wp-content\/uploads\/2023\/10\/Karu-Campo-RM500CT.jpg\",\"width\":680,\"height\":372,\"caption\":\"K\u00e4ru Campo RM500CT\"},{\"@type\":\"BreadcrumbList\",\"@id\":\"https:\/\/reginett.ee\/toode\/haagis-campo-rm500ct\/#breadcrumb\",\"itemListElement\":[{\"@type\":\"ListItem\",\"position\":1,\"name\":\"Home\",\"item\":\"https:\/\/reginett.ee\/ru\/\"},{\"@type\":\"ListItem\",\"position\":2,\"name\":\"Tooted\",\"item\":\"https:\/\/reginett.ee\/tooted\/\"},{\"@type\":\"ListItem\",\"position\":3,\"name\":\"Haagis Campo RM500CT\"}]},{\"@type\":\"WebSite\",\"@id\":\"https:\/\/reginett.ee\/#website\",\"url\":\"https:\/\/reginett.ee\/\",\"name\":\"Reginett\",\"description\":\"Parimad robotniidukid\",\"potentialAction\":[{\"@type\":\"SearchAction\",\"target\":{\"@type\":\"EntryPoint\",\"urlTemplate\":\"https:\/\/reginett.ee\/?s={search_term_string}\"},\"query-input\":{\"@type\":\"PropertyValueSpecification\",\"valueRequired\":true,\"valueName\":\"search_term_string\"}}],\"inLanguage\":\"ru-RU\"}]}<\/script>\n<!-- \/ Yoast SEO plugin. -->","yoast_head_json":{"title":"Haagis Campo RM500CT. Vastupidav k\u00e4ru","description":"\u00a0Campo RM500CT on v\u00e4ga vastupidav ja stabiilne kallutav haagis, mille kandev\u00f5ime on kuni 500kg. K\u00e4sipidur tagab mugavama kasutuse.","robots":{"index":"index","follow":"follow","max-snippet":"max-snippet:-1","max-image-preview":"max-image-preview:large","max-video-preview":"max-video-preview:-1"},"canonical":"https:\/\/reginett.ee\/toode\/haagis-campo-rm500ct\/","og_locale":"ru_RU","og_type":"article","og_title":"Haagis Campo RM500CT. Vastupidav k\u00e4ru","og_description":"\u00a0Campo RM500CT on v\u00e4ga vastupidav ja stabiilne kallutav haagis, mille kandev\u00f5ime on kuni 500kg. K\u00e4sipidur tagab mugavama kasutuse.","og_url":"https:\/\/reginett.ee\/toode\/haagis-campo-rm500ct\/","og_site_name":"Reginett","article_modified_time":"2024-09-27T13:28:53+00:00","og_image":[{"width":680,"height":372,"url":"https:\/\/reginett.ee\/wp-content\/uploads\/2023\/10\/Karu-Campo-RM500CT.jpg","type":"image\/jpeg"}],"twitter_card":"summary_large_image","twitter_misc":{"\u041f\u0440\u0438\u043c\u0435\u0440\u043d\u043e\u0435 \u0432\u0440\u0435\u043c\u044f \u0434\u043b\u044f \u0447\u0442\u0435\u043d\u0438\u044f":"1 \u043c\u0438\u043d\u0443\u0442\u0430"},"schema":{"@context":"https:\/\/schema.org","@graph":[{"@type":"WebPage","@id":"https:\/\/reginett.ee\/toode\/haagis-campo-rm500ct\/","url":"https:\/\/reginett.ee\/toode\/haagis-campo-rm500ct\/","name":"Haagis Campo RM500CT. Vastupidav k\u00e4ru","isPartOf":{"@id":"https:\/\/reginett.ee\/#website"},"primaryImageOfPage":{"@id":"https:\/\/reginett.ee\/toode\/haagis-campo-rm500ct\/#primaryimage"},"image":{"@id":"https:\/\/reginett.ee\/toode\/haagis-campo-rm500ct\/#primaryimage"},"thumbnailUrl":"https:\/\/reginett.ee\/wp-content\/uploads\/2023\/10\/Karu-Campo-RM500CT.jpg","datePublished":"2023-10-27T08:22:03+00:00","dateModified":"2024-09-27T13:28:53+00:00","description":"\u00a0Campo RM500CT on v\u00e4ga vastupidav ja stabiilne kallutav haagis, mille kandev\u00f5ime on kuni 500kg. K\u00e4sipidur tagab mugavama kasutuse.","breadcrumb":{"@id":"https:\/\/reginett.ee\/toode\/haagis-campo-rm500ct\/#breadcrumb"},"inLanguage":"ru-RU","potentialAction":[{"@type":"ReadAction","target":["https:\/\/reginett.ee\/toode\/haagis-campo-rm500ct\/"]}]},{"@type":"ImageObject","inLanguage":"ru-RU","@id":"https:\/\/reginett.ee\/toode\/haagis-campo-rm500ct\/#primaryimage","url":"https:\/\/reginett.ee\/wp-content\/uploads\/2023\/10\/Karu-Campo-RM500CT.jpg","contentUrl":"https:\/\/reginett.ee\/wp-content\/uploads\/2023\/10\/Karu-Campo-RM500CT.jpg","width":680,"height":372,"caption":"K\u00e4ru Campo RM500CT"},{"@type":"BreadcrumbList","@id":"https:\/\/reginett.ee\/toode\/haagis-campo-rm500ct\/#breadcrumb","itemListElement":[{"@type":"ListItem","position":1,"name":"Home","item":"https:\/\/reginett.ee\/ru\/"},{"@type":"ListItem","position":2,"name":"Tooted","item":"https:\/\/reginett.ee\/tooted\/"},{"@type":"ListItem","position":3,"name":"Haagis Campo RM500CT"}]},{"@type":"WebSite","@id":"https:\/\/reginett.ee\/#website","url":"https:\/\/reginett.ee\/","name":"Reginett","description":"Parimad robotniidukid","potentialAction":[{"@type":"SearchAction","target":{"@type":"EntryPoint","urlTemplate":"https:\/\/reginett.ee\/?s={search_term_string}"},"query-input":{"@type":"PropertyValueSpecification","valueRequired":true,"valueName":"search_term_string"}}],"inLanguage":"ru-RU"}]}},"brands":[{"id":556,"name":"CAMPO","slug":"campo"}],"_links":{"self":[{"href":"https:\/\/reginett.ee\/ru\/wp-json\/wp\/v2\/product\/60355","targetHints":{"allow":["GET"]}}],"collection":[{"href":"https:\/\/reginett.ee\/ru\/wp-json\/wp\/v2\/product"}],"about":[{"href":"https:\/\/reginett.ee\/ru\/wp-json\/wp\/v2\/types\/product"}],"replies":[{"embeddable":true,"href":"https:\/\/reginett.ee\/ru\/wp-json\/wp\/v2\/comments?post=60355"}],"wp:featuredmedia":[{"embeddable":true,"href":"https:\/\/reginett.ee\/ru\/wp-json\/wp\/v2\/media\/60382"}],"wp:attachment":[{"href":"https:\/\/reginett.ee\/ru\/wp-json\/wp\/v2\/media?parent=60355"}],"wp:term":[{"taxonomy":"pwb-brand","embeddable":true,"href":"https:\/\/reginett.ee\/ru\/wp-json\/wp\/v2\/pwb-brand?post=60355"},{"taxonomy":"product_brand","embeddable":true,"href":"https:\/\/reginett.ee\/ru\/wp-json\/wp\/v2\/product_brand?post=60355"},{"taxonomy":"product_cat","embeddable":true,"href":"https:\/\/reginett.ee\/ru\/wp-json\/wp\/v2\/product_cat?post=60355"},{"taxonomy":"product_tag","embeddable":true,"href":"https:\/\/reginett.ee\/ru\/wp-json\/wp\/v2\/product_tag?post=60355"}],"curies":[{"name":"wp","href":"https:\/\/api.w.org\/{rel}","templated":true}]}}