{"id":60343,"date":"2025-01-05T10:15:03","date_gmt":"2025-01-05T07:15:03","guid":{"rendered":"https:\/\/reginett.ee\/?post_type=product&#038;p=60343"},"modified":"2025-01-07T15:29:44","modified_gmt":"2025-01-07T12:29:44","slug":"lumefrees-ego-snt2124e-ap-uus","status":"publish","type":"product","link":"https:\/\/reginett.ee\/ru\/toode\/lumefrees-ego-snt2124e-ap-uus\/","title":{"rendered":"Lumefrees EGO SNT2124E-AP"},"content":{"rendered":"<div class=\"woocommerce-tabs wc-tabs-wrapper\">\n<div id=\"tab-description\" class=\"woocommerce-Tabs-panel woocommerce-Tabs-panel--description panel entry-content wc-tab\" role=\"tabpanel\" aria-labelledby=\"tab-title-description\">\n<p><strong>Lumefrees EGO SNT2124E-AP<\/strong> on suurep\u00e4rane valik k\u00f5nniteede ja kiviplatside lumest puhastamiseks.<\/p>\n<p>See \u00fcheastmeline frees on v\u00e4ga t\u00f5hus ja muudab lumekoristuse meeldivalt lihtsaks.<\/p>\n<p>* <strong>Komplektis: kaks 6Ah akut ja kiirlaadija.<\/strong><\/p>\n<p>EGO Power+ Professional lumefreesid kasutavad Peak Power\u2122 tehnoloogiat, et pakkuda bensiinimootoriga v\u00f5rdv\u00e4\u00e4rset v\u00f5imsust ilma liigse m\u00fcra ja heitgaasideta. Peak Power\u2122 tehnoloogia kombineerib kaks t\u00f6\u00f6stusharu juhtivat EGO 56V ARC Lithium\u2122 akut omavahel, et saavutada ka k\u00f5ige raskema lumega toime tulekuks vajalik v\u00f5imsus.<\/p>\n<p>61 cm koristuslaius ja 51 cm sisselaskek\u00f5rgus v\u00f5imaldavad kiiresti hakkama saada ka k\u00f5ige s\u00fcgavama lumega. Samal ajal 4 LED-tuld aitavad varahommikust v\u00f5i \u00f5htust koristust lihtsamaks teha.<\/p>\n<p>Muutuva kiirusega frees ja 200\u00b0 v\u00e4ljaviske reguleerimine v\u00f5imaldavad Teil t\u00e4ielikult juhtida suunda ja viskekaugust kuni 14 meetrini, samas masinal olevaid juhtseadeid on lihtne kasutada isegi mahukaid talvekindaid kandes.<\/p>\n<p>Tasuta pikema garantiiaja saamiseks registreerige oma EGO toode siin: <a href=\"https:\/\/egopowerplus.ee\/user-login\">https:\/\/egopowerplus.ee\/user-login<\/a><\/p>\n<p><strong>T\u00f6\u00f6ajad:<\/strong><\/p>\n<p><strong>2x 5 Ah akuga \u2013 23 min*<\/strong><\/p>\n<p><strong>2x 6 Ah akuga \u2013 28 min*<\/strong><\/p>\n<p><strong>2x 7,5 Ah akuga \u2013 34 min*<\/strong><\/p>\n<p><strong>2x 10 Ah akuga \u2013 45 min*<\/strong><\/p>\n<p><strong>*N\u00e4idatud t\u00f6\u00f6ajad on m\u00f5eldud kuni 10 cm lahtise lume koristamiseks loetletud akudega. T\u00f6\u00f6ajad s\u00f5ltuvad lume s\u00fcgavusest, lume t\u00fc\u00fcbist ja aku kombinatsioonist.<\/strong><\/p>\n<\/div>\n<\/div>\n<div class=\"elementor elementor-6307\" data-elementor-type=\"page\" data-elementor-id=\"6307\" data-elementor-post-type=\"elementor_library\">\n<section class=\"elementor-section elementor-top-section elementor-element elementor-element-f2faf22 elementor-section-boxed elementor-section-height-default elementor-section-height-default\" data-id=\"f2faf22\" data-element_type=\"section\">\n<div class=\"elementor-container elementor-column-gap-default\">\n<div class=\"elementor-column elementor-col-100 elementor-top-column elementor-element elementor-element-bf709df\" data-id=\"bf709df\" data-element_type=\"column\">\n<div class=\"elementor-widget-wrap elementor-element-populated\">\n<div class=\"elementor-element elementor-element-0e27a6c elementor-widget-divider--view-line elementor-widget elementor-widget-divider\" data-id=\"0e27a6c\" data-element_type=\"widget\" data-widget_type=\"divider.default\">\n<div class=\"elementor-widget-container\">\n<div class=\"elementor-divider\"><\/div>\n<\/div>\n<\/div>\n<\/div>\n<\/div>\n<\/div>\n<\/section>\n<\/div>\n","protected":false},"excerpt":{"rendered":"<p><strong>Lumefrees EGO SNT2124E-AP<\/strong> on suurep\u00e4rane valik k\u00f5nniteede ja kiviplatside lumest puhastamiseks.<\/p>\n<p>See \u00fcheastmeline frees on v\u00e4ga t\u00f5hus ja muudab lumekoristuse meeldivalt lihtsaks.<\/p>\n<p>* <strong>Komplektis: kaks 6Ah akut ja kiirlaadija.<\/strong><\/p>\n","protected":false},"featured_media":60344,"comment_status":"open","ping_status":"closed","template":"","meta":{"_acf_changed":false,"_et_pb_use_builder":"","_et_pb_old_content":"","_et_gb_content_width":"","inline_featured_image":false},"pwb-brand":[486],"product_brand":[],"product_cat":[134,51],"product_tag":[157,156,559,560],"class_list":{"0":"post-60343","1":"product","2":"type-product","3":"status-publish","4":"has-post-thumbnail","6":"pwb-brand-ego","7":"product_cat-eripakkumised","8":"product_cat-lumepuhurid","9":"product_tag-lumefrees","10":"product_tag-lumepuhur","11":"product_tag-lumepuhur-ego","12":"product_tag-uheastmeline","13":"product_shipping_class-rasked-asjad","15":"first","16":"instock","17":"sale","18":"shipping-taxable","19":"purchasable","20":"product-type-simple"},"acf":[],"yoast_head":"<!-- This site is optimized with the Yoast SEO plugin v26.6 - https:\/\/yoast.com\/wordpress\/plugins\/seo\/ -->\n<title>Lumefrees EGO SNT2124E-AP. T\u00f5hus \u00fcheastmeline lumepuhur<\/title>\n<meta name=\"description\" content=\"Lumefrees EGO SNT2124E-AP on suurep\u00e4rane valik k\u00f5nniteede ja kiviplatside lumest puhastamiseks.See \u00fcheastmeline frees on v\u00e4ga t\u00f5hus ja muudab\" \/>\n<meta name=\"robots\" content=\"index, follow, max-snippet:-1, max-image-preview:large, max-video-preview:-1\" \/>\n<link rel=\"canonical\" href=\"https:\/\/reginett.ee\/toode\/lumefrees-ego-snt2124e-ap-uus\/\" \/>\n<meta property=\"og:locale\" content=\"ru_RU\" \/>\n<meta property=\"og:type\" content=\"article\" \/>\n<meta property=\"og:title\" content=\"Lumefrees EGO SNT2124E-AP. T\u00f5hus \u00fcheastmeline lumepuhur\" \/>\n<meta property=\"og:description\" content=\"Lumefrees EGO SNT2124E-AP on suurep\u00e4rane valik k\u00f5nniteede ja kiviplatside lumest puhastamiseks.See \u00fcheastmeline frees on v\u00e4ga t\u00f5hus ja muudab\" \/>\n<meta property=\"og:url\" content=\"https:\/\/reginett.ee\/toode\/lumefrees-ego-snt2124e-ap-uus\/\" \/>\n<meta property=\"og:site_name\" content=\"Reginett\" \/>\n<meta property=\"article:modified_time\" content=\"2025-01-07T12:29:44+00:00\" \/>\n<meta property=\"og:image\" content=\"https:\/\/reginett.ee\/wp-content\/uploads\/2023\/10\/Lumepuhur-EGO-SNT2120.jpg\" \/>\n\t<meta property=\"og:image:width\" content=\"680\" \/>\n\t<meta property=\"og:image:height\" content=\"372\" \/>\n\t<meta property=\"og:image:type\" content=\"image\/jpeg\" \/>\n<meta name=\"twitter:card\" content=\"summary_large_image\" \/>\n<meta name=\"twitter:label1\" content=\"\u041f\u0440\u0438\u043c\u0435\u0440\u043d\u043e\u0435 \u0432\u0440\u0435\u043c\u044f \u0434\u043b\u044f \u0447\u0442\u0435\u043d\u0438\u044f\" \/>\n\t<meta name=\"twitter:data1\" content=\"2 \u043c\u0438\u043d\u0443\u0442\u044b\" \/>\n<script type=\"application\/ld+json\" class=\"yoast-schema-graph\">{\"@context\":\"https:\/\/schema.org\",\"@graph\":[{\"@type\":\"WebPage\",\"@id\":\"https:\/\/reginett.ee\/toode\/lumefrees-ego-snt2124e-ap-uus\/\",\"url\":\"https:\/\/reginett.ee\/toode\/lumefrees-ego-snt2124e-ap-uus\/\",\"name\":\"Lumefrees EGO SNT2124E-AP. T\u00f5hus \u00fcheastmeline lumepuhur\",\"isPartOf\":{\"@id\":\"https:\/\/reginett.ee\/#website\"},\"primaryImageOfPage\":{\"@id\":\"https:\/\/reginett.ee\/toode\/lumefrees-ego-snt2124e-ap-uus\/#primaryimage\"},\"image\":{\"@id\":\"https:\/\/reginett.ee\/toode\/lumefrees-ego-snt2124e-ap-uus\/#primaryimage\"},\"thumbnailUrl\":\"https:\/\/reginett.ee\/wp-content\/uploads\/2023\/10\/Lumepuhur-EGO-SNT2120.jpg\",\"datePublished\":\"2025-01-05T07:15:03+00:00\",\"dateModified\":\"2025-01-07T12:29:44+00:00\",\"description\":\"Lumefrees EGO SNT2124E-AP on suurep\u00e4rane valik k\u00f5nniteede ja kiviplatside lumest puhastamiseks.See \u00fcheastmeline frees on v\u00e4ga t\u00f5hus ja muudab\",\"breadcrumb\":{\"@id\":\"https:\/\/reginett.ee\/toode\/lumefrees-ego-snt2124e-ap-uus\/#breadcrumb\"},\"inLanguage\":\"ru-RU\",\"potentialAction\":[{\"@type\":\"ReadAction\",\"target\":[\"https:\/\/reginett.ee\/toode\/lumefrees-ego-snt2124e-ap-uus\/\"]}]},{\"@type\":\"ImageObject\",\"inLanguage\":\"ru-RU\",\"@id\":\"https:\/\/reginett.ee\/toode\/lumefrees-ego-snt2124e-ap-uus\/#primaryimage\",\"url\":\"https:\/\/reginett.ee\/wp-content\/uploads\/2023\/10\/Lumepuhur-EGO-SNT2120.jpg\",\"contentUrl\":\"https:\/\/reginett.ee\/wp-content\/uploads\/2023\/10\/Lumepuhur-EGO-SNT2120.jpg\",\"width\":680,\"height\":372,\"caption\":\"Lumefrees EGO\"},{\"@type\":\"BreadcrumbList\",\"@id\":\"https:\/\/reginett.ee\/toode\/lumefrees-ego-snt2124e-ap-uus\/#breadcrumb\",\"itemListElement\":[{\"@type\":\"ListItem\",\"position\":1,\"name\":\"Home\",\"item\":\"https:\/\/reginett.ee\/ru\/\"},{\"@type\":\"ListItem\",\"position\":2,\"name\":\"Tooted\",\"item\":\"https:\/\/reginett.ee\/tooted\/\"},{\"@type\":\"ListItem\",\"position\":3,\"name\":\"Lumefrees EGO SNT2124E-AP\"}]},{\"@type\":\"WebSite\",\"@id\":\"https:\/\/reginett.ee\/#website\",\"url\":\"https:\/\/reginett.ee\/\",\"name\":\"Reginett\",\"description\":\"Parimad robotniidukid\",\"potentialAction\":[{\"@type\":\"SearchAction\",\"target\":{\"@type\":\"EntryPoint\",\"urlTemplate\":\"https:\/\/reginett.ee\/?s={search_term_string}\"},\"query-input\":{\"@type\":\"PropertyValueSpecification\",\"valueRequired\":true,\"valueName\":\"search_term_string\"}}],\"inLanguage\":\"ru-RU\"}]}<\/script>\n<!-- \/ Yoast SEO plugin. -->","yoast_head_json":{"title":"Lumefrees EGO SNT2124E-AP. T\u00f5hus \u00fcheastmeline lumepuhur","description":"Lumefrees EGO SNT2124E-AP on suurep\u00e4rane valik k\u00f5nniteede ja kiviplatside lumest puhastamiseks.See \u00fcheastmeline frees on v\u00e4ga t\u00f5hus ja muudab","robots":{"index":"index","follow":"follow","max-snippet":"max-snippet:-1","max-image-preview":"max-image-preview:large","max-video-preview":"max-video-preview:-1"},"canonical":"https:\/\/reginett.ee\/toode\/lumefrees-ego-snt2124e-ap-uus\/","og_locale":"ru_RU","og_type":"article","og_title":"Lumefrees EGO SNT2124E-AP. T\u00f5hus \u00fcheastmeline lumepuhur","og_description":"Lumefrees EGO SNT2124E-AP on suurep\u00e4rane valik k\u00f5nniteede ja kiviplatside lumest puhastamiseks.See \u00fcheastmeline frees on v\u00e4ga t\u00f5hus ja muudab","og_url":"https:\/\/reginett.ee\/toode\/lumefrees-ego-snt2124e-ap-uus\/","og_site_name":"Reginett","article_modified_time":"2025-01-07T12:29:44+00:00","og_image":[{"width":680,"height":372,"url":"https:\/\/reginett.ee\/wp-content\/uploads\/2023\/10\/Lumepuhur-EGO-SNT2120.jpg","type":"image\/jpeg"}],"twitter_card":"summary_large_image","twitter_misc":{"\u041f\u0440\u0438\u043c\u0435\u0440\u043d\u043e\u0435 \u0432\u0440\u0435\u043c\u044f \u0434\u043b\u044f \u0447\u0442\u0435\u043d\u0438\u044f":"2 \u043c\u0438\u043d\u0443\u0442\u044b"},"schema":{"@context":"https:\/\/schema.org","@graph":[{"@type":"WebPage","@id":"https:\/\/reginett.ee\/toode\/lumefrees-ego-snt2124e-ap-uus\/","url":"https:\/\/reginett.ee\/toode\/lumefrees-ego-snt2124e-ap-uus\/","name":"Lumefrees EGO SNT2124E-AP. T\u00f5hus \u00fcheastmeline lumepuhur","isPartOf":{"@id":"https:\/\/reginett.ee\/#website"},"primaryImageOfPage":{"@id":"https:\/\/reginett.ee\/toode\/lumefrees-ego-snt2124e-ap-uus\/#primaryimage"},"image":{"@id":"https:\/\/reginett.ee\/toode\/lumefrees-ego-snt2124e-ap-uus\/#primaryimage"},"thumbnailUrl":"https:\/\/reginett.ee\/wp-content\/uploads\/2023\/10\/Lumepuhur-EGO-SNT2120.jpg","datePublished":"2025-01-05T07:15:03+00:00","dateModified":"2025-01-07T12:29:44+00:00","description":"Lumefrees EGO SNT2124E-AP on suurep\u00e4rane valik k\u00f5nniteede ja kiviplatside lumest puhastamiseks.See \u00fcheastmeline frees on v\u00e4ga t\u00f5hus ja muudab","breadcrumb":{"@id":"https:\/\/reginett.ee\/toode\/lumefrees-ego-snt2124e-ap-uus\/#breadcrumb"},"inLanguage":"ru-RU","potentialAction":[{"@type":"ReadAction","target":["https:\/\/reginett.ee\/toode\/lumefrees-ego-snt2124e-ap-uus\/"]}]},{"@type":"ImageObject","inLanguage":"ru-RU","@id":"https:\/\/reginett.ee\/toode\/lumefrees-ego-snt2124e-ap-uus\/#primaryimage","url":"https:\/\/reginett.ee\/wp-content\/uploads\/2023\/10\/Lumepuhur-EGO-SNT2120.jpg","contentUrl":"https:\/\/reginett.ee\/wp-content\/uploads\/2023\/10\/Lumepuhur-EGO-SNT2120.jpg","width":680,"height":372,"caption":"Lumefrees EGO"},{"@type":"BreadcrumbList","@id":"https:\/\/reginett.ee\/toode\/lumefrees-ego-snt2124e-ap-uus\/#breadcrumb","itemListElement":[{"@type":"ListItem","position":1,"name":"Home","item":"https:\/\/reginett.ee\/ru\/"},{"@type":"ListItem","position":2,"name":"Tooted","item":"https:\/\/reginett.ee\/tooted\/"},{"@type":"ListItem","position":3,"name":"Lumefrees EGO SNT2124E-AP"}]},{"@type":"WebSite","@id":"https:\/\/reginett.ee\/#website","url":"https:\/\/reginett.ee\/","name":"Reginett","description":"Parimad robotniidukid","potentialAction":[{"@type":"SearchAction","target":{"@type":"EntryPoint","urlTemplate":"https:\/\/reginett.ee\/?s={search_term_string}"},"query-input":{"@type":"PropertyValueSpecification","valueRequired":true,"valueName":"search_term_string"}}],"inLanguage":"ru-RU"}]}},"brands":[{"id":486,"name":"EGO","slug":"ego"}],"_links":{"self":[{"href":"https:\/\/reginett.ee\/ru\/wp-json\/wp\/v2\/product\/60343","targetHints":{"allow":["GET"]}}],"collection":[{"href":"https:\/\/reginett.ee\/ru\/wp-json\/wp\/v2\/product"}],"about":[{"href":"https:\/\/reginett.ee\/ru\/wp-json\/wp\/v2\/types\/product"}],"replies":[{"embeddable":true,"href":"https:\/\/reginett.ee\/ru\/wp-json\/wp\/v2\/comments?post=60343"}],"wp:featuredmedia":[{"embeddable":true,"href":"https:\/\/reginett.ee\/ru\/wp-json\/wp\/v2\/media\/60344"}],"wp:attachment":[{"href":"https:\/\/reginett.ee\/ru\/wp-json\/wp\/v2\/media?parent=60343"}],"wp:term":[{"taxonomy":"pwb-brand","embeddable":true,"href":"https:\/\/reginett.ee\/ru\/wp-json\/wp\/v2\/pwb-brand?post=60343"},{"taxonomy":"product_brand","embeddable":true,"href":"https:\/\/reginett.ee\/ru\/wp-json\/wp\/v2\/product_brand?post=60343"},{"taxonomy":"product_cat","embeddable":true,"href":"https:\/\/reginett.ee\/ru\/wp-json\/wp\/v2\/product_cat?post=60343"},{"taxonomy":"product_tag","embeddable":true,"href":"https:\/\/reginett.ee\/ru\/wp-json\/wp\/v2\/product_tag?post=60343"}],"curies":[{"name":"wp","href":"https:\/\/api.w.org\/{rel}","templated":true}]}}