{"id":60265,"date":"2023-10-01T09:18:47","date_gmt":"2023-10-01T06:18:47","guid":{"rendered":"https:\/\/reginett.ee\/?post_type=product&#038;p=60265"},"modified":"2025-04-06T19:02:07","modified_gmt":"2025-04-06T16:02:07","slug":"akuraider-husqvarna-r200ix","status":"publish","type":"product","link":"https:\/\/reginett.ee\/ru\/toode\/akuraider-husqvarna-r200ix\/","title":{"rendered":"Akuraider Husqvarna R200iX"},"content":{"rendered":"<p><strong>Akuraider Husqvarna R200iX<\/strong> on suunan\u00e4itajaks elektriliste muruniidukite tulekule. D\u00fcnaamiline niitmisre\u017eiim kohandub autonoomselt mis tahes murutingimustega, et niitmine oleks \u00fchtlane, samal ajal kui SavE optimeerib akukasutust optimaalse v\u00f5imsuse ja efektiivsuse saavutamiseks.<\/p>\n<p>T\u00e4ielikult elektriline rihmavaba veos\u00fcsteem v\u00e4hendab hoolduse vajalikkust ja ei tekita kasutamise ajal otseseid CO2 heitmeid.<\/p>\n<p>*L\u00f5ikekorpus ja laadija ei kuulu komplekti ning on tellitavad eraldi lisatarvikutena.<\/p>\n<h3 class=\"hui-spacing--sm-mt-4-times-8 qDVd74V+99zfGRPQ6w+YDw==\">D\u00fcnaamiline niitmine<\/h3>\n<p class=\"hui-spacing--sm-mt-4-times-4 K2PbruRyOKhyQZiENIYSog==\">D\u00fcnaamiline niitmisre\u017eiim tagab kasutajale maksimaalse efektiivsuse ja j\u00f5udluse. Iga l\u00f5iketera mootorit juhitakse eraldi, mille tulemuseks on optimeeritud t\u00f6\u00f6aeg ja \u00fchtlaselt niidetud muru.<\/p>\n<h3 class=\"hui-spacing--sm-mt-4-times-8 qDVd74V+99zfGRPQ6w+YDw==\">100 % akutoitel<\/h3>\n<p class=\"hui-spacing--sm-mt-4-times-4 K2PbruRyOKhyQZiENIYSog==\">T\u00e4iselektriline rihmavaba veos\u00fcsteem v\u00e4hendab hoolduse vajadust.<\/p>\n<h3 class=\"hui-spacing--sm-mt-4-times-8 qDVd74V+99zfGRPQ6w+YDw==\">V\u00e4ike hooldusvajadus<\/h3>\n<p class=\"hui-spacing--sm-mt-4-times-4 K2PbruRyOKhyQZiENIYSog==\">Akuga raiderid n\u00f5uavad bensiinimootoriga v\u00f5rreldes v\u00e4hem hooldust. Ei vaja k\u00fctust, \u00f5li ega rihma hooldust.<\/p>\n<h3 class=\"hui-spacing--sm-mt-4-times-8 qDVd74V+99zfGRPQ6w+YDw==\">Elektriline l\u00f5ikekorpus<\/h3>\n<p class=\"hui-spacing--sm-mt-4-times-4 K2PbruRyOKhyQZiENIYSog==\">Elektrimootorid juhivad iga tera eraldi, et parandada t\u00f6\u00f6aega ja j\u00f5udlust.<\/p>\n<h3 class=\"hui-spacing--sm-mt-4-times-8 qDVd74V+99zfGRPQ6w+YDw==\">Kahe aku kasutamise v\u00f5imalus<\/h3>\n<p class=\"hui-spacing--sm-mt-4-times-4 K2PbruRyOKhyQZiENIYSog==\">V\u00f5imalus lisada lisaaku t\u00f6\u00f6aja pikendamiseks<\/p>\n<h3 class=\"hui-spacing--sm-mt-4-times-8 qDVd74V+99zfGRPQ6w+YDw==\">savE\u2122<\/h3>\n<p class=\"hui-spacing--sm-mt-4-times-4 K2PbruRyOKhyQZiENIYSog==\">Valige savE\u2122 maksimaalse t\u00f6\u00f6aja saavutamiseks<\/p>\n<h3 class=\"hui-spacing--sm-mt-4-times-8 qDVd74V+99zfGRPQ6w+YDw==\">Automaatne terade sissel\u00fclitamine<\/h3>\n<p class=\"hui-spacing--sm-mt-4-times-4 K2PbruRyOKhyQZiENIYSog==\">L\u00f5ikekorpuse langetamisel l\u00fclituvad l\u00f5iketerad automaatselt sisse.<\/p>\n<p>https:\/\/www.husqvarna.com\/ee\/raiderid\/r200ix\/<\/p>\n<p>&nbsp;<\/p>\n<p>&nbsp;<\/p>\n","protected":false},"excerpt":{"rendered":"<p><strong>Akuraider Husqvarna R200iX<\/strong> on suunan\u00e4itajaks elektriliste muruniidukite tulekule. D\u00fcnaamiline niitmisre\u017eiim kohandub autonoomselt mis tahes murutingimustega, et niitmine oleks \u00fchtlane, samal ajal kui SavE optimeerib akukasutust optimaalse v\u00f5imsuse ja efektiivsuse saavutamiseks.<\/p>\n<p>*aku ja laadija ei kuulu komplekti!<\/p>\n","protected":false},"featured_media":60266,"comment_status":"open","ping_status":"closed","template":"","meta":{"_acf_changed":false,"_et_pb_use_builder":"","_et_pb_old_content":"","_et_gb_content_width":"","inline_featured_image":false},"pwb-brand":[147],"product_brand":[],"product_cat":[48,56],"product_tag":[552,551],"class_list":{"0":"post-60265","1":"product","2":"type-product","3":"status-publish","4":"has-post-thumbnail","6":"pwb-brand-husqvarna","7":"product_cat-akutooted","8":"product_cat-raiderid","9":"product_tag-akuga-raider","10":"product_tag-akuraider","11":"product_shipping_class-rasked-asjad","13":"first","14":"outofstock","15":"shipping-taxable","16":"purchasable","17":"product-type-simple"},"acf":[],"yoast_head":"<!-- This site is optimized with the Yoast SEO plugin v26.6 - https:\/\/yoast.com\/wordpress\/plugins\/seo\/ -->\n<title>Akuraider Husqvarna R200iX. Parimad raiderid Reginetist<\/title>\n<meta name=\"description\" content=\"Akuraider Husqvarna R200iX on suunan\u00e4itajaks elektriliste muruniidukite tulekule. D\u00fcnaamiline niitmisre\u017eiim kohandub autonoomselt mis tahes murutingimustega\" \/>\n<meta name=\"robots\" content=\"index, follow, max-snippet:-1, max-image-preview:large, max-video-preview:-1\" \/>\n<link rel=\"canonical\" href=\"https:\/\/reginett.ee\/toode\/akuraider-husqvarna-r200ix\/\" \/>\n<meta property=\"og:locale\" content=\"ru_RU\" \/>\n<meta property=\"og:type\" content=\"article\" \/>\n<meta property=\"og:title\" content=\"Akuraider Husqvarna R200iX. Parimad raiderid Reginetist\" \/>\n<meta property=\"og:description\" content=\"Akuraider Husqvarna R200iX on suunan\u00e4itajaks elektriliste muruniidukite tulekule. D\u00fcnaamiline niitmisre\u017eiim kohandub autonoomselt mis tahes murutingimustega\" \/>\n<meta property=\"og:url\" content=\"https:\/\/reginett.ee\/toode\/akuraider-husqvarna-r200ix\/\" \/>\n<meta property=\"og:site_name\" content=\"Reginett\" \/>\n<meta property=\"article:modified_time\" content=\"2025-04-06T16:02:07+00:00\" \/>\n<meta property=\"og:image\" content=\"https:\/\/reginett.ee\/wp-content\/uploads\/2023\/10\/Akuraider-Husqvarna-R200IX.jpg\" \/>\n\t<meta property=\"og:image:width\" content=\"680\" \/>\n\t<meta property=\"og:image:height\" content=\"372\" \/>\n\t<meta property=\"og:image:type\" content=\"image\/jpeg\" \/>\n<meta name=\"twitter:card\" content=\"summary_large_image\" \/>\n<meta name=\"twitter:label1\" content=\"\u041f\u0440\u0438\u043c\u0435\u0440\u043d\u043e\u0435 \u0432\u0440\u0435\u043c\u044f \u0434\u043b\u044f \u0447\u0442\u0435\u043d\u0438\u044f\" \/>\n\t<meta name=\"twitter:data1\" content=\"1 \u043c\u0438\u043d\u0443\u0442\u0430\" \/>\n<script type=\"application\/ld+json\" class=\"yoast-schema-graph\">{\"@context\":\"https:\/\/schema.org\",\"@graph\":[{\"@type\":\"WebPage\",\"@id\":\"https:\/\/reginett.ee\/toode\/akuraider-husqvarna-r200ix\/\",\"url\":\"https:\/\/reginett.ee\/toode\/akuraider-husqvarna-r200ix\/\",\"name\":\"Akuraider Husqvarna R200iX. Parimad raiderid Reginetist\",\"isPartOf\":{\"@id\":\"https:\/\/reginett.ee\/#website\"},\"primaryImageOfPage\":{\"@id\":\"https:\/\/reginett.ee\/toode\/akuraider-husqvarna-r200ix\/#primaryimage\"},\"image\":{\"@id\":\"https:\/\/reginett.ee\/toode\/akuraider-husqvarna-r200ix\/#primaryimage\"},\"thumbnailUrl\":\"https:\/\/reginett.ee\/wp-content\/uploads\/2023\/10\/Akuraider-Husqvarna-R200IX.jpg\",\"datePublished\":\"2023-10-01T06:18:47+00:00\",\"dateModified\":\"2025-04-06T16:02:07+00:00\",\"description\":\"Akuraider Husqvarna R200iX on suunan\u00e4itajaks elektriliste muruniidukite tulekule. D\u00fcnaamiline niitmisre\u017eiim kohandub autonoomselt mis tahes murutingimustega\",\"breadcrumb\":{\"@id\":\"https:\/\/reginett.ee\/toode\/akuraider-husqvarna-r200ix\/#breadcrumb\"},\"inLanguage\":\"ru-RU\",\"potentialAction\":[{\"@type\":\"ReadAction\",\"target\":[\"https:\/\/reginett.ee\/toode\/akuraider-husqvarna-r200ix\/\"]}]},{\"@type\":\"ImageObject\",\"inLanguage\":\"ru-RU\",\"@id\":\"https:\/\/reginett.ee\/toode\/akuraider-husqvarna-r200ix\/#primaryimage\",\"url\":\"https:\/\/reginett.ee\/wp-content\/uploads\/2023\/10\/Akuraider-Husqvarna-R200IX.jpg\",\"contentUrl\":\"https:\/\/reginett.ee\/wp-content\/uploads\/2023\/10\/Akuraider-Husqvarna-R200IX.jpg\",\"width\":680,\"height\":372,\"caption\":\"Husqvarna r200iX\"},{\"@type\":\"BreadcrumbList\",\"@id\":\"https:\/\/reginett.ee\/toode\/akuraider-husqvarna-r200ix\/#breadcrumb\",\"itemListElement\":[{\"@type\":\"ListItem\",\"position\":1,\"name\":\"Home\",\"item\":\"https:\/\/reginett.ee\/ru\/\"},{\"@type\":\"ListItem\",\"position\":2,\"name\":\"Tooted\",\"item\":\"https:\/\/reginett.ee\/tooted\/\"},{\"@type\":\"ListItem\",\"position\":3,\"name\":\"Akuraider Husqvarna R200iX\"}]},{\"@type\":\"WebSite\",\"@id\":\"https:\/\/reginett.ee\/#website\",\"url\":\"https:\/\/reginett.ee\/\",\"name\":\"Reginett\",\"description\":\"Parimad robotniidukid\",\"potentialAction\":[{\"@type\":\"SearchAction\",\"target\":{\"@type\":\"EntryPoint\",\"urlTemplate\":\"https:\/\/reginett.ee\/?s={search_term_string}\"},\"query-input\":{\"@type\":\"PropertyValueSpecification\",\"valueRequired\":true,\"valueName\":\"search_term_string\"}}],\"inLanguage\":\"ru-RU\"}]}<\/script>\n<!-- \/ Yoast SEO plugin. -->","yoast_head_json":{"title":"Akuraider Husqvarna R200iX. Parimad raiderid Reginetist","description":"Akuraider Husqvarna R200iX on suunan\u00e4itajaks elektriliste muruniidukite tulekule. D\u00fcnaamiline niitmisre\u017eiim kohandub autonoomselt mis tahes murutingimustega","robots":{"index":"index","follow":"follow","max-snippet":"max-snippet:-1","max-image-preview":"max-image-preview:large","max-video-preview":"max-video-preview:-1"},"canonical":"https:\/\/reginett.ee\/toode\/akuraider-husqvarna-r200ix\/","og_locale":"ru_RU","og_type":"article","og_title":"Akuraider Husqvarna R200iX. Parimad raiderid Reginetist","og_description":"Akuraider Husqvarna R200iX on suunan\u00e4itajaks elektriliste muruniidukite tulekule. D\u00fcnaamiline niitmisre\u017eiim kohandub autonoomselt mis tahes murutingimustega","og_url":"https:\/\/reginett.ee\/toode\/akuraider-husqvarna-r200ix\/","og_site_name":"Reginett","article_modified_time":"2025-04-06T16:02:07+00:00","og_image":[{"width":680,"height":372,"url":"https:\/\/reginett.ee\/wp-content\/uploads\/2023\/10\/Akuraider-Husqvarna-R200IX.jpg","type":"image\/jpeg"}],"twitter_card":"summary_large_image","twitter_misc":{"\u041f\u0440\u0438\u043c\u0435\u0440\u043d\u043e\u0435 \u0432\u0440\u0435\u043c\u044f \u0434\u043b\u044f \u0447\u0442\u0435\u043d\u0438\u044f":"1 \u043c\u0438\u043d\u0443\u0442\u0430"},"schema":{"@context":"https:\/\/schema.org","@graph":[{"@type":"WebPage","@id":"https:\/\/reginett.ee\/toode\/akuraider-husqvarna-r200ix\/","url":"https:\/\/reginett.ee\/toode\/akuraider-husqvarna-r200ix\/","name":"Akuraider Husqvarna R200iX. Parimad raiderid Reginetist","isPartOf":{"@id":"https:\/\/reginett.ee\/#website"},"primaryImageOfPage":{"@id":"https:\/\/reginett.ee\/toode\/akuraider-husqvarna-r200ix\/#primaryimage"},"image":{"@id":"https:\/\/reginett.ee\/toode\/akuraider-husqvarna-r200ix\/#primaryimage"},"thumbnailUrl":"https:\/\/reginett.ee\/wp-content\/uploads\/2023\/10\/Akuraider-Husqvarna-R200IX.jpg","datePublished":"2023-10-01T06:18:47+00:00","dateModified":"2025-04-06T16:02:07+00:00","description":"Akuraider Husqvarna R200iX on suunan\u00e4itajaks elektriliste muruniidukite tulekule. D\u00fcnaamiline niitmisre\u017eiim kohandub autonoomselt mis tahes murutingimustega","breadcrumb":{"@id":"https:\/\/reginett.ee\/toode\/akuraider-husqvarna-r200ix\/#breadcrumb"},"inLanguage":"ru-RU","potentialAction":[{"@type":"ReadAction","target":["https:\/\/reginett.ee\/toode\/akuraider-husqvarna-r200ix\/"]}]},{"@type":"ImageObject","inLanguage":"ru-RU","@id":"https:\/\/reginett.ee\/toode\/akuraider-husqvarna-r200ix\/#primaryimage","url":"https:\/\/reginett.ee\/wp-content\/uploads\/2023\/10\/Akuraider-Husqvarna-R200IX.jpg","contentUrl":"https:\/\/reginett.ee\/wp-content\/uploads\/2023\/10\/Akuraider-Husqvarna-R200IX.jpg","width":680,"height":372,"caption":"Husqvarna r200iX"},{"@type":"BreadcrumbList","@id":"https:\/\/reginett.ee\/toode\/akuraider-husqvarna-r200ix\/#breadcrumb","itemListElement":[{"@type":"ListItem","position":1,"name":"Home","item":"https:\/\/reginett.ee\/ru\/"},{"@type":"ListItem","position":2,"name":"Tooted","item":"https:\/\/reginett.ee\/tooted\/"},{"@type":"ListItem","position":3,"name":"Akuraider Husqvarna R200iX"}]},{"@type":"WebSite","@id":"https:\/\/reginett.ee\/#website","url":"https:\/\/reginett.ee\/","name":"Reginett","description":"Parimad robotniidukid","potentialAction":[{"@type":"SearchAction","target":{"@type":"EntryPoint","urlTemplate":"https:\/\/reginett.ee\/?s={search_term_string}"},"query-input":{"@type":"PropertyValueSpecification","valueRequired":true,"valueName":"search_term_string"}}],"inLanguage":"ru-RU"}]}},"brands":[{"id":147,"name":"Husqvarna","slug":"husqvarna"}],"_links":{"self":[{"href":"https:\/\/reginett.ee\/ru\/wp-json\/wp\/v2\/product\/60265","targetHints":{"allow":["GET"]}}],"collection":[{"href":"https:\/\/reginett.ee\/ru\/wp-json\/wp\/v2\/product"}],"about":[{"href":"https:\/\/reginett.ee\/ru\/wp-json\/wp\/v2\/types\/product"}],"replies":[{"embeddable":true,"href":"https:\/\/reginett.ee\/ru\/wp-json\/wp\/v2\/comments?post=60265"}],"wp:featuredmedia":[{"embeddable":true,"href":"https:\/\/reginett.ee\/ru\/wp-json\/wp\/v2\/media\/60266"}],"wp:attachment":[{"href":"https:\/\/reginett.ee\/ru\/wp-json\/wp\/v2\/media?parent=60265"}],"wp:term":[{"taxonomy":"pwb-brand","embeddable":true,"href":"https:\/\/reginett.ee\/ru\/wp-json\/wp\/v2\/pwb-brand?post=60265"},{"taxonomy":"product_brand","embeddable":true,"href":"https:\/\/reginett.ee\/ru\/wp-json\/wp\/v2\/product_brand?post=60265"},{"taxonomy":"product_cat","embeddable":true,"href":"https:\/\/reginett.ee\/ru\/wp-json\/wp\/v2\/product_cat?post=60265"},{"taxonomy":"product_tag","embeddable":true,"href":"https:\/\/reginett.ee\/ru\/wp-json\/wp\/v2\/product_tag?post=60265"}],"curies":[{"name":"wp","href":"https:\/\/api.w.org\/{rel}","templated":true}]}}